{"id":29048,"date":"2023-06-20T05:20:45","date_gmt":"2023-06-20T05:20:45","guid":{"rendered":"https:\/\/www.artestar.eu\/al-por-mayor\/cuarzo-fresa-facetados-abaco\/"},"modified":"2023-11-24T01:44:37","modified_gmt":"2023-11-24T01:44:37","slug":"strawberry-quartz-faceted-abacus","status":"publish","type":"product","link":"https:\/\/www.artestar.eu\/en\/wholesale\/strawberry-quartz-faceted-abacus\/","title":{"rendered":"Cuarzo fresa facetados \u00e1baco"},"content":{"rendered":"<p>Strawberry Quartz Faceted Abacus: 4 mm, hole: 1 mm.<\/p>\n<ul>\n<li>Each gemstone bead is made from pure natural materials for a unique look.<\/li>\n<li>In addition, their uniform size, texture and color make gemstone beads unique.<\/li>\n<li>Natural semi-gemstone beads can relieve stress and anxiety. In addition, give a positive mental note, an optimistic view of life and are said to transmit the energy of the universe to the body.<\/li>\n<li>Porque estas hermosas cuentas de piedra sueltas son perfectas para enhebrar, simplemente use hilo de perla a trav\u00e9s del orificio de la cuenta y haga sus propias creaciones. Enjoy the fun of making jewelry crafts!<\/li>\n<li>These perforated beads can be combined with other metal accessories, crystals, pearls, shells, etc., to make any crafts, necklaces, bracelets, earrings, home decorations, etc. Give it to family and friends who love crafts. Not only is it a perfect gift, but it also contains the best wishes.<\/li>\n<\/ul>\n<p><img decoding=\"async\" class=\"alignnone wp-image-6758 size-full\" src=\"https:\/\/www.artestar.eu%E2%80%8B%E2%80%8B%E2%80%8B%E2%80%8B\/wp-content\/uploads\/2023\/06\/size-faceted-abacus-stone-beads-1.jpg\" alt=\"Cuarzo fresa facetados\" width=\"600\" height=\"600\" srcset=\"https:\/\/www.artestar.eu\/wp-content\/uploads\/2023\/06\/size-faceted-abacus-stone-beads-1.jpg 600w, https:\/\/www.artestar.eu\/wp-content\/uploads\/2023\/06\/size-faceted-abacus-stone-beads-1-300x300.jpg 300w, https:\/\/www.artestar.eu\/wp-content\/uploads\/2023\/06\/size-faceted-abacus-stone-beads-1-150x150.jpg 150w, https:\/\/www.artestar.eu\/wp-content\/uploads\/2023\/06\/size-faceted-abacus-stone-beads-1-450x450.jpg 450w, https:\/\/www.artestar.eu\/wp-content\/uploads\/2023\/06\/size-faceted-abacus-stone-beads-1-54x54.jpg 54w\" sizes=\"(max-width: 600px) 100vw, 600px\" \/><\/p>\n<h5>Strawberry Quartz Faceted Abacus<\/h5>\n<h6><strong>Precaution:<\/strong><\/h6>\n<ul>\n<li>Due to different monitors and resolutions, the color of the image may be slightly different from the actual color.<\/li>\n<li>In a chain of accounts of the same length. The number of beads may be slightly different due to differences in craftsmanship or production batches.<\/li>\n<li>Stone beads should be protected from intense sunlight to avoid damaging the texture and color of the gemstone.<\/li>\n<li>Warning: Children under three avoid contact, there is a danger of suffocation.<\/li>\n<\/ul>\n","protected":false},"excerpt":{"rendered":"<ul>\n<li>4mm: aprox. 125 unids.<\/li>\n<li>Beads of natural semi-precious stones, small imperfections are allowed.<\/li>\n<li>Due to the different display devices, there will be a slight deviation in color.<\/li>\n<\/ul>\n","protected":false},"featured_media":17686,"comment_status":"open","ping_status":"closed","template":"","meta":[],"product_cat":[1486,1549,1487],"product_tag":[],"yoast_head":"<!-- This site is optimized with the Yoast SEO Premium plugin v20.5 (Yoast SEO v21.5) - https:\/\/yoast.com\/wordpress\/plugins\/seo\/ -->\n<title>Cuarzo fresa facetados \u00e1baco - Artestar<\/title>\n<meta name=\"description\" content=\"La cuarzo fresa es \u00fatil para curar las emociones y eliminar los bloqueos emocionales. Tambi\u00e9n puede elevar el esp\u00edritu, potenciar la energ\u00eda creativa.\" \/>\n<meta name=\"robots\" content=\"index, follow, max-snippet:-1, max-image-preview:large, max-video-preview:-1\" \/>\n<link rel=\"canonical\" href=\"https:\/\/www.artestar.eu\/en\/wholesale\/strawberry-quartz-faceted-abacus\/\" \/>\n<meta property=\"og:locale\" content=\"en_US\" \/>\n<meta property=\"og:type\" content=\"article\" \/>\n<meta property=\"og:title\" content=\"Cuarzo fresa facetados \u00e1baco\" \/>\n<meta property=\"og:description\" content=\"La cuarzo fresa es \u00fatil para curar las emociones y eliminar los bloqueos emocionales. Tambi\u00e9n puede elevar el esp\u00edritu, potenciar la energ\u00eda creativa.\" \/>\n<meta property=\"og:url\" content=\"https:\/\/www.artestar.eu\/en\/wholesale\/strawberry-quartz-faceted-abacus\/\" \/>\n<meta property=\"og:site_name\" content=\"Artestar\" \/>\n<meta property=\"article:publisher\" content=\"https:\/\/www.facebook.com\/ARTESTAREU\" \/>\n<meta property=\"article:modified_time\" content=\"2023-11-24T01:44:37+00:00\" \/>\n<meta property=\"og:image\" content=\"https:\/\/www.artestar.eu\/wp-content\/uploads\/2023\/06\/semi-precious-stones-gemstone-beads-faceted-abacus-strawberry-crystal.jpg\" \/>\n\t<meta property=\"og:image:width\" content=\"600\" \/>\n\t<meta property=\"og:image:height\" content=\"600\" \/>\n\t<meta property=\"og:image:type\" content=\"image\/jpeg\" \/>\n<meta name=\"twitter:card\" content=\"summary_large_image\" \/>\n<meta name=\"twitter:label1\" content=\"Price\" \/>\n\t<meta name=\"twitter:data1\" content=\"3,56&nbsp;&euro; (VAT NOT included)\" \/>\n\t<meta name=\"twitter:label2\" content=\"Availability\" \/>\n\t<meta name=\"twitter:data2\" content=\"In stock\" \/>\n<script type=\"application\/ld+json\" class=\"yoast-schema-graph\">{\"@context\":\"https:\/\/schema.org\",\"@graph\":[{\"@type\":\"WebPage\",\"@id\":\"https:\/\/www.artestar.eu\/en\/wholesale\/strawberry-quartz-faceted-abacus\/\",\"url\":\"https:\/\/www.artestar.eu\/en\/wholesale\/strawberry-quartz-faceted-abacus\/\",\"name\":\"Cuarzo fresa facetados \u00e1baco - Artestar\",\"isPartOf\":{\"@id\":\"https:\/\/www.artestar.eu\/en\/#website\"},\"datePublished\":\"2023-06-20T05:20:45+00:00\",\"dateModified\":\"2023-11-24T01:44:37+00:00\",\"description\":\"La cuarzo fresa es \u00fatil para curar las emociones y eliminar los bloqueos emocionales. Tambi\u00e9n puede elevar el esp\u00edritu, potenciar la energ\u00eda creativa.\",\"breadcrumb\":{\"@id\":\"https:\/\/www.artestar.eu\/en\/wholesale\/strawberry-quartz-faceted-abacus\/#breadcrumb\"},\"inLanguage\":\"en-US\",\"potentialAction\":[{\"@type\":\"ReadAction\",\"target\":[\"https:\/\/www.artestar.eu\/en\/wholesale\/strawberry-quartz-faceted-abacus\/\"]}]},{\"@type\":\"BreadcrumbList\",\"@id\":\"https:\/\/www.artestar.eu\/en\/wholesale\/strawberry-quartz-faceted-abacus\/#breadcrumb\",\"itemListElement\":[{\"@type\":\"ListItem\",\"position\":1,\"name\":\"Artestar\",\"item\":\"https:\/\/www.artestar.eu\/en\/\"},{\"@type\":\"ListItem\",\"position\":2,\"name\":\"Al-wholesale\",\"item\":\"https:\/\/www.artestar.eu\/en\/wholesale\/\"},{\"@type\":\"ListItem\",\"position\":3,\"name\":\"Cuarzo fresa facetados \u00e1baco\"}]},{\"@type\":\"WebSite\",\"@id\":\"https:\/\/www.artestar.eu\/en\/#website\",\"url\":\"https:\/\/www.artestar.eu\/en\/\",\"name\":\"Artestar\",\"description\":\"Mayorista en abalorios y joyer\u00eda\",\"publisher\":{\"@id\":\"https:\/\/www.artestar.eu\/en\/#organization\"},\"alternateName\":\"Artestar-EU\",\"potentialAction\":[{\"@type\":\"SearchAction\",\"target\":{\"@type\":\"EntryPoint\",\"urlTemplate\":\"https:\/\/www.artestar.eu\/en\/?s={search_term_string}\"},\"query-input\":\"required name=search_term_string\"}],\"inLanguage\":\"en-US\"},{\"@type\":[\"Organization\",\"Place\"],\"@id\":\"https:\/\/www.artestar.eu\/en\/#organization\",\"name\":\"RUBY ABALORIO S.L.\",\"alternateName\":\"Artestar\",\"url\":\"https:\/\/www.artestar.eu\/en\/\",\"logo\":{\"@id\":\"https:\/\/www.artestar.eu\/en\/wholesale\/strawberry-quartz-faceted-abacus\/#local-main-organization-logo\"},\"image\":{\"@id\":\"https:\/\/www.artestar.eu\/en\/wholesale\/strawberry-quartz-faceted-abacus\/#local-main-organization-logo\"},\"sameAs\":[\"https:\/\/www.facebook.com\/ARTESTAREU\",\"https:\/\/www.instagram.com\/artestareu\/\",\"https:\/\/www.pinterest.es\/artestar_eu\/\",\"https:\/\/www.tiktok.com\/@artestar_wholesale\"],\"openingHoursSpecification\":[{\"@type\":\"OpeningHoursSpecification\",\"dayOfWeek\":[\"Monday\",\"Tuesday\",\"Wednesday\",\"Thursday\",\"Friday\",\"Saturday\",\"Sunday\"],\"opens\":\"09:00\",\"closes\":\"17:00\"}]},{\"@type\":\"ImageObject\",\"inLanguage\":\"en-US\",\"@id\":\"https:\/\/www.artestar.eu\/en\/wholesale\/strawberry-quartz-faceted-abacus\/#local-main-organization-logo\",\"url\":\"https:\/\/www.artestar.eu\/wp-content\/uploads\/2023\/05\/cropped-png.png\",\"contentUrl\":\"https:\/\/www.artestar.eu\/wp-content\/uploads\/2023\/05\/cropped-png.png\",\"width\":512,\"height\":512,\"caption\":\"RUBY ABALORIO S.L.\"}]}<\/script>\n<meta property=\"product:price:amount\" content=\"3.56\" \/>\n<meta property=\"product:price:currency\" content=\"EUR\" \/>\n<meta property=\"og:availability\" content=\"instock\" \/>\n<meta property=\"product:availability\" content=\"instock\" \/>\n<meta property=\"product:retailer_item_id\" content=\"BS-YZ-QM-B0027\" \/>\n<meta property=\"product:condition\" content=\"new\" \/>\n<!-- \/ Yoast SEO Premium plugin. -->","yoast_head_json":{"title":"Cuarzo fresa facetados \u00e1baco - Artestar","description":"La cuarzo fresa es \u00fatil para curar las emociones y eliminar los bloqueos emocionales. Tambi\u00e9n puede elevar el esp\u00edritu, potenciar la energ\u00eda creativa.","robots":{"index":"index","follow":"follow","max-snippet":"max-snippet:-1","max-image-preview":"max-image-preview:large","max-video-preview":"max-video-preview:-1"},"canonical":"https:\/\/www.artestar.eu\/en\/wholesale\/strawberry-quartz-faceted-abacus\/","og_locale":"en_US","og_type":"article","og_title":"Cuarzo fresa facetados \u00e1baco","og_description":"La cuarzo fresa es \u00fatil para curar las emociones y eliminar los bloqueos emocionales. Tambi\u00e9n puede elevar el esp\u00edritu, potenciar la energ\u00eda creativa.","og_url":"https:\/\/www.artestar.eu\/en\/wholesale\/strawberry-quartz-faceted-abacus\/","og_site_name":"Artestar","article_publisher":"https:\/\/www.facebook.com\/ARTESTAREU","article_modified_time":"2023-11-24T01:44:37+00:00","og_image":[{"width":600,"height":600,"url":"https:\/\/www.artestar.eu\/wp-content\/uploads\/2023\/06\/semi-precious-stones-gemstone-beads-faceted-abacus-strawberry-crystal.jpg","type":"image\/jpeg"}],"twitter_card":"summary_large_image","twitter_misc":{"Price":"3,56&nbsp;&euro; (VAT NOT included)","Availability":"In stock"},"schema":{"@context":"https:\/\/schema.org","@graph":[{"@type":"WebPage","@id":"https:\/\/www.artestar.eu\/en\/wholesale\/strawberry-quartz-faceted-abacus\/","url":"https:\/\/www.artestar.eu\/en\/wholesale\/strawberry-quartz-faceted-abacus\/","name":"Cuarzo fresa facetados \u00e1baco - Artestar","isPartOf":{"@id":"https:\/\/www.artestar.eu\/en\/#website"},"datePublished":"2023-06-20T05:20:45+00:00","dateModified":"2023-11-24T01:44:37+00:00","description":"La cuarzo fresa es \u00fatil para curar las emociones y eliminar los bloqueos emocionales. Tambi\u00e9n puede elevar el esp\u00edritu, potenciar la energ\u00eda creativa.","breadcrumb":{"@id":"https:\/\/www.artestar.eu\/en\/wholesale\/strawberry-quartz-faceted-abacus\/#breadcrumb"},"inLanguage":"en-US","potentialAction":[{"@type":"ReadAction","target":["https:\/\/www.artestar.eu\/en\/wholesale\/strawberry-quartz-faceted-abacus\/"]}]},{"@type":"BreadcrumbList","@id":"https:\/\/www.artestar.eu\/en\/wholesale\/strawberry-quartz-faceted-abacus\/#breadcrumb","itemListElement":[{"@type":"ListItem","position":1,"name":"Artestar","item":"https:\/\/www.artestar.eu\/en\/"},{"@type":"ListItem","position":2,"name":"Al-wholesale","item":"https:\/\/www.artestar.eu\/en\/wholesale\/"},{"@type":"ListItem","position":3,"name":"Cuarzo fresa facetados \u00e1baco"}]},{"@type":"WebSite","@id":"https:\/\/www.artestar.eu\/en\/#website","url":"https:\/\/www.artestar.eu\/en\/","name":"Artestar","description":"Mayorista en abalorios y joyer\u00eda","publisher":{"@id":"https:\/\/www.artestar.eu\/en\/#organization"},"alternateName":"Artestar-EU","potentialAction":[{"@type":"SearchAction","target":{"@type":"EntryPoint","urlTemplate":"https:\/\/www.artestar.eu\/en\/?s={search_term_string}"},"query-input":"required name=search_term_string"}],"inLanguage":"en-US"},{"@type":["Organization","Place"],"@id":"https:\/\/www.artestar.eu\/en\/#organization","name":"RUBY ABALORIO S.L.","alternateName":"Artestar","url":"https:\/\/www.artestar.eu\/en\/","logo":{"@id":"https:\/\/www.artestar.eu\/en\/wholesale\/strawberry-quartz-faceted-abacus\/#local-main-organization-logo"},"image":{"@id":"https:\/\/www.artestar.eu\/en\/wholesale\/strawberry-quartz-faceted-abacus\/#local-main-organization-logo"},"sameAs":["https:\/\/www.facebook.com\/ARTESTAREU","https:\/\/www.instagram.com\/artestareu\/","https:\/\/www.pinterest.es\/artestar_eu\/","https:\/\/www.tiktok.com\/@artestar_wholesale"],"openingHoursSpecification":[{"@type":"OpeningHoursSpecification","dayOfWeek":["Monday","Tuesday","Wednesday","Thursday","Friday","Saturday","Sunday"],"opens":"09:00","closes":"17:00"}]},{"@type":"ImageObject","inLanguage":"en-US","@id":"https:\/\/www.artestar.eu\/en\/wholesale\/strawberry-quartz-faceted-abacus\/#local-main-organization-logo","url":"https:\/\/www.artestar.eu\/wp-content\/uploads\/2023\/05\/cropped-png.png","contentUrl":"https:\/\/www.artestar.eu\/wp-content\/uploads\/2023\/05\/cropped-png.png","width":512,"height":512,"caption":"RUBY ABALORIO S.L."}]},"product_price_amount":"3.56","product_price_currency":"EUR","og_availability":"instock","product_availability":"instock","product_retailer_item_id":"BS-YZ-QM-B0027","product_condition":"new"},"tiered_pricing_type":"percentage","tiered_pricing_fixed_rules":{"10":"10"},"tiered_pricing_percentage_rules":[],"tiered_pricing_minimum":null,"_administrator_tiered_pricing_type":"fixed","_administrator_tiered_pricing_fixed_rules":[],"_editor_tiered_pricing_type":"fixed","_editor_tiered_pricing_fixed_rules":[],"_author_tiered_pricing_type":"fixed","_author_tiered_pricing_fixed_rules":[],"_contributor_tiered_pricing_type":"fixed","_contributor_tiered_pricing_fixed_rules":[],"_subscriber_tiered_pricing_type":"fixed","_subscriber_tiered_pricing_fixed_rules":[],"_wpseo_manager_tiered_pricing_type":"fixed","_wpseo_manager_tiered_pricing_fixed_rules":[],"_wpseo_editor_tiered_pricing_type":"fixed","_wpseo_editor_tiered_pricing_fixed_rules":[],"_customer_tiered_pricing_type":"fixed","_customer_tiered_pricing_fixed_rules":[],"_shop_manager_tiered_pricing_type":"fixed","_shop_manager_tiered_pricing_fixed_rules":[],"_product_manager_tiered_pricing_type":"fixed","_product_manager_tiered_pricing_fixed_rules":[],"_links":{"self":[{"href":"https:\/\/www.artestar.eu\/en\/wp-json\/wp\/v2\/product\/29048"}],"collection":[{"href":"https:\/\/www.artestar.eu\/en\/wp-json\/wp\/v2\/product"}],"about":[{"href":"https:\/\/www.artestar.eu\/en\/wp-json\/wp\/v2\/types\/product"}],"replies":[{"embeddable":true,"href":"https:\/\/www.artestar.eu\/en\/wp-json\/wp\/v2\/comments?post=29048"}],"version-history":[{"count":4,"href":"https:\/\/www.artestar.eu\/en\/wp-json\/wp\/v2\/product\/29048\/revisions"}],"predecessor-version":[{"id":37945,"href":"https:\/\/www.artestar.eu\/en\/wp-json\/wp\/v2\/product\/29048\/revisions\/37945"}],"wp:featuredmedia":[{"embeddable":true,"href":"https:\/\/www.artestar.eu\/en\/wp-json\/wp\/v2\/media\/17686"}],"wp:attachment":[{"href":"https:\/\/www.artestar.eu\/en\/wp-json\/wp\/v2\/media?parent=29048"}],"wp:term":[{"taxonomy":"product_cat","embeddable":true,"href":"https:\/\/www.artestar.eu\/en\/wp-json\/wp\/v2\/product_cat?post=29048"},{"taxonomy":"product_tag","embeddable":true,"href":"https:\/\/www.artestar.eu\/en\/wp-json\/wp\/v2\/product_tag?post=29048"}],"curies":[{"name":"wp","href":"https:\/\/api.w.org\/{rel}","templated":true}]}}