{"id":49846,"date":"2023-12-04T14:42:46","date_gmt":"2023-12-04T14:42:46","guid":{"rendered":"https:\/\/www.artestar.eu\/?post_type=product&#038;p=49846"},"modified":"2023-12-13T13:55:54","modified_gmt":"2023-12-13T13:55:54","slug":"50-cubos-letra-cuadrada-de-madera-haya-para-diy","status":"publish","type":"product","link":"https:\/\/www.artestar.eu\/en\/al-por-mayor\/50-cubos-letra-cuadrada-de-madera-haya-para-diy\/","title":{"rendered":"50 Cubos Letra Cuadrada de Madera Haya para DIY"},"content":{"rendered":"<p><strong>Cuentas letras madera haya para chupeteros<\/strong><\/p>\n<ul>\n<li>Cantidad: 50 unids.<\/li>\n<li>Medida Interior: \u00d8 3.5 mm.<\/li>\n<li>Tama\u00f1o: 12 x 12mm de forma cuadrada<\/li>\n<li>Materiales ecol\u00f3gicos: estas cuentas est\u00e1n hechos de madera de haya alta calidad, totalmente natural, no t\u00f3xica e inofensiva.<\/li>\n<li>Varios usos de las cuentas kit para hacer pulseras: las cuentas c\u00fabicas de letras se pueden usar para hacer joyas o pulseras con nombre para usted.<\/li>\n<li>Este es el regalo m\u00e1s \u00edntimo para amigos y amantes, personaliza tu mismo con el nombre que quieras.<\/li>\n<li>Tambi\u00e9n se pueden utilizar para diversas actividades, como pasatiempos, fiestas, proyectos en el aula, etc.<\/li>\n<li>26 letras de la A a la Z, solo alfabeto INGLES, no incluyen la <strong>\u00d1<\/strong>\u00a0ni\u00a0<strong>s\u00edmbolos<\/strong>.<\/li>\n<li>Limpieza: Simplemente lave los cuentas para collares con agua tibia, l\u00edmpielos con un pa\u00f1o h\u00famedo y d\u00e9jelos secar naturalmente.<\/li>\n<li><span class=\"a-list-item\">El paquete contiene peque\u00f1as cuentas de madera, no apto para ni\u00f1os menores de 3 a\u00f1os; Los ni\u00f1os deben usar bajo la supervisi\u00f3n de un adulto.<\/span><\/li>\n<\/ul>\n<p><a href=\"https:\/\/www.rubydiy.com\/wp-content\/uploads\/2021\/06\/IMG_2104-1.jpg\"><img decoding=\"async\" class=\"alignnone wp-image-35599 size-fusion-800\" src=\"https:\/\/www.rubydiy.com\/wp-content\/uploads\/2021\/06\/IMG_2104-1-800x800.jpg\" alt=\"Cuentas letras madera haya para chupeteros\" width=\"800\" height=\"800\" \/><\/a><\/p>\n<h3 class=\"fusion-responsive-typography-calculated\" data-fontsize=\"16\" data-lineheight=\"30.08px\"><strong>Cuentas letras madera haya para chupeteros<\/strong><\/h3>\n<p><strong>Especificaci\u00f3n<\/strong><\/p>\n<ul>\n<li>El color puede variar levemente debido a su la configuraci\u00f3n de la pantalla.<\/li>\n<li>El Comprador asume toda la responsabilidad respecto al uso del producto.<\/li>\n<li>Si alg\u00fan da\u00f1o o p\u00e9rdida es causado por negligencia del comprador, el vendedor no ser\u00e1 responsable por ello.<\/li>\n<\/ul>\n<p><strong>Amplia aplicaci\u00f3n<\/strong><\/p>\n<ul>\n<li>Puede utilizar estas cuentas sueltas de madera para hacer collares, pulseras, manualidades y otras manualidades de bricolaje.<\/li>\n<li>Tambi\u00e9n es bueno para la decoraci\u00f3n del hogar, decoraci\u00f3n de fiestas, etc.<\/li>\n<\/ul>\n<p><strong>Consejos<\/strong><\/p>\n<ul>\n<li>Si desea limpiar las cuentas de madera, l\u00edmpielas suavemente con una toalla h\u00fameda.<\/li>\n<li>No los lave directamente en el agua, lo que afectar\u00e1 el brillo original de la madera.<\/li>\n<li>\n<div class=\"okr-block-clipboard\" data-okr=\"%7B%22okrDelta%22%3A%5B%7B%22lineType%22%3A%22text%22%2C%22lineOptions%22%3A%7B%7D%2C%22lineContent%22%3A%5B%7B%22opType%22%3A%22text%22%2C%22options%22%3A%7B%22text%22%3A%22No%20sumerja%20ni%20remoje%20ning%C3%BAn%20art%C3%ADculos%20de%20madera%20en%20el%20agua.%20Tampoco%20los%20poner%20en%20la%20navera%20o%20la%20lavavajillas.%22%7D%7D%5D%7D%2C%7B%22lineType%22%3A%22text%22%2C%22lineOptions%22%3A%7B%7D%2C%22lineContent%22%3A%5B%7B%22opType%22%3A%22text%22%2C%22options%22%3A%7B%22text%22%3A%22Los%20art%C3%ADculos%20de%20madera%20est%C3%A1n%20hechos%20de%20madera%20natural%20y%2C%20por%20lo%20tanto%2C%20pueden%20ocurrir%20algunas%20variaciones%2C%20por%20lo%20que%20deben%20manipularse%20con%20cuidado%20para%20evitar%20da%C3%B1os.%22%7D%7D%5D%7D%5D%2C%22businessKey%22%3A%22lark-doc%22%7D\">No sumerja ni remoje ning\u00fan art\u00edculos de madera en el agua. Tampoco los poner en la nevera o la lavavajillas.<\/div>\n<\/li>\n<li>\n<div class=\"okr-block-clipboard\" data-okr=\"%7B%22okrDelta%22%3A%5B%7B%22lineType%22%3A%22text%22%2C%22lineOptions%22%3A%7B%7D%2C%22lineContent%22%3A%5B%7B%22opType%22%3A%22text%22%2C%22options%22%3A%7B%22text%22%3A%22Los%20art%C3%ADculos%20de%20madera%20est%C3%A1n%20hechos%20de%20madera%20natural%2C%20por%20lo%20que%20podr%C3%ADan%20ocurrir%20algunas%20variaciones%20y%20deben%20manipularse%20con%20cuidado%20para%20evitar%20da%C3%B1os.%22%7D%7D%5D%7D%5D%2C%22businessKey%22%3A%22lark-doc%22%7D\">Los art\u00edculos de madera est\u00e1n hechos de madera natural, por lo que podr\u00edan ocurrir algunas variaciones y deben manipularse con cuidado para evitar da\u00f1os.<\/div>\n<\/li>\n<\/ul>\n","protected":false},"excerpt":{"rendered":"<p><strong>Medidas:\u00a0<\/strong>12mm x 12mm x 12mm.<\/p>\n<p><strong>Medida Interior:\u00a0<\/strong>\u00d8 3.5 mm<\/p>\n<p><strong>Color:\u00a0<\/strong>natural<\/p>\n<p><strong>Material:<\/strong> Madera Haya<\/p>\n<p><strong>Cantidad:<\/strong> 50 ud.<\/p>\n<p><strong>Letras:<\/strong>\u00a0A elegir.<\/p>\n","protected":false},"featured_media":49883,"comment_status":"closed","ping_status":"closed","template":"","meta":[],"product_cat":[3145],"product_tag":[],"yoast_head":"<!-- This site is optimized with the Yoast SEO Premium plugin v20.5 (Yoast SEO v21.5) - https:\/\/yoast.com\/wordpress\/plugins\/seo\/ -->\n<title>Cuentas letras madera haya para chupeteros, Letra madera para Chupete<\/title>\n<meta name=\"description\" content=\"pack 50pcs Cuentas letras madera haya para chupeteros, Letras madera para Chupeteros, Letras de madera haya de Dentici\u00f3n para Beb\u00e9\" \/>\n<meta name=\"robots\" content=\"index, follow, max-snippet:-1, max-image-preview:large, max-video-preview:-1\" \/>\n<link rel=\"canonical\" href=\"https:\/\/www.artestar.eu\/en\/al-por-mayor\/50-cubos-letra-cuadrada-de-madera-haya-para-diy\/\" \/>\n<meta property=\"og:locale\" content=\"en_US\" \/>\n<meta property=\"og:type\" content=\"article\" \/>\n<meta property=\"og:title\" content=\"50 Cubos Letra Cuadrada de Madera Haya para DIY\" \/>\n<meta property=\"og:description\" content=\"pack 50pcs Cuentas letras madera haya para chupeteros, Letras madera para Chupeteros, Letras de madera haya de Dentici\u00f3n para Beb\u00e9\" \/>\n<meta property=\"og:url\" content=\"https:\/\/www.artestar.eu\/en\/al-por-mayor\/50-cubos-letra-cuadrada-de-madera-haya-para-diy\/\" \/>\n<meta property=\"og:site_name\" content=\"Artestar\" \/>\n<meta property=\"article:publisher\" content=\"https:\/\/www.facebook.com\/ARTESTAREU\" \/>\n<meta property=\"article:modified_time\" content=\"2023-12-13T13:55:54+00:00\" \/>\n<meta property=\"og:image\" content=\"https:\/\/www.artestar.eu\/wp-content\/uploads\/2023\/12\/a.jpg\" \/>\n\t<meta property=\"og:image:width\" content=\"1000\" \/>\n\t<meta property=\"og:image:height\" content=\"1000\" \/>\n\t<meta property=\"og:image:type\" content=\"image\/jpeg\" \/>\n<meta name=\"twitter:card\" content=\"summary_large_image\" \/>\n<meta name=\"twitter:label1\" content=\"Availability\" \/>\n\t<meta name=\"twitter:data1\" content=\"In stock\" \/>\n<script type=\"application\/ld+json\" class=\"yoast-schema-graph\">{\"@context\":\"https:\/\/schema.org\",\"@graph\":[{\"@type\":\"WebPage\",\"@id\":\"https:\/\/www.artestar.eu\/en\/al-por-mayor\/50-cubos-letra-cuadrada-de-madera-haya-para-diy\/\",\"url\":\"https:\/\/www.artestar.eu\/en\/al-por-mayor\/50-cubos-letra-cuadrada-de-madera-haya-para-diy\/\",\"name\":\"Cuentas letras madera haya para chupeteros, Letra madera para Chupete\",\"isPartOf\":{\"@id\":\"https:\/\/www.artestar.eu\/en\/#website\"},\"datePublished\":\"2023-12-04T14:42:46+00:00\",\"dateModified\":\"2023-12-13T13:55:54+00:00\",\"description\":\"pack 50pcs Cuentas letras madera haya para chupeteros, Letras madera para Chupeteros, Letras de madera haya de Dentici\u00f3n para Beb\u00e9\",\"breadcrumb\":{\"@id\":\"https:\/\/www.artestar.eu\/en\/al-por-mayor\/50-cubos-letra-cuadrada-de-madera-haya-para-diy\/#breadcrumb\"},\"inLanguage\":\"en-US\",\"potentialAction\":[{\"@type\":\"ReadAction\",\"target\":[\"https:\/\/www.artestar.eu\/en\/al-por-mayor\/50-cubos-letra-cuadrada-de-madera-haya-para-diy\/\"]}]},{\"@type\":\"BreadcrumbList\",\"@id\":\"https:\/\/www.artestar.eu\/en\/al-por-mayor\/50-cubos-letra-cuadrada-de-madera-haya-para-diy\/#breadcrumb\",\"itemListElement\":[{\"@type\":\"ListItem\",\"position\":1,\"name\":\"Artestar\",\"item\":\"https:\/\/www.artestar.eu\/en\/\"},{\"@type\":\"ListItem\",\"position\":2,\"name\":\"Al-wholesale\",\"item\":\"https:\/\/www.artestar.eu\/en\/wholesale\/\"},{\"@type\":\"ListItem\",\"position\":3,\"name\":\"50 Cubos Letra Cuadrada de Madera Haya para DIY\"}]},{\"@type\":\"WebSite\",\"@id\":\"https:\/\/www.artestar.eu\/en\/#website\",\"url\":\"https:\/\/www.artestar.eu\/en\/\",\"name\":\"Artestar\",\"description\":\"Mayorista en abalorios y joyer\u00eda\",\"publisher\":{\"@id\":\"https:\/\/www.artestar.eu\/en\/#organization\"},\"alternateName\":\"Artestar-EU\",\"potentialAction\":[{\"@type\":\"SearchAction\",\"target\":{\"@type\":\"EntryPoint\",\"urlTemplate\":\"https:\/\/www.artestar.eu\/en\/?s={search_term_string}\"},\"query-input\":\"required name=search_term_string\"}],\"inLanguage\":\"en-US\"},{\"@type\":[\"Organization\",\"Place\"],\"@id\":\"https:\/\/www.artestar.eu\/en\/#organization\",\"name\":\"RUBY ABALORIO S.L.\",\"alternateName\":\"Artestar\",\"url\":\"https:\/\/www.artestar.eu\/en\/\",\"logo\":{\"@id\":\"https:\/\/www.artestar.eu\/en\/al-por-mayor\/50-cubos-letra-cuadrada-de-madera-haya-para-diy\/#local-main-organization-logo\"},\"image\":{\"@id\":\"https:\/\/www.artestar.eu\/en\/al-por-mayor\/50-cubos-letra-cuadrada-de-madera-haya-para-diy\/#local-main-organization-logo\"},\"sameAs\":[\"https:\/\/www.facebook.com\/ARTESTAREU\",\"https:\/\/www.instagram.com\/artestareu\/\",\"https:\/\/www.pinterest.es\/artestar_eu\/\",\"https:\/\/www.tiktok.com\/@artestar_wholesale\"],\"openingHoursSpecification\":[{\"@type\":\"OpeningHoursSpecification\",\"dayOfWeek\":[\"Monday\",\"Tuesday\",\"Wednesday\",\"Thursday\",\"Friday\",\"Saturday\",\"Sunday\"],\"opens\":\"09:00\",\"closes\":\"17:00\"}]},{\"@type\":\"ImageObject\",\"inLanguage\":\"en-US\",\"@id\":\"https:\/\/www.artestar.eu\/en\/al-por-mayor\/50-cubos-letra-cuadrada-de-madera-haya-para-diy\/#local-main-organization-logo\",\"url\":\"https:\/\/www.artestar.eu\/wp-content\/uploads\/2023\/05\/cropped-png.png\",\"contentUrl\":\"https:\/\/www.artestar.eu\/wp-content\/uploads\/2023\/05\/cropped-png.png\",\"width\":512,\"height\":512,\"caption\":\"RUBY ABALORIO S.L.\"}]}<\/script>\n<meta property=\"og:availability\" content=\"instock\" \/>\n<meta property=\"product:availability\" content=\"instock\" \/>\n<meta property=\"product:retailer_item_id\" content=\"A0026\" \/>\n<meta property=\"product:condition\" content=\"new\" \/>\n<!-- \/ Yoast SEO Premium plugin. -->","yoast_head_json":{"title":"Cuentas letras madera haya para chupeteros, Letra madera para Chupete","description":"pack 50pcs Cuentas letras madera haya para chupeteros, Letras madera para Chupeteros, Letras de madera haya de Dentici\u00f3n para Beb\u00e9","robots":{"index":"index","follow":"follow","max-snippet":"max-snippet:-1","max-image-preview":"max-image-preview:large","max-video-preview":"max-video-preview:-1"},"canonical":"https:\/\/www.artestar.eu\/en\/al-por-mayor\/50-cubos-letra-cuadrada-de-madera-haya-para-diy\/","og_locale":"en_US","og_type":"article","og_title":"50 Cubos Letra Cuadrada de Madera Haya para DIY","og_description":"pack 50pcs Cuentas letras madera haya para chupeteros, Letras madera para Chupeteros, Letras de madera haya de Dentici\u00f3n para Beb\u00e9","og_url":"https:\/\/www.artestar.eu\/en\/al-por-mayor\/50-cubos-letra-cuadrada-de-madera-haya-para-diy\/","og_site_name":"Artestar","article_publisher":"https:\/\/www.facebook.com\/ARTESTAREU","article_modified_time":"2023-12-13T13:55:54+00:00","og_image":[{"width":1000,"height":1000,"url":"https:\/\/www.artestar.eu\/wp-content\/uploads\/2023\/12\/a.jpg","type":"image\/jpeg"}],"twitter_card":"summary_large_image","twitter_misc":{"Availability":"In stock"},"schema":{"@context":"https:\/\/schema.org","@graph":[{"@type":"WebPage","@id":"https:\/\/www.artestar.eu\/en\/al-por-mayor\/50-cubos-letra-cuadrada-de-madera-haya-para-diy\/","url":"https:\/\/www.artestar.eu\/en\/al-por-mayor\/50-cubos-letra-cuadrada-de-madera-haya-para-diy\/","name":"Cuentas letras madera haya para chupeteros, Letra madera para Chupete","isPartOf":{"@id":"https:\/\/www.artestar.eu\/en\/#website"},"datePublished":"2023-12-04T14:42:46+00:00","dateModified":"2023-12-13T13:55:54+00:00","description":"pack 50pcs Cuentas letras madera haya para chupeteros, Letras madera para Chupeteros, Letras de madera haya de Dentici\u00f3n para Beb\u00e9","breadcrumb":{"@id":"https:\/\/www.artestar.eu\/en\/al-por-mayor\/50-cubos-letra-cuadrada-de-madera-haya-para-diy\/#breadcrumb"},"inLanguage":"en-US","potentialAction":[{"@type":"ReadAction","target":["https:\/\/www.artestar.eu\/en\/al-por-mayor\/50-cubos-letra-cuadrada-de-madera-haya-para-diy\/"]}]},{"@type":"BreadcrumbList","@id":"https:\/\/www.artestar.eu\/en\/al-por-mayor\/50-cubos-letra-cuadrada-de-madera-haya-para-diy\/#breadcrumb","itemListElement":[{"@type":"ListItem","position":1,"name":"Artestar","item":"https:\/\/www.artestar.eu\/en\/"},{"@type":"ListItem","position":2,"name":"Al-wholesale","item":"https:\/\/www.artestar.eu\/en\/wholesale\/"},{"@type":"ListItem","position":3,"name":"50 Cubos Letra Cuadrada de Madera Haya para DIY"}]},{"@type":"WebSite","@id":"https:\/\/www.artestar.eu\/en\/#website","url":"https:\/\/www.artestar.eu\/en\/","name":"Artestar","description":"Mayorista en abalorios y joyer\u00eda","publisher":{"@id":"https:\/\/www.artestar.eu\/en\/#organization"},"alternateName":"Artestar-EU","potentialAction":[{"@type":"SearchAction","target":{"@type":"EntryPoint","urlTemplate":"https:\/\/www.artestar.eu\/en\/?s={search_term_string}"},"query-input":"required name=search_term_string"}],"inLanguage":"en-US"},{"@type":["Organization","Place"],"@id":"https:\/\/www.artestar.eu\/en\/#organization","name":"RUBY ABALORIO S.L.","alternateName":"Artestar","url":"https:\/\/www.artestar.eu\/en\/","logo":{"@id":"https:\/\/www.artestar.eu\/en\/al-por-mayor\/50-cubos-letra-cuadrada-de-madera-haya-para-diy\/#local-main-organization-logo"},"image":{"@id":"https:\/\/www.artestar.eu\/en\/al-por-mayor\/50-cubos-letra-cuadrada-de-madera-haya-para-diy\/#local-main-organization-logo"},"sameAs":["https:\/\/www.facebook.com\/ARTESTAREU","https:\/\/www.instagram.com\/artestareu\/","https:\/\/www.pinterest.es\/artestar_eu\/","https:\/\/www.tiktok.com\/@artestar_wholesale"],"openingHoursSpecification":[{"@type":"OpeningHoursSpecification","dayOfWeek":["Monday","Tuesday","Wednesday","Thursday","Friday","Saturday","Sunday"],"opens":"09:00","closes":"17:00"}]},{"@type":"ImageObject","inLanguage":"en-US","@id":"https:\/\/www.artestar.eu\/en\/al-por-mayor\/50-cubos-letra-cuadrada-de-madera-haya-para-diy\/#local-main-organization-logo","url":"https:\/\/www.artestar.eu\/wp-content\/uploads\/2023\/05\/cropped-png.png","contentUrl":"https:\/\/www.artestar.eu\/wp-content\/uploads\/2023\/05\/cropped-png.png","width":512,"height":512,"caption":"RUBY ABALORIO S.L."}]},"og_availability":"instock","product_availability":"instock","product_retailer_item_id":"A0026","product_condition":"new"},"tiered_pricing_type":"fixed","tiered_pricing_fixed_rules":[],"tiered_pricing_percentage_rules":[],"tiered_pricing_minimum":null,"_administrator_tiered_pricing_type":"fixed","_administrator_tiered_pricing_fixed_rules":[],"_editor_tiered_pricing_type":"fixed","_editor_tiered_pricing_fixed_rules":[],"_author_tiered_pricing_type":"fixed","_author_tiered_pricing_fixed_rules":[],"_contributor_tiered_pricing_type":"fixed","_contributor_tiered_pricing_fixed_rules":[],"_subscriber_tiered_pricing_type":"fixed","_subscriber_tiered_pricing_fixed_rules":[],"_wpseo_manager_tiered_pricing_type":"fixed","_wpseo_manager_tiered_pricing_fixed_rules":[],"_wpseo_editor_tiered_pricing_type":"fixed","_wpseo_editor_tiered_pricing_fixed_rules":[],"_customer_tiered_pricing_type":"fixed","_customer_tiered_pricing_fixed_rules":[],"_shop_manager_tiered_pricing_type":"fixed","_shop_manager_tiered_pricing_fixed_rules":[],"_product_manager_tiered_pricing_type":"fixed","_product_manager_tiered_pricing_fixed_rules":[],"_links":{"self":[{"href":"https:\/\/www.artestar.eu\/en\/wp-json\/wp\/v2\/product\/49846"}],"collection":[{"href":"https:\/\/www.artestar.eu\/en\/wp-json\/wp\/v2\/product"}],"about":[{"href":"https:\/\/www.artestar.eu\/en\/wp-json\/wp\/v2\/types\/product"}],"replies":[{"embeddable":true,"href":"https:\/\/www.artestar.eu\/en\/wp-json\/wp\/v2\/comments?post=49846"}],"version-history":[{"count":1,"href":"https:\/\/www.artestar.eu\/en\/wp-json\/wp\/v2\/product\/49846\/revisions"}],"predecessor-version":[{"id":49889,"href":"https:\/\/www.artestar.eu\/en\/wp-json\/wp\/v2\/product\/49846\/revisions\/49889"}],"wp:featuredmedia":[{"embeddable":true,"href":"https:\/\/www.artestar.eu\/en\/wp-json\/wp\/v2\/media\/49883"}],"wp:attachment":[{"href":"https:\/\/www.artestar.eu\/en\/wp-json\/wp\/v2\/media?parent=49846"}],"wp:term":[{"taxonomy":"product_cat","embeddable":true,"href":"https:\/\/www.artestar.eu\/en\/wp-json\/wp\/v2\/product_cat?post=49846"},{"taxonomy":"product_tag","embeddable":true,"href":"https:\/\/www.artestar.eu\/en\/wp-json\/wp\/v2\/product_tag?post=49846"}],"curies":[{"name":"wp","href":"https:\/\/api.w.org\/{rel}","templated":true}]}}