{"id":50146,"date":"2023-12-04T14:44:29","date_gmt":"2023-12-04T14:44:29","guid":{"rendered":"https:\/\/www.artestar.eu\/?post_type=product&#038;p=50146"},"modified":"2023-12-13T14:42:51","modified_gmt":"2023-12-13T14:42:51","slug":"50-limon-cuentas-de-silicona","status":"publish","type":"product","link":"https:\/\/www.artestar.eu\/en\/al-por-mayor\/50-limon-cuentas-de-silicona\/","title":{"rendered":"50 Lim\u00f3n Cuentas de Silicona"},"content":{"rendered":"<h3><strong>Lim\u00f3n cuentas de silicona para chupeteros<\/strong><\/h3>\n<p>Material de silicona para crear chupeteros personalizados o juguetes de dentici\u00f3n para beb\u00e9s. Fabricado con silicona\u00a0 Org\u00e1nica Anti Bacterias de grado alimentario libre de BPA, PVC, Ftalatos, Cadmio y Plomo.., 100% seguros para tus seres queridos. Precio inmejorable en todo mercado europeo.<\/p>\n<ul>\n<li>MEDIDAS: 15 x 25mm<\/li>\n<li>CANTIDAD: paquete de 50 unidades.<\/li>\n<li>Alivia la incomodidad de la dentici\u00f3n, mordedor de lactancia perfecto para que el beb\u00e9 mastique, un regalo inolvidable.<\/li>\n<li>Puede dise\u00f1ar collares, pulseras, chupeteros, entre otras piezas, son de color brillante hermoso atractivo. Ideal para beb\u00e9s.<\/li>\n<li>Sin olores ni toxinas. Con los certificados de calidad de la Uni\u00f3n Europea.<\/li>\n<li>No dejar las piezas sueltas al alcance de los ni\u00f1os, lavar, esterilizar las piezas antes de su uso, inspeccionar antes de usar, se puede lavar con jab\u00f3n suave o neutro, no usar productos abrasivos.<\/li>\n<\/ul>\n<p>&nbsp;<\/p>\n<p><img decoding=\"async\" src=\"https:\/\/www.rubyabalorios.com\/img\/cms\/logo2%5B1%5D.png\" alt=\"logo centro test internacional\" width=\"321\" height=\"76\" \/>\u00a0\u00a0 \u00a0 \u00a0 \u00a0 \u00a0 \u00a0 \u00a0 \u00a0 \u00a0 \u00a0 \u00a0 \u00a0\u00a0\u00a0<img decoding=\"async\" src=\"https:\/\/www.rubyabalorios.com\/img\/cms\/SELLOCTI1.jpg\" alt=\"\" width=\"79\" height=\"78\" \/><\/p>\n<p><strong>ADVERTENCIA<\/strong><\/p>\n<p>No dejar las piezas sueltas al alcance de los ni\u00f1os, las piezas sueltas pueden provocar asfixias.<\/p>\n<p>Se recomienda esterilizar antes de dar al beb\u00e9 y mantener el producto limpio antes de su uso.<\/p>\n<p>De f\u00e1cil limpieza, con agua y jab\u00f3n,\u00a0<strong>NO USAR PRODUCTOS ABRASIVOS NI T\u00d3XICOS.<\/strong><\/p>\n<p><img decoding=\"async\" class=\"alignnone wp-image-52254 size-medium\" src=\"https:\/\/www.artestar.eu\/wp-content\/uploads\/2023\/12\/Cuentas-de-silicona-300x300.jpg\" alt=\"\" width=\"300\" height=\"300\" srcset=\"https:\/\/www.artestar.eu\/wp-content\/uploads\/2023\/12\/Cuentas-de-silicona-300x300.jpg 300w, https:\/\/www.artestar.eu\/wp-content\/uploads\/2023\/12\/Cuentas-de-silicona-150x150.jpg 150w, https:\/\/www.artestar.eu\/wp-content\/uploads\/2023\/12\/Cuentas-de-silicona-768x768.jpg 768w, https:\/\/www.artestar.eu\/wp-content\/uploads\/2023\/12\/Cuentas-de-silicona-450x450.jpg 450w, https:\/\/www.artestar.eu\/wp-content\/uploads\/2023\/12\/Cuentas-de-silicona-600x600.jpg 600w, https:\/\/www.artestar.eu\/wp-content\/uploads\/2023\/12\/Cuentas-de-silicona-54x54.jpg 54w, https:\/\/www.artestar.eu\/wp-content\/uploads\/2023\/12\/Cuentas-de-silicona.jpg 1000w\" sizes=\"(max-width: 300px) 100vw, 300px\" \/><\/p>\n<h3><strong>Cuentas de silicona para beb\u00e9<\/strong><\/h3>\n<p><strong>Especificaci\u00f3n<\/strong><\/p>\n<ul>\n<li>Pr\u00e1ctico para aliviar el dolor de la dentici\u00f3n de su beb\u00e9 cuando le est\u00e1 saliendo los dientes.<\/li>\n<li>Debe limpiarlo despu\u00e9s de cada uso y dejarlo secar al aire libre.<\/li>\n<li>Comprueba el estado de las bolas a menudo. No meter en el microondas.<\/li>\n<li>El color puede variar levemente debido a su la configuraci\u00f3n de la pantalla.<\/li>\n<li>Tiempo de uso: m\u00e1ximo 6 meses por el higiene y la seguridad de los ni\u00f1os.<\/li>\n<li>El Comprador asume toda la responsabilidad respecto al uso del producto.<\/li>\n<li>Si alg\u00fan da\u00f1o o p\u00e9rdida es causado por la negligencia del comprador, el vendedor no ser\u00e1 responsable.<\/li>\n<\/ul>\n<p><strong>Consejos<\/strong><\/p>\n<ul>\n<li>Si desea esterilizar estas figuras de silicona, l\u00edmpielas simplemente con agua tibia y jab\u00f3n neutro.<\/li>\n<\/ul>\n","protected":false},"excerpt":{"rendered":"<p><strong>Medidas: <\/strong>15 x 25mm<\/p>\n<p><strong>Medida Interior:\u00a0<\/strong>\u00d8 2mm.<\/p>\n<p><strong>Cantidad:<\/strong> 50<strong>\u00a0<\/strong>uds.<\/p>\n<p><strong>Material:<\/strong> Silicona<\/p>\n","protected":false},"featured_media":50445,"comment_status":"closed","ping_status":"closed","template":"","meta":[],"product_cat":[3145],"product_tag":[],"yoast_head":"<!-- This site is optimized with the Yoast SEO Premium plugin v20.5 (Yoast SEO v21.5) - https:\/\/yoast.com\/wordpress\/plugins\/seo\/ -->\n<title>50 Lim\u00f3n cuentas de silicona - Artestar<\/title>\n<meta name=\"description\" content=\"50pcs Lim\u00f3n cuentas de silicona para chupeteros, Silicona de Lim\u00f3n dentici\u00f3n para Beb\u00e9, Silicona Org\u00e1nica y Natural para Mordedores\" \/>\n<meta name=\"robots\" content=\"index, follow, max-snippet:-1, max-image-preview:large, max-video-preview:-1\" \/>\n<link rel=\"canonical\" href=\"https:\/\/www.artestar.eu\/en\/al-por-mayor\/50-limon-cuentas-de-silicona\/\" \/>\n<meta property=\"og:locale\" content=\"en_US\" \/>\n<meta property=\"og:type\" content=\"article\" \/>\n<meta property=\"og:title\" content=\"50 Lim\u00f3n Cuentas de Silicona\" \/>\n<meta property=\"og:description\" content=\"50pcs Lim\u00f3n cuentas de silicona para chupeteros, Silicona de Lim\u00f3n dentici\u00f3n para Beb\u00e9, Silicona Org\u00e1nica y Natural para Mordedores\" \/>\n<meta property=\"og:url\" content=\"https:\/\/www.artestar.eu\/en\/al-por-mayor\/50-limon-cuentas-de-silicona\/\" \/>\n<meta property=\"og:site_name\" content=\"Artestar\" \/>\n<meta property=\"article:publisher\" content=\"https:\/\/www.facebook.com\/ARTESTAREU\" \/>\n<meta property=\"article:modified_time\" content=\"2023-12-13T14:42:51+00:00\" \/>\n<meta property=\"og:image\" content=\"https:\/\/www.artestar.eu\/wp-content\/uploads\/2023\/12\/cuentas-limon-de-silicona-2.jpg\" \/>\n\t<meta property=\"og:image:width\" content=\"1000\" \/>\n\t<meta property=\"og:image:height\" content=\"1000\" \/>\n\t<meta property=\"og:image:type\" content=\"image\/jpeg\" \/>\n<meta name=\"twitter:card\" content=\"summary_large_image\" \/>\n<meta name=\"twitter:label1\" content=\"Price\" \/>\n\t<meta name=\"twitter:data1\" content=\"34,00&nbsp;&euro; (VAT NOT included)\" \/>\n\t<meta name=\"twitter:label2\" content=\"Availability\" \/>\n\t<meta name=\"twitter:data2\" content=\"In stock\" \/>\n<script type=\"application\/ld+json\" class=\"yoast-schema-graph\">{\"@context\":\"https:\/\/schema.org\",\"@graph\":[{\"@type\":\"WebPage\",\"@id\":\"https:\/\/www.artestar.eu\/en\/al-por-mayor\/50-limon-cuentas-de-silicona\/\",\"url\":\"https:\/\/www.artestar.eu\/en\/al-por-mayor\/50-limon-cuentas-de-silicona\/\",\"name\":\"50 Lim\u00f3n cuentas de silicona - Artestar\",\"isPartOf\":{\"@id\":\"https:\/\/www.artestar.eu\/en\/#website\"},\"datePublished\":\"2023-12-04T14:44:29+00:00\",\"dateModified\":\"2023-12-13T14:42:51+00:00\",\"description\":\"50pcs Lim\u00f3n cuentas de silicona para chupeteros, Silicona de Lim\u00f3n dentici\u00f3n para Beb\u00e9, Silicona Org\u00e1nica y Natural para Mordedores\",\"breadcrumb\":{\"@id\":\"https:\/\/www.artestar.eu\/en\/al-por-mayor\/50-limon-cuentas-de-silicona\/#breadcrumb\"},\"inLanguage\":\"en-US\",\"potentialAction\":[{\"@type\":\"ReadAction\",\"target\":[\"https:\/\/www.artestar.eu\/en\/al-por-mayor\/50-limon-cuentas-de-silicona\/\"]}]},{\"@type\":\"BreadcrumbList\",\"@id\":\"https:\/\/www.artestar.eu\/en\/al-por-mayor\/50-limon-cuentas-de-silicona\/#breadcrumb\",\"itemListElement\":[{\"@type\":\"ListItem\",\"position\":1,\"name\":\"Artestar\",\"item\":\"https:\/\/www.artestar.eu\/en\/\"},{\"@type\":\"ListItem\",\"position\":2,\"name\":\"Al-wholesale\",\"item\":\"https:\/\/www.artestar.eu\/en\/wholesale\/\"},{\"@type\":\"ListItem\",\"position\":3,\"name\":\"50 Lim\u00f3n Cuentas de Silicona\"}]},{\"@type\":\"WebSite\",\"@id\":\"https:\/\/www.artestar.eu\/en\/#website\",\"url\":\"https:\/\/www.artestar.eu\/en\/\",\"name\":\"Artestar\",\"description\":\"Mayorista en abalorios y joyer\u00eda\",\"publisher\":{\"@id\":\"https:\/\/www.artestar.eu\/en\/#organization\"},\"alternateName\":\"Artestar-EU\",\"potentialAction\":[{\"@type\":\"SearchAction\",\"target\":{\"@type\":\"EntryPoint\",\"urlTemplate\":\"https:\/\/www.artestar.eu\/en\/?s={search_term_string}\"},\"query-input\":\"required name=search_term_string\"}],\"inLanguage\":\"en-US\"},{\"@type\":[\"Organization\",\"Place\"],\"@id\":\"https:\/\/www.artestar.eu\/en\/#organization\",\"name\":\"RUBY ABALORIO S.L.\",\"alternateName\":\"Artestar\",\"url\":\"https:\/\/www.artestar.eu\/en\/\",\"logo\":{\"@id\":\"https:\/\/www.artestar.eu\/en\/al-por-mayor\/50-limon-cuentas-de-silicona\/#local-main-organization-logo\"},\"image\":{\"@id\":\"https:\/\/www.artestar.eu\/en\/al-por-mayor\/50-limon-cuentas-de-silicona\/#local-main-organization-logo\"},\"sameAs\":[\"https:\/\/www.facebook.com\/ARTESTAREU\",\"https:\/\/www.instagram.com\/artestareu\/\",\"https:\/\/www.pinterest.es\/artestar_eu\/\",\"https:\/\/www.tiktok.com\/@artestar_wholesale\"],\"openingHoursSpecification\":[{\"@type\":\"OpeningHoursSpecification\",\"dayOfWeek\":[\"Monday\",\"Tuesday\",\"Wednesday\",\"Thursday\",\"Friday\",\"Saturday\",\"Sunday\"],\"opens\":\"09:00\",\"closes\":\"17:00\"}]},{\"@type\":\"ImageObject\",\"inLanguage\":\"en-US\",\"@id\":\"https:\/\/www.artestar.eu\/en\/al-por-mayor\/50-limon-cuentas-de-silicona\/#local-main-organization-logo\",\"url\":\"https:\/\/www.artestar.eu\/wp-content\/uploads\/2023\/05\/cropped-png.png\",\"contentUrl\":\"https:\/\/www.artestar.eu\/wp-content\/uploads\/2023\/05\/cropped-png.png\",\"width\":512,\"height\":512,\"caption\":\"RUBY ABALORIO S.L.\"}]}<\/script>\n<meta property=\"product:price:amount\" content=\"34.00\" \/>\n<meta property=\"product:price:currency\" content=\"EUR\" \/>\n<meta property=\"og:availability\" content=\"instock\" \/>\n<meta property=\"product:availability\" content=\"instock\" \/>\n<meta property=\"product:retailer_item_id\" content=\"SP0660\" \/>\n<meta property=\"product:condition\" content=\"new\" \/>\n<!-- \/ Yoast SEO Premium plugin. -->","yoast_head_json":{"title":"50 Lim\u00f3n cuentas de silicona - Artestar","description":"50pcs Lim\u00f3n cuentas de silicona para chupeteros, Silicona de Lim\u00f3n dentici\u00f3n para Beb\u00e9, Silicona Org\u00e1nica y Natural para Mordedores","robots":{"index":"index","follow":"follow","max-snippet":"max-snippet:-1","max-image-preview":"max-image-preview:large","max-video-preview":"max-video-preview:-1"},"canonical":"https:\/\/www.artestar.eu\/en\/al-por-mayor\/50-limon-cuentas-de-silicona\/","og_locale":"en_US","og_type":"article","og_title":"50 Lim\u00f3n Cuentas de Silicona","og_description":"50pcs Lim\u00f3n cuentas de silicona para chupeteros, Silicona de Lim\u00f3n dentici\u00f3n para Beb\u00e9, Silicona Org\u00e1nica y Natural para Mordedores","og_url":"https:\/\/www.artestar.eu\/en\/al-por-mayor\/50-limon-cuentas-de-silicona\/","og_site_name":"Artestar","article_publisher":"https:\/\/www.facebook.com\/ARTESTAREU","article_modified_time":"2023-12-13T14:42:51+00:00","og_image":[{"width":1000,"height":1000,"url":"https:\/\/www.artestar.eu\/wp-content\/uploads\/2023\/12\/cuentas-limon-de-silicona-2.jpg","type":"image\/jpeg"}],"twitter_card":"summary_large_image","twitter_misc":{"Price":"34,00&nbsp;&euro; (VAT NOT included)","Availability":"In stock"},"schema":{"@context":"https:\/\/schema.org","@graph":[{"@type":"WebPage","@id":"https:\/\/www.artestar.eu\/en\/al-por-mayor\/50-limon-cuentas-de-silicona\/","url":"https:\/\/www.artestar.eu\/en\/al-por-mayor\/50-limon-cuentas-de-silicona\/","name":"50 Lim\u00f3n cuentas de silicona - Artestar","isPartOf":{"@id":"https:\/\/www.artestar.eu\/en\/#website"},"datePublished":"2023-12-04T14:44:29+00:00","dateModified":"2023-12-13T14:42:51+00:00","description":"50pcs Lim\u00f3n cuentas de silicona para chupeteros, Silicona de Lim\u00f3n dentici\u00f3n para Beb\u00e9, Silicona Org\u00e1nica y Natural para Mordedores","breadcrumb":{"@id":"https:\/\/www.artestar.eu\/en\/al-por-mayor\/50-limon-cuentas-de-silicona\/#breadcrumb"},"inLanguage":"en-US","potentialAction":[{"@type":"ReadAction","target":["https:\/\/www.artestar.eu\/en\/al-por-mayor\/50-limon-cuentas-de-silicona\/"]}]},{"@type":"BreadcrumbList","@id":"https:\/\/www.artestar.eu\/en\/al-por-mayor\/50-limon-cuentas-de-silicona\/#breadcrumb","itemListElement":[{"@type":"ListItem","position":1,"name":"Artestar","item":"https:\/\/www.artestar.eu\/en\/"},{"@type":"ListItem","position":2,"name":"Al-wholesale","item":"https:\/\/www.artestar.eu\/en\/wholesale\/"},{"@type":"ListItem","position":3,"name":"50 Lim\u00f3n Cuentas de Silicona"}]},{"@type":"WebSite","@id":"https:\/\/www.artestar.eu\/en\/#website","url":"https:\/\/www.artestar.eu\/en\/","name":"Artestar","description":"Mayorista en abalorios y joyer\u00eda","publisher":{"@id":"https:\/\/www.artestar.eu\/en\/#organization"},"alternateName":"Artestar-EU","potentialAction":[{"@type":"SearchAction","target":{"@type":"EntryPoint","urlTemplate":"https:\/\/www.artestar.eu\/en\/?s={search_term_string}"},"query-input":"required name=search_term_string"}],"inLanguage":"en-US"},{"@type":["Organization","Place"],"@id":"https:\/\/www.artestar.eu\/en\/#organization","name":"RUBY ABALORIO S.L.","alternateName":"Artestar","url":"https:\/\/www.artestar.eu\/en\/","logo":{"@id":"https:\/\/www.artestar.eu\/en\/al-por-mayor\/50-limon-cuentas-de-silicona\/#local-main-organization-logo"},"image":{"@id":"https:\/\/www.artestar.eu\/en\/al-por-mayor\/50-limon-cuentas-de-silicona\/#local-main-organization-logo"},"sameAs":["https:\/\/www.facebook.com\/ARTESTAREU","https:\/\/www.instagram.com\/artestareu\/","https:\/\/www.pinterest.es\/artestar_eu\/","https:\/\/www.tiktok.com\/@artestar_wholesale"],"openingHoursSpecification":[{"@type":"OpeningHoursSpecification","dayOfWeek":["Monday","Tuesday","Wednesday","Thursday","Friday","Saturday","Sunday"],"opens":"09:00","closes":"17:00"}]},{"@type":"ImageObject","inLanguage":"en-US","@id":"https:\/\/www.artestar.eu\/en\/al-por-mayor\/50-limon-cuentas-de-silicona\/#local-main-organization-logo","url":"https:\/\/www.artestar.eu\/wp-content\/uploads\/2023\/05\/cropped-png.png","contentUrl":"https:\/\/www.artestar.eu\/wp-content\/uploads\/2023\/05\/cropped-png.png","width":512,"height":512,"caption":"RUBY ABALORIO S.L."}]},"product_price_amount":"34.00","product_price_currency":"EUR","og_availability":"instock","product_availability":"instock","product_retailer_item_id":"SP0660","product_condition":"new"},"tiered_pricing_type":"fixed","tiered_pricing_fixed_rules":[],"tiered_pricing_percentage_rules":[],"tiered_pricing_minimum":null,"_administrator_tiered_pricing_type":"fixed","_administrator_tiered_pricing_fixed_rules":[],"_editor_tiered_pricing_type":"fixed","_editor_tiered_pricing_fixed_rules":[],"_author_tiered_pricing_type":"fixed","_author_tiered_pricing_fixed_rules":[],"_contributor_tiered_pricing_type":"fixed","_contributor_tiered_pricing_fixed_rules":[],"_subscriber_tiered_pricing_type":"fixed","_subscriber_tiered_pricing_fixed_rules":[],"_wpseo_manager_tiered_pricing_type":"fixed","_wpseo_manager_tiered_pricing_fixed_rules":[],"_wpseo_editor_tiered_pricing_type":"fixed","_wpseo_editor_tiered_pricing_fixed_rules":[],"_customer_tiered_pricing_type":"fixed","_customer_tiered_pricing_fixed_rules":[],"_shop_manager_tiered_pricing_type":"fixed","_shop_manager_tiered_pricing_fixed_rules":[],"_product_manager_tiered_pricing_type":"fixed","_product_manager_tiered_pricing_fixed_rules":[],"_links":{"self":[{"href":"https:\/\/www.artestar.eu\/en\/wp-json\/wp\/v2\/product\/50146"}],"collection":[{"href":"https:\/\/www.artestar.eu\/en\/wp-json\/wp\/v2\/product"}],"about":[{"href":"https:\/\/www.artestar.eu\/en\/wp-json\/wp\/v2\/types\/product"}],"replies":[{"embeddable":true,"href":"https:\/\/www.artestar.eu\/en\/wp-json\/wp\/v2\/comments?post=50146"}],"version-history":[{"count":2,"href":"https:\/\/www.artestar.eu\/en\/wp-json\/wp\/v2\/product\/50146\/revisions"}],"predecessor-version":[{"id":52261,"href":"https:\/\/www.artestar.eu\/en\/wp-json\/wp\/v2\/product\/50146\/revisions\/52261"}],"wp:featuredmedia":[{"embeddable":true,"href":"https:\/\/www.artestar.eu\/en\/wp-json\/wp\/v2\/media\/50445"}],"wp:attachment":[{"href":"https:\/\/www.artestar.eu\/en\/wp-json\/wp\/v2\/media?parent=50146"}],"wp:term":[{"taxonomy":"product_cat","embeddable":true,"href":"https:\/\/www.artestar.eu\/en\/wp-json\/wp\/v2\/product_cat?post=50146"},{"taxonomy":"product_tag","embeddable":true,"href":"https:\/\/www.artestar.eu\/en\/wp-json\/wp\/v2\/product_tag?post=50146"}],"curies":[{"name":"wp","href":"https:\/\/api.w.org\/{rel}","templated":true}]}}