{"id":52979,"date":"2023-12-07T09:29:11","date_gmt":"2023-12-07T09:29:11","guid":{"rendered":"https:\/\/www.artestar.eu\/?post_type=product&#038;p=52979"},"modified":"2023-12-14T11:22:35","modified_gmt":"2023-12-14T11:22:35","slug":"16-pinzas-chupetero-madera-sin-agujero","status":"publish","type":"product","link":"https:\/\/www.artestar.eu\/en\/al-por-mayor\/16-pinzas-chupetero-madera-sin-agujero\/","title":{"rendered":"16 Pinzas Chupetero Madera (Sin Agujero)"},"content":{"rendered":"<h3><strong>16 Pinzas para chupeteros madera natural<\/strong><\/h3>\n<p>Accesorio de cadena para chupete: Pinza de madera y\u00a0 metal para chupeteros, son muy f\u00e1ciles de abrir y cerrar y no se caen f\u00e1cilmente una vez aseguradas, para que puedas utilizarlas para hacer cadena de chupete, cadena para cochecito , mordedores y juguetes para beb\u00e9. No es t\u00f3xico ni tiene olor, es sano y respetuoso con el medio ambiente, la superficie del pinza madera chupetero est\u00e1 cuidadosamente pulida, no raya la piel del beb\u00e9, son seguros para el beb\u00e9.<\/p>\n<ul>\n<li>Cantidad: Pack 16 unidades, f\u00e1ciles de combinar y usar.<\/li>\n<li>Tama\u00f1o: 45 x \u00d830 x 17mm. 5 colores disponibles: Natural, azul, blanco, rosa, mixto.<\/li>\n<li>Material: madera de haya natural y metal, no BPA,<\/li>\n<li>Buena calidad: Pinza fabricada en metal, f\u00e1cil de limpiar y esterilizar, no se suelta f\u00e1cilmente, y no deja rastro en la ropa de tu beb\u00e9 cuando se usa como chupeteros<\/li>\n<li>El regalo perfecto para el beb\u00e9: las Pinzas de Chupetero de Madera Haya sin agujero es el juguete perfecto para su hijo, o como regalo para un amigo.<\/li>\n<\/ul>\n<p>&nbsp;<\/p>\n<p>Estos materiales son aptos para la creaci\u00f3n de pulseras, collares, cuelga chupetes y juguetes para utilizar de mordedor.<\/p>\n<p>Estos materiales son para creaciones no para utilizar como piezas sueltas.<\/p>\n<p>&nbsp;<\/p>\n<p><strong>ADVERTENCIA<\/strong><\/p>\n<p>No dejar las piezas sueltas al alcance de los ni\u00f1os, las piezas sueltas pueden provocar asfixias.<\/p>\n<p>Se recomienda esterilizar antes de dar al beb\u00e9 y mantener el producto limpio antes de su uso.<\/p>\n<p>De f\u00e1cil limpieza, con agua y jab\u00f3n.<\/p>\n<p><b>NO USAR PRODUCTOS ABRASIVOS O T\u00d3XICOS, NI METERLOS\u00a0 AL MICROHONDAS.<\/b><\/p>\n<p><img decoding=\"async\" class=\"alignnone wp-image-53019 size-medium\" src=\"https:\/\/www.artestar.eu\/wp-content\/uploads\/2023\/12\/pinzas-madera-redondas-sin-aguero-300x300.jpg\" alt=\"\" width=\"300\" height=\"300\" srcset=\"https:\/\/www.artestar.eu\/wp-content\/uploads\/2023\/12\/pinzas-madera-redondas-sin-aguero-300x300.jpg 300w, https:\/\/www.artestar.eu\/wp-content\/uploads\/2023\/12\/pinzas-madera-redondas-sin-aguero-150x150.jpg 150w, https:\/\/www.artestar.eu\/wp-content\/uploads\/2023\/12\/pinzas-madera-redondas-sin-aguero-768x768.jpg 768w, https:\/\/www.artestar.eu\/wp-content\/uploads\/2023\/12\/pinzas-madera-redondas-sin-aguero-450x450.jpg 450w, https:\/\/www.artestar.eu\/wp-content\/uploads\/2023\/12\/pinzas-madera-redondas-sin-aguero-600x600.jpg 600w, https:\/\/www.artestar.eu\/wp-content\/uploads\/2023\/12\/pinzas-madera-redondas-sin-aguero-54x54.jpg 54w, https:\/\/www.artestar.eu\/wp-content\/uploads\/2023\/12\/pinzas-madera-redondas-sin-aguero.jpg 1000w\" sizes=\"(max-width: 300px) 100vw, 300px\" \/><\/p>\n<h3><strong>Pinzas para Chupeteros de madera natural con forma redonda y\u00a0 sin agujero<\/strong><\/h3>\n<p><strong>Especificaci\u00f3n<\/strong><\/p>\n<ul>\n<li>Debe limpiarlo despu\u00e9s de cada uso y dejarlo secar al aire libre.<\/li>\n<li>Comprueba el estado de la pinza a menudo. No meter en el microondas.<\/li>\n<li>El color puede variar levemente debido a su la configuraci\u00f3n de la pantalla.<\/li>\n<li>El Comprador asume toda la responsabilidad respecto al uso del producto.<\/li>\n<li>Si alg\u00fan da\u00f1o o p\u00e9rdida es causado por la negligencia del comprador, el vendedor no ser\u00e1 responsable.<\/li>\n<\/ul>\n<p><strong>Consejos<\/strong><\/p>\n<ul>\n<li>\n<div class=\"okr-block-clipboard\" data-okr=\"%7B%22okrDelta%22%3A%5B%7B%22lineType%22%3A%22text%22%2C%22lineOptions%22%3A%7B%7D%2C%22lineContent%22%3A%5B%7B%22opType%22%3A%22text%22%2C%22options%22%3A%7B%22text%22%3A%22No%20sumerja%20ni%20remoje%20ning%C3%BAn%20art%C3%ADculos%20de%20madera%20en%20el%20agua.%20Tampoco%20los%20poner%20en%20la%20navera%20o%20la%20lavavajillas.%22%7D%7D%5D%7D%2C%7B%22lineType%22%3A%22text%22%2C%22lineOptions%22%3A%7B%7D%2C%22lineContent%22%3A%5B%7B%22opType%22%3A%22text%22%2C%22options%22%3A%7B%22text%22%3A%22Los%20art%C3%ADculos%20de%20madera%20est%C3%A1n%20hechos%20de%20madera%20natural%20y%2C%20por%20lo%20tanto%2C%20pueden%20ocurrir%20algunas%20variaciones%2C%20por%20lo%20que%20deben%20manipularse%20con%20cuidado%20para%20evitar%20da%C3%B1os.%22%7D%7D%5D%7D%5D%2C%22businessKey%22%3A%22lark-doc%22%7D\">No sumerja ni remoje ning\u00fan art\u00edculos de madera en el agua. Tampoco los poner en la navera o la lavavajillas.<\/div>\n<\/li>\n<li>Los art\u00edculos de madera est\u00e1n hechos de madera natural, por lo que podr\u00edan ocurrir algunas variaciones y deben manipularse con cuidado para evitar da\u00f1os.<\/li>\n<\/ul>\n","protected":false},"excerpt":{"rendered":"<p><strong>Medidas:\u00a0<\/strong>45mm x \u00d8 30mm x 17mm<\/p>\n<p><strong>Cantidad:\u00a0<\/strong>16 uds<\/p>\n<p><strong>Material:<\/strong> Madera y Metal<\/p>\n<p>&nbsp;<\/p>\n","protected":false},"featured_media":53019,"comment_status":"closed","ping_status":"closed","template":"","meta":[],"product_cat":[3145,3693],"product_tag":[],"yoast_head":"<!-- This site is optimized with the Yoast SEO Premium plugin v20.5 (Yoast SEO v21.5) - https:\/\/yoast.com\/wordpress\/plugins\/seo\/ -->\n<title>16 Pinzas para chupeteros madera natural - Artestar<\/title>\n<meta name=\"description\" content=\"16pcs Pinza Chupeteros madera natural para sujeta chupete, porta chupetes con Pinza, Clip Chupete Madera con Pinza Acero Inoxidable\" \/>\n<meta name=\"robots\" content=\"index, follow, max-snippet:-1, max-image-preview:large, max-video-preview:-1\" \/>\n<link rel=\"canonical\" href=\"https:\/\/www.artestar.eu\/en\/al-por-mayor\/16-pinzas-chupetero-madera-sin-agujero\/\" \/>\n<meta property=\"og:locale\" content=\"en_US\" \/>\n<meta property=\"og:type\" content=\"article\" \/>\n<meta property=\"og:title\" content=\"16 Pinzas Chupetero Madera (Sin Agujero)\" \/>\n<meta property=\"og:description\" content=\"16pcs Pinza Chupeteros madera natural para sujeta chupete, porta chupetes con Pinza, Clip Chupete Madera con Pinza Acero Inoxidable\" \/>\n<meta property=\"og:url\" content=\"https:\/\/www.artestar.eu\/en\/al-por-mayor\/16-pinzas-chupetero-madera-sin-agujero\/\" \/>\n<meta property=\"og:site_name\" content=\"Artestar\" \/>\n<meta property=\"article:publisher\" content=\"https:\/\/www.facebook.com\/ARTESTAREU\" \/>\n<meta property=\"article:modified_time\" content=\"2023-12-14T11:22:35+00:00\" \/>\n<meta property=\"og:image\" content=\"https:\/\/www.artestar.eu\/wp-content\/uploads\/2023\/12\/pinzas-madera-redondas-sin-aguero.jpg\" \/>\n\t<meta property=\"og:image:width\" content=\"1000\" \/>\n\t<meta property=\"og:image:height\" content=\"1000\" \/>\n\t<meta property=\"og:image:type\" content=\"image\/jpeg\" \/>\n<meta name=\"twitter:card\" content=\"summary_large_image\" \/>\n<meta name=\"twitter:label1\" content=\"Price\" \/>\n\t<meta name=\"twitter:data1\" content=\"4,36&nbsp;&euro; (VAT NOT included)\" \/>\n\t<meta name=\"twitter:label2\" content=\"Availability\" \/>\n\t<meta name=\"twitter:data2\" content=\"In stock\" \/>\n<script type=\"application\/ld+json\" class=\"yoast-schema-graph\">{\"@context\":\"https:\/\/schema.org\",\"@graph\":[{\"@type\":\"WebPage\",\"@id\":\"https:\/\/www.artestar.eu\/en\/al-por-mayor\/16-pinzas-chupetero-madera-sin-agujero\/\",\"url\":\"https:\/\/www.artestar.eu\/en\/al-por-mayor\/16-pinzas-chupetero-madera-sin-agujero\/\",\"name\":\"16 Pinzas para chupeteros madera natural - Artestar\",\"isPartOf\":{\"@id\":\"https:\/\/www.artestar.eu\/en\/#website\"},\"datePublished\":\"2023-12-07T09:29:11+00:00\",\"dateModified\":\"2023-12-14T11:22:35+00:00\",\"description\":\"16pcs Pinza Chupeteros madera natural para sujeta chupete, porta chupetes con Pinza, Clip Chupete Madera con Pinza Acero Inoxidable\",\"breadcrumb\":{\"@id\":\"https:\/\/www.artestar.eu\/en\/al-por-mayor\/16-pinzas-chupetero-madera-sin-agujero\/#breadcrumb\"},\"inLanguage\":\"en-US\",\"potentialAction\":[{\"@type\":\"ReadAction\",\"target\":[\"https:\/\/www.artestar.eu\/en\/al-por-mayor\/16-pinzas-chupetero-madera-sin-agujero\/\"]}]},{\"@type\":\"BreadcrumbList\",\"@id\":\"https:\/\/www.artestar.eu\/en\/al-por-mayor\/16-pinzas-chupetero-madera-sin-agujero\/#breadcrumb\",\"itemListElement\":[{\"@type\":\"ListItem\",\"position\":1,\"name\":\"Artestar\",\"item\":\"https:\/\/www.artestar.eu\/en\/\"},{\"@type\":\"ListItem\",\"position\":2,\"name\":\"Al-wholesale\",\"item\":\"https:\/\/www.artestar.eu\/en\/wholesale\/\"},{\"@type\":\"ListItem\",\"position\":3,\"name\":\"16 Pinzas Chupetero Madera (Sin Agujero)\"}]},{\"@type\":\"WebSite\",\"@id\":\"https:\/\/www.artestar.eu\/en\/#website\",\"url\":\"https:\/\/www.artestar.eu\/en\/\",\"name\":\"Artestar\",\"description\":\"Mayorista en abalorios y joyer\u00eda\",\"publisher\":{\"@id\":\"https:\/\/www.artestar.eu\/en\/#organization\"},\"alternateName\":\"Artestar-EU\",\"potentialAction\":[{\"@type\":\"SearchAction\",\"target\":{\"@type\":\"EntryPoint\",\"urlTemplate\":\"https:\/\/www.artestar.eu\/en\/?s={search_term_string}\"},\"query-input\":\"required name=search_term_string\"}],\"inLanguage\":\"en-US\"},{\"@type\":[\"Organization\",\"Place\"],\"@id\":\"https:\/\/www.artestar.eu\/en\/#organization\",\"name\":\"RUBY ABALORIO S.L.\",\"alternateName\":\"Artestar\",\"url\":\"https:\/\/www.artestar.eu\/en\/\",\"logo\":{\"@id\":\"https:\/\/www.artestar.eu\/en\/al-por-mayor\/16-pinzas-chupetero-madera-sin-agujero\/#local-main-organization-logo\"},\"image\":{\"@id\":\"https:\/\/www.artestar.eu\/en\/al-por-mayor\/16-pinzas-chupetero-madera-sin-agujero\/#local-main-organization-logo\"},\"sameAs\":[\"https:\/\/www.facebook.com\/ARTESTAREU\",\"https:\/\/www.instagram.com\/artestareu\/\",\"https:\/\/www.pinterest.es\/artestar_eu\/\",\"https:\/\/www.tiktok.com\/@artestar_wholesale\"],\"openingHoursSpecification\":[{\"@type\":\"OpeningHoursSpecification\",\"dayOfWeek\":[\"Monday\",\"Tuesday\",\"Wednesday\",\"Thursday\",\"Friday\",\"Saturday\",\"Sunday\"],\"opens\":\"09:00\",\"closes\":\"17:00\"}]},{\"@type\":\"ImageObject\",\"inLanguage\":\"en-US\",\"@id\":\"https:\/\/www.artestar.eu\/en\/al-por-mayor\/16-pinzas-chupetero-madera-sin-agujero\/#local-main-organization-logo\",\"url\":\"https:\/\/www.artestar.eu\/wp-content\/uploads\/2023\/05\/cropped-png.png\",\"contentUrl\":\"https:\/\/www.artestar.eu\/wp-content\/uploads\/2023\/05\/cropped-png.png\",\"width\":512,\"height\":512,\"caption\":\"RUBY ABALORIO S.L.\"}]}<\/script>\n<meta property=\"product:price:amount\" content=\"4.36\" \/>\n<meta property=\"product:price:currency\" content=\"EUR\" \/>\n<meta property=\"og:availability\" content=\"instock\" \/>\n<meta property=\"product:availability\" content=\"instock\" \/>\n<meta property=\"product:retailer_item_id\" content=\"362\" \/>\n<meta property=\"product:condition\" content=\"new\" \/>\n<!-- \/ Yoast SEO Premium plugin. -->","yoast_head_json":{"title":"16 Pinzas para chupeteros madera natural - Artestar","description":"16pcs Pinza Chupeteros madera natural para sujeta chupete, porta chupetes con Pinza, Clip Chupete Madera con Pinza Acero Inoxidable","robots":{"index":"index","follow":"follow","max-snippet":"max-snippet:-1","max-image-preview":"max-image-preview:large","max-video-preview":"max-video-preview:-1"},"canonical":"https:\/\/www.artestar.eu\/en\/al-por-mayor\/16-pinzas-chupetero-madera-sin-agujero\/","og_locale":"en_US","og_type":"article","og_title":"16 Pinzas Chupetero Madera (Sin Agujero)","og_description":"16pcs Pinza Chupeteros madera natural para sujeta chupete, porta chupetes con Pinza, Clip Chupete Madera con Pinza Acero Inoxidable","og_url":"https:\/\/www.artestar.eu\/en\/al-por-mayor\/16-pinzas-chupetero-madera-sin-agujero\/","og_site_name":"Artestar","article_publisher":"https:\/\/www.facebook.com\/ARTESTAREU","article_modified_time":"2023-12-14T11:22:35+00:00","og_image":[{"width":1000,"height":1000,"url":"https:\/\/www.artestar.eu\/wp-content\/uploads\/2023\/12\/pinzas-madera-redondas-sin-aguero.jpg","type":"image\/jpeg"}],"twitter_card":"summary_large_image","twitter_misc":{"Price":"4,36&nbsp;&euro; (VAT NOT included)","Availability":"In stock"},"schema":{"@context":"https:\/\/schema.org","@graph":[{"@type":"WebPage","@id":"https:\/\/www.artestar.eu\/en\/al-por-mayor\/16-pinzas-chupetero-madera-sin-agujero\/","url":"https:\/\/www.artestar.eu\/en\/al-por-mayor\/16-pinzas-chupetero-madera-sin-agujero\/","name":"16 Pinzas para chupeteros madera natural - Artestar","isPartOf":{"@id":"https:\/\/www.artestar.eu\/en\/#website"},"datePublished":"2023-12-07T09:29:11+00:00","dateModified":"2023-12-14T11:22:35+00:00","description":"16pcs Pinza Chupeteros madera natural para sujeta chupete, porta chupetes con Pinza, Clip Chupete Madera con Pinza Acero Inoxidable","breadcrumb":{"@id":"https:\/\/www.artestar.eu\/en\/al-por-mayor\/16-pinzas-chupetero-madera-sin-agujero\/#breadcrumb"},"inLanguage":"en-US","potentialAction":[{"@type":"ReadAction","target":["https:\/\/www.artestar.eu\/en\/al-por-mayor\/16-pinzas-chupetero-madera-sin-agujero\/"]}]},{"@type":"BreadcrumbList","@id":"https:\/\/www.artestar.eu\/en\/al-por-mayor\/16-pinzas-chupetero-madera-sin-agujero\/#breadcrumb","itemListElement":[{"@type":"ListItem","position":1,"name":"Artestar","item":"https:\/\/www.artestar.eu\/en\/"},{"@type":"ListItem","position":2,"name":"Al-wholesale","item":"https:\/\/www.artestar.eu\/en\/wholesale\/"},{"@type":"ListItem","position":3,"name":"16 Pinzas Chupetero Madera (Sin Agujero)"}]},{"@type":"WebSite","@id":"https:\/\/www.artestar.eu\/en\/#website","url":"https:\/\/www.artestar.eu\/en\/","name":"Artestar","description":"Mayorista en abalorios y joyer\u00eda","publisher":{"@id":"https:\/\/www.artestar.eu\/en\/#organization"},"alternateName":"Artestar-EU","potentialAction":[{"@type":"SearchAction","target":{"@type":"EntryPoint","urlTemplate":"https:\/\/www.artestar.eu\/en\/?s={search_term_string}"},"query-input":"required name=search_term_string"}],"inLanguage":"en-US"},{"@type":["Organization","Place"],"@id":"https:\/\/www.artestar.eu\/en\/#organization","name":"RUBY ABALORIO S.L.","alternateName":"Artestar","url":"https:\/\/www.artestar.eu\/en\/","logo":{"@id":"https:\/\/www.artestar.eu\/en\/al-por-mayor\/16-pinzas-chupetero-madera-sin-agujero\/#local-main-organization-logo"},"image":{"@id":"https:\/\/www.artestar.eu\/en\/al-por-mayor\/16-pinzas-chupetero-madera-sin-agujero\/#local-main-organization-logo"},"sameAs":["https:\/\/www.facebook.com\/ARTESTAREU","https:\/\/www.instagram.com\/artestareu\/","https:\/\/www.pinterest.es\/artestar_eu\/","https:\/\/www.tiktok.com\/@artestar_wholesale"],"openingHoursSpecification":[{"@type":"OpeningHoursSpecification","dayOfWeek":["Monday","Tuesday","Wednesday","Thursday","Friday","Saturday","Sunday"],"opens":"09:00","closes":"17:00"}]},{"@type":"ImageObject","inLanguage":"en-US","@id":"https:\/\/www.artestar.eu\/en\/al-por-mayor\/16-pinzas-chupetero-madera-sin-agujero\/#local-main-organization-logo","url":"https:\/\/www.artestar.eu\/wp-content\/uploads\/2023\/05\/cropped-png.png","contentUrl":"https:\/\/www.artestar.eu\/wp-content\/uploads\/2023\/05\/cropped-png.png","width":512,"height":512,"caption":"RUBY ABALORIO S.L."}]},"product_price_amount":"4.36","product_price_currency":"EUR","og_availability":"instock","product_availability":"instock","product_retailer_item_id":"362","product_condition":"new"},"tiered_pricing_type":"fixed","tiered_pricing_fixed_rules":[],"tiered_pricing_percentage_rules":[],"tiered_pricing_minimum":null,"_administrator_tiered_pricing_type":"fixed","_administrator_tiered_pricing_fixed_rules":[],"_editor_tiered_pricing_type":"fixed","_editor_tiered_pricing_fixed_rules":[],"_author_tiered_pricing_type":"fixed","_author_tiered_pricing_fixed_rules":[],"_contributor_tiered_pricing_type":"fixed","_contributor_tiered_pricing_fixed_rules":[],"_subscriber_tiered_pricing_type":"fixed","_subscriber_tiered_pricing_fixed_rules":[],"_wpseo_manager_tiered_pricing_type":"fixed","_wpseo_manager_tiered_pricing_fixed_rules":[],"_wpseo_editor_tiered_pricing_type":"fixed","_wpseo_editor_tiered_pricing_fixed_rules":[],"_customer_tiered_pricing_type":"fixed","_customer_tiered_pricing_fixed_rules":[],"_shop_manager_tiered_pricing_type":"fixed","_shop_manager_tiered_pricing_fixed_rules":[],"_product_manager_tiered_pricing_type":"fixed","_product_manager_tiered_pricing_fixed_rules":[],"_links":{"self":[{"href":"https:\/\/www.artestar.eu\/en\/wp-json\/wp\/v2\/product\/52979"}],"collection":[{"href":"https:\/\/www.artestar.eu\/en\/wp-json\/wp\/v2\/product"}],"about":[{"href":"https:\/\/www.artestar.eu\/en\/wp-json\/wp\/v2\/types\/product"}],"replies":[{"embeddable":true,"href":"https:\/\/www.artestar.eu\/en\/wp-json\/wp\/v2\/comments?post=52979"}],"version-history":[{"count":8,"href":"https:\/\/www.artestar.eu\/en\/wp-json\/wp\/v2\/product\/52979\/revisions"}],"predecessor-version":[{"id":57933,"href":"https:\/\/www.artestar.eu\/en\/wp-json\/wp\/v2\/product\/52979\/revisions\/57933"}],"wp:featuredmedia":[{"embeddable":true,"href":"https:\/\/www.artestar.eu\/en\/wp-json\/wp\/v2\/media\/53019"}],"wp:attachment":[{"href":"https:\/\/www.artestar.eu\/en\/wp-json\/wp\/v2\/media?parent=52979"}],"wp:term":[{"taxonomy":"product_cat","embeddable":true,"href":"https:\/\/www.artestar.eu\/en\/wp-json\/wp\/v2\/product_cat?post=52979"},{"taxonomy":"product_tag","embeddable":true,"href":"https:\/\/www.artestar.eu\/en\/wp-json\/wp\/v2\/product_tag?post=52979"}],"curies":[{"name":"wp","href":"https:\/\/api.w.org\/{rel}","templated":true}]}}