{"id":53416,"date":"2023-12-11T08:46:59","date_gmt":"2023-12-11T08:46:59","guid":{"rendered":"https:\/\/www.artestar.eu\/?post_type=product&#038;p=53416"},"modified":"2023-12-14T10:52:44","modified_gmt":"2023-12-14T10:52:44","slug":"1-cadenas-sonajero-de-cochecito-crochet-pajarito","status":"publish","type":"product","link":"https:\/\/www.artestar.eu\/en\/al-por-mayor\/1-cadenas-sonajero-de-cochecito-crochet-pajarito\/","title":{"rendered":"1 Cadena Sonajero de Cochecito Crochet Pajarito"},"content":{"rendered":"<p><strong>Cadenas gimnasio para cochecito<\/strong><\/p>\n<p>Las cadenas de cochecito para beb\u00e9s est\u00e1n hechas con dos pinzas de chupetero, puede colocarse f\u00e1cilmente en el cochecito del beb\u00e9, tambi\u00e9n se fija en la cuna y el asiento, para que el beb\u00e9 pueda agarrar f\u00e1cilmente la cadena. El dise\u00f1o es simple, <span class=\"a-list-item\">llamativo, sirve como juego y distracci\u00f3n para el ni\u00f1o y un gran accesorio de moda para beb\u00e9s. L<\/span>iviano y pr\u00e1ctico, f\u00e1cil de transportar y el clip de acero inoxidable es m\u00e1s duradero.<\/p>\n<ul>\n<li>Cantidad: 10 piezas<\/li>\n<li>Medidas: 40 cm Aproximada<\/li>\n<li>Son hechas a mano, las medidas pueden variar seg\u00fan la pieza.<\/li>\n<li><span class=\"a-list-item\">Hechos de madera natural y crochet de bolas de algod\u00f3n, sin olores ni toxinas.<\/span><\/li>\n<li><span class=\"a-list-item\">Puede unir la cadena a ropa del beb\u00e9, cochecito, para casi todos los juguetes de agarre, mordedores, etc.<\/span><\/li>\n<li><span class=\"a-list-item\">F\u00e1cil de limpiar: simplemente lave la cadena chupetes beb\u00e9 con agua tibia, dejarlo secar de forma natural.<\/span><\/li>\n<li><span class=\"a-list-item\">El regalo perfecto para los reci\u00e9n nacidos: <\/span><span class=\"a-list-item\">son todos hechos a mano, muy pr\u00e1cticos e higi\u00e9nicos y no causar\u00e1n ning\u00fan da\u00f1o al beb\u00e9.<\/span><\/li>\n<li><span class=\"a-list-item\">Tambi\u00e9n es un regalo ideal para futuros padres o para el bautismo.<\/span><\/li>\n<\/ul>\n<h3><a href=\"https:\/\/www.rubydiy.com\/wp-content\/uploads\/2021\/07\/CCR1040CR-6.jpg\"><img decoding=\"async\" class=\"alignnone wp-image-41004 size-fusion-800\" src=\"https:\/\/www.rubydiy.com\/wp-content\/uploads\/2021\/07\/CCR1040CR-6-800x800.jpg\" alt=\"Cadenas gimnasio para cochecito\" width=\"800\" height=\"800\" \/><\/a><\/h3>\n<h3><strong>Cadenas para cochecito de beb\u00e9<\/strong><\/h3>\n<p><strong>Especificaci\u00f3n<\/strong><\/p>\n<ul>\n<li>Compruebe el estado del producto a menudo.<\/li>\n<li>El color puede variar seg\u00fan la configuraci\u00f3n de la pantalla de su ordenador.<\/li>\n<li>El comprador asume toda la responsabilidad respecto al uso del producto.<\/li>\n<li>Si alg\u00fan da\u00f1o o p\u00e9rdida es causado por la negligencia del comprador, el vendedor no ser\u00e1 responsable.<\/li>\n<\/ul>\n<p><strong>Consejos<\/strong><\/p>\n<ul>\n<li>Si desea esterilizar estas figuras de madera, l\u00edmpielos simplemente con agua tibia y jab\u00f3n neutro a mano.<\/li>\n<li>No sumergir ni remojar los art\u00edculos de madera en agua, nevera ni lavavajillas.<\/li>\n<li>Los art\u00edculos de madera est\u00e1n hechos de madera natural, por lo que podr\u00edan ocurrir algunas variaciones y deben manipularse con cuidado para evitar da\u00f1os.<\/li>\n<\/ul>\n","protected":false},"excerpt":{"rendered":"<p><strong>Medidas aproximadas :<\/strong> 40 cm<\/p>\n<p><strong>Cantidad :<\/strong> 10 piezas<\/p>\n<p><strong>Material:<\/strong>\u00a0 Algod\u00f3n\/Madera de haya\/Acero inoxidable<\/p>\n<p><b>100 % hechas a mano, las medidas pueden variar seg\u00fan la pieza.<\/b><\/p>\n","protected":false},"featured_media":53655,"comment_status":"closed","ping_status":"closed","template":"","meta":[],"product_cat":[3708,3145],"product_tag":[],"yoast_head":"<!-- This site is optimized with the Yoast SEO Premium plugin v20.5 (Yoast SEO v21.5) - https:\/\/yoast.com\/wordpress\/plugins\/seo\/ -->\n<title>Cadenas gimnasio para cochecito - Artestar<\/title>\n<meta name=\"description\" content=\"Cadenas gimnasio para cochecito, Cadenas de madera haya para beb\u00e9, cadena para carrito del beb\u00e9, mordedores de cadenas de madera haya\" \/>\n<meta name=\"robots\" content=\"index, follow, max-snippet:-1, max-image-preview:large, max-video-preview:-1\" \/>\n<link rel=\"canonical\" href=\"https:\/\/www.artestar.eu\/en\/al-por-mayor\/1-cadenas-sonajero-de-cochecito-crochet-pajarito\/\" \/>\n<meta property=\"og:locale\" content=\"en_US\" \/>\n<meta property=\"og:type\" content=\"article\" \/>\n<meta property=\"og:title\" content=\"1 Cadena Sonajero de Cochecito Crochet Pajarito\" \/>\n<meta property=\"og:description\" content=\"Cadenas gimnasio para cochecito, Cadenas de madera haya para beb\u00e9, cadena para carrito del beb\u00e9, mordedores de cadenas de madera haya\" \/>\n<meta property=\"og:url\" content=\"https:\/\/www.artestar.eu\/en\/al-por-mayor\/1-cadenas-sonajero-de-cochecito-crochet-pajarito\/\" \/>\n<meta property=\"og:site_name\" content=\"Artestar\" \/>\n<meta property=\"article:publisher\" content=\"https:\/\/www.facebook.com\/ARTESTAREU\" \/>\n<meta property=\"article:modified_time\" content=\"2023-12-14T10:52:44+00:00\" \/>\n<meta property=\"og:image\" content=\"https:\/\/www.artestar.eu\/wp-content\/uploads\/2023\/12\/CCR1040RS.jpg\" \/>\n\t<meta property=\"og:image:width\" content=\"1000\" \/>\n\t<meta property=\"og:image:height\" content=\"1000\" \/>\n\t<meta property=\"og:image:type\" content=\"image\/jpeg\" \/>\n<meta name=\"twitter:card\" content=\"summary_large_image\" \/>\n<meta name=\"twitter:label1\" content=\"Availability\" \/>\n\t<meta name=\"twitter:data1\" content=\"In stock\" \/>\n<script type=\"application\/ld+json\" class=\"yoast-schema-graph\">{\"@context\":\"https:\/\/schema.org\",\"@graph\":[{\"@type\":\"WebPage\",\"@id\":\"https:\/\/www.artestar.eu\/en\/al-por-mayor\/1-cadenas-sonajero-de-cochecito-crochet-pajarito\/\",\"url\":\"https:\/\/www.artestar.eu\/en\/al-por-mayor\/1-cadenas-sonajero-de-cochecito-crochet-pajarito\/\",\"name\":\"Cadenas gimnasio para cochecito - Artestar\",\"isPartOf\":{\"@id\":\"https:\/\/www.artestar.eu\/en\/#website\"},\"datePublished\":\"2023-12-11T08:46:59+00:00\",\"dateModified\":\"2023-12-14T10:52:44+00:00\",\"description\":\"Cadenas gimnasio para cochecito, Cadenas de madera haya para beb\u00e9, cadena para carrito del beb\u00e9, mordedores de cadenas de madera haya\",\"breadcrumb\":{\"@id\":\"https:\/\/www.artestar.eu\/en\/al-por-mayor\/1-cadenas-sonajero-de-cochecito-crochet-pajarito\/#breadcrumb\"},\"inLanguage\":\"en-US\",\"potentialAction\":[{\"@type\":\"ReadAction\",\"target\":[\"https:\/\/www.artestar.eu\/en\/al-por-mayor\/1-cadenas-sonajero-de-cochecito-crochet-pajarito\/\"]}]},{\"@type\":\"BreadcrumbList\",\"@id\":\"https:\/\/www.artestar.eu\/en\/al-por-mayor\/1-cadenas-sonajero-de-cochecito-crochet-pajarito\/#breadcrumb\",\"itemListElement\":[{\"@type\":\"ListItem\",\"position\":1,\"name\":\"Artestar\",\"item\":\"https:\/\/www.artestar.eu\/en\/\"},{\"@type\":\"ListItem\",\"position\":2,\"name\":\"Al-wholesale\",\"item\":\"https:\/\/www.artestar.eu\/en\/wholesale\/\"},{\"@type\":\"ListItem\",\"position\":3,\"name\":\"1 Cadena Sonajero de Cochecito Crochet Pajarito\"}]},{\"@type\":\"WebSite\",\"@id\":\"https:\/\/www.artestar.eu\/en\/#website\",\"url\":\"https:\/\/www.artestar.eu\/en\/\",\"name\":\"Artestar\",\"description\":\"Mayorista en abalorios y joyer\u00eda\",\"publisher\":{\"@id\":\"https:\/\/www.artestar.eu\/en\/#organization\"},\"alternateName\":\"Artestar-EU\",\"potentialAction\":[{\"@type\":\"SearchAction\",\"target\":{\"@type\":\"EntryPoint\",\"urlTemplate\":\"https:\/\/www.artestar.eu\/en\/?s={search_term_string}\"},\"query-input\":\"required name=search_term_string\"}],\"inLanguage\":\"en-US\"},{\"@type\":[\"Organization\",\"Place\"],\"@id\":\"https:\/\/www.artestar.eu\/en\/#organization\",\"name\":\"RUBY ABALORIO S.L.\",\"alternateName\":\"Artestar\",\"url\":\"https:\/\/www.artestar.eu\/en\/\",\"logo\":{\"@id\":\"https:\/\/www.artestar.eu\/en\/al-por-mayor\/1-cadenas-sonajero-de-cochecito-crochet-pajarito\/#local-main-organization-logo\"},\"image\":{\"@id\":\"https:\/\/www.artestar.eu\/en\/al-por-mayor\/1-cadenas-sonajero-de-cochecito-crochet-pajarito\/#local-main-organization-logo\"},\"sameAs\":[\"https:\/\/www.facebook.com\/ARTESTAREU\",\"https:\/\/www.instagram.com\/artestareu\/\",\"https:\/\/www.pinterest.es\/artestar_eu\/\",\"https:\/\/www.tiktok.com\/@artestar_wholesale\"],\"openingHoursSpecification\":[{\"@type\":\"OpeningHoursSpecification\",\"dayOfWeek\":[\"Monday\",\"Tuesday\",\"Wednesday\",\"Thursday\",\"Friday\",\"Saturday\",\"Sunday\"],\"opens\":\"09:00\",\"closes\":\"17:00\"}]},{\"@type\":\"ImageObject\",\"inLanguage\":\"en-US\",\"@id\":\"https:\/\/www.artestar.eu\/en\/al-por-mayor\/1-cadenas-sonajero-de-cochecito-crochet-pajarito\/#local-main-organization-logo\",\"url\":\"https:\/\/www.artestar.eu\/wp-content\/uploads\/2023\/05\/cropped-png.png\",\"contentUrl\":\"https:\/\/www.artestar.eu\/wp-content\/uploads\/2023\/05\/cropped-png.png\",\"width\":512,\"height\":512,\"caption\":\"RUBY ABALORIO S.L.\"}]}<\/script>\n<meta property=\"og:availability\" content=\"instock\" \/>\n<meta property=\"product:availability\" content=\"instock\" \/>\n<meta property=\"product:retailer_item_id\" content=\"CP0016P\" \/>\n<meta property=\"product:condition\" content=\"new\" \/>\n<!-- \/ Yoast SEO Premium plugin. -->","yoast_head_json":{"title":"Cadenas gimnasio para cochecito - Artestar","description":"Cadenas gimnasio para cochecito, Cadenas de madera haya para beb\u00e9, cadena para carrito del beb\u00e9, mordedores de cadenas de madera haya","robots":{"index":"index","follow":"follow","max-snippet":"max-snippet:-1","max-image-preview":"max-image-preview:large","max-video-preview":"max-video-preview:-1"},"canonical":"https:\/\/www.artestar.eu\/en\/al-por-mayor\/1-cadenas-sonajero-de-cochecito-crochet-pajarito\/","og_locale":"en_US","og_type":"article","og_title":"1 Cadena Sonajero de Cochecito Crochet Pajarito","og_description":"Cadenas gimnasio para cochecito, Cadenas de madera haya para beb\u00e9, cadena para carrito del beb\u00e9, mordedores de cadenas de madera haya","og_url":"https:\/\/www.artestar.eu\/en\/al-por-mayor\/1-cadenas-sonajero-de-cochecito-crochet-pajarito\/","og_site_name":"Artestar","article_publisher":"https:\/\/www.facebook.com\/ARTESTAREU","article_modified_time":"2023-12-14T10:52:44+00:00","og_image":[{"width":1000,"height":1000,"url":"https:\/\/www.artestar.eu\/wp-content\/uploads\/2023\/12\/CCR1040RS.jpg","type":"image\/jpeg"}],"twitter_card":"summary_large_image","twitter_misc":{"Availability":"In stock"},"schema":{"@context":"https:\/\/schema.org","@graph":[{"@type":"WebPage","@id":"https:\/\/www.artestar.eu\/en\/al-por-mayor\/1-cadenas-sonajero-de-cochecito-crochet-pajarito\/","url":"https:\/\/www.artestar.eu\/en\/al-por-mayor\/1-cadenas-sonajero-de-cochecito-crochet-pajarito\/","name":"Cadenas gimnasio para cochecito - Artestar","isPartOf":{"@id":"https:\/\/www.artestar.eu\/en\/#website"},"datePublished":"2023-12-11T08:46:59+00:00","dateModified":"2023-12-14T10:52:44+00:00","description":"Cadenas gimnasio para cochecito, Cadenas de madera haya para beb\u00e9, cadena para carrito del beb\u00e9, mordedores de cadenas de madera haya","breadcrumb":{"@id":"https:\/\/www.artestar.eu\/en\/al-por-mayor\/1-cadenas-sonajero-de-cochecito-crochet-pajarito\/#breadcrumb"},"inLanguage":"en-US","potentialAction":[{"@type":"ReadAction","target":["https:\/\/www.artestar.eu\/en\/al-por-mayor\/1-cadenas-sonajero-de-cochecito-crochet-pajarito\/"]}]},{"@type":"BreadcrumbList","@id":"https:\/\/www.artestar.eu\/en\/al-por-mayor\/1-cadenas-sonajero-de-cochecito-crochet-pajarito\/#breadcrumb","itemListElement":[{"@type":"ListItem","position":1,"name":"Artestar","item":"https:\/\/www.artestar.eu\/en\/"},{"@type":"ListItem","position":2,"name":"Al-wholesale","item":"https:\/\/www.artestar.eu\/en\/wholesale\/"},{"@type":"ListItem","position":3,"name":"1 Cadena Sonajero de Cochecito Crochet Pajarito"}]},{"@type":"WebSite","@id":"https:\/\/www.artestar.eu\/en\/#website","url":"https:\/\/www.artestar.eu\/en\/","name":"Artestar","description":"Mayorista en abalorios y joyer\u00eda","publisher":{"@id":"https:\/\/www.artestar.eu\/en\/#organization"},"alternateName":"Artestar-EU","potentialAction":[{"@type":"SearchAction","target":{"@type":"EntryPoint","urlTemplate":"https:\/\/www.artestar.eu\/en\/?s={search_term_string}"},"query-input":"required name=search_term_string"}],"inLanguage":"en-US"},{"@type":["Organization","Place"],"@id":"https:\/\/www.artestar.eu\/en\/#organization","name":"RUBY ABALORIO S.L.","alternateName":"Artestar","url":"https:\/\/www.artestar.eu\/en\/","logo":{"@id":"https:\/\/www.artestar.eu\/en\/al-por-mayor\/1-cadenas-sonajero-de-cochecito-crochet-pajarito\/#local-main-organization-logo"},"image":{"@id":"https:\/\/www.artestar.eu\/en\/al-por-mayor\/1-cadenas-sonajero-de-cochecito-crochet-pajarito\/#local-main-organization-logo"},"sameAs":["https:\/\/www.facebook.com\/ARTESTAREU","https:\/\/www.instagram.com\/artestareu\/","https:\/\/www.pinterest.es\/artestar_eu\/","https:\/\/www.tiktok.com\/@artestar_wholesale"],"openingHoursSpecification":[{"@type":"OpeningHoursSpecification","dayOfWeek":["Monday","Tuesday","Wednesday","Thursday","Friday","Saturday","Sunday"],"opens":"09:00","closes":"17:00"}]},{"@type":"ImageObject","inLanguage":"en-US","@id":"https:\/\/www.artestar.eu\/en\/al-por-mayor\/1-cadenas-sonajero-de-cochecito-crochet-pajarito\/#local-main-organization-logo","url":"https:\/\/www.artestar.eu\/wp-content\/uploads\/2023\/05\/cropped-png.png","contentUrl":"https:\/\/www.artestar.eu\/wp-content\/uploads\/2023\/05\/cropped-png.png","width":512,"height":512,"caption":"RUBY ABALORIO S.L."}]},"og_availability":"instock","product_availability":"instock","product_retailer_item_id":"CP0016P","product_condition":"new"},"tiered_pricing_type":"fixed","tiered_pricing_fixed_rules":[],"tiered_pricing_percentage_rules":[],"tiered_pricing_minimum":null,"_administrator_tiered_pricing_type":"fixed","_administrator_tiered_pricing_fixed_rules":[],"_editor_tiered_pricing_type":"fixed","_editor_tiered_pricing_fixed_rules":[],"_author_tiered_pricing_type":"fixed","_author_tiered_pricing_fixed_rules":[],"_contributor_tiered_pricing_type":"fixed","_contributor_tiered_pricing_fixed_rules":[],"_subscriber_tiered_pricing_type":"fixed","_subscriber_tiered_pricing_fixed_rules":[],"_wpseo_manager_tiered_pricing_type":"fixed","_wpseo_manager_tiered_pricing_fixed_rules":[],"_wpseo_editor_tiered_pricing_type":"fixed","_wpseo_editor_tiered_pricing_fixed_rules":[],"_customer_tiered_pricing_type":"fixed","_customer_tiered_pricing_fixed_rules":[],"_shop_manager_tiered_pricing_type":"fixed","_shop_manager_tiered_pricing_fixed_rules":[],"_product_manager_tiered_pricing_type":"fixed","_product_manager_tiered_pricing_fixed_rules":[],"_links":{"self":[{"href":"https:\/\/www.artestar.eu\/en\/wp-json\/wp\/v2\/product\/53416"}],"collection":[{"href":"https:\/\/www.artestar.eu\/en\/wp-json\/wp\/v2\/product"}],"about":[{"href":"https:\/\/www.artestar.eu\/en\/wp-json\/wp\/v2\/types\/product"}],"replies":[{"embeddable":true,"href":"https:\/\/www.artestar.eu\/en\/wp-json\/wp\/v2\/comments?post=53416"}],"version-history":[{"count":4,"href":"https:\/\/www.artestar.eu\/en\/wp-json\/wp\/v2\/product\/53416\/revisions"}],"predecessor-version":[{"id":57891,"href":"https:\/\/www.artestar.eu\/en\/wp-json\/wp\/v2\/product\/53416\/revisions\/57891"}],"wp:featuredmedia":[{"embeddable":true,"href":"https:\/\/www.artestar.eu\/en\/wp-json\/wp\/v2\/media\/53655"}],"wp:attachment":[{"href":"https:\/\/www.artestar.eu\/en\/wp-json\/wp\/v2\/media?parent=53416"}],"wp:term":[{"taxonomy":"product_cat","embeddable":true,"href":"https:\/\/www.artestar.eu\/en\/wp-json\/wp\/v2\/product_cat?post=53416"},{"taxonomy":"product_tag","embeddable":true,"href":"https:\/\/www.artestar.eu\/en\/wp-json\/wp\/v2\/product_tag?post=53416"}],"curies":[{"name":"wp","href":"https:\/\/api.w.org\/{rel}","templated":true}]}}