{"id":53424,"date":"2023-12-11T08:47:02","date_gmt":"2023-12-11T08:47:02","guid":{"rendered":"https:\/\/www.artestar.eu\/?post_type=product&#038;p=53424"},"modified":"2023-12-14T10:51:06","modified_gmt":"2023-12-14T10:51:06","slug":"10-collar-lactancia-mordedor-bebe","status":"publish","type":"product","link":"https:\/\/www.artestar.eu\/en\/al-por-mayor\/10-collar-lactancia-mordedor-bebe\/","title":{"rendered":"10 Collar Lactancia Mordedor Beb\u00e9"},"content":{"rendered":"<h3><strong>Collar Lactancia Mordedor Beb\u00e9<\/strong><\/h3>\n<ul>\n<li>El collar suave y masticable puede ayudar a los ni\u00f1os a reducir el dolor de rechinar los dientes y ayudar a calmar el llanto y los gritos del beb\u00e9. Es muy adecuado para las madres mantener ocupadas las manos del beb\u00e9 durante la lactancia. Al mismo tiempo, evite tirar del cabello o la ropa en el cuidado o el brazo.<\/li>\n<\/ul>\n<ul>\n<li>Cantidad: 10 piezas<\/li>\n<li>Collar lactancia mordedor beb\u00e9 son hechas a mano, las medidas pueden variar seg\u00fan la pieza.<\/li>\n<li>Alta calidad collar lactancia:\u00a0 est\u00e1 hecho de silicona de grado alimenticio 100%, mordedor seguro, sin BPA, sin metales pesados, sin ftalatos, sin nitrosaminas, sin cadmio, no contiene vinilo.<\/li>\n<li><span class=\"a-list-item\">Se pueden lavar f\u00e1cilmente a mano con agua y jab\u00f3n, y se dejan secar en horizontal al aire muy r\u00e1pido.<\/span><\/li>\n<li>Dise\u00f1o con cierre de seguridad, f\u00e1ciles de combinar y con colores atractivos a los beb\u00e9s<\/li>\n<li>Longitud ajustable: El cuentas collares tiene una longitud total de 70 cm. Solo necesita sacar la cuerda del orificio de bloqueo, luego cortarla y anudarla de acuerdo con la longitud requerida.<\/li>\n<li><span class=\"a-list-item\">El regalo perfecto para los reci\u00e9n nacidos: <\/span><span class=\"a-list-item\">son todos hechos a mano, muy pr\u00e1cticos e higi\u00e9nicos y no causar\u00e1n ning\u00fan da\u00f1o al beb\u00e9.<\/span><\/li>\n<li><span class=\"a-list-item\">Tambi\u00e9n es un regalo ideal para futuros padres.<\/span><\/li>\n<\/ul>\n<p><a href=\"https:\/\/www.rubydiy.com\/wp-content\/uploads\/2023\/01\/61DRQIya7XL.jpg\">\u00a0\u00a0\u00a0\u00a0\u00a0\u00a0 <\/a><a href=\"https:\/\/www.rubydiy.com\/wp-content\/uploads\/2023\/01\/712FMYCtvPL.jpg\"> \u00a0 \u00a0 \u00a0 <\/a><img decoding=\"async\" class=\"alignnone wp-image-60856\" src=\"https:\/\/www.rubydiy.com\/wp-content\/uploads\/2023\/01\/71LvFKbqU5L-300x300.jpg\" alt=\"Collar Lactancia Mordedor Beb\u00e9\" width=\"320\" height=\"320\" \/> <a href=\"https:\/\/www.rubydiy.com\/wp-content\/uploads\/2023\/01\/61DRQIya7XL.jpg\">\u00a0 \u00a0 \u00a0 <\/a><img decoding=\"async\" class=\"alignnone wp-image-59512\" src=\"https:\/\/www.rubydiy.com\/wp-content\/uploads\/2023\/01\/61DRQIya7XL-400x400.jpg\" alt=\"Collar Lactancia Mordedor Beb\u00e9\" width=\"320\" height=\"320\" \/><img decoding=\"async\" class=\"alignnone wp-image-59518\" src=\"https:\/\/www.rubydiy.com\/wp-content\/uploads\/2023\/01\/413gOMtCE3L-300x300.jpg\" alt=\"\" width=\"320\" height=\"320\" \/><\/p>\n<h3><strong>Mordedor Beb\u00e9 <\/strong><strong>Collar Lactancia\u00a0<\/strong><\/h3>\n<p>Especificaci\u00f3n<\/p>\n<ul>\n<li>Pr\u00e1ctico para aliviar el dolor de la dentici\u00f3n de su beb\u00e9 cuando le est\u00e1 saliendo los dientes.<\/li>\n<li>Limpieza: debe ser esterilizado con agua y jab\u00f3n neutro antes de cada uso.<\/li>\n<li>Debe limpiarlo despu\u00e9s de cada uso y dejarlo secar al aire libre.<\/li>\n<li>Comprueba el estado de las bolas a menudo. No meter en el microondas.<\/li>\n<li>El color puede variar levemente debido a su la configuraci\u00f3n de la pantalla.<\/li>\n<li>Tiempo de uso: m\u00e1ximo 6 meses por el higiene y la seguridad de los ni\u00f1os.<\/li>\n<li>El Comprador asume toda la responsabilidad respecto al uso del producto.<\/li>\n<li>Si alg\u00fan da\u00f1o o p\u00e9rdida es causado por la negligencia del comprador, el vendedor no ser\u00e1 responsable.<\/li>\n<\/ul>\n<p>Consejos<\/p>\n<ul>\n<li>Para proteger la salud de sus beb\u00e9s, no olvides a lavar este collar de lactancia con frecuencia.<\/li>\n<li>Si desea esterilizar estas collar de lactancia, l\u00edmpielas simplemente con agua tibia y jab\u00f3n neutro.<\/li>\n<\/ul>\n<p>&nbsp;<\/p>\n","protected":false},"excerpt":{"rendered":"<p><strong>Collar Lactancia Mordedor Beb\u00e9<\/strong><\/p>\n<p><strong>Cantidad :<\/strong> 10 piezas<\/p>\n<p><strong>Material:<\/strong> Silicona\/Pl\u00e1stico<\/p>\n<p><b>100 % hechas a mano, las medidas pueden variar seg\u00fan la pieza.<\/b><\/p>\n","protected":false},"featured_media":53866,"comment_status":"closed","ping_status":"closed","template":"","meta":[],"product_cat":[3708,3145],"product_tag":[],"yoast_head":"<!-- This site is optimized with the Yoast SEO Premium plugin v20.5 (Yoast SEO v21.5) - https:\/\/yoast.com\/wordpress\/plugins\/seo\/ -->\n<title>10 Collar Lactancia Mordedor Beb\u00e9 - Artestar<\/title>\n<meta name=\"description\" content=\"Collar Lactancia Mordedor Bebe,mordedor bebe juguetes bebe 6 meses chupetes cosas para bebes recien nacidos mordedores bebe regalos bebes\" \/>\n<meta name=\"robots\" content=\"index, follow, max-snippet:-1, max-image-preview:large, max-video-preview:-1\" \/>\n<link rel=\"canonical\" href=\"https:\/\/www.artestar.eu\/en\/al-por-mayor\/10-collar-lactancia-mordedor-bebe\/\" \/>\n<meta property=\"og:locale\" content=\"en_US\" \/>\n<meta property=\"og:type\" content=\"article\" \/>\n<meta property=\"og:title\" content=\"10 Collar Lactancia Mordedor Beb\u00e9\" \/>\n<meta property=\"og:description\" content=\"Collar Lactancia Mordedor Bebe,mordedor bebe juguetes bebe 6 meses chupetes cosas para bebes recien nacidos mordedores bebe regalos bebes\" \/>\n<meta property=\"og:url\" content=\"https:\/\/www.artestar.eu\/en\/al-por-mayor\/10-collar-lactancia-mordedor-bebe\/\" \/>\n<meta property=\"og:site_name\" content=\"Artestar\" \/>\n<meta property=\"article:publisher\" content=\"https:\/\/www.facebook.com\/ARTESTAREU\" \/>\n<meta property=\"article:modified_time\" content=\"2023-12-14T10:51:06+00:00\" \/>\n<meta property=\"og:image\" content=\"https:\/\/www.artestar.eu\/wp-content\/uploads\/2023\/12\/41EaANZQ77L.jpg\" \/>\n\t<meta property=\"og:image:width\" content=\"1000\" \/>\n\t<meta property=\"og:image:height\" content=\"1000\" \/>\n\t<meta property=\"og:image:type\" content=\"image\/jpeg\" \/>\n<meta name=\"twitter:card\" content=\"summary_large_image\" \/>\n<meta name=\"twitter:label1\" content=\"Availability\" \/>\n\t<meta name=\"twitter:data1\" content=\"In stock\" \/>\n<script type=\"application\/ld+json\" class=\"yoast-schema-graph\">{\"@context\":\"https:\/\/schema.org\",\"@graph\":[{\"@type\":\"WebPage\",\"@id\":\"https:\/\/www.artestar.eu\/en\/al-por-mayor\/10-collar-lactancia-mordedor-bebe\/\",\"url\":\"https:\/\/www.artestar.eu\/en\/al-por-mayor\/10-collar-lactancia-mordedor-bebe\/\",\"name\":\"10 Collar Lactancia Mordedor Beb\u00e9 - Artestar\",\"isPartOf\":{\"@id\":\"https:\/\/www.artestar.eu\/en\/#website\"},\"datePublished\":\"2023-12-11T08:47:02+00:00\",\"dateModified\":\"2023-12-14T10:51:06+00:00\",\"description\":\"Collar Lactancia Mordedor Bebe,mordedor bebe juguetes bebe 6 meses chupetes cosas para bebes recien nacidos mordedores bebe regalos bebes\",\"breadcrumb\":{\"@id\":\"https:\/\/www.artestar.eu\/en\/al-por-mayor\/10-collar-lactancia-mordedor-bebe\/#breadcrumb\"},\"inLanguage\":\"en-US\",\"potentialAction\":[{\"@type\":\"ReadAction\",\"target\":[\"https:\/\/www.artestar.eu\/en\/al-por-mayor\/10-collar-lactancia-mordedor-bebe\/\"]}]},{\"@type\":\"BreadcrumbList\",\"@id\":\"https:\/\/www.artestar.eu\/en\/al-por-mayor\/10-collar-lactancia-mordedor-bebe\/#breadcrumb\",\"itemListElement\":[{\"@type\":\"ListItem\",\"position\":1,\"name\":\"Artestar\",\"item\":\"https:\/\/www.artestar.eu\/en\/\"},{\"@type\":\"ListItem\",\"position\":2,\"name\":\"Al-wholesale\",\"item\":\"https:\/\/www.artestar.eu\/en\/wholesale\/\"},{\"@type\":\"ListItem\",\"position\":3,\"name\":\"10 Collar Lactancia Mordedor Beb\u00e9\"}]},{\"@type\":\"WebSite\",\"@id\":\"https:\/\/www.artestar.eu\/en\/#website\",\"url\":\"https:\/\/www.artestar.eu\/en\/\",\"name\":\"Artestar\",\"description\":\"Mayorista en abalorios y joyer\u00eda\",\"publisher\":{\"@id\":\"https:\/\/www.artestar.eu\/en\/#organization\"},\"alternateName\":\"Artestar-EU\",\"potentialAction\":[{\"@type\":\"SearchAction\",\"target\":{\"@type\":\"EntryPoint\",\"urlTemplate\":\"https:\/\/www.artestar.eu\/en\/?s={search_term_string}\"},\"query-input\":\"required name=search_term_string\"}],\"inLanguage\":\"en-US\"},{\"@type\":[\"Organization\",\"Place\"],\"@id\":\"https:\/\/www.artestar.eu\/en\/#organization\",\"name\":\"RUBY ABALORIO S.L.\",\"alternateName\":\"Artestar\",\"url\":\"https:\/\/www.artestar.eu\/en\/\",\"logo\":{\"@id\":\"https:\/\/www.artestar.eu\/en\/al-por-mayor\/10-collar-lactancia-mordedor-bebe\/#local-main-organization-logo\"},\"image\":{\"@id\":\"https:\/\/www.artestar.eu\/en\/al-por-mayor\/10-collar-lactancia-mordedor-bebe\/#local-main-organization-logo\"},\"sameAs\":[\"https:\/\/www.facebook.com\/ARTESTAREU\",\"https:\/\/www.instagram.com\/artestareu\/\",\"https:\/\/www.pinterest.es\/artestar_eu\/\",\"https:\/\/www.tiktok.com\/@artestar_wholesale\"],\"openingHoursSpecification\":[{\"@type\":\"OpeningHoursSpecification\",\"dayOfWeek\":[\"Monday\",\"Tuesday\",\"Wednesday\",\"Thursday\",\"Friday\",\"Saturday\",\"Sunday\"],\"opens\":\"09:00\",\"closes\":\"17:00\"}]},{\"@type\":\"ImageObject\",\"inLanguage\":\"en-US\",\"@id\":\"https:\/\/www.artestar.eu\/en\/al-por-mayor\/10-collar-lactancia-mordedor-bebe\/#local-main-organization-logo\",\"url\":\"https:\/\/www.artestar.eu\/wp-content\/uploads\/2023\/05\/cropped-png.png\",\"contentUrl\":\"https:\/\/www.artestar.eu\/wp-content\/uploads\/2023\/05\/cropped-png.png\",\"width\":512,\"height\":512,\"caption\":\"RUBY ABALORIO S.L.\"}]}<\/script>\n<meta property=\"og:availability\" content=\"instock\" \/>\n<meta property=\"product:availability\" content=\"instock\" \/>\n<meta property=\"product:retailer_item_id\" content=\"CPF0003\" \/>\n<meta property=\"product:condition\" content=\"new\" \/>\n<!-- \/ Yoast SEO Premium plugin. -->","yoast_head_json":{"title":"10 Collar Lactancia Mordedor Beb\u00e9 - Artestar","description":"Collar Lactancia Mordedor Bebe,mordedor bebe juguetes bebe 6 meses chupetes cosas para bebes recien nacidos mordedores bebe regalos bebes","robots":{"index":"index","follow":"follow","max-snippet":"max-snippet:-1","max-image-preview":"max-image-preview:large","max-video-preview":"max-video-preview:-1"},"canonical":"https:\/\/www.artestar.eu\/en\/al-por-mayor\/10-collar-lactancia-mordedor-bebe\/","og_locale":"en_US","og_type":"article","og_title":"10 Collar Lactancia Mordedor Beb\u00e9","og_description":"Collar Lactancia Mordedor Bebe,mordedor bebe juguetes bebe 6 meses chupetes cosas para bebes recien nacidos mordedores bebe regalos bebes","og_url":"https:\/\/www.artestar.eu\/en\/al-por-mayor\/10-collar-lactancia-mordedor-bebe\/","og_site_name":"Artestar","article_publisher":"https:\/\/www.facebook.com\/ARTESTAREU","article_modified_time":"2023-12-14T10:51:06+00:00","og_image":[{"width":1000,"height":1000,"url":"https:\/\/www.artestar.eu\/wp-content\/uploads\/2023\/12\/41EaANZQ77L.jpg","type":"image\/jpeg"}],"twitter_card":"summary_large_image","twitter_misc":{"Availability":"In stock"},"schema":{"@context":"https:\/\/schema.org","@graph":[{"@type":"WebPage","@id":"https:\/\/www.artestar.eu\/en\/al-por-mayor\/10-collar-lactancia-mordedor-bebe\/","url":"https:\/\/www.artestar.eu\/en\/al-por-mayor\/10-collar-lactancia-mordedor-bebe\/","name":"10 Collar Lactancia Mordedor Beb\u00e9 - Artestar","isPartOf":{"@id":"https:\/\/www.artestar.eu\/en\/#website"},"datePublished":"2023-12-11T08:47:02+00:00","dateModified":"2023-12-14T10:51:06+00:00","description":"Collar Lactancia Mordedor Bebe,mordedor bebe juguetes bebe 6 meses chupetes cosas para bebes recien nacidos mordedores bebe regalos bebes","breadcrumb":{"@id":"https:\/\/www.artestar.eu\/en\/al-por-mayor\/10-collar-lactancia-mordedor-bebe\/#breadcrumb"},"inLanguage":"en-US","potentialAction":[{"@type":"ReadAction","target":["https:\/\/www.artestar.eu\/en\/al-por-mayor\/10-collar-lactancia-mordedor-bebe\/"]}]},{"@type":"BreadcrumbList","@id":"https:\/\/www.artestar.eu\/en\/al-por-mayor\/10-collar-lactancia-mordedor-bebe\/#breadcrumb","itemListElement":[{"@type":"ListItem","position":1,"name":"Artestar","item":"https:\/\/www.artestar.eu\/en\/"},{"@type":"ListItem","position":2,"name":"Al-wholesale","item":"https:\/\/www.artestar.eu\/en\/wholesale\/"},{"@type":"ListItem","position":3,"name":"10 Collar Lactancia Mordedor Beb\u00e9"}]},{"@type":"WebSite","@id":"https:\/\/www.artestar.eu\/en\/#website","url":"https:\/\/www.artestar.eu\/en\/","name":"Artestar","description":"Mayorista en abalorios y joyer\u00eda","publisher":{"@id":"https:\/\/www.artestar.eu\/en\/#organization"},"alternateName":"Artestar-EU","potentialAction":[{"@type":"SearchAction","target":{"@type":"EntryPoint","urlTemplate":"https:\/\/www.artestar.eu\/en\/?s={search_term_string}"},"query-input":"required name=search_term_string"}],"inLanguage":"en-US"},{"@type":["Organization","Place"],"@id":"https:\/\/www.artestar.eu\/en\/#organization","name":"RUBY ABALORIO S.L.","alternateName":"Artestar","url":"https:\/\/www.artestar.eu\/en\/","logo":{"@id":"https:\/\/www.artestar.eu\/en\/al-por-mayor\/10-collar-lactancia-mordedor-bebe\/#local-main-organization-logo"},"image":{"@id":"https:\/\/www.artestar.eu\/en\/al-por-mayor\/10-collar-lactancia-mordedor-bebe\/#local-main-organization-logo"},"sameAs":["https:\/\/www.facebook.com\/ARTESTAREU","https:\/\/www.instagram.com\/artestareu\/","https:\/\/www.pinterest.es\/artestar_eu\/","https:\/\/www.tiktok.com\/@artestar_wholesale"],"openingHoursSpecification":[{"@type":"OpeningHoursSpecification","dayOfWeek":["Monday","Tuesday","Wednesday","Thursday","Friday","Saturday","Sunday"],"opens":"09:00","closes":"17:00"}]},{"@type":"ImageObject","inLanguage":"en-US","@id":"https:\/\/www.artestar.eu\/en\/al-por-mayor\/10-collar-lactancia-mordedor-bebe\/#local-main-organization-logo","url":"https:\/\/www.artestar.eu\/wp-content\/uploads\/2023\/05\/cropped-png.png","contentUrl":"https:\/\/www.artestar.eu\/wp-content\/uploads\/2023\/05\/cropped-png.png","width":512,"height":512,"caption":"RUBY ABALORIO S.L."}]},"og_availability":"instock","product_availability":"instock","product_retailer_item_id":"CPF0003","product_condition":"new"},"tiered_pricing_type":"fixed","tiered_pricing_fixed_rules":[],"tiered_pricing_percentage_rules":[],"tiered_pricing_minimum":null,"_administrator_tiered_pricing_type":"fixed","_administrator_tiered_pricing_fixed_rules":[],"_editor_tiered_pricing_type":"fixed","_editor_tiered_pricing_fixed_rules":[],"_author_tiered_pricing_type":"fixed","_author_tiered_pricing_fixed_rules":[],"_contributor_tiered_pricing_type":"fixed","_contributor_tiered_pricing_fixed_rules":[],"_subscriber_tiered_pricing_type":"fixed","_subscriber_tiered_pricing_fixed_rules":[],"_wpseo_manager_tiered_pricing_type":"fixed","_wpseo_manager_tiered_pricing_fixed_rules":[],"_wpseo_editor_tiered_pricing_type":"fixed","_wpseo_editor_tiered_pricing_fixed_rules":[],"_customer_tiered_pricing_type":"fixed","_customer_tiered_pricing_fixed_rules":[],"_shop_manager_tiered_pricing_type":"fixed","_shop_manager_tiered_pricing_fixed_rules":[],"_product_manager_tiered_pricing_type":"fixed","_product_manager_tiered_pricing_fixed_rules":[],"_links":{"self":[{"href":"https:\/\/www.artestar.eu\/en\/wp-json\/wp\/v2\/product\/53424"}],"collection":[{"href":"https:\/\/www.artestar.eu\/en\/wp-json\/wp\/v2\/product"}],"about":[{"href":"https:\/\/www.artestar.eu\/en\/wp-json\/wp\/v2\/types\/product"}],"replies":[{"embeddable":true,"href":"https:\/\/www.artestar.eu\/en\/wp-json\/wp\/v2\/comments?post=53424"}],"version-history":[{"count":3,"href":"https:\/\/www.artestar.eu\/en\/wp-json\/wp\/v2\/product\/53424\/revisions"}],"predecessor-version":[{"id":57889,"href":"https:\/\/www.artestar.eu\/en\/wp-json\/wp\/v2\/product\/53424\/revisions\/57889"}],"wp:featuredmedia":[{"embeddable":true,"href":"https:\/\/www.artestar.eu\/en\/wp-json\/wp\/v2\/media\/53866"}],"wp:attachment":[{"href":"https:\/\/www.artestar.eu\/en\/wp-json\/wp\/v2\/media?parent=53424"}],"wp:term":[{"taxonomy":"product_cat","embeddable":true,"href":"https:\/\/www.artestar.eu\/en\/wp-json\/wp\/v2\/product_cat?post=53424"},{"taxonomy":"product_tag","embeddable":true,"href":"https:\/\/www.artestar.eu\/en\/wp-json\/wp\/v2\/product_tag?post=53424"}],"curies":[{"name":"wp","href":"https:\/\/api.w.org\/{rel}","templated":true}]}}