{"id":53426,"date":"2023-12-11T08:47:02","date_gmt":"2023-12-11T08:47:02","guid":{"rendered":"https:\/\/www.artestar.eu\/?post_type=product&#038;p=53426"},"modified":"2023-12-14T08:48:09","modified_gmt":"2023-12-14T08:48:09","slug":"set-portachupete-para-bebe-2-pcs","status":"publish","type":"product","link":"https:\/\/www.artestar.eu\/en\/al-por-mayor\/set-portachupete-para-bebe-2-pcs\/","title":{"rendered":"set Portachupete para Beb\u00e9 2PCS"},"content":{"rendered":"<h3><strong>Cadena silicona Chupete Bebe Set Portachupete Beb\u00e9<\/strong><\/h3>\n<p>Las cadenas de chupetero de silicona puede colocarse f\u00e1cilmente en la ropa, cuna o\u00a0 el cochecito del beb\u00e9. El dise\u00f1o es simple, <span class=\"a-list-item\">llamativo, sirve como juego y distracci\u00f3n para el ni\u00f1o y un gran accesorio de chupete para beb\u00e9s. L<\/span>iviano y pr\u00e1ctico, f\u00e1cil de transportar y el clip de acero inoxidable es m\u00e1s duradero.<\/p>\n<ul>\n<li>Cantidad: Set de 2 piezas<\/li>\n<li>Cadena chupete beb\u00e9 set portachupete bebe son hechas a mano, las medidas pueden variar seg\u00fan la pieza.<\/li>\n<li>Las cuentas de silicona del kit de cadena chupete bebe est\u00e1n hechas de silicona de grado alimenticio,. Est\u00e1 equipada con un clip chupetero de acero inoxidable y es duradera. El beb\u00e9 puede usar esta chupetero con confianza .<\/li>\n<li><span class=\"a-list-item\">Puede unir la cadena a ropa del beb\u00e9, cochecito, para casi todos los juguetes de agarre, mordedores, etc.<\/span><\/li>\n<li><span class=\"a-list-item\">El regalo perfecto para los reci\u00e9n nacidos: <\/span><span class=\"a-list-item\">son todos hechos a mano, muy pr\u00e1cticos e higi\u00e9nicos y no causar\u00e1n ning\u00fan da\u00f1o al beb\u00e9.<\/span><\/li>\n<li><span class=\"a-list-item\">Tambi\u00e9n es un regalo ideal para futuros padres o para el bautismo.<\/span><\/li>\n<li>Los distintos colores de la sujeta chupetes pueden atraer la atenci\u00f3n del beb\u00e9 y aliviar la incomodidad del beb\u00e9 durante la dentici\u00f3n. El beb\u00e9 tambi\u00e9n puede masticar las cuantas silicona de chupetero para promover el desarrollo de las enc\u00edas del beb\u00e9.<\/li>\n<\/ul>\n<p><a href=\"https:\/\/www.rubydiy.com\/wp-content\/uploads\/2023\/01\/613qzt39ksL.jpg\">\u00a0\u00a0\u00a0\u00a0 <\/a><a href=\"https:\/\/www.rubydiy.com\/wp-content\/uploads\/2023\/01\/610zGwWh2rL.jpg\">\u00a0 \u00a0 \u00a0 \u00a0<\/a><a href=\"https:\/\/www.rubydiy.com\/wp-content\/uploads\/2023\/02\/61RpQpPIYBL.jpg\"><img decoding=\"async\" class=\"alignnone wp-image-63561\" src=\"https:\/\/www.rubydiy.com\/wp-content\/uploads\/2023\/02\/61RpQpPIYBL-300x300.jpg\" alt=\"\" width=\"320\" height=\"320\" \/><\/a><a href=\"https:\/\/www.rubydiy.com\/wp-content\/uploads\/2023\/01\/610zGwWh2rL.jpg\">\u00a0 \u00a0 <img decoding=\"async\" class=\"alignnone wp-image-59300\" src=\"https:\/\/www.rubydiy.com\/wp-content\/uploads\/2023\/01\/61EHdJDI45L-300x300.jpg\" alt=\" Cadena Chupete Bebe Set Portachupete Bebe\" width=\"320\" height=\"320\" \/>\u00a0 \u00a0 \u00a0 \u00a0<\/a><a href=\"https:\/\/www.rubydiy.com\/wp-content\/uploads\/2023\/01\/610zGwWh2rL.jpg\">\u00a0<img decoding=\"async\" class=\"alignnone wp-image-60216\" src=\"https:\/\/www.rubydiy.com\/wp-content\/uploads\/2023\/01\/91Tl1RR8rML-300x300.jpg\" alt=\"Cadena Chupete Beb\u00e9 Set Portachupete Beb\u00e9\" width=\"320\" height=\"320\" \/><\/a><\/p>\n<h3><strong>Chupetero de silicona Beb\u00e9, Set Portachupete Beb\u00e9<\/strong><\/h3>\n<p><strong>Especificaci\u00f3n<\/strong><\/p>\n<ul>\n<li>Pr\u00e1ctico para aliviar el dolor de la dentici\u00f3n de su beb\u00e9 cuando le est\u00e1 saliendo los dientes.<\/li>\n<li>Limpieza: debe ser esterilizado con agua y jab\u00f3n neutro antes de cada uso.<\/li>\n<li>Debe limpiarlo despu\u00e9s de cada uso y dejarlo secar al aire libre.<\/li>\n<li>Comprueba el estado de las bolas a menudo. No meter en el microondas.<\/li>\n<li>El color puede variar levemente debido a su la configuraci\u00f3n de la pantalla.<\/li>\n<li>Tiempo de uso: m\u00e1ximo 6 meses por el higiene y la seguridad de los ni\u00f1os.<\/li>\n<li>El Comprador asume toda la responsabilidad respecto al uso del producto.<\/li>\n<li>Si alg\u00fan da\u00f1o o p\u00e9rdida es causado por la negligencia del comprador, el vendedor no ser\u00e1 responsable.<\/li>\n<\/ul>\n<p><strong>Consejos<\/strong><\/p>\n<ul>\n<li>Si desea esterilizar estas figuras de silicona, l\u00edmpielas simplemente con agua tibia y jab\u00f3n neutro.<\/li>\n<\/ul>\n","protected":false},"excerpt":{"rendered":"<p><strong>Portachupete para B<span class=\"a-list-item\">eb\u00e9<\/span> Set<\/strong><\/p>\n<p><strong>Cantidad <\/strong>\u00a0set de 2 piezas<\/p>\n<p><strong>Material:<\/strong>\u00a0Silicona\/Acero inoxidable<\/p>\n<p><b>100 % hechas a mano, las medidas pueden variar seg\u00fan la pieza.<\/b><\/p>\n","protected":false},"featured_media":53898,"comment_status":"closed","ping_status":"closed","template":"","meta":[],"product_cat":[3708,3145],"product_tag":[],"yoast_head":"<!-- This site is optimized with the Yoast SEO Premium plugin v20.5 (Yoast SEO v21.5) - https:\/\/yoast.com\/wordpress\/plugins\/seo\/ -->\n<title>set Portachupete para Beb\u00e9 2PCS - Artestar<\/title>\n<meta name=\"description\" content=\"Portachupete para Beb\u00e9 Set chupetero silicona cadena chupete bebe personalizado,el mejor regalos bebes recien nacidos originales\" \/>\n<meta name=\"robots\" content=\"index, follow, max-snippet:-1, max-image-preview:large, max-video-preview:-1\" \/>\n<link rel=\"canonical\" href=\"https:\/\/www.artestar.eu\/en\/al-por-mayor\/set-portachupete-para-bebe-2-pcs\/\" \/>\n<meta property=\"og:locale\" content=\"en_US\" \/>\n<meta property=\"og:type\" content=\"article\" \/>\n<meta property=\"og:title\" content=\"set Portachupete para Beb\u00e9 2PCS\" \/>\n<meta property=\"og:description\" content=\"Portachupete para Beb\u00e9 Set chupetero silicona cadena chupete bebe personalizado,el mejor regalos bebes recien nacidos originales\" \/>\n<meta property=\"og:url\" content=\"https:\/\/www.artestar.eu\/en\/al-por-mayor\/set-portachupete-para-bebe-2-pcs\/\" \/>\n<meta property=\"og:site_name\" content=\"Artestar\" \/>\n<meta property=\"article:publisher\" content=\"https:\/\/www.facebook.com\/ARTESTAREU\" \/>\n<meta property=\"article:modified_time\" content=\"2023-12-14T08:48:09+00:00\" \/>\n<meta property=\"og:image\" content=\"https:\/\/www.artestar.eu\/wp-content\/uploads\/2023\/12\/414MZTEoF-L.jpg\" \/>\n\t<meta property=\"og:image:width\" content=\"1600\" \/>\n\t<meta property=\"og:image:height\" content=\"1600\" \/>\n\t<meta property=\"og:image:type\" content=\"image\/jpeg\" \/>\n<meta name=\"twitter:card\" content=\"summary_large_image\" \/>\n<meta name=\"twitter:label1\" content=\"Availability\" \/>\n\t<meta name=\"twitter:data1\" content=\"In stock\" \/>\n<script type=\"application\/ld+json\" class=\"yoast-schema-graph\">{\"@context\":\"https:\/\/schema.org\",\"@graph\":[{\"@type\":\"WebPage\",\"@id\":\"https:\/\/www.artestar.eu\/en\/al-por-mayor\/set-portachupete-para-bebe-2-pcs\/\",\"url\":\"https:\/\/www.artestar.eu\/en\/al-por-mayor\/set-portachupete-para-bebe-2-pcs\/\",\"name\":\"set Portachupete para Beb\u00e9 2PCS - Artestar\",\"isPartOf\":{\"@id\":\"https:\/\/www.artestar.eu\/en\/#website\"},\"datePublished\":\"2023-12-11T08:47:02+00:00\",\"dateModified\":\"2023-12-14T08:48:09+00:00\",\"description\":\"Portachupete para Beb\u00e9 Set chupetero silicona cadena chupete bebe personalizado,el mejor regalos bebes recien nacidos originales\",\"breadcrumb\":{\"@id\":\"https:\/\/www.artestar.eu\/en\/al-por-mayor\/set-portachupete-para-bebe-2-pcs\/#breadcrumb\"},\"inLanguage\":\"en-US\",\"potentialAction\":[{\"@type\":\"ReadAction\",\"target\":[\"https:\/\/www.artestar.eu\/en\/al-por-mayor\/set-portachupete-para-bebe-2-pcs\/\"]}]},{\"@type\":\"BreadcrumbList\",\"@id\":\"https:\/\/www.artestar.eu\/en\/al-por-mayor\/set-portachupete-para-bebe-2-pcs\/#breadcrumb\",\"itemListElement\":[{\"@type\":\"ListItem\",\"position\":1,\"name\":\"Artestar\",\"item\":\"https:\/\/www.artestar.eu\/en\/\"},{\"@type\":\"ListItem\",\"position\":2,\"name\":\"Al-wholesale\",\"item\":\"https:\/\/www.artestar.eu\/en\/wholesale\/\"},{\"@type\":\"ListItem\",\"position\":3,\"name\":\"set Portachupete para Beb\u00e9 2PCS\"}]},{\"@type\":\"WebSite\",\"@id\":\"https:\/\/www.artestar.eu\/en\/#website\",\"url\":\"https:\/\/www.artestar.eu\/en\/\",\"name\":\"Artestar\",\"description\":\"Mayorista en abalorios y joyer\u00eda\",\"publisher\":{\"@id\":\"https:\/\/www.artestar.eu\/en\/#organization\"},\"alternateName\":\"Artestar-EU\",\"potentialAction\":[{\"@type\":\"SearchAction\",\"target\":{\"@type\":\"EntryPoint\",\"urlTemplate\":\"https:\/\/www.artestar.eu\/en\/?s={search_term_string}\"},\"query-input\":\"required name=search_term_string\"}],\"inLanguage\":\"en-US\"},{\"@type\":[\"Organization\",\"Place\"],\"@id\":\"https:\/\/www.artestar.eu\/en\/#organization\",\"name\":\"RUBY ABALORIO S.L.\",\"alternateName\":\"Artestar\",\"url\":\"https:\/\/www.artestar.eu\/en\/\",\"logo\":{\"@id\":\"https:\/\/www.artestar.eu\/en\/al-por-mayor\/set-portachupete-para-bebe-2-pcs\/#local-main-organization-logo\"},\"image\":{\"@id\":\"https:\/\/www.artestar.eu\/en\/al-por-mayor\/set-portachupete-para-bebe-2-pcs\/#local-main-organization-logo\"},\"sameAs\":[\"https:\/\/www.facebook.com\/ARTESTAREU\",\"https:\/\/www.instagram.com\/artestareu\/\",\"https:\/\/www.pinterest.es\/artestar_eu\/\",\"https:\/\/www.tiktok.com\/@artestar_wholesale\"],\"openingHoursSpecification\":[{\"@type\":\"OpeningHoursSpecification\",\"dayOfWeek\":[\"Monday\",\"Tuesday\",\"Wednesday\",\"Thursday\",\"Friday\",\"Saturday\",\"Sunday\"],\"opens\":\"09:00\",\"closes\":\"17:00\"}]},{\"@type\":\"ImageObject\",\"inLanguage\":\"en-US\",\"@id\":\"https:\/\/www.artestar.eu\/en\/al-por-mayor\/set-portachupete-para-bebe-2-pcs\/#local-main-organization-logo\",\"url\":\"https:\/\/www.artestar.eu\/wp-content\/uploads\/2023\/05\/cropped-png.png\",\"contentUrl\":\"https:\/\/www.artestar.eu\/wp-content\/uploads\/2023\/05\/cropped-png.png\",\"width\":512,\"height\":512,\"caption\":\"RUBY ABALORIO S.L.\"}]}<\/script>\n<meta property=\"og:availability\" content=\"instock\" \/>\n<meta property=\"product:availability\" content=\"instock\" \/>\n<meta property=\"product:retailer_item_id\" content=\"CPF0005\" \/>\n<meta property=\"product:condition\" content=\"new\" \/>\n<!-- \/ Yoast SEO Premium plugin. -->","yoast_head_json":{"title":"set Portachupete para Beb\u00e9 2PCS - Artestar","description":"Portachupete para Beb\u00e9 Set chupetero silicona cadena chupete bebe personalizado,el mejor regalos bebes recien nacidos originales","robots":{"index":"index","follow":"follow","max-snippet":"max-snippet:-1","max-image-preview":"max-image-preview:large","max-video-preview":"max-video-preview:-1"},"canonical":"https:\/\/www.artestar.eu\/en\/al-por-mayor\/set-portachupete-para-bebe-2-pcs\/","og_locale":"en_US","og_type":"article","og_title":"set Portachupete para Beb\u00e9 2PCS","og_description":"Portachupete para Beb\u00e9 Set chupetero silicona cadena chupete bebe personalizado,el mejor regalos bebes recien nacidos originales","og_url":"https:\/\/www.artestar.eu\/en\/al-por-mayor\/set-portachupete-para-bebe-2-pcs\/","og_site_name":"Artestar","article_publisher":"https:\/\/www.facebook.com\/ARTESTAREU","article_modified_time":"2023-12-14T08:48:09+00:00","og_image":[{"width":1600,"height":1600,"url":"https:\/\/www.artestar.eu\/wp-content\/uploads\/2023\/12\/414MZTEoF-L.jpg","type":"image\/jpeg"}],"twitter_card":"summary_large_image","twitter_misc":{"Availability":"In stock"},"schema":{"@context":"https:\/\/schema.org","@graph":[{"@type":"WebPage","@id":"https:\/\/www.artestar.eu\/en\/al-por-mayor\/set-portachupete-para-bebe-2-pcs\/","url":"https:\/\/www.artestar.eu\/en\/al-por-mayor\/set-portachupete-para-bebe-2-pcs\/","name":"set Portachupete para Beb\u00e9 2PCS - Artestar","isPartOf":{"@id":"https:\/\/www.artestar.eu\/en\/#website"},"datePublished":"2023-12-11T08:47:02+00:00","dateModified":"2023-12-14T08:48:09+00:00","description":"Portachupete para Beb\u00e9 Set chupetero silicona cadena chupete bebe personalizado,el mejor regalos bebes recien nacidos originales","breadcrumb":{"@id":"https:\/\/www.artestar.eu\/en\/al-por-mayor\/set-portachupete-para-bebe-2-pcs\/#breadcrumb"},"inLanguage":"en-US","potentialAction":[{"@type":"ReadAction","target":["https:\/\/www.artestar.eu\/en\/al-por-mayor\/set-portachupete-para-bebe-2-pcs\/"]}]},{"@type":"BreadcrumbList","@id":"https:\/\/www.artestar.eu\/en\/al-por-mayor\/set-portachupete-para-bebe-2-pcs\/#breadcrumb","itemListElement":[{"@type":"ListItem","position":1,"name":"Artestar","item":"https:\/\/www.artestar.eu\/en\/"},{"@type":"ListItem","position":2,"name":"Al-wholesale","item":"https:\/\/www.artestar.eu\/en\/wholesale\/"},{"@type":"ListItem","position":3,"name":"set Portachupete para Beb\u00e9 2PCS"}]},{"@type":"WebSite","@id":"https:\/\/www.artestar.eu\/en\/#website","url":"https:\/\/www.artestar.eu\/en\/","name":"Artestar","description":"Mayorista en abalorios y joyer\u00eda","publisher":{"@id":"https:\/\/www.artestar.eu\/en\/#organization"},"alternateName":"Artestar-EU","potentialAction":[{"@type":"SearchAction","target":{"@type":"EntryPoint","urlTemplate":"https:\/\/www.artestar.eu\/en\/?s={search_term_string}"},"query-input":"required name=search_term_string"}],"inLanguage":"en-US"},{"@type":["Organization","Place"],"@id":"https:\/\/www.artestar.eu\/en\/#organization","name":"RUBY ABALORIO S.L.","alternateName":"Artestar","url":"https:\/\/www.artestar.eu\/en\/","logo":{"@id":"https:\/\/www.artestar.eu\/en\/al-por-mayor\/set-portachupete-para-bebe-2-pcs\/#local-main-organization-logo"},"image":{"@id":"https:\/\/www.artestar.eu\/en\/al-por-mayor\/set-portachupete-para-bebe-2-pcs\/#local-main-organization-logo"},"sameAs":["https:\/\/www.facebook.com\/ARTESTAREU","https:\/\/www.instagram.com\/artestareu\/","https:\/\/www.pinterest.es\/artestar_eu\/","https:\/\/www.tiktok.com\/@artestar_wholesale"],"openingHoursSpecification":[{"@type":"OpeningHoursSpecification","dayOfWeek":["Monday","Tuesday","Wednesday","Thursday","Friday","Saturday","Sunday"],"opens":"09:00","closes":"17:00"}]},{"@type":"ImageObject","inLanguage":"en-US","@id":"https:\/\/www.artestar.eu\/en\/al-por-mayor\/set-portachupete-para-bebe-2-pcs\/#local-main-organization-logo","url":"https:\/\/www.artestar.eu\/wp-content\/uploads\/2023\/05\/cropped-png.png","contentUrl":"https:\/\/www.artestar.eu\/wp-content\/uploads\/2023\/05\/cropped-png.png","width":512,"height":512,"caption":"RUBY ABALORIO S.L."}]},"og_availability":"instock","product_availability":"instock","product_retailer_item_id":"CPF0005","product_condition":"new"},"tiered_pricing_type":"fixed","tiered_pricing_fixed_rules":[],"tiered_pricing_percentage_rules":[],"tiered_pricing_minimum":null,"_administrator_tiered_pricing_type":"fixed","_administrator_tiered_pricing_fixed_rules":[],"_editor_tiered_pricing_type":"fixed","_editor_tiered_pricing_fixed_rules":[],"_author_tiered_pricing_type":"fixed","_author_tiered_pricing_fixed_rules":[],"_contributor_tiered_pricing_type":"fixed","_contributor_tiered_pricing_fixed_rules":[],"_subscriber_tiered_pricing_type":"fixed","_subscriber_tiered_pricing_fixed_rules":[],"_wpseo_manager_tiered_pricing_type":"fixed","_wpseo_manager_tiered_pricing_fixed_rules":[],"_wpseo_editor_tiered_pricing_type":"fixed","_wpseo_editor_tiered_pricing_fixed_rules":[],"_customer_tiered_pricing_type":"fixed","_customer_tiered_pricing_fixed_rules":[],"_shop_manager_tiered_pricing_type":"fixed","_shop_manager_tiered_pricing_fixed_rules":[],"_product_manager_tiered_pricing_type":"fixed","_product_manager_tiered_pricing_fixed_rules":[],"_links":{"self":[{"href":"https:\/\/www.artestar.eu\/en\/wp-json\/wp\/v2\/product\/53426"}],"collection":[{"href":"https:\/\/www.artestar.eu\/en\/wp-json\/wp\/v2\/product"}],"about":[{"href":"https:\/\/www.artestar.eu\/en\/wp-json\/wp\/v2\/types\/product"}],"replies":[{"embeddable":true,"href":"https:\/\/www.artestar.eu\/en\/wp-json\/wp\/v2\/comments?post=53426"}],"version-history":[{"count":3,"href":"https:\/\/www.artestar.eu\/en\/wp-json\/wp\/v2\/product\/53426\/revisions"}],"predecessor-version":[{"id":57761,"href":"https:\/\/www.artestar.eu\/en\/wp-json\/wp\/v2\/product\/53426\/revisions\/57761"}],"wp:featuredmedia":[{"embeddable":true,"href":"https:\/\/www.artestar.eu\/en\/wp-json\/wp\/v2\/media\/53898"}],"wp:attachment":[{"href":"https:\/\/www.artestar.eu\/en\/wp-json\/wp\/v2\/media?parent=53426"}],"wp:term":[{"taxonomy":"product_cat","embeddable":true,"href":"https:\/\/www.artestar.eu\/en\/wp-json\/wp\/v2\/product_cat?post=53426"},{"taxonomy":"product_tag","embeddable":true,"href":"https:\/\/www.artestar.eu\/en\/wp-json\/wp\/v2\/product_tag?post=53426"}],"curies":[{"name":"wp","href":"https:\/\/api.w.org\/{rel}","templated":true}]}}