{"id":55988,"date":"2023-12-11T14:32:17","date_gmt":"2023-12-11T14:32:17","guid":{"rendered":"https:\/\/www.artestar.eu\/?post_type=product&#038;p=55988"},"modified":"2023-12-14T09:30:32","modified_gmt":"2023-12-14T09:30:32","slug":"10-sonajero-de-conejo-a-crochet-con-ganchillo","status":"publish","type":"product","link":"https:\/\/www.artestar.eu\/en\/al-por-mayor\/10-sonajero-de-conejo-a-crochet-con-ganchillo\/","title":{"rendered":"10 Sonajero de Conejo a Crochet con Ganchillo"},"content":{"rendered":"<p><strong>Sonajero de conejo crochet para beb\u00e9<\/strong><\/p>\n<p>Figuras de crochet para sonajero y mordedor de beb\u00e9 . Tejido al crochet con algod\u00f3n natural 100%, es seguro, ecol\u00f3gico e hipoalerg\u00e9nico.. Ligero y resistente para un largo uso.<\/p>\n<ul>\n<li>Cantidad: 10pc<\/li>\n<li>Tama\u00f1o: 80 x 45mm de forma conejo con gancho<\/li>\n<li>100 % hechas a mano, las medidas pueden variar seg\u00fan la pieza.<\/li>\n<li>Cascabel en su interior, sonido despu\u00e9s de sacudir<\/li>\n<li>La pieza de agarre de tama\u00f1o mediano es adecuada para que el beb\u00e9 la agarre, lo que promueve el crecimiento y desarrollo de los ni\u00f1os.<\/li>\n<li>Apto para ni\u00f1os de cualquier edad. Perfecto elemento de juego, decoraci\u00f3n en habitaciones infantiles o como atrezo fotogr\u00e1fico.<\/li>\n<li>El lindo dise\u00f1o de conejito atraer\u00e1 el amor y la atenci\u00f3n de su beb\u00e9, la forma del animal es para ayudar al beb\u00e9 a conocer los animales peque\u00f1os.<\/li>\n<\/ul>\n<h3><strong>Sonajero de conejo crochet para chupeteros<\/strong><\/h3>\n<p><strong>Especificaci\u00f3n<\/strong><\/p>\n<ul>\n<li>Solo juguete de sonajero de ganchillo para beb\u00e9, no se incluye la demostraci\u00f3n de otros accesorios en la imagen.<\/li>\n<li>El color puede variar levemente debido a su la configuraci\u00f3n de la pantalla.<\/li>\n<li>El Comprador asume toda la responsabilidad respecto al uso del producto.<\/li>\n<li>Si alg\u00fan da\u00f1o o p\u00e9rdida es causado por la negligencia del comprador, el vendedor no ser\u00e1 responsable.<\/li>\n<\/ul>\n<p><strong>Consejos<\/strong><\/p>\n<ul>\n<li>Si desea esterilizar estas figuras de crochet, l\u00edmpielas simplemente con agua tibia y jab\u00f3n neutro.<\/li>\n<\/ul>\n","protected":false},"excerpt":{"rendered":"<p><b>100 % hechas a mano, las medidas pueden variar\u00a0seg\u00fan la\u00a0pieza.<\/b><\/p>\n<p><b>Cascabel en su interior, sonido despu\u00e9s de sacudir.<\/b><\/p>\n<p><strong>Medidas aproximadas :<\/strong>\u00a08cm x 4.5cm ( orejas incluidas )<\/p>\n<p><strong>Cantidad :<\/strong> 10 ud.<\/p>\n<p><strong>Material:<\/strong>\u00a0 Algod\u00f3n \/ Metal<\/p>\n","protected":false},"featured_media":56067,"comment_status":"closed","ping_status":"closed","template":"","meta":[],"product_cat":[3712,3145],"product_tag":[],"yoast_head":"<!-- This site is optimized with the Yoast SEO Premium plugin v20.5 (Yoast SEO v21.5) - https:\/\/yoast.com\/wordpress\/plugins\/seo\/ -->\n<title>Sonajero de conejo crochet para beb\u00e9 - Artestar<\/title>\n<meta name=\"description\" content=\"Sonajero de conejo crochet para beb\u00e9, Crochet de Conejo para hacer Chupeteros, Crochet Conejito para Montar Chupeteros y Sonajeros para Beb\u00e9\" \/>\n<meta name=\"robots\" content=\"index, follow, max-snippet:-1, max-image-preview:large, max-video-preview:-1\" \/>\n<link rel=\"canonical\" href=\"https:\/\/www.artestar.eu\/en\/al-por-mayor\/10-sonajero-de-conejo-a-crochet-con-ganchillo\/\" \/>\n<meta property=\"og:locale\" content=\"en_US\" \/>\n<meta property=\"og:type\" content=\"article\" \/>\n<meta property=\"og:title\" content=\"10 Sonajero de Conejo a Crochet con Ganchillo\" \/>\n<meta property=\"og:description\" content=\"Sonajero de conejo crochet para beb\u00e9, Crochet de Conejo para hacer Chupeteros, Crochet Conejito para Montar Chupeteros y Sonajeros para Beb\u00e9\" \/>\n<meta property=\"og:url\" content=\"https:\/\/www.artestar.eu\/en\/al-por-mayor\/10-sonajero-de-conejo-a-crochet-con-ganchillo\/\" \/>\n<meta property=\"og:site_name\" content=\"Artestar\" \/>\n<meta property=\"article:publisher\" content=\"https:\/\/www.facebook.com\/ARTESTAREU\" \/>\n<meta property=\"article:modified_time\" content=\"2023-12-14T09:30:32+00:00\" \/>\n<meta property=\"og:image\" content=\"https:\/\/www.artestar.eu\/wp-content\/uploads\/2023\/12\/CONEJO-CASCABEL-AZ.jpg\" \/>\n\t<meta property=\"og:image:width\" content=\"1500\" \/>\n\t<meta property=\"og:image:height\" content=\"1500\" \/>\n\t<meta property=\"og:image:type\" content=\"image\/jpeg\" \/>\n<meta name=\"twitter:card\" content=\"summary_large_image\" \/>\n<meta name=\"twitter:label1\" content=\"Availability\" \/>\n\t<meta name=\"twitter:data1\" content=\"In stock\" \/>\n<script type=\"application\/ld+json\" class=\"yoast-schema-graph\">{\"@context\":\"https:\/\/schema.org\",\"@graph\":[{\"@type\":\"WebPage\",\"@id\":\"https:\/\/www.artestar.eu\/en\/al-por-mayor\/10-sonajero-de-conejo-a-crochet-con-ganchillo\/\",\"url\":\"https:\/\/www.artestar.eu\/en\/al-por-mayor\/10-sonajero-de-conejo-a-crochet-con-ganchillo\/\",\"name\":\"Sonajero de conejo crochet para beb\u00e9 - Artestar\",\"isPartOf\":{\"@id\":\"https:\/\/www.artestar.eu\/en\/#website\"},\"datePublished\":\"2023-12-11T14:32:17+00:00\",\"dateModified\":\"2023-12-14T09:30:32+00:00\",\"description\":\"Sonajero de conejo crochet para beb\u00e9, Crochet de Conejo para hacer Chupeteros, Crochet Conejito para Montar Chupeteros y Sonajeros para Beb\u00e9\",\"breadcrumb\":{\"@id\":\"https:\/\/www.artestar.eu\/en\/al-por-mayor\/10-sonajero-de-conejo-a-crochet-con-ganchillo\/#breadcrumb\"},\"inLanguage\":\"en-US\",\"potentialAction\":[{\"@type\":\"ReadAction\",\"target\":[\"https:\/\/www.artestar.eu\/en\/al-por-mayor\/10-sonajero-de-conejo-a-crochet-con-ganchillo\/\"]}]},{\"@type\":\"BreadcrumbList\",\"@id\":\"https:\/\/www.artestar.eu\/en\/al-por-mayor\/10-sonajero-de-conejo-a-crochet-con-ganchillo\/#breadcrumb\",\"itemListElement\":[{\"@type\":\"ListItem\",\"position\":1,\"name\":\"Artestar\",\"item\":\"https:\/\/www.artestar.eu\/en\/\"},{\"@type\":\"ListItem\",\"position\":2,\"name\":\"Al-wholesale\",\"item\":\"https:\/\/www.artestar.eu\/en\/wholesale\/\"},{\"@type\":\"ListItem\",\"position\":3,\"name\":\"10 Sonajero de Conejo a Crochet con Ganchillo\"}]},{\"@type\":\"WebSite\",\"@id\":\"https:\/\/www.artestar.eu\/en\/#website\",\"url\":\"https:\/\/www.artestar.eu\/en\/\",\"name\":\"Artestar\",\"description\":\"Mayorista en abalorios y joyer\u00eda\",\"publisher\":{\"@id\":\"https:\/\/www.artestar.eu\/en\/#organization\"},\"alternateName\":\"Artestar-EU\",\"potentialAction\":[{\"@type\":\"SearchAction\",\"target\":{\"@type\":\"EntryPoint\",\"urlTemplate\":\"https:\/\/www.artestar.eu\/en\/?s={search_term_string}\"},\"query-input\":\"required name=search_term_string\"}],\"inLanguage\":\"en-US\"},{\"@type\":[\"Organization\",\"Place\"],\"@id\":\"https:\/\/www.artestar.eu\/en\/#organization\",\"name\":\"RUBY ABALORIO S.L.\",\"alternateName\":\"Artestar\",\"url\":\"https:\/\/www.artestar.eu\/en\/\",\"logo\":{\"@id\":\"https:\/\/www.artestar.eu\/en\/al-por-mayor\/10-sonajero-de-conejo-a-crochet-con-ganchillo\/#local-main-organization-logo\"},\"image\":{\"@id\":\"https:\/\/www.artestar.eu\/en\/al-por-mayor\/10-sonajero-de-conejo-a-crochet-con-ganchillo\/#local-main-organization-logo\"},\"sameAs\":[\"https:\/\/www.facebook.com\/ARTESTAREU\",\"https:\/\/www.instagram.com\/artestareu\/\",\"https:\/\/www.pinterest.es\/artestar_eu\/\",\"https:\/\/www.tiktok.com\/@artestar_wholesale\"],\"openingHoursSpecification\":[{\"@type\":\"OpeningHoursSpecification\",\"dayOfWeek\":[\"Monday\",\"Tuesday\",\"Wednesday\",\"Thursday\",\"Friday\",\"Saturday\",\"Sunday\"],\"opens\":\"09:00\",\"closes\":\"17:00\"}]},{\"@type\":\"ImageObject\",\"inLanguage\":\"en-US\",\"@id\":\"https:\/\/www.artestar.eu\/en\/al-por-mayor\/10-sonajero-de-conejo-a-crochet-con-ganchillo\/#local-main-organization-logo\",\"url\":\"https:\/\/www.artestar.eu\/wp-content\/uploads\/2023\/05\/cropped-png.png\",\"contentUrl\":\"https:\/\/www.artestar.eu\/wp-content\/uploads\/2023\/05\/cropped-png.png\",\"width\":512,\"height\":512,\"caption\":\"RUBY ABALORIO S.L.\"}]}<\/script>\n<meta property=\"og:availability\" content=\"instock\" \/>\n<meta property=\"product:availability\" content=\"instock\" \/>\n<meta property=\"product:retailer_item_id\" content=\"SP0098P\" \/>\n<meta property=\"product:condition\" content=\"new\" \/>\n<!-- \/ Yoast SEO Premium plugin. -->","yoast_head_json":{"title":"Sonajero de conejo crochet para beb\u00e9 - Artestar","description":"Sonajero de conejo crochet para beb\u00e9, Crochet de Conejo para hacer Chupeteros, Crochet Conejito para Montar Chupeteros y Sonajeros para Beb\u00e9","robots":{"index":"index","follow":"follow","max-snippet":"max-snippet:-1","max-image-preview":"max-image-preview:large","max-video-preview":"max-video-preview:-1"},"canonical":"https:\/\/www.artestar.eu\/en\/al-por-mayor\/10-sonajero-de-conejo-a-crochet-con-ganchillo\/","og_locale":"en_US","og_type":"article","og_title":"10 Sonajero de Conejo a Crochet con Ganchillo","og_description":"Sonajero de conejo crochet para beb\u00e9, Crochet de Conejo para hacer Chupeteros, Crochet Conejito para Montar Chupeteros y Sonajeros para Beb\u00e9","og_url":"https:\/\/www.artestar.eu\/en\/al-por-mayor\/10-sonajero-de-conejo-a-crochet-con-ganchillo\/","og_site_name":"Artestar","article_publisher":"https:\/\/www.facebook.com\/ARTESTAREU","article_modified_time":"2023-12-14T09:30:32+00:00","og_image":[{"width":1500,"height":1500,"url":"https:\/\/www.artestar.eu\/wp-content\/uploads\/2023\/12\/CONEJO-CASCABEL-AZ.jpg","type":"image\/jpeg"}],"twitter_card":"summary_large_image","twitter_misc":{"Availability":"In stock"},"schema":{"@context":"https:\/\/schema.org","@graph":[{"@type":"WebPage","@id":"https:\/\/www.artestar.eu\/en\/al-por-mayor\/10-sonajero-de-conejo-a-crochet-con-ganchillo\/","url":"https:\/\/www.artestar.eu\/en\/al-por-mayor\/10-sonajero-de-conejo-a-crochet-con-ganchillo\/","name":"Sonajero de conejo crochet para beb\u00e9 - Artestar","isPartOf":{"@id":"https:\/\/www.artestar.eu\/en\/#website"},"datePublished":"2023-12-11T14:32:17+00:00","dateModified":"2023-12-14T09:30:32+00:00","description":"Sonajero de conejo crochet para beb\u00e9, Crochet de Conejo para hacer Chupeteros, Crochet Conejito para Montar Chupeteros y Sonajeros para Beb\u00e9","breadcrumb":{"@id":"https:\/\/www.artestar.eu\/en\/al-por-mayor\/10-sonajero-de-conejo-a-crochet-con-ganchillo\/#breadcrumb"},"inLanguage":"en-US","potentialAction":[{"@type":"ReadAction","target":["https:\/\/www.artestar.eu\/en\/al-por-mayor\/10-sonajero-de-conejo-a-crochet-con-ganchillo\/"]}]},{"@type":"BreadcrumbList","@id":"https:\/\/www.artestar.eu\/en\/al-por-mayor\/10-sonajero-de-conejo-a-crochet-con-ganchillo\/#breadcrumb","itemListElement":[{"@type":"ListItem","position":1,"name":"Artestar","item":"https:\/\/www.artestar.eu\/en\/"},{"@type":"ListItem","position":2,"name":"Al-wholesale","item":"https:\/\/www.artestar.eu\/en\/wholesale\/"},{"@type":"ListItem","position":3,"name":"10 Sonajero de Conejo a Crochet con Ganchillo"}]},{"@type":"WebSite","@id":"https:\/\/www.artestar.eu\/en\/#website","url":"https:\/\/www.artestar.eu\/en\/","name":"Artestar","description":"Mayorista en abalorios y joyer\u00eda","publisher":{"@id":"https:\/\/www.artestar.eu\/en\/#organization"},"alternateName":"Artestar-EU","potentialAction":[{"@type":"SearchAction","target":{"@type":"EntryPoint","urlTemplate":"https:\/\/www.artestar.eu\/en\/?s={search_term_string}"},"query-input":"required name=search_term_string"}],"inLanguage":"en-US"},{"@type":["Organization","Place"],"@id":"https:\/\/www.artestar.eu\/en\/#organization","name":"RUBY ABALORIO S.L.","alternateName":"Artestar","url":"https:\/\/www.artestar.eu\/en\/","logo":{"@id":"https:\/\/www.artestar.eu\/en\/al-por-mayor\/10-sonajero-de-conejo-a-crochet-con-ganchillo\/#local-main-organization-logo"},"image":{"@id":"https:\/\/www.artestar.eu\/en\/al-por-mayor\/10-sonajero-de-conejo-a-crochet-con-ganchillo\/#local-main-organization-logo"},"sameAs":["https:\/\/www.facebook.com\/ARTESTAREU","https:\/\/www.instagram.com\/artestareu\/","https:\/\/www.pinterest.es\/artestar_eu\/","https:\/\/www.tiktok.com\/@artestar_wholesale"],"openingHoursSpecification":[{"@type":"OpeningHoursSpecification","dayOfWeek":["Monday","Tuesday","Wednesday","Thursday","Friday","Saturday","Sunday"],"opens":"09:00","closes":"17:00"}]},{"@type":"ImageObject","inLanguage":"en-US","@id":"https:\/\/www.artestar.eu\/en\/al-por-mayor\/10-sonajero-de-conejo-a-crochet-con-ganchillo\/#local-main-organization-logo","url":"https:\/\/www.artestar.eu\/wp-content\/uploads\/2023\/05\/cropped-png.png","contentUrl":"https:\/\/www.artestar.eu\/wp-content\/uploads\/2023\/05\/cropped-png.png","width":512,"height":512,"caption":"RUBY ABALORIO S.L."}]},"og_availability":"instock","product_availability":"instock","product_retailer_item_id":"SP0098P","product_condition":"new"},"tiered_pricing_type":"fixed","tiered_pricing_fixed_rules":[],"tiered_pricing_percentage_rules":[],"tiered_pricing_minimum":null,"_administrator_tiered_pricing_type":"fixed","_administrator_tiered_pricing_fixed_rules":[],"_editor_tiered_pricing_type":"fixed","_editor_tiered_pricing_fixed_rules":[],"_author_tiered_pricing_type":"fixed","_author_tiered_pricing_fixed_rules":[],"_contributor_tiered_pricing_type":"fixed","_contributor_tiered_pricing_fixed_rules":[],"_subscriber_tiered_pricing_type":"fixed","_subscriber_tiered_pricing_fixed_rules":[],"_wpseo_manager_tiered_pricing_type":"fixed","_wpseo_manager_tiered_pricing_fixed_rules":[],"_wpseo_editor_tiered_pricing_type":"fixed","_wpseo_editor_tiered_pricing_fixed_rules":[],"_customer_tiered_pricing_type":"fixed","_customer_tiered_pricing_fixed_rules":[],"_shop_manager_tiered_pricing_type":"fixed","_shop_manager_tiered_pricing_fixed_rules":[],"_product_manager_tiered_pricing_type":"fixed","_product_manager_tiered_pricing_fixed_rules":[],"_links":{"self":[{"href":"https:\/\/www.artestar.eu\/en\/wp-json\/wp\/v2\/product\/55988"}],"collection":[{"href":"https:\/\/www.artestar.eu\/en\/wp-json\/wp\/v2\/product"}],"about":[{"href":"https:\/\/www.artestar.eu\/en\/wp-json\/wp\/v2\/types\/product"}],"replies":[{"embeddable":true,"href":"https:\/\/www.artestar.eu\/en\/wp-json\/wp\/v2\/comments?post=55988"}],"version-history":[{"count":3,"href":"https:\/\/www.artestar.eu\/en\/wp-json\/wp\/v2\/product\/55988\/revisions"}],"predecessor-version":[{"id":57791,"href":"https:\/\/www.artestar.eu\/en\/wp-json\/wp\/v2\/product\/55988\/revisions\/57791"}],"wp:featuredmedia":[{"embeddable":true,"href":"https:\/\/www.artestar.eu\/en\/wp-json\/wp\/v2\/media\/56067"}],"wp:attachment":[{"href":"https:\/\/www.artestar.eu\/en\/wp-json\/wp\/v2\/media?parent=55988"}],"wp:term":[{"taxonomy":"product_cat","embeddable":true,"href":"https:\/\/www.artestar.eu\/en\/wp-json\/wp\/v2\/product_cat?post=55988"},{"taxonomy":"product_tag","embeddable":true,"href":"https:\/\/www.artestar.eu\/en\/wp-json\/wp\/v2\/product_tag?post=55988"}],"curies":[{"name":"wp","href":"https:\/\/api.w.org\/{rel}","templated":true}]}}