{"id":56119,"date":"2023-12-11T14:33:14","date_gmt":"2023-12-11T14:33:14","guid":{"rendered":"https:\/\/www.artestar.eu\/?post_type=product&#038;p=56119"},"modified":"2023-12-14T08:07:16","modified_gmt":"2023-12-14T08:07:16","slug":"60-mordedor-circular-de-silicona","status":"publish","type":"product","link":"https:\/\/www.artestar.eu\/en\/al-por-mayor\/60-mordedor-circular-de-silicona\/","title":{"rendered":"60 Mordedor Circular de Silicona"},"content":{"rendered":"<h3><strong>Mordedor Circular de Silicona para beb\u00e9s<\/strong><\/h3>\n<p>Figuras de silicona para mordedor de beb\u00e9 y para crear collares, pulseras, cadena de chupetes, sonajeros o decoraciones. Fabricado con silicona alimentaria, libre de BPA, PVC, Ftalatos, Cadmio y Plomo. 100% seguros para tus seres queridos.<\/p>\n<ul>\n<li>MEDIDAS: 50 x 50 mm aprox.<\/li>\n<li>CANTIDAD:\u00a0 60 Uds.<\/li>\n<li>COLOR: Aleatorios<\/li>\n<li>El colgante lactancia alivia la incomodidad de la dentici\u00f3n, mordedor de lactancia perfecto para que el beb\u00e9 mastique.<\/li>\n<li>El mordedor circular es ideal para beb\u00e9, los diferentes colores pueden estimular los sentidos visionarios y cognitivos en su desarrollo temprano. El orificio interior ofrece espacio para hacer un collar, tambi\u00e9n puedes conectar este juguete dentici\u00f3n mordedor de bebe con Chupeteros, que es de f\u00e1cil acceso y evita que se pierda.<\/li>\n<li>El mordedor de silicona es suave y duradera, la superficie lisa de silicona evita que su beb\u00e9 se lastime cuando la mastica, la forma redonda tambi\u00e9n hace que sea f\u00e1cil de agarrar.<\/li>\n<li>Sin olores ni toxinas. Con los certificados de calidad.<\/li>\n<\/ul>\n<p>&nbsp;<\/p>\n<p><img decoding=\"async\" src=\"https:\/\/www.rubyabalorios.com\/img\/cms\/logo2%5B1%5D.png\" alt=\"logo international test center\" width=\"321\" height=\"76\" \/>\u00a0\u00a0 \u00a0 \u00a0 \u00a0 \u00a0 \u00a0 \u00a0 \u00a0 \u00a0 \u00a0 \u00a0 \u00a0\u00a0\u00a0<img decoding=\"async\" src=\"https:\/\/www.rubyabalorios.com\/img\/cms\/SELLOCTI1.jpg\" alt=\"\" width=\"79\" height=\"78\" \/><\/p>\n<p>&nbsp;<\/p>\n<p>Adem\u00e1s, masticar la collar dentici\u00f3n ayuda a distraer la atenci\u00f3n del beb\u00e9 de la ansiedad del crecimiento de los dientes, suaviza sus emociones y proporciona una soluci\u00f3n para los ara\u00f1azos.<\/p>\n<p>Lactancia collar para dentici\u00f3n es perfecto para el crecimiento de los dientes de su beb\u00e9, practica la fuerza de los m\u00fasculos de la mand\u00edbula y ayuda a que los dientes crezcan prolijamente.<\/p>\n<p>El precio de nuestro collar de lactancia para bebe es inmejorable en el mercado europeo, al mismo tiempo nuestro collar mordedor bebe ofrece gran calidad para garantizar la seguridad.<\/p>\n<p>&nbsp;<\/p>\n<p><strong>ADVERTENCIA<\/strong><\/p>\n<p>Se recomienda esterilizar o limpiar con agua tibia y jab\u00f3n neutro antes de dar al beb\u00e9 y mantener limpio el producto antes de su uso.<\/p>\n<p>De f\u00e1cil limpieza, <strong>NO USAR PRODUCTOS ABRASIVOS NI T\u00d3XICOS.<\/strong><\/p>\n<p><img decoding=\"async\" class=\"alignnone wp-image-56187 size-medium\" src=\"https:\/\/www.artestar.eu\/wp-content\/uploads\/2023\/12\/Mordedor-de-Silicona-3-300x300.jpg\" alt=\"\" width=\"300\" height=\"300\" srcset=\"https:\/\/www.artestar.eu\/wp-content\/uploads\/2023\/12\/Mordedor-de-Silicona-3-300x300.jpg 300w, https:\/\/www.artestar.eu\/wp-content\/uploads\/2023\/12\/Mordedor-de-Silicona-3-150x150.jpg 150w, https:\/\/www.artestar.eu\/wp-content\/uploads\/2023\/12\/Mordedor-de-Silicona-3-450x450.jpg 450w, https:\/\/www.artestar.eu\/wp-content\/uploads\/2023\/12\/Mordedor-de-Silicona-3-54x54.jpg 54w, https:\/\/www.artestar.eu\/wp-content\/uploads\/2023\/12\/Mordedor-de-Silicona-3.jpg 600w\" sizes=\"(max-width: 300px) 100vw, 300px\" \/><\/p>\n<h3><strong>60 Mordedor Circular de Silicona<\/strong><\/h3>\n<p><strong>Especificaci\u00f3n<\/strong><\/p>\n<ul>\n<li>Pr\u00e1ctico para aliviar el dolor de la dentici\u00f3n de su beb\u00e9 cuando le est\u00e1 saliendo los dientes.<\/li>\n<li>Debe limpiarlo despu\u00e9s de cada uso y dejarlo secar al aire libre.<\/li>\n<li>Comprueba el estado de las piezas a menudo. No meter en el microondas.<\/li>\n<li>Los colores de la imagen solo son orientativos, vienen aleatoriamente y no es posible elegir los colores. Tambi\u00e9n puede variar levemente debido a su la configuraci\u00f3n de la pantalla.<\/li>\n<li>El Comprador asume toda la responsabilidad respecto al uso del producto.<\/li>\n<li>Si alg\u00fan da\u00f1o o p\u00e9rdida es causado por la negligencia del comprador, el vendedor no ser\u00e1 responsable.<\/li>\n<\/ul>\n","protected":false},"excerpt":{"rendered":"<p><strong>Medidas:<\/strong> 50 x 50 mm aprox.<\/p>\n<p><strong>Cantidad:<\/strong> 60 uds.<\/p>\n<p><strong>Material:<\/strong> Silicona<\/p>\n<p><strong>Importante : Este lote viene con los colores aleatorios, puede no coincidir con las de la foto principal\u00a0\u00a0<\/strong><\/p>\n","protected":false},"featured_media":56181,"comment_status":"closed","ping_status":"closed","template":"","meta":[],"product_cat":[3712,3145],"product_tag":[],"yoast_head":"<!-- This site is optimized with the Yoast SEO Premium plugin v20.5 (Yoast SEO v21.5) - https:\/\/yoast.com\/wordpress\/plugins\/seo\/ -->\n<title>Mordedor Circular de Silicona - Artestar<\/title>\n<meta name=\"description\" content=\"6 Colgante Lactancia Mordedor Circular para Beb\u00e9, Silicona de dentici\u00f3n, Mordedor Silicona, Lactancia Collar para dentici\u00f3n\" \/>\n<meta name=\"robots\" content=\"index, follow, max-snippet:-1, max-image-preview:large, max-video-preview:-1\" \/>\n<link rel=\"canonical\" href=\"https:\/\/www.artestar.eu\/en\/al-por-mayor\/60-mordedor-circular-de-silicona\/\" \/>\n<meta property=\"og:locale\" content=\"en_US\" \/>\n<meta property=\"og:type\" content=\"article\" \/>\n<meta property=\"og:title\" content=\"60 Mordedor Circular de Silicona\" \/>\n<meta property=\"og:description\" content=\"6 Colgante Lactancia Mordedor Circular para Beb\u00e9, Silicona de dentici\u00f3n, Mordedor Silicona, Lactancia Collar para dentici\u00f3n\" \/>\n<meta property=\"og:url\" content=\"https:\/\/www.artestar.eu\/en\/al-por-mayor\/60-mordedor-circular-de-silicona\/\" \/>\n<meta property=\"og:site_name\" content=\"Artestar\" \/>\n<meta property=\"article:publisher\" content=\"https:\/\/www.facebook.com\/ARTESTAREU\" \/>\n<meta property=\"article:modified_time\" content=\"2023-12-14T08:07:16+00:00\" \/>\n<meta property=\"og:image\" content=\"https:\/\/www.artestar.eu\/wp-content\/uploads\/2023\/12\/Mordedor-de-Silicona-2.jpg\" \/>\n\t<meta property=\"og:image:width\" content=\"600\" \/>\n\t<meta property=\"og:image:height\" content=\"600\" \/>\n\t<meta property=\"og:image:type\" content=\"image\/jpeg\" \/>\n<meta name=\"twitter:card\" content=\"summary_large_image\" \/>\n<meta name=\"twitter:label1\" content=\"Price\" \/>\n\t<meta name=\"twitter:data1\" content=\"24,00&nbsp;&euro; (VAT NOT included)\" \/>\n\t<meta name=\"twitter:label2\" content=\"Availability\" \/>\n\t<meta name=\"twitter:data2\" content=\"In stock\" \/>\n<script type=\"application\/ld+json\" class=\"yoast-schema-graph\">{\"@context\":\"https:\/\/schema.org\",\"@graph\":[{\"@type\":\"WebPage\",\"@id\":\"https:\/\/www.artestar.eu\/en\/al-por-mayor\/60-mordedor-circular-de-silicona\/\",\"url\":\"https:\/\/www.artestar.eu\/en\/al-por-mayor\/60-mordedor-circular-de-silicona\/\",\"name\":\"Mordedor Circular de Silicona - Artestar\",\"isPartOf\":{\"@id\":\"https:\/\/www.artestar.eu\/en\/#website\"},\"datePublished\":\"2023-12-11T14:33:14+00:00\",\"dateModified\":\"2023-12-14T08:07:16+00:00\",\"description\":\"6 Colgante Lactancia Mordedor Circular para Beb\u00e9, Silicona de dentici\u00f3n, Mordedor Silicona, Lactancia Collar para dentici\u00f3n\",\"breadcrumb\":{\"@id\":\"https:\/\/www.artestar.eu\/en\/al-por-mayor\/60-mordedor-circular-de-silicona\/#breadcrumb\"},\"inLanguage\":\"en-US\",\"potentialAction\":[{\"@type\":\"ReadAction\",\"target\":[\"https:\/\/www.artestar.eu\/en\/al-por-mayor\/60-mordedor-circular-de-silicona\/\"]}]},{\"@type\":\"BreadcrumbList\",\"@id\":\"https:\/\/www.artestar.eu\/en\/al-por-mayor\/60-mordedor-circular-de-silicona\/#breadcrumb\",\"itemListElement\":[{\"@type\":\"ListItem\",\"position\":1,\"name\":\"Artestar\",\"item\":\"https:\/\/www.artestar.eu\/en\/\"},{\"@type\":\"ListItem\",\"position\":2,\"name\":\"Al-wholesale\",\"item\":\"https:\/\/www.artestar.eu\/en\/wholesale\/\"},{\"@type\":\"ListItem\",\"position\":3,\"name\":\"60 Mordedor Circular de Silicona\"}]},{\"@type\":\"WebSite\",\"@id\":\"https:\/\/www.artestar.eu\/en\/#website\",\"url\":\"https:\/\/www.artestar.eu\/en\/\",\"name\":\"Artestar\",\"description\":\"Mayorista en abalorios y joyer\u00eda\",\"publisher\":{\"@id\":\"https:\/\/www.artestar.eu\/en\/#organization\"},\"alternateName\":\"Artestar-EU\",\"potentialAction\":[{\"@type\":\"SearchAction\",\"target\":{\"@type\":\"EntryPoint\",\"urlTemplate\":\"https:\/\/www.artestar.eu\/en\/?s={search_term_string}\"},\"query-input\":\"required name=search_term_string\"}],\"inLanguage\":\"en-US\"},{\"@type\":[\"Organization\",\"Place\"],\"@id\":\"https:\/\/www.artestar.eu\/en\/#organization\",\"name\":\"RUBY ABALORIO S.L.\",\"alternateName\":\"Artestar\",\"url\":\"https:\/\/www.artestar.eu\/en\/\",\"logo\":{\"@id\":\"https:\/\/www.artestar.eu\/en\/al-por-mayor\/60-mordedor-circular-de-silicona\/#local-main-organization-logo\"},\"image\":{\"@id\":\"https:\/\/www.artestar.eu\/en\/al-por-mayor\/60-mordedor-circular-de-silicona\/#local-main-organization-logo\"},\"sameAs\":[\"https:\/\/www.facebook.com\/ARTESTAREU\",\"https:\/\/www.instagram.com\/artestareu\/\",\"https:\/\/www.pinterest.es\/artestar_eu\/\",\"https:\/\/www.tiktok.com\/@artestar_wholesale\"],\"openingHoursSpecification\":[{\"@type\":\"OpeningHoursSpecification\",\"dayOfWeek\":[\"Monday\",\"Tuesday\",\"Wednesday\",\"Thursday\",\"Friday\",\"Saturday\",\"Sunday\"],\"opens\":\"09:00\",\"closes\":\"17:00\"}]},{\"@type\":\"ImageObject\",\"inLanguage\":\"en-US\",\"@id\":\"https:\/\/www.artestar.eu\/en\/al-por-mayor\/60-mordedor-circular-de-silicona\/#local-main-organization-logo\",\"url\":\"https:\/\/www.artestar.eu\/wp-content\/uploads\/2023\/05\/cropped-png.png\",\"contentUrl\":\"https:\/\/www.artestar.eu\/wp-content\/uploads\/2023\/05\/cropped-png.png\",\"width\":512,\"height\":512,\"caption\":\"RUBY ABALORIO S.L.\"}]}<\/script>\n<meta property=\"product:price:amount\" content=\"24.00\" \/>\n<meta property=\"product:price:currency\" content=\"EUR\" \/>\n<meta property=\"og:availability\" content=\"instock\" \/>\n<meta property=\"product:availability\" content=\"instock\" \/>\n<meta property=\"product:retailer_item_id\" content=\"MS1170\" \/>\n<meta property=\"product:condition\" content=\"new\" \/>\n<!-- \/ Yoast SEO Premium plugin. -->","yoast_head_json":{"title":"Mordedor Circular de Silicona - Artestar","description":"6 Colgante Lactancia Mordedor Circular para Beb\u00e9, Silicona de dentici\u00f3n, Mordedor Silicona, Lactancia Collar para dentici\u00f3n","robots":{"index":"index","follow":"follow","max-snippet":"max-snippet:-1","max-image-preview":"max-image-preview:large","max-video-preview":"max-video-preview:-1"},"canonical":"https:\/\/www.artestar.eu\/en\/al-por-mayor\/60-mordedor-circular-de-silicona\/","og_locale":"en_US","og_type":"article","og_title":"60 Mordedor Circular de Silicona","og_description":"6 Colgante Lactancia Mordedor Circular para Beb\u00e9, Silicona de dentici\u00f3n, Mordedor Silicona, Lactancia Collar para dentici\u00f3n","og_url":"https:\/\/www.artestar.eu\/en\/al-por-mayor\/60-mordedor-circular-de-silicona\/","og_site_name":"Artestar","article_publisher":"https:\/\/www.facebook.com\/ARTESTAREU","article_modified_time":"2023-12-14T08:07:16+00:00","og_image":[{"width":600,"height":600,"url":"https:\/\/www.artestar.eu\/wp-content\/uploads\/2023\/12\/Mordedor-de-Silicona-2.jpg","type":"image\/jpeg"}],"twitter_card":"summary_large_image","twitter_misc":{"Price":"24,00&nbsp;&euro; (VAT NOT included)","Availability":"In stock"},"schema":{"@context":"https:\/\/schema.org","@graph":[{"@type":"WebPage","@id":"https:\/\/www.artestar.eu\/en\/al-por-mayor\/60-mordedor-circular-de-silicona\/","url":"https:\/\/www.artestar.eu\/en\/al-por-mayor\/60-mordedor-circular-de-silicona\/","name":"Mordedor Circular de Silicona - Artestar","isPartOf":{"@id":"https:\/\/www.artestar.eu\/en\/#website"},"datePublished":"2023-12-11T14:33:14+00:00","dateModified":"2023-12-14T08:07:16+00:00","description":"6 Colgante Lactancia Mordedor Circular para Beb\u00e9, Silicona de dentici\u00f3n, Mordedor Silicona, Lactancia Collar para dentici\u00f3n","breadcrumb":{"@id":"https:\/\/www.artestar.eu\/en\/al-por-mayor\/60-mordedor-circular-de-silicona\/#breadcrumb"},"inLanguage":"en-US","potentialAction":[{"@type":"ReadAction","target":["https:\/\/www.artestar.eu\/en\/al-por-mayor\/60-mordedor-circular-de-silicona\/"]}]},{"@type":"BreadcrumbList","@id":"https:\/\/www.artestar.eu\/en\/al-por-mayor\/60-mordedor-circular-de-silicona\/#breadcrumb","itemListElement":[{"@type":"ListItem","position":1,"name":"Artestar","item":"https:\/\/www.artestar.eu\/en\/"},{"@type":"ListItem","position":2,"name":"Al-wholesale","item":"https:\/\/www.artestar.eu\/en\/wholesale\/"},{"@type":"ListItem","position":3,"name":"60 Mordedor Circular de Silicona"}]},{"@type":"WebSite","@id":"https:\/\/www.artestar.eu\/en\/#website","url":"https:\/\/www.artestar.eu\/en\/","name":"Artestar","description":"Mayorista en abalorios y joyer\u00eda","publisher":{"@id":"https:\/\/www.artestar.eu\/en\/#organization"},"alternateName":"Artestar-EU","potentialAction":[{"@type":"SearchAction","target":{"@type":"EntryPoint","urlTemplate":"https:\/\/www.artestar.eu\/en\/?s={search_term_string}"},"query-input":"required name=search_term_string"}],"inLanguage":"en-US"},{"@type":["Organization","Place"],"@id":"https:\/\/www.artestar.eu\/en\/#organization","name":"RUBY ABALORIO S.L.","alternateName":"Artestar","url":"https:\/\/www.artestar.eu\/en\/","logo":{"@id":"https:\/\/www.artestar.eu\/en\/al-por-mayor\/60-mordedor-circular-de-silicona\/#local-main-organization-logo"},"image":{"@id":"https:\/\/www.artestar.eu\/en\/al-por-mayor\/60-mordedor-circular-de-silicona\/#local-main-organization-logo"},"sameAs":["https:\/\/www.facebook.com\/ARTESTAREU","https:\/\/www.instagram.com\/artestareu\/","https:\/\/www.pinterest.es\/artestar_eu\/","https:\/\/www.tiktok.com\/@artestar_wholesale"],"openingHoursSpecification":[{"@type":"OpeningHoursSpecification","dayOfWeek":["Monday","Tuesday","Wednesday","Thursday","Friday","Saturday","Sunday"],"opens":"09:00","closes":"17:00"}]},{"@type":"ImageObject","inLanguage":"en-US","@id":"https:\/\/www.artestar.eu\/en\/al-por-mayor\/60-mordedor-circular-de-silicona\/#local-main-organization-logo","url":"https:\/\/www.artestar.eu\/wp-content\/uploads\/2023\/05\/cropped-png.png","contentUrl":"https:\/\/www.artestar.eu\/wp-content\/uploads\/2023\/05\/cropped-png.png","width":512,"height":512,"caption":"RUBY ABALORIO S.L."}]},"product_price_amount":"24.00","product_price_currency":"EUR","og_availability":"instock","product_availability":"instock","product_retailer_item_id":"MS1170","product_condition":"new"},"tiered_pricing_type":"fixed","tiered_pricing_fixed_rules":[],"tiered_pricing_percentage_rules":[],"tiered_pricing_minimum":null,"_administrator_tiered_pricing_type":"fixed","_administrator_tiered_pricing_fixed_rules":[],"_editor_tiered_pricing_type":"fixed","_editor_tiered_pricing_fixed_rules":[],"_author_tiered_pricing_type":"fixed","_author_tiered_pricing_fixed_rules":[],"_contributor_tiered_pricing_type":"fixed","_contributor_tiered_pricing_fixed_rules":[],"_subscriber_tiered_pricing_type":"fixed","_subscriber_tiered_pricing_fixed_rules":[],"_wpseo_manager_tiered_pricing_type":"fixed","_wpseo_manager_tiered_pricing_fixed_rules":[],"_wpseo_editor_tiered_pricing_type":"fixed","_wpseo_editor_tiered_pricing_fixed_rules":[],"_customer_tiered_pricing_type":"fixed","_customer_tiered_pricing_fixed_rules":[],"_shop_manager_tiered_pricing_type":"fixed","_shop_manager_tiered_pricing_fixed_rules":[],"_product_manager_tiered_pricing_type":"fixed","_product_manager_tiered_pricing_fixed_rules":[],"_links":{"self":[{"href":"https:\/\/www.artestar.eu\/en\/wp-json\/wp\/v2\/product\/56119"}],"collection":[{"href":"https:\/\/www.artestar.eu\/en\/wp-json\/wp\/v2\/product"}],"about":[{"href":"https:\/\/www.artestar.eu\/en\/wp-json\/wp\/v2\/types\/product"}],"replies":[{"embeddable":true,"href":"https:\/\/www.artestar.eu\/en\/wp-json\/wp\/v2\/comments?post=56119"}],"version-history":[{"count":2,"href":"https:\/\/www.artestar.eu\/en\/wp-json\/wp\/v2\/product\/56119\/revisions"}],"predecessor-version":[{"id":56821,"href":"https:\/\/www.artestar.eu\/en\/wp-json\/wp\/v2\/product\/56119\/revisions\/56821"}],"wp:featuredmedia":[{"embeddable":true,"href":"https:\/\/www.artestar.eu\/en\/wp-json\/wp\/v2\/media\/56181"}],"wp:attachment":[{"href":"https:\/\/www.artestar.eu\/en\/wp-json\/wp\/v2\/media?parent=56119"}],"wp:term":[{"taxonomy":"product_cat","embeddable":true,"href":"https:\/\/www.artestar.eu\/en\/wp-json\/wp\/v2\/product_cat?post=56119"},{"taxonomy":"product_tag","embeddable":true,"href":"https:\/\/www.artestar.eu\/en\/wp-json\/wp\/v2\/product_tag?post=56119"}],"curies":[{"name":"wp","href":"https:\/\/api.w.org\/{rel}","templated":true}]}}