{"id":56865,"date":"2023-12-12T09:38:59","date_gmt":"2023-12-12T09:38:59","guid":{"rendered":"https:\/\/www.artestar.eu\/?post_type=product&#038;p=56865"},"modified":"2023-12-14T07:35:12","modified_gmt":"2023-12-14T07:35:12","slug":"kit-204-piezas-juego-cuentas-de-madera-manualidades","status":"publish","type":"product","link":"https:\/\/www.artestar.eu\/en\/al-por-mayor\/kit-204-piezas-juego-cuentas-de-madera-manualidades\/","title":{"rendered":"Kit 204 Piezas Juego Cuentas de Madera Manualidades"},"content":{"rendered":"<h3><strong>\u00a0Kit de 204 Cuentas de Madera Natural<\/strong><\/h3>\n<p>Aros, bolas y formas de madera natural redondo sin acabar, no t\u00f3xico, es f\u00e1cil de pintar o embellecer sobre el. Ideal para decoraci\u00f3n de regalo para navidad o cualquier festivo, campana de viento, etc\u2026 Dise\u00f1a, crea y da rienda suelta a tu imaginaci\u00f3n.<\/p>\n<ul>\n<li>Madera Natural: las cuentas de madera y los anillo madera del kit madera manualidades est\u00e1n hechos 100 % de madera de alta calidad, la superficie es lisa y duradera, y el kit manualidades de color de madera original es m\u00e1s f\u00e1cil para la creaci\u00f3n de bricolaje.<\/li>\n<li>Abundantes Accesorios: el macrame kit contiene 125 abalorios madera redonda de 4 tama\u00f1os diferentes, 10 bolas para pulseras planas de madera, 10 cuentas de madera octogonales, 10 cuentas de madera en forma de coraz\u00f3n y 5 cuentas de madera en forma de estrella. Tambi\u00e9n hay 42 aros de madera en 3 tama\u00f1os y 2 rollos de alambre de cera de 10 m. Hay amplias cantidades en el kit maderas para bricolaje para permitir que su rica creatividad se desate.<\/li>\n<li>DIY Procesamiento: puede te\u00f1ir o pintar las bolas de madera para manualidades natural y los aros de madera para manualidades en el kit accesorios macrame seg\u00fan sus preferencias, y use este kit bolas madera para crear artesan\u00edas \u00fanicas.<\/li>\n<li>Uso M\u00faLtiple: el kit anillas madera se puede usar para hacer de manualidades como bolas navidad madera, bolas pulseras y llaveros. Tambi\u00e9n puede usar el kit bolas madera manualidades para hacer decoraciones de pared, sala de estar y jard\u00edn.<\/li>\n<li>Regalos para Ni\u00f1os: este kit bolas de madera se puede usar como regalo para ni\u00f1os, deje que los ni\u00f1os usen este kit aros madera manualidades para hacer creaciones hechas a mano en su tiempo libre, lo que puede enriquecer la vida de fin de semana de los ni\u00f1os.<\/li>\n<\/ul>\n<p><strong>ADVERTENCIA<\/strong><\/p>\n<p>No dejar las piezas sueltas al alcance de los ni\u00f1os, las piezas sueltas pueden provocar asfixias.<\/p>\n<p><img decoding=\"async\" class=\"alignnone wp-image-59790 size-medium\" src=\"https:\/\/www.rubydiy.com\/wp-content\/uploads\/2023\/01\/X001JXGJ6J-5-300x300.jpg\" alt=\"Kit de Cuentas de Madera Manualidades\" width=\"300\" height=\"300\" \/> <img decoding=\"async\" class=\"alignnone wp-image-59784 size-medium\" src=\"https:\/\/www.rubydiy.com\/wp-content\/uploads\/2023\/01\/X001JXGJ6J-4-300x300.jpg\" alt=\"Kit de Cuentas de Madera Manualidades\" width=\"300\" height=\"300\" \/> <img decoding=\"async\" class=\"alignnone wp-image-59796 size-medium\" src=\"https:\/\/www.rubydiy.com\/wp-content\/uploads\/2023\/01\/X001JXGJ6J-6-300x300.jpg\" alt=\"Kit de Cuentas de Madera Manualidades\" width=\"300\" height=\"300\" \/><\/p>\n<h3>Kit Cuentas de Madera Natural<\/h3>\n<p><strong>Especificaci\u00f3n<\/strong><\/p>\n<ul>\n<li>Los kit cuentas de madera natural son ideales para las creaciones de bricolaje!<\/li>\n<li>Las bolas de madera con agujero y circulos madera originales de madera color madera del kit<\/li>\n<li>Se pueden combinar con cualquier estilo de decoraci\u00f3n.<\/li>\n<li>Se pueden hacer tapices, tapices y cordones para macetas, etc.<\/li>\n<li>A partir de kit aros madera y cuerdas de algod\u00f3n, perfectos para principiantes en la artesan\u00eda.<\/li>\n<li>La elaboraci\u00f3n con kit accesorios pulseras le permite dejar de lado sus dispositivos electr\u00f3nicos por un tiempo y relajarse.<\/li>\n<li>Hacer manualidades con estas cuentas puede desarrollar la imaginaci\u00f3n y la creatividad de los ni\u00f1os.<\/li>\n<li>El Comprador asume toda la responsabilidad respecto al uso del producto.<\/li>\n<li>Si alg\u00fan da\u00f1o o p\u00e9rdida es causado por la negligencia del comprador, el vendedor no ser\u00e1 responsable<\/li>\n<\/ul>\n","protected":false},"excerpt":{"rendered":"<p><strong>Cada kit contiene: 42 Anillo Maderas para Bricolaje, 160 Abalorios Madera , DIY Macrame Kit Manualidades Bolas, Aros de Madera Redonda<\/strong><\/p>\n<ul>\n<li><strong>Material:<\/strong> Madera Natural<\/li>\n<li><strong>Cantidad:<\/strong>kit de 204 pcs<\/li>\n<li><strong>Tama\u00f1o:<\/strong> 20,5cm x 18cm x 2,5cm<\/li>\n<\/ul>\n","protected":false},"featured_media":57271,"comment_status":"closed","ping_status":"closed","template":"","meta":[],"product_cat":[3716,3145],"product_tag":[],"yoast_head":"<!-- This site is optimized with the Yoast SEO Premium plugin v20.5 (Yoast SEO v21.5) - https:\/\/yoast.com\/wordpress\/plugins\/seo\/ -->\n<title>Kit Cuentas Madera Natural para Manualdades - Artestar<\/title>\n<meta name=\"description\" content=\"Kit 204pcs Cuentas de Juegos, Kit Cuentas de Madera Natural para Manualidades, Kit de Cuentas Abalorios Madera Natural de Juegos\" \/>\n<meta name=\"robots\" content=\"index, follow, max-snippet:-1, max-image-preview:large, max-video-preview:-1\" \/>\n<link rel=\"canonical\" href=\"https:\/\/www.artestar.eu\/en\/al-por-mayor\/kit-204-piezas-juego-cuentas-de-madera-manualidades\/\" \/>\n<meta property=\"og:locale\" content=\"en_US\" \/>\n<meta property=\"og:type\" content=\"article\" \/>\n<meta property=\"og:title\" content=\"Kit 204 Piezas Juego Cuentas de Madera Manualidades\" \/>\n<meta property=\"og:description\" content=\"Kit 204pcs Cuentas de Juegos, Kit Cuentas de Madera Natural para Manualidades, Kit de Cuentas Abalorios Madera Natural de Juegos\" \/>\n<meta property=\"og:url\" content=\"https:\/\/www.artestar.eu\/en\/al-por-mayor\/kit-204-piezas-juego-cuentas-de-madera-manualidades\/\" \/>\n<meta property=\"og:site_name\" content=\"Artestar\" \/>\n<meta property=\"article:publisher\" content=\"https:\/\/www.facebook.com\/ARTESTAREU\" \/>\n<meta property=\"article:modified_time\" content=\"2023-12-14T07:35:12+00:00\" \/>\n<meta property=\"og:image\" content=\"https:\/\/www.artestar.eu\/wp-content\/uploads\/2023\/12\/X001JXGJ6J.jpg\" \/>\n\t<meta property=\"og:image:width\" content=\"1600\" \/>\n\t<meta property=\"og:image:height\" content=\"1600\" \/>\n\t<meta property=\"og:image:type\" content=\"image\/jpeg\" \/>\n<meta name=\"twitter:card\" content=\"summary_large_image\" \/>\n<meta name=\"twitter:label1\" content=\"Price\" \/>\n\t<meta name=\"twitter:data1\" content=\"9,89&nbsp;&euro; (VAT NOT included)\" \/>\n\t<meta name=\"twitter:label2\" content=\"Availability\" \/>\n\t<meta name=\"twitter:data2\" content=\"In stock\" \/>\n<script type=\"application\/ld+json\" class=\"yoast-schema-graph\">{\"@context\":\"https:\/\/schema.org\",\"@graph\":[{\"@type\":\"WebPage\",\"@id\":\"https:\/\/www.artestar.eu\/en\/al-por-mayor\/kit-204-piezas-juego-cuentas-de-madera-manualidades\/\",\"url\":\"https:\/\/www.artestar.eu\/en\/al-por-mayor\/kit-204-piezas-juego-cuentas-de-madera-manualidades\/\",\"name\":\"Kit Cuentas Madera Natural para Manualdades - Artestar\",\"isPartOf\":{\"@id\":\"https:\/\/www.artestar.eu\/en\/#website\"},\"datePublished\":\"2023-12-12T09:38:59+00:00\",\"dateModified\":\"2023-12-14T07:35:12+00:00\",\"description\":\"Kit 204pcs Cuentas de Juegos, Kit Cuentas de Madera Natural para Manualidades, Kit de Cuentas Abalorios Madera Natural de Juegos\",\"breadcrumb\":{\"@id\":\"https:\/\/www.artestar.eu\/en\/al-por-mayor\/kit-204-piezas-juego-cuentas-de-madera-manualidades\/#breadcrumb\"},\"inLanguage\":\"en-US\",\"potentialAction\":[{\"@type\":\"ReadAction\",\"target\":[\"https:\/\/www.artestar.eu\/en\/al-por-mayor\/kit-204-piezas-juego-cuentas-de-madera-manualidades\/\"]}]},{\"@type\":\"BreadcrumbList\",\"@id\":\"https:\/\/www.artestar.eu\/en\/al-por-mayor\/kit-204-piezas-juego-cuentas-de-madera-manualidades\/#breadcrumb\",\"itemListElement\":[{\"@type\":\"ListItem\",\"position\":1,\"name\":\"Artestar\",\"item\":\"https:\/\/www.artestar.eu\/en\/\"},{\"@type\":\"ListItem\",\"position\":2,\"name\":\"Al-wholesale\",\"item\":\"https:\/\/www.artestar.eu\/en\/wholesale\/\"},{\"@type\":\"ListItem\",\"position\":3,\"name\":\"Kit 204 Piezas Juego Cuentas de Madera Manualidades\"}]},{\"@type\":\"WebSite\",\"@id\":\"https:\/\/www.artestar.eu\/en\/#website\",\"url\":\"https:\/\/www.artestar.eu\/en\/\",\"name\":\"Artestar\",\"description\":\"Mayorista en abalorios y joyer\u00eda\",\"publisher\":{\"@id\":\"https:\/\/www.artestar.eu\/en\/#organization\"},\"alternateName\":\"Artestar-EU\",\"potentialAction\":[{\"@type\":\"SearchAction\",\"target\":{\"@type\":\"EntryPoint\",\"urlTemplate\":\"https:\/\/www.artestar.eu\/en\/?s={search_term_string}\"},\"query-input\":\"required name=search_term_string\"}],\"inLanguage\":\"en-US\"},{\"@type\":[\"Organization\",\"Place\"],\"@id\":\"https:\/\/www.artestar.eu\/en\/#organization\",\"name\":\"RUBY ABALORIO S.L.\",\"alternateName\":\"Artestar\",\"url\":\"https:\/\/www.artestar.eu\/en\/\",\"logo\":{\"@id\":\"https:\/\/www.artestar.eu\/en\/al-por-mayor\/kit-204-piezas-juego-cuentas-de-madera-manualidades\/#local-main-organization-logo\"},\"image\":{\"@id\":\"https:\/\/www.artestar.eu\/en\/al-por-mayor\/kit-204-piezas-juego-cuentas-de-madera-manualidades\/#local-main-organization-logo\"},\"sameAs\":[\"https:\/\/www.facebook.com\/ARTESTAREU\",\"https:\/\/www.instagram.com\/artestareu\/\",\"https:\/\/www.pinterest.es\/artestar_eu\/\",\"https:\/\/www.tiktok.com\/@artestar_wholesale\"],\"openingHoursSpecification\":[{\"@type\":\"OpeningHoursSpecification\",\"dayOfWeek\":[\"Monday\",\"Tuesday\",\"Wednesday\",\"Thursday\",\"Friday\",\"Saturday\",\"Sunday\"],\"opens\":\"09:00\",\"closes\":\"17:00\"}]},{\"@type\":\"ImageObject\",\"inLanguage\":\"en-US\",\"@id\":\"https:\/\/www.artestar.eu\/en\/al-por-mayor\/kit-204-piezas-juego-cuentas-de-madera-manualidades\/#local-main-organization-logo\",\"url\":\"https:\/\/www.artestar.eu\/wp-content\/uploads\/2023\/05\/cropped-png.png\",\"contentUrl\":\"https:\/\/www.artestar.eu\/wp-content\/uploads\/2023\/05\/cropped-png.png\",\"width\":512,\"height\":512,\"caption\":\"RUBY ABALORIO S.L.\"}]}<\/script>\n<meta property=\"product:price:amount\" content=\"9.89\" \/>\n<meta property=\"product:price:currency\" content=\"EUR\" \/>\n<meta property=\"og:availability\" content=\"instock\" \/>\n<meta property=\"product:availability\" content=\"instock\" \/>\n<meta property=\"product:retailer_item_id\" content=\"X001JXGJ6J\" \/>\n<meta property=\"product:condition\" content=\"new\" \/>\n<!-- \/ Yoast SEO Premium plugin. -->","yoast_head_json":{"title":"Kit Cuentas Madera Natural para Manualdades - Artestar","description":"Kit 204pcs Cuentas de Juegos, Kit Cuentas de Madera Natural para Manualidades, Kit de Cuentas Abalorios Madera Natural de Juegos","robots":{"index":"index","follow":"follow","max-snippet":"max-snippet:-1","max-image-preview":"max-image-preview:large","max-video-preview":"max-video-preview:-1"},"canonical":"https:\/\/www.artestar.eu\/en\/al-por-mayor\/kit-204-piezas-juego-cuentas-de-madera-manualidades\/","og_locale":"en_US","og_type":"article","og_title":"Kit 204 Piezas Juego Cuentas de Madera Manualidades","og_description":"Kit 204pcs Cuentas de Juegos, Kit Cuentas de Madera Natural para Manualidades, Kit de Cuentas Abalorios Madera Natural de Juegos","og_url":"https:\/\/www.artestar.eu\/en\/al-por-mayor\/kit-204-piezas-juego-cuentas-de-madera-manualidades\/","og_site_name":"Artestar","article_publisher":"https:\/\/www.facebook.com\/ARTESTAREU","article_modified_time":"2023-12-14T07:35:12+00:00","og_image":[{"width":1600,"height":1600,"url":"https:\/\/www.artestar.eu\/wp-content\/uploads\/2023\/12\/X001JXGJ6J.jpg","type":"image\/jpeg"}],"twitter_card":"summary_large_image","twitter_misc":{"Price":"9,89&nbsp;&euro; (VAT NOT included)","Availability":"In stock"},"schema":{"@context":"https:\/\/schema.org","@graph":[{"@type":"WebPage","@id":"https:\/\/www.artestar.eu\/en\/al-por-mayor\/kit-204-piezas-juego-cuentas-de-madera-manualidades\/","url":"https:\/\/www.artestar.eu\/en\/al-por-mayor\/kit-204-piezas-juego-cuentas-de-madera-manualidades\/","name":"Kit Cuentas Madera Natural para Manualdades - Artestar","isPartOf":{"@id":"https:\/\/www.artestar.eu\/en\/#website"},"datePublished":"2023-12-12T09:38:59+00:00","dateModified":"2023-12-14T07:35:12+00:00","description":"Kit 204pcs Cuentas de Juegos, Kit Cuentas de Madera Natural para Manualidades, Kit de Cuentas Abalorios Madera Natural de Juegos","breadcrumb":{"@id":"https:\/\/www.artestar.eu\/en\/al-por-mayor\/kit-204-piezas-juego-cuentas-de-madera-manualidades\/#breadcrumb"},"inLanguage":"en-US","potentialAction":[{"@type":"ReadAction","target":["https:\/\/www.artestar.eu\/en\/al-por-mayor\/kit-204-piezas-juego-cuentas-de-madera-manualidades\/"]}]},{"@type":"BreadcrumbList","@id":"https:\/\/www.artestar.eu\/en\/al-por-mayor\/kit-204-piezas-juego-cuentas-de-madera-manualidades\/#breadcrumb","itemListElement":[{"@type":"ListItem","position":1,"name":"Artestar","item":"https:\/\/www.artestar.eu\/en\/"},{"@type":"ListItem","position":2,"name":"Al-wholesale","item":"https:\/\/www.artestar.eu\/en\/wholesale\/"},{"@type":"ListItem","position":3,"name":"Kit 204 Piezas Juego Cuentas de Madera Manualidades"}]},{"@type":"WebSite","@id":"https:\/\/www.artestar.eu\/en\/#website","url":"https:\/\/www.artestar.eu\/en\/","name":"Artestar","description":"Mayorista en abalorios y joyer\u00eda","publisher":{"@id":"https:\/\/www.artestar.eu\/en\/#organization"},"alternateName":"Artestar-EU","potentialAction":[{"@type":"SearchAction","target":{"@type":"EntryPoint","urlTemplate":"https:\/\/www.artestar.eu\/en\/?s={search_term_string}"},"query-input":"required name=search_term_string"}],"inLanguage":"en-US"},{"@type":["Organization","Place"],"@id":"https:\/\/www.artestar.eu\/en\/#organization","name":"RUBY ABALORIO S.L.","alternateName":"Artestar","url":"https:\/\/www.artestar.eu\/en\/","logo":{"@id":"https:\/\/www.artestar.eu\/en\/al-por-mayor\/kit-204-piezas-juego-cuentas-de-madera-manualidades\/#local-main-organization-logo"},"image":{"@id":"https:\/\/www.artestar.eu\/en\/al-por-mayor\/kit-204-piezas-juego-cuentas-de-madera-manualidades\/#local-main-organization-logo"},"sameAs":["https:\/\/www.facebook.com\/ARTESTAREU","https:\/\/www.instagram.com\/artestareu\/","https:\/\/www.pinterest.es\/artestar_eu\/","https:\/\/www.tiktok.com\/@artestar_wholesale"],"openingHoursSpecification":[{"@type":"OpeningHoursSpecification","dayOfWeek":["Monday","Tuesday","Wednesday","Thursday","Friday","Saturday","Sunday"],"opens":"09:00","closes":"17:00"}]},{"@type":"ImageObject","inLanguage":"en-US","@id":"https:\/\/www.artestar.eu\/en\/al-por-mayor\/kit-204-piezas-juego-cuentas-de-madera-manualidades\/#local-main-organization-logo","url":"https:\/\/www.artestar.eu\/wp-content\/uploads\/2023\/05\/cropped-png.png","contentUrl":"https:\/\/www.artestar.eu\/wp-content\/uploads\/2023\/05\/cropped-png.png","width":512,"height":512,"caption":"RUBY ABALORIO S.L."}]},"product_price_amount":"9.89","product_price_currency":"EUR","og_availability":"instock","product_availability":"instock","product_retailer_item_id":"X001JXGJ6J","product_condition":"new"},"tiered_pricing_type":"fixed","tiered_pricing_fixed_rules":[],"tiered_pricing_percentage_rules":[],"tiered_pricing_minimum":null,"_administrator_tiered_pricing_type":"fixed","_administrator_tiered_pricing_fixed_rules":[],"_editor_tiered_pricing_type":"fixed","_editor_tiered_pricing_fixed_rules":[],"_author_tiered_pricing_type":"fixed","_author_tiered_pricing_fixed_rules":[],"_contributor_tiered_pricing_type":"fixed","_contributor_tiered_pricing_fixed_rules":[],"_subscriber_tiered_pricing_type":"fixed","_subscriber_tiered_pricing_fixed_rules":[],"_wpseo_manager_tiered_pricing_type":"fixed","_wpseo_manager_tiered_pricing_fixed_rules":[],"_wpseo_editor_tiered_pricing_type":"fixed","_wpseo_editor_tiered_pricing_fixed_rules":[],"_customer_tiered_pricing_type":"fixed","_customer_tiered_pricing_fixed_rules":[],"_shop_manager_tiered_pricing_type":"fixed","_shop_manager_tiered_pricing_fixed_rules":[],"_product_manager_tiered_pricing_type":"fixed","_product_manager_tiered_pricing_fixed_rules":[],"_links":{"self":[{"href":"https:\/\/www.artestar.eu\/en\/wp-json\/wp\/v2\/product\/56865"}],"collection":[{"href":"https:\/\/www.artestar.eu\/en\/wp-json\/wp\/v2\/product"}],"about":[{"href":"https:\/\/www.artestar.eu\/en\/wp-json\/wp\/v2\/types\/product"}],"replies":[{"embeddable":true,"href":"https:\/\/www.artestar.eu\/en\/wp-json\/wp\/v2\/comments?post=56865"}],"version-history":[{"count":3,"href":"https:\/\/www.artestar.eu\/en\/wp-json\/wp\/v2\/product\/56865\/revisions"}],"predecessor-version":[{"id":57732,"href":"https:\/\/www.artestar.eu\/en\/wp-json\/wp\/v2\/product\/56865\/revisions\/57732"}],"wp:featuredmedia":[{"embeddable":true,"href":"https:\/\/www.artestar.eu\/en\/wp-json\/wp\/v2\/media\/57271"}],"wp:attachment":[{"href":"https:\/\/www.artestar.eu\/en\/wp-json\/wp\/v2\/media?parent=56865"}],"wp:term":[{"taxonomy":"product_cat","embeddable":true,"href":"https:\/\/www.artestar.eu\/en\/wp-json\/wp\/v2\/product_cat?post=56865"},{"taxonomy":"product_tag","embeddable":true,"href":"https:\/\/www.artestar.eu\/en\/wp-json\/wp\/v2\/product_tag?post=56865"}],"curies":[{"name":"wp","href":"https:\/\/api.w.org\/{rel}","templated":true}]}}