{"id":26801,"date":"2023-06-12T06:13:51","date_gmt":"2023-06-12T06:13:51","guid":{"rendered":"https:\/\/www.artestar.eu\/tarifs-de-livraison\/"},"modified":"2023-09-09T07:31:22","modified_gmt":"2023-09-09T07:31:22","slug":"tarifs-de-livraison","status":"publish","type":"page","link":"https:\/\/www.artestar.eu\/fr\/tarifs-de-livraison\/","title":{"rendered":"Frais de livraison"},"content":{"rendered":"\n<div class=\"wp-block-columns is-layout-flex wp-container-2 wp-block-columns-is-layout-flex\">\n<div class=\"wp-block-column is-layout-flow wp-block-column-is-layout-flow\">\n<figure class=\"wp-block-image size-large\"><img decoding=\"async\" width=\"1024\" height=\"358\" src=\"https:\/\/www.artestar.eu\/wp-content\/uploads\/2023\/09\/ARTESTAR-TARIFA-DE-ENVIO-NUEVO-1024x358.jpg\" alt=\"\" class=\"wp-image-33990\" srcset=\"https:\/\/www.artestar.eu\/wp-content\/uploads\/2023\/09\/ARTESTAR-TARIFA-DE-ENVIO-NUEVO-1024x358.jpg 1024w, https:\/\/www.artestar.eu\/wp-content\/uploads\/2023\/09\/ARTESTAR-TARIFA-DE-ENVIO-NUEVO-300x105.jpg 300w, https:\/\/www.artestar.eu\/wp-content\/uploads\/2023\/09\/ARTESTAR-TARIFA-DE-ENVIO-NUEVO-768x269.jpg 768w, https:\/\/www.artestar.eu\/wp-content\/uploads\/2023\/09\/ARTESTAR-TARIFA-DE-ENVIO-NUEVO-1536x538.jpg 1536w, https:\/\/www.artestar.eu\/wp-content\/uploads\/2023\/09\/ARTESTAR-TARIFA-DE-ENVIO-NUEVO-600x210.jpg 600w, https:\/\/www.artestar.eu\/wp-content\/uploads\/2023\/09\/ARTESTAR-TARIFA-DE-ENVIO-NUEVO-90x32.jpg 90w, https:\/\/www.artestar.eu\/wp-content\/uploads\/2023\/09\/ARTESTAR-TARIFA-DE-ENVIO-NUEVO.jpg 2000w\" sizes=\"(max-width: 1024px) 100vw, 1024px\" \/><\/figure>\n\n\n\n<p> <\/p>\n<h3 style=\"text-align: center;\">Les produits sont exp\u00e9di\u00e9s directement depuis l&#8217;usine partenaire en Chine.<\/h3>\n<p style=\"text-align: center;\">Remarque : le d\u00e9lai de livraison peut \u00eatre affect\u00e9 par des facteurs de force majeure.<\/p>\n<\/div>\n<\/div>\n\n<h2 class=\"wp-block-heading\" id=\"h-1-ioss-servicio-de-despacho-de-aduana\">1. <strong>IOSS &#8211; Service de d\u00e9douanement<\/strong><\/h2>\n\n<figure class=\"wp-block-table is-style-stripes\" style=\"font-size:17px\"><table class=\"has-black-color has-text-color has-background\" style=\"background-color:#d8d4ca\"><thead><tr><th>Envoyer \u00e0<\/th><th class=\"has-text-align-left\" data-align=\"left\">Tarif d&#8217;exp\u00e9dition (EUR\/kg)<br\/>(hors taxes)<\/th><th class=\"has-text-align-left\" data-align=\"left\">Frais de traitement (EUR\/unit\u00e9)<br\/>(hors taxes)<\/th><th class=\"has-text-align-left\" data-align=\"left\">Prix par kilo \u00e9caill\u00e9 (kg)<\/th><th class=\"has-text-align-left\" data-align=\"left\">Poids minimum par envoi (kg)<\/th><th class=\"has-text-align-left\" data-align=\"left\">D\u00e9lai d&#8217;exp\u00e9dition (jours)<\/th><\/tr><\/thead><tbody><tr><td><strong>Espagne<\/strong><\/td><td class=\"has-text-align-left\" data-align=\"left\">7,43<\/td><td class=\"has-text-align-left\" data-align=\"left\">2,57<\/td><td class=\"has-text-align-left\" data-align=\"left\">0.001 &#8211; 30<\/td><td class=\"has-text-align-left\" data-align=\"left\">0.001<\/td><td class=\"has-text-align-left\" data-align=\"left\">7-15<\/td><\/tr><tr><td><strong>Portugal<\/strong><\/td><td class=\"has-text-align-left\" data-align=\"left\">9,29<\/td><td class=\"has-text-align-left\" data-align=\"left\">2,86<\/td><td class=\"has-text-align-left\" data-align=\"left\">0.001 &#8211; 2<\/td><td class=\"has-text-align-left\" data-align=\"left\">0.05<\/td><td class=\"has-text-align-left\" data-align=\"left\">7-15<\/td><\/tr><tr><td><\/td><td class=\"has-text-align-left\" data-align=\"left\">8,57<\/td><td class=\"has-text-align-left\" data-align=\"left\">2,71<\/td><td class=\"has-text-align-left\" data-align=\"left\">2.001 &#8211; 30<\/td><td class=\"has-text-align-left\" data-align=\"left\">0.05<\/td><td class=\"has-text-align-left\" data-align=\"left\">7-15<\/td><\/tr><tr><td><strong>Allemagne<\/strong><\/td><td class=\"has-text-align-left\" data-align=\"left\">8,71<\/td><td class=\"has-text-align-left\" data-align=\"left\">2,57<\/td><td class=\"has-text-align-left\" data-align=\"left\">0.001 &#8211; 0.3<\/td><td class=\"has-text-align-left\" data-align=\"left\">0.001<\/td><td class=\"has-text-align-left\" data-align=\"left\">7-15<\/td><\/tr><tr><td><\/td><td class=\"has-text-align-left\" data-align=\"left\">7,71<\/td><td class=\"has-text-align-left\" data-align=\"left\">3<\/td><td class=\"has-text-align-left\" data-align=\"left\">0.301 &#8211; 2<\/td><td class=\"has-text-align-left\" data-align=\"left\">0.001<\/td><td class=\"has-text-align-left\" data-align=\"left\">7-15<\/td><\/tr><tr><td><\/td><td class=\"has-text-align-left\" data-align=\"left\">7,71<\/td><td class=\"has-text-align-left\" data-align=\"left\">3,29<\/td><td class=\"has-text-align-left\" data-align=\"left\">2.001 &#8211; 30<\/td><td class=\"has-text-align-left\" data-align=\"left\">0.001<\/td><td class=\"has-text-align-left\" data-align=\"left\">7-15<\/td><\/tr><tr><td><strong>France<\/strong><\/td><td class=\"has-text-align-left\" data-align=\"left\">8,71<\/td><td class=\"has-text-align-left\" data-align=\"left\">3<\/td><td class=\"has-text-align-left\" data-align=\"left\">0.001 &#8211; 0.4<\/td><td class=\"has-text-align-left\" data-align=\"left\">0.001<\/td><td class=\"has-text-align-left\" data-align=\"left\">7-15<\/td><\/tr><tr><td><\/td><td class=\"has-text-align-left\" data-align=\"left\">8,14<\/td><td class=\"has-text-align-left\" data-align=\"left\">3,29<\/td><td class=\"has-text-align-left\" data-align=\"left\">0.401 &#8211; 30<\/td><td class=\"has-text-align-left\" data-align=\"left\">0.001<\/td><td class=\"has-text-align-left\" data-align=\"left\">7-15<\/td><\/tr><tr><td><strong>Italie<\/strong><\/td><td class=\"has-text-align-left\" data-align=\"left\">7,71<\/td><td class=\"has-text-align-left\" data-align=\"left\">3,29<\/td><td class=\"has-text-align-left\" data-align=\"left\">0.001 &#8211; 2<\/td><td class=\"has-text-align-left\" data-align=\"left\">0.001<\/td><td class=\"has-text-align-left\" data-align=\"left\">7-15<\/td><\/tr><tr><td><\/td><td class=\"has-text-align-left\" data-align=\"left\">8,57<\/td><td class=\"has-text-align-left\" data-align=\"left\">3,29<\/td><td class=\"has-text-align-left\" data-align=\"left\">2.001 &#8211; 30<\/td><td class=\"has-text-align-left\" data-align=\"left\">0.001<\/td><td class=\"has-text-align-left\" data-align=\"left\">7-15<\/td><\/tr><\/tbody><\/table><\/figure>\n\n<h3 class=\"wp-block-heading has-text-align-center\" id=\"h-2-transporte-aereo-solo-peninsula\">2. Fret a\u00e9rien (Espagne continentale uniquement)<\/h3>\n\n<figure class=\"wp-block-table is-style-stripes\" style=\"font-size:17px\"><table class=\"has-background\" style=\"background-color:#d8d4ca\"><thead><tr><th class=\"has-text-align-left\" data-align=\"left\">Envoyer \u00e0<\/th><th class=\"has-text-align-left\" data-align=\"left\">Tarif d&#8217;exp\u00e9dition (EUR\/kg)<br\/>(hors taxes)<\/th><th class=\"has-text-align-left\" data-align=\"left\">D\u00e9lai d&#8217;exp\u00e9dition (jours)<\/th><\/tr><\/thead><tbody><tr><td class=\"has-text-align-left\" data-align=\"left\"><strong>Espagne<\/strong><\/td><td class=\"has-text-align-left\" data-align=\"left\">4.5\u20ac\/kg + GLS<\/td><td class=\"has-text-align-left\" data-align=\"left\">15-20<\/td><\/tr><tr><td class=\"has-text-align-left\" data-align=\"left\"><strong>Portugal<\/strong><\/td><td class=\"has-text-align-left\" data-align=\"left\">4.5\u20ac\/kg + GLS<\/td><td class=\"has-text-align-left\" data-align=\"left\">15-20<\/td><\/tr><\/tbody><\/table><\/figure>\n\n<div class=\"wp-block-buttons is-layout-flex wp-block-buttons-is-layout-flex\">\n<div class=\"wp-block-button has-custom-width wp-block-button__width-50 has-custom-font-size is-style-fill has-medium-font-size\"><a class=\"wp-block-button__link has-background wp-element-button\" href=\"https:\/\/www.artestar.eu&#x200B;&#x200B;&#x200B;&#x200B;\/order-tracking\/\" style=\"background-color:#b7b0a6\"><strong>Suivi de la commande<\/strong><\/a><\/div>\n<\/div>\n","protected":false},"excerpt":{"rendered":"<p>Les produits sont exp\u00e9di\u00e9s directement depuis l&#8217;usine partenaire en Chine. Remarque : le d\u00e9lai de livraison peut \u00eatre affect\u00e9 par des facteurs de force majeure. 1. IOSS &#8211; Service de d\u00e9douanement Envoyer \u00e0 Tarif d&#8217;exp\u00e9dition (EUR\/kg)(hors taxes) Frais de traitement (EUR\/unit\u00e9)(hors taxes) Prix par kilo \u00e9caill\u00e9 (kg) Poids minimum par envoi (kg) D\u00e9lai d&#8217;exp\u00e9dition (jours)<\/p>\n<div class=\"klb-readmore button\"><a class=\"btn link\" href=\"https:\/\/www.artestar.eu\/fr\/tarifs-de-livraison\/\">Read More <i class=\"klbth-icon-right-arrow\"><\/i><\/a><\/div>\n","protected":false},"author":3,"featured_media":0,"parent":0,"menu_order":0,"comment_status":"closed","ping_status":"closed","template":"","meta":{"footnotes":""},"yoast_head":"<!-- This site is optimized with the Yoast SEO Premium plugin v20.5 (Yoast SEO v21.5) - https:\/\/yoast.com\/wordpress\/plugins\/seo\/ -->\n<title>Frais de livraison - Artestar<\/title>\n<meta name=\"robots\" content=\"index, follow, max-snippet:-1, max-image-preview:large, max-video-preview:-1\" \/>\n<link rel=\"canonical\" href=\"https:\/\/www.artestar.eu\/fr\/tarifs-de-livraison\/\" \/>\n<meta property=\"og:locale\" content=\"fr_FR\" \/>\n<meta property=\"og:type\" content=\"article\" \/>\n<meta property=\"og:title\" content=\"Frais de livraison\" \/>\n<meta property=\"og:description\" content=\"Les produits sont exp\u00e9di\u00e9s directement depuis l&#8217;usine partenaire en Chine. Remarque : le d\u00e9lai de livraison peut \u00eatre affect\u00e9 par des facteurs de force majeure. 1. IOSS &#8211; Service de d\u00e9douanement Envoyer \u00e0 Tarif d&#8217;exp\u00e9dition (EUR\/kg)(hors taxes) Frais de traitement (EUR\/unit\u00e9)(hors taxes) Prix par kilo \u00e9caill\u00e9 (kg) Poids minimum par envoi (kg) D\u00e9lai d&#8217;exp\u00e9dition (jours)Read More\" \/>\n<meta property=\"og:url\" content=\"https:\/\/www.artestar.eu\/fr\/tarifs-de-livraison\/\" \/>\n<meta property=\"og:site_name\" content=\"Artestar\" \/>\n<meta property=\"article:publisher\" content=\"https:\/\/www.facebook.com\/ARTESTAREU\" \/>\n<meta property=\"article:modified_time\" content=\"2023-09-09T07:31:22+00:00\" \/>\n<meta property=\"og:image\" content=\"https:\/\/www.artestar.eu\/wp-content\/uploads\/2023\/09\/ARTESTAR-TARIFA-DE-ENVIO-NUEVO-1024x358.jpg\" \/>\n<meta name=\"twitter:card\" content=\"summary_large_image\" \/>\n<meta name=\"twitter:label1\" content=\"Dur\u00e9e de lecture estim\u00e9e\" \/>\n\t<meta name=\"twitter:data1\" content=\"1 minute\" \/>\n<script type=\"application\/ld+json\" class=\"yoast-schema-graph\">{\"@context\":\"https:\/\/schema.org\",\"@graph\":[{\"@type\":\"WebPage\",\"@id\":\"https:\/\/www.artestar.eu\/fr\/tarifs-de-livraison\/\",\"url\":\"https:\/\/www.artestar.eu\/fr\/tarifs-de-livraison\/\",\"name\":\"Frais de livraison - Artestar\",\"isPartOf\":{\"@id\":\"https:\/\/www.artestar.eu\/fr\/#website\"},\"datePublished\":\"2023-06-12T06:13:51+00:00\",\"dateModified\":\"2023-09-09T07:31:22+00:00\",\"breadcrumb\":{\"@id\":\"https:\/\/www.artestar.eu\/fr\/tarifs-de-livraison\/#breadcrumb\"},\"inLanguage\":\"fr-FR\",\"potentialAction\":[{\"@type\":\"ReadAction\",\"target\":[\"https:\/\/www.artestar.eu\/fr\/tarifs-de-livraison\/\"]}]},{\"@type\":\"BreadcrumbList\",\"@id\":\"https:\/\/www.artestar.eu\/fr\/tarifs-de-livraison\/#breadcrumb\",\"itemListElement\":[{\"@type\":\"ListItem\",\"position\":1,\"name\":\"Artestar\",\"item\":\"https:\/\/www.artestar.eu\/fr\/\"},{\"@type\":\"ListItem\",\"position\":2,\"name\":\"Frais de livraison\"}]},{\"@type\":\"WebSite\",\"@id\":\"https:\/\/www.artestar.eu\/fr\/#website\",\"url\":\"https:\/\/www.artestar.eu\/fr\/\",\"name\":\"Artestar\",\"description\":\"Mayorista en abalorios y joyer\u00eda\",\"publisher\":{\"@id\":\"https:\/\/www.artestar.eu\/fr\/#organization\"},\"alternateName\":\"Artestar-EU\",\"potentialAction\":[{\"@type\":\"SearchAction\",\"target\":{\"@type\":\"EntryPoint\",\"urlTemplate\":\"https:\/\/www.artestar.eu\/fr\/?s={search_term_string}\"},\"query-input\":\"required name=search_term_string\"}],\"inLanguage\":\"fr-FR\"},{\"@type\":[\"Organization\",\"Place\"],\"@id\":\"https:\/\/www.artestar.eu\/fr\/#organization\",\"name\":\"RUBY ABALORIO S.L.\",\"alternateName\":\"Artestar\",\"url\":\"https:\/\/www.artestar.eu\/fr\/\",\"logo\":{\"@id\":\"https:\/\/www.artestar.eu\/fr\/tarifs-de-livraison\/#local-main-organization-logo\"},\"image\":{\"@id\":\"https:\/\/www.artestar.eu\/fr\/tarifs-de-livraison\/#local-main-organization-logo\"},\"sameAs\":[\"https:\/\/www.facebook.com\/ARTESTAREU\",\"https:\/\/www.instagram.com\/artestareu\/\",\"https:\/\/www.pinterest.es\/artestar_eu\/\",\"https:\/\/www.tiktok.com\/@artestar_wholesale\"],\"openingHoursSpecification\":[{\"@type\":\"OpeningHoursSpecification\",\"dayOfWeek\":[\"Monday\",\"Tuesday\",\"Wednesday\",\"Thursday\",\"Friday\",\"Saturday\",\"Sunday\"],\"opens\":\"09:00\",\"closes\":\"17:00\"}]},{\"@type\":\"ImageObject\",\"inLanguage\":\"fr-FR\",\"@id\":\"https:\/\/www.artestar.eu\/fr\/tarifs-de-livraison\/#local-main-organization-logo\",\"url\":\"https:\/\/www.artestar.eu\/wp-content\/uploads\/2023\/05\/cropped-png.png\",\"contentUrl\":\"https:\/\/www.artestar.eu\/wp-content\/uploads\/2023\/05\/cropped-png.png\",\"width\":512,\"height\":512,\"caption\":\"RUBY ABALORIO S.L.\"}]}<\/script>\n<!-- \/ Yoast SEO Premium plugin. -->","yoast_head_json":{"title":"Frais de livraison - Artestar","robots":{"index":"index","follow":"follow","max-snippet":"max-snippet:-1","max-image-preview":"max-image-preview:large","max-video-preview":"max-video-preview:-1"},"canonical":"https:\/\/www.artestar.eu\/fr\/tarifs-de-livraison\/","og_locale":"fr_FR","og_type":"article","og_title":"Frais de livraison","og_description":"Les produits sont exp\u00e9di\u00e9s directement depuis l&#8217;usine partenaire en Chine. Remarque : le d\u00e9lai de livraison peut \u00eatre affect\u00e9 par des facteurs de force majeure. 1. IOSS &#8211; Service de d\u00e9douanement Envoyer \u00e0 Tarif d&#8217;exp\u00e9dition (EUR\/kg)(hors taxes) Frais de traitement (EUR\/unit\u00e9)(hors taxes) Prix par kilo \u00e9caill\u00e9 (kg) Poids minimum par envoi (kg) D\u00e9lai d&#8217;exp\u00e9dition (jours)Read More","og_url":"https:\/\/www.artestar.eu\/fr\/tarifs-de-livraison\/","og_site_name":"Artestar","article_publisher":"https:\/\/www.facebook.com\/ARTESTAREU","article_modified_time":"2023-09-09T07:31:22+00:00","og_image":[{"url":"https:\/\/www.artestar.eu\/wp-content\/uploads\/2023\/09\/ARTESTAR-TARIFA-DE-ENVIO-NUEVO-1024x358.jpg"}],"twitter_card":"summary_large_image","twitter_misc":{"Dur\u00e9e de lecture estim\u00e9e":"1 minute"},"schema":{"@context":"https:\/\/schema.org","@graph":[{"@type":"WebPage","@id":"https:\/\/www.artestar.eu\/fr\/tarifs-de-livraison\/","url":"https:\/\/www.artestar.eu\/fr\/tarifs-de-livraison\/","name":"Frais de livraison - Artestar","isPartOf":{"@id":"https:\/\/www.artestar.eu\/fr\/#website"},"datePublished":"2023-06-12T06:13:51+00:00","dateModified":"2023-09-09T07:31:22+00:00","breadcrumb":{"@id":"https:\/\/www.artestar.eu\/fr\/tarifs-de-livraison\/#breadcrumb"},"inLanguage":"fr-FR","potentialAction":[{"@type":"ReadAction","target":["https:\/\/www.artestar.eu\/fr\/tarifs-de-livraison\/"]}]},{"@type":"BreadcrumbList","@id":"https:\/\/www.artestar.eu\/fr\/tarifs-de-livraison\/#breadcrumb","itemListElement":[{"@type":"ListItem","position":1,"name":"Artestar","item":"https:\/\/www.artestar.eu\/fr\/"},{"@type":"ListItem","position":2,"name":"Frais de livraison"}]},{"@type":"WebSite","@id":"https:\/\/www.artestar.eu\/fr\/#website","url":"https:\/\/www.artestar.eu\/fr\/","name":"Artestar","description":"Mayorista en abalorios y joyer\u00eda","publisher":{"@id":"https:\/\/www.artestar.eu\/fr\/#organization"},"alternateName":"Artestar-EU","potentialAction":[{"@type":"SearchAction","target":{"@type":"EntryPoint","urlTemplate":"https:\/\/www.artestar.eu\/fr\/?s={search_term_string}"},"query-input":"required name=search_term_string"}],"inLanguage":"fr-FR"},{"@type":["Organization","Place"],"@id":"https:\/\/www.artestar.eu\/fr\/#organization","name":"RUBY ABALORIO S.L.","alternateName":"Artestar","url":"https:\/\/www.artestar.eu\/fr\/","logo":{"@id":"https:\/\/www.artestar.eu\/fr\/tarifs-de-livraison\/#local-main-organization-logo"},"image":{"@id":"https:\/\/www.artestar.eu\/fr\/tarifs-de-livraison\/#local-main-organization-logo"},"sameAs":["https:\/\/www.facebook.com\/ARTESTAREU","https:\/\/www.instagram.com\/artestareu\/","https:\/\/www.pinterest.es\/artestar_eu\/","https:\/\/www.tiktok.com\/@artestar_wholesale"],"openingHoursSpecification":[{"@type":"OpeningHoursSpecification","dayOfWeek":["Monday","Tuesday","Wednesday","Thursday","Friday","Saturday","Sunday"],"opens":"09:00","closes":"17:00"}]},{"@type":"ImageObject","inLanguage":"fr-FR","@id":"https:\/\/www.artestar.eu\/fr\/tarifs-de-livraison\/#local-main-organization-logo","url":"https:\/\/www.artestar.eu\/wp-content\/uploads\/2023\/05\/cropped-png.png","contentUrl":"https:\/\/www.artestar.eu\/wp-content\/uploads\/2023\/05\/cropped-png.png","width":512,"height":512,"caption":"RUBY ABALORIO S.L."}]}},"_links":{"self":[{"href":"https:\/\/www.artestar.eu\/fr\/wp-json\/wp\/v2\/pages\/26801"}],"collection":[{"href":"https:\/\/www.artestar.eu\/fr\/wp-json\/wp\/v2\/pages"}],"about":[{"href":"https:\/\/www.artestar.eu\/fr\/wp-json\/wp\/v2\/types\/page"}],"author":[{"embeddable":true,"href":"https:\/\/www.artestar.eu\/fr\/wp-json\/wp\/v2\/users\/3"}],"replies":[{"embeddable":true,"href":"https:\/\/www.artestar.eu\/fr\/wp-json\/wp\/v2\/comments?post=26801"}],"version-history":[{"count":8,"href":"https:\/\/www.artestar.eu\/fr\/wp-json\/wp\/v2\/pages\/26801\/revisions"}],"predecessor-version":[{"id":34275,"href":"https:\/\/www.artestar.eu\/fr\/wp-json\/wp\/v2\/pages\/26801\/revisions\/34275"}],"wp:attachment":[{"href":"https:\/\/www.artestar.eu\/fr\/wp-json\/wp\/v2\/media?parent=26801"}],"curies":[{"name":"wp","href":"https:\/\/api.w.org\/{rel}","templated":true}]}}