{"id":24341,"date":"2023-08-15T06:19:10","date_gmt":"2023-08-15T06:19:10","guid":{"rendered":"https:\/\/www.artestar.eu\/al-por-mayor\/pendentif-en-corne-plate\/"},"modified":"2023-09-19T02:22:59","modified_gmt":"2023-09-19T02:22:59","slug":"cor-plat-pierre-a-suspendre-cor","status":"publish","type":"product","link":"https:\/\/www.artestar.eu\/fr\/de-gros\/cor-plat-pierre-a-suspendre-cor\/","title":{"rendered":"Pendentif en corne plate"},"content":{"rendered":"<p>Pendentif en pierre de corne plate : la forme du pendentif pr\u00e9sente un design unique de corne plate, rappelant une fusion parfaite entre le moderne et le classique. Les pendentifs en pierre semi-pr\u00e9cieuse sont \u00e0 la fois simples et sophistiqu\u00e9s. Ils sont donc parfaits pour \u00eatre port\u00e9s tous les jours et ajoutent de l&#8217;\u00e9l\u00e9gance aux occasions sp\u00e9ciales.<\/p>\n<ul>\n<li>Nos pendentifs en pierre sont polis pour obtenir une finition lisse et sont tr\u00e8s agr\u00e9ables \u00e0 porter. En outre, chaque pierre pr\u00e9cieuse poss\u00e8de une couleur et une \u00e9nergie qui lui sont propres.<\/li>\n<li>Le port de ce pendentif n&#8217;ajoute pas seulement du charme, mais transmet \u00e9galement les valeurs et les \u00e9motions d&#8217;une personne. Comme le courage, l&#8217;amour, la paix, la sagesse, etc.<\/li>\n<li>Le pendentif en pierre semi-pr\u00e9cieuse que vous voyez ici peut \u00eatre port\u00e9 avec une vari\u00e9t\u00e9 de tenues. Mais il peut aussi \u00eatre offert \u00e0 des amis ou \u00e0 des membres de la famille lors d&#8217;occasions sp\u00e9ciales. Son design unique et l&#8217;\u00e9clat de sa pierre semi-pr\u00e9cieuse feront rayonner la confiance et l&#8217;\u00e9l\u00e9gance de celle qui la porte.<\/li>\n<li>Ces d\u00e9licats pendentifs en pierre peuvent \u00eatre combin\u00e9s avec d&#8217;autres accessoires en m\u00e9tal, des cristaux, des perles et des coquillages pour cr\u00e9er des bijoux fantaisie, des colliers, des bracelets, des boucles d&#8217;oreilles, des objets de d\u00e9coration int\u00e9rieure et bien d&#8217;autres choses encore. Il s&#8217;agit non seulement d&#8217;un cadeau parfait, mais il est \u00e9galement accompagn\u00e9 des meilleurs v\u0153ux.<\/li>\n<\/ul>\n<p><img decoding=\"async\" class=\"alignnone size-full wp-image-10100\" src=\"https:\/\/www.artestar.eu%E2%80%8B%E2%80%8B%E2%80%8B%E2%80%8B\/wp-content\/uploads\/2023\/08\/semi-precious-stone-pendant-horn-01.jpg\" alt=\"Pendentif en corne plate\" width=\"600\" height=\"600\" srcset=\"https:\/\/www.artestar.eu\/wp-content\/uploads\/2023\/08\/semi-precious-stone-pendant-horn-01.jpg 600w, https:\/\/www.artestar.eu\/wp-content\/uploads\/2023\/08\/semi-precious-stone-pendant-horn-01-300x300.jpg 300w, https:\/\/www.artestar.eu\/wp-content\/uploads\/2023\/08\/semi-precious-stone-pendant-horn-01-150x150.jpg 150w, https:\/\/www.artestar.eu\/wp-content\/uploads\/2023\/08\/semi-precious-stone-pendant-horn-01-450x450.jpg 450w, https:\/\/www.artestar.eu\/wp-content\/uploads\/2023\/08\/semi-precious-stone-pendant-horn-01-54x54.jpg 54w\" sizes=\"(max-width: 600px) 100vw, 600px\" \/><\/p>\n<h5>Corne plate suspendue en pierre naturelle<\/h5>\n<ul>\n<li>Les diff\u00e9rentes pierres semi-pr\u00e9cieuses ont des \u00e9nergies diff\u00e9rentes et peuvent \u00eatre s\u00e9lectionn\u00e9es seules. Par exemple, l&#8217;am\u00e9thyste est souvent consid\u00e9r\u00e9e comme un symbole de calme, de s\u00e9r\u00e9nit\u00e9 et de sagesse ; la pierre verte est associ\u00e9e \u00e0 l&#8217;\u00e9quilibre spirituel, \u00e0 la cr\u00e9ativit\u00e9 et \u00e0 l&#8217;\u00e9nergie curative ; et le saphir symbolise l&#8217;amour v\u00e9ritable et la loyaut\u00e9.<\/li>\n<\/ul>\n<p><strong>Pr\u00e9caution:<\/strong><\/p>\n<ul>\n<li>En raison des diff\u00e9rences de moniteurs et de r\u00e9solution, les couleurs des images peuvent diff\u00e9rer l\u00e9g\u00e8rement des couleurs r\u00e9elles.<\/li>\n<li>Les perles de pierre doivent \u00eatre prot\u00e9g\u00e9es de la lumi\u00e8re intense du soleil pour \u00e9viter d\u2019endommager la texture et la couleur de la pierre.<\/li>\n<\/ul>\n","protected":false},"excerpt":{"rendered":"<ul>\n<li>Quantit\u00e9: 1pcs.<\/li>\n<li>Taille: env. 46 x 20 x 20 x 8 mm, trou : approx. 4 x 8 mm<\/li>\n<li>En raison de facteurs tels que l&#8217;\u00e9clairage ou les variations naturelles des mat\u00e9riaux utilis\u00e9s, la couleur et la forme du produit peuvent varier l\u00e9g\u00e8rement.<\/li>\n<\/ul>\n","protected":false},"featured_media":23934,"comment_status":"open","ping_status":"closed","template":"","meta":[],"product_cat":[1041,1042],"product_tag":[],"yoast_head":"<!-- This site is optimized with the Yoast SEO Premium plugin v20.5 (Yoast SEO v21.5) - https:\/\/yoast.com\/wordpress\/plugins\/seo\/ -->\n<title>Pendentif en corne plate -sitename%sitename%%%.<\/title>\n<meta name=\"description\" content=\"\u00c9l\u00e9gant et sophistiqu\u00e9, ce pendentif en pierre de corne plate sera un cadeau pr\u00e9cieux, que vous l&#039;achetiez pour vous-m\u00eame ou pour quelqu&#039;un d&#039;autre.\" \/>\n<meta name=\"robots\" content=\"index, follow, max-snippet:-1, max-image-preview:large, max-video-preview:-1\" \/>\n<link rel=\"canonical\" href=\"https:\/\/www.artestar.eu\/fr\/de-gros\/cor-plat-pierre-a-suspendre-cor\/\" \/>\n<meta property=\"og:locale\" content=\"fr_FR\" \/>\n<meta property=\"og:type\" content=\"article\" \/>\n<meta property=\"og:title\" content=\"Pendentif en corne plate\" \/>\n<meta property=\"og:description\" content=\"\u00c9l\u00e9gant et sophistiqu\u00e9, ce pendentif en pierre de corne plate sera un cadeau pr\u00e9cieux, que vous l&#039;achetiez pour vous-m\u00eame ou pour quelqu&#039;un d&#039;autre.\" \/>\n<meta property=\"og:url\" content=\"https:\/\/www.artestar.eu\/fr\/de-gros\/cor-plat-pierre-a-suspendre-cor\/\" \/>\n<meta property=\"og:site_name\" content=\"Artestar\" \/>\n<meta property=\"article:publisher\" content=\"https:\/\/www.facebook.com\/ARTESTAREU\" \/>\n<meta property=\"article:modified_time\" content=\"2023-09-19T02:22:59+00:00\" \/>\n<meta property=\"og:image\" content=\"https:\/\/www.artestar.eu\/wp-content\/uploads\/2023\/08\/semi-precious-stone-pendant-horn.jpg\" \/>\n\t<meta property=\"og:image:width\" content=\"600\" \/>\n\t<meta property=\"og:image:height\" content=\"600\" \/>\n\t<meta property=\"og:image:type\" content=\"image\/jpeg\" \/>\n<meta name=\"twitter:card\" content=\"summary_large_image\" \/>\n<meta name=\"twitter:label1\" content=\"Availability\" \/>\n\t<meta name=\"twitter:data1\" content=\"En stock\" \/>\n<script type=\"application\/ld+json\" class=\"yoast-schema-graph\">{\"@context\":\"https:\/\/schema.org\",\"@graph\":[{\"@type\":\"WebPage\",\"@id\":\"https:\/\/www.artestar.eu\/fr\/de-gros\/cor-plat-pierre-a-suspendre-cor\/\",\"url\":\"https:\/\/www.artestar.eu\/fr\/de-gros\/cor-plat-pierre-a-suspendre-cor\/\",\"name\":\"Pendentif en corne plate -sitename%sitename%%%.\",\"isPartOf\":{\"@id\":\"https:\/\/www.artestar.eu\/fr\/#website\"},\"datePublished\":\"2023-08-15T06:19:10+00:00\",\"dateModified\":\"2023-09-19T02:22:59+00:00\",\"description\":\"\u00c9l\u00e9gant et sophistiqu\u00e9, ce pendentif en pierre de corne plate sera un cadeau pr\u00e9cieux, que vous l'achetiez pour vous-m\u00eame ou pour quelqu'un d'autre.\",\"breadcrumb\":{\"@id\":\"https:\/\/www.artestar.eu\/fr\/de-gros\/cor-plat-pierre-a-suspendre-cor\/#breadcrumb\"},\"inLanguage\":\"fr-FR\",\"potentialAction\":[{\"@type\":\"ReadAction\",\"target\":[\"https:\/\/www.artestar.eu\/fr\/de-gros\/cor-plat-pierre-a-suspendre-cor\/\"]}]},{\"@type\":\"BreadcrumbList\",\"@id\":\"https:\/\/www.artestar.eu\/fr\/de-gros\/cor-plat-pierre-a-suspendre-cor\/#breadcrumb\",\"itemListElement\":[{\"@type\":\"ListItem\",\"position\":1,\"name\":\"Artestar\",\"item\":\"https:\/\/www.artestar.eu\/fr\/\"},{\"@type\":\"ListItem\",\"position\":2,\"name\":\"De gros\",\"item\":\"https:\/\/www.artestar.eu\/fr\/de-gros\/\"},{\"@type\":\"ListItem\",\"position\":3,\"name\":\"Pendentif en corne plate\"}]},{\"@type\":\"WebSite\",\"@id\":\"https:\/\/www.artestar.eu\/fr\/#website\",\"url\":\"https:\/\/www.artestar.eu\/fr\/\",\"name\":\"Artestar\",\"description\":\"Mayorista en abalorios y joyer\u00eda\",\"publisher\":{\"@id\":\"https:\/\/www.artestar.eu\/fr\/#organization\"},\"alternateName\":\"Artestar-EU\",\"potentialAction\":[{\"@type\":\"SearchAction\",\"target\":{\"@type\":\"EntryPoint\",\"urlTemplate\":\"https:\/\/www.artestar.eu\/fr\/?s={search_term_string}\"},\"query-input\":\"required name=search_term_string\"}],\"inLanguage\":\"fr-FR\"},{\"@type\":[\"Organization\",\"Place\"],\"@id\":\"https:\/\/www.artestar.eu\/fr\/#organization\",\"name\":\"RUBY ABALORIO S.L.\",\"alternateName\":\"Artestar\",\"url\":\"https:\/\/www.artestar.eu\/fr\/\",\"logo\":{\"@id\":\"https:\/\/www.artestar.eu\/fr\/de-gros\/cor-plat-pierre-a-suspendre-cor\/#local-main-organization-logo\"},\"image\":{\"@id\":\"https:\/\/www.artestar.eu\/fr\/de-gros\/cor-plat-pierre-a-suspendre-cor\/#local-main-organization-logo\"},\"sameAs\":[\"https:\/\/www.facebook.com\/ARTESTAREU\",\"https:\/\/www.instagram.com\/artestareu\/\",\"https:\/\/www.pinterest.es\/artestar_eu\/\",\"https:\/\/www.tiktok.com\/@artestar_wholesale\"],\"openingHoursSpecification\":[{\"@type\":\"OpeningHoursSpecification\",\"dayOfWeek\":[\"Monday\",\"Tuesday\",\"Wednesday\",\"Thursday\",\"Friday\",\"Saturday\",\"Sunday\"],\"opens\":\"09:00\",\"closes\":\"17:00\"}]},{\"@type\":\"ImageObject\",\"inLanguage\":\"fr-FR\",\"@id\":\"https:\/\/www.artestar.eu\/fr\/de-gros\/cor-plat-pierre-a-suspendre-cor\/#local-main-organization-logo\",\"url\":\"https:\/\/www.artestar.eu\/wp-content\/uploads\/2023\/05\/cropped-png.png\",\"contentUrl\":\"https:\/\/www.artestar.eu\/wp-content\/uploads\/2023\/05\/cropped-png.png\",\"width\":512,\"height\":512,\"caption\":\"RUBY ABALORIO S.L.\"}]}<\/script>\n<meta property=\"og:availability\" content=\"instock\" \/>\n<meta property=\"product:availability\" content=\"instock\" \/>\n<meta property=\"product:retailer_item_id\" content=\"BS-GZ-YY0001-0007\" \/>\n<meta property=\"product:condition\" content=\"new\" \/>\n<!-- \/ Yoast SEO Premium plugin. -->","yoast_head_json":{"title":"Pendentif en corne plate -sitename%sitename%%%.","description":"\u00c9l\u00e9gant et sophistiqu\u00e9, ce pendentif en pierre de corne plate sera un cadeau pr\u00e9cieux, que vous l'achetiez pour vous-m\u00eame ou pour quelqu'un d'autre.","robots":{"index":"index","follow":"follow","max-snippet":"max-snippet:-1","max-image-preview":"max-image-preview:large","max-video-preview":"max-video-preview:-1"},"canonical":"https:\/\/www.artestar.eu\/fr\/de-gros\/cor-plat-pierre-a-suspendre-cor\/","og_locale":"fr_FR","og_type":"article","og_title":"Pendentif en corne plate","og_description":"\u00c9l\u00e9gant et sophistiqu\u00e9, ce pendentif en pierre de corne plate sera un cadeau pr\u00e9cieux, que vous l'achetiez pour vous-m\u00eame ou pour quelqu'un d'autre.","og_url":"https:\/\/www.artestar.eu\/fr\/de-gros\/cor-plat-pierre-a-suspendre-cor\/","og_site_name":"Artestar","article_publisher":"https:\/\/www.facebook.com\/ARTESTAREU","article_modified_time":"2023-09-19T02:22:59+00:00","og_image":[{"width":600,"height":600,"url":"https:\/\/www.artestar.eu\/wp-content\/uploads\/2023\/08\/semi-precious-stone-pendant-horn.jpg","type":"image\/jpeg"}],"twitter_card":"summary_large_image","twitter_misc":{"Availability":"En stock"},"schema":{"@context":"https:\/\/schema.org","@graph":[{"@type":"WebPage","@id":"https:\/\/www.artestar.eu\/fr\/de-gros\/cor-plat-pierre-a-suspendre-cor\/","url":"https:\/\/www.artestar.eu\/fr\/de-gros\/cor-plat-pierre-a-suspendre-cor\/","name":"Pendentif en corne plate -sitename%sitename%%%.","isPartOf":{"@id":"https:\/\/www.artestar.eu\/fr\/#website"},"datePublished":"2023-08-15T06:19:10+00:00","dateModified":"2023-09-19T02:22:59+00:00","description":"\u00c9l\u00e9gant et sophistiqu\u00e9, ce pendentif en pierre de corne plate sera un cadeau pr\u00e9cieux, que vous l'achetiez pour vous-m\u00eame ou pour quelqu'un d'autre.","breadcrumb":{"@id":"https:\/\/www.artestar.eu\/fr\/de-gros\/cor-plat-pierre-a-suspendre-cor\/#breadcrumb"},"inLanguage":"fr-FR","potentialAction":[{"@type":"ReadAction","target":["https:\/\/www.artestar.eu\/fr\/de-gros\/cor-plat-pierre-a-suspendre-cor\/"]}]},{"@type":"BreadcrumbList","@id":"https:\/\/www.artestar.eu\/fr\/de-gros\/cor-plat-pierre-a-suspendre-cor\/#breadcrumb","itemListElement":[{"@type":"ListItem","position":1,"name":"Artestar","item":"https:\/\/www.artestar.eu\/fr\/"},{"@type":"ListItem","position":2,"name":"De gros","item":"https:\/\/www.artestar.eu\/fr\/de-gros\/"},{"@type":"ListItem","position":3,"name":"Pendentif en corne plate"}]},{"@type":"WebSite","@id":"https:\/\/www.artestar.eu\/fr\/#website","url":"https:\/\/www.artestar.eu\/fr\/","name":"Artestar","description":"Mayorista en abalorios y joyer\u00eda","publisher":{"@id":"https:\/\/www.artestar.eu\/fr\/#organization"},"alternateName":"Artestar-EU","potentialAction":[{"@type":"SearchAction","target":{"@type":"EntryPoint","urlTemplate":"https:\/\/www.artestar.eu\/fr\/?s={search_term_string}"},"query-input":"required name=search_term_string"}],"inLanguage":"fr-FR"},{"@type":["Organization","Place"],"@id":"https:\/\/www.artestar.eu\/fr\/#organization","name":"RUBY ABALORIO S.L.","alternateName":"Artestar","url":"https:\/\/www.artestar.eu\/fr\/","logo":{"@id":"https:\/\/www.artestar.eu\/fr\/de-gros\/cor-plat-pierre-a-suspendre-cor\/#local-main-organization-logo"},"image":{"@id":"https:\/\/www.artestar.eu\/fr\/de-gros\/cor-plat-pierre-a-suspendre-cor\/#local-main-organization-logo"},"sameAs":["https:\/\/www.facebook.com\/ARTESTAREU","https:\/\/www.instagram.com\/artestareu\/","https:\/\/www.pinterest.es\/artestar_eu\/","https:\/\/www.tiktok.com\/@artestar_wholesale"],"openingHoursSpecification":[{"@type":"OpeningHoursSpecification","dayOfWeek":["Monday","Tuesday","Wednesday","Thursday","Friday","Saturday","Sunday"],"opens":"09:00","closes":"17:00"}]},{"@type":"ImageObject","inLanguage":"fr-FR","@id":"https:\/\/www.artestar.eu\/fr\/de-gros\/cor-plat-pierre-a-suspendre-cor\/#local-main-organization-logo","url":"https:\/\/www.artestar.eu\/wp-content\/uploads\/2023\/05\/cropped-png.png","contentUrl":"https:\/\/www.artestar.eu\/wp-content\/uploads\/2023\/05\/cropped-png.png","width":512,"height":512,"caption":"RUBY ABALORIO S.L."}]},"og_availability":"instock","product_availability":"instock","product_retailer_item_id":"BS-GZ-YY0001-0007","product_condition":"new"},"tiered_pricing_type":"fixed","tiered_pricing_fixed_rules":[],"tiered_pricing_percentage_rules":[],"tiered_pricing_minimum":null,"_administrator_tiered_pricing_type":"fixed","_administrator_tiered_pricing_fixed_rules":[],"_editor_tiered_pricing_type":"fixed","_editor_tiered_pricing_fixed_rules":[],"_author_tiered_pricing_type":"fixed","_author_tiered_pricing_fixed_rules":[],"_contributor_tiered_pricing_type":"fixed","_contributor_tiered_pricing_fixed_rules":[],"_subscriber_tiered_pricing_type":"fixed","_subscriber_tiered_pricing_fixed_rules":[],"_wpseo_manager_tiered_pricing_type":"fixed","_wpseo_manager_tiered_pricing_fixed_rules":[],"_wpseo_editor_tiered_pricing_type":"fixed","_wpseo_editor_tiered_pricing_fixed_rules":[],"_customer_tiered_pricing_type":"fixed","_customer_tiered_pricing_fixed_rules":[],"_shop_manager_tiered_pricing_type":"fixed","_shop_manager_tiered_pricing_fixed_rules":[],"_product_manager_tiered_pricing_type":"fixed","_product_manager_tiered_pricing_fixed_rules":[],"_links":{"self":[{"href":"https:\/\/www.artestar.eu\/fr\/wp-json\/wp\/v2\/product\/24341"}],"collection":[{"href":"https:\/\/www.artestar.eu\/fr\/wp-json\/wp\/v2\/product"}],"about":[{"href":"https:\/\/www.artestar.eu\/fr\/wp-json\/wp\/v2\/types\/product"}],"replies":[{"embeddable":true,"href":"https:\/\/www.artestar.eu\/fr\/wp-json\/wp\/v2\/comments?post=24341"}],"version-history":[{"count":2,"href":"https:\/\/www.artestar.eu\/fr\/wp-json\/wp\/v2\/product\/24341\/revisions"}],"predecessor-version":[{"id":35320,"href":"https:\/\/www.artestar.eu\/fr\/wp-json\/wp\/v2\/product\/24341\/revisions\/35320"}],"wp:featuredmedia":[{"embeddable":true,"href":"https:\/\/www.artestar.eu\/fr\/wp-json\/wp\/v2\/media\/23934"}],"wp:attachment":[{"href":"https:\/\/www.artestar.eu\/fr\/wp-json\/wp\/v2\/media?parent=24341"}],"wp:term":[{"taxonomy":"product_cat","embeddable":true,"href":"https:\/\/www.artestar.eu\/fr\/wp-json\/wp\/v2\/product_cat?post=24341"},{"taxonomy":"product_tag","embeddable":true,"href":"https:\/\/www.artestar.eu\/fr\/wp-json\/wp\/v2\/product_tag?post=24341"}],"curies":[{"name":"wp","href":"https:\/\/api.w.org\/{rel}","templated":true}]}}