{"id":24406,"date":"2023-08-07T08:35:03","date_gmt":"2023-08-07T08:35:03","guid":{"rendered":"https:\/\/www.artestar.eu\/al-por-mayor\/avec-des-perles-semi-precieuses-a-large-trou-pour-les-pendentifs\/"},"modified":"2023-09-19T02:45:39","modified_gmt":"2023-09-19T02:45:39","slug":"avec-grand-trou-grandes-perles-semiprecious-beads-for-pendant","status":"publish","type":"product","link":"https:\/\/www.artestar.eu\/fr\/de-gros\/avec-grand-trou-grandes-perles-semiprecious-beads-for-pendant\/","title":{"rendered":"Avec des perles semi-pr\u00e9cieuses \u00e0 large trou pour les pendentifs"},"content":{"rendered":"<p>Perles semi-pr\u00e9cieuses \u00e0 large trou pour pendentif : Chaque pendentif en perles de pierre est fait de mat\u00e9riaux naturels purs et a un aspect unique.<\/p>\n<ul>\n<li>Avec une finition polie, ces pendentifs en perles de pierre naturelle ont une surface lisse et sont tr\u00e8s confortables \u00e0 porter. De plus, leur apparence, ainsi que leur texture et leur couleur naturelles, rendent les perles de pierres pr\u00e9cieuses uniques.<\/li>\n<li>Nos pendentifs en pierre de boulier semi-pr\u00e9cieuse naturelle soulagent le stress et l&#8217;anxi\u00e9t\u00e9 car ils transmettent des messages psychologiques positifs, une vision optimiste de la vie et sont r\u00e9put\u00e9s transmettre l&#8217;\u00e9nergie cosmique au corps.<\/li>\n<li>Les trous en acier inoxydable sur le dessus des pendentifs en pierre sont de la bonne taille pour le filetage. Souvent, il s&#8217;agit simplement d&#8217;enfiler une cha\u00eene ou une corde. Avec des accessoires tels qu&#8217;un fermoir \u00e0 mousqueton en acier inoxydable, pour compl\u00e9ter votre propre projet d&#8217;artisanat &#8211; profitez de l&#8217;artisanat avec des bijoux !<\/li>\n<li>Ces d\u00e9licats pendentifs en forme de boulier peuvent \u00eatre combin\u00e9s avec d&#8217;autres accessoires en m\u00e9tal, des cristaux, des perles et des coquillages pour cr\u00e9er tous les bijoux fantaisie que vous souhaitez, des colliers, des bracelets, des boucles d&#8217;oreilles, des objets de d\u00e9coration d&#8217;int\u00e9rieur et bien plus encore. Donnez-le \u00e0 vos amis et \u00e0 votre famille qui aiment l\u2019artisanat. Non seulement c\u2019est un cadeau parfait, mais il vient avec les meilleurs v\u0153ux.<\/li>\n<\/ul>\n<p><img decoding=\"async\" class=\"alignnone wp-image-8291 size-full\" src=\"https:\/\/www.artestar.eu%E2%80%8B%E2%80%8B%E2%80%8B%E2%80%8B\/wp-content\/uploads\/2023\/07\/natural-semi-precious-gemstone-pendants-abacus-02.jpg\" alt=\"Avec des perles semi-pr\u00e9cieuses \u00e0 large trou pour les pendentifs  \" width=\"600\" height=\"600\" srcset=\"https:\/\/www.artestar.eu\/wp-content\/uploads\/2023\/07\/natural-semi-precious-gemstone-pendants-abacus-02.jpg 600w, https:\/\/www.artestar.eu\/wp-content\/uploads\/2023\/07\/natural-semi-precious-gemstone-pendants-abacus-02-300x300.jpg 300w, https:\/\/www.artestar.eu\/wp-content\/uploads\/2023\/07\/natural-semi-precious-gemstone-pendants-abacus-02-150x150.jpg 150w, https:\/\/www.artestar.eu\/wp-content\/uploads\/2023\/07\/natural-semi-precious-gemstone-pendants-abacus-02-450x450.jpg 450w, https:\/\/www.artestar.eu\/wp-content\/uploads\/2023\/07\/natural-semi-precious-gemstone-pendants-abacus-02-54x54.jpg 54w\" sizes=\"(max-width: 600px) 100vw, 600px\" \/><\/p>\n<h5>Avec des perles semi-pr\u00e9cieuses \u00e0 large trou pour les pendentifs<\/h5>\n<h6>Pr\u00e9caution:<\/h6>\n<ul>\n<li>En raison des diff\u00e9rences de moniteurs et de r\u00e9solution, les couleurs des images peuvent diff\u00e9rer l\u00e9g\u00e8rement des couleurs r\u00e9elles.<\/li>\n<li>Les perles de pierre doivent \u00eatre prot\u00e9g\u00e9es de la lumi\u00e8re intense du soleil pour \u00e9viter d\u2019endommager la texture et la couleur de la pierre.<\/li>\n<li>Attention: Les enfants de moins de trois ans doivent \u00e9viter le contact, risque de suffocation.<\/li>\n<\/ul>\n","protected":false},"excerpt":{"rendered":"<ul>\n<li>Taille: env. 7 x 14 mm, trou : 6 mm<\/li>\n<li>Quantit\u00e9 : 1 pi\u00e8ce<\/li>\n<li>En raison de facteurs tels que l\u2019\u00e9clairage ou les variations naturelles des mat\u00e9riaux utilis\u00e9s, la couleur et la forme du produit peuvent varier l\u00e9g\u00e8rement.<\/li>\n<\/ul>\n","protected":false},"featured_media":23454,"comment_status":"open","ping_status":"closed","template":"","meta":[],"product_cat":[1041,1042],"product_tag":[],"yoast_head":"<!-- This site is optimized with the Yoast SEO Premium plugin v20.5 (Yoast SEO v21.5) - https:\/\/yoast.com\/wordpress\/plugins\/seo\/ -->\n<title>Artestar<\/title>\n<meta name=\"description\" content=\"Nos perles pr\u00e9cieuses \u00e0 gros trous sont disponibles dans une grande vari\u00e9t\u00e9 et sont tr\u00e8s s\u00e9lectives. Indispensable pour l\u2019\u00e9t\u00e9.\" \/>\n<meta name=\"robots\" content=\"index, follow, max-snippet:-1, max-image-preview:large, max-video-preview:-1\" \/>\n<link rel=\"canonical\" href=\"https:\/\/www.artestar.eu\/fr\/de-gros\/avec-grand-trou-grandes-perles-semiprecious-beads-for-pendant\/\" \/>\n<meta property=\"og:locale\" content=\"fr_FR\" \/>\n<meta property=\"og:type\" content=\"article\" \/>\n<meta property=\"og:title\" content=\"Avec des perles semi-pr\u00e9cieuses \u00e0 large trou pour les pendentifs\" \/>\n<meta property=\"og:description\" content=\"Nos perles pr\u00e9cieuses \u00e0 gros trous sont disponibles dans une grande vari\u00e9t\u00e9 et sont tr\u00e8s s\u00e9lectives. Indispensable pour l\u2019\u00e9t\u00e9.\" \/>\n<meta property=\"og:url\" content=\"https:\/\/www.artestar.eu\/fr\/de-gros\/avec-grand-trou-grandes-perles-semiprecious-beads-for-pendant\/\" \/>\n<meta property=\"og:site_name\" content=\"Artestar\" \/>\n<meta property=\"article:publisher\" content=\"https:\/\/www.facebook.com\/ARTESTAREU\" \/>\n<meta property=\"article:modified_time\" content=\"2023-09-19T02:45:39+00:00\" \/>\n<meta property=\"og:image\" content=\"https:\/\/www.artestar.eu\/wp-content\/uploads\/2023\/08\/natural-semi-precious-gemstone-pendants-abacus.jpg\" \/>\n\t<meta property=\"og:image:width\" content=\"600\" \/>\n\t<meta property=\"og:image:height\" content=\"600\" \/>\n\t<meta property=\"og:image:type\" content=\"image\/jpeg\" \/>\n<meta name=\"twitter:card\" content=\"summary_large_image\" \/>\n<meta name=\"twitter:label1\" content=\"Availability\" \/>\n\t<meta name=\"twitter:data1\" content=\"En stock\" \/>\n<script type=\"application\/ld+json\" class=\"yoast-schema-graph\">{\"@context\":\"https:\/\/schema.org\",\"@graph\":[{\"@type\":\"WebPage\",\"@id\":\"https:\/\/www.artestar.eu\/fr\/de-gros\/avec-grand-trou-grandes-perles-semiprecious-beads-for-pendant\/\",\"url\":\"https:\/\/www.artestar.eu\/fr\/de-gros\/avec-grand-trou-grandes-perles-semiprecious-beads-for-pendant\/\",\"name\":\"\",\"isPartOf\":{\"@id\":\"https:\/\/www.artestar.eu\/fr\/#website\"},\"datePublished\":\"2023-08-07T08:35:03+00:00\",\"dateModified\":\"2023-09-19T02:45:39+00:00\",\"description\":\"Nos perles pr\u00e9cieuses \u00e0 gros trous sont disponibles dans une grande vari\u00e9t\u00e9 et sont tr\u00e8s s\u00e9lectives. Indispensable pour l\u2019\u00e9t\u00e9.\",\"breadcrumb\":{\"@id\":\"https:\/\/www.artestar.eu\/fr\/de-gros\/avec-grand-trou-grandes-perles-semiprecious-beads-for-pendant\/#breadcrumb\"},\"inLanguage\":\"fr-FR\",\"potentialAction\":[{\"@type\":\"ReadAction\",\"target\":[\"https:\/\/www.artestar.eu\/fr\/de-gros\/avec-grand-trou-grandes-perles-semiprecious-beads-for-pendant\/\"]}]},{\"@type\":\"BreadcrumbList\",\"@id\":\"https:\/\/www.artestar.eu\/fr\/de-gros\/avec-grand-trou-grandes-perles-semiprecious-beads-for-pendant\/#breadcrumb\",\"itemListElement\":[{\"@type\":\"ListItem\",\"position\":1,\"name\":\"Artestar\",\"item\":\"https:\/\/www.artestar.eu\/fr\/\"},{\"@type\":\"ListItem\",\"position\":2,\"name\":\"De gros\",\"item\":\"https:\/\/www.artestar.eu\/fr\/de-gros\/\"},{\"@type\":\"ListItem\",\"position\":3,\"name\":\"Avec des perles semi-pr\u00e9cieuses \u00e0 large trou pour les pendentifs\"}]},{\"@type\":\"WebSite\",\"@id\":\"https:\/\/www.artestar.eu\/fr\/#website\",\"url\":\"https:\/\/www.artestar.eu\/fr\/\",\"name\":\"Artestar\",\"description\":\"Mayorista en abalorios y joyer\u00eda\",\"publisher\":{\"@id\":\"https:\/\/www.artestar.eu\/fr\/#organization\"},\"alternateName\":\"Artestar-EU\",\"potentialAction\":[{\"@type\":\"SearchAction\",\"target\":{\"@type\":\"EntryPoint\",\"urlTemplate\":\"https:\/\/www.artestar.eu\/fr\/?s={search_term_string}\"},\"query-input\":\"required name=search_term_string\"}],\"inLanguage\":\"fr-FR\"},{\"@type\":[\"Organization\",\"Place\"],\"@id\":\"https:\/\/www.artestar.eu\/fr\/#organization\",\"name\":\"RUBY ABALORIO S.L.\",\"alternateName\":\"Artestar\",\"url\":\"https:\/\/www.artestar.eu\/fr\/\",\"logo\":{\"@id\":\"https:\/\/www.artestar.eu\/fr\/de-gros\/avec-grand-trou-grandes-perles-semiprecious-beads-for-pendant\/#local-main-organization-logo\"},\"image\":{\"@id\":\"https:\/\/www.artestar.eu\/fr\/de-gros\/avec-grand-trou-grandes-perles-semiprecious-beads-for-pendant\/#local-main-organization-logo\"},\"sameAs\":[\"https:\/\/www.facebook.com\/ARTESTAREU\",\"https:\/\/www.instagram.com\/artestareu\/\",\"https:\/\/www.pinterest.es\/artestar_eu\/\",\"https:\/\/www.tiktok.com\/@artestar_wholesale\"],\"openingHoursSpecification\":[{\"@type\":\"OpeningHoursSpecification\",\"dayOfWeek\":[\"Monday\",\"Tuesday\",\"Wednesday\",\"Thursday\",\"Friday\",\"Saturday\",\"Sunday\"],\"opens\":\"09:00\",\"closes\":\"17:00\"}]},{\"@type\":\"ImageObject\",\"inLanguage\":\"fr-FR\",\"@id\":\"https:\/\/www.artestar.eu\/fr\/de-gros\/avec-grand-trou-grandes-perles-semiprecious-beads-for-pendant\/#local-main-organization-logo\",\"url\":\"https:\/\/www.artestar.eu\/wp-content\/uploads\/2023\/05\/cropped-png.png\",\"contentUrl\":\"https:\/\/www.artestar.eu\/wp-content\/uploads\/2023\/05\/cropped-png.png\",\"width\":512,\"height\":512,\"caption\":\"RUBY ABALORIO S.L.\"}]}<\/script>\n<meta property=\"og:availability\" content=\"instock\" \/>\n<meta property=\"product:availability\" content=\"instock\" \/>\n<meta property=\"product:retailer_item_id\" content=\"BS-GZ-SPZ0001-0012\" \/>\n<meta property=\"product:condition\" content=\"new\" \/>\n<!-- \/ Yoast SEO Premium plugin. -->","yoast_head_json":{"title":"Artestar","description":"Nos perles pr\u00e9cieuses \u00e0 gros trous sont disponibles dans une grande vari\u00e9t\u00e9 et sont tr\u00e8s s\u00e9lectives. Indispensable pour l\u2019\u00e9t\u00e9.","robots":{"index":"index","follow":"follow","max-snippet":"max-snippet:-1","max-image-preview":"max-image-preview:large","max-video-preview":"max-video-preview:-1"},"canonical":"https:\/\/www.artestar.eu\/fr\/de-gros\/avec-grand-trou-grandes-perles-semiprecious-beads-for-pendant\/","og_locale":"fr_FR","og_type":"article","og_title":"Avec des perles semi-pr\u00e9cieuses \u00e0 large trou pour les pendentifs","og_description":"Nos perles pr\u00e9cieuses \u00e0 gros trous sont disponibles dans une grande vari\u00e9t\u00e9 et sont tr\u00e8s s\u00e9lectives. Indispensable pour l\u2019\u00e9t\u00e9.","og_url":"https:\/\/www.artestar.eu\/fr\/de-gros\/avec-grand-trou-grandes-perles-semiprecious-beads-for-pendant\/","og_site_name":"Artestar","article_publisher":"https:\/\/www.facebook.com\/ARTESTAREU","article_modified_time":"2023-09-19T02:45:39+00:00","og_image":[{"width":600,"height":600,"url":"https:\/\/www.artestar.eu\/wp-content\/uploads\/2023\/08\/natural-semi-precious-gemstone-pendants-abacus.jpg","type":"image\/jpeg"}],"twitter_card":"summary_large_image","twitter_misc":{"Availability":"En stock"},"schema":{"@context":"https:\/\/schema.org","@graph":[{"@type":"WebPage","@id":"https:\/\/www.artestar.eu\/fr\/de-gros\/avec-grand-trou-grandes-perles-semiprecious-beads-for-pendant\/","url":"https:\/\/www.artestar.eu\/fr\/de-gros\/avec-grand-trou-grandes-perles-semiprecious-beads-for-pendant\/","name":"","isPartOf":{"@id":"https:\/\/www.artestar.eu\/fr\/#website"},"datePublished":"2023-08-07T08:35:03+00:00","dateModified":"2023-09-19T02:45:39+00:00","description":"Nos perles pr\u00e9cieuses \u00e0 gros trous sont disponibles dans une grande vari\u00e9t\u00e9 et sont tr\u00e8s s\u00e9lectives. Indispensable pour l\u2019\u00e9t\u00e9.","breadcrumb":{"@id":"https:\/\/www.artestar.eu\/fr\/de-gros\/avec-grand-trou-grandes-perles-semiprecious-beads-for-pendant\/#breadcrumb"},"inLanguage":"fr-FR","potentialAction":[{"@type":"ReadAction","target":["https:\/\/www.artestar.eu\/fr\/de-gros\/avec-grand-trou-grandes-perles-semiprecious-beads-for-pendant\/"]}]},{"@type":"BreadcrumbList","@id":"https:\/\/www.artestar.eu\/fr\/de-gros\/avec-grand-trou-grandes-perles-semiprecious-beads-for-pendant\/#breadcrumb","itemListElement":[{"@type":"ListItem","position":1,"name":"Artestar","item":"https:\/\/www.artestar.eu\/fr\/"},{"@type":"ListItem","position":2,"name":"De gros","item":"https:\/\/www.artestar.eu\/fr\/de-gros\/"},{"@type":"ListItem","position":3,"name":"Avec des perles semi-pr\u00e9cieuses \u00e0 large trou pour les pendentifs"}]},{"@type":"WebSite","@id":"https:\/\/www.artestar.eu\/fr\/#website","url":"https:\/\/www.artestar.eu\/fr\/","name":"Artestar","description":"Mayorista en abalorios y joyer\u00eda","publisher":{"@id":"https:\/\/www.artestar.eu\/fr\/#organization"},"alternateName":"Artestar-EU","potentialAction":[{"@type":"SearchAction","target":{"@type":"EntryPoint","urlTemplate":"https:\/\/www.artestar.eu\/fr\/?s={search_term_string}"},"query-input":"required name=search_term_string"}],"inLanguage":"fr-FR"},{"@type":["Organization","Place"],"@id":"https:\/\/www.artestar.eu\/fr\/#organization","name":"RUBY ABALORIO S.L.","alternateName":"Artestar","url":"https:\/\/www.artestar.eu\/fr\/","logo":{"@id":"https:\/\/www.artestar.eu\/fr\/de-gros\/avec-grand-trou-grandes-perles-semiprecious-beads-for-pendant\/#local-main-organization-logo"},"image":{"@id":"https:\/\/www.artestar.eu\/fr\/de-gros\/avec-grand-trou-grandes-perles-semiprecious-beads-for-pendant\/#local-main-organization-logo"},"sameAs":["https:\/\/www.facebook.com\/ARTESTAREU","https:\/\/www.instagram.com\/artestareu\/","https:\/\/www.pinterest.es\/artestar_eu\/","https:\/\/www.tiktok.com\/@artestar_wholesale"],"openingHoursSpecification":[{"@type":"OpeningHoursSpecification","dayOfWeek":["Monday","Tuesday","Wednesday","Thursday","Friday","Saturday","Sunday"],"opens":"09:00","closes":"17:00"}]},{"@type":"ImageObject","inLanguage":"fr-FR","@id":"https:\/\/www.artestar.eu\/fr\/de-gros\/avec-grand-trou-grandes-perles-semiprecious-beads-for-pendant\/#local-main-organization-logo","url":"https:\/\/www.artestar.eu\/wp-content\/uploads\/2023\/05\/cropped-png.png","contentUrl":"https:\/\/www.artestar.eu\/wp-content\/uploads\/2023\/05\/cropped-png.png","width":512,"height":512,"caption":"RUBY ABALORIO S.L."}]},"og_availability":"instock","product_availability":"instock","product_retailer_item_id":"BS-GZ-SPZ0001-0012","product_condition":"new"},"tiered_pricing_type":"fixed","tiered_pricing_fixed_rules":[],"tiered_pricing_percentage_rules":[],"tiered_pricing_minimum":null,"_administrator_tiered_pricing_type":"fixed","_administrator_tiered_pricing_fixed_rules":[],"_editor_tiered_pricing_type":"fixed","_editor_tiered_pricing_fixed_rules":[],"_author_tiered_pricing_type":"fixed","_author_tiered_pricing_fixed_rules":[],"_contributor_tiered_pricing_type":"fixed","_contributor_tiered_pricing_fixed_rules":[],"_subscriber_tiered_pricing_type":"fixed","_subscriber_tiered_pricing_fixed_rules":[],"_wpseo_manager_tiered_pricing_type":"fixed","_wpseo_manager_tiered_pricing_fixed_rules":[],"_wpseo_editor_tiered_pricing_type":"fixed","_wpseo_editor_tiered_pricing_fixed_rules":[],"_customer_tiered_pricing_type":"fixed","_customer_tiered_pricing_fixed_rules":[],"_shop_manager_tiered_pricing_type":"fixed","_shop_manager_tiered_pricing_fixed_rules":[],"_product_manager_tiered_pricing_type":"fixed","_product_manager_tiered_pricing_fixed_rules":[],"_links":{"self":[{"href":"https:\/\/www.artestar.eu\/fr\/wp-json\/wp\/v2\/product\/24406"}],"collection":[{"href":"https:\/\/www.artestar.eu\/fr\/wp-json\/wp\/v2\/product"}],"about":[{"href":"https:\/\/www.artestar.eu\/fr\/wp-json\/wp\/v2\/types\/product"}],"replies":[{"embeddable":true,"href":"https:\/\/www.artestar.eu\/fr\/wp-json\/wp\/v2\/comments?post=24406"}],"version-history":[{"count":2,"href":"https:\/\/www.artestar.eu\/fr\/wp-json\/wp\/v2\/product\/24406\/revisions"}],"predecessor-version":[{"id":35354,"href":"https:\/\/www.artestar.eu\/fr\/wp-json\/wp\/v2\/product\/24406\/revisions\/35354"}],"wp:featuredmedia":[{"embeddable":true,"href":"https:\/\/www.artestar.eu\/fr\/wp-json\/wp\/v2\/media\/23454"}],"wp:attachment":[{"href":"https:\/\/www.artestar.eu\/fr\/wp-json\/wp\/v2\/media?parent=24406"}],"wp:term":[{"taxonomy":"product_cat","embeddable":true,"href":"https:\/\/www.artestar.eu\/fr\/wp-json\/wp\/v2\/product_cat?post=24406"},{"taxonomy":"product_tag","embeddable":true,"href":"https:\/\/www.artestar.eu\/fr\/wp-json\/wp\/v2\/product_tag?post=24406"}],"curies":[{"name":"wp","href":"https:\/\/api.w.org\/{rel}","templated":true}]}}