{"id":25395,"date":"2023-05-26T03:31:29","date_gmt":"2023-05-26T03:31:29","guid":{"rendered":"https:\/\/www.artestar.eu\/al-por-mayor\/piedras-sueltas-pequenos-500g\/"},"modified":"2023-10-26T06:16:19","modified_gmt":"2023-10-26T06:16:19","slug":"pierres-naturelles-semi-precieuses-en-vrac","status":"publish","type":"product","link":"https:\/\/www.artestar.eu\/fr\/de-gros\/pierres-naturelles-semi-precieuses-en-vrac\/","title":{"rendered":"Petites pierres d\u00e9tach\u00e9es 500g"},"content":{"rendered":"<h4>Pierres d\u00e9tach\u00e9es semi-pr\u00e9cieuses naturelles de m\u00e9lange al\u00e9atoire<\/h4>\n<ul>\n<li>Grosses pierres en vrac: La plupart sont de forme carr\u00e9e et mesurent env. 25mm x 20mm x 20mm.<\/li>\n<li>Petites pierres en vrac: chacune a une forme diff\u00e9rente et mesure env. deux fois moins grosses pierres en vrac.<\/li>\n<\/ul>\n<h6>Caract\u00e9ristiques:<\/h6>\n<p>Comparaison des tailles entre grandes (\u00e0 gauche) et petites (\u00e0 droite)<\/p>\n<p><img decoding=\"async\" class=\"alignnone wp-image-4577\" src=\"https:\/\/www.artestar.eu%E2%80%8B%E2%80%8B%E2%80%8B%E2%80%8B\/wp-content\/uploads\/2023\/05\/semi-precious-stones-beads-healing-crystals-polishing-mixed.jpg\" alt=\"Cristaux naturels semi-pr\u00e9cieux de gu\u00e9rison\" width=\"450\" height=\"450\" srcset=\"https:\/\/www.artestar.eu\/wp-content\/uploads\/2023\/05\/semi-precious-stones-beads-healing-crystals-polishing-mixed.jpg 600w, https:\/\/www.artestar.eu\/wp-content\/uploads\/2023\/05\/semi-precious-stones-beads-healing-crystals-polishing-mixed-300x300.jpg 300w, https:\/\/www.artestar.eu\/wp-content\/uploads\/2023\/05\/semi-precious-stones-beads-healing-crystals-polishing-mixed-150x150.jpg 150w, https:\/\/www.artestar.eu\/wp-content\/uploads\/2023\/05\/semi-precious-stones-beads-healing-crystals-polishing-mixed-450x450.jpg 450w, https:\/\/www.artestar.eu\/wp-content\/uploads\/2023\/05\/semi-precious-stones-beads-healing-crystals-polishing-mixed-54x54.jpg 54w\" sizes=\"(max-width: 450px) 100vw, 450px\" \/><\/p>\n<h5>Le r\u00f4le des cristaux semi-pr\u00e9cieux :<\/h5>\n<ul>\n<li>Les pierres semi-pr\u00e9cieuses naturelles en vrac sont des cristaux de gu\u00e9rison qui ont \u00e9t\u00e9 utilis\u00e9s depuis l\u2019Antiquit\u00e9 pour am\u00e9liorer la sant\u00e9 physique, \u00e9motionnelle et spirituelle. Ces pierres sont form\u00e9es dans la nature et ont \u00e9t\u00e9 utilis\u00e9es partout dans le monde pour leurs propri\u00e9t\u00e9s curatives.<\/li>\n<li>Chaque cristal semi-pr\u00e9cieux a une \u00e9nergie unique et est cens\u00e9 affecter positivement diff\u00e9rents domaines de la vie. Par exemple, l\u2019am\u00e9thyste est associ\u00e9e \u00e0 la relaxation et \u00e0 la clart\u00e9 mentale, tandis que le quartz rose est associ\u00e9 \u00e0 l\u2019amour et \u00e0 la gu\u00e9rison \u00e9motionnelle.<\/li>\n<li>Certaines personnes transportent des cristaux semi-pr\u00e9cieux avec elles, les placent chez elles ou les utilisent pendant la m\u00e9ditation pour obtenir les bienfaits de la gu\u00e9rison. Ils peuvent \u00e9galement \u00eatre utilis\u00e9s dans les th\u00e9rapies de gu\u00e9rison pour aider \u00e0 \u00e9quilibrer les chakras et r\u00e9duire le stress.<\/li>\n<li>En plus de leurs propri\u00e9t\u00e9s curatives, les cristaux semi-pr\u00e9cieux naturels sont appr\u00e9ci\u00e9s pour leur beaut\u00e9 et beaucoup de gens les utilisent comme ornements ou pour cr\u00e9er de beaux bijoux. Ces cristaux peuvent \u00eatre trouv\u00e9s dans une vari\u00e9t\u00e9 de couleurs et de formes, ce qui les rend uniques et attrayants.<\/li>\n<li>Certains des cristaux de gu\u00e9rison naturels les plus populaires comprennent le quartz rose, l\u2019am\u00e9thyste, l\u2019\u0153il de tigre, la tourmaline noire et la citrine. Parce que chacun a des propri\u00e9t\u00e9s uniques et peut \u00eatre utilis\u00e9 \u00e0 des fins diff\u00e9rentes.<\/li>\n<\/ul>\n<p>En bref, les cristaux semi-pr\u00e9cieux naturels sont des pierres semi-pr\u00e9cieuses utilis\u00e9es depuis des si\u00e8cles pour leurs propri\u00e9t\u00e9s curatives et leur beaut\u00e9. Ces cristaux peuvent \u00eatre utilis\u00e9s pour am\u00e9liorer la sant\u00e9 physique, \u00e9motionnelle et spirituelle, ainsi que pour cr\u00e9er des bijoux magnifiques et uniques.<\/p>\n<p>&nbsp;<\/p>\n","protected":false},"excerpt":{"rendered":"<ul>\n<li><span class=\"\" data-slate-node=\"text\"><span class=\"11\" data-slate-leaf=\"true\">Le poids de chaque pi\u00e8ce est d\u2019environ 490 ~ 510g<\/span><\/span><\/li>\n<li data-slate-node=\"element\"><span class=\"\" data-slate-node=\"text\"><span class=\"21\" data-slate-leaf=\"true\">Nombre de petites pierres: environ 68 ~ 72pcs<\/span><\/span><\/li>\n<li data-slate-node=\"element\" data-slate-fragment=\"JTVCJTdCJTIydHlwZSUyMiUzQSUyMnBhcmFncmFwaCUyMiUyQyUyMmNoaWxkcmVuJTIyJTNBJTVCJTdCJTIydGV4dCUyMiUzQSUyMlBhcXVldGUlMjBkZSUyMG1lemNsYSUyMGFsZWF0b3JpYSUyMiUyQyUyMnNlbnRlbmNlJTIyJTNBMCUyQyUyMmNoaWxkU2VudGVuY2UlMjIlM0EwJTdEJTVEJTdEJTJDJTdCJTIydHlwZSUyMiUzQSUyMnBhcmFncmFwaCUyMiUyQyUyMmNoaWxkcmVuJTIyJTNBJTVCJTdCJTIydGV4dCUyMiUzQSUyMkVsJTIwcGVzbyUyMGRlJTIwY2FkYSUyMHBpZXphJTIwZXMlMjBkZSUyMHVub3MlMjA0OTB+NTEwZyUyMiUyQyUyMnNlbnRlbmNlJTIyJTNBMSUyQyUyMmNoaWxkU2VudGVuY2UlMjIlM0ExJTdEJTVEJTdEJTJDJTdCJTIydHlwZSUyMiUzQSUyMnBhcmFncmFwaCUyMiUyQyUyMmNoaWxkcmVuJTIyJTNBJTVCJTdCJTIydGV4dCUyMiUzQSUyMk4lQzMlQkFtZXJvJTIwZGUlMjBwaWVkcmFzJTIwcGVxdWUlQzMlQjFhcyUzQSUyMHVuYXMlMjA2OCUyMH4lMjA3MiUyMHVuaWRzJTIyJTJDJTIyc2VudGVuY2UlMjIlM0EyJTJDJTIyY2hpbGRTZW50ZW5jZSUyMiUzQTElN0QlNUQlN0QlMkMlN0IlMjJ0eXBlJTIyJTNBJTIycGFyYWdyYXBoJTIyJTJDJTIyY2hpbGRyZW4lMjIlM0ElNUIlN0IlMjJ0ZXh0JTIyJTNBJTIyTiVDMyVCQW1lcm8lMjBkZSUyMHBpZWRyYXMlMjBncmFuZGVzJTNBJTIwdW5hcyUyMDMwfjM1JTIwdW5pZHMlMjIlMkMlMjJzZW50ZW5jZSUyMiUzQTMlMkMlMjJjaGlsZFNlbnRlbmNlJTIyJTNBMSU3RCU1RCU3RCU1RA==\"><span class=\"\" data-slate-node=\"text\"><span class=\"31\" data-slate-leaf=\"true\">Nombre de grosses pierres: environ 30 ~ 35pcs<\/span><\/span><\/li>\n<\/ul>\n","protected":false},"featured_media":11912,"comment_status":"open","ping_status":"closed","template":"","meta":[],"product_cat":[1489,1490,1491],"product_tag":[],"yoast_head":"<!-- This site is optimized with the Yoast SEO Premium plugin v20.5 (Yoast SEO v21.5) - https:\/\/yoast.com\/wordpress\/plugins\/seo\/ -->\n<title>Artestar - Pierres semi-pr\u00e9cieuses naturelles en vrac<\/title>\n<meta name=\"description\" content=\"Vente en gros de pierres semi-pr\u00e9cieuses en vrac, pierres semi-pr\u00e9cieuses naturelles, cristaux semi-pr\u00e9cieux, cristaux cicatrisants\" \/>\n<meta name=\"robots\" content=\"index, follow, max-snippet:-1, max-image-preview:large, max-video-preview:-1\" \/>\n<link rel=\"canonical\" href=\"https:\/\/www.artestar.eu\/fr\/de-gros\/pierres-naturelles-semi-precieuses-en-vrac\/\" \/>\n<meta property=\"og:locale\" content=\"fr_FR\" \/>\n<meta property=\"og:type\" content=\"article\" \/>\n<meta property=\"og:title\" content=\"Petites pierres d\u00e9tach\u00e9es 500g\" \/>\n<meta property=\"og:description\" content=\"Vente en gros de pierres semi-pr\u00e9cieuses en vrac, pierres semi-pr\u00e9cieuses naturelles, cristaux semi-pr\u00e9cieux, cristaux cicatrisants\" \/>\n<meta property=\"og:url\" content=\"https:\/\/www.artestar.eu\/fr\/de-gros\/pierres-naturelles-semi-precieuses-en-vrac\/\" \/>\n<meta property=\"og:site_name\" content=\"Artestar\" \/>\n<meta property=\"article:publisher\" content=\"https:\/\/www.facebook.com\/ARTESTAREU\" \/>\n<meta property=\"article:modified_time\" content=\"2023-10-26T06:16:19+00:00\" \/>\n<meta property=\"og:image\" content=\"https:\/\/www.artestar.eu\/wp-content\/uploads\/2023\/05\/healing-crystals-polishing-mixed-irregular-smal.jpg\" \/>\n\t<meta property=\"og:image:width\" content=\"600\" \/>\n\t<meta property=\"og:image:height\" content=\"600\" \/>\n\t<meta property=\"og:image:type\" content=\"image\/jpeg\" \/>\n<meta name=\"twitter:card\" content=\"summary_large_image\" \/>\n<meta name=\"twitter:label1\" content=\"Prix\" \/>\n\t<meta name=\"twitter:data1\" content=\"11,44&nbsp;&euro; (TVA NON incluse)\" \/>\n\t<meta name=\"twitter:label2\" content=\"Availability\" \/>\n\t<meta name=\"twitter:data2\" content=\"En stock\" \/>\n<script type=\"application\/ld+json\" class=\"yoast-schema-graph\">{\"@context\":\"https:\/\/schema.org\",\"@graph\":[{\"@type\":\"WebPage\",\"@id\":\"https:\/\/www.artestar.eu\/fr\/de-gros\/pierres-naturelles-semi-precieuses-en-vrac\/\",\"url\":\"https:\/\/www.artestar.eu\/fr\/de-gros\/pierres-naturelles-semi-precieuses-en-vrac\/\",\"name\":\"Artestar - Pierres semi-pr\u00e9cieuses naturelles en vrac\",\"isPartOf\":{\"@id\":\"https:\/\/www.artestar.eu\/fr\/#website\"},\"datePublished\":\"2023-05-26T03:31:29+00:00\",\"dateModified\":\"2023-10-26T06:16:19+00:00\",\"description\":\"Vente en gros de pierres semi-pr\u00e9cieuses en vrac, pierres semi-pr\u00e9cieuses naturelles, cristaux semi-pr\u00e9cieux, cristaux cicatrisants\",\"breadcrumb\":{\"@id\":\"https:\/\/www.artestar.eu\/fr\/de-gros\/pierres-naturelles-semi-precieuses-en-vrac\/#breadcrumb\"},\"inLanguage\":\"fr-FR\",\"potentialAction\":[{\"@type\":\"ReadAction\",\"target\":[\"https:\/\/www.artestar.eu\/fr\/de-gros\/pierres-naturelles-semi-precieuses-en-vrac\/\"]}]},{\"@type\":\"BreadcrumbList\",\"@id\":\"https:\/\/www.artestar.eu\/fr\/de-gros\/pierres-naturelles-semi-precieuses-en-vrac\/#breadcrumb\",\"itemListElement\":[{\"@type\":\"ListItem\",\"position\":1,\"name\":\"Artestar\",\"item\":\"https:\/\/www.artestar.eu\/fr\/\"},{\"@type\":\"ListItem\",\"position\":2,\"name\":\"De gros\",\"item\":\"https:\/\/www.artestar.eu\/fr\/de-gros\/\"},{\"@type\":\"ListItem\",\"position\":3,\"name\":\"Petites pierres d\u00e9tach\u00e9es 500g\"}]},{\"@type\":\"WebSite\",\"@id\":\"https:\/\/www.artestar.eu\/fr\/#website\",\"url\":\"https:\/\/www.artestar.eu\/fr\/\",\"name\":\"Artestar\",\"description\":\"Mayorista en abalorios y joyer\u00eda\",\"publisher\":{\"@id\":\"https:\/\/www.artestar.eu\/fr\/#organization\"},\"alternateName\":\"Artestar-EU\",\"potentialAction\":[{\"@type\":\"SearchAction\",\"target\":{\"@type\":\"EntryPoint\",\"urlTemplate\":\"https:\/\/www.artestar.eu\/fr\/?s={search_term_string}\"},\"query-input\":\"required name=search_term_string\"}],\"inLanguage\":\"fr-FR\"},{\"@type\":[\"Organization\",\"Place\"],\"@id\":\"https:\/\/www.artestar.eu\/fr\/#organization\",\"name\":\"RUBY ABALORIO S.L.\",\"alternateName\":\"Artestar\",\"url\":\"https:\/\/www.artestar.eu\/fr\/\",\"logo\":{\"@id\":\"https:\/\/www.artestar.eu\/fr\/de-gros\/pierres-naturelles-semi-precieuses-en-vrac\/#local-main-organization-logo\"},\"image\":{\"@id\":\"https:\/\/www.artestar.eu\/fr\/de-gros\/pierres-naturelles-semi-precieuses-en-vrac\/#local-main-organization-logo\"},\"sameAs\":[\"https:\/\/www.facebook.com\/ARTESTAREU\",\"https:\/\/www.instagram.com\/artestareu\/\",\"https:\/\/www.pinterest.es\/artestar_eu\/\",\"https:\/\/www.tiktok.com\/@artestar_wholesale\"],\"openingHoursSpecification\":[{\"@type\":\"OpeningHoursSpecification\",\"dayOfWeek\":[\"Monday\",\"Tuesday\",\"Wednesday\",\"Thursday\",\"Friday\",\"Saturday\",\"Sunday\"],\"opens\":\"09:00\",\"closes\":\"17:00\"}]},{\"@type\":\"ImageObject\",\"inLanguage\":\"fr-FR\",\"@id\":\"https:\/\/www.artestar.eu\/fr\/de-gros\/pierres-naturelles-semi-precieuses-en-vrac\/#local-main-organization-logo\",\"url\":\"https:\/\/www.artestar.eu\/wp-content\/uploads\/2023\/05\/cropped-png.png\",\"contentUrl\":\"https:\/\/www.artestar.eu\/wp-content\/uploads\/2023\/05\/cropped-png.png\",\"width\":512,\"height\":512,\"caption\":\"RUBY ABALORIO S.L.\"}]}<\/script>\n<meta property=\"product:price:amount\" content=\"11.44\" \/>\n<meta property=\"product:price:currency\" content=\"EUR\" \/>\n<meta property=\"og:availability\" content=\"instock\" \/>\n<meta property=\"product:availability\" content=\"instock\" \/>\n<meta property=\"product:retailer_item_id\" content=\"BS-ZY-0062\" \/>\n<meta property=\"product:condition\" content=\"new\" \/>\n<!-- \/ Yoast SEO Premium plugin. -->","yoast_head_json":{"title":"Artestar - Pierres semi-pr\u00e9cieuses naturelles en vrac","description":"Vente en gros de pierres semi-pr\u00e9cieuses en vrac, pierres semi-pr\u00e9cieuses naturelles, cristaux semi-pr\u00e9cieux, cristaux cicatrisants","robots":{"index":"index","follow":"follow","max-snippet":"max-snippet:-1","max-image-preview":"max-image-preview:large","max-video-preview":"max-video-preview:-1"},"canonical":"https:\/\/www.artestar.eu\/fr\/de-gros\/pierres-naturelles-semi-precieuses-en-vrac\/","og_locale":"fr_FR","og_type":"article","og_title":"Petites pierres d\u00e9tach\u00e9es 500g","og_description":"Vente en gros de pierres semi-pr\u00e9cieuses en vrac, pierres semi-pr\u00e9cieuses naturelles, cristaux semi-pr\u00e9cieux, cristaux cicatrisants","og_url":"https:\/\/www.artestar.eu\/fr\/de-gros\/pierres-naturelles-semi-precieuses-en-vrac\/","og_site_name":"Artestar","article_publisher":"https:\/\/www.facebook.com\/ARTESTAREU","article_modified_time":"2023-10-26T06:16:19+00:00","og_image":[{"width":600,"height":600,"url":"https:\/\/www.artestar.eu\/wp-content\/uploads\/2023\/05\/healing-crystals-polishing-mixed-irregular-smal.jpg","type":"image\/jpeg"}],"twitter_card":"summary_large_image","twitter_misc":{"Prix":"11,44&nbsp;&euro; (TVA NON incluse)","Availability":"En stock"},"schema":{"@context":"https:\/\/schema.org","@graph":[{"@type":"WebPage","@id":"https:\/\/www.artestar.eu\/fr\/de-gros\/pierres-naturelles-semi-precieuses-en-vrac\/","url":"https:\/\/www.artestar.eu\/fr\/de-gros\/pierres-naturelles-semi-precieuses-en-vrac\/","name":"Artestar - Pierres semi-pr\u00e9cieuses naturelles en vrac","isPartOf":{"@id":"https:\/\/www.artestar.eu\/fr\/#website"},"datePublished":"2023-05-26T03:31:29+00:00","dateModified":"2023-10-26T06:16:19+00:00","description":"Vente en gros de pierres semi-pr\u00e9cieuses en vrac, pierres semi-pr\u00e9cieuses naturelles, cristaux semi-pr\u00e9cieux, cristaux cicatrisants","breadcrumb":{"@id":"https:\/\/www.artestar.eu\/fr\/de-gros\/pierres-naturelles-semi-precieuses-en-vrac\/#breadcrumb"},"inLanguage":"fr-FR","potentialAction":[{"@type":"ReadAction","target":["https:\/\/www.artestar.eu\/fr\/de-gros\/pierres-naturelles-semi-precieuses-en-vrac\/"]}]},{"@type":"BreadcrumbList","@id":"https:\/\/www.artestar.eu\/fr\/de-gros\/pierres-naturelles-semi-precieuses-en-vrac\/#breadcrumb","itemListElement":[{"@type":"ListItem","position":1,"name":"Artestar","item":"https:\/\/www.artestar.eu\/fr\/"},{"@type":"ListItem","position":2,"name":"De gros","item":"https:\/\/www.artestar.eu\/fr\/de-gros\/"},{"@type":"ListItem","position":3,"name":"Petites pierres d\u00e9tach\u00e9es 500g"}]},{"@type":"WebSite","@id":"https:\/\/www.artestar.eu\/fr\/#website","url":"https:\/\/www.artestar.eu\/fr\/","name":"Artestar","description":"Mayorista en abalorios y joyer\u00eda","publisher":{"@id":"https:\/\/www.artestar.eu\/fr\/#organization"},"alternateName":"Artestar-EU","potentialAction":[{"@type":"SearchAction","target":{"@type":"EntryPoint","urlTemplate":"https:\/\/www.artestar.eu\/fr\/?s={search_term_string}"},"query-input":"required name=search_term_string"}],"inLanguage":"fr-FR"},{"@type":["Organization","Place"],"@id":"https:\/\/www.artestar.eu\/fr\/#organization","name":"RUBY ABALORIO S.L.","alternateName":"Artestar","url":"https:\/\/www.artestar.eu\/fr\/","logo":{"@id":"https:\/\/www.artestar.eu\/fr\/de-gros\/pierres-naturelles-semi-precieuses-en-vrac\/#local-main-organization-logo"},"image":{"@id":"https:\/\/www.artestar.eu\/fr\/de-gros\/pierres-naturelles-semi-precieuses-en-vrac\/#local-main-organization-logo"},"sameAs":["https:\/\/www.facebook.com\/ARTESTAREU","https:\/\/www.instagram.com\/artestareu\/","https:\/\/www.pinterest.es\/artestar_eu\/","https:\/\/www.tiktok.com\/@artestar_wholesale"],"openingHoursSpecification":[{"@type":"OpeningHoursSpecification","dayOfWeek":["Monday","Tuesday","Wednesday","Thursday","Friday","Saturday","Sunday"],"opens":"09:00","closes":"17:00"}]},{"@type":"ImageObject","inLanguage":"fr-FR","@id":"https:\/\/www.artestar.eu\/fr\/de-gros\/pierres-naturelles-semi-precieuses-en-vrac\/#local-main-organization-logo","url":"https:\/\/www.artestar.eu\/wp-content\/uploads\/2023\/05\/cropped-png.png","contentUrl":"https:\/\/www.artestar.eu\/wp-content\/uploads\/2023\/05\/cropped-png.png","width":512,"height":512,"caption":"RUBY ABALORIO S.L."}]},"product_price_amount":"11.44","product_price_currency":"EUR","og_availability":"instock","product_availability":"instock","product_retailer_item_id":"BS-ZY-0062","product_condition":"new"},"tiered_pricing_type":"percentage","tiered_pricing_fixed_rules":[],"tiered_pricing_percentage_rules":[],"tiered_pricing_minimum":null,"_administrator_tiered_pricing_type":"fixed","_administrator_tiered_pricing_fixed_rules":[],"_editor_tiered_pricing_type":"fixed","_editor_tiered_pricing_fixed_rules":[],"_author_tiered_pricing_type":"fixed","_author_tiered_pricing_fixed_rules":[],"_contributor_tiered_pricing_type":"fixed","_contributor_tiered_pricing_fixed_rules":[],"_subscriber_tiered_pricing_type":"fixed","_subscriber_tiered_pricing_fixed_rules":[],"_wpseo_manager_tiered_pricing_type":"fixed","_wpseo_manager_tiered_pricing_fixed_rules":[],"_wpseo_editor_tiered_pricing_type":"fixed","_wpseo_editor_tiered_pricing_fixed_rules":[],"_customer_tiered_pricing_type":"fixed","_customer_tiered_pricing_fixed_rules":[],"_shop_manager_tiered_pricing_type":"fixed","_shop_manager_tiered_pricing_fixed_rules":[],"_product_manager_tiered_pricing_type":"fixed","_product_manager_tiered_pricing_fixed_rules":[],"_links":{"self":[{"href":"https:\/\/www.artestar.eu\/fr\/wp-json\/wp\/v2\/product\/25395"}],"collection":[{"href":"https:\/\/www.artestar.eu\/fr\/wp-json\/wp\/v2\/product"}],"about":[{"href":"https:\/\/www.artestar.eu\/fr\/wp-json\/wp\/v2\/types\/product"}],"replies":[{"embeddable":true,"href":"https:\/\/www.artestar.eu\/fr\/wp-json\/wp\/v2\/comments?post=25395"}],"version-history":[{"count":1,"href":"https:\/\/www.artestar.eu\/fr\/wp-json\/wp\/v2\/product\/25395\/revisions"}],"predecessor-version":[{"id":32074,"href":"https:\/\/www.artestar.eu\/fr\/wp-json\/wp\/v2\/product\/25395\/revisions\/32074"}],"wp:featuredmedia":[{"embeddable":true,"href":"https:\/\/www.artestar.eu\/fr\/wp-json\/wp\/v2\/media\/11912"}],"wp:attachment":[{"href":"https:\/\/www.artestar.eu\/fr\/wp-json\/wp\/v2\/media?parent=25395"}],"wp:term":[{"taxonomy":"product_cat","embeddable":true,"href":"https:\/\/www.artestar.eu\/fr\/wp-json\/wp\/v2\/product_cat?post=25395"},{"taxonomy":"product_tag","embeddable":true,"href":"https:\/\/www.artestar.eu\/fr\/wp-json\/wp\/v2\/product_tag?post=25395"}],"curies":[{"name":"wp","href":"https:\/\/api.w.org\/{rel}","templated":true}]}}