{"id":25400,"date":"2023-05-30T04:56:58","date_gmt":"2023-05-30T04:56:58","guid":{"rendered":"https:\/\/www.artestar.eu\/al-por-mayor\/perlas-cultivadas-medio-perforados-24-pares\/"},"modified":"2024-11-09T23:58:06","modified_gmt":"2024-11-09T23:58:06","slug":"perles-de-culture-moyennement-perforees","status":"publish","type":"product","link":"https:\/\/www.artestar.eu\/fr\/de-gros\/perles-de-culture-moyennement-perforees\/","title":{"rendered":"Perles de culture perfor\u00e9es moyennes 24 paires"},"content":{"rendered":"<p>Perles de culture perfor\u00e9es moyennes: 11 mm.<\/p>\n<ul>\n<li>Les perles de culture \u00e0 moiti\u00e9 perfor\u00e9es sont disponibles en diff\u00e9rentes tailles. Ainsi, vous pouvez choisir la taille ou les tailles qui vous conviennent le mieux et bricoler pour faire n\u2019importe quel style de boucles d\u2019oreilles que vous aimez.<\/li>\n<li>Les perles de culture d\u2019eau douce 100% naturelles proviennent d\u2019hu\u00eetres, qui ont une forme ronde naturelle. Toutes les perles d\u2019eau douce naturelles sont uniques et ont une surface ronde et lisse, ce qui les rend tr\u00e8s confortables \u00e0 porter. Si vous regardez de plus pr\u00e8s, vous verrez \u00e9galement la texture de surface unique des perles de culture naturelles, ce qui leur donne une touche naturelle et \u00e9l\u00e9gante.<\/li>\n<li>Les perles de culture d\u2019eau douce naturelle sont non seulement fra\u00eeches, confortables et \u00e9l\u00e9gantes, mais aussi polyvalentes. Ces perles semi-perfor\u00e9es et l\u00e2ches conviennent g\u00e9n\u00e9ralement aux boucles d\u2019oreilles, aux tacks et bien plus encore. Puisque nous avons ces perles dans des trous semi-ail\u00e9s, vous n\u2019aurez pas \u00e0 lutter pour les percer.<\/li>\n<li>Les perles de culture d\u2019eau douce sont d\u2019excellents accessoires pour l\u2019artisanat. Nous pouvons utiliser ces accessoires pour les boucles d\u2019oreilles pour faire n\u2019importe quel artisanat cr\u00e9atif que nous aimons. Le produit fini peut \u00eatre donn\u00e9 aux amis et \u00e0 la famille lors de mariages, d\u2019anniversaires, d\u2019anniversaires et de nombreuses autres occasions. Nous sommes s\u00fbrs qu\u2019ils les aimeront, car ils augmenteront facilement la confiance et le charme d\u2019une femme.<\/li>\n<\/ul>\n<h5>Perles de culture demi-perfor\u00e9es<\/h5>\n<ul>\n<li>Toutes les perles de culture naturelles sont uniques. En raison de l\u2019\u00e9clairage et des param\u00e8tres de l\u2019ordinateur, le produit re\u00e7u peut varier l\u00e9g\u00e8rement, lisez les tailles des diff\u00e9rentes perles demi-diamant avant d\u2019acheter et choisissez la carte que vous pr\u00e9f\u00e9rez.<\/li>\n<li>La nacre provient de plusieurs types de mollusques marins, comme les hu\u00eetres. Si vous essayez d\u2019ouvrir une coquille d\u2019hu\u00eetre et de regarder de pr\u00e8s sa surface interne, vous verrez qu\u2019elle est l\u00e9g\u00e8rement brillante et \u00e9tincelante. Avec lui, vous pouvez faire de beaux objets d\u00e9coratifs qui attireront beaucoup d\u2019attention.<\/li>\n<li>On dit que les perles de culture d\u2019eau douce naturelles sont non seulement belles, mais on leur attribue \u00e9galement des pouvoirs de gu\u00e9rison. Ils peuvent aider \u00e0 calmer le c\u0153ur; se d\u00e9barrasser des phobies sociales ou des attaques de panique et des d\u00e9pressions caus\u00e9es par de faibles niveaux de s\u00e9rotonine; am\u00e9liorer la m\u00e9moire en activant la production de facteurs de croissance dans les cellules nerveuses du cerveau; et stimuler la production de collag\u00e8ne, qui r\u00e9g\u00e9n\u00e8re rapidement la couche cutan\u00e9e de notre corps et nous fait nous sentir beaux et vibrants.<\/li>\n<\/ul>\n","protected":false},"excerpt":{"rendered":"<ul>\n<li>Taille: env. \u03a611 mm<\/li>\n<li>Quantit\u00e9: env. 24 paires (48pcs.)<\/li>\n<li>Mat\u00e9riel: perles d\u2019eau douce de culture naturelles<\/li>\n<li>Utilis\u00e9 pour fabriquer des boucles d\u2019oreilles, des bracelets et d\u2019autres bijoux<\/li>\n<\/ul>\n","protected":false},"featured_media":12017,"comment_status":"open","ping_status":"closed","template":"","meta":[],"product_cat":[1489,1509,1510],"product_tag":[],"yoast_head":"<!-- This site is optimized with the Yoast SEO Premium plugin v20.5 (Yoast SEO v21.5) - https:\/\/yoast.com\/wordpress\/plugins\/seo\/ -->\n<title>Perles de culture perfor\u00e9es moyennes - Artestar<\/title>\n<meta name=\"description\" content=\"Les perles de culture d\u2019eau douce 100% naturelles \u00e0 moiti\u00e9 perfor\u00e9es proviennent d\u2019hu\u00eetres, qui ont une forme ronde naturelle.\" \/>\n<meta name=\"robots\" content=\"index, follow, max-snippet:-1, max-image-preview:large, max-video-preview:-1\" \/>\n<link rel=\"canonical\" href=\"https:\/\/www.artestar.eu\/fr\/de-gros\/perles-de-culture-moyennement-perforees\/\" \/>\n<meta property=\"og:locale\" content=\"fr_FR\" \/>\n<meta property=\"og:type\" content=\"article\" \/>\n<meta property=\"og:title\" content=\"Perles de culture perfor\u00e9es moyennes 24 paires\" \/>\n<meta property=\"og:description\" content=\"Les perles de culture d\u2019eau douce 100% naturelles \u00e0 moiti\u00e9 perfor\u00e9es proviennent d\u2019hu\u00eetres, qui ont une forme ronde naturelle.\" \/>\n<meta property=\"og:url\" content=\"https:\/\/www.artestar.eu\/fr\/de-gros\/perles-de-culture-moyennement-perforees\/\" \/>\n<meta property=\"og:site_name\" content=\"Artestar\" \/>\n<meta property=\"article:publisher\" content=\"https:\/\/www.facebook.com\/ARTESTAREU\" \/>\n<meta property=\"article:modified_time\" content=\"2024-11-09T23:58:06+00:00\" \/>\n<meta property=\"og:image\" content=\"https:\/\/www.artestar.eu\/wp-content\/uploads\/2023\/05\/cultured-pearls-accessories-for-earrings-half-perforated-24-pairs.jpg\" \/>\n\t<meta property=\"og:image:width\" content=\"600\" \/>\n\t<meta property=\"og:image:height\" content=\"600\" \/>\n\t<meta property=\"og:image:type\" content=\"image\/jpeg\" \/>\n<meta name=\"twitter:card\" content=\"summary_large_image\" \/>\n<meta name=\"twitter:label1\" content=\"Prix\" \/>\n\t<meta name=\"twitter:data1\" content=\"20,75&nbsp;&euro; (TVA NON incluse)\" \/>\n\t<meta name=\"twitter:label2\" content=\"Availability\" \/>\n\t<meta name=\"twitter:data2\" content=\"En stock\" \/>\n<script type=\"application\/ld+json\" class=\"yoast-schema-graph\">{\"@context\":\"https:\/\/schema.org\",\"@graph\":[{\"@type\":\"WebPage\",\"@id\":\"https:\/\/www.artestar.eu\/fr\/de-gros\/perles-de-culture-moyennement-perforees\/\",\"url\":\"https:\/\/www.artestar.eu\/fr\/de-gros\/perles-de-culture-moyennement-perforees\/\",\"name\":\"Perles de culture perfor\u00e9es moyennes - Artestar\",\"isPartOf\":{\"@id\":\"https:\/\/www.artestar.eu\/fr\/#website\"},\"datePublished\":\"2023-05-30T04:56:58+00:00\",\"dateModified\":\"2024-11-09T23:58:06+00:00\",\"description\":\"Les perles de culture d\u2019eau douce 100% naturelles \u00e0 moiti\u00e9 perfor\u00e9es proviennent d\u2019hu\u00eetres, qui ont une forme ronde naturelle.\",\"breadcrumb\":{\"@id\":\"https:\/\/www.artestar.eu\/fr\/de-gros\/perles-de-culture-moyennement-perforees\/#breadcrumb\"},\"inLanguage\":\"fr-FR\",\"potentialAction\":[{\"@type\":\"ReadAction\",\"target\":[\"https:\/\/www.artestar.eu\/fr\/de-gros\/perles-de-culture-moyennement-perforees\/\"]}]},{\"@type\":\"BreadcrumbList\",\"@id\":\"https:\/\/www.artestar.eu\/fr\/de-gros\/perles-de-culture-moyennement-perforees\/#breadcrumb\",\"itemListElement\":[{\"@type\":\"ListItem\",\"position\":1,\"name\":\"Artestar\",\"item\":\"https:\/\/www.artestar.eu\/fr\/\"},{\"@type\":\"ListItem\",\"position\":2,\"name\":\"De gros\",\"item\":\"https:\/\/www.artestar.eu\/fr\/de-gros\/\"},{\"@type\":\"ListItem\",\"position\":3,\"name\":\"Perles de culture perfor\u00e9es moyennes 24 paires\"}]},{\"@type\":\"WebSite\",\"@id\":\"https:\/\/www.artestar.eu\/fr\/#website\",\"url\":\"https:\/\/www.artestar.eu\/fr\/\",\"name\":\"Artestar\",\"description\":\"Mayorista en abalorios y joyer\u00eda\",\"publisher\":{\"@id\":\"https:\/\/www.artestar.eu\/fr\/#organization\"},\"alternateName\":\"Artestar-EU\",\"potentialAction\":[{\"@type\":\"SearchAction\",\"target\":{\"@type\":\"EntryPoint\",\"urlTemplate\":\"https:\/\/www.artestar.eu\/fr\/?s={search_term_string}\"},\"query-input\":\"required name=search_term_string\"}],\"inLanguage\":\"fr-FR\"},{\"@type\":[\"Organization\",\"Place\"],\"@id\":\"https:\/\/www.artestar.eu\/fr\/#organization\",\"name\":\"RUBY ABALORIO S.L.\",\"alternateName\":\"Artestar\",\"url\":\"https:\/\/www.artestar.eu\/fr\/\",\"logo\":{\"@id\":\"https:\/\/www.artestar.eu\/fr\/de-gros\/perles-de-culture-moyennement-perforees\/#local-main-organization-logo\"},\"image\":{\"@id\":\"https:\/\/www.artestar.eu\/fr\/de-gros\/perles-de-culture-moyennement-perforees\/#local-main-organization-logo\"},\"sameAs\":[\"https:\/\/www.facebook.com\/ARTESTAREU\",\"https:\/\/www.instagram.com\/artestareu\/\",\"https:\/\/www.pinterest.es\/artestar_eu\/\",\"https:\/\/www.tiktok.com\/@artestar_wholesale\"],\"openingHoursSpecification\":[{\"@type\":\"OpeningHoursSpecification\",\"dayOfWeek\":[\"Monday\",\"Tuesday\",\"Wednesday\",\"Thursday\",\"Friday\",\"Saturday\",\"Sunday\"],\"opens\":\"09:00\",\"closes\":\"17:00\"}]},{\"@type\":\"ImageObject\",\"inLanguage\":\"fr-FR\",\"@id\":\"https:\/\/www.artestar.eu\/fr\/de-gros\/perles-de-culture-moyennement-perforees\/#local-main-organization-logo\",\"url\":\"https:\/\/www.artestar.eu\/wp-content\/uploads\/2023\/05\/cropped-png.png\",\"contentUrl\":\"https:\/\/www.artestar.eu\/wp-content\/uploads\/2023\/05\/cropped-png.png\",\"width\":512,\"height\":512,\"caption\":\"RUBY ABALORIO S.L.\"}]}<\/script>\n<meta property=\"product:price:amount\" content=\"20.75\" \/>\n<meta property=\"product:price:currency\" content=\"EUR\" \/>\n<meta property=\"og:availability\" content=\"instock\" \/>\n<meta property=\"product:availability\" content=\"instock\" \/>\n<meta property=\"product:retailer_item_id\" content=\"ZZ-ES-0001\" \/>\n<meta property=\"product:condition\" content=\"new\" \/>\n<!-- \/ Yoast SEO Premium plugin. -->","yoast_head_json":{"title":"Perles de culture perfor\u00e9es moyennes - Artestar","description":"Les perles de culture d\u2019eau douce 100% naturelles \u00e0 moiti\u00e9 perfor\u00e9es proviennent d\u2019hu\u00eetres, qui ont une forme ronde naturelle.","robots":{"index":"index","follow":"follow","max-snippet":"max-snippet:-1","max-image-preview":"max-image-preview:large","max-video-preview":"max-video-preview:-1"},"canonical":"https:\/\/www.artestar.eu\/fr\/de-gros\/perles-de-culture-moyennement-perforees\/","og_locale":"fr_FR","og_type":"article","og_title":"Perles de culture perfor\u00e9es moyennes 24 paires","og_description":"Les perles de culture d\u2019eau douce 100% naturelles \u00e0 moiti\u00e9 perfor\u00e9es proviennent d\u2019hu\u00eetres, qui ont une forme ronde naturelle.","og_url":"https:\/\/www.artestar.eu\/fr\/de-gros\/perles-de-culture-moyennement-perforees\/","og_site_name":"Artestar","article_publisher":"https:\/\/www.facebook.com\/ARTESTAREU","article_modified_time":"2024-11-09T23:58:06+00:00","og_image":[{"width":600,"height":600,"url":"https:\/\/www.artestar.eu\/wp-content\/uploads\/2023\/05\/cultured-pearls-accessories-for-earrings-half-perforated-24-pairs.jpg","type":"image\/jpeg"}],"twitter_card":"summary_large_image","twitter_misc":{"Prix":"20,75&nbsp;&euro; (TVA NON incluse)","Availability":"En stock"},"schema":{"@context":"https:\/\/schema.org","@graph":[{"@type":"WebPage","@id":"https:\/\/www.artestar.eu\/fr\/de-gros\/perles-de-culture-moyennement-perforees\/","url":"https:\/\/www.artestar.eu\/fr\/de-gros\/perles-de-culture-moyennement-perforees\/","name":"Perles de culture perfor\u00e9es moyennes - Artestar","isPartOf":{"@id":"https:\/\/www.artestar.eu\/fr\/#website"},"datePublished":"2023-05-30T04:56:58+00:00","dateModified":"2024-11-09T23:58:06+00:00","description":"Les perles de culture d\u2019eau douce 100% naturelles \u00e0 moiti\u00e9 perfor\u00e9es proviennent d\u2019hu\u00eetres, qui ont une forme ronde naturelle.","breadcrumb":{"@id":"https:\/\/www.artestar.eu\/fr\/de-gros\/perles-de-culture-moyennement-perforees\/#breadcrumb"},"inLanguage":"fr-FR","potentialAction":[{"@type":"ReadAction","target":["https:\/\/www.artestar.eu\/fr\/de-gros\/perles-de-culture-moyennement-perforees\/"]}]},{"@type":"BreadcrumbList","@id":"https:\/\/www.artestar.eu\/fr\/de-gros\/perles-de-culture-moyennement-perforees\/#breadcrumb","itemListElement":[{"@type":"ListItem","position":1,"name":"Artestar","item":"https:\/\/www.artestar.eu\/fr\/"},{"@type":"ListItem","position":2,"name":"De gros","item":"https:\/\/www.artestar.eu\/fr\/de-gros\/"},{"@type":"ListItem","position":3,"name":"Perles de culture perfor\u00e9es moyennes 24 paires"}]},{"@type":"WebSite","@id":"https:\/\/www.artestar.eu\/fr\/#website","url":"https:\/\/www.artestar.eu\/fr\/","name":"Artestar","description":"Mayorista en abalorios y joyer\u00eda","publisher":{"@id":"https:\/\/www.artestar.eu\/fr\/#organization"},"alternateName":"Artestar-EU","potentialAction":[{"@type":"SearchAction","target":{"@type":"EntryPoint","urlTemplate":"https:\/\/www.artestar.eu\/fr\/?s={search_term_string}"},"query-input":"required name=search_term_string"}],"inLanguage":"fr-FR"},{"@type":["Organization","Place"],"@id":"https:\/\/www.artestar.eu\/fr\/#organization","name":"RUBY ABALORIO S.L.","alternateName":"Artestar","url":"https:\/\/www.artestar.eu\/fr\/","logo":{"@id":"https:\/\/www.artestar.eu\/fr\/de-gros\/perles-de-culture-moyennement-perforees\/#local-main-organization-logo"},"image":{"@id":"https:\/\/www.artestar.eu\/fr\/de-gros\/perles-de-culture-moyennement-perforees\/#local-main-organization-logo"},"sameAs":["https:\/\/www.facebook.com\/ARTESTAREU","https:\/\/www.instagram.com\/artestareu\/","https:\/\/www.pinterest.es\/artestar_eu\/","https:\/\/www.tiktok.com\/@artestar_wholesale"],"openingHoursSpecification":[{"@type":"OpeningHoursSpecification","dayOfWeek":["Monday","Tuesday","Wednesday","Thursday","Friday","Saturday","Sunday"],"opens":"09:00","closes":"17:00"}]},{"@type":"ImageObject","inLanguage":"fr-FR","@id":"https:\/\/www.artestar.eu\/fr\/de-gros\/perles-de-culture-moyennement-perforees\/#local-main-organization-logo","url":"https:\/\/www.artestar.eu\/wp-content\/uploads\/2023\/05\/cropped-png.png","contentUrl":"https:\/\/www.artestar.eu\/wp-content\/uploads\/2023\/05\/cropped-png.png","width":512,"height":512,"caption":"RUBY ABALORIO S.L."}]},"product_price_amount":"20.75","product_price_currency":"EUR","og_availability":"instock","product_availability":"instock","product_retailer_item_id":"ZZ-ES-0001","product_condition":"new"},"tiered_pricing_type":"percentage","tiered_pricing_fixed_rules":[],"tiered_pricing_percentage_rules":[],"tiered_pricing_minimum":null,"_administrator_tiered_pricing_type":"fixed","_administrator_tiered_pricing_fixed_rules":[],"_editor_tiered_pricing_type":"fixed","_editor_tiered_pricing_fixed_rules":[],"_author_tiered_pricing_type":"fixed","_author_tiered_pricing_fixed_rules":[],"_contributor_tiered_pricing_type":"fixed","_contributor_tiered_pricing_fixed_rules":[],"_subscriber_tiered_pricing_type":"fixed","_subscriber_tiered_pricing_fixed_rules":[],"_wpseo_manager_tiered_pricing_type":"fixed","_wpseo_manager_tiered_pricing_fixed_rules":[],"_wpseo_editor_tiered_pricing_type":"fixed","_wpseo_editor_tiered_pricing_fixed_rules":[],"_customer_tiered_pricing_type":"fixed","_customer_tiered_pricing_fixed_rules":[],"_shop_manager_tiered_pricing_type":"fixed","_shop_manager_tiered_pricing_fixed_rules":[],"_product_manager_tiered_pricing_type":"fixed","_product_manager_tiered_pricing_fixed_rules":[],"_links":{"self":[{"href":"https:\/\/www.artestar.eu\/fr\/wp-json\/wp\/v2\/product\/25400"}],"collection":[{"href":"https:\/\/www.artestar.eu\/fr\/wp-json\/wp\/v2\/product"}],"about":[{"href":"https:\/\/www.artestar.eu\/fr\/wp-json\/wp\/v2\/types\/product"}],"replies":[{"embeddable":true,"href":"https:\/\/www.artestar.eu\/fr\/wp-json\/wp\/v2\/comments?post=25400"}],"version-history":[{"count":1,"href":"https:\/\/www.artestar.eu\/fr\/wp-json\/wp\/v2\/product\/25400\/revisions"}],"predecessor-version":[{"id":32075,"href":"https:\/\/www.artestar.eu\/fr\/wp-json\/wp\/v2\/product\/25400\/revisions\/32075"}],"wp:featuredmedia":[{"embeddable":true,"href":"https:\/\/www.artestar.eu\/fr\/wp-json\/wp\/v2\/media\/12017"}],"wp:attachment":[{"href":"https:\/\/www.artestar.eu\/fr\/wp-json\/wp\/v2\/media?parent=25400"}],"wp:term":[{"taxonomy":"product_cat","embeddable":true,"href":"https:\/\/www.artestar.eu\/fr\/wp-json\/wp\/v2\/product_cat?post=25400"},{"taxonomy":"product_tag","embeddable":true,"href":"https:\/\/www.artestar.eu\/fr\/wp-json\/wp\/v2\/product_tag?post=25400"}],"curies":[{"name":"wp","href":"https:\/\/api.w.org\/{rel}","templated":true}]}}