{"id":25504,"date":"2023-06-09T08:57:16","date_gmt":"2023-06-09T08:57:16","guid":{"rendered":"https:\/\/www.artestar.eu\/al-por-mayor\/arenisca-dorada-irregular-cuentas-de-piedra\/"},"modified":"2023-10-20T02:21:06","modified_gmt":"2023-10-20T02:21:06","slug":"gres-dore-irregulier-pierre-perles","status":"publish","type":"product","link":"https:\/\/www.artestar.eu\/fr\/de-gros\/gres-dore-irregulier-pierre-perles\/","title":{"rendered":"Perles de pierre irr\u00e9guli\u00e8res en gr\u00e8s dor\u00e9"},"content":{"rendered":"<p>Perles de pierre irr\u00e9guli\u00e8res en gr\u00e8s dor\u00e9 : 8 &#8211; 12 mm.<\/p>\n<ul>\n<li>Les perles en pierre naturelle sont lisses et rondes apr\u00e8s polissage, ce qui les rend confortables \u00e0 porter. Leur taille et leur texture irr\u00e9guli\u00e8res, ainsi que leurs veines et couleurs naturelles, rendent les perles de pierres pr\u00e9cieuses uniques.<\/li>\n<li>Les perles de pierres semi-pr\u00e9cieuses naturelles irr\u00e9guli\u00e8res peuvent soulager le stress et l\u2019anxi\u00e9t\u00e9, transmettre un message psychologique positif, une vision optimiste de la vie et sont cens\u00e9es transmettre l\u2019\u00e9nergie de l\u2019univers au corps.<\/li>\n<li>Parce que chacune de ces magnifiques perles de pierre irr\u00e9guli\u00e8res est perfor\u00e9e et parfaite pour l\u2019enfilage. Il suffit d\u2019enfiler un fil de perle dans les trous des perles et de les ajouter facilement \u00e0 vos projets de tricot &#8211; amusez-vous \u00e0 faire de l\u2019artisanat de bijoux fantaisie !<\/li>\n<li>Ces perles perfor\u00e9es d\u00e9licates peuvent \u00eatre combin\u00e9es avec d\u2019autres accessoires m\u00e9talliques, des cristaux, des perles, des coquillages et plus encore pour cr\u00e9er n\u2019importe quel artisanat, collier, bracelet, boucles d\u2019oreilles, d\u00e9coration int\u00e9rieure, etc. Offrez-le \u00e0 votre famille et \u00e0 vos amis passionn\u00e9s d\u2019artisanat. Non seulement c\u2019est un cadeau parfait, mais il contient \u00e9galement les meilleurs v\u0153ux.<\/li>\n<\/ul>\n<p><img decoding=\"async\" class=\"alignnone size-full wp-image-5921\" src=\"https:\/\/www.artestar.eu%E2%80%8B%E2%80%8B%E2%80%8B%E2%80%8B\/wp-content\/uploads\/2023\/06\/natural-gem-beads.jpg\" alt=\"Perles de gr\u00e8s dor\u00e9 irr\u00e9gulier naturel\" width=\"600\" height=\"600\" srcset=\"https:\/\/www.artestar.eu\/wp-content\/uploads\/2023\/06\/natural-gem-beads.jpg 600w, https:\/\/www.artestar.eu\/wp-content\/uploads\/2023\/06\/natural-gem-beads-300x300.jpg 300w, https:\/\/www.artestar.eu\/wp-content\/uploads\/2023\/06\/natural-gem-beads-150x150.jpg 150w, https:\/\/www.artestar.eu\/wp-content\/uploads\/2023\/06\/natural-gem-beads-450x450.jpg 450w, https:\/\/www.artestar.eu\/wp-content\/uploads\/2023\/06\/natural-gem-beads-54x54.jpg 54w\" sizes=\"(max-width: 600px) 100vw, 600px\" \/><\/p>\n<h5>Perles de pierre irr\u00e9guli\u00e8res en gr\u00e8s dor\u00e9<\/h5>\n<h6><strong>Pr\u00e9caution:<\/strong><\/h6>\n<ul>\n<li>En raison des diff\u00e9rences entre les moniteurs et les r\u00e9solutions, les couleurs de l\u2019image peuvent diff\u00e9rer l\u00e9g\u00e8rement des couleurs r\u00e9elles.<\/li>\n<li>En raison de facteurs tels que l\u2019\u00e9clairage ou les variations naturelles des mat\u00e9riaux utilis\u00e9s, la couleur et la forme du produit peuvent varier l\u00e9g\u00e8rement.<\/li>\n<li>Les perles de pierre doivent \u00eatre prot\u00e9g\u00e9es de la lumi\u00e8re intense du soleil pour \u00e9viter d\u2019endommager la texture et la couleur de la pierre.<\/li>\n<\/ul>\n<h6><strong>Avertissement : <\/strong><\/h6>\n<ul>\n<li>Les enfants de moins de trois ans doivent \u00e9viter les contacts, risque de suffocation.<\/li>\n<\/ul>\n","protected":false},"excerpt":{"rendered":"<ul>\n<li>Taille: env. 8 &#8211; 12 mm, trou : 1 mm<\/li>\n<li>Quantit\u00e9: env. 30 ~ 45 pi\u00e8ces. Le montant peut varier en fonction de la taille du compte.<\/li>\n<\/ul>\n","protected":false},"featured_media":14289,"comment_status":"open","ping_status":"closed","template":"","meta":[],"product_cat":[1557,1489,1490],"product_tag":[],"yoast_head":"<!-- This site is optimized with the Yoast SEO Premium plugin v20.5 (Yoast SEO v21.5) - https:\/\/yoast.com\/wordpress\/plugins\/seo\/ -->\n<title>Gr\u00e8s dor\u00e9 perles en pierre irr\u00e9guli\u00e8re - Artestar<\/title>\n<meta name=\"description\" content=\"Les perles de pierre dentel\u00e9es en gr\u00e8s dor\u00e9 sont connues pour attirer la richesse et porter chance en argent et en richesse.\" \/>\n<meta name=\"robots\" content=\"index, follow, max-snippet:-1, max-image-preview:large, max-video-preview:-1\" \/>\n<link rel=\"canonical\" href=\"https:\/\/www.artestar.eu\/fr\/de-gros\/gres-dore-irregulier-pierre-perles\/\" \/>\n<meta property=\"og:locale\" content=\"fr_FR\" \/>\n<meta property=\"og:type\" content=\"article\" \/>\n<meta property=\"og:title\" content=\"Perles de pierre irr\u00e9guli\u00e8res en gr\u00e8s dor\u00e9\" \/>\n<meta property=\"og:description\" content=\"Les perles de pierre dentel\u00e9es en gr\u00e8s dor\u00e9 sont connues pour attirer la richesse et porter chance en argent et en richesse.\" \/>\n<meta property=\"og:url\" content=\"https:\/\/www.artestar.eu\/fr\/de-gros\/gres-dore-irregulier-pierre-perles\/\" \/>\n<meta property=\"og:site_name\" content=\"Artestar\" \/>\n<meta property=\"article:publisher\" content=\"https:\/\/www.facebook.com\/ARTESTAREU\" \/>\n<meta property=\"article:modified_time\" content=\"2023-10-20T02:21:06+00:00\" \/>\n<meta property=\"og:image\" content=\"https:\/\/www.artestar.eu\/wp-content\/uploads\/2023\/06\/natural-semi-precious-gemstone-beads-gold-sand-stone.jpg\" \/>\n\t<meta property=\"og:image:width\" content=\"600\" \/>\n\t<meta property=\"og:image:height\" content=\"600\" \/>\n\t<meta property=\"og:image:type\" content=\"image\/jpeg\" \/>\n<meta name=\"twitter:card\" content=\"summary_large_image\" \/>\n<meta name=\"twitter:label1\" content=\"Prix\" \/>\n\t<meta name=\"twitter:data1\" content=\"1,65&nbsp;&euro; (TVA NON incluse)\" \/>\n\t<meta name=\"twitter:label2\" content=\"Availability\" \/>\n\t<meta name=\"twitter:data2\" content=\"En stock\" \/>\n<script type=\"application\/ld+json\" class=\"yoast-schema-graph\">{\"@context\":\"https:\/\/schema.org\",\"@graph\":[{\"@type\":\"WebPage\",\"@id\":\"https:\/\/www.artestar.eu\/fr\/de-gros\/gres-dore-irregulier-pierre-perles\/\",\"url\":\"https:\/\/www.artestar.eu\/fr\/de-gros\/gres-dore-irregulier-pierre-perles\/\",\"name\":\"Gr\u00e8s dor\u00e9 perles en pierre irr\u00e9guli\u00e8re - Artestar\",\"isPartOf\":{\"@id\":\"https:\/\/www.artestar.eu\/fr\/#website\"},\"datePublished\":\"2023-06-09T08:57:16+00:00\",\"dateModified\":\"2023-10-20T02:21:06+00:00\",\"description\":\"Les perles de pierre dentel\u00e9es en gr\u00e8s dor\u00e9 sont connues pour attirer la richesse et porter chance en argent et en richesse.\",\"breadcrumb\":{\"@id\":\"https:\/\/www.artestar.eu\/fr\/de-gros\/gres-dore-irregulier-pierre-perles\/#breadcrumb\"},\"inLanguage\":\"fr-FR\",\"potentialAction\":[{\"@type\":\"ReadAction\",\"target\":[\"https:\/\/www.artestar.eu\/fr\/de-gros\/gres-dore-irregulier-pierre-perles\/\"]}]},{\"@type\":\"BreadcrumbList\",\"@id\":\"https:\/\/www.artestar.eu\/fr\/de-gros\/gres-dore-irregulier-pierre-perles\/#breadcrumb\",\"itemListElement\":[{\"@type\":\"ListItem\",\"position\":1,\"name\":\"Artestar\",\"item\":\"https:\/\/www.artestar.eu\/fr\/\"},{\"@type\":\"ListItem\",\"position\":2,\"name\":\"De gros\",\"item\":\"https:\/\/www.artestar.eu\/fr\/de-gros\/\"},{\"@type\":\"ListItem\",\"position\":3,\"name\":\"Perles de pierre irr\u00e9guli\u00e8res en gr\u00e8s dor\u00e9\"}]},{\"@type\":\"WebSite\",\"@id\":\"https:\/\/www.artestar.eu\/fr\/#website\",\"url\":\"https:\/\/www.artestar.eu\/fr\/\",\"name\":\"Artestar\",\"description\":\"Mayorista en abalorios y joyer\u00eda\",\"publisher\":{\"@id\":\"https:\/\/www.artestar.eu\/fr\/#organization\"},\"alternateName\":\"Artestar-EU\",\"potentialAction\":[{\"@type\":\"SearchAction\",\"target\":{\"@type\":\"EntryPoint\",\"urlTemplate\":\"https:\/\/www.artestar.eu\/fr\/?s={search_term_string}\"},\"query-input\":\"required name=search_term_string\"}],\"inLanguage\":\"fr-FR\"},{\"@type\":[\"Organization\",\"Place\"],\"@id\":\"https:\/\/www.artestar.eu\/fr\/#organization\",\"name\":\"RUBY ABALORIO S.L.\",\"alternateName\":\"Artestar\",\"url\":\"https:\/\/www.artestar.eu\/fr\/\",\"logo\":{\"@id\":\"https:\/\/www.artestar.eu\/fr\/de-gros\/gres-dore-irregulier-pierre-perles\/#local-main-organization-logo\"},\"image\":{\"@id\":\"https:\/\/www.artestar.eu\/fr\/de-gros\/gres-dore-irregulier-pierre-perles\/#local-main-organization-logo\"},\"sameAs\":[\"https:\/\/www.facebook.com\/ARTESTAREU\",\"https:\/\/www.instagram.com\/artestareu\/\",\"https:\/\/www.pinterest.es\/artestar_eu\/\",\"https:\/\/www.tiktok.com\/@artestar_wholesale\"],\"openingHoursSpecification\":[{\"@type\":\"OpeningHoursSpecification\",\"dayOfWeek\":[\"Monday\",\"Tuesday\",\"Wednesday\",\"Thursday\",\"Friday\",\"Saturday\",\"Sunday\"],\"opens\":\"09:00\",\"closes\":\"17:00\"}]},{\"@type\":\"ImageObject\",\"inLanguage\":\"fr-FR\",\"@id\":\"https:\/\/www.artestar.eu\/fr\/de-gros\/gres-dore-irregulier-pierre-perles\/#local-main-organization-logo\",\"url\":\"https:\/\/www.artestar.eu\/wp-content\/uploads\/2023\/05\/cropped-png.png\",\"contentUrl\":\"https:\/\/www.artestar.eu\/wp-content\/uploads\/2023\/05\/cropped-png.png\",\"width\":512,\"height\":512,\"caption\":\"RUBY ABALORIO S.L.\"}]}<\/script>\n<meta property=\"product:price:amount\" content=\"1.65\" \/>\n<meta property=\"product:price:currency\" content=\"EUR\" \/>\n<meta property=\"og:availability\" content=\"instock\" \/>\n<meta property=\"product:availability\" content=\"instock\" \/>\n<meta property=\"product:retailer_item_id\" content=\"BS-YZ-SX0001\" \/>\n<meta property=\"product:condition\" content=\"new\" \/>\n<!-- \/ Yoast SEO Premium plugin. -->","yoast_head_json":{"title":"Gr\u00e8s dor\u00e9 perles en pierre irr\u00e9guli\u00e8re - Artestar","description":"Les perles de pierre dentel\u00e9es en gr\u00e8s dor\u00e9 sont connues pour attirer la richesse et porter chance en argent et en richesse.","robots":{"index":"index","follow":"follow","max-snippet":"max-snippet:-1","max-image-preview":"max-image-preview:large","max-video-preview":"max-video-preview:-1"},"canonical":"https:\/\/www.artestar.eu\/fr\/de-gros\/gres-dore-irregulier-pierre-perles\/","og_locale":"fr_FR","og_type":"article","og_title":"Perles de pierre irr\u00e9guli\u00e8res en gr\u00e8s dor\u00e9","og_description":"Les perles de pierre dentel\u00e9es en gr\u00e8s dor\u00e9 sont connues pour attirer la richesse et porter chance en argent et en richesse.","og_url":"https:\/\/www.artestar.eu\/fr\/de-gros\/gres-dore-irregulier-pierre-perles\/","og_site_name":"Artestar","article_publisher":"https:\/\/www.facebook.com\/ARTESTAREU","article_modified_time":"2023-10-20T02:21:06+00:00","og_image":[{"width":600,"height":600,"url":"https:\/\/www.artestar.eu\/wp-content\/uploads\/2023\/06\/natural-semi-precious-gemstone-beads-gold-sand-stone.jpg","type":"image\/jpeg"}],"twitter_card":"summary_large_image","twitter_misc":{"Prix":"1,65&nbsp;&euro; (TVA NON incluse)","Availability":"En stock"},"schema":{"@context":"https:\/\/schema.org","@graph":[{"@type":"WebPage","@id":"https:\/\/www.artestar.eu\/fr\/de-gros\/gres-dore-irregulier-pierre-perles\/","url":"https:\/\/www.artestar.eu\/fr\/de-gros\/gres-dore-irregulier-pierre-perles\/","name":"Gr\u00e8s dor\u00e9 perles en pierre irr\u00e9guli\u00e8re - Artestar","isPartOf":{"@id":"https:\/\/www.artestar.eu\/fr\/#website"},"datePublished":"2023-06-09T08:57:16+00:00","dateModified":"2023-10-20T02:21:06+00:00","description":"Les perles de pierre dentel\u00e9es en gr\u00e8s dor\u00e9 sont connues pour attirer la richesse et porter chance en argent et en richesse.","breadcrumb":{"@id":"https:\/\/www.artestar.eu\/fr\/de-gros\/gres-dore-irregulier-pierre-perles\/#breadcrumb"},"inLanguage":"fr-FR","potentialAction":[{"@type":"ReadAction","target":["https:\/\/www.artestar.eu\/fr\/de-gros\/gres-dore-irregulier-pierre-perles\/"]}]},{"@type":"BreadcrumbList","@id":"https:\/\/www.artestar.eu\/fr\/de-gros\/gres-dore-irregulier-pierre-perles\/#breadcrumb","itemListElement":[{"@type":"ListItem","position":1,"name":"Artestar","item":"https:\/\/www.artestar.eu\/fr\/"},{"@type":"ListItem","position":2,"name":"De gros","item":"https:\/\/www.artestar.eu\/fr\/de-gros\/"},{"@type":"ListItem","position":3,"name":"Perles de pierre irr\u00e9guli\u00e8res en gr\u00e8s dor\u00e9"}]},{"@type":"WebSite","@id":"https:\/\/www.artestar.eu\/fr\/#website","url":"https:\/\/www.artestar.eu\/fr\/","name":"Artestar","description":"Mayorista en abalorios y joyer\u00eda","publisher":{"@id":"https:\/\/www.artestar.eu\/fr\/#organization"},"alternateName":"Artestar-EU","potentialAction":[{"@type":"SearchAction","target":{"@type":"EntryPoint","urlTemplate":"https:\/\/www.artestar.eu\/fr\/?s={search_term_string}"},"query-input":"required name=search_term_string"}],"inLanguage":"fr-FR"},{"@type":["Organization","Place"],"@id":"https:\/\/www.artestar.eu\/fr\/#organization","name":"RUBY ABALORIO S.L.","alternateName":"Artestar","url":"https:\/\/www.artestar.eu\/fr\/","logo":{"@id":"https:\/\/www.artestar.eu\/fr\/de-gros\/gres-dore-irregulier-pierre-perles\/#local-main-organization-logo"},"image":{"@id":"https:\/\/www.artestar.eu\/fr\/de-gros\/gres-dore-irregulier-pierre-perles\/#local-main-organization-logo"},"sameAs":["https:\/\/www.facebook.com\/ARTESTAREU","https:\/\/www.instagram.com\/artestareu\/","https:\/\/www.pinterest.es\/artestar_eu\/","https:\/\/www.tiktok.com\/@artestar_wholesale"],"openingHoursSpecification":[{"@type":"OpeningHoursSpecification","dayOfWeek":["Monday","Tuesday","Wednesday","Thursday","Friday","Saturday","Sunday"],"opens":"09:00","closes":"17:00"}]},{"@type":"ImageObject","inLanguage":"fr-FR","@id":"https:\/\/www.artestar.eu\/fr\/de-gros\/gres-dore-irregulier-pierre-perles\/#local-main-organization-logo","url":"https:\/\/www.artestar.eu\/wp-content\/uploads\/2023\/05\/cropped-png.png","contentUrl":"https:\/\/www.artestar.eu\/wp-content\/uploads\/2023\/05\/cropped-png.png","width":512,"height":512,"caption":"RUBY ABALORIO S.L."}]},"product_price_amount":"1.65","product_price_currency":"EUR","og_availability":"instock","product_availability":"instock","product_retailer_item_id":"BS-YZ-SX0001","product_condition":"new"},"tiered_pricing_type":"percentage","tiered_pricing_fixed_rules":{"10":"10"},"tiered_pricing_percentage_rules":[],"tiered_pricing_minimum":null,"_administrator_tiered_pricing_type":"fixed","_administrator_tiered_pricing_fixed_rules":[],"_editor_tiered_pricing_type":"fixed","_editor_tiered_pricing_fixed_rules":[],"_author_tiered_pricing_type":"fixed","_author_tiered_pricing_fixed_rules":[],"_contributor_tiered_pricing_type":"fixed","_contributor_tiered_pricing_fixed_rules":[],"_subscriber_tiered_pricing_type":"fixed","_subscriber_tiered_pricing_fixed_rules":[],"_wpseo_manager_tiered_pricing_type":"fixed","_wpseo_manager_tiered_pricing_fixed_rules":[],"_wpseo_editor_tiered_pricing_type":"fixed","_wpseo_editor_tiered_pricing_fixed_rules":[],"_customer_tiered_pricing_type":"fixed","_customer_tiered_pricing_fixed_rules":[],"_shop_manager_tiered_pricing_type":"fixed","_shop_manager_tiered_pricing_fixed_rules":[],"_product_manager_tiered_pricing_type":"fixed","_product_manager_tiered_pricing_fixed_rules":[],"_links":{"self":[{"href":"https:\/\/www.artestar.eu\/fr\/wp-json\/wp\/v2\/product\/25504"}],"collection":[{"href":"https:\/\/www.artestar.eu\/fr\/wp-json\/wp\/v2\/product"}],"about":[{"href":"https:\/\/www.artestar.eu\/fr\/wp-json\/wp\/v2\/types\/product"}],"replies":[{"embeddable":true,"href":"https:\/\/www.artestar.eu\/fr\/wp-json\/wp\/v2\/comments?post=25504"}],"version-history":[{"count":1,"href":"https:\/\/www.artestar.eu\/fr\/wp-json\/wp\/v2\/product\/25504\/revisions"}],"predecessor-version":[{"id":36941,"href":"https:\/\/www.artestar.eu\/fr\/wp-json\/wp\/v2\/product\/25504\/revisions\/36941"}],"wp:featuredmedia":[{"embeddable":true,"href":"https:\/\/www.artestar.eu\/fr\/wp-json\/wp\/v2\/media\/14289"}],"wp:attachment":[{"href":"https:\/\/www.artestar.eu\/fr\/wp-json\/wp\/v2\/media?parent=25504"}],"wp:term":[{"taxonomy":"product_cat","embeddable":true,"href":"https:\/\/www.artestar.eu\/fr\/wp-json\/wp\/v2\/product_cat?post=25504"},{"taxonomy":"product_tag","embeddable":true,"href":"https:\/\/www.artestar.eu\/fr\/wp-json\/wp\/v2\/product_tag?post=25504"}],"curies":[{"name":"wp","href":"https:\/\/api.w.org\/{rel}","templated":true}]}}