{"id":25962,"date":"2023-05-31T07:42:21","date_gmt":"2023-05-31T07:42:21","guid":{"rendered":"https:\/\/www.artestar.eu\/al-por-mayor\/colgantes-hojas-perlas-cultivadas\/"},"modified":"2023-10-26T05:46:20","modified_gmt":"2023-10-26T05:46:20","slug":"pendentifs-feuilles-perles-cultives","status":"publish","type":"product","link":"https:\/\/www.artestar.eu\/fr\/de-gros\/pendentifs-feuilles-perles-cultives\/","title":{"rendered":"Feuilles de perles de culture suspendues"},"content":{"rendered":"<p>Feuilles de perles de culture suspendues: En raison de la forme irr\u00e9guli\u00e8re des perles d\u2019eau douce naturelles, les tailles peuvent varier l\u00e9g\u00e8rement. La couleur classique de la coquille est \u00e9l\u00e9gante et \u00e9l\u00e9gante, et serait un excellent choix pour les cadeaux cr\u00e9atifs.<\/p>\n<ul>\n<li>Une perle de culture d\u2019eau douce 100% naturelle issue d\u2019une hu\u00eetre, elle a une forme naturelle et toutes les perles d\u2019eau douce naturelles sont uniques. Vous pouvez voir la texture unique des perles de culture naturelles sur sa surface, ce qui lui donne une touche naturelle et \u00e9l\u00e9gante.<\/li>\n<li>Les perles de culture d\u2019eau douce naturelle peuvent \u00eatre combin\u00e9es avec des raccords m\u00e9talliques en acier inoxydable. Des perles de pierres pr\u00e9cieuses et bien plus encore pour cr\u00e9er n\u2019importe quel style que vous voulez, cr\u00e9ant des pi\u00e8ces glamour auxquelles vous ne vous attendriez pas. Quelques exemples sont des boucles d\u2019oreilles, des colliers, des pendentifs et des bracelets.<\/li>\n<li>Tous les pendentifs en perles sont livr\u00e9s avec des anneaux en acier inoxydable sur le dessus, et puisque les trous des pendentifs sont de la bonne taille, vous pouvez les traverser sans aucun effort. En outre, ils peuvent \u00eatre utilis\u00e9s comme ornements de cheveux, mat\u00e9riau accessoire pour les v\u00eatements et porte-cl\u00e9s.<\/li>\n<li>Les pendentifs en nacre naturelle sont disponibles en diff\u00e9rentes tailles et formes. Ainsi, vous pouvez choisir une ou plusieurs des perles les plus pr\u00e9cieuses et vous pouvez absolument offrir l\u2019une de nos pi\u00e8ces individuelles ou un produit fini assorti \u00e0 vos amis et \u00e0 votre famille, qui le trouveront tr\u00e8s significatif et l\u2019aimeront.<\/li>\n<\/ul>\n<div id=\"attachment_12302\" style=\"width: 610px\" class=\"wp-caption alignnone\"><img aria-describedby=\"caption-attachment-12302\" decoding=\"async\" class=\"size-full wp-image-4856\" src=\"https:\/\/www.artestar.eu%E2%80%8B%E2%80%8B%E2%80%8B%E2%80%8B\/wp-content\/uploads\/2023\/05\/cultured-pearls-pendants-leaf-gold-01.jpg\" alt=\"Feuilles de perles de culture suspendues\" width=\"600\" height=\"600\" srcset=\"https:\/\/www.artestar.eu\/wp-content\/uploads\/2023\/05\/cultured-pearls-pendants-leaf-gold-01.jpg 600w, https:\/\/www.artestar.eu\/wp-content\/uploads\/2023\/05\/cultured-pearls-pendants-leaf-gold-01-300x300.jpg 300w, https:\/\/www.artestar.eu\/wp-content\/uploads\/2023\/05\/cultured-pearls-pendants-leaf-gold-01-150x150.jpg 150w, https:\/\/www.artestar.eu\/wp-content\/uploads\/2023\/05\/cultured-pearls-pendants-leaf-gold-01-450x450.jpg 450w, https:\/\/www.artestar.eu\/wp-content\/uploads\/2023\/05\/cultured-pearls-pendants-leaf-gold-01-54x54.jpg 54w\" sizes=\"(max-width: 600px) 100vw, 600px\" \/><p id=\"caption-attachment-12302\" class=\"wp-caption-text\">Feuilles de perles de culture suspendues<\/p><\/div>\n<ul>\n<li>Ils peuvent varier l\u00e9g\u00e8rement en raison des effets d\u2019\u00e9clairage et des param\u00e8tres de l\u2019ordinateur. Veuillez donc lire les tailles des diff\u00e9rents fils de perles avant d\u2019acheter et choisissez celui que vous pr\u00e9f\u00e9rez.<\/li>\n<\/ul>\n","protected":false},"excerpt":{"rendered":"<ul>\n<li>Taille: env. 22 x 31 mm<\/li>\n<li>Mat\u00e9riel: perles d\u2019eau douce de culture naturelles<\/li>\n<li>Utilis\u00e9 pour fabriquer des colliers, pendentifs et autres bijoux<\/li>\n<\/ul>\n","protected":false},"featured_media":12292,"comment_status":"open","ping_status":"closed","template":"","meta":[],"product_cat":[1041,1577],"product_tag":[],"yoast_head":"<!-- This site is optimized with the Yoast SEO Premium plugin v20.5 (Yoast SEO v21.5) - https:\/\/yoast.com\/wordpress\/plugins\/seo\/ -->\n<title>Feuilles de perles de culture suspendues - Artestar<\/title>\n<meta name=\"description\" content=\"Les nacres proviennent de diff\u00e9rents types de mollusques marins, les pendentifs en perles de culture peuvent faire de beaux ornements qui attireront beaucoup d\u2019attention.\" \/>\n<meta name=\"robots\" content=\"index, follow, max-snippet:-1, max-image-preview:large, max-video-preview:-1\" \/>\n<link rel=\"canonical\" href=\"https:\/\/www.artestar.eu\/fr\/de-gros\/pendentifs-feuilles-perles-cultives\/\" \/>\n<meta property=\"og:locale\" content=\"fr_FR\" \/>\n<meta property=\"og:type\" content=\"article\" \/>\n<meta property=\"og:title\" content=\"Feuilles de perles de culture suspendues\" \/>\n<meta property=\"og:description\" content=\"Les nacres proviennent de diff\u00e9rents types de mollusques marins, les pendentifs en perles de culture peuvent faire de beaux ornements qui attireront beaucoup d\u2019attention.\" \/>\n<meta property=\"og:url\" content=\"https:\/\/www.artestar.eu\/fr\/de-gros\/pendentifs-feuilles-perles-cultives\/\" \/>\n<meta property=\"og:site_name\" content=\"Artestar\" \/>\n<meta property=\"article:publisher\" content=\"https:\/\/www.facebook.com\/ARTESTAREU\" \/>\n<meta property=\"article:modified_time\" content=\"2023-10-26T05:46:20+00:00\" \/>\n<meta property=\"og:image\" content=\"https:\/\/www.artestar.eu\/wp-content\/uploads\/2023\/05\/cultured-pearls-pendants-leaf-gold.jpg\" \/>\n\t<meta property=\"og:image:width\" content=\"600\" \/>\n\t<meta property=\"og:image:height\" content=\"600\" \/>\n\t<meta property=\"og:image:type\" content=\"image\/jpeg\" \/>\n<meta name=\"twitter:card\" content=\"summary_large_image\" \/>\n<meta name=\"twitter:label1\" content=\"Prix\" \/>\n\t<meta name=\"twitter:data1\" content=\"1,53&nbsp;&euro; (TVA NON incluse)\" \/>\n\t<meta name=\"twitter:label2\" content=\"Availability\" \/>\n\t<meta name=\"twitter:data2\" content=\"En stock\" \/>\n<script type=\"application\/ld+json\" class=\"yoast-schema-graph\">{\"@context\":\"https:\/\/schema.org\",\"@graph\":[{\"@type\":\"WebPage\",\"@id\":\"https:\/\/www.artestar.eu\/fr\/de-gros\/pendentifs-feuilles-perles-cultives\/\",\"url\":\"https:\/\/www.artestar.eu\/fr\/de-gros\/pendentifs-feuilles-perles-cultives\/\",\"name\":\"Feuilles de perles de culture suspendues - Artestar\",\"isPartOf\":{\"@id\":\"https:\/\/www.artestar.eu\/fr\/#website\"},\"datePublished\":\"2023-05-31T07:42:21+00:00\",\"dateModified\":\"2023-10-26T05:46:20+00:00\",\"description\":\"Les nacres proviennent de diff\u00e9rents types de mollusques marins, les pendentifs en perles de culture peuvent faire de beaux ornements qui attireront beaucoup d\u2019attention.\",\"breadcrumb\":{\"@id\":\"https:\/\/www.artestar.eu\/fr\/de-gros\/pendentifs-feuilles-perles-cultives\/#breadcrumb\"},\"inLanguage\":\"fr-FR\",\"potentialAction\":[{\"@type\":\"ReadAction\",\"target\":[\"https:\/\/www.artestar.eu\/fr\/de-gros\/pendentifs-feuilles-perles-cultives\/\"]}]},{\"@type\":\"BreadcrumbList\",\"@id\":\"https:\/\/www.artestar.eu\/fr\/de-gros\/pendentifs-feuilles-perles-cultives\/#breadcrumb\",\"itemListElement\":[{\"@type\":\"ListItem\",\"position\":1,\"name\":\"Artestar\",\"item\":\"https:\/\/www.artestar.eu\/fr\/\"},{\"@type\":\"ListItem\",\"position\":2,\"name\":\"De gros\",\"item\":\"https:\/\/www.artestar.eu\/fr\/de-gros\/\"},{\"@type\":\"ListItem\",\"position\":3,\"name\":\"Feuilles de perles de culture suspendues\"}]},{\"@type\":\"WebSite\",\"@id\":\"https:\/\/www.artestar.eu\/fr\/#website\",\"url\":\"https:\/\/www.artestar.eu\/fr\/\",\"name\":\"Artestar\",\"description\":\"Mayorista en abalorios y joyer\u00eda\",\"publisher\":{\"@id\":\"https:\/\/www.artestar.eu\/fr\/#organization\"},\"alternateName\":\"Artestar-EU\",\"potentialAction\":[{\"@type\":\"SearchAction\",\"target\":{\"@type\":\"EntryPoint\",\"urlTemplate\":\"https:\/\/www.artestar.eu\/fr\/?s={search_term_string}\"},\"query-input\":\"required name=search_term_string\"}],\"inLanguage\":\"fr-FR\"},{\"@type\":[\"Organization\",\"Place\"],\"@id\":\"https:\/\/www.artestar.eu\/fr\/#organization\",\"name\":\"RUBY ABALORIO S.L.\",\"alternateName\":\"Artestar\",\"url\":\"https:\/\/www.artestar.eu\/fr\/\",\"logo\":{\"@id\":\"https:\/\/www.artestar.eu\/fr\/de-gros\/pendentifs-feuilles-perles-cultives\/#local-main-organization-logo\"},\"image\":{\"@id\":\"https:\/\/www.artestar.eu\/fr\/de-gros\/pendentifs-feuilles-perles-cultives\/#local-main-organization-logo\"},\"sameAs\":[\"https:\/\/www.facebook.com\/ARTESTAREU\",\"https:\/\/www.instagram.com\/artestareu\/\",\"https:\/\/www.pinterest.es\/artestar_eu\/\",\"https:\/\/www.tiktok.com\/@artestar_wholesale\"],\"openingHoursSpecification\":[{\"@type\":\"OpeningHoursSpecification\",\"dayOfWeek\":[\"Monday\",\"Tuesday\",\"Wednesday\",\"Thursday\",\"Friday\",\"Saturday\",\"Sunday\"],\"opens\":\"09:00\",\"closes\":\"17:00\"}]},{\"@type\":\"ImageObject\",\"inLanguage\":\"fr-FR\",\"@id\":\"https:\/\/www.artestar.eu\/fr\/de-gros\/pendentifs-feuilles-perles-cultives\/#local-main-organization-logo\",\"url\":\"https:\/\/www.artestar.eu\/wp-content\/uploads\/2023\/05\/cropped-png.png\",\"contentUrl\":\"https:\/\/www.artestar.eu\/wp-content\/uploads\/2023\/05\/cropped-png.png\",\"width\":512,\"height\":512,\"caption\":\"RUBY ABALORIO S.L.\"}]}<\/script>\n<meta property=\"product:price:amount\" content=\"1.53\" \/>\n<meta property=\"product:price:currency\" content=\"EUR\" \/>\n<meta property=\"og:availability\" content=\"instock\" \/>\n<meta property=\"product:availability\" content=\"instock\" \/>\n<meta property=\"product:retailer_item_id\" content=\"ZZ-DZ-0009\" \/>\n<meta property=\"product:condition\" content=\"new\" \/>\n<!-- \/ Yoast SEO Premium plugin. -->","yoast_head_json":{"title":"Feuilles de perles de culture suspendues - Artestar","description":"Les nacres proviennent de diff\u00e9rents types de mollusques marins, les pendentifs en perles de culture peuvent faire de beaux ornements qui attireront beaucoup d\u2019attention.","robots":{"index":"index","follow":"follow","max-snippet":"max-snippet:-1","max-image-preview":"max-image-preview:large","max-video-preview":"max-video-preview:-1"},"canonical":"https:\/\/www.artestar.eu\/fr\/de-gros\/pendentifs-feuilles-perles-cultives\/","og_locale":"fr_FR","og_type":"article","og_title":"Feuilles de perles de culture suspendues","og_description":"Les nacres proviennent de diff\u00e9rents types de mollusques marins, les pendentifs en perles de culture peuvent faire de beaux ornements qui attireront beaucoup d\u2019attention.","og_url":"https:\/\/www.artestar.eu\/fr\/de-gros\/pendentifs-feuilles-perles-cultives\/","og_site_name":"Artestar","article_publisher":"https:\/\/www.facebook.com\/ARTESTAREU","article_modified_time":"2023-10-26T05:46:20+00:00","og_image":[{"width":600,"height":600,"url":"https:\/\/www.artestar.eu\/wp-content\/uploads\/2023\/05\/cultured-pearls-pendants-leaf-gold.jpg","type":"image\/jpeg"}],"twitter_card":"summary_large_image","twitter_misc":{"Prix":"1,53&nbsp;&euro; (TVA NON incluse)","Availability":"En stock"},"schema":{"@context":"https:\/\/schema.org","@graph":[{"@type":"WebPage","@id":"https:\/\/www.artestar.eu\/fr\/de-gros\/pendentifs-feuilles-perles-cultives\/","url":"https:\/\/www.artestar.eu\/fr\/de-gros\/pendentifs-feuilles-perles-cultives\/","name":"Feuilles de perles de culture suspendues - Artestar","isPartOf":{"@id":"https:\/\/www.artestar.eu\/fr\/#website"},"datePublished":"2023-05-31T07:42:21+00:00","dateModified":"2023-10-26T05:46:20+00:00","description":"Les nacres proviennent de diff\u00e9rents types de mollusques marins, les pendentifs en perles de culture peuvent faire de beaux ornements qui attireront beaucoup d\u2019attention.","breadcrumb":{"@id":"https:\/\/www.artestar.eu\/fr\/de-gros\/pendentifs-feuilles-perles-cultives\/#breadcrumb"},"inLanguage":"fr-FR","potentialAction":[{"@type":"ReadAction","target":["https:\/\/www.artestar.eu\/fr\/de-gros\/pendentifs-feuilles-perles-cultives\/"]}]},{"@type":"BreadcrumbList","@id":"https:\/\/www.artestar.eu\/fr\/de-gros\/pendentifs-feuilles-perles-cultives\/#breadcrumb","itemListElement":[{"@type":"ListItem","position":1,"name":"Artestar","item":"https:\/\/www.artestar.eu\/fr\/"},{"@type":"ListItem","position":2,"name":"De gros","item":"https:\/\/www.artestar.eu\/fr\/de-gros\/"},{"@type":"ListItem","position":3,"name":"Feuilles de perles de culture suspendues"}]},{"@type":"WebSite","@id":"https:\/\/www.artestar.eu\/fr\/#website","url":"https:\/\/www.artestar.eu\/fr\/","name":"Artestar","description":"Mayorista en abalorios y joyer\u00eda","publisher":{"@id":"https:\/\/www.artestar.eu\/fr\/#organization"},"alternateName":"Artestar-EU","potentialAction":[{"@type":"SearchAction","target":{"@type":"EntryPoint","urlTemplate":"https:\/\/www.artestar.eu\/fr\/?s={search_term_string}"},"query-input":"required name=search_term_string"}],"inLanguage":"fr-FR"},{"@type":["Organization","Place"],"@id":"https:\/\/www.artestar.eu\/fr\/#organization","name":"RUBY ABALORIO S.L.","alternateName":"Artestar","url":"https:\/\/www.artestar.eu\/fr\/","logo":{"@id":"https:\/\/www.artestar.eu\/fr\/de-gros\/pendentifs-feuilles-perles-cultives\/#local-main-organization-logo"},"image":{"@id":"https:\/\/www.artestar.eu\/fr\/de-gros\/pendentifs-feuilles-perles-cultives\/#local-main-organization-logo"},"sameAs":["https:\/\/www.facebook.com\/ARTESTAREU","https:\/\/www.instagram.com\/artestareu\/","https:\/\/www.pinterest.es\/artestar_eu\/","https:\/\/www.tiktok.com\/@artestar_wholesale"],"openingHoursSpecification":[{"@type":"OpeningHoursSpecification","dayOfWeek":["Monday","Tuesday","Wednesday","Thursday","Friday","Saturday","Sunday"],"opens":"09:00","closes":"17:00"}]},{"@type":"ImageObject","inLanguage":"fr-FR","@id":"https:\/\/www.artestar.eu\/fr\/de-gros\/pendentifs-feuilles-perles-cultives\/#local-main-organization-logo","url":"https:\/\/www.artestar.eu\/wp-content\/uploads\/2023\/05\/cropped-png.png","contentUrl":"https:\/\/www.artestar.eu\/wp-content\/uploads\/2023\/05\/cropped-png.png","width":512,"height":512,"caption":"RUBY ABALORIO S.L."}]},"product_price_amount":"1.53","product_price_currency":"EUR","og_availability":"instock","product_availability":"instock","product_retailer_item_id":"ZZ-DZ-0009","product_condition":"new"},"tiered_pricing_type":"percentage","tiered_pricing_fixed_rules":{"5":"10"},"tiered_pricing_percentage_rules":[],"tiered_pricing_minimum":null,"_administrator_tiered_pricing_type":"fixed","_administrator_tiered_pricing_fixed_rules":[],"_editor_tiered_pricing_type":"fixed","_editor_tiered_pricing_fixed_rules":[],"_author_tiered_pricing_type":"fixed","_author_tiered_pricing_fixed_rules":[],"_contributor_tiered_pricing_type":"fixed","_contributor_tiered_pricing_fixed_rules":[],"_subscriber_tiered_pricing_type":"fixed","_subscriber_tiered_pricing_fixed_rules":[],"_wpseo_manager_tiered_pricing_type":"fixed","_wpseo_manager_tiered_pricing_fixed_rules":[],"_wpseo_editor_tiered_pricing_type":"fixed","_wpseo_editor_tiered_pricing_fixed_rules":[],"_customer_tiered_pricing_type":"fixed","_customer_tiered_pricing_fixed_rules":[],"_shop_manager_tiered_pricing_type":"fixed","_shop_manager_tiered_pricing_fixed_rules":[],"_product_manager_tiered_pricing_type":"fixed","_product_manager_tiered_pricing_fixed_rules":[],"_links":{"self":[{"href":"https:\/\/www.artestar.eu\/fr\/wp-json\/wp\/v2\/product\/25962"}],"collection":[{"href":"https:\/\/www.artestar.eu\/fr\/wp-json\/wp\/v2\/product"}],"about":[{"href":"https:\/\/www.artestar.eu\/fr\/wp-json\/wp\/v2\/types\/product"}],"replies":[{"embeddable":true,"href":"https:\/\/www.artestar.eu\/fr\/wp-json\/wp\/v2\/comments?post=25962"}],"version-history":[{"count":1,"href":"https:\/\/www.artestar.eu\/fr\/wp-json\/wp\/v2\/product\/25962\/revisions"}],"predecessor-version":[{"id":32258,"href":"https:\/\/www.artestar.eu\/fr\/wp-json\/wp\/v2\/product\/25962\/revisions\/32258"}],"wp:featuredmedia":[{"embeddable":true,"href":"https:\/\/www.artestar.eu\/fr\/wp-json\/wp\/v2\/media\/12292"}],"wp:attachment":[{"href":"https:\/\/www.artestar.eu\/fr\/wp-json\/wp\/v2\/media?parent=25962"}],"wp:term":[{"taxonomy":"product_cat","embeddable":true,"href":"https:\/\/www.artestar.eu\/fr\/wp-json\/wp\/v2\/product_cat?post=25962"},{"taxonomy":"product_tag","embeddable":true,"href":"https:\/\/www.artestar.eu\/fr\/wp-json\/wp\/v2\/product_tag?post=25962"}],"curies":[{"name":"wp","href":"https:\/\/api.w.org\/{rel}","templated":true}]}}