{"id":26005,"date":"2023-06-12T01:52:58","date_gmt":"2023-06-12T01:52:58","guid":{"rendered":"https:\/\/www.artestar.eu\/al-por-mayor\/amazonita-irregular-cuentas-de-piedra\/"},"modified":"2023-10-18T02:10:45","modified_gmt":"2023-10-18T02:10:45","slug":"amazonita-irregular-cuentas-de-piedra","status":"publish","type":"product","link":"https:\/\/www.artestar.eu\/fr\/de-gros\/amazonita-irregular-cuentas-de-piedra\/","title":{"rendered":"Amazonita irregular cuentas de piedra"},"content":{"rendered":"<p>Amazonita irregular cuentas de piedra: 8 &#8211; 12 mm.<\/p>\n<ul>\n<li>Chaque perle de pierre pr\u00e9cieuse est faite de mat\u00e9riaux naturels purs et a une apparence unique.<\/li>\n<li>&gt;Les perles en pierre naturelle sont lisses et rondes apr\u00e8s polissage, ce qui les rend confortables \u00e0 porter. Ssu tama\u00f1o irregular y textura, junto con vetas y colores naturales, hacen que las cuentas de piedras preciosas sean \u00fanicas.<\/li>\n<li>Les perles de pierres semi-pr\u00e9cieuses naturelles irr\u00e9guli\u00e8res peuvent soulager le stress et l\u2019anxi\u00e9t\u00e9, transmettre un message psychologique positif, une vision optimiste de la vie et sont cens\u00e9es transmettre l\u2019\u00e9nergie de l\u2019univers au corps.<\/li>\n<li>Parce que chacune de ces magnifiques perles de pierre irr\u00e9guli\u00e8res est perfor\u00e9e et parfaite pour l\u2019enfilage. Il suffit d\u2019enfiler un fil de perles dans les trous des perles et de les ajouter facilement \u00e0 vos projets &#8211; amusez-vous \u00e0 faire de l\u2019artisanat de bijoux fantaisie !<\/li>\n<li>Parce que ces perles perfor\u00e9es d\u00e9licates peuvent \u00eatre combin\u00e9es avec d\u2019autres accessoires m\u00e9talliques, des cristaux, des perles, des coquillages et bien plus encore pour cr\u00e9er n\u2019importe quel artisanat, collier, bracelet, boucles d\u2019oreilles, d\u00e9coration int\u00e9rieure et bien plus encore. Offrez-le \u00e0 votre famille et \u00e0 vos amis passionn\u00e9s d\u2019artisanat. Non seulement c\u2019est un cadeau parfait, mais il contient \u00e9galement les meilleurs v\u0153ux.<\/li>\n<\/ul>\n<p><img decoding=\"async\" class=\"alignnone size-full wp-image-5924\" src=\"https:\/\/www.artestar.eu%E2%80%8B%E2%80%8B%E2%80%8B%E2%80%8B\/wp-content\/uploads\/2023\/06\/01.jpg\" alt=\"Perles en pierre irr\u00e9guli\u00e8re naturelle\" width=\"600\" height=\"600\" srcset=\"https:\/\/www.artestar.eu\/wp-content\/uploads\/2023\/06\/01.jpg 600w, https:\/\/www.artestar.eu\/wp-content\/uploads\/2023\/06\/01-300x300.jpg 300w, https:\/\/www.artestar.eu\/wp-content\/uploads\/2023\/06\/01-150x150.jpg 150w, https:\/\/www.artestar.eu\/wp-content\/uploads\/2023\/06\/01-450x450.jpg 450w, https:\/\/www.artestar.eu\/wp-content\/uploads\/2023\/06\/01-54x54.jpg 54w\" sizes=\"(max-width: 600px) 100vw, 600px\" \/><\/p>\n<h5>Amazonita irregular cuentas de piedra naturales<\/h5>\n<p><strong>Pr\u00e9caution:<\/strong><\/p>\n<ul>\n<li>En raison des diff\u00e9rences entre les moniteurs et les r\u00e9solutions, les couleurs de l\u2019image peuvent diff\u00e9rer l\u00e9g\u00e8rement des couleurs r\u00e9elles.<\/li>\n<li>En raison de facteurs tels que l\u2019\u00e9clairage ou les variations naturelles des mat\u00e9riaux utilis\u00e9s, la couleur et la forme du produit peuvent varier l\u00e9g\u00e8rement.<\/li>\n<li>Les perles de pierre doivent \u00eatre prot\u00e9g\u00e9es de la lumi\u00e8re intense du soleil pour \u00e9viter d\u2019endommager la texture et la couleur de la pierre.<\/li>\n<\/ul>\n<p><strong>Avertissement : <\/strong><\/p>\n<ul>\n<li>Les enfants de moins de trois ans doivent \u00e9viter les contacts, risque de suffocation.<\/li>\n<\/ul>\n","protected":false},"excerpt":{"rendered":"<ul>\n<li>Taille: env. 8 &#8211; 12 mm, trou : 1 mm<\/li>\n<li>Quantit\u00e9: env. 30 ~ 45 pi\u00e8ces. Le montant peut varier en fonction de la taille du compte.<\/li>\n<\/ul>\n","protected":false},"featured_media":14499,"comment_status":"open","ping_status":"closed","template":"","meta":[],"product_cat":[1557,1489,1490],"product_tag":[],"yoast_head":"<!-- This site is optimized with the Yoast SEO Premium plugin v20.5 (Yoast SEO v21.5) - https:\/\/yoast.com\/wordpress\/plugins\/seo\/ -->\n<title>Amazonita irregular cuentas de piedra - Artestar<\/title>\n<meta name=\"description\" content=\"Associ\u00e9e \u00e0 la chance, au succ\u00e8s et \u00e0 l\u2019argent, l\u2019Amazonite est gouvern\u00e9e par Uranus et li\u00e9e \u00e0 la Vierge. Calma las heridas emocionales.\" \/>\n<meta name=\"robots\" content=\"index, follow, max-snippet:-1, max-image-preview:large, max-video-preview:-1\" \/>\n<link rel=\"canonical\" href=\"https:\/\/www.artestar.eu\/fr\/de-gros\/amazonita-irregular-cuentas-de-piedra\/\" \/>\n<meta property=\"og:locale\" content=\"fr_FR\" \/>\n<meta property=\"og:type\" content=\"article\" \/>\n<meta property=\"og:title\" content=\"Amazonita irregular cuentas de piedra\" \/>\n<meta property=\"og:description\" content=\"Associ\u00e9e \u00e0 la chance, au succ\u00e8s et \u00e0 l\u2019argent, l\u2019Amazonite est gouvern\u00e9e par Uranus et li\u00e9e \u00e0 la Vierge. Calma las heridas emocionales.\" \/>\n<meta property=\"og:url\" content=\"https:\/\/www.artestar.eu\/fr\/de-gros\/amazonita-irregular-cuentas-de-piedra\/\" \/>\n<meta property=\"og:site_name\" content=\"Artestar\" \/>\n<meta property=\"article:publisher\" content=\"https:\/\/www.facebook.com\/ARTESTAREU\" \/>\n<meta property=\"article:modified_time\" content=\"2023-10-18T02:10:45+00:00\" \/>\n<meta property=\"og:image\" content=\"https:\/\/www.artestar.eu\/wp-content\/uploads\/2023\/06\/natural-semi-precious-gemstone-beads-amazonite.jpg\" \/>\n\t<meta property=\"og:image:width\" content=\"600\" \/>\n\t<meta property=\"og:image:height\" content=\"600\" \/>\n\t<meta property=\"og:image:type\" content=\"image\/jpeg\" \/>\n<meta name=\"twitter:card\" content=\"summary_large_image\" \/>\n<meta name=\"twitter:label1\" content=\"Prix\" \/>\n\t<meta name=\"twitter:data1\" content=\"1,65&nbsp;&euro; (TVA NON incluse)\" \/>\n\t<meta name=\"twitter:label2\" content=\"Availability\" \/>\n\t<meta name=\"twitter:data2\" content=\"En stock\" \/>\n<script type=\"application\/ld+json\" class=\"yoast-schema-graph\">{\"@context\":\"https:\/\/schema.org\",\"@graph\":[{\"@type\":\"WebPage\",\"@id\":\"https:\/\/www.artestar.eu\/fr\/de-gros\/amazonita-irregular-cuentas-de-piedra\/\",\"url\":\"https:\/\/www.artestar.eu\/fr\/de-gros\/amazonita-irregular-cuentas-de-piedra\/\",\"name\":\"Amazonita irregular cuentas de piedra - Artestar\",\"isPartOf\":{\"@id\":\"https:\/\/www.artestar.eu\/fr\/#website\"},\"datePublished\":\"2023-06-12T01:52:58+00:00\",\"dateModified\":\"2023-10-18T02:10:45+00:00\",\"description\":\"Associ\u00e9e \u00e0 la chance, au succ\u00e8s et \u00e0 l\u2019argent, l\u2019Amazonite est gouvern\u00e9e par Uranus et li\u00e9e \u00e0 la Vierge. Calma las heridas emocionales.\",\"breadcrumb\":{\"@id\":\"https:\/\/www.artestar.eu\/fr\/de-gros\/amazonita-irregular-cuentas-de-piedra\/#breadcrumb\"},\"inLanguage\":\"fr-FR\",\"potentialAction\":[{\"@type\":\"ReadAction\",\"target\":[\"https:\/\/www.artestar.eu\/fr\/de-gros\/amazonita-irregular-cuentas-de-piedra\/\"]}]},{\"@type\":\"BreadcrumbList\",\"@id\":\"https:\/\/www.artestar.eu\/fr\/de-gros\/amazonita-irregular-cuentas-de-piedra\/#breadcrumb\",\"itemListElement\":[{\"@type\":\"ListItem\",\"position\":1,\"name\":\"Artestar\",\"item\":\"https:\/\/www.artestar.eu\/fr\/\"},{\"@type\":\"ListItem\",\"position\":2,\"name\":\"De gros\",\"item\":\"https:\/\/www.artestar.eu\/fr\/de-gros\/\"},{\"@type\":\"ListItem\",\"position\":3,\"name\":\"Amazonita irregular cuentas de piedra\"}]},{\"@type\":\"WebSite\",\"@id\":\"https:\/\/www.artestar.eu\/fr\/#website\",\"url\":\"https:\/\/www.artestar.eu\/fr\/\",\"name\":\"Artestar\",\"description\":\"Mayorista en abalorios y joyer\u00eda\",\"publisher\":{\"@id\":\"https:\/\/www.artestar.eu\/fr\/#organization\"},\"alternateName\":\"Artestar-EU\",\"potentialAction\":[{\"@type\":\"SearchAction\",\"target\":{\"@type\":\"EntryPoint\",\"urlTemplate\":\"https:\/\/www.artestar.eu\/fr\/?s={search_term_string}\"},\"query-input\":\"required name=search_term_string\"}],\"inLanguage\":\"fr-FR\"},{\"@type\":[\"Organization\",\"Place\"],\"@id\":\"https:\/\/www.artestar.eu\/fr\/#organization\",\"name\":\"RUBY ABALORIO S.L.\",\"alternateName\":\"Artestar\",\"url\":\"https:\/\/www.artestar.eu\/fr\/\",\"logo\":{\"@id\":\"https:\/\/www.artestar.eu\/fr\/de-gros\/amazonita-irregular-cuentas-de-piedra\/#local-main-organization-logo\"},\"image\":{\"@id\":\"https:\/\/www.artestar.eu\/fr\/de-gros\/amazonita-irregular-cuentas-de-piedra\/#local-main-organization-logo\"},\"sameAs\":[\"https:\/\/www.facebook.com\/ARTESTAREU\",\"https:\/\/www.instagram.com\/artestareu\/\",\"https:\/\/www.pinterest.es\/artestar_eu\/\",\"https:\/\/www.tiktok.com\/@artestar_wholesale\"],\"openingHoursSpecification\":[{\"@type\":\"OpeningHoursSpecification\",\"dayOfWeek\":[\"Monday\",\"Tuesday\",\"Wednesday\",\"Thursday\",\"Friday\",\"Saturday\",\"Sunday\"],\"opens\":\"09:00\",\"closes\":\"17:00\"}]},{\"@type\":\"ImageObject\",\"inLanguage\":\"fr-FR\",\"@id\":\"https:\/\/www.artestar.eu\/fr\/de-gros\/amazonita-irregular-cuentas-de-piedra\/#local-main-organization-logo\",\"url\":\"https:\/\/www.artestar.eu\/wp-content\/uploads\/2023\/05\/cropped-png.png\",\"contentUrl\":\"https:\/\/www.artestar.eu\/wp-content\/uploads\/2023\/05\/cropped-png.png\",\"width\":512,\"height\":512,\"caption\":\"RUBY ABALORIO S.L.\"}]}<\/script>\n<meta property=\"product:price:amount\" content=\"1.65\" \/>\n<meta property=\"product:price:currency\" content=\"EUR\" \/>\n<meta property=\"og:availability\" content=\"instock\" \/>\n<meta property=\"product:availability\" content=\"instock\" \/>\n<meta property=\"product:retailer_item_id\" content=\"BS-YZ-SX0014\" \/>\n<meta property=\"product:condition\" content=\"new\" \/>\n<!-- \/ Yoast SEO Premium plugin. -->","yoast_head_json":{"title":"Amazonita irregular cuentas de piedra - Artestar","description":"Associ\u00e9e \u00e0 la chance, au succ\u00e8s et \u00e0 l\u2019argent, l\u2019Amazonite est gouvern\u00e9e par Uranus et li\u00e9e \u00e0 la Vierge. Calma las heridas emocionales.","robots":{"index":"index","follow":"follow","max-snippet":"max-snippet:-1","max-image-preview":"max-image-preview:large","max-video-preview":"max-video-preview:-1"},"canonical":"https:\/\/www.artestar.eu\/fr\/de-gros\/amazonita-irregular-cuentas-de-piedra\/","og_locale":"fr_FR","og_type":"article","og_title":"Amazonita irregular cuentas de piedra","og_description":"Associ\u00e9e \u00e0 la chance, au succ\u00e8s et \u00e0 l\u2019argent, l\u2019Amazonite est gouvern\u00e9e par Uranus et li\u00e9e \u00e0 la Vierge. Calma las heridas emocionales.","og_url":"https:\/\/www.artestar.eu\/fr\/de-gros\/amazonita-irregular-cuentas-de-piedra\/","og_site_name":"Artestar","article_publisher":"https:\/\/www.facebook.com\/ARTESTAREU","article_modified_time":"2023-10-18T02:10:45+00:00","og_image":[{"width":600,"height":600,"url":"https:\/\/www.artestar.eu\/wp-content\/uploads\/2023\/06\/natural-semi-precious-gemstone-beads-amazonite.jpg","type":"image\/jpeg"}],"twitter_card":"summary_large_image","twitter_misc":{"Prix":"1,65&nbsp;&euro; (TVA NON incluse)","Availability":"En stock"},"schema":{"@context":"https:\/\/schema.org","@graph":[{"@type":"WebPage","@id":"https:\/\/www.artestar.eu\/fr\/de-gros\/amazonita-irregular-cuentas-de-piedra\/","url":"https:\/\/www.artestar.eu\/fr\/de-gros\/amazonita-irregular-cuentas-de-piedra\/","name":"Amazonita irregular cuentas de piedra - Artestar","isPartOf":{"@id":"https:\/\/www.artestar.eu\/fr\/#website"},"datePublished":"2023-06-12T01:52:58+00:00","dateModified":"2023-10-18T02:10:45+00:00","description":"Associ\u00e9e \u00e0 la chance, au succ\u00e8s et \u00e0 l\u2019argent, l\u2019Amazonite est gouvern\u00e9e par Uranus et li\u00e9e \u00e0 la Vierge. Calma las heridas emocionales.","breadcrumb":{"@id":"https:\/\/www.artestar.eu\/fr\/de-gros\/amazonita-irregular-cuentas-de-piedra\/#breadcrumb"},"inLanguage":"fr-FR","potentialAction":[{"@type":"ReadAction","target":["https:\/\/www.artestar.eu\/fr\/de-gros\/amazonita-irregular-cuentas-de-piedra\/"]}]},{"@type":"BreadcrumbList","@id":"https:\/\/www.artestar.eu\/fr\/de-gros\/amazonita-irregular-cuentas-de-piedra\/#breadcrumb","itemListElement":[{"@type":"ListItem","position":1,"name":"Artestar","item":"https:\/\/www.artestar.eu\/fr\/"},{"@type":"ListItem","position":2,"name":"De gros","item":"https:\/\/www.artestar.eu\/fr\/de-gros\/"},{"@type":"ListItem","position":3,"name":"Amazonita irregular cuentas de piedra"}]},{"@type":"WebSite","@id":"https:\/\/www.artestar.eu\/fr\/#website","url":"https:\/\/www.artestar.eu\/fr\/","name":"Artestar","description":"Mayorista en abalorios y joyer\u00eda","publisher":{"@id":"https:\/\/www.artestar.eu\/fr\/#organization"},"alternateName":"Artestar-EU","potentialAction":[{"@type":"SearchAction","target":{"@type":"EntryPoint","urlTemplate":"https:\/\/www.artestar.eu\/fr\/?s={search_term_string}"},"query-input":"required name=search_term_string"}],"inLanguage":"fr-FR"},{"@type":["Organization","Place"],"@id":"https:\/\/www.artestar.eu\/fr\/#organization","name":"RUBY ABALORIO S.L.","alternateName":"Artestar","url":"https:\/\/www.artestar.eu\/fr\/","logo":{"@id":"https:\/\/www.artestar.eu\/fr\/de-gros\/amazonita-irregular-cuentas-de-piedra\/#local-main-organization-logo"},"image":{"@id":"https:\/\/www.artestar.eu\/fr\/de-gros\/amazonita-irregular-cuentas-de-piedra\/#local-main-organization-logo"},"sameAs":["https:\/\/www.facebook.com\/ARTESTAREU","https:\/\/www.instagram.com\/artestareu\/","https:\/\/www.pinterest.es\/artestar_eu\/","https:\/\/www.tiktok.com\/@artestar_wholesale"],"openingHoursSpecification":[{"@type":"OpeningHoursSpecification","dayOfWeek":["Monday","Tuesday","Wednesday","Thursday","Friday","Saturday","Sunday"],"opens":"09:00","closes":"17:00"}]},{"@type":"ImageObject","inLanguage":"fr-FR","@id":"https:\/\/www.artestar.eu\/fr\/de-gros\/amazonita-irregular-cuentas-de-piedra\/#local-main-organization-logo","url":"https:\/\/www.artestar.eu\/wp-content\/uploads\/2023\/05\/cropped-png.png","contentUrl":"https:\/\/www.artestar.eu\/wp-content\/uploads\/2023\/05\/cropped-png.png","width":512,"height":512,"caption":"RUBY ABALORIO S.L."}]},"product_price_amount":"1.65","product_price_currency":"EUR","og_availability":"instock","product_availability":"instock","product_retailer_item_id":"BS-YZ-SX0014","product_condition":"new"},"tiered_pricing_type":"percentage","tiered_pricing_fixed_rules":{"10":"10"},"tiered_pricing_percentage_rules":[],"tiered_pricing_minimum":null,"_administrator_tiered_pricing_type":"fixed","_administrator_tiered_pricing_fixed_rules":[],"_editor_tiered_pricing_type":"fixed","_editor_tiered_pricing_fixed_rules":[],"_author_tiered_pricing_type":"fixed","_author_tiered_pricing_fixed_rules":[],"_contributor_tiered_pricing_type":"fixed","_contributor_tiered_pricing_fixed_rules":[],"_subscriber_tiered_pricing_type":"fixed","_subscriber_tiered_pricing_fixed_rules":[],"_wpseo_manager_tiered_pricing_type":"fixed","_wpseo_manager_tiered_pricing_fixed_rules":[],"_wpseo_editor_tiered_pricing_type":"fixed","_wpseo_editor_tiered_pricing_fixed_rules":[],"_customer_tiered_pricing_type":"fixed","_customer_tiered_pricing_fixed_rules":[],"_shop_manager_tiered_pricing_type":"fixed","_shop_manager_tiered_pricing_fixed_rules":[],"_product_manager_tiered_pricing_type":"fixed","_product_manager_tiered_pricing_fixed_rules":[],"_links":{"self":[{"href":"https:\/\/www.artestar.eu\/fr\/wp-json\/wp\/v2\/product\/26005"}],"collection":[{"href":"https:\/\/www.artestar.eu\/fr\/wp-json\/wp\/v2\/product"}],"about":[{"href":"https:\/\/www.artestar.eu\/fr\/wp-json\/wp\/v2\/types\/product"}],"replies":[{"embeddable":true,"href":"https:\/\/www.artestar.eu\/fr\/wp-json\/wp\/v2\/comments?post=26005"}],"version-history":[{"count":1,"href":"https:\/\/www.artestar.eu\/fr\/wp-json\/wp\/v2\/product\/26005\/revisions"}],"predecessor-version":[{"id":36800,"href":"https:\/\/www.artestar.eu\/fr\/wp-json\/wp\/v2\/product\/26005\/revisions\/36800"}],"wp:featuredmedia":[{"embeddable":true,"href":"https:\/\/www.artestar.eu\/fr\/wp-json\/wp\/v2\/media\/14499"}],"wp:attachment":[{"href":"https:\/\/www.artestar.eu\/fr\/wp-json\/wp\/v2\/media?parent=26005"}],"wp:term":[{"taxonomy":"product_cat","embeddable":true,"href":"https:\/\/www.artestar.eu\/fr\/wp-json\/wp\/v2\/product_cat?post=26005"},{"taxonomy":"product_tag","embeddable":true,"href":"https:\/\/www.artestar.eu\/fr\/wp-json\/wp\/v2\/product_tag?post=26005"}],"curies":[{"name":"wp","href":"https:\/\/api.w.org\/{rel}","templated":true}]}}