{"id":26050,"date":"2023-06-09T08:24:32","date_gmt":"2023-06-09T08:24:32","guid":{"rendered":"https:\/\/www.artestar.eu\/al-por-mayor\/cuentas-de-conchas-de-paua-rectangulo\/"},"modified":"2023-10-20T02:21:07","modified_gmt":"2023-10-20T02:21:07","slug":"rectangle-coquillage-perles","status":"publish","type":"product","link":"https:\/\/www.artestar.eu\/fr\/de-gros\/rectangle-coquillage-perles\/","title":{"rendered":"Perles de coquillage paua rectangle"},"content":{"rendered":"<p>Les perles de coquillage paua rectangulaires sont un classique. Des designs uniques peuvent rendre vos cr\u00e9ations uniques et accrocheuses. Et parce que les perles de coquille d\u2019ormeau ont une surface lisse et textur\u00e9e pour un confort de port accru.<\/p>\n<h5>Caract\u00e9ristiques<\/h5>\n<ul>\n<li>Taille&nbsp;: Parce que les perles de coquillage paua rectangulaires sont disponibles dans une vari\u00e9t\u00e9 de tailles. 8 x 12 mm, 10 x 14 mm, 12 x 16 mm. De quoi r\u00e9pondre \u00e0 vos diff\u00e9rents besoins.<\/li>\n<li>Parce que les perles de coquillage avec des trous pour un enfilage facile. Parfait pour les perles, colliers, bracelets, boucles d\u2019oreilles et autres conceptions de bijoux fantaisie&nbsp;; \u00c9galement pour les cadeaux de bricolage, l\u2019artisanat, la d\u00e9coration int\u00e9rieure et les mariages, etc.<\/li>\n<li>Utilisez ces perles de coquillage paua uniques pour faire des cadeaux uniques \u00e0 vos amis et \u00e0 votre famille et exprimer les meilleurs et les plus chaleureux v\u0153ux pour les anniversaires, les anniversaires, No\u00ebl, la f\u00eate des m\u00e8res et la Saint-Valentin.<\/li>\n<li>Parce que le dessin de chaque perle est unique, ce qui en fait un \u00e9l\u00e9ment sp\u00e9cial du bijou.<\/li>\n<li>Cach\u00e9e \u00e0 l\u2019int\u00e9rieur des coquilles d\u2019ormeaux se trouve une gamme de couleurs iris\u00e9es. Des bleus froids, des verts marine et des violets profonds aux jaunes et roses doux en passant par les ors et les argents chatoyants.<\/li>\n<li>En effet, en plus de leurs couleurs accrocheuses, ils pr\u00e9sentent un motif de bande fascinant qui rappelle la mer, ce qui les rend id\u00e9aux pour les cr\u00e9ations sur le th\u00e8me de la mer.<\/li>\n<li>Les perles de coquillage Paua sont un sous-produit naturel qui peut \u00eatre travaill\u00e9. Parce qu\u2019ils sont faciles \u00e0 couper et \u00e0 fa\u00e7onner, ils peuvent \u00eatre cr\u00e9\u00e9s dans une vari\u00e9t\u00e9 de beaux produits, et nous avons une vari\u00e9t\u00e9 de formes caract\u00e9ristiques parmi lesquelles choisir.<\/li>\n<\/ul>\n<p><img decoding=\"async\" class=\"alignnone size-full wp-image-5901\" src=\"https:\/\/www.artestar.eu%E2%80%8B%E2%80%8B%E2%80%8B%E2%80%8B\/wp-content\/uploads\/2023\/06\/Rectangle-paua-shell-beads-01-1.jpg\" alt=\"Perles de coquillage paua rectangle\" width=\"600\" height=\"600\" srcset=\"https:\/\/www.artestar.eu\/wp-content\/uploads\/2023\/06\/Rectangle-paua-shell-beads-01-1.jpg 600w, https:\/\/www.artestar.eu\/wp-content\/uploads\/2023\/06\/Rectangle-paua-shell-beads-01-1-300x300.jpg 300w, https:\/\/www.artestar.eu\/wp-content\/uploads\/2023\/06\/Rectangle-paua-shell-beads-01-1-150x150.jpg 150w, https:\/\/www.artestar.eu\/wp-content\/uploads\/2023\/06\/Rectangle-paua-shell-beads-01-1-450x450.jpg 450w, https:\/\/www.artestar.eu\/wp-content\/uploads\/2023\/06\/Rectangle-paua-shell-beads-01-1-54x54.jpg 54w\" sizes=\"(max-width: 600px) 100vw, 600px\" \/><\/p>\n<h6>Avertissement:<\/h6>\n<ul>\n<li>En raison des diff\u00e9rents dispositifs d\u2019affichage, de l\u00e9gers \u00e9carts de couleur sont autoris\u00e9s.<\/li>\n<li>Les enfants de moins de trois ans doivent \u00e9viter tout contact avec le produit en raison du risque d\u2019\u00e9touffement.<\/li>\n<\/ul>\n","protected":false},"excerpt":{"rendered":"<ul>\n<li>8 x 12 mm : env. 33 pi\u00e8ces.<\/li>\n<li>10 x14 mm : env. 28 pi\u00e8ces.<\/li>\n<li>12 x16 mm : aprox. 25pcs.<\/li>\n<li>Couleurs uniques de l\u2019arc-en-ciel<\/li>\n<li>Utilis\u00e9 pour fabriquer des colliers, bracelets et autres bijoux<\/li>\n<\/ul>\n","protected":false},"featured_media":14259,"comment_status":"open","ping_status":"closed","template":"","meta":[],"product_cat":[1685,1489,1686],"product_tag":[],"yoast_head":"<!-- This site is optimized with the Yoast SEO Premium plugin v20.5 (Yoast SEO v21.5) - https:\/\/yoast.com\/wordpress\/plugins\/seo\/ -->\n<title>Paua coquillage perles rectangle - Artestar<\/title>\n<meta name=\"description\" content=\"Les perles de coquillage Paua sont un sous-produit naturel qui peut \u00eatre travaill\u00e9. Ils pr\u00e9sentent un motif de bande fascinant qui rappelle la mer.\" \/>\n<meta name=\"robots\" content=\"index, follow, max-snippet:-1, max-image-preview:large, max-video-preview:-1\" \/>\n<link rel=\"canonical\" href=\"https:\/\/www.artestar.eu\/fr\/de-gros\/rectangle-coquillage-perles\/\" \/>\n<meta property=\"og:locale\" content=\"fr_FR\" \/>\n<meta property=\"og:type\" content=\"article\" \/>\n<meta property=\"og:title\" content=\"Perles de coquillage paua rectangle\" \/>\n<meta property=\"og:description\" content=\"Les perles de coquillage Paua sont un sous-produit naturel qui peut \u00eatre travaill\u00e9. Ils pr\u00e9sentent un motif de bande fascinant qui rappelle la mer.\" \/>\n<meta property=\"og:url\" content=\"https:\/\/www.artestar.eu\/fr\/de-gros\/rectangle-coquillage-perles\/\" \/>\n<meta property=\"og:site_name\" content=\"Artestar\" \/>\n<meta property=\"article:publisher\" content=\"https:\/\/www.facebook.com\/ARTESTAREU\" \/>\n<meta property=\"article:modified_time\" content=\"2023-10-20T02:21:07+00:00\" \/>\n<meta property=\"og:image\" content=\"https:\/\/www.artestar.eu\/wp-content\/uploads\/2023\/06\/Rectangle-paua-shell-beads.jpg\" \/>\n\t<meta property=\"og:image:width\" content=\"600\" \/>\n\t<meta property=\"og:image:height\" content=\"600\" \/>\n\t<meta property=\"og:image:type\" content=\"image\/jpeg\" \/>\n<meta name=\"twitter:card\" content=\"summary_large_image\" \/>\n<meta name=\"twitter:label1\" content=\"Availability\" \/>\n\t<meta name=\"twitter:data1\" content=\"En stock\" \/>\n<script type=\"application\/ld+json\" class=\"yoast-schema-graph\">{\"@context\":\"https:\/\/schema.org\",\"@graph\":[{\"@type\":\"WebPage\",\"@id\":\"https:\/\/www.artestar.eu\/fr\/de-gros\/rectangle-coquillage-perles\/\",\"url\":\"https:\/\/www.artestar.eu\/fr\/de-gros\/rectangle-coquillage-perles\/\",\"name\":\"Paua coquillage perles rectangle - Artestar\",\"isPartOf\":{\"@id\":\"https:\/\/www.artestar.eu\/fr\/#website\"},\"datePublished\":\"2023-06-09T08:24:32+00:00\",\"dateModified\":\"2023-10-20T02:21:07+00:00\",\"description\":\"Les perles de coquillage Paua sont un sous-produit naturel qui peut \u00eatre travaill\u00e9. Ils pr\u00e9sentent un motif de bande fascinant qui rappelle la mer.\",\"breadcrumb\":{\"@id\":\"https:\/\/www.artestar.eu\/fr\/de-gros\/rectangle-coquillage-perles\/#breadcrumb\"},\"inLanguage\":\"fr-FR\",\"potentialAction\":[{\"@type\":\"ReadAction\",\"target\":[\"https:\/\/www.artestar.eu\/fr\/de-gros\/rectangle-coquillage-perles\/\"]}]},{\"@type\":\"BreadcrumbList\",\"@id\":\"https:\/\/www.artestar.eu\/fr\/de-gros\/rectangle-coquillage-perles\/#breadcrumb\",\"itemListElement\":[{\"@type\":\"ListItem\",\"position\":1,\"name\":\"Artestar\",\"item\":\"https:\/\/www.artestar.eu\/fr\/\"},{\"@type\":\"ListItem\",\"position\":2,\"name\":\"De gros\",\"item\":\"https:\/\/www.artestar.eu\/fr\/de-gros\/\"},{\"@type\":\"ListItem\",\"position\":3,\"name\":\"Perles de coquillage paua rectangle\"}]},{\"@type\":\"WebSite\",\"@id\":\"https:\/\/www.artestar.eu\/fr\/#website\",\"url\":\"https:\/\/www.artestar.eu\/fr\/\",\"name\":\"Artestar\",\"description\":\"Mayorista en abalorios y joyer\u00eda\",\"publisher\":{\"@id\":\"https:\/\/www.artestar.eu\/fr\/#organization\"},\"alternateName\":\"Artestar-EU\",\"potentialAction\":[{\"@type\":\"SearchAction\",\"target\":{\"@type\":\"EntryPoint\",\"urlTemplate\":\"https:\/\/www.artestar.eu\/fr\/?s={search_term_string}\"},\"query-input\":\"required name=search_term_string\"}],\"inLanguage\":\"fr-FR\"},{\"@type\":[\"Organization\",\"Place\"],\"@id\":\"https:\/\/www.artestar.eu\/fr\/#organization\",\"name\":\"RUBY ABALORIO S.L.\",\"alternateName\":\"Artestar\",\"url\":\"https:\/\/www.artestar.eu\/fr\/\",\"logo\":{\"@id\":\"https:\/\/www.artestar.eu\/fr\/de-gros\/rectangle-coquillage-perles\/#local-main-organization-logo\"},\"image\":{\"@id\":\"https:\/\/www.artestar.eu\/fr\/de-gros\/rectangle-coquillage-perles\/#local-main-organization-logo\"},\"sameAs\":[\"https:\/\/www.facebook.com\/ARTESTAREU\",\"https:\/\/www.instagram.com\/artestareu\/\",\"https:\/\/www.pinterest.es\/artestar_eu\/\",\"https:\/\/www.tiktok.com\/@artestar_wholesale\"],\"openingHoursSpecification\":[{\"@type\":\"OpeningHoursSpecification\",\"dayOfWeek\":[\"Monday\",\"Tuesday\",\"Wednesday\",\"Thursday\",\"Friday\",\"Saturday\",\"Sunday\"],\"opens\":\"09:00\",\"closes\":\"17:00\"}]},{\"@type\":\"ImageObject\",\"inLanguage\":\"fr-FR\",\"@id\":\"https:\/\/www.artestar.eu\/fr\/de-gros\/rectangle-coquillage-perles\/#local-main-organization-logo\",\"url\":\"https:\/\/www.artestar.eu\/wp-content\/uploads\/2023\/05\/cropped-png.png\",\"contentUrl\":\"https:\/\/www.artestar.eu\/wp-content\/uploads\/2023\/05\/cropped-png.png\",\"width\":512,\"height\":512,\"caption\":\"RUBY ABALORIO S.L.\"}]}<\/script>\n<meta property=\"og:availability\" content=\"instock\" \/>\n<meta property=\"product:availability\" content=\"instock\" \/>\n<meta property=\"product:retailer_item_id\" content=\"BK-BY-FX0004-0006\" \/>\n<meta property=\"product:condition\" content=\"new\" \/>\n<!-- \/ Yoast SEO Premium plugin. -->","yoast_head_json":{"title":"Paua coquillage perles rectangle - Artestar","description":"Les perles de coquillage Paua sont un sous-produit naturel qui peut \u00eatre travaill\u00e9. Ils pr\u00e9sentent un motif de bande fascinant qui rappelle la mer.","robots":{"index":"index","follow":"follow","max-snippet":"max-snippet:-1","max-image-preview":"max-image-preview:large","max-video-preview":"max-video-preview:-1"},"canonical":"https:\/\/www.artestar.eu\/fr\/de-gros\/rectangle-coquillage-perles\/","og_locale":"fr_FR","og_type":"article","og_title":"Perles de coquillage paua rectangle","og_description":"Les perles de coquillage Paua sont un sous-produit naturel qui peut \u00eatre travaill\u00e9. Ils pr\u00e9sentent un motif de bande fascinant qui rappelle la mer.","og_url":"https:\/\/www.artestar.eu\/fr\/de-gros\/rectangle-coquillage-perles\/","og_site_name":"Artestar","article_publisher":"https:\/\/www.facebook.com\/ARTESTAREU","article_modified_time":"2023-10-20T02:21:07+00:00","og_image":[{"width":600,"height":600,"url":"https:\/\/www.artestar.eu\/wp-content\/uploads\/2023\/06\/Rectangle-paua-shell-beads.jpg","type":"image\/jpeg"}],"twitter_card":"summary_large_image","twitter_misc":{"Availability":"En stock"},"schema":{"@context":"https:\/\/schema.org","@graph":[{"@type":"WebPage","@id":"https:\/\/www.artestar.eu\/fr\/de-gros\/rectangle-coquillage-perles\/","url":"https:\/\/www.artestar.eu\/fr\/de-gros\/rectangle-coquillage-perles\/","name":"Paua coquillage perles rectangle - Artestar","isPartOf":{"@id":"https:\/\/www.artestar.eu\/fr\/#website"},"datePublished":"2023-06-09T08:24:32+00:00","dateModified":"2023-10-20T02:21:07+00:00","description":"Les perles de coquillage Paua sont un sous-produit naturel qui peut \u00eatre travaill\u00e9. Ils pr\u00e9sentent un motif de bande fascinant qui rappelle la mer.","breadcrumb":{"@id":"https:\/\/www.artestar.eu\/fr\/de-gros\/rectangle-coquillage-perles\/#breadcrumb"},"inLanguage":"fr-FR","potentialAction":[{"@type":"ReadAction","target":["https:\/\/www.artestar.eu\/fr\/de-gros\/rectangle-coquillage-perles\/"]}]},{"@type":"BreadcrumbList","@id":"https:\/\/www.artestar.eu\/fr\/de-gros\/rectangle-coquillage-perles\/#breadcrumb","itemListElement":[{"@type":"ListItem","position":1,"name":"Artestar","item":"https:\/\/www.artestar.eu\/fr\/"},{"@type":"ListItem","position":2,"name":"De gros","item":"https:\/\/www.artestar.eu\/fr\/de-gros\/"},{"@type":"ListItem","position":3,"name":"Perles de coquillage paua rectangle"}]},{"@type":"WebSite","@id":"https:\/\/www.artestar.eu\/fr\/#website","url":"https:\/\/www.artestar.eu\/fr\/","name":"Artestar","description":"Mayorista en abalorios y joyer\u00eda","publisher":{"@id":"https:\/\/www.artestar.eu\/fr\/#organization"},"alternateName":"Artestar-EU","potentialAction":[{"@type":"SearchAction","target":{"@type":"EntryPoint","urlTemplate":"https:\/\/www.artestar.eu\/fr\/?s={search_term_string}"},"query-input":"required name=search_term_string"}],"inLanguage":"fr-FR"},{"@type":["Organization","Place"],"@id":"https:\/\/www.artestar.eu\/fr\/#organization","name":"RUBY ABALORIO S.L.","alternateName":"Artestar","url":"https:\/\/www.artestar.eu\/fr\/","logo":{"@id":"https:\/\/www.artestar.eu\/fr\/de-gros\/rectangle-coquillage-perles\/#local-main-organization-logo"},"image":{"@id":"https:\/\/www.artestar.eu\/fr\/de-gros\/rectangle-coquillage-perles\/#local-main-organization-logo"},"sameAs":["https:\/\/www.facebook.com\/ARTESTAREU","https:\/\/www.instagram.com\/artestareu\/","https:\/\/www.pinterest.es\/artestar_eu\/","https:\/\/www.tiktok.com\/@artestar_wholesale"],"openingHoursSpecification":[{"@type":"OpeningHoursSpecification","dayOfWeek":["Monday","Tuesday","Wednesday","Thursday","Friday","Saturday","Sunday"],"opens":"09:00","closes":"17:00"}]},{"@type":"ImageObject","inLanguage":"fr-FR","@id":"https:\/\/www.artestar.eu\/fr\/de-gros\/rectangle-coquillage-perles\/#local-main-organization-logo","url":"https:\/\/www.artestar.eu\/wp-content\/uploads\/2023\/05\/cropped-png.png","contentUrl":"https:\/\/www.artestar.eu\/wp-content\/uploads\/2023\/05\/cropped-png.png","width":512,"height":512,"caption":"RUBY ABALORIO S.L."}]},"og_availability":"instock","product_availability":"instock","product_retailer_item_id":"BK-BY-FX0004-0006","product_condition":"new"},"tiered_pricing_type":"fixed","tiered_pricing_fixed_rules":[],"tiered_pricing_percentage_rules":[],"tiered_pricing_minimum":null,"_administrator_tiered_pricing_type":"fixed","_administrator_tiered_pricing_fixed_rules":[],"_editor_tiered_pricing_type":"fixed","_editor_tiered_pricing_fixed_rules":[],"_author_tiered_pricing_type":"fixed","_author_tiered_pricing_fixed_rules":[],"_contributor_tiered_pricing_type":"fixed","_contributor_tiered_pricing_fixed_rules":[],"_subscriber_tiered_pricing_type":"fixed","_subscriber_tiered_pricing_fixed_rules":[],"_wpseo_manager_tiered_pricing_type":"fixed","_wpseo_manager_tiered_pricing_fixed_rules":[],"_wpseo_editor_tiered_pricing_type":"fixed","_wpseo_editor_tiered_pricing_fixed_rules":[],"_customer_tiered_pricing_type":"fixed","_customer_tiered_pricing_fixed_rules":[],"_shop_manager_tiered_pricing_type":"fixed","_shop_manager_tiered_pricing_fixed_rules":[],"_product_manager_tiered_pricing_type":"fixed","_product_manager_tiered_pricing_fixed_rules":[],"_links":{"self":[{"href":"https:\/\/www.artestar.eu\/fr\/wp-json\/wp\/v2\/product\/26050"}],"collection":[{"href":"https:\/\/www.artestar.eu\/fr\/wp-json\/wp\/v2\/product"}],"about":[{"href":"https:\/\/www.artestar.eu\/fr\/wp-json\/wp\/v2\/types\/product"}],"replies":[{"embeddable":true,"href":"https:\/\/www.artestar.eu\/fr\/wp-json\/wp\/v2\/comments?post=26050"}],"version-history":[{"count":2,"href":"https:\/\/www.artestar.eu\/fr\/wp-json\/wp\/v2\/product\/26050\/revisions"}],"predecessor-version":[{"id":36943,"href":"https:\/\/www.artestar.eu\/fr\/wp-json\/wp\/v2\/product\/26050\/revisions\/36943"}],"wp:featuredmedia":[{"embeddable":true,"href":"https:\/\/www.artestar.eu\/fr\/wp-json\/wp\/v2\/media\/14259"}],"wp:attachment":[{"href":"https:\/\/www.artestar.eu\/fr\/wp-json\/wp\/v2\/media?parent=26050"}],"wp:term":[{"taxonomy":"product_cat","embeddable":true,"href":"https:\/\/www.artestar.eu\/fr\/wp-json\/wp\/v2\/product_cat?post=26050"},{"taxonomy":"product_tag","embeddable":true,"href":"https:\/\/www.artestar.eu\/fr\/wp-json\/wp\/v2\/product_tag?post=26050"}],"curies":[{"name":"wp","href":"https:\/\/api.w.org\/{rel}","templated":true}]}}