{"id":26246,"date":"2023-08-03T01:19:58","date_gmt":"2023-08-03T01:19:58","guid":{"rendered":"https:\/\/www.artestar.eu\/al-por-mayor\/cuarzo-de-pelo-purpura-colgante-de-piedra-en-bruto\/"},"modified":"2023-09-20T03:32:19","modified_gmt":"2023-09-20T03:32:19","slug":"quartz-cheveux-violet-pendentif-pierre-en-brut","status":"publish","type":"product","link":"https:\/\/www.artestar.eu\/fr\/de-gros\/quartz-cheveux-violet-pendentif-pierre-en-brut\/","title":{"rendered":"Cheveux violets quartz pierre brute suspendue"},"content":{"rendered":"<p>Pendentif en pierre brute en quartz aux cheveux violets: Chaque pendentif est fait de pierres semi-pr\u00e9cieuses naturelles brutes qui conservent leur forme, leur texture et leur couleur uniques. Mettant en valeur le charme fascinant des pierres pr\u00e9cieuses naturelles non trait\u00e9es.<\/p>\n<ul>\n<li>Design polyvalent: Avec son design simple mais accrocheur, ce pendentif en pierre naturelle est l\u2019accessoire id\u00e9al pour toutes les occasions. Des tons neutres et naturels vous permettent de le porter avec des tenues d\u00e9contract\u00e9es et formelles, ajoutant une touche de sophistication \u00e0 votre style.<\/li>\n<li>\u00c9nergie et gu\u00e9rison: Les pierres semi-pr\u00e9cieuses naturelles sont connues pour leurs propri\u00e9t\u00e9s m\u00e9taphysiques et leurs \u00e9nergies uniques. Le port de ce pendentif est cens\u00e9 encourager la positivit\u00e9, l\u2019\u00e9quilibre et la protection, vous permettant de transporter le pouvoir de la nature avec vous partout o\u00f9 vous allez.<\/li>\n<li>Charme: Con\u00e7u avec un attrait universel, ce pendentif est le cadeau parfait pour tous ceux qui recherchent une connexion avec la nature ou souhaitent embrasser l\u2019individualit\u00e9.<\/li>\n<li>Embrassez la beaut\u00e9 naturelle et l\u2019\u00e9nergie ancienne des pierres pr\u00e9cieuses avec notre pendentif en pierre naturelle brute. Vous pouvez le porter comme un bijou unique ou le combiner avec d\u2019autres colliers pour obtenir un look personnalis\u00e9. Que vous soyez un amoureux de la nature, un passionn\u00e9 de cristal ou quelqu\u2019un qui cherche \u00e0 ajouter un \u00e9l\u00e9ment unique \u00e0 votre collection de bijoux, ce pendentif est l\u2019incarnation parfaite de l\u2019\u00e9l\u00e9gance. Poss\u00e9dez une \u0153uvre d\u2019art de la nature et faites-en une partie int\u00e9grante du voyage de votre vie.<\/li>\n<\/ul>\n<p><img decoding=\"async\" class=\"alignnone size-full wp-image-9519\" src=\"https:\/\/www.artestar.eu%E2%80%8B%E2%80%8B%E2%80%8B%E2%80%8B\/wp-content\/uploads\/2023\/07\/natural-semi-precious-gemstone-pendants-rough-raw-03.jpg\" alt=\"Pendentif en pierre brute\" width=\"600\" height=\"600\" srcset=\"https:\/\/www.artestar.eu\/wp-content\/uploads\/2023\/07\/natural-semi-precious-gemstone-pendants-rough-raw-03.jpg 600w, https:\/\/www.artestar.eu\/wp-content\/uploads\/2023\/07\/natural-semi-precious-gemstone-pendants-rough-raw-03-300x300.jpg 300w, https:\/\/www.artestar.eu\/wp-content\/uploads\/2023\/07\/natural-semi-precious-gemstone-pendants-rough-raw-03-150x150.jpg 150w, https:\/\/www.artestar.eu\/wp-content\/uploads\/2023\/07\/natural-semi-precious-gemstone-pendants-rough-raw-03-450x450.jpg 450w, https:\/\/www.artestar.eu\/wp-content\/uploads\/2023\/07\/natural-semi-precious-gemstone-pendants-rough-raw-03-54x54.jpg 54w\" sizes=\"(max-width: 600px) 100vw, 600px\" \/><\/p>\n<h5>Cheveux violets quartz pierre brute suspendue<\/h5>\n<ul>\n<li>Attention : En raison des diff\u00e9rences de moniteurs et de r\u00e9solution, les couleurs de l\u2019image peuvent diff\u00e9rer l\u00e9g\u00e8rement des couleurs r\u00e9elles.<\/li>\n<li>Les perles de pierre doivent \u00eatre prot\u00e9g\u00e9es de la lumi\u00e8re intense du soleil pour \u00e9viter d\u2019endommager la texture et la couleur de la pierre.<\/li>\n<\/ul>\n","protected":false},"excerpt":{"rendered":"<ul>\n<li>Quantit\u00e9: 1pcs.<\/li>\n<li>Taille: env. 22 ~ 34 x 20 ~ 24 x 11 ~ 16mm, trou: env. \u2205 2 mm<\/li>\n<li>Parce qu\u2019il s\u2019agit d\u2019une pierre naturelle, les formes et les tailles peuvent varier. Les dimensions sont fournies \u00e0 titre indicatif uniquement.<\/li>\n<\/ul>\n","protected":false},"featured_media":23159,"comment_status":"open","ping_status":"closed","template":"","meta":[],"product_cat":[1041,1042],"product_tag":[],"yoast_head":"<!-- This site is optimized with the Yoast SEO Premium plugin v20.5 (Yoast SEO v21.5) - https:\/\/yoast.com\/wordpress\/plugins\/seo\/ -->\n<title>Cheveux violets quartz pierre brute suspendue - Artestar<\/title>\n<meta name=\"description\" content=\"Nos pendentifs en pierre brute pr\u00e9cieuse sont disponibles dans une grande vari\u00e9t\u00e9 et sont tr\u00e8s s\u00e9lectifs. Indispensable pour l\u2019\u00e9t\u00e9.\" \/>\n<meta name=\"robots\" content=\"index, follow, max-snippet:-1, max-image-preview:large, max-video-preview:-1\" \/>\n<link rel=\"canonical\" href=\"https:\/\/www.artestar.eu\/fr\/de-gros\/quartz-cheveux-violet-pendentif-pierre-en-brut\/\" \/>\n<meta property=\"og:locale\" content=\"fr_FR\" \/>\n<meta property=\"og:type\" content=\"article\" \/>\n<meta property=\"og:title\" content=\"Cheveux violets quartz pierre brute suspendue\" \/>\n<meta property=\"og:description\" content=\"Nos pendentifs en pierre brute pr\u00e9cieuse sont disponibles dans une grande vari\u00e9t\u00e9 et sont tr\u00e8s s\u00e9lectifs. Indispensable pour l\u2019\u00e9t\u00e9.\" \/>\n<meta property=\"og:url\" content=\"https:\/\/www.artestar.eu\/fr\/de-gros\/quartz-cheveux-violet-pendentif-pierre-en-brut\/\" \/>\n<meta property=\"og:site_name\" content=\"Artestar\" \/>\n<meta property=\"article:publisher\" content=\"https:\/\/www.facebook.com\/ARTESTAREU\" \/>\n<meta property=\"article:modified_time\" content=\"2023-09-20T03:32:19+00:00\" \/>\n<meta property=\"og:image\" content=\"https:\/\/www.artestar.eu\/wp-content\/uploads\/2023\/07\/natural-semi-precious-gemstone-pendants-rough-raw-purple-hair-quartz.jpg\" \/>\n\t<meta property=\"og:image:width\" content=\"600\" \/>\n\t<meta property=\"og:image:height\" content=\"600\" \/>\n\t<meta property=\"og:image:type\" content=\"image\/jpeg\" \/>\n<meta name=\"twitter:card\" content=\"summary_large_image\" \/>\n<meta name=\"twitter:label1\" content=\"Prix\" \/>\n\t<meta name=\"twitter:data1\" content=\"0,25&nbsp;&euro; (TVA NON incluse)\" \/>\n\t<meta name=\"twitter:label2\" content=\"Availability\" \/>\n\t<meta name=\"twitter:data2\" content=\"En stock\" \/>\n<script type=\"application\/ld+json\" class=\"yoast-schema-graph\">{\"@context\":\"https:\/\/schema.org\",\"@graph\":[{\"@type\":\"WebPage\",\"@id\":\"https:\/\/www.artestar.eu\/fr\/de-gros\/quartz-cheveux-violet-pendentif-pierre-en-brut\/\",\"url\":\"https:\/\/www.artestar.eu\/fr\/de-gros\/quartz-cheveux-violet-pendentif-pierre-en-brut\/\",\"name\":\"Cheveux violets quartz pierre brute suspendue - Artestar\",\"isPartOf\":{\"@id\":\"https:\/\/www.artestar.eu\/fr\/#website\"},\"datePublished\":\"2023-08-03T01:19:58+00:00\",\"dateModified\":\"2023-09-20T03:32:19+00:00\",\"description\":\"Nos pendentifs en pierre brute pr\u00e9cieuse sont disponibles dans une grande vari\u00e9t\u00e9 et sont tr\u00e8s s\u00e9lectifs. Indispensable pour l\u2019\u00e9t\u00e9.\",\"breadcrumb\":{\"@id\":\"https:\/\/www.artestar.eu\/fr\/de-gros\/quartz-cheveux-violet-pendentif-pierre-en-brut\/#breadcrumb\"},\"inLanguage\":\"fr-FR\",\"potentialAction\":[{\"@type\":\"ReadAction\",\"target\":[\"https:\/\/www.artestar.eu\/fr\/de-gros\/quartz-cheveux-violet-pendentif-pierre-en-brut\/\"]}]},{\"@type\":\"BreadcrumbList\",\"@id\":\"https:\/\/www.artestar.eu\/fr\/de-gros\/quartz-cheveux-violet-pendentif-pierre-en-brut\/#breadcrumb\",\"itemListElement\":[{\"@type\":\"ListItem\",\"position\":1,\"name\":\"Artestar\",\"item\":\"https:\/\/www.artestar.eu\/fr\/\"},{\"@type\":\"ListItem\",\"position\":2,\"name\":\"De gros\",\"item\":\"https:\/\/www.artestar.eu\/fr\/de-gros\/\"},{\"@type\":\"ListItem\",\"position\":3,\"name\":\"Cheveux violets quartz pierre brute suspendue\"}]},{\"@type\":\"WebSite\",\"@id\":\"https:\/\/www.artestar.eu\/fr\/#website\",\"url\":\"https:\/\/www.artestar.eu\/fr\/\",\"name\":\"Artestar\",\"description\":\"Mayorista en abalorios y joyer\u00eda\",\"publisher\":{\"@id\":\"https:\/\/www.artestar.eu\/fr\/#organization\"},\"alternateName\":\"Artestar-EU\",\"potentialAction\":[{\"@type\":\"SearchAction\",\"target\":{\"@type\":\"EntryPoint\",\"urlTemplate\":\"https:\/\/www.artestar.eu\/fr\/?s={search_term_string}\"},\"query-input\":\"required name=search_term_string\"}],\"inLanguage\":\"fr-FR\"},{\"@type\":[\"Organization\",\"Place\"],\"@id\":\"https:\/\/www.artestar.eu\/fr\/#organization\",\"name\":\"RUBY ABALORIO S.L.\",\"alternateName\":\"Artestar\",\"url\":\"https:\/\/www.artestar.eu\/fr\/\",\"logo\":{\"@id\":\"https:\/\/www.artestar.eu\/fr\/de-gros\/quartz-cheveux-violet-pendentif-pierre-en-brut\/#local-main-organization-logo\"},\"image\":{\"@id\":\"https:\/\/www.artestar.eu\/fr\/de-gros\/quartz-cheveux-violet-pendentif-pierre-en-brut\/#local-main-organization-logo\"},\"sameAs\":[\"https:\/\/www.facebook.com\/ARTESTAREU\",\"https:\/\/www.instagram.com\/artestareu\/\",\"https:\/\/www.pinterest.es\/artestar_eu\/\",\"https:\/\/www.tiktok.com\/@artestar_wholesale\"],\"openingHoursSpecification\":[{\"@type\":\"OpeningHoursSpecification\",\"dayOfWeek\":[\"Monday\",\"Tuesday\",\"Wednesday\",\"Thursday\",\"Friday\",\"Saturday\",\"Sunday\"],\"opens\":\"09:00\",\"closes\":\"17:00\"}]},{\"@type\":\"ImageObject\",\"inLanguage\":\"fr-FR\",\"@id\":\"https:\/\/www.artestar.eu\/fr\/de-gros\/quartz-cheveux-violet-pendentif-pierre-en-brut\/#local-main-organization-logo\",\"url\":\"https:\/\/www.artestar.eu\/wp-content\/uploads\/2023\/05\/cropped-png.png\",\"contentUrl\":\"https:\/\/www.artestar.eu\/wp-content\/uploads\/2023\/05\/cropped-png.png\",\"width\":512,\"height\":512,\"caption\":\"RUBY ABALORIO S.L.\"}]}<\/script>\n<meta property=\"product:price:amount\" content=\"0.25\" \/>\n<meta property=\"product:price:currency\" content=\"EUR\" \/>\n<meta property=\"og:availability\" content=\"instock\" \/>\n<meta property=\"product:availability\" content=\"instock\" \/>\n<meta property=\"product:retailer_item_id\" content=\"BS-GZ-M0022\" \/>\n<meta property=\"product:condition\" content=\"new\" \/>\n<!-- \/ Yoast SEO Premium plugin. -->","yoast_head_json":{"title":"Cheveux violets quartz pierre brute suspendue - Artestar","description":"Nos pendentifs en pierre brute pr\u00e9cieuse sont disponibles dans une grande vari\u00e9t\u00e9 et sont tr\u00e8s s\u00e9lectifs. Indispensable pour l\u2019\u00e9t\u00e9.","robots":{"index":"index","follow":"follow","max-snippet":"max-snippet:-1","max-image-preview":"max-image-preview:large","max-video-preview":"max-video-preview:-1"},"canonical":"https:\/\/www.artestar.eu\/fr\/de-gros\/quartz-cheveux-violet-pendentif-pierre-en-brut\/","og_locale":"fr_FR","og_type":"article","og_title":"Cheveux violets quartz pierre brute suspendue","og_description":"Nos pendentifs en pierre brute pr\u00e9cieuse sont disponibles dans une grande vari\u00e9t\u00e9 et sont tr\u00e8s s\u00e9lectifs. Indispensable pour l\u2019\u00e9t\u00e9.","og_url":"https:\/\/www.artestar.eu\/fr\/de-gros\/quartz-cheveux-violet-pendentif-pierre-en-brut\/","og_site_name":"Artestar","article_publisher":"https:\/\/www.facebook.com\/ARTESTAREU","article_modified_time":"2023-09-20T03:32:19+00:00","og_image":[{"width":600,"height":600,"url":"https:\/\/www.artestar.eu\/wp-content\/uploads\/2023\/07\/natural-semi-precious-gemstone-pendants-rough-raw-purple-hair-quartz.jpg","type":"image\/jpeg"}],"twitter_card":"summary_large_image","twitter_misc":{"Prix":"0,25&nbsp;&euro; (TVA NON incluse)","Availability":"En stock"},"schema":{"@context":"https:\/\/schema.org","@graph":[{"@type":"WebPage","@id":"https:\/\/www.artestar.eu\/fr\/de-gros\/quartz-cheveux-violet-pendentif-pierre-en-brut\/","url":"https:\/\/www.artestar.eu\/fr\/de-gros\/quartz-cheveux-violet-pendentif-pierre-en-brut\/","name":"Cheveux violets quartz pierre brute suspendue - Artestar","isPartOf":{"@id":"https:\/\/www.artestar.eu\/fr\/#website"},"datePublished":"2023-08-03T01:19:58+00:00","dateModified":"2023-09-20T03:32:19+00:00","description":"Nos pendentifs en pierre brute pr\u00e9cieuse sont disponibles dans une grande vari\u00e9t\u00e9 et sont tr\u00e8s s\u00e9lectifs. Indispensable pour l\u2019\u00e9t\u00e9.","breadcrumb":{"@id":"https:\/\/www.artestar.eu\/fr\/de-gros\/quartz-cheveux-violet-pendentif-pierre-en-brut\/#breadcrumb"},"inLanguage":"fr-FR","potentialAction":[{"@type":"ReadAction","target":["https:\/\/www.artestar.eu\/fr\/de-gros\/quartz-cheveux-violet-pendentif-pierre-en-brut\/"]}]},{"@type":"BreadcrumbList","@id":"https:\/\/www.artestar.eu\/fr\/de-gros\/quartz-cheveux-violet-pendentif-pierre-en-brut\/#breadcrumb","itemListElement":[{"@type":"ListItem","position":1,"name":"Artestar","item":"https:\/\/www.artestar.eu\/fr\/"},{"@type":"ListItem","position":2,"name":"De gros","item":"https:\/\/www.artestar.eu\/fr\/de-gros\/"},{"@type":"ListItem","position":3,"name":"Cheveux violets quartz pierre brute suspendue"}]},{"@type":"WebSite","@id":"https:\/\/www.artestar.eu\/fr\/#website","url":"https:\/\/www.artestar.eu\/fr\/","name":"Artestar","description":"Mayorista en abalorios y joyer\u00eda","publisher":{"@id":"https:\/\/www.artestar.eu\/fr\/#organization"},"alternateName":"Artestar-EU","potentialAction":[{"@type":"SearchAction","target":{"@type":"EntryPoint","urlTemplate":"https:\/\/www.artestar.eu\/fr\/?s={search_term_string}"},"query-input":"required name=search_term_string"}],"inLanguage":"fr-FR"},{"@type":["Organization","Place"],"@id":"https:\/\/www.artestar.eu\/fr\/#organization","name":"RUBY ABALORIO S.L.","alternateName":"Artestar","url":"https:\/\/www.artestar.eu\/fr\/","logo":{"@id":"https:\/\/www.artestar.eu\/fr\/de-gros\/quartz-cheveux-violet-pendentif-pierre-en-brut\/#local-main-organization-logo"},"image":{"@id":"https:\/\/www.artestar.eu\/fr\/de-gros\/quartz-cheveux-violet-pendentif-pierre-en-brut\/#local-main-organization-logo"},"sameAs":["https:\/\/www.facebook.com\/ARTESTAREU","https:\/\/www.instagram.com\/artestareu\/","https:\/\/www.pinterest.es\/artestar_eu\/","https:\/\/www.tiktok.com\/@artestar_wholesale"],"openingHoursSpecification":[{"@type":"OpeningHoursSpecification","dayOfWeek":["Monday","Tuesday","Wednesday","Thursday","Friday","Saturday","Sunday"],"opens":"09:00","closes":"17:00"}]},{"@type":"ImageObject","inLanguage":"fr-FR","@id":"https:\/\/www.artestar.eu\/fr\/de-gros\/quartz-cheveux-violet-pendentif-pierre-en-brut\/#local-main-organization-logo","url":"https:\/\/www.artestar.eu\/wp-content\/uploads\/2023\/05\/cropped-png.png","contentUrl":"https:\/\/www.artestar.eu\/wp-content\/uploads\/2023\/05\/cropped-png.png","width":512,"height":512,"caption":"RUBY ABALORIO S.L."}]},"product_price_amount":"0.25","product_price_currency":"EUR","og_availability":"instock","product_availability":"instock","product_retailer_item_id":"BS-GZ-M0022","product_condition":"new"},"tiered_pricing_type":"percentage","tiered_pricing_fixed_rules":{"20":"10"},"tiered_pricing_percentage_rules":[],"tiered_pricing_minimum":null,"_administrator_tiered_pricing_type":"fixed","_administrator_tiered_pricing_fixed_rules":[],"_editor_tiered_pricing_type":"fixed","_editor_tiered_pricing_fixed_rules":[],"_author_tiered_pricing_type":"fixed","_author_tiered_pricing_fixed_rules":[],"_contributor_tiered_pricing_type":"fixed","_contributor_tiered_pricing_fixed_rules":[],"_subscriber_tiered_pricing_type":"fixed","_subscriber_tiered_pricing_fixed_rules":[],"_wpseo_manager_tiered_pricing_type":"fixed","_wpseo_manager_tiered_pricing_fixed_rules":[],"_wpseo_editor_tiered_pricing_type":"fixed","_wpseo_editor_tiered_pricing_fixed_rules":[],"_customer_tiered_pricing_type":"fixed","_customer_tiered_pricing_fixed_rules":[],"_shop_manager_tiered_pricing_type":"fixed","_shop_manager_tiered_pricing_fixed_rules":[],"_product_manager_tiered_pricing_type":"fixed","_product_manager_tiered_pricing_fixed_rules":[],"_links":{"self":[{"href":"https:\/\/www.artestar.eu\/fr\/wp-json\/wp\/v2\/product\/26246"}],"collection":[{"href":"https:\/\/www.artestar.eu\/fr\/wp-json\/wp\/v2\/product"}],"about":[{"href":"https:\/\/www.artestar.eu\/fr\/wp-json\/wp\/v2\/types\/product"}],"replies":[{"embeddable":true,"href":"https:\/\/www.artestar.eu\/fr\/wp-json\/wp\/v2\/comments?post=26246"}],"version-history":[{"count":3,"href":"https:\/\/www.artestar.eu\/fr\/wp-json\/wp\/v2\/product\/26246\/revisions"}],"predecessor-version":[{"id":35405,"href":"https:\/\/www.artestar.eu\/fr\/wp-json\/wp\/v2\/product\/26246\/revisions\/35405"}],"wp:featuredmedia":[{"embeddable":true,"href":"https:\/\/www.artestar.eu\/fr\/wp-json\/wp\/v2\/media\/23159"}],"wp:attachment":[{"href":"https:\/\/www.artestar.eu\/fr\/wp-json\/wp\/v2\/media?parent=26246"}],"wp:term":[{"taxonomy":"product_cat","embeddable":true,"href":"https:\/\/www.artestar.eu\/fr\/wp-json\/wp\/v2\/product_cat?post=26246"},{"taxonomy":"product_tag","embeddable":true,"href":"https:\/\/www.artestar.eu\/fr\/wp-json\/wp\/v2\/product_tag?post=26246"}],"curies":[{"name":"wp","href":"https:\/\/api.w.org\/{rel}","templated":true}]}}