{"id":26644,"date":"2023-06-15T07:52:37","date_gmt":"2023-06-15T07:52:37","guid":{"rendered":"https:\/\/www.artestar.eu\/al-por-mayor\/cuentas-de-nacar-%e2%88%852mm\/"},"modified":"2023-10-17T03:23:59","modified_gmt":"2023-10-17T03:23:59","slug":"perles-de-nacre-coloree","status":"publish","type":"product","link":"https:\/\/www.artestar.eu\/fr\/de-gros\/perles-de-nacre-coloree\/","title":{"rendered":"Perles en nacre \u22052mm"},"content":{"rendered":"<p>Perles rondes en nacre de couleur naturelle de 2 mm. Parce que ces perles de coquillage color\u00e9es sont disponibles en diff\u00e9rentes couleurs. Ainsi, vous pouvez choisir les couleurs qui vous conviennent le mieux et le bricolage pour fabriquer n\u2019importe quel style d\u2019accessoire de bijoux fantaisie que vous aimez.<\/p>\n<h5>Caract\u00e9ristiques:<\/h5>\n<ul>\n<li>Nos perles de coquillage sont disponibles dans de nombreuses belles couleurs. Parce qu\u2019avec une surface lisse et une sensation de fra\u00eecheur, ces perles de coquillage color\u00e9es sont jolies, l\u00e9g\u00e8res et confortables \u00e0 porter.<\/li>\n<li>Ces perles rondes de couleur naturelle sont l\u2019accessoire de perlage parfait. Vous pouvez cr\u00e9er un style unique pour rendre vos bijoux magnifiques. Ces perles en vrac conviennent \u00e0 la fabrication de conceptions de bijoux fantaisie, de cadeaux de bricolage. Et des colliers, des pendentifs, des bracelets, des boucles d\u2019oreilles, des accessoires vestimentaires, de la d\u00e9coration int\u00e9rieure et des conceptions de mariage.<\/li>\n<li>\u00c9tant donn\u00e9 que les perles rondes en nacre de couleur naturelle sont fix\u00e9es avec du fil, vous n\u2019aurez pas \u00e0 vous fatiguer pour les percer. Ils peuvent \u00e9galement \u00eatre utilis\u00e9s avec des cha\u00eenes en m\u00e9tal et des perles de pierres pr\u00e9cieuses en cristal, pour cr\u00e9er des accessoires pour cheveux \u00e9l\u00e9gants, des accessoires vestimentaires et plus encore.<\/li>\n<li>Utilisez ces perles de coquille pour faire diff\u00e9rents cadeaux artisanaux. Donnez-les \u00e0 votre famille et \u00e0 vos amis \u00e0 l\u2019occasion des anniversaires, de No\u00ebl, de l\u2019Action de gr\u00e2ce et d\u2019autres anniversaires sp\u00e9ciaux des F\u00eates. Ou vous pouvez cr\u00e9er avec vos amis qui aiment l\u2019artisanat. Non seulement cela am\u00e9liorera vos comp\u00e9tences artisanales, mais cela favorisera \u00e9galement la camaraderie entre vous et vos amis.<\/li>\n<\/ul>\n<h6>Avertissement:<\/h6>\n<ul>\n<li>En raison des diff\u00e9rents dispositifs d\u2019affichage, de l\u00e9gers \u00e9carts de couleur sont autoris\u00e9s.<\/li>\n<li>Les enfants de moins de trois ans doivent \u00e9viter tout contact avec le produit en raison du risque d\u2019\u00e9touffement.<\/li>\n<li>Lorsque vous portez des bijoux en nacre, il est recommand\u00e9 de ne pas les exposer \u00e0 des produits chimiques tels que des parfums, des nettoyants pour le corps et des d\u00e9tergents, car ils peuvent alt\u00e9rer la couleur naturelle de la nacre ou m\u00eame l\u2019endommager. Pour nettoyer la nacre, il suffit de l\u2019essuyer avec un chiffon doux ou un chiffon en microfibre.<\/li>\n<\/ul>\n","protected":false},"excerpt":{"rendered":"<ul>\n<li>Taille: \u22052mm<\/li>\n<li>Quantit\u00e9: env. 166 pi\u00e8ces.<\/li>\n<li>Large gamme de couleurs<\/li>\n<li>Il est utilis\u00e9 pour fabriquer des colliers, des boucles d\u2019oreilles, des bracelets et d\u2019autres bijoux<\/li>\n<\/ul>\n","protected":false},"featured_media":15854,"comment_status":"open","ping_status":"closed","template":"","meta":[],"product_cat":[1685,1489,1686],"product_tag":[],"yoast_head":"<!-- This site is optimized with the Yoast SEO Premium plugin v20.5 (Yoast SEO v21.5) - https:\/\/yoast.com\/wordpress\/plugins\/seo\/ -->\n<title>Perles rondes color\u00e9es en nacre - Artestar<\/title>\n<meta name=\"description\" content=\"Ces perles rondes color\u00e9es en nacre sont l\u2019accessoire de perlage parfait. Vous pouvez cr\u00e9er un style unique pour rendre vos bijoux magnifiques.\" \/>\n<meta name=\"robots\" content=\"index, follow, max-snippet:-1, max-image-preview:large, max-video-preview:-1\" \/>\n<link rel=\"canonical\" href=\"https:\/\/www.artestar.eu\/fr\/de-gros\/perles-de-nacre-coloree\/\" \/>\n<meta property=\"og:locale\" content=\"fr_FR\" \/>\n<meta property=\"og:type\" content=\"article\" \/>\n<meta property=\"og:title\" content=\"Perles en nacre \u22052mm\" \/>\n<meta property=\"og:description\" content=\"Ces perles rondes color\u00e9es en nacre sont l\u2019accessoire de perlage parfait. Vous pouvez cr\u00e9er un style unique pour rendre vos bijoux magnifiques.\" \/>\n<meta property=\"og:url\" content=\"https:\/\/www.artestar.eu\/fr\/de-gros\/perles-de-nacre-coloree\/\" \/>\n<meta property=\"og:site_name\" content=\"Artestar\" \/>\n<meta property=\"article:publisher\" content=\"https:\/\/www.facebook.com\/ARTESTAREU\" \/>\n<meta property=\"article:modified_time\" content=\"2023-10-17T03:23:59+00:00\" \/>\n<meta property=\"og:image\" content=\"https:\/\/www.artestar.eu\/wp-content\/uploads\/2023\/06\/shell-beads-round-beads-3.jpg\" \/>\n\t<meta property=\"og:image:width\" content=\"600\" \/>\n\t<meta property=\"og:image:height\" content=\"600\" \/>\n\t<meta property=\"og:image:type\" content=\"image\/jpeg\" \/>\n<meta name=\"twitter:card\" content=\"summary_large_image\" \/>\n<meta name=\"twitter:label1\" content=\"Availability\" \/>\n\t<meta name=\"twitter:data1\" content=\"En stock\" \/>\n<script type=\"application\/ld+json\" class=\"yoast-schema-graph\">{\"@context\":\"https:\/\/schema.org\",\"@graph\":[{\"@type\":\"WebPage\",\"@id\":\"https:\/\/www.artestar.eu\/fr\/de-gros\/perles-de-nacre-coloree\/\",\"url\":\"https:\/\/www.artestar.eu\/fr\/de-gros\/perles-de-nacre-coloree\/\",\"name\":\"Perles rondes color\u00e9es en nacre - Artestar\",\"isPartOf\":{\"@id\":\"https:\/\/www.artestar.eu\/fr\/#website\"},\"datePublished\":\"2023-06-15T07:52:37+00:00\",\"dateModified\":\"2023-10-17T03:23:59+00:00\",\"description\":\"Ces perles rondes color\u00e9es en nacre sont l\u2019accessoire de perlage parfait. Vous pouvez cr\u00e9er un style unique pour rendre vos bijoux magnifiques.\",\"breadcrumb\":{\"@id\":\"https:\/\/www.artestar.eu\/fr\/de-gros\/perles-de-nacre-coloree\/#breadcrumb\"},\"inLanguage\":\"fr-FR\",\"potentialAction\":[{\"@type\":\"ReadAction\",\"target\":[\"https:\/\/www.artestar.eu\/fr\/de-gros\/perles-de-nacre-coloree\/\"]}]},{\"@type\":\"BreadcrumbList\",\"@id\":\"https:\/\/www.artestar.eu\/fr\/de-gros\/perles-de-nacre-coloree\/#breadcrumb\",\"itemListElement\":[{\"@type\":\"ListItem\",\"position\":1,\"name\":\"Artestar\",\"item\":\"https:\/\/www.artestar.eu\/fr\/\"},{\"@type\":\"ListItem\",\"position\":2,\"name\":\"De gros\",\"item\":\"https:\/\/www.artestar.eu\/fr\/de-gros\/\"},{\"@type\":\"ListItem\",\"position\":3,\"name\":\"Perles en nacre \u22052mm\"}]},{\"@type\":\"WebSite\",\"@id\":\"https:\/\/www.artestar.eu\/fr\/#website\",\"url\":\"https:\/\/www.artestar.eu\/fr\/\",\"name\":\"Artestar\",\"description\":\"Mayorista en abalorios y joyer\u00eda\",\"publisher\":{\"@id\":\"https:\/\/www.artestar.eu\/fr\/#organization\"},\"alternateName\":\"Artestar-EU\",\"potentialAction\":[{\"@type\":\"SearchAction\",\"target\":{\"@type\":\"EntryPoint\",\"urlTemplate\":\"https:\/\/www.artestar.eu\/fr\/?s={search_term_string}\"},\"query-input\":\"required name=search_term_string\"}],\"inLanguage\":\"fr-FR\"},{\"@type\":[\"Organization\",\"Place\"],\"@id\":\"https:\/\/www.artestar.eu\/fr\/#organization\",\"name\":\"RUBY ABALORIO S.L.\",\"alternateName\":\"Artestar\",\"url\":\"https:\/\/www.artestar.eu\/fr\/\",\"logo\":{\"@id\":\"https:\/\/www.artestar.eu\/fr\/de-gros\/perles-de-nacre-coloree\/#local-main-organization-logo\"},\"image\":{\"@id\":\"https:\/\/www.artestar.eu\/fr\/de-gros\/perles-de-nacre-coloree\/#local-main-organization-logo\"},\"sameAs\":[\"https:\/\/www.facebook.com\/ARTESTAREU\",\"https:\/\/www.instagram.com\/artestareu\/\",\"https:\/\/www.pinterest.es\/artestar_eu\/\",\"https:\/\/www.tiktok.com\/@artestar_wholesale\"],\"openingHoursSpecification\":[{\"@type\":\"OpeningHoursSpecification\",\"dayOfWeek\":[\"Monday\",\"Tuesday\",\"Wednesday\",\"Thursday\",\"Friday\",\"Saturday\",\"Sunday\"],\"opens\":\"09:00\",\"closes\":\"17:00\"}]},{\"@type\":\"ImageObject\",\"inLanguage\":\"fr-FR\",\"@id\":\"https:\/\/www.artestar.eu\/fr\/de-gros\/perles-de-nacre-coloree\/#local-main-organization-logo\",\"url\":\"https:\/\/www.artestar.eu\/wp-content\/uploads\/2023\/05\/cropped-png.png\",\"contentUrl\":\"https:\/\/www.artestar.eu\/wp-content\/uploads\/2023\/05\/cropped-png.png\",\"width\":512,\"height\":512,\"caption\":\"RUBY ABALORIO S.L.\"}]}<\/script>\n<meta property=\"og:availability\" content=\"instock\" \/>\n<meta property=\"product:availability\" content=\"instock\" \/>\n<meta property=\"product:retailer_item_id\" content=\"BK-YZ-0038-0049\" \/>\n<meta property=\"product:condition\" content=\"new\" \/>\n<!-- \/ Yoast SEO Premium plugin. -->","yoast_head_json":{"title":"Perles rondes color\u00e9es en nacre - Artestar","description":"Ces perles rondes color\u00e9es en nacre sont l\u2019accessoire de perlage parfait. Vous pouvez cr\u00e9er un style unique pour rendre vos bijoux magnifiques.","robots":{"index":"index","follow":"follow","max-snippet":"max-snippet:-1","max-image-preview":"max-image-preview:large","max-video-preview":"max-video-preview:-1"},"canonical":"https:\/\/www.artestar.eu\/fr\/de-gros\/perles-de-nacre-coloree\/","og_locale":"fr_FR","og_type":"article","og_title":"Perles en nacre \u22052mm","og_description":"Ces perles rondes color\u00e9es en nacre sont l\u2019accessoire de perlage parfait. Vous pouvez cr\u00e9er un style unique pour rendre vos bijoux magnifiques.","og_url":"https:\/\/www.artestar.eu\/fr\/de-gros\/perles-de-nacre-coloree\/","og_site_name":"Artestar","article_publisher":"https:\/\/www.facebook.com\/ARTESTAREU","article_modified_time":"2023-10-17T03:23:59+00:00","og_image":[{"width":600,"height":600,"url":"https:\/\/www.artestar.eu\/wp-content\/uploads\/2023\/06\/shell-beads-round-beads-3.jpg","type":"image\/jpeg"}],"twitter_card":"summary_large_image","twitter_misc":{"Availability":"En stock"},"schema":{"@context":"https:\/\/schema.org","@graph":[{"@type":"WebPage","@id":"https:\/\/www.artestar.eu\/fr\/de-gros\/perles-de-nacre-coloree\/","url":"https:\/\/www.artestar.eu\/fr\/de-gros\/perles-de-nacre-coloree\/","name":"Perles rondes color\u00e9es en nacre - Artestar","isPartOf":{"@id":"https:\/\/www.artestar.eu\/fr\/#website"},"datePublished":"2023-06-15T07:52:37+00:00","dateModified":"2023-10-17T03:23:59+00:00","description":"Ces perles rondes color\u00e9es en nacre sont l\u2019accessoire de perlage parfait. Vous pouvez cr\u00e9er un style unique pour rendre vos bijoux magnifiques.","breadcrumb":{"@id":"https:\/\/www.artestar.eu\/fr\/de-gros\/perles-de-nacre-coloree\/#breadcrumb"},"inLanguage":"fr-FR","potentialAction":[{"@type":"ReadAction","target":["https:\/\/www.artestar.eu\/fr\/de-gros\/perles-de-nacre-coloree\/"]}]},{"@type":"BreadcrumbList","@id":"https:\/\/www.artestar.eu\/fr\/de-gros\/perles-de-nacre-coloree\/#breadcrumb","itemListElement":[{"@type":"ListItem","position":1,"name":"Artestar","item":"https:\/\/www.artestar.eu\/fr\/"},{"@type":"ListItem","position":2,"name":"De gros","item":"https:\/\/www.artestar.eu\/fr\/de-gros\/"},{"@type":"ListItem","position":3,"name":"Perles en nacre \u22052mm"}]},{"@type":"WebSite","@id":"https:\/\/www.artestar.eu\/fr\/#website","url":"https:\/\/www.artestar.eu\/fr\/","name":"Artestar","description":"Mayorista en abalorios y joyer\u00eda","publisher":{"@id":"https:\/\/www.artestar.eu\/fr\/#organization"},"alternateName":"Artestar-EU","potentialAction":[{"@type":"SearchAction","target":{"@type":"EntryPoint","urlTemplate":"https:\/\/www.artestar.eu\/fr\/?s={search_term_string}"},"query-input":"required name=search_term_string"}],"inLanguage":"fr-FR"},{"@type":["Organization","Place"],"@id":"https:\/\/www.artestar.eu\/fr\/#organization","name":"RUBY ABALORIO S.L.","alternateName":"Artestar","url":"https:\/\/www.artestar.eu\/fr\/","logo":{"@id":"https:\/\/www.artestar.eu\/fr\/de-gros\/perles-de-nacre-coloree\/#local-main-organization-logo"},"image":{"@id":"https:\/\/www.artestar.eu\/fr\/de-gros\/perles-de-nacre-coloree\/#local-main-organization-logo"},"sameAs":["https:\/\/www.facebook.com\/ARTESTAREU","https:\/\/www.instagram.com\/artestareu\/","https:\/\/www.pinterest.es\/artestar_eu\/","https:\/\/www.tiktok.com\/@artestar_wholesale"],"openingHoursSpecification":[{"@type":"OpeningHoursSpecification","dayOfWeek":["Monday","Tuesday","Wednesday","Thursday","Friday","Saturday","Sunday"],"opens":"09:00","closes":"17:00"}]},{"@type":"ImageObject","inLanguage":"fr-FR","@id":"https:\/\/www.artestar.eu\/fr\/de-gros\/perles-de-nacre-coloree\/#local-main-organization-logo","url":"https:\/\/www.artestar.eu\/wp-content\/uploads\/2023\/05\/cropped-png.png","contentUrl":"https:\/\/www.artestar.eu\/wp-content\/uploads\/2023\/05\/cropped-png.png","width":512,"height":512,"caption":"RUBY ABALORIO S.L."}]},"og_availability":"instock","product_availability":"instock","product_retailer_item_id":"BK-YZ-0038-0049","product_condition":"new"},"tiered_pricing_type":"fixed","tiered_pricing_fixed_rules":[],"tiered_pricing_percentage_rules":[],"tiered_pricing_minimum":null,"_administrator_tiered_pricing_type":"fixed","_administrator_tiered_pricing_fixed_rules":[],"_editor_tiered_pricing_type":"fixed","_editor_tiered_pricing_fixed_rules":[],"_author_tiered_pricing_type":"fixed","_author_tiered_pricing_fixed_rules":[],"_contributor_tiered_pricing_type":"fixed","_contributor_tiered_pricing_fixed_rules":[],"_subscriber_tiered_pricing_type":"fixed","_subscriber_tiered_pricing_fixed_rules":[],"_wpseo_manager_tiered_pricing_type":"fixed","_wpseo_manager_tiered_pricing_fixed_rules":[],"_wpseo_editor_tiered_pricing_type":"fixed","_wpseo_editor_tiered_pricing_fixed_rules":[],"_customer_tiered_pricing_type":"fixed","_customer_tiered_pricing_fixed_rules":[],"_shop_manager_tiered_pricing_type":"fixed","_shop_manager_tiered_pricing_fixed_rules":[],"_product_manager_tiered_pricing_type":"fixed","_product_manager_tiered_pricing_fixed_rules":[],"_links":{"self":[{"href":"https:\/\/www.artestar.eu\/fr\/wp-json\/wp\/v2\/product\/26644"}],"collection":[{"href":"https:\/\/www.artestar.eu\/fr\/wp-json\/wp\/v2\/product"}],"about":[{"href":"https:\/\/www.artestar.eu\/fr\/wp-json\/wp\/v2\/types\/product"}],"replies":[{"embeddable":true,"href":"https:\/\/www.artestar.eu\/fr\/wp-json\/wp\/v2\/comments?post=26644"}],"version-history":[{"count":2,"href":"https:\/\/www.artestar.eu\/fr\/wp-json\/wp\/v2\/product\/26644\/revisions"}],"predecessor-version":[{"id":36646,"href":"https:\/\/www.artestar.eu\/fr\/wp-json\/wp\/v2\/product\/26644\/revisions\/36646"}],"wp:featuredmedia":[{"embeddable":true,"href":"https:\/\/www.artestar.eu\/fr\/wp-json\/wp\/v2\/media\/15854"}],"wp:attachment":[{"href":"https:\/\/www.artestar.eu\/fr\/wp-json\/wp\/v2\/media?parent=26644"}],"wp:term":[{"taxonomy":"product_cat","embeddable":true,"href":"https:\/\/www.artestar.eu\/fr\/wp-json\/wp\/v2\/product_cat?post=26644"},{"taxonomy":"product_tag","embeddable":true,"href":"https:\/\/www.artestar.eu\/fr\/wp-json\/wp\/v2\/product_tag?post=26644"}],"curies":[{"name":"wp","href":"https:\/\/api.w.org\/{rel}","templated":true}]}}