{"id":27183,"date":"2023-06-01T05:22:00","date_gmt":"2023-06-01T05:22:00","guid":{"rendered":"https:\/\/www.artestar.eu\/al-por-mayor\/ganchos-para-pendientes-color-dorado-36-unids\/"},"modified":"2023-10-26T01:52:39","modified_gmt":"2023-10-26T01:52:39","slug":"crochets-pour-boucles-doreilles-couleur-or","status":"publish","type":"product","link":"https:\/\/www.artestar.eu\/fr\/de-gros\/crochets-pour-boucles-doreilles-couleur-or\/","title":{"rendered":"Crochets pour boucles d\u2019oreilles couleur or 36 pcs."},"content":{"rendered":"<p>Crochets pour boucles d\u2019oreilles or: 36pcs.<\/p>\n<ul>\n<li>Les crochets d\u2019oreille sont en m\u00e9tal de haute qualit\u00e9, l\u00e9gers, faciles \u00e0 utiliser, robustes et durables, ne rouillent pas facilement, parfaits pour les bijoux de fantaisie, en particulier pour les boucles d\u2019oreilles.<\/li>\n<li>Les crochets d\u2019oreille de couleur dor\u00e9e sont brillants et accrocheurs. Avec une surface lisse et arrondie, l\u00e9g\u00e8re et confortable \u00e0 porter, et un design classique et \u00e9l\u00e9gant, ils seront un excellent accessoire de bijoux pour vous.<\/li>\n<li>Les crochets d\u2019oreille ont un \u0153illet qui s\u2019ouvre afin que vous puissiez facilement attacher la bague d\u2019ouverture, la cha\u00eene et le pendentif. Une fois termin\u00e9, il suffit d\u2019utiliser une pince pour fermer la boucle.<\/li>\n<li>Nos crochets simples et d\u00e9licats pour boucles d\u2019oreilles dor\u00e9es, en forme de crochet, sont parfaits pour les boucles d\u2019oreilles, les bijoux glamour ou les pi\u00e8ces d\u00e9coratives fines.<\/li>\n<li>Ces beaux crochets conviennent \u00e0 presque toutes les occasions dans lesquelles des boucles d\u2019oreilles sont port\u00e9es, cr\u00e9ant un produit fini parfait pour le quotidien, les mariages, les f\u00eates et bien plus encore.<\/li>\n<li>Si vous ajoutez vos ornements pr\u00e9f\u00e9r\u00e9s aux crochets en or pour les boucles d\u2019oreilles. Votre look sera plus gai et vous pourrez les utiliser pour fabriquer vos propres boucles d\u2019oreilles ou pour restaurer les anciennes.<\/li>\n<\/ul>\n<p><img decoding=\"async\" class=\"alignnone size-full wp-image-5082\" src=\"https:\/\/www.artestar.eu%E2%80%8B%E2%80%8B%E2%80%8B%E2%80%8B\/wp-content\/uploads\/2023\/06\/stainless-steel-earring-accessories-mixed-color-earring-hook.jpg\" alt=\"Crochets pour boucles d\u2019oreilles en or\" width=\"600\" height=\"600\" srcset=\"https:\/\/www.artestar.eu\/wp-content\/uploads\/2023\/06\/stainless-steel-earring-accessories-mixed-color-earring-hook.jpg 600w, https:\/\/www.artestar.eu\/wp-content\/uploads\/2023\/06\/stainless-steel-earring-accessories-mixed-color-earring-hook-300x300.jpg 300w, https:\/\/www.artestar.eu\/wp-content\/uploads\/2023\/06\/stainless-steel-earring-accessories-mixed-color-earring-hook-150x150.jpg 150w, https:\/\/www.artestar.eu\/wp-content\/uploads\/2023\/06\/stainless-steel-earring-accessories-mixed-color-earring-hook-450x450.jpg 450w, https:\/\/www.artestar.eu\/wp-content\/uploads\/2023\/06\/stainless-steel-earring-accessories-mixed-color-earring-hook-54x54.jpg 54w\" sizes=\"(max-width: 600px) 100vw, 600px\" \/><\/p>\n<h5>Crochets pour boucles d\u2019oreilles en or<\/h5>\n<ul>\n<li>Le processus de cr\u00e9ation de bijoux est simple et amusant, alors laissez votre t\u00e9l\u00e9phone pendant votre temps libre, utilisez votre imagination et amusez-vous avec le bricolage.<\/li>\n<li>Ces articles de bricolage d\u00e9licats font d\u2019excellents cadeaux pour les amis et la famille amateurs d\u2019artisanat, et servent pour de nombreuses occasions. Comme les mariages, Thanksgiving, No\u00ebl, les f\u00eates d\u2019anniversaire, les c\u00e9r\u00e9monies de remise des dipl\u00f4mes et bien d\u2019autres. Ce n\u2019est pas seulement un beau cadeau, mais aussi un merveilleux message d\u2019affection et d\u2019amour.<\/li>\n<\/ul>\n","protected":false},"excerpt":{"rendered":"<ul>\n<li>\n<div data-slate-node=\"element\"><span data-slate-node=\"text\"><span class=\"00\" data-slate-leaf=\"true\">Mat\u00e9riel: acier inoxydable<\/span><\/span><\/div>\n<\/li>\n<li>\n<div data-slate-node=\"element\"><span data-slate-node=\"text\"><span class=\"11\" data-slate-leaf=\"true\">Longueur: env.  <\/span><\/span><span data-slate-node=\"text\"><span class=\"12\" data-slate-leaf=\"true\">20 mm ; Largeur: env. 19 mm<\/span><\/span><\/div>\n<\/li>\n<li>\n<div data-slate-node=\"element\"><span data-slate-node=\"text\"><span class=\"21\" data-slate-leaf=\"true\">Quantit\u00e9 dans chaque paquet: 36pcs.<\/span><\/span><\/div>\n<\/li>\n<li>Accessoire classique de boucles d\u2019oreilles de mode en acier inoxydable<\/li>\n<\/ul>\n","protected":false},"featured_media":12547,"comment_status":"open","ping_status":"closed","template":"","meta":[],"product_cat":[1666,1665],"product_tag":[],"yoast_head":"<!-- This site is optimized with the Yoast SEO Premium plugin v20.5 (Yoast SEO v21.5) - https:\/\/yoast.com\/wordpress\/plugins\/seo\/ -->\n<title>Crochets pour boucles d\u2019oreilles couleur or 36 pcs. - Artestar<\/title>\n<meta name=\"description\" content=\"Crochets pour boucles d\u2019oreilles en or un accessoire de mode avec une touche personnelle qui s\u2019adapte \u00e0 chaque occasion et style. Accessoires pour boucles d\u2019oreilles.\" \/>\n<meta name=\"robots\" content=\"index, follow, max-snippet:-1, max-image-preview:large, max-video-preview:-1\" \/>\n<link rel=\"canonical\" href=\"https:\/\/www.artestar.eu\/fr\/de-gros\/crochets-pour-boucles-doreilles-couleur-or\/\" \/>\n<meta property=\"og:locale\" content=\"fr_FR\" \/>\n<meta property=\"og:type\" content=\"article\" \/>\n<meta property=\"og:title\" content=\"Crochets pour boucles d\u2019oreilles couleur or 36 pcs.\" \/>\n<meta property=\"og:description\" content=\"Crochets pour boucles d\u2019oreilles en or un accessoire de mode avec une touche personnelle qui s\u2019adapte \u00e0 chaque occasion et style. Accessoires pour boucles d\u2019oreilles.\" \/>\n<meta property=\"og:url\" content=\"https:\/\/www.artestar.eu\/fr\/de-gros\/crochets-pour-boucles-doreilles-couleur-or\/\" \/>\n<meta property=\"og:site_name\" content=\"Artestar\" \/>\n<meta property=\"article:publisher\" content=\"https:\/\/www.facebook.com\/ARTESTAREU\" \/>\n<meta property=\"article:modified_time\" content=\"2023-10-26T01:52:39+00:00\" \/>\n<meta property=\"og:image\" content=\"https:\/\/www.artestar.eu\/wp-content\/uploads\/2023\/06\/stainless-steel-earring-accessories-earring-hook-gold.jpg\" \/>\n\t<meta property=\"og:image:width\" content=\"600\" \/>\n\t<meta property=\"og:image:height\" content=\"600\" \/>\n\t<meta property=\"og:image:type\" content=\"image\/jpeg\" \/>\n<meta name=\"twitter:card\" content=\"summary_large_image\" \/>\n<meta name=\"twitter:label1\" content=\"Prix\" \/>\n\t<meta name=\"twitter:data1\" content=\"1,15&nbsp;&euro; (TVA NON incluse)\" \/>\n\t<meta name=\"twitter:label2\" content=\"Availability\" \/>\n\t<meta name=\"twitter:data2\" content=\"En stock\" \/>\n<script type=\"application\/ld+json\" class=\"yoast-schema-graph\">{\"@context\":\"https:\/\/schema.org\",\"@graph\":[{\"@type\":\"WebPage\",\"@id\":\"https:\/\/www.artestar.eu\/fr\/de-gros\/crochets-pour-boucles-doreilles-couleur-or\/\",\"url\":\"https:\/\/www.artestar.eu\/fr\/de-gros\/crochets-pour-boucles-doreilles-couleur-or\/\",\"name\":\"Crochets pour boucles d\u2019oreilles couleur or 36 pcs. - Artestar\",\"isPartOf\":{\"@id\":\"https:\/\/www.artestar.eu\/fr\/#website\"},\"datePublished\":\"2023-06-01T05:22:00+00:00\",\"dateModified\":\"2023-10-26T01:52:39+00:00\",\"description\":\"Crochets pour boucles d\u2019oreilles en or un accessoire de mode avec une touche personnelle qui s\u2019adapte \u00e0 chaque occasion et style. Accessoires pour boucles d\u2019oreilles.\",\"breadcrumb\":{\"@id\":\"https:\/\/www.artestar.eu\/fr\/de-gros\/crochets-pour-boucles-doreilles-couleur-or\/#breadcrumb\"},\"inLanguage\":\"fr-FR\",\"potentialAction\":[{\"@type\":\"ReadAction\",\"target\":[\"https:\/\/www.artestar.eu\/fr\/de-gros\/crochets-pour-boucles-doreilles-couleur-or\/\"]}]},{\"@type\":\"BreadcrumbList\",\"@id\":\"https:\/\/www.artestar.eu\/fr\/de-gros\/crochets-pour-boucles-doreilles-couleur-or\/#breadcrumb\",\"itemListElement\":[{\"@type\":\"ListItem\",\"position\":1,\"name\":\"Artestar\",\"item\":\"https:\/\/www.artestar.eu\/fr\/\"},{\"@type\":\"ListItem\",\"position\":2,\"name\":\"De gros\",\"item\":\"https:\/\/www.artestar.eu\/fr\/de-gros\/\"},{\"@type\":\"ListItem\",\"position\":3,\"name\":\"Crochets pour boucles d\u2019oreilles couleur or 36 pcs.\"}]},{\"@type\":\"WebSite\",\"@id\":\"https:\/\/www.artestar.eu\/fr\/#website\",\"url\":\"https:\/\/www.artestar.eu\/fr\/\",\"name\":\"Artestar\",\"description\":\"Mayorista en abalorios y joyer\u00eda\",\"publisher\":{\"@id\":\"https:\/\/www.artestar.eu\/fr\/#organization\"},\"alternateName\":\"Artestar-EU\",\"potentialAction\":[{\"@type\":\"SearchAction\",\"target\":{\"@type\":\"EntryPoint\",\"urlTemplate\":\"https:\/\/www.artestar.eu\/fr\/?s={search_term_string}\"},\"query-input\":\"required name=search_term_string\"}],\"inLanguage\":\"fr-FR\"},{\"@type\":[\"Organization\",\"Place\"],\"@id\":\"https:\/\/www.artestar.eu\/fr\/#organization\",\"name\":\"RUBY ABALORIO S.L.\",\"alternateName\":\"Artestar\",\"url\":\"https:\/\/www.artestar.eu\/fr\/\",\"logo\":{\"@id\":\"https:\/\/www.artestar.eu\/fr\/de-gros\/crochets-pour-boucles-doreilles-couleur-or\/#local-main-organization-logo\"},\"image\":{\"@id\":\"https:\/\/www.artestar.eu\/fr\/de-gros\/crochets-pour-boucles-doreilles-couleur-or\/#local-main-organization-logo\"},\"sameAs\":[\"https:\/\/www.facebook.com\/ARTESTAREU\",\"https:\/\/www.instagram.com\/artestareu\/\",\"https:\/\/www.pinterest.es\/artestar_eu\/\",\"https:\/\/www.tiktok.com\/@artestar_wholesale\"],\"openingHoursSpecification\":[{\"@type\":\"OpeningHoursSpecification\",\"dayOfWeek\":[\"Monday\",\"Tuesday\",\"Wednesday\",\"Thursday\",\"Friday\",\"Saturday\",\"Sunday\"],\"opens\":\"09:00\",\"closes\":\"17:00\"}]},{\"@type\":\"ImageObject\",\"inLanguage\":\"fr-FR\",\"@id\":\"https:\/\/www.artestar.eu\/fr\/de-gros\/crochets-pour-boucles-doreilles-couleur-or\/#local-main-organization-logo\",\"url\":\"https:\/\/www.artestar.eu\/wp-content\/uploads\/2023\/05\/cropped-png.png\",\"contentUrl\":\"https:\/\/www.artestar.eu\/wp-content\/uploads\/2023\/05\/cropped-png.png\",\"width\":512,\"height\":512,\"caption\":\"RUBY ABALORIO S.L.\"}]}<\/script>\n<meta property=\"product:price:amount\" content=\"1.15\" \/>\n<meta property=\"product:price:currency\" content=\"EUR\" \/>\n<meta property=\"og:availability\" content=\"instock\" \/>\n<meta property=\"product:availability\" content=\"instock\" \/>\n<meta property=\"product:retailer_item_id\" content=\"BXG-0057\" \/>\n<meta property=\"product:condition\" content=\"new\" \/>\n<!-- \/ Yoast SEO Premium plugin. -->","yoast_head_json":{"title":"Crochets pour boucles d\u2019oreilles couleur or 36 pcs. - Artestar","description":"Crochets pour boucles d\u2019oreilles en or un accessoire de mode avec une touche personnelle qui s\u2019adapte \u00e0 chaque occasion et style. Accessoires pour boucles d\u2019oreilles.","robots":{"index":"index","follow":"follow","max-snippet":"max-snippet:-1","max-image-preview":"max-image-preview:large","max-video-preview":"max-video-preview:-1"},"canonical":"https:\/\/www.artestar.eu\/fr\/de-gros\/crochets-pour-boucles-doreilles-couleur-or\/","og_locale":"fr_FR","og_type":"article","og_title":"Crochets pour boucles d\u2019oreilles couleur or 36 pcs.","og_description":"Crochets pour boucles d\u2019oreilles en or un accessoire de mode avec une touche personnelle qui s\u2019adapte \u00e0 chaque occasion et style. Accessoires pour boucles d\u2019oreilles.","og_url":"https:\/\/www.artestar.eu\/fr\/de-gros\/crochets-pour-boucles-doreilles-couleur-or\/","og_site_name":"Artestar","article_publisher":"https:\/\/www.facebook.com\/ARTESTAREU","article_modified_time":"2023-10-26T01:52:39+00:00","og_image":[{"width":600,"height":600,"url":"https:\/\/www.artestar.eu\/wp-content\/uploads\/2023\/06\/stainless-steel-earring-accessories-earring-hook-gold.jpg","type":"image\/jpeg"}],"twitter_card":"summary_large_image","twitter_misc":{"Prix":"1,15&nbsp;&euro; (TVA NON incluse)","Availability":"En stock"},"schema":{"@context":"https:\/\/schema.org","@graph":[{"@type":"WebPage","@id":"https:\/\/www.artestar.eu\/fr\/de-gros\/crochets-pour-boucles-doreilles-couleur-or\/","url":"https:\/\/www.artestar.eu\/fr\/de-gros\/crochets-pour-boucles-doreilles-couleur-or\/","name":"Crochets pour boucles d\u2019oreilles couleur or 36 pcs. - Artestar","isPartOf":{"@id":"https:\/\/www.artestar.eu\/fr\/#website"},"datePublished":"2023-06-01T05:22:00+00:00","dateModified":"2023-10-26T01:52:39+00:00","description":"Crochets pour boucles d\u2019oreilles en or un accessoire de mode avec une touche personnelle qui s\u2019adapte \u00e0 chaque occasion et style. Accessoires pour boucles d\u2019oreilles.","breadcrumb":{"@id":"https:\/\/www.artestar.eu\/fr\/de-gros\/crochets-pour-boucles-doreilles-couleur-or\/#breadcrumb"},"inLanguage":"fr-FR","potentialAction":[{"@type":"ReadAction","target":["https:\/\/www.artestar.eu\/fr\/de-gros\/crochets-pour-boucles-doreilles-couleur-or\/"]}]},{"@type":"BreadcrumbList","@id":"https:\/\/www.artestar.eu\/fr\/de-gros\/crochets-pour-boucles-doreilles-couleur-or\/#breadcrumb","itemListElement":[{"@type":"ListItem","position":1,"name":"Artestar","item":"https:\/\/www.artestar.eu\/fr\/"},{"@type":"ListItem","position":2,"name":"De gros","item":"https:\/\/www.artestar.eu\/fr\/de-gros\/"},{"@type":"ListItem","position":3,"name":"Crochets pour boucles d\u2019oreilles couleur or 36 pcs."}]},{"@type":"WebSite","@id":"https:\/\/www.artestar.eu\/fr\/#website","url":"https:\/\/www.artestar.eu\/fr\/","name":"Artestar","description":"Mayorista en abalorios y joyer\u00eda","publisher":{"@id":"https:\/\/www.artestar.eu\/fr\/#organization"},"alternateName":"Artestar-EU","potentialAction":[{"@type":"SearchAction","target":{"@type":"EntryPoint","urlTemplate":"https:\/\/www.artestar.eu\/fr\/?s={search_term_string}"},"query-input":"required name=search_term_string"}],"inLanguage":"fr-FR"},{"@type":["Organization","Place"],"@id":"https:\/\/www.artestar.eu\/fr\/#organization","name":"RUBY ABALORIO S.L.","alternateName":"Artestar","url":"https:\/\/www.artestar.eu\/fr\/","logo":{"@id":"https:\/\/www.artestar.eu\/fr\/de-gros\/crochets-pour-boucles-doreilles-couleur-or\/#local-main-organization-logo"},"image":{"@id":"https:\/\/www.artestar.eu\/fr\/de-gros\/crochets-pour-boucles-doreilles-couleur-or\/#local-main-organization-logo"},"sameAs":["https:\/\/www.facebook.com\/ARTESTAREU","https:\/\/www.instagram.com\/artestareu\/","https:\/\/www.pinterest.es\/artestar_eu\/","https:\/\/www.tiktok.com\/@artestar_wholesale"],"openingHoursSpecification":[{"@type":"OpeningHoursSpecification","dayOfWeek":["Monday","Tuesday","Wednesday","Thursday","Friday","Saturday","Sunday"],"opens":"09:00","closes":"17:00"}]},{"@type":"ImageObject","inLanguage":"fr-FR","@id":"https:\/\/www.artestar.eu\/fr\/de-gros\/crochets-pour-boucles-doreilles-couleur-or\/#local-main-organization-logo","url":"https:\/\/www.artestar.eu\/wp-content\/uploads\/2023\/05\/cropped-png.png","contentUrl":"https:\/\/www.artestar.eu\/wp-content\/uploads\/2023\/05\/cropped-png.png","width":512,"height":512,"caption":"RUBY ABALORIO S.L."}]},"product_price_amount":"1.15","product_price_currency":"EUR","og_availability":"instock","product_availability":"instock","product_retailer_item_id":"BXG-0057","product_condition":"new"},"tiered_pricing_type":"percentage","tiered_pricing_fixed_rules":{"5":"10"},"tiered_pricing_percentage_rules":[],"tiered_pricing_minimum":null,"_administrator_tiered_pricing_type":"fixed","_administrator_tiered_pricing_fixed_rules":[],"_editor_tiered_pricing_type":"fixed","_editor_tiered_pricing_fixed_rules":[],"_author_tiered_pricing_type":"fixed","_author_tiered_pricing_fixed_rules":[],"_contributor_tiered_pricing_type":"fixed","_contributor_tiered_pricing_fixed_rules":[],"_subscriber_tiered_pricing_type":"fixed","_subscriber_tiered_pricing_fixed_rules":[],"_wpseo_manager_tiered_pricing_type":"fixed","_wpseo_manager_tiered_pricing_fixed_rules":[],"_wpseo_editor_tiered_pricing_type":"fixed","_wpseo_editor_tiered_pricing_fixed_rules":[],"_customer_tiered_pricing_type":"fixed","_customer_tiered_pricing_fixed_rules":[],"_shop_manager_tiered_pricing_type":"fixed","_shop_manager_tiered_pricing_fixed_rules":[],"_product_manager_tiered_pricing_type":"fixed","_product_manager_tiered_pricing_fixed_rules":[],"_links":{"self":[{"href":"https:\/\/www.artestar.eu\/fr\/wp-json\/wp\/v2\/product\/27183"}],"collection":[{"href":"https:\/\/www.artestar.eu\/fr\/wp-json\/wp\/v2\/product"}],"about":[{"href":"https:\/\/www.artestar.eu\/fr\/wp-json\/wp\/v2\/types\/product"}],"replies":[{"embeddable":true,"href":"https:\/\/www.artestar.eu\/fr\/wp-json\/wp\/v2\/comments?post=27183"}],"version-history":[{"count":1,"href":"https:\/\/www.artestar.eu\/fr\/wp-json\/wp\/v2\/product\/27183\/revisions"}],"predecessor-version":[{"id":32169,"href":"https:\/\/www.artestar.eu\/fr\/wp-json\/wp\/v2\/product\/27183\/revisions\/32169"}],"wp:featuredmedia":[{"embeddable":true,"href":"https:\/\/www.artestar.eu\/fr\/wp-json\/wp\/v2\/media\/12547"}],"wp:attachment":[{"href":"https:\/\/www.artestar.eu\/fr\/wp-json\/wp\/v2\/media?parent=27183"}],"wp:term":[{"taxonomy":"product_cat","embeddable":true,"href":"https:\/\/www.artestar.eu\/fr\/wp-json\/wp\/v2\/product_cat?post=27183"},{"taxonomy":"product_tag","embeddable":true,"href":"https:\/\/www.artestar.eu\/fr\/wp-json\/wp\/v2\/product_tag?post=27183"}],"curies":[{"name":"wp","href":"https:\/\/api.w.org\/{rel}","templated":true}]}}