{"id":27214,"date":"2023-06-02T02:17:36","date_gmt":"2023-06-02T02:17:36","guid":{"rendered":"https:\/\/www.artestar.eu\/al-por-mayor\/cierres-de-langosta-color-dorado\/"},"modified":"2023-10-25T03:47:10","modified_gmt":"2023-10-25T03:47:10","slug":"fermoirs-mousqueton-dores","status":"publish","type":"product","link":"https:\/\/www.artestar.eu\/fr\/de-gros\/fermoirs-mousqueton-dores\/","title":{"rendered":"Fermoirs mousquetons dor\u00e9s"},"content":{"rendered":"<p>Fermoirs mousqueton dor\u00e9s : 9 mm &#8211; 10 mm &#8211; 11 mm &#8211; 12 mm &#8211; 13 mm &#8211; 15 mm.<\/p>\n<ul>\n<li>Les fermetures homard en acier sont disponibles dans une large gamme de tailles et ont une finition lisse pour un ajustement confortable.<\/li>\n<li>Le fermoir mousqueton incurv\u00e9 est en acier inoxydable de haute qualit\u00e9. Compar\u00e9 \u00e0 d\u2019autres alliages m\u00e9talliques, il est stable et r\u00e9sistant \u00e0 la corrosion, durable et durable. Et avec de faibles co\u00fbts d\u2019entretien, il est id\u00e9al pour de nombreuses conceptions de bijoux.<\/li>\n<li>Les supports de pinces \u00e0 homard sont compacts et flexibles, ce qui les rend faciles \u00e0 utiliser. Il est facile \u00e0 ouvrir et \u00e0 fermer. \u00c0 la fin de la fermeture du homard se trouve un petit trou pour enfiler ou accrocher un anneau fendu. Il suffit de placer un anneau de sertissage au bas de la fermeture de la g\u00e2chette du perroquet et de le fermer avec une pince. Placez une cha\u00eene et utilisez-la comme un prolongateur, un accessoire pratique pour faire des bijoux de fantaisie.<\/li>\n<li>Les fermetures \u00e0 homard en acier inoxydable ont un large \u00e9ventail d\u2019utilisations, elles peuvent \u00eatre utilis\u00e9es pour r\u00e9parer certains bijoux existants, accessoires de bijoux fantaisie, etc. Il convient \u00e9galement \u00e0 la fabrication de pi\u00e8ces cr\u00e9atives avec des anneaux de saut, des extensions, des cha\u00eenes et d\u2019autres accessoires en acier inoxydable et divers cristaux de pierres pr\u00e9cieuses, perles et perles de coquille DIY. Comprend des boucles d\u2019oreilles, des bracelets, des bracelets de cheville, des colliers, des pendentifs, des cha\u00eenes \u00e0 la taille, des crochets de porte-cl\u00e9s, des cha\u00eenes de lunettes et de l\u2019artisanat.<\/li>\n<li>Vous pouvez donner le bricolage exquis fait \u00e0 la famille et aux amis qui aiment l\u2019artisanat, car ils conviennent \u00e0 de nombreuses occasions. Tels que les mariages, Thanksgiving, No\u00ebl, les f\u00eates d\u2019anniversaire, les c\u00e9r\u00e9monies de remise des dipl\u00f4mes et bien d\u2019autres. Ce n\u2019est pas seulement un beau cadeau, mais aussi un merveilleux message d\u2019affection et d\u2019amour.<\/li>\n<\/ul>\n<p><img decoding=\"async\" class=\"alignnone size-full wp-image-5115\" src=\"https:\/\/www.artestar.eu%E2%80%8B%E2%80%8B%E2%80%8B%E2%80%8B\/wp-content\/uploads\/2023\/06\/stainless-steel-lobster-clasp-gold-parrot-trigger-locks.jpg\" alt=\"Fermoirs mousquetons dor\u00e9s\" width=\"600\" height=\"600\" srcset=\"https:\/\/www.artestar.eu\/wp-content\/uploads\/2023\/06\/stainless-steel-lobster-clasp-gold-parrot-trigger-locks.jpg 600w, https:\/\/www.artestar.eu\/wp-content\/uploads\/2023\/06\/stainless-steel-lobster-clasp-gold-parrot-trigger-locks-300x300.jpg 300w, https:\/\/www.artestar.eu\/wp-content\/uploads\/2023\/06\/stainless-steel-lobster-clasp-gold-parrot-trigger-locks-150x150.jpg 150w, https:\/\/www.artestar.eu\/wp-content\/uploads\/2023\/06\/stainless-steel-lobster-clasp-gold-parrot-trigger-locks-450x450.jpg 450w, https:\/\/www.artestar.eu\/wp-content\/uploads\/2023\/06\/stainless-steel-lobster-clasp-gold-parrot-trigger-locks-54x54.jpg 54w\" sizes=\"(max-width: 600px) 100vw, 600px\" \/><\/p>\n<h5>Fermoirs mousquetons dor\u00e9s<\/h5>\n<ul>\n<li>Attention : Ces accessoires en acier inoxydable sont de petites pi\u00e8ces, veuillez les garder hors de port\u00e9e des enfants.<\/li>\n<li>Tous nos accessoires en acier inoxydable sont disponibles en deux couleurs, or et acier. Chacun est disponible en diff\u00e9rentes tailles, en grande quantit\u00e9 et dans des tailles uniformes, vous donnant la libert\u00e9 de cr\u00e9er votre accessoire de bijoux pr\u00e9f\u00e9r\u00e9.<\/li>\n<\/ul>\n","protected":false},"excerpt":{"rendered":"<p><img decoding=\"async\" class=\"alignnone size-full wp-image-6375\" src=\"https:\/\/www.artestar.eu%E2%80%8B%E2%80%8B%E2%80%8B%E2%80%8B\/wp-content\/uploads\/2023\/06\/size-lobster-clasps-gold-7.jpg\" alt=\"Fermetures de homard dor\u00e9es\" width=\"1000\" height=\"180\" srcset=\"https:\/\/www.artestar.eu\/wp-content\/uploads\/2023\/06\/size-lobster-clasps-gold-7.jpg 1000w, https:\/\/www.artestar.eu\/wp-content\/uploads\/2023\/06\/size-lobster-clasps-gold-7-300x54.jpg 300w, https:\/\/www.artestar.eu\/wp-content\/uploads\/2023\/06\/size-lobster-clasps-gold-7-768x138.jpg 768w, https:\/\/www.artestar.eu\/wp-content\/uploads\/2023\/06\/size-lobster-clasps-gold-7-600x108.jpg 600w, https:\/\/www.artestar.eu\/wp-content\/uploads\/2023\/06\/size-lobster-clasps-gold-7-90x16.jpg 90w\" sizes=\"(max-width: 1000px) 100vw, 1000px\" \/>Quantit\u00e9 approximative<\/p>\n<ul>\n<li>Mat\u00e9riau : Acier inoxydable<\/li>\n<li>Que vous fabriquiez ou portiez des bijoux, une broche homard en acier inoxydable est une pi\u00e8ce pratique et fiable.<\/li>\n<\/ul>\n","protected":false},"featured_media":12602,"comment_status":"open","ping_status":"closed","template":"","meta":[],"product_cat":[2006,1665],"product_tag":[],"yoast_head":"<!-- This site is optimized with the Yoast SEO Premium plugin v20.5 (Yoast SEO v21.5) - https:\/\/yoast.com\/wordpress\/plugins\/seo\/ -->\n<title>Fermoirs mousquetons dor\u00e9s - Artestar<\/title>\n<meta name=\"description\" content=\"Les fermoirs mousqueton dor\u00e9s peuvent \u00eatre utilis\u00e9s pour accrocher des cha\u00eenes, ajuster les longueurs et constituent un excellent accessoire pour terminer les accessoires.\" \/>\n<meta name=\"robots\" content=\"index, follow, max-snippet:-1, max-image-preview:large, max-video-preview:-1\" \/>\n<link rel=\"canonical\" href=\"https:\/\/www.artestar.eu\/fr\/de-gros\/fermoirs-mousqueton-dores\/\" \/>\n<meta property=\"og:locale\" content=\"fr_FR\" \/>\n<meta property=\"og:type\" content=\"article\" \/>\n<meta property=\"og:title\" content=\"Fermoirs mousquetons dor\u00e9s\" \/>\n<meta property=\"og:description\" content=\"Les fermoirs mousqueton dor\u00e9s peuvent \u00eatre utilis\u00e9s pour accrocher des cha\u00eenes, ajuster les longueurs et constituent un excellent accessoire pour terminer les accessoires.\" \/>\n<meta property=\"og:url\" content=\"https:\/\/www.artestar.eu\/fr\/de-gros\/fermoirs-mousqueton-dores\/\" \/>\n<meta property=\"og:site_name\" content=\"Artestar\" \/>\n<meta property=\"article:publisher\" content=\"https:\/\/www.facebook.com\/ARTESTAREU\" \/>\n<meta property=\"article:modified_time\" content=\"2023-10-25T03:47:10+00:00\" \/>\n<meta property=\"og:image\" content=\"https:\/\/www.artestar.eu\/wp-content\/uploads\/2023\/06\/stainless-steel-lobster-clasp-gold.jpg\" \/>\n\t<meta property=\"og:image:width\" content=\"600\" \/>\n\t<meta property=\"og:image:height\" content=\"600\" \/>\n\t<meta property=\"og:image:type\" content=\"image\/jpeg\" \/>\n<meta name=\"twitter:card\" content=\"summary_large_image\" \/>\n<meta name=\"twitter:label1\" content=\"Availability\" \/>\n\t<meta name=\"twitter:data1\" content=\"En stock\" \/>\n<script type=\"application\/ld+json\" class=\"yoast-schema-graph\">{\"@context\":\"https:\/\/schema.org\",\"@graph\":[{\"@type\":\"WebPage\",\"@id\":\"https:\/\/www.artestar.eu\/fr\/de-gros\/fermoirs-mousqueton-dores\/\",\"url\":\"https:\/\/www.artestar.eu\/fr\/de-gros\/fermoirs-mousqueton-dores\/\",\"name\":\"Fermoirs mousquetons dor\u00e9s - Artestar\",\"isPartOf\":{\"@id\":\"https:\/\/www.artestar.eu\/fr\/#website\"},\"datePublished\":\"2023-06-02T02:17:36+00:00\",\"dateModified\":\"2023-10-25T03:47:10+00:00\",\"description\":\"Les fermoirs mousqueton dor\u00e9s peuvent \u00eatre utilis\u00e9s pour accrocher des cha\u00eenes, ajuster les longueurs et constituent un excellent accessoire pour terminer les accessoires.\",\"breadcrumb\":{\"@id\":\"https:\/\/www.artestar.eu\/fr\/de-gros\/fermoirs-mousqueton-dores\/#breadcrumb\"},\"inLanguage\":\"fr-FR\",\"potentialAction\":[{\"@type\":\"ReadAction\",\"target\":[\"https:\/\/www.artestar.eu\/fr\/de-gros\/fermoirs-mousqueton-dores\/\"]}]},{\"@type\":\"BreadcrumbList\",\"@id\":\"https:\/\/www.artestar.eu\/fr\/de-gros\/fermoirs-mousqueton-dores\/#breadcrumb\",\"itemListElement\":[{\"@type\":\"ListItem\",\"position\":1,\"name\":\"Artestar\",\"item\":\"https:\/\/www.artestar.eu\/fr\/\"},{\"@type\":\"ListItem\",\"position\":2,\"name\":\"De gros\",\"item\":\"https:\/\/www.artestar.eu\/fr\/de-gros\/\"},{\"@type\":\"ListItem\",\"position\":3,\"name\":\"Fermoirs mousquetons dor\u00e9s\"}]},{\"@type\":\"WebSite\",\"@id\":\"https:\/\/www.artestar.eu\/fr\/#website\",\"url\":\"https:\/\/www.artestar.eu\/fr\/\",\"name\":\"Artestar\",\"description\":\"Mayorista en abalorios y joyer\u00eda\",\"publisher\":{\"@id\":\"https:\/\/www.artestar.eu\/fr\/#organization\"},\"alternateName\":\"Artestar-EU\",\"potentialAction\":[{\"@type\":\"SearchAction\",\"target\":{\"@type\":\"EntryPoint\",\"urlTemplate\":\"https:\/\/www.artestar.eu\/fr\/?s={search_term_string}\"},\"query-input\":\"required name=search_term_string\"}],\"inLanguage\":\"fr-FR\"},{\"@type\":[\"Organization\",\"Place\"],\"@id\":\"https:\/\/www.artestar.eu\/fr\/#organization\",\"name\":\"RUBY ABALORIO S.L.\",\"alternateName\":\"Artestar\",\"url\":\"https:\/\/www.artestar.eu\/fr\/\",\"logo\":{\"@id\":\"https:\/\/www.artestar.eu\/fr\/de-gros\/fermoirs-mousqueton-dores\/#local-main-organization-logo\"},\"image\":{\"@id\":\"https:\/\/www.artestar.eu\/fr\/de-gros\/fermoirs-mousqueton-dores\/#local-main-organization-logo\"},\"sameAs\":[\"https:\/\/www.facebook.com\/ARTESTAREU\",\"https:\/\/www.instagram.com\/artestareu\/\",\"https:\/\/www.pinterest.es\/artestar_eu\/\",\"https:\/\/www.tiktok.com\/@artestar_wholesale\"],\"openingHoursSpecification\":[{\"@type\":\"OpeningHoursSpecification\",\"dayOfWeek\":[\"Monday\",\"Tuesday\",\"Wednesday\",\"Thursday\",\"Friday\",\"Saturday\",\"Sunday\"],\"opens\":\"09:00\",\"closes\":\"17:00\"}]},{\"@type\":\"ImageObject\",\"inLanguage\":\"fr-FR\",\"@id\":\"https:\/\/www.artestar.eu\/fr\/de-gros\/fermoirs-mousqueton-dores\/#local-main-organization-logo\",\"url\":\"https:\/\/www.artestar.eu\/wp-content\/uploads\/2023\/05\/cropped-png.png\",\"contentUrl\":\"https:\/\/www.artestar.eu\/wp-content\/uploads\/2023\/05\/cropped-png.png\",\"width\":512,\"height\":512,\"caption\":\"RUBY ABALORIO S.L.\"}]}<\/script>\n<meta property=\"og:availability\" content=\"instock\" \/>\n<meta property=\"product:availability\" content=\"instock\" \/>\n<meta property=\"product:retailer_item_id\" content=\"BXG0009-0014\" \/>\n<meta property=\"product:condition\" content=\"new\" \/>\n<!-- \/ Yoast SEO Premium plugin. -->","yoast_head_json":{"title":"Fermoirs mousquetons dor\u00e9s - Artestar","description":"Les fermoirs mousqueton dor\u00e9s peuvent \u00eatre utilis\u00e9s pour accrocher des cha\u00eenes, ajuster les longueurs et constituent un excellent accessoire pour terminer les accessoires.","robots":{"index":"index","follow":"follow","max-snippet":"max-snippet:-1","max-image-preview":"max-image-preview:large","max-video-preview":"max-video-preview:-1"},"canonical":"https:\/\/www.artestar.eu\/fr\/de-gros\/fermoirs-mousqueton-dores\/","og_locale":"fr_FR","og_type":"article","og_title":"Fermoirs mousquetons dor\u00e9s","og_description":"Les fermoirs mousqueton dor\u00e9s peuvent \u00eatre utilis\u00e9s pour accrocher des cha\u00eenes, ajuster les longueurs et constituent un excellent accessoire pour terminer les accessoires.","og_url":"https:\/\/www.artestar.eu\/fr\/de-gros\/fermoirs-mousqueton-dores\/","og_site_name":"Artestar","article_publisher":"https:\/\/www.facebook.com\/ARTESTAREU","article_modified_time":"2023-10-25T03:47:10+00:00","og_image":[{"width":600,"height":600,"url":"https:\/\/www.artestar.eu\/wp-content\/uploads\/2023\/06\/stainless-steel-lobster-clasp-gold.jpg","type":"image\/jpeg"}],"twitter_card":"summary_large_image","twitter_misc":{"Availability":"En stock"},"schema":{"@context":"https:\/\/schema.org","@graph":[{"@type":"WebPage","@id":"https:\/\/www.artestar.eu\/fr\/de-gros\/fermoirs-mousqueton-dores\/","url":"https:\/\/www.artestar.eu\/fr\/de-gros\/fermoirs-mousqueton-dores\/","name":"Fermoirs mousquetons dor\u00e9s - Artestar","isPartOf":{"@id":"https:\/\/www.artestar.eu\/fr\/#website"},"datePublished":"2023-06-02T02:17:36+00:00","dateModified":"2023-10-25T03:47:10+00:00","description":"Les fermoirs mousqueton dor\u00e9s peuvent \u00eatre utilis\u00e9s pour accrocher des cha\u00eenes, ajuster les longueurs et constituent un excellent accessoire pour terminer les accessoires.","breadcrumb":{"@id":"https:\/\/www.artestar.eu\/fr\/de-gros\/fermoirs-mousqueton-dores\/#breadcrumb"},"inLanguage":"fr-FR","potentialAction":[{"@type":"ReadAction","target":["https:\/\/www.artestar.eu\/fr\/de-gros\/fermoirs-mousqueton-dores\/"]}]},{"@type":"BreadcrumbList","@id":"https:\/\/www.artestar.eu\/fr\/de-gros\/fermoirs-mousqueton-dores\/#breadcrumb","itemListElement":[{"@type":"ListItem","position":1,"name":"Artestar","item":"https:\/\/www.artestar.eu\/fr\/"},{"@type":"ListItem","position":2,"name":"De gros","item":"https:\/\/www.artestar.eu\/fr\/de-gros\/"},{"@type":"ListItem","position":3,"name":"Fermoirs mousquetons dor\u00e9s"}]},{"@type":"WebSite","@id":"https:\/\/www.artestar.eu\/fr\/#website","url":"https:\/\/www.artestar.eu\/fr\/","name":"Artestar","description":"Mayorista en abalorios y joyer\u00eda","publisher":{"@id":"https:\/\/www.artestar.eu\/fr\/#organization"},"alternateName":"Artestar-EU","potentialAction":[{"@type":"SearchAction","target":{"@type":"EntryPoint","urlTemplate":"https:\/\/www.artestar.eu\/fr\/?s={search_term_string}"},"query-input":"required name=search_term_string"}],"inLanguage":"fr-FR"},{"@type":["Organization","Place"],"@id":"https:\/\/www.artestar.eu\/fr\/#organization","name":"RUBY ABALORIO S.L.","alternateName":"Artestar","url":"https:\/\/www.artestar.eu\/fr\/","logo":{"@id":"https:\/\/www.artestar.eu\/fr\/de-gros\/fermoirs-mousqueton-dores\/#local-main-organization-logo"},"image":{"@id":"https:\/\/www.artestar.eu\/fr\/de-gros\/fermoirs-mousqueton-dores\/#local-main-organization-logo"},"sameAs":["https:\/\/www.facebook.com\/ARTESTAREU","https:\/\/www.instagram.com\/artestareu\/","https:\/\/www.pinterest.es\/artestar_eu\/","https:\/\/www.tiktok.com\/@artestar_wholesale"],"openingHoursSpecification":[{"@type":"OpeningHoursSpecification","dayOfWeek":["Monday","Tuesday","Wednesday","Thursday","Friday","Saturday","Sunday"],"opens":"09:00","closes":"17:00"}]},{"@type":"ImageObject","inLanguage":"fr-FR","@id":"https:\/\/www.artestar.eu\/fr\/de-gros\/fermoirs-mousqueton-dores\/#local-main-organization-logo","url":"https:\/\/www.artestar.eu\/wp-content\/uploads\/2023\/05\/cropped-png.png","contentUrl":"https:\/\/www.artestar.eu\/wp-content\/uploads\/2023\/05\/cropped-png.png","width":512,"height":512,"caption":"RUBY ABALORIO S.L."}]},"og_availability":"instock","product_availability":"instock","product_retailer_item_id":"BXG0009-0014","product_condition":"new"},"tiered_pricing_type":"fixed","tiered_pricing_fixed_rules":[],"tiered_pricing_percentage_rules":[],"tiered_pricing_minimum":null,"_administrator_tiered_pricing_type":"fixed","_administrator_tiered_pricing_fixed_rules":[],"_editor_tiered_pricing_type":"fixed","_editor_tiered_pricing_fixed_rules":[],"_author_tiered_pricing_type":"fixed","_author_tiered_pricing_fixed_rules":[],"_contributor_tiered_pricing_type":"fixed","_contributor_tiered_pricing_fixed_rules":[],"_subscriber_tiered_pricing_type":"fixed","_subscriber_tiered_pricing_fixed_rules":[],"_wpseo_manager_tiered_pricing_type":"fixed","_wpseo_manager_tiered_pricing_fixed_rules":[],"_wpseo_editor_tiered_pricing_type":"fixed","_wpseo_editor_tiered_pricing_fixed_rules":[],"_customer_tiered_pricing_type":"fixed","_customer_tiered_pricing_fixed_rules":[],"_shop_manager_tiered_pricing_type":"fixed","_shop_manager_tiered_pricing_fixed_rules":[],"_product_manager_tiered_pricing_type":"fixed","_product_manager_tiered_pricing_fixed_rules":[],"_links":{"self":[{"href":"https:\/\/www.artestar.eu\/fr\/wp-json\/wp\/v2\/product\/27214"}],"collection":[{"href":"https:\/\/www.artestar.eu\/fr\/wp-json\/wp\/v2\/product"}],"about":[{"href":"https:\/\/www.artestar.eu\/fr\/wp-json\/wp\/v2\/types\/product"}],"replies":[{"embeddable":true,"href":"https:\/\/www.artestar.eu\/fr\/wp-json\/wp\/v2\/comments?post=27214"}],"version-history":[{"count":2,"href":"https:\/\/www.artestar.eu\/fr\/wp-json\/wp\/v2\/product\/27214\/revisions"}],"predecessor-version":[{"id":37162,"href":"https:\/\/www.artestar.eu\/fr\/wp-json\/wp\/v2\/product\/27214\/revisions\/37162"}],"wp:featuredmedia":[{"embeddable":true,"href":"https:\/\/www.artestar.eu\/fr\/wp-json\/wp\/v2\/media\/12602"}],"wp:attachment":[{"href":"https:\/\/www.artestar.eu\/fr\/wp-json\/wp\/v2\/media?parent=27214"}],"wp:term":[{"taxonomy":"product_cat","embeddable":true,"href":"https:\/\/www.artestar.eu\/fr\/wp-json\/wp\/v2\/product_cat?post=27214"},{"taxonomy":"product_tag","embeddable":true,"href":"https:\/\/www.artestar.eu\/fr\/wp-json\/wp\/v2\/product_tag?post=27214"}],"curies":[{"name":"wp","href":"https:\/\/api.w.org\/{rel}","templated":true}]}}