{"id":27271,"date":"2023-06-02T02:21:24","date_gmt":"2023-06-02T02:21:24","guid":{"rendered":"https:\/\/www.artestar.eu\/al-por-mayor\/separadores-perlas-cultivadas\/"},"modified":"2023-10-25T03:41:18","modified_gmt":"2023-10-25T03:41:18","slug":"separateurs-perles-cultivees-2","status":"publish","type":"product","link":"https:\/\/www.artestar.eu\/fr\/de-gros\/separateurs-perles-cultivees-2\/","title":{"rendered":"S\u00e9parateurs de perles de culture"},"content":{"rendered":"<p>S\u00e9parateurs de perles de culture naturelles: Les entretoises naturelles en nacre sont disponibles dans de nombreuses tailles diff\u00e9rentes. Ainsi, vous pouvez choisir la taille qui vous convient le mieux et bricoler avec n\u2019importe quel style de bijoux que vous voulez.<\/p>\n<ul>\n<li>Les perles de culture d\u2019eau douce 100% naturelles proviennent d\u2019hu\u00eetres et ont une forme naturelle. Ces perles s\u00e9paratrices de perles ont une surface ronde et fra\u00eeche et sont tr\u00e8s confortables et \u00e9l\u00e9gantes \u00e0 porter. Si vous regardez attentivement, vous verrez \u00e9galement que les perles de culture naturelles ont une texture unique qui leur donne une touche \u00e9l\u00e9gante.<\/li>\n<li>Comme ces perles que nous avons sont perfor\u00e9es, vous n\u2019aurez pas \u00e0 forcer pour les percer. Vous pouvez choisir parmi diff\u00e9rentes tailles, formes et couleurs de perles, avec des conceptions d\u2019espacement sp\u00e9cifiques, pour cr\u00e9er des bijoux uniques. Ainsi, chacun peut avoir ses propres bijoux sp\u00e9ciaux en perles.<\/li>\n<li>Les s\u00e9parateurs de perles de culture d\u2019eau douce sont d\u2019excellents accessoires pour l\u2019artisanat. Qu\u2019il s\u2019agisse d\u2019une robe de soir\u00e9e formelle, d\u2019un look d\u00e9contract\u00e9 de tous les jours ou d\u2019une tenue de f\u00eate \u00e9l\u00e9gante, un s\u00e9parateur de perles ajoute un accent lumineux. Il apporte classe et \u00e9l\u00e9gance \u00e0 l\u2019ensemble et ajoute une touche de grandeur \u00e0 votre sens de la mode.<\/li>\n<li>Qu\u2019il s\u2019agisse d\u2019un anniversaire, d\u2019un mariage, d\u2019un mariage ou de toute autre occasion sp\u00e9ciale, un accessoire de la collection Perles de Perles est un cadeau pr\u00e9cieux et significatif. Ils expriment une affection particuli\u00e8re et des v\u0153ux pour le destinataire et deviennent un tr\u00e9sor imp\u00e9rissable.<\/li>\n<\/ul>\n<p><img decoding=\"async\" class=\"alignnone wp-image-8472 size-full\" src=\"https:\/\/www.artestar.eu%E2%80%8B%E2%80%8B%E2%80%8B%E2%80%8B\/wp-content\/uploads\/2023\/06\/freshwater-cultured-pearls-21.jpg\" alt=\"S\u00e9parateurs de perles de culture naturelles\" width=\"600\" height=\"600\" srcset=\"https:\/\/www.artestar.eu\/wp-content\/uploads\/2023\/06\/freshwater-cultured-pearls-21.jpg 600w, https:\/\/www.artestar.eu\/wp-content\/uploads\/2023\/06\/freshwater-cultured-pearls-21-300x300.jpg 300w, https:\/\/www.artestar.eu\/wp-content\/uploads\/2023\/06\/freshwater-cultured-pearls-21-150x150.jpg 150w, https:\/\/www.artestar.eu\/wp-content\/uploads\/2023\/06\/freshwater-cultured-pearls-21-450x450.jpg 450w, https:\/\/www.artestar.eu\/wp-content\/uploads\/2023\/06\/freshwater-cultured-pearls-21-54x54.jpg 54w\" sizes=\"(max-width: 600px) 100vw, 600px\" \/><\/p>\n<h5>S\u00e9parateurs de perles de culture naturelles<\/h5>\n<ul>\n<li>Toutes les perles de culture naturelles sont uniques. En raison de l\u2019\u00e9clairage et des param\u00e8tres de l\u2019ordinateur, le produit re\u00e7u peut varier l\u00e9g\u00e8rement, veuillez lire les tailles des diff\u00e9rentes entretoises de perles avant d\u2019acheter.<\/li>\n<li>Am\u00e9liorer la m\u00e9moire en activant la production de facteurs de croissance dans les cellules nerveuses du cerveau. Et stimuler la production de collag\u00e8ne, qui r\u00e9g\u00e9n\u00e8re rapidement la couche de peau de notre corps, nous faisant sentir beaux et vibrants.<\/li>\n<\/ul>\n","protected":false},"excerpt":{"rendered":"<p><img decoding=\"async\" class=\"alignnone size-full wp-image-8529\" src=\"https:\/\/www.artestar.eu%E2%80%8B%E2%80%8B%E2%80%8B%E2%80%8B\/wp-content\/uploads\/2023\/06\/cultured-pearl-spacers-2.jpg\" alt=\"S\u00e9parateurs de perles de culture de taille\" width=\"1000\" height=\"180\" srcset=\"https:\/\/www.artestar.eu\/wp-content\/uploads\/2023\/06\/cultured-pearl-spacers-2.jpg 1000w, https:\/\/www.artestar.eu\/wp-content\/uploads\/2023\/06\/cultured-pearl-spacers-2-300x54.jpg 300w, https:\/\/www.artestar.eu\/wp-content\/uploads\/2023\/06\/cultured-pearl-spacers-2-768x138.jpg 768w, https:\/\/www.artestar.eu\/wp-content\/uploads\/2023\/06\/cultured-pearl-spacers-2-600x108.jpg 600w, https:\/\/www.artestar.eu\/wp-content\/uploads\/2023\/06\/cultured-pearl-spacers-2-90x16.jpg 90w\" sizes=\"(max-width: 1000px) 100vw, 1000px\" \/>Montant approximatif<\/p>\n<ul>\n<li>Mat\u00e9riel: Perles d\u2019eau douce de culture naturelles<\/li>\n<li>Utilis\u00e9 pour fabriquer des colliers, bracelets et autres bijoux<\/li>\n<li>Toutes les perles de culture naturelles sont uniques.<\/li>\n<\/ul>\n","protected":false},"featured_media":12452,"comment_status":"open","ping_status":"closed","template":"","meta":[],"product_cat":[1992,1489,1509],"product_tag":[],"yoast_head":"<!-- This site is optimized with the Yoast SEO Premium plugin v20.5 (Yoast SEO v21.5) - https:\/\/yoast.com\/wordpress\/plugins\/seo\/ -->\n<title>S\u00e9parateurs de perles de culture naturelles- Artestar<\/title>\n<meta name=\"description\" content=\"Les s\u00e9parateurs de perles de culture d\u2019eau douce sont d\u2019excellents accessoires pour l\u2019artisanat. Toutes les perles de culture naturelles sont uniques.\" \/>\n<meta name=\"robots\" content=\"index, follow, max-snippet:-1, max-image-preview:large, max-video-preview:-1\" \/>\n<link rel=\"canonical\" href=\"https:\/\/www.artestar.eu\/fr\/de-gros\/separateurs-perles-cultivees-2\/\" \/>\n<meta property=\"og:locale\" content=\"fr_FR\" \/>\n<meta property=\"og:type\" content=\"article\" \/>\n<meta property=\"og:title\" content=\"S\u00e9parateurs de perles de culture\" \/>\n<meta property=\"og:description\" content=\"Les s\u00e9parateurs de perles de culture d\u2019eau douce sont d\u2019excellents accessoires pour l\u2019artisanat. Toutes les perles de culture naturelles sont uniques.\" \/>\n<meta property=\"og:url\" content=\"https:\/\/www.artestar.eu\/fr\/de-gros\/separateurs-perles-cultivees-2\/\" \/>\n<meta property=\"og:site_name\" content=\"Artestar\" \/>\n<meta property=\"article:publisher\" content=\"https:\/\/www.facebook.com\/ARTESTAREU\" \/>\n<meta property=\"article:modified_time\" content=\"2023-10-25T03:41:18+00:00\" \/>\n<meta property=\"og:image\" content=\"https:\/\/www.artestar.eu\/wp-content\/uploads\/2023\/06\/freshwater-cultured-pearls-1.jpg\" \/>\n\t<meta property=\"og:image:width\" content=\"600\" \/>\n\t<meta property=\"og:image:height\" content=\"600\" \/>\n\t<meta property=\"og:image:type\" content=\"image\/jpeg\" \/>\n<meta name=\"twitter:card\" content=\"summary_large_image\" \/>\n<meta name=\"twitter:label1\" content=\"Availability\" \/>\n\t<meta name=\"twitter:data1\" content=\"En stock\" \/>\n<script type=\"application\/ld+json\" class=\"yoast-schema-graph\">{\"@context\":\"https:\/\/schema.org\",\"@graph\":[{\"@type\":\"WebPage\",\"@id\":\"https:\/\/www.artestar.eu\/fr\/de-gros\/separateurs-perles-cultivees-2\/\",\"url\":\"https:\/\/www.artestar.eu\/fr\/de-gros\/separateurs-perles-cultivees-2\/\",\"name\":\"S\u00e9parateurs de perles de culture naturelles- Artestar\",\"isPartOf\":{\"@id\":\"https:\/\/www.artestar.eu\/fr\/#website\"},\"datePublished\":\"2023-06-02T02:21:24+00:00\",\"dateModified\":\"2023-10-25T03:41:18+00:00\",\"description\":\"Les s\u00e9parateurs de perles de culture d\u2019eau douce sont d\u2019excellents accessoires pour l\u2019artisanat. Toutes les perles de culture naturelles sont uniques.\",\"breadcrumb\":{\"@id\":\"https:\/\/www.artestar.eu\/fr\/de-gros\/separateurs-perles-cultivees-2\/#breadcrumb\"},\"inLanguage\":\"fr-FR\",\"potentialAction\":[{\"@type\":\"ReadAction\",\"target\":[\"https:\/\/www.artestar.eu\/fr\/de-gros\/separateurs-perles-cultivees-2\/\"]}]},{\"@type\":\"BreadcrumbList\",\"@id\":\"https:\/\/www.artestar.eu\/fr\/de-gros\/separateurs-perles-cultivees-2\/#breadcrumb\",\"itemListElement\":[{\"@type\":\"ListItem\",\"position\":1,\"name\":\"Artestar\",\"item\":\"https:\/\/www.artestar.eu\/fr\/\"},{\"@type\":\"ListItem\",\"position\":2,\"name\":\"De gros\",\"item\":\"https:\/\/www.artestar.eu\/fr\/de-gros\/\"},{\"@type\":\"ListItem\",\"position\":3,\"name\":\"S\u00e9parateurs de perles de culture\"}]},{\"@type\":\"WebSite\",\"@id\":\"https:\/\/www.artestar.eu\/fr\/#website\",\"url\":\"https:\/\/www.artestar.eu\/fr\/\",\"name\":\"Artestar\",\"description\":\"Mayorista en abalorios y joyer\u00eda\",\"publisher\":{\"@id\":\"https:\/\/www.artestar.eu\/fr\/#organization\"},\"alternateName\":\"Artestar-EU\",\"potentialAction\":[{\"@type\":\"SearchAction\",\"target\":{\"@type\":\"EntryPoint\",\"urlTemplate\":\"https:\/\/www.artestar.eu\/fr\/?s={search_term_string}\"},\"query-input\":\"required name=search_term_string\"}],\"inLanguage\":\"fr-FR\"},{\"@type\":[\"Organization\",\"Place\"],\"@id\":\"https:\/\/www.artestar.eu\/fr\/#organization\",\"name\":\"RUBY ABALORIO S.L.\",\"alternateName\":\"Artestar\",\"url\":\"https:\/\/www.artestar.eu\/fr\/\",\"logo\":{\"@id\":\"https:\/\/www.artestar.eu\/fr\/de-gros\/separateurs-perles-cultivees-2\/#local-main-organization-logo\"},\"image\":{\"@id\":\"https:\/\/www.artestar.eu\/fr\/de-gros\/separateurs-perles-cultivees-2\/#local-main-organization-logo\"},\"sameAs\":[\"https:\/\/www.facebook.com\/ARTESTAREU\",\"https:\/\/www.instagram.com\/artestareu\/\",\"https:\/\/www.pinterest.es\/artestar_eu\/\",\"https:\/\/www.tiktok.com\/@artestar_wholesale\"],\"openingHoursSpecification\":[{\"@type\":\"OpeningHoursSpecification\",\"dayOfWeek\":[\"Monday\",\"Tuesday\",\"Wednesday\",\"Thursday\",\"Friday\",\"Saturday\",\"Sunday\"],\"opens\":\"09:00\",\"closes\":\"17:00\"}]},{\"@type\":\"ImageObject\",\"inLanguage\":\"fr-FR\",\"@id\":\"https:\/\/www.artestar.eu\/fr\/de-gros\/separateurs-perles-cultivees-2\/#local-main-organization-logo\",\"url\":\"https:\/\/www.artestar.eu\/wp-content\/uploads\/2023\/05\/cropped-png.png\",\"contentUrl\":\"https:\/\/www.artestar.eu\/wp-content\/uploads\/2023\/05\/cropped-png.png\",\"width\":512,\"height\":512,\"caption\":\"RUBY ABALORIO S.L.\"}]}<\/script>\n<meta property=\"og:availability\" content=\"instock\" \/>\n<meta property=\"product:availability\" content=\"instock\" \/>\n<meta property=\"product:retailer_item_id\" content=\"ZZ-GZ-0001-0004\" \/>\n<meta property=\"product:condition\" content=\"new\" \/>\n<!-- \/ Yoast SEO Premium plugin. -->","yoast_head_json":{"title":"S\u00e9parateurs de perles de culture naturelles- Artestar","description":"Les s\u00e9parateurs de perles de culture d\u2019eau douce sont d\u2019excellents accessoires pour l\u2019artisanat. Toutes les perles de culture naturelles sont uniques.","robots":{"index":"index","follow":"follow","max-snippet":"max-snippet:-1","max-image-preview":"max-image-preview:large","max-video-preview":"max-video-preview:-1"},"canonical":"https:\/\/www.artestar.eu\/fr\/de-gros\/separateurs-perles-cultivees-2\/","og_locale":"fr_FR","og_type":"article","og_title":"S\u00e9parateurs de perles de culture","og_description":"Les s\u00e9parateurs de perles de culture d\u2019eau douce sont d\u2019excellents accessoires pour l\u2019artisanat. Toutes les perles de culture naturelles sont uniques.","og_url":"https:\/\/www.artestar.eu\/fr\/de-gros\/separateurs-perles-cultivees-2\/","og_site_name":"Artestar","article_publisher":"https:\/\/www.facebook.com\/ARTESTAREU","article_modified_time":"2023-10-25T03:41:18+00:00","og_image":[{"width":600,"height":600,"url":"https:\/\/www.artestar.eu\/wp-content\/uploads\/2023\/06\/freshwater-cultured-pearls-1.jpg","type":"image\/jpeg"}],"twitter_card":"summary_large_image","twitter_misc":{"Availability":"En stock"},"schema":{"@context":"https:\/\/schema.org","@graph":[{"@type":"WebPage","@id":"https:\/\/www.artestar.eu\/fr\/de-gros\/separateurs-perles-cultivees-2\/","url":"https:\/\/www.artestar.eu\/fr\/de-gros\/separateurs-perles-cultivees-2\/","name":"S\u00e9parateurs de perles de culture naturelles- Artestar","isPartOf":{"@id":"https:\/\/www.artestar.eu\/fr\/#website"},"datePublished":"2023-06-02T02:21:24+00:00","dateModified":"2023-10-25T03:41:18+00:00","description":"Les s\u00e9parateurs de perles de culture d\u2019eau douce sont d\u2019excellents accessoires pour l\u2019artisanat. Toutes les perles de culture naturelles sont uniques.","breadcrumb":{"@id":"https:\/\/www.artestar.eu\/fr\/de-gros\/separateurs-perles-cultivees-2\/#breadcrumb"},"inLanguage":"fr-FR","potentialAction":[{"@type":"ReadAction","target":["https:\/\/www.artestar.eu\/fr\/de-gros\/separateurs-perles-cultivees-2\/"]}]},{"@type":"BreadcrumbList","@id":"https:\/\/www.artestar.eu\/fr\/de-gros\/separateurs-perles-cultivees-2\/#breadcrumb","itemListElement":[{"@type":"ListItem","position":1,"name":"Artestar","item":"https:\/\/www.artestar.eu\/fr\/"},{"@type":"ListItem","position":2,"name":"De gros","item":"https:\/\/www.artestar.eu\/fr\/de-gros\/"},{"@type":"ListItem","position":3,"name":"S\u00e9parateurs de perles de culture"}]},{"@type":"WebSite","@id":"https:\/\/www.artestar.eu\/fr\/#website","url":"https:\/\/www.artestar.eu\/fr\/","name":"Artestar","description":"Mayorista en abalorios y joyer\u00eda","publisher":{"@id":"https:\/\/www.artestar.eu\/fr\/#organization"},"alternateName":"Artestar-EU","potentialAction":[{"@type":"SearchAction","target":{"@type":"EntryPoint","urlTemplate":"https:\/\/www.artestar.eu\/fr\/?s={search_term_string}"},"query-input":"required name=search_term_string"}],"inLanguage":"fr-FR"},{"@type":["Organization","Place"],"@id":"https:\/\/www.artestar.eu\/fr\/#organization","name":"RUBY ABALORIO S.L.","alternateName":"Artestar","url":"https:\/\/www.artestar.eu\/fr\/","logo":{"@id":"https:\/\/www.artestar.eu\/fr\/de-gros\/separateurs-perles-cultivees-2\/#local-main-organization-logo"},"image":{"@id":"https:\/\/www.artestar.eu\/fr\/de-gros\/separateurs-perles-cultivees-2\/#local-main-organization-logo"},"sameAs":["https:\/\/www.facebook.com\/ARTESTAREU","https:\/\/www.instagram.com\/artestareu\/","https:\/\/www.pinterest.es\/artestar_eu\/","https:\/\/www.tiktok.com\/@artestar_wholesale"],"openingHoursSpecification":[{"@type":"OpeningHoursSpecification","dayOfWeek":["Monday","Tuesday","Wednesday","Thursday","Friday","Saturday","Sunday"],"opens":"09:00","closes":"17:00"}]},{"@type":"ImageObject","inLanguage":"fr-FR","@id":"https:\/\/www.artestar.eu\/fr\/de-gros\/separateurs-perles-cultivees-2\/#local-main-organization-logo","url":"https:\/\/www.artestar.eu\/wp-content\/uploads\/2023\/05\/cropped-png.png","contentUrl":"https:\/\/www.artestar.eu\/wp-content\/uploads\/2023\/05\/cropped-png.png","width":512,"height":512,"caption":"RUBY ABALORIO S.L."}]},"og_availability":"instock","product_availability":"instock","product_retailer_item_id":"ZZ-GZ-0001-0004","product_condition":"new"},"tiered_pricing_type":"fixed","tiered_pricing_fixed_rules":[],"tiered_pricing_percentage_rules":[],"tiered_pricing_minimum":null,"_administrator_tiered_pricing_type":"fixed","_administrator_tiered_pricing_fixed_rules":[],"_editor_tiered_pricing_type":"fixed","_editor_tiered_pricing_fixed_rules":[],"_author_tiered_pricing_type":"fixed","_author_tiered_pricing_fixed_rules":[],"_contributor_tiered_pricing_type":"fixed","_contributor_tiered_pricing_fixed_rules":[],"_subscriber_tiered_pricing_type":"fixed","_subscriber_tiered_pricing_fixed_rules":[],"_wpseo_manager_tiered_pricing_type":"fixed","_wpseo_manager_tiered_pricing_fixed_rules":[],"_wpseo_editor_tiered_pricing_type":"fixed","_wpseo_editor_tiered_pricing_fixed_rules":[],"_customer_tiered_pricing_type":"fixed","_customer_tiered_pricing_fixed_rules":[],"_shop_manager_tiered_pricing_type":"fixed","_shop_manager_tiered_pricing_fixed_rules":[],"_product_manager_tiered_pricing_type":"fixed","_product_manager_tiered_pricing_fixed_rules":[],"_links":{"self":[{"href":"https:\/\/www.artestar.eu\/fr\/wp-json\/wp\/v2\/product\/27271"}],"collection":[{"href":"https:\/\/www.artestar.eu\/fr\/wp-json\/wp\/v2\/product"}],"about":[{"href":"https:\/\/www.artestar.eu\/fr\/wp-json\/wp\/v2\/types\/product"}],"replies":[{"embeddable":true,"href":"https:\/\/www.artestar.eu\/fr\/wp-json\/wp\/v2\/comments?post=27271"}],"version-history":[{"count":3,"href":"https:\/\/www.artestar.eu\/fr\/wp-json\/wp\/v2\/product\/27271\/revisions"}],"predecessor-version":[{"id":37158,"href":"https:\/\/www.artestar.eu\/fr\/wp-json\/wp\/v2\/product\/27271\/revisions\/37158"}],"wp:featuredmedia":[{"embeddable":true,"href":"https:\/\/www.artestar.eu\/fr\/wp-json\/wp\/v2\/media\/12452"}],"wp:attachment":[{"href":"https:\/\/www.artestar.eu\/fr\/wp-json\/wp\/v2\/media?parent=27271"}],"wp:term":[{"taxonomy":"product_cat","embeddable":true,"href":"https:\/\/www.artestar.eu\/fr\/wp-json\/wp\/v2\/product_cat?post=27271"},{"taxonomy":"product_tag","embeddable":true,"href":"https:\/\/www.artestar.eu\/fr\/wp-json\/wp\/v2\/product_tag?post=27271"}],"curies":[{"name":"wp","href":"https:\/\/api.w.org\/{rel}","templated":true}]}}