{"id":27276,"date":"2023-06-13T05:46:55","date_gmt":"2023-06-13T05:46:55","guid":{"rendered":"https:\/\/www.artestar.eu\/al-por-mayor\/cuentas-de-concha-de-labio-negro-estrella\/"},"modified":"2023-10-17T06:09:13","modified_gmt":"2023-10-17T06:09:13","slug":"etoile-noir-levre-coquillage-perles","status":"publish","type":"product","link":"https:\/\/www.artestar.eu\/fr\/de-gros\/etoile-noir-levre-coquillage-perles\/","title":{"rendered":"Perles de coquille de l\u00e8vre noir \u00e9toile"},"content":{"rendered":"<p>Star Black Lip Shell Beads est gris argent\u00e9 dans l\u2019ensemble avec des reflets iris\u00e9s, il a une finition lisse et durable.<\/p>\n<h5>Caract\u00e9ristiques:<\/h5>\n<ul>\n<li>Taille: Parce que les perles de coquille de l\u00e8vre noire \u00e9toile sont disponibles dans une vari\u00e9t\u00e9 de tailles. 10 mm, 12 mm, 15 mm. De quoi r\u00e9pondre \u00e0 vos diff\u00e9rents besoins.<\/li>\n<li>Les perles de coquillage \u00e0 l\u00e8vres noires naturelles peuvent \u00eatre combin\u00e9es avec des crochets de boucle d\u2019oreille pour cr\u00e9er de belles boucles d\u2019oreilles, d\u2019autres bijoux cr\u00e9atifs, des colliers et des bracelets, etc.<\/li>\n<li>Ils peuvent \u00e9galement \u00eatre utilis\u00e9s pour les cadrans de montre, les bijoux fins, les couteaux de luxe, les lampes, les peintures murales, la d\u00e9coration int\u00e9rieure et les mariages.<\/li>\n<li>Comme un symbole de bonne chance et de bons v\u0153ux. Les bijoux en nacre sont le cadeau id\u00e9al pour les anniversaires, les anniversaires, No\u00ebl, la f\u00eate des m\u00e8res et la Saint-Valentin.<\/li>\n<li>Les coquilles \u00e0 l\u00e8vres noires sont un sous-produit naturel qui peut \u00eatre transform\u00e9. Se coupe et se fa\u00e7onne facilement pour cr\u00e9er une vari\u00e9t\u00e9 de beaux produits. Vous avez le choix entre une vari\u00e9t\u00e9 de formes caract\u00e9ristiques.<\/li>\n<li>La nacre apporte une sensation de l\u00e9g\u00e8ret\u00e9 et de force. Il vous aide \u00e0 vous souvenir de votre vrai moi et vous donne une bonne dose de confiance lorsque vous en avez besoin.<\/li>\n<\/ul>\n<h6>Avertissement:<\/h6>\n<ul>\n<li>En raison des diff\u00e9rents dispositifs d\u2019affichage, de l\u00e9gers \u00e9carts de couleur sont autoris\u00e9s.<\/li>\n<li>Les enfants de moins de trois ans doivent \u00e9viter tout contact avec le produit en raison du risque d\u2019\u00e9touffement.<\/li>\n<li>Lorsque vous portez des bijoux en nacre, il est recommand\u00e9 de ne pas les exposer \u00e0 des produits chimiques tels que des parfums, des nettoyants pour le corps et des d\u00e9tergents, car ils peuvent alt\u00e9rer la couleur naturelle de la nacre ou m\u00eame l\u2019endommager. Pour nettoyer la nacre, il suffit de l\u2019essuyer avec un chiffon doux ou un chiffon en microfibre.<\/li>\n<\/ul>\n","protected":false},"excerpt":{"rendered":"<p><img decoding=\"async\" class=\"alignnone wp-image-8585 size-full\" src=\"https:\/\/www.artestar.eu%E2%80%8B%E2%80%8B%E2%80%8B%E2%80%8B\/wp-content\/uploads\/2023\/06\/star-black-lip-shell-beads-size-10mm-15mm-1.jpg\" alt=\"Perles de coquille \u00e0 l\u00e8vres noires taille d\u2019\u00e9toile\" width=\"1000\" height=\"180\" srcset=\"https:\/\/www.artestar.eu\/wp-content\/uploads\/2023\/06\/star-black-lip-shell-beads-size-10mm-15mm-1.jpg 1000w, https:\/\/www.artestar.eu\/wp-content\/uploads\/2023\/06\/star-black-lip-shell-beads-size-10mm-15mm-1-300x54.jpg 300w, https:\/\/www.artestar.eu\/wp-content\/uploads\/2023\/06\/star-black-lip-shell-beads-size-10mm-15mm-1-768x138.jpg 768w, https:\/\/www.artestar.eu\/wp-content\/uploads\/2023\/06\/star-black-lip-shell-beads-size-10mm-15mm-1-600x108.jpg 600w, https:\/\/www.artestar.eu\/wp-content\/uploads\/2023\/06\/star-black-lip-shell-beads-size-10mm-15mm-1-90x16.jpg 90w\" sizes=\"(max-width: 1000px) 100vw, 1000px\" \/>Montant approximatif<\/p>\n<ul>\n<li>Les couleurs de l\u2019arc-en-ciel sont uniques et changent avec la lumi\u00e8re<\/li>\n<li>Utilis\u00e9 pour fabriquer des colliers, bracelets et autres bijoux<\/li>\n<\/ul>\n","protected":false},"featured_media":15061,"comment_status":"open","ping_status":"closed","template":"","meta":[],"product_cat":[1685,1489,1686],"product_tag":[],"yoast_head":"<!-- This site is optimized with the Yoast SEO Premium plugin v20.5 (Yoast SEO v21.5) - https:\/\/yoast.com\/wordpress\/plugins\/seo\/ -->\n<title>Perles de coquillage \u00e0 l\u00e8vres noires Star - Artestar<\/title>\n<meta name=\"description\" content=\"Star Black Lip Shell Beads est gris argent\u00e9 dans l\u2019ensemble avec des reflets iris\u00e9s, il a une finition lisse et durable.\" \/>\n<meta name=\"robots\" content=\"index, follow, max-snippet:-1, max-image-preview:large, max-video-preview:-1\" \/>\n<link rel=\"canonical\" href=\"https:\/\/www.artestar.eu\/fr\/de-gros\/etoile-noir-levre-coquillage-perles\/\" \/>\n<meta property=\"og:locale\" content=\"fr_FR\" \/>\n<meta property=\"og:type\" content=\"article\" \/>\n<meta property=\"og:title\" content=\"Perles de coquille de l\u00e8vre noir \u00e9toile\" \/>\n<meta property=\"og:description\" content=\"Star Black Lip Shell Beads est gris argent\u00e9 dans l\u2019ensemble avec des reflets iris\u00e9s, il a une finition lisse et durable.\" \/>\n<meta property=\"og:url\" content=\"https:\/\/www.artestar.eu\/fr\/de-gros\/etoile-noir-levre-coquillage-perles\/\" \/>\n<meta property=\"og:site_name\" content=\"Artestar\" \/>\n<meta property=\"article:publisher\" content=\"https:\/\/www.facebook.com\/ARTESTAREU\" \/>\n<meta property=\"article:modified_time\" content=\"2023-10-17T06:09:13+00:00\" \/>\n<meta property=\"og:image\" content=\"https:\/\/www.artestar.eu\/wp-content\/uploads\/2023\/06\/star-black-lip-shell-beads.jpg\" \/>\n\t<meta property=\"og:image:width\" content=\"600\" \/>\n\t<meta property=\"og:image:height\" content=\"600\" \/>\n\t<meta property=\"og:image:type\" content=\"image\/jpeg\" \/>\n<meta name=\"twitter:card\" content=\"summary_large_image\" \/>\n<meta name=\"twitter:label1\" content=\"Availability\" \/>\n\t<meta name=\"twitter:data1\" content=\"En stock\" \/>\n<script type=\"application\/ld+json\" class=\"yoast-schema-graph\">{\"@context\":\"https:\/\/schema.org\",\"@graph\":[{\"@type\":\"WebPage\",\"@id\":\"https:\/\/www.artestar.eu\/fr\/de-gros\/etoile-noir-levre-coquillage-perles\/\",\"url\":\"https:\/\/www.artestar.eu\/fr\/de-gros\/etoile-noir-levre-coquillage-perles\/\",\"name\":\"Perles de coquillage \u00e0 l\u00e8vres noires Star - Artestar\",\"isPartOf\":{\"@id\":\"https:\/\/www.artestar.eu\/fr\/#website\"},\"datePublished\":\"2023-06-13T05:46:55+00:00\",\"dateModified\":\"2023-10-17T06:09:13+00:00\",\"description\":\"Star Black Lip Shell Beads est gris argent\u00e9 dans l\u2019ensemble avec des reflets iris\u00e9s, il a une finition lisse et durable.\",\"breadcrumb\":{\"@id\":\"https:\/\/www.artestar.eu\/fr\/de-gros\/etoile-noir-levre-coquillage-perles\/#breadcrumb\"},\"inLanguage\":\"fr-FR\",\"potentialAction\":[{\"@type\":\"ReadAction\",\"target\":[\"https:\/\/www.artestar.eu\/fr\/de-gros\/etoile-noir-levre-coquillage-perles\/\"]}]},{\"@type\":\"BreadcrumbList\",\"@id\":\"https:\/\/www.artestar.eu\/fr\/de-gros\/etoile-noir-levre-coquillage-perles\/#breadcrumb\",\"itemListElement\":[{\"@type\":\"ListItem\",\"position\":1,\"name\":\"Artestar\",\"item\":\"https:\/\/www.artestar.eu\/fr\/\"},{\"@type\":\"ListItem\",\"position\":2,\"name\":\"De gros\",\"item\":\"https:\/\/www.artestar.eu\/fr\/de-gros\/\"},{\"@type\":\"ListItem\",\"position\":3,\"name\":\"Perles de coquille de l\u00e8vre noir \u00e9toile\"}]},{\"@type\":\"WebSite\",\"@id\":\"https:\/\/www.artestar.eu\/fr\/#website\",\"url\":\"https:\/\/www.artestar.eu\/fr\/\",\"name\":\"Artestar\",\"description\":\"Mayorista en abalorios y joyer\u00eda\",\"publisher\":{\"@id\":\"https:\/\/www.artestar.eu\/fr\/#organization\"},\"alternateName\":\"Artestar-EU\",\"potentialAction\":[{\"@type\":\"SearchAction\",\"target\":{\"@type\":\"EntryPoint\",\"urlTemplate\":\"https:\/\/www.artestar.eu\/fr\/?s={search_term_string}\"},\"query-input\":\"required name=search_term_string\"}],\"inLanguage\":\"fr-FR\"},{\"@type\":[\"Organization\",\"Place\"],\"@id\":\"https:\/\/www.artestar.eu\/fr\/#organization\",\"name\":\"RUBY ABALORIO S.L.\",\"alternateName\":\"Artestar\",\"url\":\"https:\/\/www.artestar.eu\/fr\/\",\"logo\":{\"@id\":\"https:\/\/www.artestar.eu\/fr\/de-gros\/etoile-noir-levre-coquillage-perles\/#local-main-organization-logo\"},\"image\":{\"@id\":\"https:\/\/www.artestar.eu\/fr\/de-gros\/etoile-noir-levre-coquillage-perles\/#local-main-organization-logo\"},\"sameAs\":[\"https:\/\/www.facebook.com\/ARTESTAREU\",\"https:\/\/www.instagram.com\/artestareu\/\",\"https:\/\/www.pinterest.es\/artestar_eu\/\",\"https:\/\/www.tiktok.com\/@artestar_wholesale\"],\"openingHoursSpecification\":[{\"@type\":\"OpeningHoursSpecification\",\"dayOfWeek\":[\"Monday\",\"Tuesday\",\"Wednesday\",\"Thursday\",\"Friday\",\"Saturday\",\"Sunday\"],\"opens\":\"09:00\",\"closes\":\"17:00\"}]},{\"@type\":\"ImageObject\",\"inLanguage\":\"fr-FR\",\"@id\":\"https:\/\/www.artestar.eu\/fr\/de-gros\/etoile-noir-levre-coquillage-perles\/#local-main-organization-logo\",\"url\":\"https:\/\/www.artestar.eu\/wp-content\/uploads\/2023\/05\/cropped-png.png\",\"contentUrl\":\"https:\/\/www.artestar.eu\/wp-content\/uploads\/2023\/05\/cropped-png.png\",\"width\":512,\"height\":512,\"caption\":\"RUBY ABALORIO S.L.\"}]}<\/script>\n<meta property=\"og:availability\" content=\"instock\" \/>\n<meta property=\"product:availability\" content=\"instock\" \/>\n<meta property=\"product:retailer_item_id\" content=\"BK-MS-0010\uff0d0012\" \/>\n<meta property=\"product:condition\" content=\"new\" \/>\n<!-- \/ Yoast SEO Premium plugin. -->","yoast_head_json":{"title":"Perles de coquillage \u00e0 l\u00e8vres noires Star - Artestar","description":"Star Black Lip Shell Beads est gris argent\u00e9 dans l\u2019ensemble avec des reflets iris\u00e9s, il a une finition lisse et durable.","robots":{"index":"index","follow":"follow","max-snippet":"max-snippet:-1","max-image-preview":"max-image-preview:large","max-video-preview":"max-video-preview:-1"},"canonical":"https:\/\/www.artestar.eu\/fr\/de-gros\/etoile-noir-levre-coquillage-perles\/","og_locale":"fr_FR","og_type":"article","og_title":"Perles de coquille de l\u00e8vre noir \u00e9toile","og_description":"Star Black Lip Shell Beads est gris argent\u00e9 dans l\u2019ensemble avec des reflets iris\u00e9s, il a une finition lisse et durable.","og_url":"https:\/\/www.artestar.eu\/fr\/de-gros\/etoile-noir-levre-coquillage-perles\/","og_site_name":"Artestar","article_publisher":"https:\/\/www.facebook.com\/ARTESTAREU","article_modified_time":"2023-10-17T06:09:13+00:00","og_image":[{"width":600,"height":600,"url":"https:\/\/www.artestar.eu\/wp-content\/uploads\/2023\/06\/star-black-lip-shell-beads.jpg","type":"image\/jpeg"}],"twitter_card":"summary_large_image","twitter_misc":{"Availability":"En stock"},"schema":{"@context":"https:\/\/schema.org","@graph":[{"@type":"WebPage","@id":"https:\/\/www.artestar.eu\/fr\/de-gros\/etoile-noir-levre-coquillage-perles\/","url":"https:\/\/www.artestar.eu\/fr\/de-gros\/etoile-noir-levre-coquillage-perles\/","name":"Perles de coquillage \u00e0 l\u00e8vres noires Star - Artestar","isPartOf":{"@id":"https:\/\/www.artestar.eu\/fr\/#website"},"datePublished":"2023-06-13T05:46:55+00:00","dateModified":"2023-10-17T06:09:13+00:00","description":"Star Black Lip Shell Beads est gris argent\u00e9 dans l\u2019ensemble avec des reflets iris\u00e9s, il a une finition lisse et durable.","breadcrumb":{"@id":"https:\/\/www.artestar.eu\/fr\/de-gros\/etoile-noir-levre-coquillage-perles\/#breadcrumb"},"inLanguage":"fr-FR","potentialAction":[{"@type":"ReadAction","target":["https:\/\/www.artestar.eu\/fr\/de-gros\/etoile-noir-levre-coquillage-perles\/"]}]},{"@type":"BreadcrumbList","@id":"https:\/\/www.artestar.eu\/fr\/de-gros\/etoile-noir-levre-coquillage-perles\/#breadcrumb","itemListElement":[{"@type":"ListItem","position":1,"name":"Artestar","item":"https:\/\/www.artestar.eu\/fr\/"},{"@type":"ListItem","position":2,"name":"De gros","item":"https:\/\/www.artestar.eu\/fr\/de-gros\/"},{"@type":"ListItem","position":3,"name":"Perles de coquille de l\u00e8vre noir \u00e9toile"}]},{"@type":"WebSite","@id":"https:\/\/www.artestar.eu\/fr\/#website","url":"https:\/\/www.artestar.eu\/fr\/","name":"Artestar","description":"Mayorista en abalorios y joyer\u00eda","publisher":{"@id":"https:\/\/www.artestar.eu\/fr\/#organization"},"alternateName":"Artestar-EU","potentialAction":[{"@type":"SearchAction","target":{"@type":"EntryPoint","urlTemplate":"https:\/\/www.artestar.eu\/fr\/?s={search_term_string}"},"query-input":"required name=search_term_string"}],"inLanguage":"fr-FR"},{"@type":["Organization","Place"],"@id":"https:\/\/www.artestar.eu\/fr\/#organization","name":"RUBY ABALORIO S.L.","alternateName":"Artestar","url":"https:\/\/www.artestar.eu\/fr\/","logo":{"@id":"https:\/\/www.artestar.eu\/fr\/de-gros\/etoile-noir-levre-coquillage-perles\/#local-main-organization-logo"},"image":{"@id":"https:\/\/www.artestar.eu\/fr\/de-gros\/etoile-noir-levre-coquillage-perles\/#local-main-organization-logo"},"sameAs":["https:\/\/www.facebook.com\/ARTESTAREU","https:\/\/www.instagram.com\/artestareu\/","https:\/\/www.pinterest.es\/artestar_eu\/","https:\/\/www.tiktok.com\/@artestar_wholesale"],"openingHoursSpecification":[{"@type":"OpeningHoursSpecification","dayOfWeek":["Monday","Tuesday","Wednesday","Thursday","Friday","Saturday","Sunday"],"opens":"09:00","closes":"17:00"}]},{"@type":"ImageObject","inLanguage":"fr-FR","@id":"https:\/\/www.artestar.eu\/fr\/de-gros\/etoile-noir-levre-coquillage-perles\/#local-main-organization-logo","url":"https:\/\/www.artestar.eu\/wp-content\/uploads\/2023\/05\/cropped-png.png","contentUrl":"https:\/\/www.artestar.eu\/wp-content\/uploads\/2023\/05\/cropped-png.png","width":512,"height":512,"caption":"RUBY ABALORIO S.L."}]},"og_availability":"instock","product_availability":"instock","product_retailer_item_id":"BK-MS-0010\uff0d0012","product_condition":"new"},"tiered_pricing_type":"fixed","tiered_pricing_fixed_rules":[],"tiered_pricing_percentage_rules":[],"tiered_pricing_minimum":null,"_administrator_tiered_pricing_type":"fixed","_administrator_tiered_pricing_fixed_rules":[],"_editor_tiered_pricing_type":"fixed","_editor_tiered_pricing_fixed_rules":[],"_author_tiered_pricing_type":"fixed","_author_tiered_pricing_fixed_rules":[],"_contributor_tiered_pricing_type":"fixed","_contributor_tiered_pricing_fixed_rules":[],"_subscriber_tiered_pricing_type":"fixed","_subscriber_tiered_pricing_fixed_rules":[],"_wpseo_manager_tiered_pricing_type":"fixed","_wpseo_manager_tiered_pricing_fixed_rules":[],"_wpseo_editor_tiered_pricing_type":"fixed","_wpseo_editor_tiered_pricing_fixed_rules":[],"_customer_tiered_pricing_type":"fixed","_customer_tiered_pricing_fixed_rules":[],"_shop_manager_tiered_pricing_type":"fixed","_shop_manager_tiered_pricing_fixed_rules":[],"_product_manager_tiered_pricing_type":"fixed","_product_manager_tiered_pricing_fixed_rules":[],"_links":{"self":[{"href":"https:\/\/www.artestar.eu\/fr\/wp-json\/wp\/v2\/product\/27276"}],"collection":[{"href":"https:\/\/www.artestar.eu\/fr\/wp-json\/wp\/v2\/product"}],"about":[{"href":"https:\/\/www.artestar.eu\/fr\/wp-json\/wp\/v2\/types\/product"}],"replies":[{"embeddable":true,"href":"https:\/\/www.artestar.eu\/fr\/wp-json\/wp\/v2\/comments?post=27276"}],"version-history":[{"count":2,"href":"https:\/\/www.artestar.eu\/fr\/wp-json\/wp\/v2\/product\/27276\/revisions"}],"predecessor-version":[{"id":36691,"href":"https:\/\/www.artestar.eu\/fr\/wp-json\/wp\/v2\/product\/27276\/revisions\/36691"}],"wp:featuredmedia":[{"embeddable":true,"href":"https:\/\/www.artestar.eu\/fr\/wp-json\/wp\/v2\/media\/15061"}],"wp:attachment":[{"href":"https:\/\/www.artestar.eu\/fr\/wp-json\/wp\/v2\/media?parent=27276"}],"wp:term":[{"taxonomy":"product_cat","embeddable":true,"href":"https:\/\/www.artestar.eu\/fr\/wp-json\/wp\/v2\/product_cat?post=27276"},{"taxonomy":"product_tag","embeddable":true,"href":"https:\/\/www.artestar.eu\/fr\/wp-json\/wp\/v2\/product_tag?post=27276"}],"curies":[{"name":"wp","href":"https:\/\/api.w.org\/{rel}","templated":true}]}}