{"id":27329,"date":"2023-06-02T02:44:26","date_gmt":"2023-06-02T02:44:26","guid":{"rendered":"https:\/\/www.artestar.eu\/al-por-mayor\/ganchos-para-pendientes-de-acero-125-unids\/"},"modified":"2023-10-25T03:39:13","modified_gmt":"2023-10-25T03:39:13","slug":"crochets-boucles-doreilles-en-acier","status":"publish","type":"product","link":"https:\/\/www.artestar.eu\/fr\/de-gros\/crochets-boucles-doreilles-en-acier\/","title":{"rendered":"Crochets pour boucles d\u2019oreilles en acier 125 pcs."},"content":{"rendered":"<p>Crochets de boucle d\u2019oreille en acier&nbsp;: 125pcs.<\/p>\n<ul>\n<li>Les crochets d\u2019oreille sont en m\u00e9tal de haute qualit\u00e9, l\u00e9gers, faciles \u00e0 utiliser, robustes et durables, pas facilement rouill\u00e9s, parfaits pour les bijoux fantaisie, en particulier pour les boucles d\u2019oreilles.<\/li>\n<li>Les crochets de boucles d\u2019oreilles en acier sont brillants et accrocheurs. Avec une surface lisse et arrondie, l\u00e9g\u00e8re et confortable \u00e0 porter, et un design classique et \u00e9l\u00e9gant, ils seront un excellent accessoire de bijoux pour vous.<\/li>\n<li>Les crochets d\u2019oreille ont un \u0153illet qui s\u2019ouvre afin que vous puissiez facilement attacher la bague d\u2019ouverture, la cha\u00eene et le pendentif. Une fois termin\u00e9, utilisez simplement une pince pour boucler la boucle.<\/li>\n<li>Nos crochets de boucles d\u2019oreilles en acier, simples et d\u00e9licats, en forme d\u2019hame\u00e7on, sont parfaits pour les boucles d\u2019oreilles, les bijoux glamour ou les pi\u00e8ces d\u00e9coratives fines.<\/li>\n<li>Ces beaux crochets conviennent \u00e0 presque toutes les occasions dans lesquelles des boucles d\u2019oreilles sont port\u00e9es, cr\u00e9ant un produit fini parfait pour le quotidien, les mariages, les f\u00eates et bien plus encore.<\/li>\n<li>Si vous ajoutez vos embellissements pr\u00e9f\u00e9r\u00e9s aux crochets de boucles d\u2019oreilles en acier. Votre look sera plus gai et vous pourrez les utiliser pour fabriquer vos propres boucles d\u2019oreilles ou pour restaurer les anciennes.<\/li>\n<\/ul>\n<p><img decoding=\"async\" class=\"alignnone size-full wp-image-5141\" src=\"https:\/\/www.artestar.eu%E2%80%8B%E2%80%8B%E2%80%8B%E2%80%8B\/wp-content\/uploads\/2023\/06\/stainless-steel-earring-accessories-earring-hook-gold-and-silver.jpg\" alt=\"Crochets de boucle d\u2019oreille en acier\" width=\"600\" height=\"600\" srcset=\"https:\/\/www.artestar.eu\/wp-content\/uploads\/2023\/06\/stainless-steel-earring-accessories-earring-hook-gold-and-silver.jpg 600w, https:\/\/www.artestar.eu\/wp-content\/uploads\/2023\/06\/stainless-steel-earring-accessories-earring-hook-gold-and-silver-300x300.jpg 300w, https:\/\/www.artestar.eu\/wp-content\/uploads\/2023\/06\/stainless-steel-earring-accessories-earring-hook-gold-and-silver-150x150.jpg 150w, https:\/\/www.artestar.eu\/wp-content\/uploads\/2023\/06\/stainless-steel-earring-accessories-earring-hook-gold-and-silver-450x450.jpg 450w, https:\/\/www.artestar.eu\/wp-content\/uploads\/2023\/06\/stainless-steel-earring-accessories-earring-hook-gold-and-silver-54x54.jpg 54w\" sizes=\"(max-width: 600px) 100vw, 600px\" \/><\/p>\n<h5>Crochets de boucle d\u2019oreille en acier<\/h5>\n<ul>\n<li>Le processus de cr\u00e9ation de bijoux est simple et amusant, alors laissez votre t\u00e9l\u00e9phone pendant votre temps libre, utilisez votre imagination et amusez-vous avec le bricolage.<\/li>\n<li>Ces articles de bricolage d\u00e9licats font d\u2019excellents cadeaux pour les amis et la famille amateurs d\u2019artisanat, et servent pour de nombreuses occasions. Tels que les mariages, Thanksgiving, No\u00ebl, les f\u00eates d\u2019anniversaire, les c\u00e9r\u00e9monies de remise des dipl\u00f4mes et bien d\u2019autres. Ce n\u2019est pas seulement un beau cadeau, mais aussi un merveilleux message d\u2019affection et d\u2019amour.<\/li>\n<\/ul>\n","protected":false},"excerpt":{"rendered":"<ul>\n<li>Mat\u00e9riau : Acier inoxydable<\/li>\n<li>Longueur&nbsp;: env. 20 millim\u00e8tres ; Largeur&nbsp;: env. 19 millim\u00e8tre<\/li>\n<li>Quantit\u00e9 dans chaque paquet&nbsp;: 125pcs.<\/li>\n<li>Accessoire de boucles d\u2019oreilles de mode classique en acier inoxydable<\/li>\n<\/ul>\n","protected":false},"featured_media":12647,"comment_status":"open","ping_status":"closed","template":"","meta":[],"product_cat":[1666,1665],"product_tag":[],"yoast_head":"<!-- This site is optimized with the Yoast SEO Premium plugin v20.5 (Yoast SEO v21.5) - https:\/\/yoast.com\/wordpress\/plugins\/seo\/ -->\n<title>Crochets pour boucles d\u2019oreilles en acier - Artestar<\/title>\n<meta name=\"description\" content=\"Crochets pour boucles d\u2019oreilles en acier : un accessoire \u00e0 la mode avec une touche personnelle qui s\u2019adapte \u00e0 toutes les occasions et \u00e0 tous les styles. Accessoires pour boucles d\u2019oreilles.\" \/>\n<meta name=\"robots\" content=\"index, follow, max-snippet:-1, max-image-preview:large, max-video-preview:-1\" \/>\n<link rel=\"canonical\" href=\"https:\/\/www.artestar.eu\/fr\/de-gros\/crochets-boucles-doreilles-en-acier\/\" \/>\n<meta property=\"og:locale\" content=\"fr_FR\" \/>\n<meta property=\"og:type\" content=\"article\" \/>\n<meta property=\"og:title\" content=\"Crochets pour boucles d\u2019oreilles en acier 125 pcs.\" \/>\n<meta property=\"og:description\" content=\"Crochets pour boucles d\u2019oreilles en acier : un accessoire \u00e0 la mode avec une touche personnelle qui s\u2019adapte \u00e0 toutes les occasions et \u00e0 tous les styles. Accessoires pour boucles d\u2019oreilles.\" \/>\n<meta property=\"og:url\" content=\"https:\/\/www.artestar.eu\/fr\/de-gros\/crochets-boucles-doreilles-en-acier\/\" \/>\n<meta property=\"og:site_name\" content=\"Artestar\" \/>\n<meta property=\"article:publisher\" content=\"https:\/\/www.facebook.com\/ARTESTAREU\" \/>\n<meta property=\"article:modified_time\" content=\"2023-10-25T03:39:13+00:00\" \/>\n<meta property=\"og:image\" content=\"https:\/\/www.artestar.eu\/wp-content\/uploads\/2023\/06\/stainless-steel-earring-accessories-silver-earring-hook.jpg\" \/>\n\t<meta property=\"og:image:width\" content=\"600\" \/>\n\t<meta property=\"og:image:height\" content=\"600\" \/>\n\t<meta property=\"og:image:type\" content=\"image\/jpeg\" \/>\n<meta name=\"twitter:card\" content=\"summary_large_image\" \/>\n<meta name=\"twitter:label1\" content=\"Prix\" \/>\n\t<meta name=\"twitter:data1\" content=\"1,16&nbsp;&euro; (TVA NON incluse)\" \/>\n\t<meta name=\"twitter:label2\" content=\"Availability\" \/>\n\t<meta name=\"twitter:data2\" content=\"En stock\" \/>\n<script type=\"application\/ld+json\" class=\"yoast-schema-graph\">{\"@context\":\"https:\/\/schema.org\",\"@graph\":[{\"@type\":\"WebPage\",\"@id\":\"https:\/\/www.artestar.eu\/fr\/de-gros\/crochets-boucles-doreilles-en-acier\/\",\"url\":\"https:\/\/www.artestar.eu\/fr\/de-gros\/crochets-boucles-doreilles-en-acier\/\",\"name\":\"Crochets pour boucles d\u2019oreilles en acier - Artestar\",\"isPartOf\":{\"@id\":\"https:\/\/www.artestar.eu\/fr\/#website\"},\"datePublished\":\"2023-06-02T02:44:26+00:00\",\"dateModified\":\"2023-10-25T03:39:13+00:00\",\"description\":\"Crochets pour boucles d\u2019oreilles en acier : un accessoire \u00e0 la mode avec une touche personnelle qui s\u2019adapte \u00e0 toutes les occasions et \u00e0 tous les styles. Accessoires pour boucles d\u2019oreilles.\",\"breadcrumb\":{\"@id\":\"https:\/\/www.artestar.eu\/fr\/de-gros\/crochets-boucles-doreilles-en-acier\/#breadcrumb\"},\"inLanguage\":\"fr-FR\",\"potentialAction\":[{\"@type\":\"ReadAction\",\"target\":[\"https:\/\/www.artestar.eu\/fr\/de-gros\/crochets-boucles-doreilles-en-acier\/\"]}]},{\"@type\":\"BreadcrumbList\",\"@id\":\"https:\/\/www.artestar.eu\/fr\/de-gros\/crochets-boucles-doreilles-en-acier\/#breadcrumb\",\"itemListElement\":[{\"@type\":\"ListItem\",\"position\":1,\"name\":\"Artestar\",\"item\":\"https:\/\/www.artestar.eu\/fr\/\"},{\"@type\":\"ListItem\",\"position\":2,\"name\":\"De gros\",\"item\":\"https:\/\/www.artestar.eu\/fr\/de-gros\/\"},{\"@type\":\"ListItem\",\"position\":3,\"name\":\"Crochets pour boucles d\u2019oreilles en acier 125 pcs.\"}]},{\"@type\":\"WebSite\",\"@id\":\"https:\/\/www.artestar.eu\/fr\/#website\",\"url\":\"https:\/\/www.artestar.eu\/fr\/\",\"name\":\"Artestar\",\"description\":\"Mayorista en abalorios y joyer\u00eda\",\"publisher\":{\"@id\":\"https:\/\/www.artestar.eu\/fr\/#organization\"},\"alternateName\":\"Artestar-EU\",\"potentialAction\":[{\"@type\":\"SearchAction\",\"target\":{\"@type\":\"EntryPoint\",\"urlTemplate\":\"https:\/\/www.artestar.eu\/fr\/?s={search_term_string}\"},\"query-input\":\"required name=search_term_string\"}],\"inLanguage\":\"fr-FR\"},{\"@type\":[\"Organization\",\"Place\"],\"@id\":\"https:\/\/www.artestar.eu\/fr\/#organization\",\"name\":\"RUBY ABALORIO S.L.\",\"alternateName\":\"Artestar\",\"url\":\"https:\/\/www.artestar.eu\/fr\/\",\"logo\":{\"@id\":\"https:\/\/www.artestar.eu\/fr\/de-gros\/crochets-boucles-doreilles-en-acier\/#local-main-organization-logo\"},\"image\":{\"@id\":\"https:\/\/www.artestar.eu\/fr\/de-gros\/crochets-boucles-doreilles-en-acier\/#local-main-organization-logo\"},\"sameAs\":[\"https:\/\/www.facebook.com\/ARTESTAREU\",\"https:\/\/www.instagram.com\/artestareu\/\",\"https:\/\/www.pinterest.es\/artestar_eu\/\",\"https:\/\/www.tiktok.com\/@artestar_wholesale\"],\"openingHoursSpecification\":[{\"@type\":\"OpeningHoursSpecification\",\"dayOfWeek\":[\"Monday\",\"Tuesday\",\"Wednesday\",\"Thursday\",\"Friday\",\"Saturday\",\"Sunday\"],\"opens\":\"09:00\",\"closes\":\"17:00\"}]},{\"@type\":\"ImageObject\",\"inLanguage\":\"fr-FR\",\"@id\":\"https:\/\/www.artestar.eu\/fr\/de-gros\/crochets-boucles-doreilles-en-acier\/#local-main-organization-logo\",\"url\":\"https:\/\/www.artestar.eu\/wp-content\/uploads\/2023\/05\/cropped-png.png\",\"contentUrl\":\"https:\/\/www.artestar.eu\/wp-content\/uploads\/2023\/05\/cropped-png.png\",\"width\":512,\"height\":512,\"caption\":\"RUBY ABALORIO S.L.\"}]}<\/script>\n<meta property=\"product:price:amount\" content=\"1.16\" \/>\n<meta property=\"product:price:currency\" content=\"EUR\" \/>\n<meta property=\"og:availability\" content=\"instock\" \/>\n<meta property=\"product:availability\" content=\"instock\" \/>\n<meta property=\"product:retailer_item_id\" content=\"BXG-0058\" \/>\n<meta property=\"product:condition\" content=\"new\" \/>\n<!-- \/ Yoast SEO Premium plugin. -->","yoast_head_json":{"title":"Crochets pour boucles d\u2019oreilles en acier - Artestar","description":"Crochets pour boucles d\u2019oreilles en acier : un accessoire \u00e0 la mode avec une touche personnelle qui s\u2019adapte \u00e0 toutes les occasions et \u00e0 tous les styles. Accessoires pour boucles d\u2019oreilles.","robots":{"index":"index","follow":"follow","max-snippet":"max-snippet:-1","max-image-preview":"max-image-preview:large","max-video-preview":"max-video-preview:-1"},"canonical":"https:\/\/www.artestar.eu\/fr\/de-gros\/crochets-boucles-doreilles-en-acier\/","og_locale":"fr_FR","og_type":"article","og_title":"Crochets pour boucles d\u2019oreilles en acier 125 pcs.","og_description":"Crochets pour boucles d\u2019oreilles en acier : un accessoire \u00e0 la mode avec une touche personnelle qui s\u2019adapte \u00e0 toutes les occasions et \u00e0 tous les styles. Accessoires pour boucles d\u2019oreilles.","og_url":"https:\/\/www.artestar.eu\/fr\/de-gros\/crochets-boucles-doreilles-en-acier\/","og_site_name":"Artestar","article_publisher":"https:\/\/www.facebook.com\/ARTESTAREU","article_modified_time":"2023-10-25T03:39:13+00:00","og_image":[{"width":600,"height":600,"url":"https:\/\/www.artestar.eu\/wp-content\/uploads\/2023\/06\/stainless-steel-earring-accessories-silver-earring-hook.jpg","type":"image\/jpeg"}],"twitter_card":"summary_large_image","twitter_misc":{"Prix":"1,16&nbsp;&euro; (TVA NON incluse)","Availability":"En stock"},"schema":{"@context":"https:\/\/schema.org","@graph":[{"@type":"WebPage","@id":"https:\/\/www.artestar.eu\/fr\/de-gros\/crochets-boucles-doreilles-en-acier\/","url":"https:\/\/www.artestar.eu\/fr\/de-gros\/crochets-boucles-doreilles-en-acier\/","name":"Crochets pour boucles d\u2019oreilles en acier - Artestar","isPartOf":{"@id":"https:\/\/www.artestar.eu\/fr\/#website"},"datePublished":"2023-06-02T02:44:26+00:00","dateModified":"2023-10-25T03:39:13+00:00","description":"Crochets pour boucles d\u2019oreilles en acier : un accessoire \u00e0 la mode avec une touche personnelle qui s\u2019adapte \u00e0 toutes les occasions et \u00e0 tous les styles. Accessoires pour boucles d\u2019oreilles.","breadcrumb":{"@id":"https:\/\/www.artestar.eu\/fr\/de-gros\/crochets-boucles-doreilles-en-acier\/#breadcrumb"},"inLanguage":"fr-FR","potentialAction":[{"@type":"ReadAction","target":["https:\/\/www.artestar.eu\/fr\/de-gros\/crochets-boucles-doreilles-en-acier\/"]}]},{"@type":"BreadcrumbList","@id":"https:\/\/www.artestar.eu\/fr\/de-gros\/crochets-boucles-doreilles-en-acier\/#breadcrumb","itemListElement":[{"@type":"ListItem","position":1,"name":"Artestar","item":"https:\/\/www.artestar.eu\/fr\/"},{"@type":"ListItem","position":2,"name":"De gros","item":"https:\/\/www.artestar.eu\/fr\/de-gros\/"},{"@type":"ListItem","position":3,"name":"Crochets pour boucles d\u2019oreilles en acier 125 pcs."}]},{"@type":"WebSite","@id":"https:\/\/www.artestar.eu\/fr\/#website","url":"https:\/\/www.artestar.eu\/fr\/","name":"Artestar","description":"Mayorista en abalorios y joyer\u00eda","publisher":{"@id":"https:\/\/www.artestar.eu\/fr\/#organization"},"alternateName":"Artestar-EU","potentialAction":[{"@type":"SearchAction","target":{"@type":"EntryPoint","urlTemplate":"https:\/\/www.artestar.eu\/fr\/?s={search_term_string}"},"query-input":"required name=search_term_string"}],"inLanguage":"fr-FR"},{"@type":["Organization","Place"],"@id":"https:\/\/www.artestar.eu\/fr\/#organization","name":"RUBY ABALORIO S.L.","alternateName":"Artestar","url":"https:\/\/www.artestar.eu\/fr\/","logo":{"@id":"https:\/\/www.artestar.eu\/fr\/de-gros\/crochets-boucles-doreilles-en-acier\/#local-main-organization-logo"},"image":{"@id":"https:\/\/www.artestar.eu\/fr\/de-gros\/crochets-boucles-doreilles-en-acier\/#local-main-organization-logo"},"sameAs":["https:\/\/www.facebook.com\/ARTESTAREU","https:\/\/www.instagram.com\/artestareu\/","https:\/\/www.pinterest.es\/artestar_eu\/","https:\/\/www.tiktok.com\/@artestar_wholesale"],"openingHoursSpecification":[{"@type":"OpeningHoursSpecification","dayOfWeek":["Monday","Tuesday","Wednesday","Thursday","Friday","Saturday","Sunday"],"opens":"09:00","closes":"17:00"}]},{"@type":"ImageObject","inLanguage":"fr-FR","@id":"https:\/\/www.artestar.eu\/fr\/de-gros\/crochets-boucles-doreilles-en-acier\/#local-main-organization-logo","url":"https:\/\/www.artestar.eu\/wp-content\/uploads\/2023\/05\/cropped-png.png","contentUrl":"https:\/\/www.artestar.eu\/wp-content\/uploads\/2023\/05\/cropped-png.png","width":512,"height":512,"caption":"RUBY ABALORIO S.L."}]},"product_price_amount":"1.16","product_price_currency":"EUR","og_availability":"instock","product_availability":"instock","product_retailer_item_id":"BXG-0058","product_condition":"new"},"tiered_pricing_type":"percentage","tiered_pricing_fixed_rules":{"5":"10"},"tiered_pricing_percentage_rules":[],"tiered_pricing_minimum":null,"_administrator_tiered_pricing_type":"fixed","_administrator_tiered_pricing_fixed_rules":[],"_editor_tiered_pricing_type":"fixed","_editor_tiered_pricing_fixed_rules":[],"_author_tiered_pricing_type":"fixed","_author_tiered_pricing_fixed_rules":[],"_contributor_tiered_pricing_type":"fixed","_contributor_tiered_pricing_fixed_rules":[],"_subscriber_tiered_pricing_type":"fixed","_subscriber_tiered_pricing_fixed_rules":[],"_wpseo_manager_tiered_pricing_type":"fixed","_wpseo_manager_tiered_pricing_fixed_rules":[],"_wpseo_editor_tiered_pricing_type":"fixed","_wpseo_editor_tiered_pricing_fixed_rules":[],"_customer_tiered_pricing_type":"fixed","_customer_tiered_pricing_fixed_rules":[],"_shop_manager_tiered_pricing_type":"fixed","_shop_manager_tiered_pricing_fixed_rules":[],"_product_manager_tiered_pricing_type":"fixed","_product_manager_tiered_pricing_fixed_rules":[],"_links":{"self":[{"href":"https:\/\/www.artestar.eu\/fr\/wp-json\/wp\/v2\/product\/27329"}],"collection":[{"href":"https:\/\/www.artestar.eu\/fr\/wp-json\/wp\/v2\/product"}],"about":[{"href":"https:\/\/www.artestar.eu\/fr\/wp-json\/wp\/v2\/types\/product"}],"replies":[{"embeddable":true,"href":"https:\/\/www.artestar.eu\/fr\/wp-json\/wp\/v2\/comments?post=27329"}],"version-history":[{"count":2,"href":"https:\/\/www.artestar.eu\/fr\/wp-json\/wp\/v2\/product\/27329\/revisions"}],"predecessor-version":[{"id":37154,"href":"https:\/\/www.artestar.eu\/fr\/wp-json\/wp\/v2\/product\/27329\/revisions\/37154"}],"wp:featuredmedia":[{"embeddable":true,"href":"https:\/\/www.artestar.eu\/fr\/wp-json\/wp\/v2\/media\/12647"}],"wp:attachment":[{"href":"https:\/\/www.artestar.eu\/fr\/wp-json\/wp\/v2\/media?parent=27329"}],"wp:term":[{"taxonomy":"product_cat","embeddable":true,"href":"https:\/\/www.artestar.eu\/fr\/wp-json\/wp\/v2\/product_cat?post=27329"},{"taxonomy":"product_tag","embeddable":true,"href":"https:\/\/www.artestar.eu\/fr\/wp-json\/wp\/v2\/product_tag?post=27329"}],"curies":[{"name":"wp","href":"https:\/\/api.w.org\/{rel}","templated":true}]}}