{"id":27593,"date":"2023-06-13T02:29:00","date_gmt":"2023-06-13T02:29:00","guid":{"rendered":"https:\/\/www.artestar.eu\/al-por-mayor\/agata-raya-morada-cuentas-de-piedra\/"},"modified":"2023-10-17T07:00:29","modified_gmt":"2023-10-17T07:00:29","slug":"agate-violet-raye-pierre-perles","status":"publish","type":"product","link":"https:\/\/www.artestar.eu\/fr\/de-gros\/agate-violet-raye-pierre-perles\/","title":{"rendered":"Agate violet rayure Pierre perles"},"content":{"rendered":"<p>Perles de pierre \u00e0 rayures violettes d\u2019agate : 4mm-6mm-8mm-10mm-12mm, trou : 1mm.<\/p>\n<ul>\n<li>Chaque perle de pierre pr\u00e9cieuse est fabriqu\u00e9e \u00e0 partir de mat\u00e9riaux naturels purs pour un look unique.<\/li>\n<li>Les perles en pierre naturelle sont lisses et rondes apr\u00e8s polissage, ce qui les rend confortables \u00e0 porter. De plus, leur taille uniforme et leur texture et couleur uniques rendent les perles de pierres pr\u00e9cieuses uniques.<\/li>\n<li>Les perles de pierres semi-pr\u00e9cieuses naturelles peuvent soulager le stress et l\u2019anxi\u00e9t\u00e9, donner une note mentale positive, une vision optimiste de la vie et sont cens\u00e9es transmettre l\u2019\u00e9nergie de l\u2019univers au corps.<\/li>\n<li>Parce que ces belles perles de pierre en vrac sont parfaites pour l\u2019enfilage, utilisez simplement du fil de perle \u00e0 travers le trou de la perle et ajoutez-les \u00e0 vos projets de tricot. Profitez du plaisir de faire de l\u2019artisanat de bijoux!<\/li>\n<li>Ces perles de piercing peuvent \u00eatre combin\u00e9es avec d\u2019autres accessoires en m\u00e9tal, cristaux, perles, coquillages, etc., bricolage pour faire de l\u2019artisanat, des colliers, des bracelets, des boucles d\u2019oreilles, des d\u00e9corations pour la maison, etc. Donnez-le \u00e0 la famille et aux amis qui aiment l\u2019artisanat. Non seulement c\u2019est un cadeau parfait, mais il contient \u00e9galement les meilleurs v\u0153ux.<\/li>\n<\/ul>\n<p><img decoding=\"async\" class=\"alignnone size-full wp-image-6152\" src=\"https:\/\/www.artestar.eu%E2%80%8B%E2%80%8B%E2%80%8B%E2%80%8B\/wp-content\/uploads\/2023\/06\/semi-precious-stones-round-gemstone-beads.jpg\" alt=\"perles-rondes-pierres pr\u00e9cieuses naturelles\" width=\"600\" height=\"600\" srcset=\"https:\/\/www.artestar.eu\/wp-content\/uploads\/2023\/06\/semi-precious-stones-round-gemstone-beads.jpg 600w, https:\/\/www.artestar.eu\/wp-content\/uploads\/2023\/06\/semi-precious-stones-round-gemstone-beads-300x300.jpg 300w, https:\/\/www.artestar.eu\/wp-content\/uploads\/2023\/06\/semi-precious-stones-round-gemstone-beads-150x150.jpg 150w, https:\/\/www.artestar.eu\/wp-content\/uploads\/2023\/06\/semi-precious-stones-round-gemstone-beads-450x450.jpg 450w, https:\/\/www.artestar.eu\/wp-content\/uploads\/2023\/06\/semi-precious-stones-round-gemstone-beads-54x54.jpg 54w\" sizes=\"(max-width: 600px) 100vw, 600px\" \/><\/p>\n<h5>Agate violet rayure Pierre perles<\/h5>\n<p><strong>Pr\u00e9caution:<\/strong><\/p>\n<ul>\n<li>En raison de diff\u00e9rents moniteurs et r\u00e9solutions, la couleur de l\u2019image peut \u00eatre l\u00e9g\u00e8rement diff\u00e9rente de la couleur r\u00e9elle.<\/li>\n<li>Dans une cha\u00eene de comptes de m\u00eame longueur. Le nombre de perles peut \u00eatre l\u00e9g\u00e8rement diff\u00e9rent en raison de diff\u00e9rences dans l\u2019artisanat ou les lots de production.<\/li>\n<li>Les perles de pierre doivent \u00eatre prot\u00e9g\u00e9es de la lumi\u00e8re intense du soleil pour \u00e9viter d\u2019endommager la texture et la couleur de la pierre pr\u00e9cieuse.<\/li>\n<li>Attention: Les enfants de moins de trois ans \u00e9vitent le contact, il y a un risque de suffocation.<\/li>\n<\/ul>\n","protected":false},"excerpt":{"rendered":"<p><img decoding=\"async\" class=\"alignnone wp-image-6474 size-full\" src=\"https:\/\/www.artestar.eu%E2%80%8B%E2%80%8B%E2%80%8B%E2%80%8B\/wp-content\/uploads\/2023\/06\/size-semiprecious-stone-round-2.jpg\" alt=\"Agate violet rayure Pierre perles\" width=\"1000\" height=\"180\" srcset=\"https:\/\/www.artestar.eu\/wp-content\/uploads\/2023\/06\/size-semiprecious-stone-round-2.jpg 1000w, https:\/\/www.artestar.eu\/wp-content\/uploads\/2023\/06\/size-semiprecious-stone-round-2-300x54.jpg 300w, https:\/\/www.artestar.eu\/wp-content\/uploads\/2023\/06\/size-semiprecious-stone-round-2-768x138.jpg 768w, https:\/\/www.artestar.eu\/wp-content\/uploads\/2023\/06\/size-semiprecious-stone-round-2-600x108.jpg 600w, https:\/\/www.artestar.eu\/wp-content\/uploads\/2023\/06\/size-semiprecious-stone-round-2-90x16.jpg 90w\" sizes=\"(max-width: 1000px) 100vw, 1000px\" \/>Montant approximatif<\/p>\n<ul>\n<li>Des perles de pierres semi-pr\u00e9cieuses naturelles, de petites imperfections sont autoris\u00e9es.<\/li>\n<li>En raison des diff\u00e9rents dispositifs d\u2019affichage, il y aura une l\u00e9g\u00e8re d\u00e9viation de couleur.<\/li>\n<\/ul>\n","protected":false},"featured_media":14749,"comment_status":"open","ping_status":"closed","template":"","meta":[],"product_cat":[1557,1489,1490],"product_tag":[],"yoast_head":"<!-- This site is optimized with the Yoast SEO Premium plugin v20.5 (Yoast SEO v21.5) - https:\/\/yoast.com\/wordpress\/plugins\/seo\/ -->\n<title>Agate pourpre rayure Pierre perles - Artestar<\/title>\n<meta name=\"description\" content=\"L\u2019agate est une pierre aux propri\u00e9t\u00e9s protectrices, fortifiantes et stabilisatrices qui peuvent \u00e9quilibrer \u00e0 la fois les \u00e9motions et le corps.\" \/>\n<meta name=\"robots\" content=\"index, follow, max-snippet:-1, max-image-preview:large, max-video-preview:-1\" \/>\n<link rel=\"canonical\" href=\"https:\/\/www.artestar.eu\/fr\/de-gros\/agate-violet-raye-pierre-perles\/\" \/>\n<meta property=\"og:locale\" content=\"fr_FR\" \/>\n<meta property=\"og:type\" content=\"article\" \/>\n<meta property=\"og:title\" content=\"Agate violet rayure Pierre perles\" \/>\n<meta property=\"og:description\" content=\"L\u2019agate est une pierre aux propri\u00e9t\u00e9s protectrices, fortifiantes et stabilisatrices qui peuvent \u00e9quilibrer \u00e0 la fois les \u00e9motions et le corps.\" \/>\n<meta property=\"og:url\" content=\"https:\/\/www.artestar.eu\/fr\/de-gros\/agate-violet-raye-pierre-perles\/\" \/>\n<meta property=\"og:site_name\" content=\"Artestar\" \/>\n<meta property=\"article:publisher\" content=\"https:\/\/www.facebook.com\/ARTESTAREU\" \/>\n<meta property=\"article:modified_time\" content=\"2023-10-17T07:00:29+00:00\" \/>\n<meta property=\"og:image\" content=\"https:\/\/www.artestar.eu\/wp-content\/uploads\/2023\/06\/semi-precious-gemstone-beads-purple-stripe-agate.jpg\" \/>\n\t<meta property=\"og:image:width\" content=\"600\" \/>\n\t<meta property=\"og:image:height\" content=\"600\" \/>\n\t<meta property=\"og:image:type\" content=\"image\/jpeg\" \/>\n<meta name=\"twitter:card\" content=\"summary_large_image\" \/>\n<meta name=\"twitter:label1\" content=\"Availability\" \/>\n\t<meta name=\"twitter:data1\" content=\"En stock\" \/>\n<script type=\"application\/ld+json\" class=\"yoast-schema-graph\">{\"@context\":\"https:\/\/schema.org\",\"@graph\":[{\"@type\":\"WebPage\",\"@id\":\"https:\/\/www.artestar.eu\/fr\/de-gros\/agate-violet-raye-pierre-perles\/\",\"url\":\"https:\/\/www.artestar.eu\/fr\/de-gros\/agate-violet-raye-pierre-perles\/\",\"name\":\"Agate pourpre rayure Pierre perles - Artestar\",\"isPartOf\":{\"@id\":\"https:\/\/www.artestar.eu\/fr\/#website\"},\"datePublished\":\"2023-06-13T02:29:00+00:00\",\"dateModified\":\"2023-10-17T07:00:29+00:00\",\"description\":\"L\u2019agate est une pierre aux propri\u00e9t\u00e9s protectrices, fortifiantes et stabilisatrices qui peuvent \u00e9quilibrer \u00e0 la fois les \u00e9motions et le corps.\",\"breadcrumb\":{\"@id\":\"https:\/\/www.artestar.eu\/fr\/de-gros\/agate-violet-raye-pierre-perles\/#breadcrumb\"},\"inLanguage\":\"fr-FR\",\"potentialAction\":[{\"@type\":\"ReadAction\",\"target\":[\"https:\/\/www.artestar.eu\/fr\/de-gros\/agate-violet-raye-pierre-perles\/\"]}]},{\"@type\":\"BreadcrumbList\",\"@id\":\"https:\/\/www.artestar.eu\/fr\/de-gros\/agate-violet-raye-pierre-perles\/#breadcrumb\",\"itemListElement\":[{\"@type\":\"ListItem\",\"position\":1,\"name\":\"Artestar\",\"item\":\"https:\/\/www.artestar.eu\/fr\/\"},{\"@type\":\"ListItem\",\"position\":2,\"name\":\"De gros\",\"item\":\"https:\/\/www.artestar.eu\/fr\/de-gros\/\"},{\"@type\":\"ListItem\",\"position\":3,\"name\":\"Agate violet rayure Pierre perles\"}]},{\"@type\":\"WebSite\",\"@id\":\"https:\/\/www.artestar.eu\/fr\/#website\",\"url\":\"https:\/\/www.artestar.eu\/fr\/\",\"name\":\"Artestar\",\"description\":\"Mayorista en abalorios y joyer\u00eda\",\"publisher\":{\"@id\":\"https:\/\/www.artestar.eu\/fr\/#organization\"},\"alternateName\":\"Artestar-EU\",\"potentialAction\":[{\"@type\":\"SearchAction\",\"target\":{\"@type\":\"EntryPoint\",\"urlTemplate\":\"https:\/\/www.artestar.eu\/fr\/?s={search_term_string}\"},\"query-input\":\"required name=search_term_string\"}],\"inLanguage\":\"fr-FR\"},{\"@type\":[\"Organization\",\"Place\"],\"@id\":\"https:\/\/www.artestar.eu\/fr\/#organization\",\"name\":\"RUBY ABALORIO S.L.\",\"alternateName\":\"Artestar\",\"url\":\"https:\/\/www.artestar.eu\/fr\/\",\"logo\":{\"@id\":\"https:\/\/www.artestar.eu\/fr\/de-gros\/agate-violet-raye-pierre-perles\/#local-main-organization-logo\"},\"image\":{\"@id\":\"https:\/\/www.artestar.eu\/fr\/de-gros\/agate-violet-raye-pierre-perles\/#local-main-organization-logo\"},\"sameAs\":[\"https:\/\/www.facebook.com\/ARTESTAREU\",\"https:\/\/www.instagram.com\/artestareu\/\",\"https:\/\/www.pinterest.es\/artestar_eu\/\",\"https:\/\/www.tiktok.com\/@artestar_wholesale\"],\"openingHoursSpecification\":[{\"@type\":\"OpeningHoursSpecification\",\"dayOfWeek\":[\"Monday\",\"Tuesday\",\"Wednesday\",\"Thursday\",\"Friday\",\"Saturday\",\"Sunday\"],\"opens\":\"09:00\",\"closes\":\"17:00\"}]},{\"@type\":\"ImageObject\",\"inLanguage\":\"fr-FR\",\"@id\":\"https:\/\/www.artestar.eu\/fr\/de-gros\/agate-violet-raye-pierre-perles\/#local-main-organization-logo\",\"url\":\"https:\/\/www.artestar.eu\/wp-content\/uploads\/2023\/05\/cropped-png.png\",\"contentUrl\":\"https:\/\/www.artestar.eu\/wp-content\/uploads\/2023\/05\/cropped-png.png\",\"width\":512,\"height\":512,\"caption\":\"RUBY ABALORIO S.L.\"}]}<\/script>\n<meta property=\"og:availability\" content=\"instock\" \/>\n<meta property=\"product:availability\" content=\"instock\" \/>\n<meta property=\"product:retailer_item_id\" content=\"BS-YZ-0006-0010\" \/>\n<meta property=\"product:condition\" content=\"new\" \/>\n<!-- \/ Yoast SEO Premium plugin. -->","yoast_head_json":{"title":"Agate pourpre rayure Pierre perles - Artestar","description":"L\u2019agate est une pierre aux propri\u00e9t\u00e9s protectrices, fortifiantes et stabilisatrices qui peuvent \u00e9quilibrer \u00e0 la fois les \u00e9motions et le corps.","robots":{"index":"index","follow":"follow","max-snippet":"max-snippet:-1","max-image-preview":"max-image-preview:large","max-video-preview":"max-video-preview:-1"},"canonical":"https:\/\/www.artestar.eu\/fr\/de-gros\/agate-violet-raye-pierre-perles\/","og_locale":"fr_FR","og_type":"article","og_title":"Agate violet rayure Pierre perles","og_description":"L\u2019agate est une pierre aux propri\u00e9t\u00e9s protectrices, fortifiantes et stabilisatrices qui peuvent \u00e9quilibrer \u00e0 la fois les \u00e9motions et le corps.","og_url":"https:\/\/www.artestar.eu\/fr\/de-gros\/agate-violet-raye-pierre-perles\/","og_site_name":"Artestar","article_publisher":"https:\/\/www.facebook.com\/ARTESTAREU","article_modified_time":"2023-10-17T07:00:29+00:00","og_image":[{"width":600,"height":600,"url":"https:\/\/www.artestar.eu\/wp-content\/uploads\/2023\/06\/semi-precious-gemstone-beads-purple-stripe-agate.jpg","type":"image\/jpeg"}],"twitter_card":"summary_large_image","twitter_misc":{"Availability":"En stock"},"schema":{"@context":"https:\/\/schema.org","@graph":[{"@type":"WebPage","@id":"https:\/\/www.artestar.eu\/fr\/de-gros\/agate-violet-raye-pierre-perles\/","url":"https:\/\/www.artestar.eu\/fr\/de-gros\/agate-violet-raye-pierre-perles\/","name":"Agate pourpre rayure Pierre perles - Artestar","isPartOf":{"@id":"https:\/\/www.artestar.eu\/fr\/#website"},"datePublished":"2023-06-13T02:29:00+00:00","dateModified":"2023-10-17T07:00:29+00:00","description":"L\u2019agate est une pierre aux propri\u00e9t\u00e9s protectrices, fortifiantes et stabilisatrices qui peuvent \u00e9quilibrer \u00e0 la fois les \u00e9motions et le corps.","breadcrumb":{"@id":"https:\/\/www.artestar.eu\/fr\/de-gros\/agate-violet-raye-pierre-perles\/#breadcrumb"},"inLanguage":"fr-FR","potentialAction":[{"@type":"ReadAction","target":["https:\/\/www.artestar.eu\/fr\/de-gros\/agate-violet-raye-pierre-perles\/"]}]},{"@type":"BreadcrumbList","@id":"https:\/\/www.artestar.eu\/fr\/de-gros\/agate-violet-raye-pierre-perles\/#breadcrumb","itemListElement":[{"@type":"ListItem","position":1,"name":"Artestar","item":"https:\/\/www.artestar.eu\/fr\/"},{"@type":"ListItem","position":2,"name":"De gros","item":"https:\/\/www.artestar.eu\/fr\/de-gros\/"},{"@type":"ListItem","position":3,"name":"Agate violet rayure Pierre perles"}]},{"@type":"WebSite","@id":"https:\/\/www.artestar.eu\/fr\/#website","url":"https:\/\/www.artestar.eu\/fr\/","name":"Artestar","description":"Mayorista en abalorios y joyer\u00eda","publisher":{"@id":"https:\/\/www.artestar.eu\/fr\/#organization"},"alternateName":"Artestar-EU","potentialAction":[{"@type":"SearchAction","target":{"@type":"EntryPoint","urlTemplate":"https:\/\/www.artestar.eu\/fr\/?s={search_term_string}"},"query-input":"required name=search_term_string"}],"inLanguage":"fr-FR"},{"@type":["Organization","Place"],"@id":"https:\/\/www.artestar.eu\/fr\/#organization","name":"RUBY ABALORIO S.L.","alternateName":"Artestar","url":"https:\/\/www.artestar.eu\/fr\/","logo":{"@id":"https:\/\/www.artestar.eu\/fr\/de-gros\/agate-violet-raye-pierre-perles\/#local-main-organization-logo"},"image":{"@id":"https:\/\/www.artestar.eu\/fr\/de-gros\/agate-violet-raye-pierre-perles\/#local-main-organization-logo"},"sameAs":["https:\/\/www.facebook.com\/ARTESTAREU","https:\/\/www.instagram.com\/artestareu\/","https:\/\/www.pinterest.es\/artestar_eu\/","https:\/\/www.tiktok.com\/@artestar_wholesale"],"openingHoursSpecification":[{"@type":"OpeningHoursSpecification","dayOfWeek":["Monday","Tuesday","Wednesday","Thursday","Friday","Saturday","Sunday"],"opens":"09:00","closes":"17:00"}]},{"@type":"ImageObject","inLanguage":"fr-FR","@id":"https:\/\/www.artestar.eu\/fr\/de-gros\/agate-violet-raye-pierre-perles\/#local-main-organization-logo","url":"https:\/\/www.artestar.eu\/wp-content\/uploads\/2023\/05\/cropped-png.png","contentUrl":"https:\/\/www.artestar.eu\/wp-content\/uploads\/2023\/05\/cropped-png.png","width":512,"height":512,"caption":"RUBY ABALORIO S.L."}]},"og_availability":"instock","product_availability":"instock","product_retailer_item_id":"BS-YZ-0006-0010","product_condition":"new"},"tiered_pricing_type":"fixed","tiered_pricing_fixed_rules":[],"tiered_pricing_percentage_rules":[],"tiered_pricing_minimum":null,"_administrator_tiered_pricing_type":"fixed","_administrator_tiered_pricing_fixed_rules":[],"_editor_tiered_pricing_type":"fixed","_editor_tiered_pricing_fixed_rules":[],"_author_tiered_pricing_type":"fixed","_author_tiered_pricing_fixed_rules":[],"_contributor_tiered_pricing_type":"fixed","_contributor_tiered_pricing_fixed_rules":[],"_subscriber_tiered_pricing_type":"fixed","_subscriber_tiered_pricing_fixed_rules":[],"_wpseo_manager_tiered_pricing_type":"fixed","_wpseo_manager_tiered_pricing_fixed_rules":[],"_wpseo_editor_tiered_pricing_type":"fixed","_wpseo_editor_tiered_pricing_fixed_rules":[],"_customer_tiered_pricing_type":"fixed","_customer_tiered_pricing_fixed_rules":[],"_shop_manager_tiered_pricing_type":"fixed","_shop_manager_tiered_pricing_fixed_rules":[],"_product_manager_tiered_pricing_type":"fixed","_product_manager_tiered_pricing_fixed_rules":[],"_links":{"self":[{"href":"https:\/\/www.artestar.eu\/fr\/wp-json\/wp\/v2\/product\/27593"}],"collection":[{"href":"https:\/\/www.artestar.eu\/fr\/wp-json\/wp\/v2\/product"}],"about":[{"href":"https:\/\/www.artestar.eu\/fr\/wp-json\/wp\/v2\/types\/product"}],"replies":[{"embeddable":true,"href":"https:\/\/www.artestar.eu\/fr\/wp-json\/wp\/v2\/comments?post=27593"}],"version-history":[{"count":1,"href":"https:\/\/www.artestar.eu\/fr\/wp-json\/wp\/v2\/product\/27593\/revisions"}],"predecessor-version":[{"id":36725,"href":"https:\/\/www.artestar.eu\/fr\/wp-json\/wp\/v2\/product\/27593\/revisions\/36725"}],"wp:featuredmedia":[{"embeddable":true,"href":"https:\/\/www.artestar.eu\/fr\/wp-json\/wp\/v2\/media\/14749"}],"wp:attachment":[{"href":"https:\/\/www.artestar.eu\/fr\/wp-json\/wp\/v2\/media?parent=27593"}],"wp:term":[{"taxonomy":"product_cat","embeddable":true,"href":"https:\/\/www.artestar.eu\/fr\/wp-json\/wp\/v2\/product_cat?post=27593"},{"taxonomy":"product_tag","embeddable":true,"href":"https:\/\/www.artestar.eu\/fr\/wp-json\/wp\/v2\/product_tag?post=27593"}],"curies":[{"name":"wp","href":"https:\/\/api.w.org\/{rel}","templated":true}]}}