{"id":27802,"date":"2023-06-05T02:19:55","date_gmt":"2023-06-05T02:19:55","guid":{"rendered":"https:\/\/www.artestar.eu\/al-por-mayor\/cuentas-espaciadoras-de-acero\/"},"modified":"2023-10-25T03:08:18","modified_gmt":"2023-10-25T03:08:18","slug":"perles-despacement-en-acier","status":"publish","type":"product","link":"https:\/\/www.artestar.eu\/fr\/de-gros\/perles-despacement-en-acier\/","title":{"rendered":"Perles d\u2019espacement en acier"},"content":{"rendered":"<p>Perles d\u2019espacement en acier&nbsp;: Parce que ces perles d\u2019acier color\u00e9es sont emball\u00e9es individuellement par taille, il est facile de choisir. R\u00e9pondez facilement \u00e0 vos besoins de production DIY.<\/p>\n<ul>\n<li>Ces perles en vrac sont fabriqu\u00e9es en acier inoxydable et chaque perle est de taille uniforme avec une surface lisse et arrondie et une finition brillante, robuste et durable.<\/li>\n<li>Ces perles d\u2019espacement rondes ont un design rond et sont couramment utilis\u00e9es pour aligner des colliers multi-perles ou des cha\u00eenes de bracelets et \u00e9viter les enchev\u00eatrements. Vous pouvez les ins\u00e9rer \u00e0 intervalles r\u00e9guliers tout en enfilant les perles, ce qui les rend plus faciles \u00e0 manipuler.<\/li>\n<li>Parce que ces perles d\u2019espacement rondes unies sont polyvalentes et conviennent \u00e0 une large gamme de bijoux et d\u2019artisanat. Ainsi que pour d\u2019autres articles qui peuvent \u00eatre facilement enfil\u00e9s ensemble.<\/li>\n<li>Par exemple, des colliers, des boucles d\u2019oreilles, des bracelets, des pendentifs, des bracelets de cheville, des glands, des signets et d\u2019autres objets d\u00e9coratifs. Ayez confiance que l\u2019artisanat que vous fabriquez deviendra votre accessoire de mode exclusif.<\/li>\n<li>Ces boules d\u2019espacement rondes font d\u2019excellents accessoires de bijoux fantaisie. Vous pouvez laisser libre cours \u00e0 votre imagination et les m\u00e9langer et les assortir pour faire des cadeaux sp\u00e9ciaux pour votre famille ou vos amis.<\/li>\n<\/ul>\n<p><img decoding=\"async\" class=\"alignnone size-full wp-image-5250\" src=\"https:\/\/www.artestar.eu%E2%80%8B%E2%80%8B%E2%80%8B%E2%80%8B\/wp-content\/uploads\/2023\/06\/stainless-steel-spacer-beads-smooth-round-spacer-beads-mixed-colors-metal-spacer-ball-beads.jpg\" alt=\"Perles d\u2019espacement en acier\" width=\"600\" height=\"600\" srcset=\"https:\/\/www.artestar.eu\/wp-content\/uploads\/2023\/06\/stainless-steel-spacer-beads-smooth-round-spacer-beads-mixed-colors-metal-spacer-ball-beads.jpg 600w, https:\/\/www.artestar.eu\/wp-content\/uploads\/2023\/06\/stainless-steel-spacer-beads-smooth-round-spacer-beads-mixed-colors-metal-spacer-ball-beads-300x300.jpg 300w, https:\/\/www.artestar.eu\/wp-content\/uploads\/2023\/06\/stainless-steel-spacer-beads-smooth-round-spacer-beads-mixed-colors-metal-spacer-ball-beads-150x150.jpg 150w, https:\/\/www.artestar.eu\/wp-content\/uploads\/2023\/06\/stainless-steel-spacer-beads-smooth-round-spacer-beads-mixed-colors-metal-spacer-ball-beads-450x450.jpg 450w, https:\/\/www.artestar.eu\/wp-content\/uploads\/2023\/06\/stainless-steel-spacer-beads-smooth-round-spacer-beads-mixed-colors-metal-spacer-ball-beads-54x54.jpg 54w\" sizes=\"(max-width: 600px) 100vw, 600px\" \/><\/p>\n<h5>Perles d\u2019espacement en acier inoxydable<\/h5>\n<ul>\n<li>Perles d\u2019espacement en acier inoxydable disponibles en or et en argent et en diff\u00e9rentes tailles. Vous pouvez m\u00e9langer et assortir comme vous le souhaitez et cr\u00e9er un joli bricolage tout en vous relaxant.<\/li>\n<li>Vous pouvez le m\u00e9langer et l\u2019assortir comme vous le souhaitez. Partagez-le avec votre famille ou vos amis ou cr\u00e9ez votre propre bricolage ensemble.<\/li>\n<\/ul>\n","protected":false},"excerpt":{"rendered":"<p><img decoding=\"async\" class=\"alignnone size-full wp-image-25334\" src=\"https:\/\/www.artestar.eu\/wp-content\/uploads\/2023\/06\/stainless-steel-spacer-beads-smooth-round-spacer-beads-silver-size-1.jpg\" alt=\"Perles d\u2019espacement en acier\" width=\"1000\" height=\"240\" srcset=\"https:\/\/www.artestar.eu\/wp-content\/uploads\/2023\/06\/stainless-steel-spacer-beads-smooth-round-spacer-beads-silver-size-1.jpg 1000w, https:\/\/www.artestar.eu\/wp-content\/uploads\/2023\/06\/stainless-steel-spacer-beads-smooth-round-spacer-beads-silver-size-1-300x72.jpg 300w, https:\/\/www.artestar.eu\/wp-content\/uploads\/2023\/06\/stainless-steel-spacer-beads-smooth-round-spacer-beads-silver-size-1-768x184.jpg 768w, https:\/\/www.artestar.eu\/wp-content\/uploads\/2023\/06\/stainless-steel-spacer-beads-smooth-round-spacer-beads-silver-size-1-600x144.jpg 600w, https:\/\/www.artestar.eu\/wp-content\/uploads\/2023\/06\/stainless-steel-spacer-beads-smooth-round-spacer-beads-silver-size-1-90x22.jpg 90w\" sizes=\"(max-width: 1000px) 100vw, 1000px\" \/><\/p>\n<ul>\n<li data-slate-node=\"element\">Veuillez vous r\u00e9f\u00e9rer \u00e0 l\u2019image du produit pour la taille et la quantit\u00e9 d\u00e9taill\u00e9es.<\/li>\n<li data-slate-node=\"element\">Il est utilis\u00e9 pour fabriquer des bijoux, des d\u00e9corations, de l\u2019artisanat, etc.<\/li>\n<\/ul>\n","protected":false},"featured_media":12883,"comment_status":"open","ping_status":"closed","template":"","meta":[],"product_cat":[1665,2110],"product_tag":[],"yoast_head":"<!-- This site is optimized with the Yoast SEO Premium plugin v20.5 (Yoast SEO v21.5) - https:\/\/yoast.com\/wordpress\/plugins\/seo\/ -->\n<title>Perles d\u2019espacement en acier - Artestar<\/title>\n<meta name=\"description\" content=\"Les perles d\u2019espacement en acier sont un excellent accessoire \u00e0 associer \u00e0 des pierres pr\u00e9cieuses, des perles et plus encore pour fabriquer des colliers, des bracelets et plus encore.\" \/>\n<meta name=\"robots\" content=\"index, follow, max-snippet:-1, max-image-preview:large, max-video-preview:-1\" \/>\n<link rel=\"canonical\" href=\"https:\/\/www.artestar.eu\/fr\/de-gros\/perles-despacement-en-acier\/\" \/>\n<meta property=\"og:locale\" content=\"fr_FR\" \/>\n<meta property=\"og:type\" content=\"article\" \/>\n<meta property=\"og:title\" content=\"Perles d\u2019espacement en acier\" \/>\n<meta property=\"og:description\" content=\"Les perles d\u2019espacement en acier sont un excellent accessoire \u00e0 associer \u00e0 des pierres pr\u00e9cieuses, des perles et plus encore pour fabriquer des colliers, des bracelets et plus encore.\" \/>\n<meta property=\"og:url\" content=\"https:\/\/www.artestar.eu\/fr\/de-gros\/perles-despacement-en-acier\/\" \/>\n<meta property=\"og:site_name\" content=\"Artestar\" \/>\n<meta property=\"article:publisher\" content=\"https:\/\/www.facebook.com\/ARTESTAREU\" \/>\n<meta property=\"article:modified_time\" content=\"2023-10-25T03:08:18+00:00\" \/>\n<meta property=\"og:image\" content=\"https:\/\/www.artestar.eu\/wp-content\/uploads\/2023\/06\/stainless-steel-spacer-beads-smooth-round-spacer-beads-silver-metal-spacer-ball-beads.jpg\" \/>\n\t<meta property=\"og:image:width\" content=\"600\" \/>\n\t<meta property=\"og:image:height\" content=\"600\" \/>\n\t<meta property=\"og:image:type\" content=\"image\/jpeg\" \/>\n<meta name=\"twitter:card\" content=\"summary_large_image\" \/>\n<meta name=\"twitter:label1\" content=\"Availability\" \/>\n\t<meta name=\"twitter:data1\" content=\"En stock\" \/>\n<script type=\"application\/ld+json\" class=\"yoast-schema-graph\">{\"@context\":\"https:\/\/schema.org\",\"@graph\":[{\"@type\":\"WebPage\",\"@id\":\"https:\/\/www.artestar.eu\/fr\/de-gros\/perles-despacement-en-acier\/\",\"url\":\"https:\/\/www.artestar.eu\/fr\/de-gros\/perles-despacement-en-acier\/\",\"name\":\"Perles d\u2019espacement en acier - Artestar\",\"isPartOf\":{\"@id\":\"https:\/\/www.artestar.eu\/fr\/#website\"},\"datePublished\":\"2023-06-05T02:19:55+00:00\",\"dateModified\":\"2023-10-25T03:08:18+00:00\",\"description\":\"Les perles d\u2019espacement en acier sont un excellent accessoire \u00e0 associer \u00e0 des pierres pr\u00e9cieuses, des perles et plus encore pour fabriquer des colliers, des bracelets et plus encore.\",\"breadcrumb\":{\"@id\":\"https:\/\/www.artestar.eu\/fr\/de-gros\/perles-despacement-en-acier\/#breadcrumb\"},\"inLanguage\":\"fr-FR\",\"potentialAction\":[{\"@type\":\"ReadAction\",\"target\":[\"https:\/\/www.artestar.eu\/fr\/de-gros\/perles-despacement-en-acier\/\"]}]},{\"@type\":\"BreadcrumbList\",\"@id\":\"https:\/\/www.artestar.eu\/fr\/de-gros\/perles-despacement-en-acier\/#breadcrumb\",\"itemListElement\":[{\"@type\":\"ListItem\",\"position\":1,\"name\":\"Artestar\",\"item\":\"https:\/\/www.artestar.eu\/fr\/\"},{\"@type\":\"ListItem\",\"position\":2,\"name\":\"De gros\",\"item\":\"https:\/\/www.artestar.eu\/fr\/de-gros\/\"},{\"@type\":\"ListItem\",\"position\":3,\"name\":\"Perles d\u2019espacement en acier\"}]},{\"@type\":\"WebSite\",\"@id\":\"https:\/\/www.artestar.eu\/fr\/#website\",\"url\":\"https:\/\/www.artestar.eu\/fr\/\",\"name\":\"Artestar\",\"description\":\"Mayorista en abalorios y joyer\u00eda\",\"publisher\":{\"@id\":\"https:\/\/www.artestar.eu\/fr\/#organization\"},\"alternateName\":\"Artestar-EU\",\"potentialAction\":[{\"@type\":\"SearchAction\",\"target\":{\"@type\":\"EntryPoint\",\"urlTemplate\":\"https:\/\/www.artestar.eu\/fr\/?s={search_term_string}\"},\"query-input\":\"required name=search_term_string\"}],\"inLanguage\":\"fr-FR\"},{\"@type\":[\"Organization\",\"Place\"],\"@id\":\"https:\/\/www.artestar.eu\/fr\/#organization\",\"name\":\"RUBY ABALORIO S.L.\",\"alternateName\":\"Artestar\",\"url\":\"https:\/\/www.artestar.eu\/fr\/\",\"logo\":{\"@id\":\"https:\/\/www.artestar.eu\/fr\/de-gros\/perles-despacement-en-acier\/#local-main-organization-logo\"},\"image\":{\"@id\":\"https:\/\/www.artestar.eu\/fr\/de-gros\/perles-despacement-en-acier\/#local-main-organization-logo\"},\"sameAs\":[\"https:\/\/www.facebook.com\/ARTESTAREU\",\"https:\/\/www.instagram.com\/artestareu\/\",\"https:\/\/www.pinterest.es\/artestar_eu\/\",\"https:\/\/www.tiktok.com\/@artestar_wholesale\"],\"openingHoursSpecification\":[{\"@type\":\"OpeningHoursSpecification\",\"dayOfWeek\":[\"Monday\",\"Tuesday\",\"Wednesday\",\"Thursday\",\"Friday\",\"Saturday\",\"Sunday\"],\"opens\":\"09:00\",\"closes\":\"17:00\"}]},{\"@type\":\"ImageObject\",\"inLanguage\":\"fr-FR\",\"@id\":\"https:\/\/www.artestar.eu\/fr\/de-gros\/perles-despacement-en-acier\/#local-main-organization-logo\",\"url\":\"https:\/\/www.artestar.eu\/wp-content\/uploads\/2023\/05\/cropped-png.png\",\"contentUrl\":\"https:\/\/www.artestar.eu\/wp-content\/uploads\/2023\/05\/cropped-png.png\",\"width\":512,\"height\":512,\"caption\":\"RUBY ABALORIO S.L.\"}]}<\/script>\n<meta property=\"og:availability\" content=\"instock\" \/>\n<meta property=\"product:availability\" content=\"instock\" \/>\n<meta property=\"product:retailer_item_id\" content=\"BXG0027-0038\" \/>\n<meta property=\"product:condition\" content=\"new\" \/>\n<!-- \/ Yoast SEO Premium plugin. -->","yoast_head_json":{"title":"Perles d\u2019espacement en acier - Artestar","description":"Les perles d\u2019espacement en acier sont un excellent accessoire \u00e0 associer \u00e0 des pierres pr\u00e9cieuses, des perles et plus encore pour fabriquer des colliers, des bracelets et plus encore.","robots":{"index":"index","follow":"follow","max-snippet":"max-snippet:-1","max-image-preview":"max-image-preview:large","max-video-preview":"max-video-preview:-1"},"canonical":"https:\/\/www.artestar.eu\/fr\/de-gros\/perles-despacement-en-acier\/","og_locale":"fr_FR","og_type":"article","og_title":"Perles d\u2019espacement en acier","og_description":"Les perles d\u2019espacement en acier sont un excellent accessoire \u00e0 associer \u00e0 des pierres pr\u00e9cieuses, des perles et plus encore pour fabriquer des colliers, des bracelets et plus encore.","og_url":"https:\/\/www.artestar.eu\/fr\/de-gros\/perles-despacement-en-acier\/","og_site_name":"Artestar","article_publisher":"https:\/\/www.facebook.com\/ARTESTAREU","article_modified_time":"2023-10-25T03:08:18+00:00","og_image":[{"width":600,"height":600,"url":"https:\/\/www.artestar.eu\/wp-content\/uploads\/2023\/06\/stainless-steel-spacer-beads-smooth-round-spacer-beads-silver-metal-spacer-ball-beads.jpg","type":"image\/jpeg"}],"twitter_card":"summary_large_image","twitter_misc":{"Availability":"En stock"},"schema":{"@context":"https:\/\/schema.org","@graph":[{"@type":"WebPage","@id":"https:\/\/www.artestar.eu\/fr\/de-gros\/perles-despacement-en-acier\/","url":"https:\/\/www.artestar.eu\/fr\/de-gros\/perles-despacement-en-acier\/","name":"Perles d\u2019espacement en acier - Artestar","isPartOf":{"@id":"https:\/\/www.artestar.eu\/fr\/#website"},"datePublished":"2023-06-05T02:19:55+00:00","dateModified":"2023-10-25T03:08:18+00:00","description":"Les perles d\u2019espacement en acier sont un excellent accessoire \u00e0 associer \u00e0 des pierres pr\u00e9cieuses, des perles et plus encore pour fabriquer des colliers, des bracelets et plus encore.","breadcrumb":{"@id":"https:\/\/www.artestar.eu\/fr\/de-gros\/perles-despacement-en-acier\/#breadcrumb"},"inLanguage":"fr-FR","potentialAction":[{"@type":"ReadAction","target":["https:\/\/www.artestar.eu\/fr\/de-gros\/perles-despacement-en-acier\/"]}]},{"@type":"BreadcrumbList","@id":"https:\/\/www.artestar.eu\/fr\/de-gros\/perles-despacement-en-acier\/#breadcrumb","itemListElement":[{"@type":"ListItem","position":1,"name":"Artestar","item":"https:\/\/www.artestar.eu\/fr\/"},{"@type":"ListItem","position":2,"name":"De gros","item":"https:\/\/www.artestar.eu\/fr\/de-gros\/"},{"@type":"ListItem","position":3,"name":"Perles d\u2019espacement en acier"}]},{"@type":"WebSite","@id":"https:\/\/www.artestar.eu\/fr\/#website","url":"https:\/\/www.artestar.eu\/fr\/","name":"Artestar","description":"Mayorista en abalorios y joyer\u00eda","publisher":{"@id":"https:\/\/www.artestar.eu\/fr\/#organization"},"alternateName":"Artestar-EU","potentialAction":[{"@type":"SearchAction","target":{"@type":"EntryPoint","urlTemplate":"https:\/\/www.artestar.eu\/fr\/?s={search_term_string}"},"query-input":"required name=search_term_string"}],"inLanguage":"fr-FR"},{"@type":["Organization","Place"],"@id":"https:\/\/www.artestar.eu\/fr\/#organization","name":"RUBY ABALORIO S.L.","alternateName":"Artestar","url":"https:\/\/www.artestar.eu\/fr\/","logo":{"@id":"https:\/\/www.artestar.eu\/fr\/de-gros\/perles-despacement-en-acier\/#local-main-organization-logo"},"image":{"@id":"https:\/\/www.artestar.eu\/fr\/de-gros\/perles-despacement-en-acier\/#local-main-organization-logo"},"sameAs":["https:\/\/www.facebook.com\/ARTESTAREU","https:\/\/www.instagram.com\/artestareu\/","https:\/\/www.pinterest.es\/artestar_eu\/","https:\/\/www.tiktok.com\/@artestar_wholesale"],"openingHoursSpecification":[{"@type":"OpeningHoursSpecification","dayOfWeek":["Monday","Tuesday","Wednesday","Thursday","Friday","Saturday","Sunday"],"opens":"09:00","closes":"17:00"}]},{"@type":"ImageObject","inLanguage":"fr-FR","@id":"https:\/\/www.artestar.eu\/fr\/de-gros\/perles-despacement-en-acier\/#local-main-organization-logo","url":"https:\/\/www.artestar.eu\/wp-content\/uploads\/2023\/05\/cropped-png.png","contentUrl":"https:\/\/www.artestar.eu\/wp-content\/uploads\/2023\/05\/cropped-png.png","width":512,"height":512,"caption":"RUBY ABALORIO S.L."}]},"og_availability":"instock","product_availability":"instock","product_retailer_item_id":"BXG0027-0038","product_condition":"new"},"tiered_pricing_type":"fixed","tiered_pricing_fixed_rules":[],"tiered_pricing_percentage_rules":[],"tiered_pricing_minimum":null,"_administrator_tiered_pricing_type":"fixed","_administrator_tiered_pricing_fixed_rules":[],"_editor_tiered_pricing_type":"fixed","_editor_tiered_pricing_fixed_rules":[],"_author_tiered_pricing_type":"fixed","_author_tiered_pricing_fixed_rules":[],"_contributor_tiered_pricing_type":"fixed","_contributor_tiered_pricing_fixed_rules":[],"_subscriber_tiered_pricing_type":"fixed","_subscriber_tiered_pricing_fixed_rules":[],"_wpseo_manager_tiered_pricing_type":"fixed","_wpseo_manager_tiered_pricing_fixed_rules":[],"_wpseo_editor_tiered_pricing_type":"fixed","_wpseo_editor_tiered_pricing_fixed_rules":[],"_customer_tiered_pricing_type":"fixed","_customer_tiered_pricing_fixed_rules":[],"_shop_manager_tiered_pricing_type":"fixed","_shop_manager_tiered_pricing_fixed_rules":[],"_product_manager_tiered_pricing_type":"fixed","_product_manager_tiered_pricing_fixed_rules":[],"_links":{"self":[{"href":"https:\/\/www.artestar.eu\/fr\/wp-json\/wp\/v2\/product\/27802"}],"collection":[{"href":"https:\/\/www.artestar.eu\/fr\/wp-json\/wp\/v2\/product"}],"about":[{"href":"https:\/\/www.artestar.eu\/fr\/wp-json\/wp\/v2\/types\/product"}],"replies":[{"embeddable":true,"href":"https:\/\/www.artestar.eu\/fr\/wp-json\/wp\/v2\/comments?post=27802"}],"version-history":[{"count":3,"href":"https:\/\/www.artestar.eu\/fr\/wp-json\/wp\/v2\/product\/27802\/revisions"}],"predecessor-version":[{"id":37143,"href":"https:\/\/www.artestar.eu\/fr\/wp-json\/wp\/v2\/product\/27802\/revisions\/37143"}],"wp:featuredmedia":[{"embeddable":true,"href":"https:\/\/www.artestar.eu\/fr\/wp-json\/wp\/v2\/media\/12883"}],"wp:attachment":[{"href":"https:\/\/www.artestar.eu\/fr\/wp-json\/wp\/v2\/media?parent=27802"}],"wp:term":[{"taxonomy":"product_cat","embeddable":true,"href":"https:\/\/www.artestar.eu\/fr\/wp-json\/wp\/v2\/product_cat?post=27802"},{"taxonomy":"product_tag","embeddable":true,"href":"https:\/\/www.artestar.eu\/fr\/wp-json\/wp\/v2\/product_tag?post=27802"}],"curies":[{"name":"wp","href":"https:\/\/api.w.org\/{rel}","templated":true}]}}