{"id":28259,"date":"2023-07-19T02:36:49","date_gmt":"2023-07-19T02:36:49","guid":{"rendered":"https:\/\/www.artestar.eu\/al-por-mayor\/nube-de-cristal-colgante-de-piedra-alambre-de-cobre-envuelto\/"},"modified":"2023-09-23T03:02:25","modified_gmt":"2023-09-23T03:02:25","slug":"nuage-de-verre-pendentif-fil-cuivre-enveloppe-dor","status":"publish","type":"product","link":"https:\/\/www.artestar.eu\/fr\/de-gros\/nuage-de-verre-pendentif-fil-cuivre-enveloppe-dor\/","title":{"rendered":"Nuage de verre suspendu en fil de cuivre envelopp\u00e9 de pierre"},"content":{"rendered":"<p>Fil de cuivre envelopp\u00e9 de nuage de verre suspendu en pierre: Parce que chaque pendentif en perles de pierre est fait de mat\u00e9riaux naturels purs, il est unique.<\/p>\n<ul>\n<li data-slate-node=\"element\"><span data-slate-node=\"text\"><span class=\"21\" data-slate-leaf=\"true\">Avec une finition polie, ces pendentifs en perles de pierre naturelle ont une surface lisse et sont tr\u00e8s confortables \u00e0 porter. <\/span><\/span><span data-slate-node=\"text\"><span class=\"22\" data-slate-leaf=\"true\">De plus, leur apparence, ainsi que leur texture et leur couleur naturelles, rendent les perles de pierres pr\u00e9cieuses uniques<\/span><\/span><span data-slate-node=\"text\"><span class=\"23\" data-slate-leaf=\"true\">.<\/span><\/span><\/li>\n<li data-slate-node=\"element\"><span class=\"41\" data-slate-leaf=\"true\">Le port de nos pendentifs en pierres semi-pr\u00e9cieuses naturelles soulage le stress et l\u2019anxi\u00e9t\u00e9, <span data-slate-fragment=\"JTVCJTdCJTIydHlwZSUyMiUzQSUyMnBhcmFncmFwaCUyMiUyQyUyMmNoaWxkcmVuJTIyJTNBJTVCJTdCJTIydGV4dCUyMiUzQSUyMnBvcnF1ZSUyMiUyQyUyMnNlbnRlbmNlJTIyJTNBNCUyQyUyMmNoaWxkU2VudGVuY2UlMjIlM0ExJTdEJTVEJTdEJTVE\">car<\/span> ils transmettent des messages psychologiques positifs et une vision optimiste de la vie, et on dit qu\u2019ils transmettent de l\u2019\u00e9nergie cosmique au corps<\/span><span data-slate-node=\"text\"><span class=\"42\" data-slate-leaf=\"true\">.<\/span><\/span><\/li>\n<li data-slate-node=\"element\"><span class=\"61\" data-slate-leaf=\"true\">Les trous en acier inoxydable sur le dessus des pendentifs en pierre sont de la bonne taille pour le filetage.  <\/span><span data-slate-node=\"text\"><span class=\"62\" data-slate-leaf=\"true\">Souvent, il s\u2019agit simplement d\u2019enfiler une cha\u00eene ou un cordon.  <\/span><\/span><span data-slate-node=\"text\"><span class=\"63\" data-slate-leaf=\"true\">Avec des accessoires comme une fermeture \u00e0 homard en acier inoxydable, pour compl\u00e9ter votre propre projet d\u2019artisanat &#8211; profitez de faire de l\u2019artisanat avec des bijoux!<\/span><\/span><\/li>\n<li data-slate-node=\"element\"><span class=\"81\" data-slate-leaf=\"true\"><span data-slate-string=\"true\">Ces d\u00e9licats pendentifs en pierres pr\u00e9cieuses peuvent \u00eatre combin\u00e9s avec d\u2019autres accessoires en m\u00e9tal, cristal, perle et coquillage. Vous pouvez cr\u00e9er des bijoux, des colliers, des bracelets, des boucles d\u2019oreilles, des d\u00e9corations pour la maison et plus encore.  <\/span><\/span><span class=\"\" data-slate-node=\"text\"><br \/>\n  <span class=\"82\" data-slate-leaf=\"true\"><br \/>\n    <span data-slate-string=\"true\">Donnez-le \u00e0 vos amis et \u00e0 votre famille qui aiment l\u2019artisanat. <\/span><br \/>\n  <\/span><br \/>\n<\/span><span data-slate-node=\"text\"><br \/>\n  <span class=\"83\" data-slate-leaf=\"true\">Non seulement c\u2019est un cadeau parfait, mais il vient avec les meilleurs v\u0153ux<\/span><br \/>\n<\/span><span data-slate-node=\"text\"><br \/>\n  <span class=\"84\" data-slate-leaf=\"true\">.<\/span><br \/>\n<\/span><\/li>\n<\/ul>\n<p><img decoding=\"async\" class=\"alignnone wp-image-9203 size-full\" src=\"https:\/\/www.artestar.eu%E2%80%8B%E2%80%8B%E2%80%8B%E2%80%8B\/wp-content\/uploads\/2023\/07\/natural-semi-precious-gemstone-pendants-gold-copper-wire-wrapped-crystal-cloud-02.jpg\" alt=\"Nube de cristal colgante de piedra alambre de cobre envuelto\" width=\"600\" height=\"600\" srcset=\"https:\/\/www.artestar.eu\/wp-content\/uploads\/2023\/07\/natural-semi-precious-gemstone-pendants-gold-copper-wire-wrapped-crystal-cloud-02.jpg 600w, https:\/\/www.artestar.eu\/wp-content\/uploads\/2023\/07\/natural-semi-precious-gemstone-pendants-gold-copper-wire-wrapped-crystal-cloud-02-300x300.jpg 300w, https:\/\/www.artestar.eu\/wp-content\/uploads\/2023\/07\/natural-semi-precious-gemstone-pendants-gold-copper-wire-wrapped-crystal-cloud-02-150x150.jpg 150w, https:\/\/www.artestar.eu\/wp-content\/uploads\/2023\/07\/natural-semi-precious-gemstone-pendants-gold-copper-wire-wrapped-crystal-cloud-02-450x450.jpg 450w, https:\/\/www.artestar.eu\/wp-content\/uploads\/2023\/07\/natural-semi-precious-gemstone-pendants-gold-copper-wire-wrapped-crystal-cloud-02-54x54.jpg 54w\" sizes=\"(max-width: 600px) 100vw, 600px\" \/><\/p>\n<h5 data-slate-node=\"element\">Nube de cristal colgante de piedra alambre de cobre envuelto<\/h5>\n<ul>\n<li data-slate-node=\"element\"><span data-slate-node=\"text\"><span class=\"101\" data-slate-leaf=\"true\">Attention : En raison des diff\u00e9rences de moniteurs et de r\u00e9solution, les couleurs de l\u2019image peuvent diff\u00e9rer l\u00e9g\u00e8rement des couleurs r\u00e9elles<\/span><\/span><span class=\"102\" data-slate-leaf=\"true\"><span data-slate-node=\"text\">.<\/span><\/span><\/li>\n<li data-slate-node=\"element\"><span class=\"121\" data-slate-leaf=\"true\">Les perles de pierre doivent \u00eatre prot\u00e9g\u00e9es de la lumi\u00e8re intense du soleil pour \u00e9viter d\u2019endommager la texture et la couleur de la pierre<\/span><span data-slate-node=\"text\"><span class=\"122\" data-slate-leaf=\"true\">.<\/span><\/span><\/li>\n<li data-slate-node=\"element\">Attention: Les enfants de moins de trois ans doivent \u00e9viter le contact, risque de suffocation.<\/li>\n<\/ul>\n","protected":false},"excerpt":{"rendered":"<ul>\n<li>Quantit\u00e9: 1pcs.<\/li>\n<li>Taille: env. 21 ~ 32 x 18 ~ 27 x 16 ~ 23 mm, trou: env. \u2205 4~6 mm<\/li>\n<li>Parce qu\u2019il s\u2019agit d\u2019une pierre naturelle, les formes et les tailles peuvent varier. Les dimensions sont fournies \u00e0 titre indicatif uniquement.<\/li>\n<\/ul>\n","protected":false},"featured_media":22509,"comment_status":"open","ping_status":"closed","template":"","meta":[],"product_cat":[1041,1042],"product_tag":[],"yoast_head":"<!-- This site is optimized with the Yoast SEO Premium plugin v20.5 (Yoast SEO v21.5) - https:\/\/yoast.com\/wordpress\/plugins\/seo\/ -->\n<title>Artestar<\/title>\n<meta name=\"description\" content=\"Le quartz est consid\u00e9r\u00e9 comme le cristal ma\u00eetre qui peut \u00e9lever la conscience spirituelle et les niveaux d\u2019\u00e9nergie au plus haut degr\u00e9.\" \/>\n<meta name=\"robots\" content=\"index, follow, max-snippet:-1, max-image-preview:large, max-video-preview:-1\" \/>\n<link rel=\"canonical\" href=\"https:\/\/www.artestar.eu\/fr\/de-gros\/nuage-de-verre-pendentif-fil-cuivre-enveloppe-dor\/\" \/>\n<meta property=\"og:locale\" content=\"fr_FR\" \/>\n<meta property=\"og:type\" content=\"article\" \/>\n<meta property=\"og:title\" content=\"Nuage de verre suspendu en fil de cuivre envelopp\u00e9 de pierre\" \/>\n<meta property=\"og:description\" content=\"Le quartz est consid\u00e9r\u00e9 comme le cristal ma\u00eetre qui peut \u00e9lever la conscience spirituelle et les niveaux d\u2019\u00e9nergie au plus haut degr\u00e9.\" \/>\n<meta property=\"og:url\" content=\"https:\/\/www.artestar.eu\/fr\/de-gros\/nuage-de-verre-pendentif-fil-cuivre-enveloppe-dor\/\" \/>\n<meta property=\"og:site_name\" content=\"Artestar\" \/>\n<meta property=\"article:publisher\" content=\"https:\/\/www.facebook.com\/ARTESTAREU\" \/>\n<meta property=\"article:modified_time\" content=\"2023-09-23T03:02:25+00:00\" \/>\n<meta property=\"og:image\" content=\"https:\/\/www.artestar.eu\/wp-content\/uploads\/2023\/07\/natural-semi-precious-gemstone-pendants-gold-copper-wire-wrapped-crystal-cloud.jpg\" \/>\n\t<meta property=\"og:image:width\" content=\"600\" \/>\n\t<meta property=\"og:image:height\" content=\"600\" \/>\n\t<meta property=\"og:image:type\" content=\"image\/jpeg\" \/>\n<meta name=\"twitter:card\" content=\"summary_large_image\" \/>\n<meta name=\"twitter:label1\" content=\"Prix\" \/>\n\t<meta name=\"twitter:data1\" content=\"0,64&nbsp;&euro; (TVA NON incluse)\" \/>\n\t<meta name=\"twitter:label2\" content=\"Availability\" \/>\n\t<meta name=\"twitter:data2\" content=\"En stock\" \/>\n<script type=\"application\/ld+json\" class=\"yoast-schema-graph\">{\"@context\":\"https:\/\/schema.org\",\"@graph\":[{\"@type\":\"WebPage\",\"@id\":\"https:\/\/www.artestar.eu\/fr\/de-gros\/nuage-de-verre-pendentif-fil-cuivre-enveloppe-dor\/\",\"url\":\"https:\/\/www.artestar.eu\/fr\/de-gros\/nuage-de-verre-pendentif-fil-cuivre-enveloppe-dor\/\",\"name\":\"\",\"isPartOf\":{\"@id\":\"https:\/\/www.artestar.eu\/fr\/#website\"},\"datePublished\":\"2023-07-19T02:36:49+00:00\",\"dateModified\":\"2023-09-23T03:02:25+00:00\",\"description\":\"Le quartz est consid\u00e9r\u00e9 comme le cristal ma\u00eetre qui peut \u00e9lever la conscience spirituelle et les niveaux d\u2019\u00e9nergie au plus haut degr\u00e9.\",\"breadcrumb\":{\"@id\":\"https:\/\/www.artestar.eu\/fr\/de-gros\/nuage-de-verre-pendentif-fil-cuivre-enveloppe-dor\/#breadcrumb\"},\"inLanguage\":\"fr-FR\",\"potentialAction\":[{\"@type\":\"ReadAction\",\"target\":[\"https:\/\/www.artestar.eu\/fr\/de-gros\/nuage-de-verre-pendentif-fil-cuivre-enveloppe-dor\/\"]}]},{\"@type\":\"BreadcrumbList\",\"@id\":\"https:\/\/www.artestar.eu\/fr\/de-gros\/nuage-de-verre-pendentif-fil-cuivre-enveloppe-dor\/#breadcrumb\",\"itemListElement\":[{\"@type\":\"ListItem\",\"position\":1,\"name\":\"Artestar\",\"item\":\"https:\/\/www.artestar.eu\/fr\/\"},{\"@type\":\"ListItem\",\"position\":2,\"name\":\"De gros\",\"item\":\"https:\/\/www.artestar.eu\/fr\/de-gros\/\"},{\"@type\":\"ListItem\",\"position\":3,\"name\":\"Nuage de verre suspendu en fil de cuivre envelopp\u00e9 de pierre\"}]},{\"@type\":\"WebSite\",\"@id\":\"https:\/\/www.artestar.eu\/fr\/#website\",\"url\":\"https:\/\/www.artestar.eu\/fr\/\",\"name\":\"Artestar\",\"description\":\"Mayorista en abalorios y joyer\u00eda\",\"publisher\":{\"@id\":\"https:\/\/www.artestar.eu\/fr\/#organization\"},\"alternateName\":\"Artestar-EU\",\"potentialAction\":[{\"@type\":\"SearchAction\",\"target\":{\"@type\":\"EntryPoint\",\"urlTemplate\":\"https:\/\/www.artestar.eu\/fr\/?s={search_term_string}\"},\"query-input\":\"required name=search_term_string\"}],\"inLanguage\":\"fr-FR\"},{\"@type\":[\"Organization\",\"Place\"],\"@id\":\"https:\/\/www.artestar.eu\/fr\/#organization\",\"name\":\"RUBY ABALORIO S.L.\",\"alternateName\":\"Artestar\",\"url\":\"https:\/\/www.artestar.eu\/fr\/\",\"logo\":{\"@id\":\"https:\/\/www.artestar.eu\/fr\/de-gros\/nuage-de-verre-pendentif-fil-cuivre-enveloppe-dor\/#local-main-organization-logo\"},\"image\":{\"@id\":\"https:\/\/www.artestar.eu\/fr\/de-gros\/nuage-de-verre-pendentif-fil-cuivre-enveloppe-dor\/#local-main-organization-logo\"},\"sameAs\":[\"https:\/\/www.facebook.com\/ARTESTAREU\",\"https:\/\/www.instagram.com\/artestareu\/\",\"https:\/\/www.pinterest.es\/artestar_eu\/\",\"https:\/\/www.tiktok.com\/@artestar_wholesale\"],\"openingHoursSpecification\":[{\"@type\":\"OpeningHoursSpecification\",\"dayOfWeek\":[\"Monday\",\"Tuesday\",\"Wednesday\",\"Thursday\",\"Friday\",\"Saturday\",\"Sunday\"],\"opens\":\"09:00\",\"closes\":\"17:00\"}]},{\"@type\":\"ImageObject\",\"inLanguage\":\"fr-FR\",\"@id\":\"https:\/\/www.artestar.eu\/fr\/de-gros\/nuage-de-verre-pendentif-fil-cuivre-enveloppe-dor\/#local-main-organization-logo\",\"url\":\"https:\/\/www.artestar.eu\/wp-content\/uploads\/2023\/05\/cropped-png.png\",\"contentUrl\":\"https:\/\/www.artestar.eu\/wp-content\/uploads\/2023\/05\/cropped-png.png\",\"width\":512,\"height\":512,\"caption\":\"RUBY ABALORIO S.L.\"}]}<\/script>\n<meta property=\"product:price:amount\" content=\"0.64\" \/>\n<meta property=\"product:price:currency\" content=\"EUR\" \/>\n<meta property=\"og:availability\" content=\"instock\" \/>\n<meta property=\"product:availability\" content=\"instock\" \/>\n<meta property=\"product:retailer_item_id\" content=\"BS-GZ-RX-0036\" \/>\n<meta property=\"product:condition\" content=\"new\" \/>\n<!-- \/ Yoast SEO Premium plugin. -->","yoast_head_json":{"title":"Artestar","description":"Le quartz est consid\u00e9r\u00e9 comme le cristal ma\u00eetre qui peut \u00e9lever la conscience spirituelle et les niveaux d\u2019\u00e9nergie au plus haut degr\u00e9.","robots":{"index":"index","follow":"follow","max-snippet":"max-snippet:-1","max-image-preview":"max-image-preview:large","max-video-preview":"max-video-preview:-1"},"canonical":"https:\/\/www.artestar.eu\/fr\/de-gros\/nuage-de-verre-pendentif-fil-cuivre-enveloppe-dor\/","og_locale":"fr_FR","og_type":"article","og_title":"Nuage de verre suspendu en fil de cuivre envelopp\u00e9 de pierre","og_description":"Le quartz est consid\u00e9r\u00e9 comme le cristal ma\u00eetre qui peut \u00e9lever la conscience spirituelle et les niveaux d\u2019\u00e9nergie au plus haut degr\u00e9.","og_url":"https:\/\/www.artestar.eu\/fr\/de-gros\/nuage-de-verre-pendentif-fil-cuivre-enveloppe-dor\/","og_site_name":"Artestar","article_publisher":"https:\/\/www.facebook.com\/ARTESTAREU","article_modified_time":"2023-09-23T03:02:25+00:00","og_image":[{"width":600,"height":600,"url":"https:\/\/www.artestar.eu\/wp-content\/uploads\/2023\/07\/natural-semi-precious-gemstone-pendants-gold-copper-wire-wrapped-crystal-cloud.jpg","type":"image\/jpeg"}],"twitter_card":"summary_large_image","twitter_misc":{"Prix":"0,64&nbsp;&euro; (TVA NON incluse)","Availability":"En stock"},"schema":{"@context":"https:\/\/schema.org","@graph":[{"@type":"WebPage","@id":"https:\/\/www.artestar.eu\/fr\/de-gros\/nuage-de-verre-pendentif-fil-cuivre-enveloppe-dor\/","url":"https:\/\/www.artestar.eu\/fr\/de-gros\/nuage-de-verre-pendentif-fil-cuivre-enveloppe-dor\/","name":"","isPartOf":{"@id":"https:\/\/www.artestar.eu\/fr\/#website"},"datePublished":"2023-07-19T02:36:49+00:00","dateModified":"2023-09-23T03:02:25+00:00","description":"Le quartz est consid\u00e9r\u00e9 comme le cristal ma\u00eetre qui peut \u00e9lever la conscience spirituelle et les niveaux d\u2019\u00e9nergie au plus haut degr\u00e9.","breadcrumb":{"@id":"https:\/\/www.artestar.eu\/fr\/de-gros\/nuage-de-verre-pendentif-fil-cuivre-enveloppe-dor\/#breadcrumb"},"inLanguage":"fr-FR","potentialAction":[{"@type":"ReadAction","target":["https:\/\/www.artestar.eu\/fr\/de-gros\/nuage-de-verre-pendentif-fil-cuivre-enveloppe-dor\/"]}]},{"@type":"BreadcrumbList","@id":"https:\/\/www.artestar.eu\/fr\/de-gros\/nuage-de-verre-pendentif-fil-cuivre-enveloppe-dor\/#breadcrumb","itemListElement":[{"@type":"ListItem","position":1,"name":"Artestar","item":"https:\/\/www.artestar.eu\/fr\/"},{"@type":"ListItem","position":2,"name":"De gros","item":"https:\/\/www.artestar.eu\/fr\/de-gros\/"},{"@type":"ListItem","position":3,"name":"Nuage de verre suspendu en fil de cuivre envelopp\u00e9 de pierre"}]},{"@type":"WebSite","@id":"https:\/\/www.artestar.eu\/fr\/#website","url":"https:\/\/www.artestar.eu\/fr\/","name":"Artestar","description":"Mayorista en abalorios y joyer\u00eda","publisher":{"@id":"https:\/\/www.artestar.eu\/fr\/#organization"},"alternateName":"Artestar-EU","potentialAction":[{"@type":"SearchAction","target":{"@type":"EntryPoint","urlTemplate":"https:\/\/www.artestar.eu\/fr\/?s={search_term_string}"},"query-input":"required name=search_term_string"}],"inLanguage":"fr-FR"},{"@type":["Organization","Place"],"@id":"https:\/\/www.artestar.eu\/fr\/#organization","name":"RUBY ABALORIO S.L.","alternateName":"Artestar","url":"https:\/\/www.artestar.eu\/fr\/","logo":{"@id":"https:\/\/www.artestar.eu\/fr\/de-gros\/nuage-de-verre-pendentif-fil-cuivre-enveloppe-dor\/#local-main-organization-logo"},"image":{"@id":"https:\/\/www.artestar.eu\/fr\/de-gros\/nuage-de-verre-pendentif-fil-cuivre-enveloppe-dor\/#local-main-organization-logo"},"sameAs":["https:\/\/www.facebook.com\/ARTESTAREU","https:\/\/www.instagram.com\/artestareu\/","https:\/\/www.pinterest.es\/artestar_eu\/","https:\/\/www.tiktok.com\/@artestar_wholesale"],"openingHoursSpecification":[{"@type":"OpeningHoursSpecification","dayOfWeek":["Monday","Tuesday","Wednesday","Thursday","Friday","Saturday","Sunday"],"opens":"09:00","closes":"17:00"}]},{"@type":"ImageObject","inLanguage":"fr-FR","@id":"https:\/\/www.artestar.eu\/fr\/de-gros\/nuage-de-verre-pendentif-fil-cuivre-enveloppe-dor\/#local-main-organization-logo","url":"https:\/\/www.artestar.eu\/wp-content\/uploads\/2023\/05\/cropped-png.png","contentUrl":"https:\/\/www.artestar.eu\/wp-content\/uploads\/2023\/05\/cropped-png.png","width":512,"height":512,"caption":"RUBY ABALORIO S.L."}]},"product_price_amount":"0.64","product_price_currency":"EUR","og_availability":"instock","product_availability":"instock","product_retailer_item_id":"BS-GZ-RX-0036","product_condition":"new"},"tiered_pricing_type":"percentage","tiered_pricing_fixed_rules":{"10":"10"},"tiered_pricing_percentage_rules":[],"tiered_pricing_minimum":null,"_administrator_tiered_pricing_type":"fixed","_administrator_tiered_pricing_fixed_rules":[],"_editor_tiered_pricing_type":"fixed","_editor_tiered_pricing_fixed_rules":[],"_author_tiered_pricing_type":"fixed","_author_tiered_pricing_fixed_rules":[],"_contributor_tiered_pricing_type":"fixed","_contributor_tiered_pricing_fixed_rules":[],"_subscriber_tiered_pricing_type":"fixed","_subscriber_tiered_pricing_fixed_rules":[],"_wpseo_manager_tiered_pricing_type":"fixed","_wpseo_manager_tiered_pricing_fixed_rules":[],"_wpseo_editor_tiered_pricing_type":"fixed","_wpseo_editor_tiered_pricing_fixed_rules":[],"_customer_tiered_pricing_type":"fixed","_customer_tiered_pricing_fixed_rules":[],"_shop_manager_tiered_pricing_type":"fixed","_shop_manager_tiered_pricing_fixed_rules":[],"_product_manager_tiered_pricing_type":"fixed","_product_manager_tiered_pricing_fixed_rules":[],"_links":{"self":[{"href":"https:\/\/www.artestar.eu\/fr\/wp-json\/wp\/v2\/product\/28259"}],"collection":[{"href":"https:\/\/www.artestar.eu\/fr\/wp-json\/wp\/v2\/product"}],"about":[{"href":"https:\/\/www.artestar.eu\/fr\/wp-json\/wp\/v2\/types\/product"}],"replies":[{"embeddable":true,"href":"https:\/\/www.artestar.eu\/fr\/wp-json\/wp\/v2\/comments?post=28259"}],"version-history":[{"count":2,"href":"https:\/\/www.artestar.eu\/fr\/wp-json\/wp\/v2\/product\/28259\/revisions"}],"predecessor-version":[{"id":35580,"href":"https:\/\/www.artestar.eu\/fr\/wp-json\/wp\/v2\/product\/28259\/revisions\/35580"}],"wp:featuredmedia":[{"embeddable":true,"href":"https:\/\/www.artestar.eu\/fr\/wp-json\/wp\/v2\/media\/22509"}],"wp:attachment":[{"href":"https:\/\/www.artestar.eu\/fr\/wp-json\/wp\/v2\/media?parent=28259"}],"wp:term":[{"taxonomy":"product_cat","embeddable":true,"href":"https:\/\/www.artestar.eu\/fr\/wp-json\/wp\/v2\/product_cat?post=28259"},{"taxonomy":"product_tag","embeddable":true,"href":"https:\/\/www.artestar.eu\/fr\/wp-json\/wp\/v2\/product_tag?post=28259"}],"curies":[{"name":"wp","href":"https:\/\/api.w.org\/{rel}","templated":true}]}}