{"id":28301,"date":"2023-07-18T07:36:39","date_gmt":"2023-07-18T07:36:39","guid":{"rendered":"https:\/\/www.artestar.eu\/al-por-mayor\/piedra-crisantemo-colgante-de-piedra-alambre-de-cobre-envuelto\/"},"modified":"2023-09-23T04:59:19","modified_gmt":"2023-09-23T04:59:19","slug":"pierre-chrysantheme-fil-cuivre-dore-enveloppe","status":"publish","type":"product","link":"https:\/\/www.artestar.eu\/fr\/de-gros\/pierre-chrysantheme-fil-cuivre-dore-enveloppe\/","title":{"rendered":"Pierre de chrysanth\u00e8me pierre suspendue fil de cuivre envelopp\u00e9"},"content":{"rendered":"<p>Fil de cuivre suspendu en pierre de chrysanth\u00e8me en pierre envelopp\u00e9: Parce que <span data-slate-node=\"text\"><span class=\"00\" data-slate-leaf=\"true\">chaque pendentif en perles de pierre est fait de mat\u00e9riaux naturels purs et a un look unique<\/span><\/span><span data-slate-node=\"text\"><span class=\"01\" data-slate-leaf=\"true\">.<\/span><\/span><\/p>\n<ul>\n<li data-slate-node=\"element\"><span data-slate-node=\"text\"><span class=\"21\" data-slate-leaf=\"true\">Avec une finition polie, ces pendentifs en perles de pierre naturelle ont une surface lisse et sont tr\u00e8s confortables \u00e0 porter. <\/span><\/span><span data-slate-node=\"text\"><span class=\"22\" data-slate-leaf=\"true\">De plus, leur apparence, ainsi que leur texture et leur couleur naturelles, rendent les perles de pierres pr\u00e9cieuses uniques<\/span><\/span><span data-slate-node=\"text\"><span class=\"23\" data-slate-leaf=\"true\">.<\/span><\/span><\/li>\n<li data-slate-node=\"element\"><span class=\"41\" data-slate-leaf=\"true\">Le port de nos pendentifs en pierres semi-pr\u00e9cieuses naturelles soulage le stress et l\u2019anxi\u00e9t\u00e9, <span data-slate-fragment=\"JTVCJTdCJTIydHlwZSUyMiUzQSUyMnBhcmFncmFwaCUyMiUyQyUyMmNoaWxkcmVuJTIyJTNBJTVCJTdCJTIydGV4dCUyMiUzQSUyMnBvcnF1ZSUyMiUyQyUyMnNlbnRlbmNlJTIyJTNBNCUyQyUyMmNoaWxkU2VudGVuY2UlMjIlM0ExJTdEJTVEJTdEJTVE\">car<\/span> ils transmettent des messages psychologiques positifs et une vision optimiste de la vie, et on dit qu\u2019ils transmettent de l\u2019\u00e9nergie cosmique au corps<\/span><span data-slate-node=\"text\"><span class=\"42\" data-slate-leaf=\"true\">.<\/span><\/span><\/li>\n<li data-slate-node=\"element\"><span class=\"61\" data-slate-leaf=\"true\">Les trous en acier inoxydable sur le dessus des pendentifs en pierre sont de la bonne taille pour le filetage. <\/span><span data-slate-node=\"text\"><span class=\"62\" data-slate-leaf=\"true\">Souvent, il s\u2019agit simplement d\u2019enfiler une cha\u00eene ou un cordon.  <\/span><\/span><span data-slate-node=\"text\"><span class=\"63\" data-slate-leaf=\"true\">Avec des accessoires comme une fermeture \u00e0 homard en acier inoxydable, pour compl\u00e9ter votre propre projet d\u2019artisanat &#8211; profitez de faire de l\u2019artisanat avec des bijoux!<\/span><\/span><\/li>\n<li data-slate-node=\"element\"><span class=\"81\" data-slate-leaf=\"true\"><span data-slate-string=\"true\">Ces pendentifs en pierres pr\u00e9cieuses d\u00e9licates peuvent \u00eatre combin\u00e9s avec d\u2019autres accessoires m\u00e9talliques, cristaux, perles et coquillages pour cr\u00e9er n\u2019importe quel artisanat de bijoux de fantaisie que vous voulez, colliers, bracelets, boucles d\u2019oreilles, d\u00e9coration int\u00e9rieure et bien plus encore.  <\/span><\/span><span class=\"\" data-slate-node=\"text\"><span class=\"82\" data-slate-leaf=\"true\"><span data-slate-string=\"true\">Donnez-le \u00e0 vos amis et \u00e0 votre famille qui aiment l\u2019artisanat.  <\/span><\/span><\/span><span data-slate-node=\"text\"><span class=\"83\" data-slate-leaf=\"true\">Non seulement c\u2019est un cadeau parfait, mais il vient avec les meilleurs v\u0153ux.<\/span><\/span><span data-slate-node=\"text\"><span class=\"84\" data-slate-leaf=\"true\">.<\/span><\/span><\/li>\n<\/ul>\n<p>&nbsp;<\/p>\n<h5 data-slate-node=\"element\"><img decoding=\"async\" class=\"alignnone wp-image-9176 size-full\" src=\"https:\/\/www.artestar.eu%E2%80%8B%E2%80%8B%E2%80%8B%E2%80%8B\/wp-content\/uploads\/2023\/07\/natural-semi-precious-gemstone-pendants-gold-copper-wire-wrapped-chrysanthemum-stone-03.jpg\" alt=\"Pierre de chrysanth\u00e8me pierre suspendue fil de cuivre envelopp\u00e9\" width=\"600\" height=\"600\" srcset=\"https:\/\/www.artestar.eu\/wp-content\/uploads\/2023\/07\/natural-semi-precious-gemstone-pendants-gold-copper-wire-wrapped-chrysanthemum-stone-03.jpg 600w, https:\/\/www.artestar.eu\/wp-content\/uploads\/2023\/07\/natural-semi-precious-gemstone-pendants-gold-copper-wire-wrapped-chrysanthemum-stone-03-300x300.jpg 300w, https:\/\/www.artestar.eu\/wp-content\/uploads\/2023\/07\/natural-semi-precious-gemstone-pendants-gold-copper-wire-wrapped-chrysanthemum-stone-03-150x150.jpg 150w, https:\/\/www.artestar.eu\/wp-content\/uploads\/2023\/07\/natural-semi-precious-gemstone-pendants-gold-copper-wire-wrapped-chrysanthemum-stone-03-450x450.jpg 450w, https:\/\/www.artestar.eu\/wp-content\/uploads\/2023\/07\/natural-semi-precious-gemstone-pendants-gold-copper-wire-wrapped-chrysanthemum-stone-03-54x54.jpg 54w\" sizes=\"(max-width: 600px) 100vw, 600px\" \/><\/h5>\n<h5 data-slate-node=\"element\">Pierre de chrysanth\u00e8me pierre suspendue fil de cuivre envelopp\u00e9<\/h5>\n<ul>\n<li data-slate-node=\"element\"><span data-slate-node=\"text\"><span class=\"101\" data-slate-leaf=\"true\">Attention : En raison des diff\u00e9rences de moniteurs et de r\u00e9solution, les couleurs de l\u2019image peuvent diff\u00e9rer l\u00e9g\u00e8rement des couleurs r\u00e9elles<\/span><\/span><span class=\"102\" data-slate-leaf=\"true\"><span data-slate-node=\"text\">.<\/span><\/span><\/li>\n<li data-slate-node=\"element\"><span class=\"121\" data-slate-leaf=\"true\">Les perles de pierre doivent \u00eatre prot\u00e9g\u00e9es de la lumi\u00e8re intense du soleil pour \u00e9viter d\u2019endommager la texture et la couleur de la pierre<\/span><span data-slate-node=\"text\"><span class=\"122\" data-slate-leaf=\"true\">.<\/span><\/span><\/li>\n<li data-slate-node=\"element\">Attention: Les enfants de moins de trois ans doivent \u00e9viter le contact, risque de suffocation.<\/li>\n<\/ul>\n","protected":false},"excerpt":{"rendered":"<ul>\n<li>Quantit\u00e9: 1pcs.<\/li>\n<li>Taille: env. 21 ~ 32 x 18 ~ 27 x 16 ~ 23 mm, trou: env. \u2205 4~6 mm<\/li>\n<li>Parce qu\u2019il s\u2019agit d\u2019une pierre naturelle, les formes et les tailles peuvent varier. Les dimensions sont fournies \u00e0 titre indicatif uniquement.<\/li>\n<\/ul>\n","protected":false},"featured_media":22389,"comment_status":"open","ping_status":"closed","template":"","meta":[],"product_cat":[1041,1042],"product_tag":[],"yoast_head":"<!-- This site is optimized with the Yoast SEO Premium plugin v20.5 (Yoast SEO v21.5) - https:\/\/yoast.com\/wordpress\/plugins\/seo\/ -->\n<title>Artestar<\/title>\n<meta name=\"description\" content=\"La pierre de chrysanth\u00e8me est cens\u00e9e inspirer et donner la vie. La pierre de chrysanth\u00e8me a \u00e9t\u00e9 utilis\u00e9e pour dissiper l\u2019ignorance, le sectarisme et le pharisa\u00efsme.\" \/>\n<meta name=\"robots\" content=\"index, follow, max-snippet:-1, max-image-preview:large, max-video-preview:-1\" \/>\n<link rel=\"canonical\" href=\"https:\/\/www.artestar.eu\/fr\/de-gros\/pierre-chrysantheme-fil-cuivre-dore-enveloppe\/\" \/>\n<meta property=\"og:locale\" content=\"fr_FR\" \/>\n<meta property=\"og:type\" content=\"article\" \/>\n<meta property=\"og:title\" content=\"Pierre de chrysanth\u00e8me pierre suspendue fil de cuivre envelopp\u00e9\" \/>\n<meta property=\"og:description\" content=\"La pierre de chrysanth\u00e8me est cens\u00e9e inspirer et donner la vie. La pierre de chrysanth\u00e8me a \u00e9t\u00e9 utilis\u00e9e pour dissiper l\u2019ignorance, le sectarisme et le pharisa\u00efsme.\" \/>\n<meta property=\"og:url\" content=\"https:\/\/www.artestar.eu\/fr\/de-gros\/pierre-chrysantheme-fil-cuivre-dore-enveloppe\/\" \/>\n<meta property=\"og:site_name\" content=\"Artestar\" \/>\n<meta property=\"article:publisher\" content=\"https:\/\/www.facebook.com\/ARTESTAREU\" \/>\n<meta property=\"article:modified_time\" content=\"2023-09-23T04:59:19+00:00\" \/>\n<meta property=\"og:image\" content=\"https:\/\/www.artestar.eu\/wp-content\/uploads\/2023\/07\/natural-semi-precious-gemstone-pendants-gold-copper-wire-wrapped-chrysanthemum-stone.jpg\" \/>\n\t<meta property=\"og:image:width\" content=\"600\" \/>\n\t<meta property=\"og:image:height\" content=\"600\" \/>\n\t<meta property=\"og:image:type\" content=\"image\/jpeg\" \/>\n<meta name=\"twitter:card\" content=\"summary_large_image\" \/>\n<meta name=\"twitter:label1\" content=\"Prix\" \/>\n\t<meta name=\"twitter:data1\" content=\"0,64&nbsp;&euro; (TVA NON incluse)\" \/>\n\t<meta name=\"twitter:label2\" content=\"Availability\" \/>\n\t<meta name=\"twitter:data2\" content=\"En stock\" \/>\n<script type=\"application\/ld+json\" class=\"yoast-schema-graph\">{\"@context\":\"https:\/\/schema.org\",\"@graph\":[{\"@type\":\"WebPage\",\"@id\":\"https:\/\/www.artestar.eu\/fr\/de-gros\/pierre-chrysantheme-fil-cuivre-dore-enveloppe\/\",\"url\":\"https:\/\/www.artestar.eu\/fr\/de-gros\/pierre-chrysantheme-fil-cuivre-dore-enveloppe\/\",\"name\":\"\",\"isPartOf\":{\"@id\":\"https:\/\/www.artestar.eu\/fr\/#website\"},\"datePublished\":\"2023-07-18T07:36:39+00:00\",\"dateModified\":\"2023-09-23T04:59:19+00:00\",\"description\":\"La pierre de chrysanth\u00e8me est cens\u00e9e inspirer et donner la vie. La pierre de chrysanth\u00e8me a \u00e9t\u00e9 utilis\u00e9e pour dissiper l\u2019ignorance, le sectarisme et le pharisa\u00efsme.\",\"breadcrumb\":{\"@id\":\"https:\/\/www.artestar.eu\/fr\/de-gros\/pierre-chrysantheme-fil-cuivre-dore-enveloppe\/#breadcrumb\"},\"inLanguage\":\"fr-FR\",\"potentialAction\":[{\"@type\":\"ReadAction\",\"target\":[\"https:\/\/www.artestar.eu\/fr\/de-gros\/pierre-chrysantheme-fil-cuivre-dore-enveloppe\/\"]}]},{\"@type\":\"BreadcrumbList\",\"@id\":\"https:\/\/www.artestar.eu\/fr\/de-gros\/pierre-chrysantheme-fil-cuivre-dore-enveloppe\/#breadcrumb\",\"itemListElement\":[{\"@type\":\"ListItem\",\"position\":1,\"name\":\"Artestar\",\"item\":\"https:\/\/www.artestar.eu\/fr\/\"},{\"@type\":\"ListItem\",\"position\":2,\"name\":\"De gros\",\"item\":\"https:\/\/www.artestar.eu\/fr\/de-gros\/\"},{\"@type\":\"ListItem\",\"position\":3,\"name\":\"Pierre de chrysanth\u00e8me pierre suspendue fil de cuivre envelopp\u00e9\"}]},{\"@type\":\"WebSite\",\"@id\":\"https:\/\/www.artestar.eu\/fr\/#website\",\"url\":\"https:\/\/www.artestar.eu\/fr\/\",\"name\":\"Artestar\",\"description\":\"Mayorista en abalorios y joyer\u00eda\",\"publisher\":{\"@id\":\"https:\/\/www.artestar.eu\/fr\/#organization\"},\"alternateName\":\"Artestar-EU\",\"potentialAction\":[{\"@type\":\"SearchAction\",\"target\":{\"@type\":\"EntryPoint\",\"urlTemplate\":\"https:\/\/www.artestar.eu\/fr\/?s={search_term_string}\"},\"query-input\":\"required name=search_term_string\"}],\"inLanguage\":\"fr-FR\"},{\"@type\":[\"Organization\",\"Place\"],\"@id\":\"https:\/\/www.artestar.eu\/fr\/#organization\",\"name\":\"RUBY ABALORIO S.L.\",\"alternateName\":\"Artestar\",\"url\":\"https:\/\/www.artestar.eu\/fr\/\",\"logo\":{\"@id\":\"https:\/\/www.artestar.eu\/fr\/de-gros\/pierre-chrysantheme-fil-cuivre-dore-enveloppe\/#local-main-organization-logo\"},\"image\":{\"@id\":\"https:\/\/www.artestar.eu\/fr\/de-gros\/pierre-chrysantheme-fil-cuivre-dore-enveloppe\/#local-main-organization-logo\"},\"sameAs\":[\"https:\/\/www.facebook.com\/ARTESTAREU\",\"https:\/\/www.instagram.com\/artestareu\/\",\"https:\/\/www.pinterest.es\/artestar_eu\/\",\"https:\/\/www.tiktok.com\/@artestar_wholesale\"],\"openingHoursSpecification\":[{\"@type\":\"OpeningHoursSpecification\",\"dayOfWeek\":[\"Monday\",\"Tuesday\",\"Wednesday\",\"Thursday\",\"Friday\",\"Saturday\",\"Sunday\"],\"opens\":\"09:00\",\"closes\":\"17:00\"}]},{\"@type\":\"ImageObject\",\"inLanguage\":\"fr-FR\",\"@id\":\"https:\/\/www.artestar.eu\/fr\/de-gros\/pierre-chrysantheme-fil-cuivre-dore-enveloppe\/#local-main-organization-logo\",\"url\":\"https:\/\/www.artestar.eu\/wp-content\/uploads\/2023\/05\/cropped-png.png\",\"contentUrl\":\"https:\/\/www.artestar.eu\/wp-content\/uploads\/2023\/05\/cropped-png.png\",\"width\":512,\"height\":512,\"caption\":\"RUBY ABALORIO S.L.\"}]}<\/script>\n<meta property=\"product:price:amount\" content=\"0.64\" \/>\n<meta property=\"product:price:currency\" content=\"EUR\" \/>\n<meta property=\"og:availability\" content=\"instock\" \/>\n<meta property=\"product:availability\" content=\"instock\" \/>\n<meta property=\"product:retailer_item_id\" content=\"BS-GZ-RX-0042\" \/>\n<meta property=\"product:condition\" content=\"new\" \/>\n<!-- \/ Yoast SEO Premium plugin. -->","yoast_head_json":{"title":"Artestar","description":"La pierre de chrysanth\u00e8me est cens\u00e9e inspirer et donner la vie. La pierre de chrysanth\u00e8me a \u00e9t\u00e9 utilis\u00e9e pour dissiper l\u2019ignorance, le sectarisme et le pharisa\u00efsme.","robots":{"index":"index","follow":"follow","max-snippet":"max-snippet:-1","max-image-preview":"max-image-preview:large","max-video-preview":"max-video-preview:-1"},"canonical":"https:\/\/www.artestar.eu\/fr\/de-gros\/pierre-chrysantheme-fil-cuivre-dore-enveloppe\/","og_locale":"fr_FR","og_type":"article","og_title":"Pierre de chrysanth\u00e8me pierre suspendue fil de cuivre envelopp\u00e9","og_description":"La pierre de chrysanth\u00e8me est cens\u00e9e inspirer et donner la vie. La pierre de chrysanth\u00e8me a \u00e9t\u00e9 utilis\u00e9e pour dissiper l\u2019ignorance, le sectarisme et le pharisa\u00efsme.","og_url":"https:\/\/www.artestar.eu\/fr\/de-gros\/pierre-chrysantheme-fil-cuivre-dore-enveloppe\/","og_site_name":"Artestar","article_publisher":"https:\/\/www.facebook.com\/ARTESTAREU","article_modified_time":"2023-09-23T04:59:19+00:00","og_image":[{"width":600,"height":600,"url":"https:\/\/www.artestar.eu\/wp-content\/uploads\/2023\/07\/natural-semi-precious-gemstone-pendants-gold-copper-wire-wrapped-chrysanthemum-stone.jpg","type":"image\/jpeg"}],"twitter_card":"summary_large_image","twitter_misc":{"Prix":"0,64&nbsp;&euro; (TVA NON incluse)","Availability":"En stock"},"schema":{"@context":"https:\/\/schema.org","@graph":[{"@type":"WebPage","@id":"https:\/\/www.artestar.eu\/fr\/de-gros\/pierre-chrysantheme-fil-cuivre-dore-enveloppe\/","url":"https:\/\/www.artestar.eu\/fr\/de-gros\/pierre-chrysantheme-fil-cuivre-dore-enveloppe\/","name":"","isPartOf":{"@id":"https:\/\/www.artestar.eu\/fr\/#website"},"datePublished":"2023-07-18T07:36:39+00:00","dateModified":"2023-09-23T04:59:19+00:00","description":"La pierre de chrysanth\u00e8me est cens\u00e9e inspirer et donner la vie. La pierre de chrysanth\u00e8me a \u00e9t\u00e9 utilis\u00e9e pour dissiper l\u2019ignorance, le sectarisme et le pharisa\u00efsme.","breadcrumb":{"@id":"https:\/\/www.artestar.eu\/fr\/de-gros\/pierre-chrysantheme-fil-cuivre-dore-enveloppe\/#breadcrumb"},"inLanguage":"fr-FR","potentialAction":[{"@type":"ReadAction","target":["https:\/\/www.artestar.eu\/fr\/de-gros\/pierre-chrysantheme-fil-cuivre-dore-enveloppe\/"]}]},{"@type":"BreadcrumbList","@id":"https:\/\/www.artestar.eu\/fr\/de-gros\/pierre-chrysantheme-fil-cuivre-dore-enveloppe\/#breadcrumb","itemListElement":[{"@type":"ListItem","position":1,"name":"Artestar","item":"https:\/\/www.artestar.eu\/fr\/"},{"@type":"ListItem","position":2,"name":"De gros","item":"https:\/\/www.artestar.eu\/fr\/de-gros\/"},{"@type":"ListItem","position":3,"name":"Pierre de chrysanth\u00e8me pierre suspendue fil de cuivre envelopp\u00e9"}]},{"@type":"WebSite","@id":"https:\/\/www.artestar.eu\/fr\/#website","url":"https:\/\/www.artestar.eu\/fr\/","name":"Artestar","description":"Mayorista en abalorios y joyer\u00eda","publisher":{"@id":"https:\/\/www.artestar.eu\/fr\/#organization"},"alternateName":"Artestar-EU","potentialAction":[{"@type":"SearchAction","target":{"@type":"EntryPoint","urlTemplate":"https:\/\/www.artestar.eu\/fr\/?s={search_term_string}"},"query-input":"required name=search_term_string"}],"inLanguage":"fr-FR"},{"@type":["Organization","Place"],"@id":"https:\/\/www.artestar.eu\/fr\/#organization","name":"RUBY ABALORIO S.L.","alternateName":"Artestar","url":"https:\/\/www.artestar.eu\/fr\/","logo":{"@id":"https:\/\/www.artestar.eu\/fr\/de-gros\/pierre-chrysantheme-fil-cuivre-dore-enveloppe\/#local-main-organization-logo"},"image":{"@id":"https:\/\/www.artestar.eu\/fr\/de-gros\/pierre-chrysantheme-fil-cuivre-dore-enveloppe\/#local-main-organization-logo"},"sameAs":["https:\/\/www.facebook.com\/ARTESTAREU","https:\/\/www.instagram.com\/artestareu\/","https:\/\/www.pinterest.es\/artestar_eu\/","https:\/\/www.tiktok.com\/@artestar_wholesale"],"openingHoursSpecification":[{"@type":"OpeningHoursSpecification","dayOfWeek":["Monday","Tuesday","Wednesday","Thursday","Friday","Saturday","Sunday"],"opens":"09:00","closes":"17:00"}]},{"@type":"ImageObject","inLanguage":"fr-FR","@id":"https:\/\/www.artestar.eu\/fr\/de-gros\/pierre-chrysantheme-fil-cuivre-dore-enveloppe\/#local-main-organization-logo","url":"https:\/\/www.artestar.eu\/wp-content\/uploads\/2023\/05\/cropped-png.png","contentUrl":"https:\/\/www.artestar.eu\/wp-content\/uploads\/2023\/05\/cropped-png.png","width":512,"height":512,"caption":"RUBY ABALORIO S.L."}]},"product_price_amount":"0.64","product_price_currency":"EUR","og_availability":"instock","product_availability":"instock","product_retailer_item_id":"BS-GZ-RX-0042","product_condition":"new"},"tiered_pricing_type":"percentage","tiered_pricing_fixed_rules":{"10":"10"},"tiered_pricing_percentage_rules":[],"tiered_pricing_minimum":null,"_administrator_tiered_pricing_type":"fixed","_administrator_tiered_pricing_fixed_rules":[],"_editor_tiered_pricing_type":"fixed","_editor_tiered_pricing_fixed_rules":[],"_author_tiered_pricing_type":"fixed","_author_tiered_pricing_fixed_rules":[],"_contributor_tiered_pricing_type":"fixed","_contributor_tiered_pricing_fixed_rules":[],"_subscriber_tiered_pricing_type":"fixed","_subscriber_tiered_pricing_fixed_rules":[],"_wpseo_manager_tiered_pricing_type":"fixed","_wpseo_manager_tiered_pricing_fixed_rules":[],"_wpseo_editor_tiered_pricing_type":"fixed","_wpseo_editor_tiered_pricing_fixed_rules":[],"_customer_tiered_pricing_type":"fixed","_customer_tiered_pricing_fixed_rules":[],"_shop_manager_tiered_pricing_type":"fixed","_shop_manager_tiered_pricing_fixed_rules":[],"_product_manager_tiered_pricing_type":"fixed","_product_manager_tiered_pricing_fixed_rules":[],"_links":{"self":[{"href":"https:\/\/www.artestar.eu\/fr\/wp-json\/wp\/v2\/product\/28301"}],"collection":[{"href":"https:\/\/www.artestar.eu\/fr\/wp-json\/wp\/v2\/product"}],"about":[{"href":"https:\/\/www.artestar.eu\/fr\/wp-json\/wp\/v2\/types\/product"}],"replies":[{"embeddable":true,"href":"https:\/\/www.artestar.eu\/fr\/wp-json\/wp\/v2\/comments?post=28301"}],"version-history":[{"count":2,"href":"https:\/\/www.artestar.eu\/fr\/wp-json\/wp\/v2\/product\/28301\/revisions"}],"predecessor-version":[{"id":35614,"href":"https:\/\/www.artestar.eu\/fr\/wp-json\/wp\/v2\/product\/28301\/revisions\/35614"}],"wp:featuredmedia":[{"embeddable":true,"href":"https:\/\/www.artestar.eu\/fr\/wp-json\/wp\/v2\/media\/22389"}],"wp:attachment":[{"href":"https:\/\/www.artestar.eu\/fr\/wp-json\/wp\/v2\/media?parent=28301"}],"wp:term":[{"taxonomy":"product_cat","embeddable":true,"href":"https:\/\/www.artestar.eu\/fr\/wp-json\/wp\/v2\/product_cat?post=28301"},{"taxonomy":"product_tag","embeddable":true,"href":"https:\/\/www.artestar.eu\/fr\/wp-json\/wp\/v2\/product_tag?post=28301"}],"curies":[{"name":"wp","href":"https:\/\/api.w.org\/{rel}","templated":true}]}}