{"id":28351,"date":"2023-06-19T06:33:21","date_gmt":"2023-06-19T06:33:21","guid":{"rendered":"https:\/\/www.artestar.eu\/al-por-mayor\/agata-rojo-facetados-abaco\/"},"modified":"2023-10-16T02:40:56","modified_gmt":"2023-10-16T02:40:56","slug":"abaque-a-facettes-rouges-dagate","status":"publish","type":"product","link":"https:\/\/www.artestar.eu\/fr\/de-gros\/abaque-a-facettes-rouges-dagate\/","title":{"rendered":"Boulier facett\u00e9 en agate rouge"},"content":{"rendered":"<p>Abaque facett\u00e9 en agate rouge : 4 mm, trou : 1 mm.<\/p>\n<ul>\n<li>Chaque perle de pierre pr\u00e9cieuse est fabriqu\u00e9e \u00e0 partir de mat\u00e9riaux naturels purs pour un look unique.<\/li>\n<li>De plus, leur taille, leur texture et leur couleur uniformes rendent les perles de pierres pr\u00e9cieuses uniques.<\/li>\n<li>Les perles de semi-pierres pr\u00e9cieuses naturelles peuvent soulager le stress et l\u2019anxi\u00e9t\u00e9. En outre, donner une note mentale positive, une vision optimiste de la vie et sont cens\u00e9s transmettre l\u2019\u00e9nergie de l\u2019univers au corps.<\/li>\n<li>Parce que ces belles perles de pierre l\u00e2ches sont parfaites pour le filetage, il suffit d\u2019utiliser du fil de perle \u00e0 travers le trou de perles et de faire vos propres cr\u00e9ations. Profitez du plaisir de faire de l\u2019artisanat de bijoux!<\/li>\n<li>Ces perles perfor\u00e9es peuvent \u00eatre combin\u00e9es avec d\u2019autres accessoires m\u00e9talliques, cristaux, perles, coquillages, etc., pour faire de l\u2019artisanat, des colliers, des bracelets, des boucles d\u2019oreilles, des d\u00e9corations pour la maison, etc. Donnez-le \u00e0 la famille et aux amis qui aiment l\u2019artisanat. Non seulement c\u2019est un cadeau parfait, mais il contient \u00e9galement les meilleurs v\u0153ux.<\/li>\n<\/ul>\n<p><img decoding=\"async\" class=\"alignnone wp-image-6758 size-full\" src=\"https:\/\/www.artestar.eu%E2%80%8B%E2%80%8B%E2%80%8B%E2%80%8B\/wp-content\/uploads\/2023\/06\/size-faceted-abacus-stone-beads-1.jpg\" alt=\"Agate rouge facett\u00e9e\" width=\"600\" height=\"600\" srcset=\"https:\/\/www.artestar.eu\/wp-content\/uploads\/2023\/06\/size-faceted-abacus-stone-beads-1.jpg 600w, https:\/\/www.artestar.eu\/wp-content\/uploads\/2023\/06\/size-faceted-abacus-stone-beads-1-300x300.jpg 300w, https:\/\/www.artestar.eu\/wp-content\/uploads\/2023\/06\/size-faceted-abacus-stone-beads-1-150x150.jpg 150w, https:\/\/www.artestar.eu\/wp-content\/uploads\/2023\/06\/size-faceted-abacus-stone-beads-1-450x450.jpg 450w, https:\/\/www.artestar.eu\/wp-content\/uploads\/2023\/06\/size-faceted-abacus-stone-beads-1-54x54.jpg 54w\" sizes=\"(max-width: 600px) 100vw, 600px\" \/><\/p>\n<h5>Boulier facett\u00e9 en agate rouge<\/h5>\n<h6><strong>Pr\u00e9caution:<\/strong><\/h6>\n<ul>\n<li>En raison de diff\u00e9rents moniteurs et r\u00e9solutions, la couleur de l\u2019image peut \u00eatre l\u00e9g\u00e8rement diff\u00e9rente de la couleur r\u00e9elle.<\/li>\n<li>Dans une cha\u00eene de comptes de m\u00eame longueur. Le nombre de perles peut \u00eatre l\u00e9g\u00e8rement diff\u00e9rent en raison de diff\u00e9rences dans l\u2019artisanat ou les lots de production.<\/li>\n<li>Les perles de pierre doivent \u00eatre prot\u00e9g\u00e9es de la lumi\u00e8re intense du soleil pour \u00e9viter d\u2019endommager la texture et la couleur de la pierre pr\u00e9cieuse.<\/li>\n<li>Attention: Les enfants de moins de trois ans \u00e9vitent le contact, il y a un risque de suffocation.<\/li>\n<\/ul>\n","protected":false},"excerpt":{"rendered":"<ul>\n<li>4mm: env. 125pcs.<\/li>\n<li>Des perles de pierres semi-pr\u00e9cieuses naturelles, de petites imperfections sont autoris\u00e9es.<\/li>\n<li>En raison des diff\u00e9rents dispositifs d\u2019affichage, il y aura une l\u00e9g\u00e8re d\u00e9viation de couleur.<\/li>\n<\/ul>\n","protected":false},"featured_media":17254,"comment_status":"open","ping_status":"closed","template":"","meta":[],"product_cat":[1557,1489,1490],"product_tag":[],"yoast_head":"<!-- This site is optimized with the Yoast SEO Premium plugin v20.5 (Yoast SEO v21.5) - https:\/\/yoast.com\/wordpress\/plugins\/seo\/ -->\n<title>Abaque \u00e0 facettes en agate rouge - Artestar<\/title>\n<meta name=\"description\" content=\"L\u2019agate est une pierre aux propri\u00e9t\u00e9s protectrices, fortifiantes et stabilisatrices qui peuvent \u00e9quilibrer \u00e0 la fois les \u00e9motions et le corps.\" \/>\n<meta name=\"robots\" content=\"index, follow, max-snippet:-1, max-image-preview:large, max-video-preview:-1\" \/>\n<link rel=\"canonical\" href=\"https:\/\/www.artestar.eu\/fr\/de-gros\/abaque-a-facettes-rouges-dagate\/\" \/>\n<meta property=\"og:locale\" content=\"fr_FR\" \/>\n<meta property=\"og:type\" content=\"article\" \/>\n<meta property=\"og:title\" content=\"Boulier facett\u00e9 en agate rouge\" \/>\n<meta property=\"og:description\" content=\"L\u2019agate est une pierre aux propri\u00e9t\u00e9s protectrices, fortifiantes et stabilisatrices qui peuvent \u00e9quilibrer \u00e0 la fois les \u00e9motions et le corps.\" \/>\n<meta property=\"og:url\" content=\"https:\/\/www.artestar.eu\/fr\/de-gros\/abaque-a-facettes-rouges-dagate\/\" \/>\n<meta property=\"og:site_name\" content=\"Artestar\" \/>\n<meta property=\"article:publisher\" content=\"https:\/\/www.facebook.com\/ARTESTAREU\" \/>\n<meta property=\"article:modified_time\" content=\"2023-10-16T02:40:56+00:00\" \/>\n<meta property=\"og:image\" content=\"https:\/\/www.artestar.eu\/wp-content\/uploads\/2023\/06\/semi-precious-stones-gemstone-beads-faceted-abacus-red-agate.jpg\" \/>\n\t<meta property=\"og:image:width\" content=\"600\" \/>\n\t<meta property=\"og:image:height\" content=\"600\" \/>\n\t<meta property=\"og:image:type\" content=\"image\/jpeg\" \/>\n<meta name=\"twitter:card\" content=\"summary_large_image\" \/>\n<meta name=\"twitter:label1\" content=\"Prix\" \/>\n\t<meta name=\"twitter:data1\" content=\"3,56&nbsp;&euro; (TVA NON incluse)\" \/>\n\t<meta name=\"twitter:label2\" content=\"Availability\" \/>\n\t<meta name=\"twitter:data2\" content=\"En stock\" \/>\n<script type=\"application\/ld+json\" class=\"yoast-schema-graph\">{\"@context\":\"https:\/\/schema.org\",\"@graph\":[{\"@type\":\"WebPage\",\"@id\":\"https:\/\/www.artestar.eu\/fr\/de-gros\/abaque-a-facettes-rouges-dagate\/\",\"url\":\"https:\/\/www.artestar.eu\/fr\/de-gros\/abaque-a-facettes-rouges-dagate\/\",\"name\":\"Abaque \u00e0 facettes en agate rouge - Artestar\",\"isPartOf\":{\"@id\":\"https:\/\/www.artestar.eu\/fr\/#website\"},\"datePublished\":\"2023-06-19T06:33:21+00:00\",\"dateModified\":\"2023-10-16T02:40:56+00:00\",\"description\":\"L\u2019agate est une pierre aux propri\u00e9t\u00e9s protectrices, fortifiantes et stabilisatrices qui peuvent \u00e9quilibrer \u00e0 la fois les \u00e9motions et le corps.\",\"breadcrumb\":{\"@id\":\"https:\/\/www.artestar.eu\/fr\/de-gros\/abaque-a-facettes-rouges-dagate\/#breadcrumb\"},\"inLanguage\":\"fr-FR\",\"potentialAction\":[{\"@type\":\"ReadAction\",\"target\":[\"https:\/\/www.artestar.eu\/fr\/de-gros\/abaque-a-facettes-rouges-dagate\/\"]}]},{\"@type\":\"BreadcrumbList\",\"@id\":\"https:\/\/www.artestar.eu\/fr\/de-gros\/abaque-a-facettes-rouges-dagate\/#breadcrumb\",\"itemListElement\":[{\"@type\":\"ListItem\",\"position\":1,\"name\":\"Artestar\",\"item\":\"https:\/\/www.artestar.eu\/fr\/\"},{\"@type\":\"ListItem\",\"position\":2,\"name\":\"De gros\",\"item\":\"https:\/\/www.artestar.eu\/fr\/de-gros\/\"},{\"@type\":\"ListItem\",\"position\":3,\"name\":\"Boulier facett\u00e9 en agate rouge\"}]},{\"@type\":\"WebSite\",\"@id\":\"https:\/\/www.artestar.eu\/fr\/#website\",\"url\":\"https:\/\/www.artestar.eu\/fr\/\",\"name\":\"Artestar\",\"description\":\"Mayorista en abalorios y joyer\u00eda\",\"publisher\":{\"@id\":\"https:\/\/www.artestar.eu\/fr\/#organization\"},\"alternateName\":\"Artestar-EU\",\"potentialAction\":[{\"@type\":\"SearchAction\",\"target\":{\"@type\":\"EntryPoint\",\"urlTemplate\":\"https:\/\/www.artestar.eu\/fr\/?s={search_term_string}\"},\"query-input\":\"required name=search_term_string\"}],\"inLanguage\":\"fr-FR\"},{\"@type\":[\"Organization\",\"Place\"],\"@id\":\"https:\/\/www.artestar.eu\/fr\/#organization\",\"name\":\"RUBY ABALORIO S.L.\",\"alternateName\":\"Artestar\",\"url\":\"https:\/\/www.artestar.eu\/fr\/\",\"logo\":{\"@id\":\"https:\/\/www.artestar.eu\/fr\/de-gros\/abaque-a-facettes-rouges-dagate\/#local-main-organization-logo\"},\"image\":{\"@id\":\"https:\/\/www.artestar.eu\/fr\/de-gros\/abaque-a-facettes-rouges-dagate\/#local-main-organization-logo\"},\"sameAs\":[\"https:\/\/www.facebook.com\/ARTESTAREU\",\"https:\/\/www.instagram.com\/artestareu\/\",\"https:\/\/www.pinterest.es\/artestar_eu\/\",\"https:\/\/www.tiktok.com\/@artestar_wholesale\"],\"openingHoursSpecification\":[{\"@type\":\"OpeningHoursSpecification\",\"dayOfWeek\":[\"Monday\",\"Tuesday\",\"Wednesday\",\"Thursday\",\"Friday\",\"Saturday\",\"Sunday\"],\"opens\":\"09:00\",\"closes\":\"17:00\"}]},{\"@type\":\"ImageObject\",\"inLanguage\":\"fr-FR\",\"@id\":\"https:\/\/www.artestar.eu\/fr\/de-gros\/abaque-a-facettes-rouges-dagate\/#local-main-organization-logo\",\"url\":\"https:\/\/www.artestar.eu\/wp-content\/uploads\/2023\/05\/cropped-png.png\",\"contentUrl\":\"https:\/\/www.artestar.eu\/wp-content\/uploads\/2023\/05\/cropped-png.png\",\"width\":512,\"height\":512,\"caption\":\"RUBY ABALORIO S.L.\"}]}<\/script>\n<meta property=\"product:price:amount\" content=\"3.56\" \/>\n<meta property=\"product:price:currency\" content=\"EUR\" \/>\n<meta property=\"og:availability\" content=\"instock\" \/>\n<meta property=\"product:availability\" content=\"instock\" \/>\n<meta property=\"product:retailer_item_id\" content=\"BS-YZ-QM-B0010\" \/>\n<meta property=\"product:condition\" content=\"new\" \/>\n<!-- \/ Yoast SEO Premium plugin. -->","yoast_head_json":{"title":"Abaque \u00e0 facettes en agate rouge - Artestar","description":"L\u2019agate est une pierre aux propri\u00e9t\u00e9s protectrices, fortifiantes et stabilisatrices qui peuvent \u00e9quilibrer \u00e0 la fois les \u00e9motions et le corps.","robots":{"index":"index","follow":"follow","max-snippet":"max-snippet:-1","max-image-preview":"max-image-preview:large","max-video-preview":"max-video-preview:-1"},"canonical":"https:\/\/www.artestar.eu\/fr\/de-gros\/abaque-a-facettes-rouges-dagate\/","og_locale":"fr_FR","og_type":"article","og_title":"Boulier facett\u00e9 en agate rouge","og_description":"L\u2019agate est une pierre aux propri\u00e9t\u00e9s protectrices, fortifiantes et stabilisatrices qui peuvent \u00e9quilibrer \u00e0 la fois les \u00e9motions et le corps.","og_url":"https:\/\/www.artestar.eu\/fr\/de-gros\/abaque-a-facettes-rouges-dagate\/","og_site_name":"Artestar","article_publisher":"https:\/\/www.facebook.com\/ARTESTAREU","article_modified_time":"2023-10-16T02:40:56+00:00","og_image":[{"width":600,"height":600,"url":"https:\/\/www.artestar.eu\/wp-content\/uploads\/2023\/06\/semi-precious-stones-gemstone-beads-faceted-abacus-red-agate.jpg","type":"image\/jpeg"}],"twitter_card":"summary_large_image","twitter_misc":{"Prix":"3,56&nbsp;&euro; (TVA NON incluse)","Availability":"En stock"},"schema":{"@context":"https:\/\/schema.org","@graph":[{"@type":"WebPage","@id":"https:\/\/www.artestar.eu\/fr\/de-gros\/abaque-a-facettes-rouges-dagate\/","url":"https:\/\/www.artestar.eu\/fr\/de-gros\/abaque-a-facettes-rouges-dagate\/","name":"Abaque \u00e0 facettes en agate rouge - Artestar","isPartOf":{"@id":"https:\/\/www.artestar.eu\/fr\/#website"},"datePublished":"2023-06-19T06:33:21+00:00","dateModified":"2023-10-16T02:40:56+00:00","description":"L\u2019agate est une pierre aux propri\u00e9t\u00e9s protectrices, fortifiantes et stabilisatrices qui peuvent \u00e9quilibrer \u00e0 la fois les \u00e9motions et le corps.","breadcrumb":{"@id":"https:\/\/www.artestar.eu\/fr\/de-gros\/abaque-a-facettes-rouges-dagate\/#breadcrumb"},"inLanguage":"fr-FR","potentialAction":[{"@type":"ReadAction","target":["https:\/\/www.artestar.eu\/fr\/de-gros\/abaque-a-facettes-rouges-dagate\/"]}]},{"@type":"BreadcrumbList","@id":"https:\/\/www.artestar.eu\/fr\/de-gros\/abaque-a-facettes-rouges-dagate\/#breadcrumb","itemListElement":[{"@type":"ListItem","position":1,"name":"Artestar","item":"https:\/\/www.artestar.eu\/fr\/"},{"@type":"ListItem","position":2,"name":"De gros","item":"https:\/\/www.artestar.eu\/fr\/de-gros\/"},{"@type":"ListItem","position":3,"name":"Boulier facett\u00e9 en agate rouge"}]},{"@type":"WebSite","@id":"https:\/\/www.artestar.eu\/fr\/#website","url":"https:\/\/www.artestar.eu\/fr\/","name":"Artestar","description":"Mayorista en abalorios y joyer\u00eda","publisher":{"@id":"https:\/\/www.artestar.eu\/fr\/#organization"},"alternateName":"Artestar-EU","potentialAction":[{"@type":"SearchAction","target":{"@type":"EntryPoint","urlTemplate":"https:\/\/www.artestar.eu\/fr\/?s={search_term_string}"},"query-input":"required name=search_term_string"}],"inLanguage":"fr-FR"},{"@type":["Organization","Place"],"@id":"https:\/\/www.artestar.eu\/fr\/#organization","name":"RUBY ABALORIO S.L.","alternateName":"Artestar","url":"https:\/\/www.artestar.eu\/fr\/","logo":{"@id":"https:\/\/www.artestar.eu\/fr\/de-gros\/abaque-a-facettes-rouges-dagate\/#local-main-organization-logo"},"image":{"@id":"https:\/\/www.artestar.eu\/fr\/de-gros\/abaque-a-facettes-rouges-dagate\/#local-main-organization-logo"},"sameAs":["https:\/\/www.facebook.com\/ARTESTAREU","https:\/\/www.instagram.com\/artestareu\/","https:\/\/www.pinterest.es\/artestar_eu\/","https:\/\/www.tiktok.com\/@artestar_wholesale"],"openingHoursSpecification":[{"@type":"OpeningHoursSpecification","dayOfWeek":["Monday","Tuesday","Wednesday","Thursday","Friday","Saturday","Sunday"],"opens":"09:00","closes":"17:00"}]},{"@type":"ImageObject","inLanguage":"fr-FR","@id":"https:\/\/www.artestar.eu\/fr\/de-gros\/abaque-a-facettes-rouges-dagate\/#local-main-organization-logo","url":"https:\/\/www.artestar.eu\/wp-content\/uploads\/2023\/05\/cropped-png.png","contentUrl":"https:\/\/www.artestar.eu\/wp-content\/uploads\/2023\/05\/cropped-png.png","width":512,"height":512,"caption":"RUBY ABALORIO S.L."}]},"product_price_amount":"3.56","product_price_currency":"EUR","og_availability":"instock","product_availability":"instock","product_retailer_item_id":"BS-YZ-QM-B0010","product_condition":"new"},"tiered_pricing_type":"percentage","tiered_pricing_fixed_rules":{"10":"10"},"tiered_pricing_percentage_rules":[],"tiered_pricing_minimum":null,"_administrator_tiered_pricing_type":"fixed","_administrator_tiered_pricing_fixed_rules":[],"_editor_tiered_pricing_type":"fixed","_editor_tiered_pricing_fixed_rules":[],"_author_tiered_pricing_type":"fixed","_author_tiered_pricing_fixed_rules":[],"_contributor_tiered_pricing_type":"fixed","_contributor_tiered_pricing_fixed_rules":[],"_subscriber_tiered_pricing_type":"fixed","_subscriber_tiered_pricing_fixed_rules":[],"_wpseo_manager_tiered_pricing_type":"fixed","_wpseo_manager_tiered_pricing_fixed_rules":[],"_wpseo_editor_tiered_pricing_type":"fixed","_wpseo_editor_tiered_pricing_fixed_rules":[],"_customer_tiered_pricing_type":"fixed","_customer_tiered_pricing_fixed_rules":[],"_shop_manager_tiered_pricing_type":"fixed","_shop_manager_tiered_pricing_fixed_rules":[],"_product_manager_tiered_pricing_type":"fixed","_product_manager_tiered_pricing_fixed_rules":[],"_links":{"self":[{"href":"https:\/\/www.artestar.eu\/fr\/wp-json\/wp\/v2\/product\/28351"}],"collection":[{"href":"https:\/\/www.artestar.eu\/fr\/wp-json\/wp\/v2\/product"}],"about":[{"href":"https:\/\/www.artestar.eu\/fr\/wp-json\/wp\/v2\/types\/product"}],"replies":[{"embeddable":true,"href":"https:\/\/www.artestar.eu\/fr\/wp-json\/wp\/v2\/comments?post=28351"}],"version-history":[{"count":1,"href":"https:\/\/www.artestar.eu\/fr\/wp-json\/wp\/v2\/product\/28351\/revisions"}],"predecessor-version":[{"id":36453,"href":"https:\/\/www.artestar.eu\/fr\/wp-json\/wp\/v2\/product\/28351\/revisions\/36453"}],"wp:featuredmedia":[{"embeddable":true,"href":"https:\/\/www.artestar.eu\/fr\/wp-json\/wp\/v2\/media\/17254"}],"wp:attachment":[{"href":"https:\/\/www.artestar.eu\/fr\/wp-json\/wp\/v2\/media?parent=28351"}],"wp:term":[{"taxonomy":"product_cat","embeddable":true,"href":"https:\/\/www.artestar.eu\/fr\/wp-json\/wp\/v2\/product_cat?post=28351"},{"taxonomy":"product_tag","embeddable":true,"href":"https:\/\/www.artestar.eu\/fr\/wp-json\/wp\/v2\/product_tag?post=28351"}],"curies":[{"name":"wp","href":"https:\/\/api.w.org\/{rel}","templated":true}]}}