{"id":28924,"date":"2023-06-16T08:07:03","date_gmt":"2023-06-16T08:07:03","guid":{"rendered":"https:\/\/www.artestar.eu\/al-por-mayor\/separadores-de-cuentas-de-nacar\/"},"modified":"2023-10-17T02:39:48","modified_gmt":"2023-10-17T02:39:48","slug":"separateurs-de-billes-en-nacre","status":"publish","type":"product","link":"https:\/\/www.artestar.eu\/fr\/de-gros\/separateurs-de-billes-en-nacre\/","title":{"rendered":"S\u00e9parateurs de perles de nacre"},"content":{"rendered":"<p>Nos s\u00e9parateurs de perles en nacre naturelle en colonnes color\u00e9s sont disponibles dans de nombreuses jolies couleurs, ce qui les rend tr\u00e8s s\u00e9lectifs. N\u2019h\u00e9sitez pas \u00e0 choisir votre couleur pr\u00e9f\u00e9r\u00e9e pour cr\u00e9er vos propres bijoux de bricolage cr\u00e9atifs.<\/p>\n<h5>Caract\u00e9ristiques:<\/h5>\n<ul>\n<li>Doux et frais, ces s\u00e9parateurs de perles en nacre color\u00e9s sont jolis, l\u00e9gers et confortables \u00e0 porter.<\/li>\n<li>Ces perles color\u00e9es en coquille naturelle sont l\u2019accessoire parfait pour les perles. Vous pouvez cr\u00e9er un style unique et rendre vos bijoux magnifiques. Ces perles en vrac conviennent aux conceptions de bijoux de fantaisie, aux cadeaux de bricolage, aux colliers, aux pendentifs, aux bracelets, aux boucles d\u2019oreilles, aux accessoires vestimentaires, \u00e0 la d\u00e9coration int\u00e9rieure et aux conceptions de mariage.<\/li>\n<li>\u00c9tant donn\u00e9 que les s\u00e9parateurs de perles de nacre sont fix\u00e9s avec du fil, vous n\u2019aurez pas \u00e0 lutter pour les percer. Ils peuvent \u00e9galement \u00eatre utilis\u00e9s avec des cha\u00eenes m\u00e9talliques et des perles de pierres pr\u00e9cieuses en cristal pour cr\u00e9er des accessoires de cheveux \u00e9l\u00e9gants, des accessoires vestimentaires et bien plus encore.<\/li>\n<li>Utilisez ces s\u00e9parateurs de perles de nacre pour faire diff\u00e9rents cadeaux artisanaux. Ils peuvent \u00eatre utilis\u00e9s comme cadeaux pr\u00e9cieux pour votre famille et vos amis lors des anniversaires, No\u00ebl, Thanksgiving et autres anniversaires sp\u00e9ciaux de vacances, etc. Ou donnez-les \u00e0 vos amis amateurs d\u2019artisanat. Non seulement cela am\u00e9liorera vos comp\u00e9tences artisanales, mais cela cr\u00e9era \u00e9galement une camaraderie entre vous et votre ami.<\/li>\n<li>Les s\u00e9parateurs de perles en nacre en forme de tube de pilier ont une forme exceptionnelle, sont classiques et \u00e9l\u00e9gants et donnent un look tr\u00e8s rafra\u00eechissant. Il est visuellement naturel et confortable, mais en m\u00eame temps tr\u00e8s unique et beau. Si vous sortez dans la rue avec des bijoux en forme de n\u0153ud colonnaire, vous vous d\u00e9marquerez certainement, car ils sont vraiment tr\u00e8s beaux.<\/li>\n<li>La nacre est sans doute un mat\u00e9riau naturel de coquille qui se produit naturellement dans certaines coquilles. Si vous avez d\u00e9j\u00e0 ouvert une coquille d\u2019hu\u00eetre et regard\u00e9 \u00e0 l\u2019int\u00e9rieur, vous remarquerez facilement que la nacre orne les cr\u00e9ations de bijoux de reflets resplendissants, leur conf\u00e9rant un charme doux et f\u00e9minin et symbolisant la protection.<\/li>\n<\/ul>\n<h6>Avertissement:<\/h6>\n<ul>\n<li>En raison des diff\u00e9rents p\u00e9riph\u00e9riques d\u2019affichage, de l\u00e9g\u00e8res variations de couleur sont autoris\u00e9es.<\/li>\n<li>Les enfants de moins de trois ans doivent \u00e9viter tout contact avec le produit en raison du risque d\u2019\u00e9touffement.<\/li>\n<li>Lorsque vous portez des bijoux en nacre, il est recommand\u00e9 de ne pas les exposer \u00e0 des produits chimiques tels que des parfums, des gels de bain et des d\u00e9tergents, car ils peuvent alt\u00e9rer la couleur naturelle de la nacre ou m\u00eame l\u2019endommager. Pour nettoyer la nacre, essuyez-la simplement avec un chiffon doux ou un chiffon en microfibre.<\/li>\n<\/ul>\n","protected":false},"excerpt":{"rendered":"<ul>\n<li>Taille: env. \u2205 3,5 mm, Epaisseur: env. 3,5 mm<\/li>\n<li>Quantit\u00e9: env. 120pcs.<\/li>\n<li>Il est utilis\u00e9 pour fabriquer des colliers, des boucles d\u2019oreilles, des bracelets et d\u2019autres bijoux.<\/li>\n<\/ul>\n","protected":false},"featured_media":16328,"comment_status":"open","ping_status":"closed","template":"","meta":[],"product_cat":[1685,1489,1686],"product_tag":[],"yoast_head":"<!-- This site is optimized with the Yoast SEO Premium plugin v20.5 (Yoast SEO v21.5) - https:\/\/yoast.com\/wordpress\/plugins\/seo\/ -->\n<title>S\u00e9parateurs de perles de nacre couleurs - Artestar<\/title>\n<meta name=\"description\" content=\"Ces s\u00e9parateurs de perles color\u00e9s en nacre sont l\u2019accessoire parfait pour les perles. Vous pouvez cr\u00e9er un style unique pour rendre vos bijoux magnifiques.\" \/>\n<meta name=\"robots\" content=\"index, follow, max-snippet:-1, max-image-preview:large, max-video-preview:-1\" \/>\n<link rel=\"canonical\" href=\"https:\/\/www.artestar.eu\/fr\/de-gros\/separateurs-de-billes-en-nacre\/\" \/>\n<meta property=\"og:locale\" content=\"fr_FR\" \/>\n<meta property=\"og:type\" content=\"article\" \/>\n<meta property=\"og:title\" content=\"S\u00e9parateurs de perles de nacre\" \/>\n<meta property=\"og:description\" content=\"Ces s\u00e9parateurs de perles color\u00e9s en nacre sont l\u2019accessoire parfait pour les perles. Vous pouvez cr\u00e9er un style unique pour rendre vos bijoux magnifiques.\" \/>\n<meta property=\"og:url\" content=\"https:\/\/www.artestar.eu\/fr\/de-gros\/separateurs-de-billes-en-nacre\/\" \/>\n<meta property=\"og:site_name\" content=\"Artestar\" \/>\n<meta property=\"article:publisher\" content=\"https:\/\/www.facebook.com\/ARTESTAREU\" \/>\n<meta property=\"article:modified_time\" content=\"2023-10-17T02:39:48+00:00\" \/>\n<meta property=\"og:image\" content=\"https:\/\/www.artestar.eu\/wp-content\/uploads\/2023\/06\/shell-beads-column-2.jpg\" \/>\n\t<meta property=\"og:image:width\" content=\"600\" \/>\n\t<meta property=\"og:image:height\" content=\"600\" \/>\n\t<meta property=\"og:image:type\" content=\"image\/jpeg\" \/>\n<meta name=\"twitter:card\" content=\"summary_large_image\" \/>\n<meta name=\"twitter:label1\" content=\"Availability\" \/>\n\t<meta name=\"twitter:data1\" content=\"En stock\" \/>\n<script type=\"application\/ld+json\" class=\"yoast-schema-graph\">{\"@context\":\"https:\/\/schema.org\",\"@graph\":[{\"@type\":\"WebPage\",\"@id\":\"https:\/\/www.artestar.eu\/fr\/de-gros\/separateurs-de-billes-en-nacre\/\",\"url\":\"https:\/\/www.artestar.eu\/fr\/de-gros\/separateurs-de-billes-en-nacre\/\",\"name\":\"S\u00e9parateurs de perles de nacre couleurs - Artestar\",\"isPartOf\":{\"@id\":\"https:\/\/www.artestar.eu\/fr\/#website\"},\"datePublished\":\"2023-06-16T08:07:03+00:00\",\"dateModified\":\"2023-10-17T02:39:48+00:00\",\"description\":\"Ces s\u00e9parateurs de perles color\u00e9s en nacre sont l\u2019accessoire parfait pour les perles. Vous pouvez cr\u00e9er un style unique pour rendre vos bijoux magnifiques.\",\"breadcrumb\":{\"@id\":\"https:\/\/www.artestar.eu\/fr\/de-gros\/separateurs-de-billes-en-nacre\/#breadcrumb\"},\"inLanguage\":\"fr-FR\",\"potentialAction\":[{\"@type\":\"ReadAction\",\"target\":[\"https:\/\/www.artestar.eu\/fr\/de-gros\/separateurs-de-billes-en-nacre\/\"]}]},{\"@type\":\"BreadcrumbList\",\"@id\":\"https:\/\/www.artestar.eu\/fr\/de-gros\/separateurs-de-billes-en-nacre\/#breadcrumb\",\"itemListElement\":[{\"@type\":\"ListItem\",\"position\":1,\"name\":\"Artestar\",\"item\":\"https:\/\/www.artestar.eu\/fr\/\"},{\"@type\":\"ListItem\",\"position\":2,\"name\":\"De gros\",\"item\":\"https:\/\/www.artestar.eu\/fr\/de-gros\/\"},{\"@type\":\"ListItem\",\"position\":3,\"name\":\"S\u00e9parateurs de perles de nacre\"}]},{\"@type\":\"WebSite\",\"@id\":\"https:\/\/www.artestar.eu\/fr\/#website\",\"url\":\"https:\/\/www.artestar.eu\/fr\/\",\"name\":\"Artestar\",\"description\":\"Mayorista en abalorios y joyer\u00eda\",\"publisher\":{\"@id\":\"https:\/\/www.artestar.eu\/fr\/#organization\"},\"alternateName\":\"Artestar-EU\",\"potentialAction\":[{\"@type\":\"SearchAction\",\"target\":{\"@type\":\"EntryPoint\",\"urlTemplate\":\"https:\/\/www.artestar.eu\/fr\/?s={search_term_string}\"},\"query-input\":\"required name=search_term_string\"}],\"inLanguage\":\"fr-FR\"},{\"@type\":[\"Organization\",\"Place\"],\"@id\":\"https:\/\/www.artestar.eu\/fr\/#organization\",\"name\":\"RUBY ABALORIO S.L.\",\"alternateName\":\"Artestar\",\"url\":\"https:\/\/www.artestar.eu\/fr\/\",\"logo\":{\"@id\":\"https:\/\/www.artestar.eu\/fr\/de-gros\/separateurs-de-billes-en-nacre\/#local-main-organization-logo\"},\"image\":{\"@id\":\"https:\/\/www.artestar.eu\/fr\/de-gros\/separateurs-de-billes-en-nacre\/#local-main-organization-logo\"},\"sameAs\":[\"https:\/\/www.facebook.com\/ARTESTAREU\",\"https:\/\/www.instagram.com\/artestareu\/\",\"https:\/\/www.pinterest.es\/artestar_eu\/\",\"https:\/\/www.tiktok.com\/@artestar_wholesale\"],\"openingHoursSpecification\":[{\"@type\":\"OpeningHoursSpecification\",\"dayOfWeek\":[\"Monday\",\"Tuesday\",\"Wednesday\",\"Thursday\",\"Friday\",\"Saturday\",\"Sunday\"],\"opens\":\"09:00\",\"closes\":\"17:00\"}]},{\"@type\":\"ImageObject\",\"inLanguage\":\"fr-FR\",\"@id\":\"https:\/\/www.artestar.eu\/fr\/de-gros\/separateurs-de-billes-en-nacre\/#local-main-organization-logo\",\"url\":\"https:\/\/www.artestar.eu\/wp-content\/uploads\/2023\/05\/cropped-png.png\",\"contentUrl\":\"https:\/\/www.artestar.eu\/wp-content\/uploads\/2023\/05\/cropped-png.png\",\"width\":512,\"height\":512,\"caption\":\"RUBY ABALORIO S.L.\"}]}<\/script>\n<meta property=\"og:availability\" content=\"instock\" \/>\n<meta property=\"product:availability\" content=\"instock\" \/>\n<meta property=\"product:retailer_item_id\" content=\"BK-YZ-GZ0001-GZ0012\" \/>\n<meta property=\"product:condition\" content=\"new\" \/>\n<!-- \/ Yoast SEO Premium plugin. -->","yoast_head_json":{"title":"S\u00e9parateurs de perles de nacre couleurs - Artestar","description":"Ces s\u00e9parateurs de perles color\u00e9s en nacre sont l\u2019accessoire parfait pour les perles. Vous pouvez cr\u00e9er un style unique pour rendre vos bijoux magnifiques.","robots":{"index":"index","follow":"follow","max-snippet":"max-snippet:-1","max-image-preview":"max-image-preview:large","max-video-preview":"max-video-preview:-1"},"canonical":"https:\/\/www.artestar.eu\/fr\/de-gros\/separateurs-de-billes-en-nacre\/","og_locale":"fr_FR","og_type":"article","og_title":"S\u00e9parateurs de perles de nacre","og_description":"Ces s\u00e9parateurs de perles color\u00e9s en nacre sont l\u2019accessoire parfait pour les perles. Vous pouvez cr\u00e9er un style unique pour rendre vos bijoux magnifiques.","og_url":"https:\/\/www.artestar.eu\/fr\/de-gros\/separateurs-de-billes-en-nacre\/","og_site_name":"Artestar","article_publisher":"https:\/\/www.facebook.com\/ARTESTAREU","article_modified_time":"2023-10-17T02:39:48+00:00","og_image":[{"width":600,"height":600,"url":"https:\/\/www.artestar.eu\/wp-content\/uploads\/2023\/06\/shell-beads-column-2.jpg","type":"image\/jpeg"}],"twitter_card":"summary_large_image","twitter_misc":{"Availability":"En stock"},"schema":{"@context":"https:\/\/schema.org","@graph":[{"@type":"WebPage","@id":"https:\/\/www.artestar.eu\/fr\/de-gros\/separateurs-de-billes-en-nacre\/","url":"https:\/\/www.artestar.eu\/fr\/de-gros\/separateurs-de-billes-en-nacre\/","name":"S\u00e9parateurs de perles de nacre couleurs - Artestar","isPartOf":{"@id":"https:\/\/www.artestar.eu\/fr\/#website"},"datePublished":"2023-06-16T08:07:03+00:00","dateModified":"2023-10-17T02:39:48+00:00","description":"Ces s\u00e9parateurs de perles color\u00e9s en nacre sont l\u2019accessoire parfait pour les perles. Vous pouvez cr\u00e9er un style unique pour rendre vos bijoux magnifiques.","breadcrumb":{"@id":"https:\/\/www.artestar.eu\/fr\/de-gros\/separateurs-de-billes-en-nacre\/#breadcrumb"},"inLanguage":"fr-FR","potentialAction":[{"@type":"ReadAction","target":["https:\/\/www.artestar.eu\/fr\/de-gros\/separateurs-de-billes-en-nacre\/"]}]},{"@type":"BreadcrumbList","@id":"https:\/\/www.artestar.eu\/fr\/de-gros\/separateurs-de-billes-en-nacre\/#breadcrumb","itemListElement":[{"@type":"ListItem","position":1,"name":"Artestar","item":"https:\/\/www.artestar.eu\/fr\/"},{"@type":"ListItem","position":2,"name":"De gros","item":"https:\/\/www.artestar.eu\/fr\/de-gros\/"},{"@type":"ListItem","position":3,"name":"S\u00e9parateurs de perles de nacre"}]},{"@type":"WebSite","@id":"https:\/\/www.artestar.eu\/fr\/#website","url":"https:\/\/www.artestar.eu\/fr\/","name":"Artestar","description":"Mayorista en abalorios y joyer\u00eda","publisher":{"@id":"https:\/\/www.artestar.eu\/fr\/#organization"},"alternateName":"Artestar-EU","potentialAction":[{"@type":"SearchAction","target":{"@type":"EntryPoint","urlTemplate":"https:\/\/www.artestar.eu\/fr\/?s={search_term_string}"},"query-input":"required name=search_term_string"}],"inLanguage":"fr-FR"},{"@type":["Organization","Place"],"@id":"https:\/\/www.artestar.eu\/fr\/#organization","name":"RUBY ABALORIO S.L.","alternateName":"Artestar","url":"https:\/\/www.artestar.eu\/fr\/","logo":{"@id":"https:\/\/www.artestar.eu\/fr\/de-gros\/separateurs-de-billes-en-nacre\/#local-main-organization-logo"},"image":{"@id":"https:\/\/www.artestar.eu\/fr\/de-gros\/separateurs-de-billes-en-nacre\/#local-main-organization-logo"},"sameAs":["https:\/\/www.facebook.com\/ARTESTAREU","https:\/\/www.instagram.com\/artestareu\/","https:\/\/www.pinterest.es\/artestar_eu\/","https:\/\/www.tiktok.com\/@artestar_wholesale"],"openingHoursSpecification":[{"@type":"OpeningHoursSpecification","dayOfWeek":["Monday","Tuesday","Wednesday","Thursday","Friday","Saturday","Sunday"],"opens":"09:00","closes":"17:00"}]},{"@type":"ImageObject","inLanguage":"fr-FR","@id":"https:\/\/www.artestar.eu\/fr\/de-gros\/separateurs-de-billes-en-nacre\/#local-main-organization-logo","url":"https:\/\/www.artestar.eu\/wp-content\/uploads\/2023\/05\/cropped-png.png","contentUrl":"https:\/\/www.artestar.eu\/wp-content\/uploads\/2023\/05\/cropped-png.png","width":512,"height":512,"caption":"RUBY ABALORIO S.L."}]},"og_availability":"instock","product_availability":"instock","product_retailer_item_id":"BK-YZ-GZ0001-GZ0012","product_condition":"new"},"tiered_pricing_type":"fixed","tiered_pricing_fixed_rules":[],"tiered_pricing_percentage_rules":[],"tiered_pricing_minimum":null,"_administrator_tiered_pricing_type":"fixed","_administrator_tiered_pricing_fixed_rules":[],"_editor_tiered_pricing_type":"fixed","_editor_tiered_pricing_fixed_rules":[],"_author_tiered_pricing_type":"fixed","_author_tiered_pricing_fixed_rules":[],"_contributor_tiered_pricing_type":"fixed","_contributor_tiered_pricing_fixed_rules":[],"_subscriber_tiered_pricing_type":"fixed","_subscriber_tiered_pricing_fixed_rules":[],"_wpseo_manager_tiered_pricing_type":"fixed","_wpseo_manager_tiered_pricing_fixed_rules":[],"_wpseo_editor_tiered_pricing_type":"fixed","_wpseo_editor_tiered_pricing_fixed_rules":[],"_customer_tiered_pricing_type":"fixed","_customer_tiered_pricing_fixed_rules":[],"_shop_manager_tiered_pricing_type":"fixed","_shop_manager_tiered_pricing_fixed_rules":[],"_product_manager_tiered_pricing_type":"fixed","_product_manager_tiered_pricing_fixed_rules":[],"_links":{"self":[{"href":"https:\/\/www.artestar.eu\/fr\/wp-json\/wp\/v2\/product\/28924"}],"collection":[{"href":"https:\/\/www.artestar.eu\/fr\/wp-json\/wp\/v2\/product"}],"about":[{"href":"https:\/\/www.artestar.eu\/fr\/wp-json\/wp\/v2\/types\/product"}],"replies":[{"embeddable":true,"href":"https:\/\/www.artestar.eu\/fr\/wp-json\/wp\/v2\/comments?post=28924"}],"version-history":[{"count":1,"href":"https:\/\/www.artestar.eu\/fr\/wp-json\/wp\/v2\/product\/28924\/revisions"}],"predecessor-version":[{"id":33799,"href":"https:\/\/www.artestar.eu\/fr\/wp-json\/wp\/v2\/product\/28924\/revisions\/33799"}],"wp:featuredmedia":[{"embeddable":true,"href":"https:\/\/www.artestar.eu\/fr\/wp-json\/wp\/v2\/media\/16328"}],"wp:attachment":[{"href":"https:\/\/www.artestar.eu\/fr\/wp-json\/wp\/v2\/media?parent=28924"}],"wp:term":[{"taxonomy":"product_cat","embeddable":true,"href":"https:\/\/www.artestar.eu\/fr\/wp-json\/wp\/v2\/product_cat?post=28924"},{"taxonomy":"product_tag","embeddable":true,"href":"https:\/\/www.artestar.eu\/fr\/wp-json\/wp\/v2\/product_tag?post=28924"}],"curies":[{"name":"wp","href":"https:\/\/api.w.org\/{rel}","templated":true}]}}