{"id":29052,"date":"2023-06-20T05:20:45","date_gmt":"2023-06-20T05:20:45","guid":{"rendered":"https:\/\/www.artestar.eu\/al-por-mayor\/cuarzo-fresa-facetados-abaco\/"},"modified":"2023-11-24T01:50:34","modified_gmt":"2023-11-24T01:50:34","slug":"boulier-a-facettes-en-quartz-fraise","status":"publish","type":"product","link":"https:\/\/www.artestar.eu\/fr\/de-gros\/boulier-a-facettes-en-quartz-fraise\/","title":{"rendered":"Boulier \u00e0 facettes en quartz fraise"},"content":{"rendered":"<p>Boulier \u00e0 facettes en quartz fraise: 4 mm, trou: 1 mm.<\/p>\n<ul>\n<li>Cada cuenta de piedra preciosa est\u00e1 hecha de materiales naturales puros para un aspecto \u00fanico.<\/li>\n<li>Adem\u00e1s, su tama\u00f1o uniforme, su textura y color hacen que las cuentas de piedras preciosas sean \u00fanicas.<\/li>\n<li>Las cuentas de piedras semipreciosas naturales pueden aliviar el estr\u00e9s y la ansiedad. Adem\u00e1s, dar una nota mental positiva, una visi\u00f3n optimista de la vida y se dice que transmiten la energ\u00eda del universo al cuerpo.<\/li>\n<li>Porque estas hermosas cuentas de piedra sueltas son perfectas para enhebrar, simplemente use hilo de perla a trav\u00e9s del orificio de la cuenta y haga sus propias creaciones. \u00a1Disfruta de la diversi\u00f3n de hacer artesan\u00edas de joyer\u00eda!<\/li>\n<li>Estas cuentas perforadas se pueden combinar con otros accesorios de metal, cristales, perlas, conchas, etc., para hacer cualquier artesan\u00eda, collares, pulseras, aretes, decoraciones para el hogar, etc. Reg\u00e1lalo a familiares y amigos que aman las manualidades. No solo es un regalo perfecto, sino que tambi\u00e9n contiene los mejores deseos.<\/li>\n<\/ul>\n<p><img decoding=\"async\" class=\"alignnone wp-image-6758 size-full\" src=\"https:\/\/www.artestar.eu%E2%80%8B%E2%80%8B%E2%80%8B%E2%80%8B\/wp-content\/uploads\/2023\/06\/size-faceted-abacus-stone-beads-1.jpg\" alt=\"Cuarzo fresa facetados\" width=\"600\" height=\"600\" srcset=\"https:\/\/www.artestar.eu\/wp-content\/uploads\/2023\/06\/size-faceted-abacus-stone-beads-1.jpg 600w, https:\/\/www.artestar.eu\/wp-content\/uploads\/2023\/06\/size-faceted-abacus-stone-beads-1-300x300.jpg 300w, https:\/\/www.artestar.eu\/wp-content\/uploads\/2023\/06\/size-faceted-abacus-stone-beads-1-150x150.jpg 150w, https:\/\/www.artestar.eu\/wp-content\/uploads\/2023\/06\/size-faceted-abacus-stone-beads-1-450x450.jpg 450w, https:\/\/www.artestar.eu\/wp-content\/uploads\/2023\/06\/size-faceted-abacus-stone-beads-1-54x54.jpg 54w\" sizes=\"(max-width: 600px) 100vw, 600px\" \/><\/p>\n<h5>Boulier \u00e0 facettes en quartz fraise<\/h5>\n<h6><strong>Pr\u00e9caution:<\/strong><\/h6>\n<ul>\n<li>En raison de diff\u00e9rents moniteurs et r\u00e9solutions, la couleur de l\u2019image peut \u00eatre l\u00e9g\u00e8rement diff\u00e9rente de la couleur r\u00e9elle.<\/li>\n<li>Dans une cha\u00eene de comptes de m\u00eame longueur. La cantidad de cuentas puede ser ligeramente diferente debido a las diferencias en la artesan\u00eda o los lotes de producci\u00f3n.<\/li>\n<li>Los abalorios de piedras deben protegerse de la luz solar intensa para evitar da\u00f1ar la textura y el color de la piedra preciosa.<\/li>\n<li>Attention: Les enfants de moins de trois ans \u00e9vitent le contact, il y a un risque de suffocation.<\/li>\n<\/ul>\n","protected":false},"excerpt":{"rendered":"<ul>\n<li>4mm: aprox. 125 unids.<\/li>\n<li>Des perles de pierres semi-pr\u00e9cieuses naturelles, de petites imperfections sont autoris\u00e9es.<\/li>\n<li>En raison des diff\u00e9rents dispositifs d\u2019affichage, il y aura une l\u00e9g\u00e8re d\u00e9viation de couleur.<\/li>\n<\/ul>\n","protected":false},"featured_media":17687,"comment_status":"open","ping_status":"closed","template":"","meta":[],"product_cat":[1557,1489,1490],"product_tag":[],"yoast_head":"<!-- This site is optimized with the Yoast SEO Premium plugin v20.5 (Yoast SEO v21.5) - https:\/\/yoast.com\/wordpress\/plugins\/seo\/ -->\n<title>Boulier \u00e0 facettes en quartz fraise - Artestar<\/title>\n<meta name=\"description\" content=\"La cuarzo fresa es \u00fatil para curar las emociones y eliminar los bloqueos emocionales. Tambi\u00e9n puede elevar el esp\u00edritu, potenciar la energ\u00eda creativa.\" \/>\n<meta name=\"robots\" content=\"index, follow, max-snippet:-1, max-image-preview:large, max-video-preview:-1\" \/>\n<link rel=\"canonical\" href=\"https:\/\/www.artestar.eu\/fr\/de-gros\/boulier-a-facettes-en-quartz-fraise\/\" \/>\n<meta property=\"og:locale\" content=\"fr_FR\" \/>\n<meta property=\"og:type\" content=\"article\" \/>\n<meta property=\"og:title\" content=\"Boulier \u00e0 facettes en quartz fraise\" \/>\n<meta property=\"og:description\" content=\"La cuarzo fresa es \u00fatil para curar las emociones y eliminar los bloqueos emocionales. Tambi\u00e9n puede elevar el esp\u00edritu, potenciar la energ\u00eda creativa.\" \/>\n<meta property=\"og:url\" content=\"https:\/\/www.artestar.eu\/fr\/de-gros\/boulier-a-facettes-en-quartz-fraise\/\" \/>\n<meta property=\"og:site_name\" content=\"Artestar\" \/>\n<meta property=\"article:publisher\" content=\"https:\/\/www.facebook.com\/ARTESTAREU\" \/>\n<meta property=\"article:modified_time\" content=\"2023-11-24T01:50:34+00:00\" \/>\n<meta property=\"og:image\" content=\"https:\/\/www.artestar.eu\/wp-content\/uploads\/2023\/06\/semi-precious-stones-gemstone-beads-faceted-abacus-strawberry-crystal.jpg\" \/>\n\t<meta property=\"og:image:width\" content=\"600\" \/>\n\t<meta property=\"og:image:height\" content=\"600\" \/>\n\t<meta property=\"og:image:type\" content=\"image\/jpeg\" \/>\n<meta name=\"twitter:card\" content=\"summary_large_image\" \/>\n<meta name=\"twitter:label1\" content=\"Prix\" \/>\n\t<meta name=\"twitter:data1\" content=\"3,56&nbsp;&euro; (TVA NON incluse)\" \/>\n\t<meta name=\"twitter:label2\" content=\"Availability\" \/>\n\t<meta name=\"twitter:data2\" content=\"En stock\" \/>\n<script type=\"application\/ld+json\" class=\"yoast-schema-graph\">{\"@context\":\"https:\/\/schema.org\",\"@graph\":[{\"@type\":\"WebPage\",\"@id\":\"https:\/\/www.artestar.eu\/fr\/de-gros\/boulier-a-facettes-en-quartz-fraise\/\",\"url\":\"https:\/\/www.artestar.eu\/fr\/de-gros\/boulier-a-facettes-en-quartz-fraise\/\",\"name\":\"Boulier \u00e0 facettes en quartz fraise - Artestar\",\"isPartOf\":{\"@id\":\"https:\/\/www.artestar.eu\/fr\/#website\"},\"datePublished\":\"2023-06-20T05:20:45+00:00\",\"dateModified\":\"2023-11-24T01:50:34+00:00\",\"description\":\"La cuarzo fresa es \u00fatil para curar las emociones y eliminar los bloqueos emocionales. Tambi\u00e9n puede elevar el esp\u00edritu, potenciar la energ\u00eda creativa.\",\"breadcrumb\":{\"@id\":\"https:\/\/www.artestar.eu\/fr\/de-gros\/boulier-a-facettes-en-quartz-fraise\/#breadcrumb\"},\"inLanguage\":\"fr-FR\",\"potentialAction\":[{\"@type\":\"ReadAction\",\"target\":[\"https:\/\/www.artestar.eu\/fr\/de-gros\/boulier-a-facettes-en-quartz-fraise\/\"]}]},{\"@type\":\"BreadcrumbList\",\"@id\":\"https:\/\/www.artestar.eu\/fr\/de-gros\/boulier-a-facettes-en-quartz-fraise\/#breadcrumb\",\"itemListElement\":[{\"@type\":\"ListItem\",\"position\":1,\"name\":\"Artestar\",\"item\":\"https:\/\/www.artestar.eu\/fr\/\"},{\"@type\":\"ListItem\",\"position\":2,\"name\":\"De gros\",\"item\":\"https:\/\/www.artestar.eu\/fr\/de-gros\/\"},{\"@type\":\"ListItem\",\"position\":3,\"name\":\"Boulier \u00e0 facettes en quartz fraise\"}]},{\"@type\":\"WebSite\",\"@id\":\"https:\/\/www.artestar.eu\/fr\/#website\",\"url\":\"https:\/\/www.artestar.eu\/fr\/\",\"name\":\"Artestar\",\"description\":\"Mayorista en abalorios y joyer\u00eda\",\"publisher\":{\"@id\":\"https:\/\/www.artestar.eu\/fr\/#organization\"},\"alternateName\":\"Artestar-EU\",\"potentialAction\":[{\"@type\":\"SearchAction\",\"target\":{\"@type\":\"EntryPoint\",\"urlTemplate\":\"https:\/\/www.artestar.eu\/fr\/?s={search_term_string}\"},\"query-input\":\"required name=search_term_string\"}],\"inLanguage\":\"fr-FR\"},{\"@type\":[\"Organization\",\"Place\"],\"@id\":\"https:\/\/www.artestar.eu\/fr\/#organization\",\"name\":\"RUBY ABALORIO S.L.\",\"alternateName\":\"Artestar\",\"url\":\"https:\/\/www.artestar.eu\/fr\/\",\"logo\":{\"@id\":\"https:\/\/www.artestar.eu\/fr\/de-gros\/boulier-a-facettes-en-quartz-fraise\/#local-main-organization-logo\"},\"image\":{\"@id\":\"https:\/\/www.artestar.eu\/fr\/de-gros\/boulier-a-facettes-en-quartz-fraise\/#local-main-organization-logo\"},\"sameAs\":[\"https:\/\/www.facebook.com\/ARTESTAREU\",\"https:\/\/www.instagram.com\/artestareu\/\",\"https:\/\/www.pinterest.es\/artestar_eu\/\",\"https:\/\/www.tiktok.com\/@artestar_wholesale\"],\"openingHoursSpecification\":[{\"@type\":\"OpeningHoursSpecification\",\"dayOfWeek\":[\"Monday\",\"Tuesday\",\"Wednesday\",\"Thursday\",\"Friday\",\"Saturday\",\"Sunday\"],\"opens\":\"09:00\",\"closes\":\"17:00\"}]},{\"@type\":\"ImageObject\",\"inLanguage\":\"fr-FR\",\"@id\":\"https:\/\/www.artestar.eu\/fr\/de-gros\/boulier-a-facettes-en-quartz-fraise\/#local-main-organization-logo\",\"url\":\"https:\/\/www.artestar.eu\/wp-content\/uploads\/2023\/05\/cropped-png.png\",\"contentUrl\":\"https:\/\/www.artestar.eu\/wp-content\/uploads\/2023\/05\/cropped-png.png\",\"width\":512,\"height\":512,\"caption\":\"RUBY ABALORIO S.L.\"}]}<\/script>\n<meta property=\"product:price:amount\" content=\"3.56\" \/>\n<meta property=\"product:price:currency\" content=\"EUR\" \/>\n<meta property=\"og:availability\" content=\"instock\" \/>\n<meta property=\"product:availability\" content=\"instock\" \/>\n<meta property=\"product:retailer_item_id\" content=\"BS-YZ-QM-B0027\" \/>\n<meta property=\"product:condition\" content=\"new\" \/>\n<!-- \/ Yoast SEO Premium plugin. -->","yoast_head_json":{"title":"Boulier \u00e0 facettes en quartz fraise - Artestar","description":"La cuarzo fresa es \u00fatil para curar las emociones y eliminar los bloqueos emocionales. Tambi\u00e9n puede elevar el esp\u00edritu, potenciar la energ\u00eda creativa.","robots":{"index":"index","follow":"follow","max-snippet":"max-snippet:-1","max-image-preview":"max-image-preview:large","max-video-preview":"max-video-preview:-1"},"canonical":"https:\/\/www.artestar.eu\/fr\/de-gros\/boulier-a-facettes-en-quartz-fraise\/","og_locale":"fr_FR","og_type":"article","og_title":"Boulier \u00e0 facettes en quartz fraise","og_description":"La cuarzo fresa es \u00fatil para curar las emociones y eliminar los bloqueos emocionales. Tambi\u00e9n puede elevar el esp\u00edritu, potenciar la energ\u00eda creativa.","og_url":"https:\/\/www.artestar.eu\/fr\/de-gros\/boulier-a-facettes-en-quartz-fraise\/","og_site_name":"Artestar","article_publisher":"https:\/\/www.facebook.com\/ARTESTAREU","article_modified_time":"2023-11-24T01:50:34+00:00","og_image":[{"width":600,"height":600,"url":"https:\/\/www.artestar.eu\/wp-content\/uploads\/2023\/06\/semi-precious-stones-gemstone-beads-faceted-abacus-strawberry-crystal.jpg","type":"image\/jpeg"}],"twitter_card":"summary_large_image","twitter_misc":{"Prix":"3,56&nbsp;&euro; (TVA NON incluse)","Availability":"En stock"},"schema":{"@context":"https:\/\/schema.org","@graph":[{"@type":"WebPage","@id":"https:\/\/www.artestar.eu\/fr\/de-gros\/boulier-a-facettes-en-quartz-fraise\/","url":"https:\/\/www.artestar.eu\/fr\/de-gros\/boulier-a-facettes-en-quartz-fraise\/","name":"Boulier \u00e0 facettes en quartz fraise - Artestar","isPartOf":{"@id":"https:\/\/www.artestar.eu\/fr\/#website"},"datePublished":"2023-06-20T05:20:45+00:00","dateModified":"2023-11-24T01:50:34+00:00","description":"La cuarzo fresa es \u00fatil para curar las emociones y eliminar los bloqueos emocionales. Tambi\u00e9n puede elevar el esp\u00edritu, potenciar la energ\u00eda creativa.","breadcrumb":{"@id":"https:\/\/www.artestar.eu\/fr\/de-gros\/boulier-a-facettes-en-quartz-fraise\/#breadcrumb"},"inLanguage":"fr-FR","potentialAction":[{"@type":"ReadAction","target":["https:\/\/www.artestar.eu\/fr\/de-gros\/boulier-a-facettes-en-quartz-fraise\/"]}]},{"@type":"BreadcrumbList","@id":"https:\/\/www.artestar.eu\/fr\/de-gros\/boulier-a-facettes-en-quartz-fraise\/#breadcrumb","itemListElement":[{"@type":"ListItem","position":1,"name":"Artestar","item":"https:\/\/www.artestar.eu\/fr\/"},{"@type":"ListItem","position":2,"name":"De gros","item":"https:\/\/www.artestar.eu\/fr\/de-gros\/"},{"@type":"ListItem","position":3,"name":"Boulier \u00e0 facettes en quartz fraise"}]},{"@type":"WebSite","@id":"https:\/\/www.artestar.eu\/fr\/#website","url":"https:\/\/www.artestar.eu\/fr\/","name":"Artestar","description":"Mayorista en abalorios y joyer\u00eda","publisher":{"@id":"https:\/\/www.artestar.eu\/fr\/#organization"},"alternateName":"Artestar-EU","potentialAction":[{"@type":"SearchAction","target":{"@type":"EntryPoint","urlTemplate":"https:\/\/www.artestar.eu\/fr\/?s={search_term_string}"},"query-input":"required name=search_term_string"}],"inLanguage":"fr-FR"},{"@type":["Organization","Place"],"@id":"https:\/\/www.artestar.eu\/fr\/#organization","name":"RUBY ABALORIO S.L.","alternateName":"Artestar","url":"https:\/\/www.artestar.eu\/fr\/","logo":{"@id":"https:\/\/www.artestar.eu\/fr\/de-gros\/boulier-a-facettes-en-quartz-fraise\/#local-main-organization-logo"},"image":{"@id":"https:\/\/www.artestar.eu\/fr\/de-gros\/boulier-a-facettes-en-quartz-fraise\/#local-main-organization-logo"},"sameAs":["https:\/\/www.facebook.com\/ARTESTAREU","https:\/\/www.instagram.com\/artestareu\/","https:\/\/www.pinterest.es\/artestar_eu\/","https:\/\/www.tiktok.com\/@artestar_wholesale"],"openingHoursSpecification":[{"@type":"OpeningHoursSpecification","dayOfWeek":["Monday","Tuesday","Wednesday","Thursday","Friday","Saturday","Sunday"],"opens":"09:00","closes":"17:00"}]},{"@type":"ImageObject","inLanguage":"fr-FR","@id":"https:\/\/www.artestar.eu\/fr\/de-gros\/boulier-a-facettes-en-quartz-fraise\/#local-main-organization-logo","url":"https:\/\/www.artestar.eu\/wp-content\/uploads\/2023\/05\/cropped-png.png","contentUrl":"https:\/\/www.artestar.eu\/wp-content\/uploads\/2023\/05\/cropped-png.png","width":512,"height":512,"caption":"RUBY ABALORIO S.L."}]},"product_price_amount":"3.56","product_price_currency":"EUR","og_availability":"instock","product_availability":"instock","product_retailer_item_id":"BS-YZ-QM-B0027","product_condition":"new"},"tiered_pricing_type":"percentage","tiered_pricing_fixed_rules":{"10":"10"},"tiered_pricing_percentage_rules":[],"tiered_pricing_minimum":null,"_administrator_tiered_pricing_type":"fixed","_administrator_tiered_pricing_fixed_rules":[],"_editor_tiered_pricing_type":"fixed","_editor_tiered_pricing_fixed_rules":[],"_author_tiered_pricing_type":"fixed","_author_tiered_pricing_fixed_rules":[],"_contributor_tiered_pricing_type":"fixed","_contributor_tiered_pricing_fixed_rules":[],"_subscriber_tiered_pricing_type":"fixed","_subscriber_tiered_pricing_fixed_rules":[],"_wpseo_manager_tiered_pricing_type":"fixed","_wpseo_manager_tiered_pricing_fixed_rules":[],"_wpseo_editor_tiered_pricing_type":"fixed","_wpseo_editor_tiered_pricing_fixed_rules":[],"_customer_tiered_pricing_type":"fixed","_customer_tiered_pricing_fixed_rules":[],"_shop_manager_tiered_pricing_type":"fixed","_shop_manager_tiered_pricing_fixed_rules":[],"_product_manager_tiered_pricing_type":"fixed","_product_manager_tiered_pricing_fixed_rules":[],"_links":{"self":[{"href":"https:\/\/www.artestar.eu\/fr\/wp-json\/wp\/v2\/product\/29052"}],"collection":[{"href":"https:\/\/www.artestar.eu\/fr\/wp-json\/wp\/v2\/product"}],"about":[{"href":"https:\/\/www.artestar.eu\/fr\/wp-json\/wp\/v2\/types\/product"}],"replies":[{"embeddable":true,"href":"https:\/\/www.artestar.eu\/fr\/wp-json\/wp\/v2\/comments?post=29052"}],"version-history":[{"count":3,"href":"https:\/\/www.artestar.eu\/fr\/wp-json\/wp\/v2\/product\/29052\/revisions"}],"predecessor-version":[{"id":37947,"href":"https:\/\/www.artestar.eu\/fr\/wp-json\/wp\/v2\/product\/29052\/revisions\/37947"}],"wp:featuredmedia":[{"embeddable":true,"href":"https:\/\/www.artestar.eu\/fr\/wp-json\/wp\/v2\/media\/17687"}],"wp:attachment":[{"href":"https:\/\/www.artestar.eu\/fr\/wp-json\/wp\/v2\/media?parent=29052"}],"wp:term":[{"taxonomy":"product_cat","embeddable":true,"href":"https:\/\/www.artestar.eu\/fr\/wp-json\/wp\/v2\/product_cat?post=29052"},{"taxonomy":"product_tag","embeddable":true,"href":"https:\/\/www.artestar.eu\/fr\/wp-json\/wp\/v2\/product_tag?post=29052"}],"curies":[{"name":"wp","href":"https:\/\/api.w.org\/{rel}","templated":true}]}}