{"id":29605,"date":"2023-09-01T06:06:45","date_gmt":"2023-09-01T06:06:45","guid":{"rendered":"https:\/\/www.artestar.eu\/al-por-mayor\/facetados-oval-colgante-de-piedra-con-fornituras-de-laton\/"},"modified":"2024-11-09T02:37:12","modified_gmt":"2024-11-09T02:37:12","slug":"facetados-oval-colgante-de-piedra-con-fornituras-de-laton","status":"publish","type":"product","link":"https:\/\/www.artestar.eu\/fr\/de-gros\/facetados-oval-colgante-de-piedra-con-fornituras-de-laton\/","title":{"rendered":"Facetados oval colgante de piedra con fornituras de lat\u00f3n"},"content":{"rendered":"<p>Facetados oval colgante de piedra con fornituras de lat\u00f3n: Porque cada colgante de cuentas de piedra est\u00e1 hecho de materiales naturales puros y tiene un aspecto \u00fanico.<\/p>\n<ul>\n<li>Avec une finition polie, ces pendentifs en pierre naturelle ont une surface lisse et sont tr\u00e8s agr\u00e9ables \u00e0 porter. De plus, leur apparence, ainsi que leur texture et leur couleur naturelles, rendent les perles de pierres pr\u00e9cieuses uniques.<\/li>\n<li>Le port de nos pendentifs en pierre semi-pr\u00e9cieuse naturelle soulage le stress et l&#8217;anxi\u00e9t\u00e9, car ils transmettent des messages psychologiques positifs et une vision optimiste de la vie, et on dit qu&#8217;ils transmettent l&#8217;\u00e9nergie cosmique au corps.<\/li>\n<li>Les trous en acier inoxydable au sommet des pendentifs en pierre sont de la bonne taille pour l&#8217;enfilage. Souvent, il s&#8217;agit simplement d&#8217;enfiler une cha\u00eene ou une corde. Avec des accessoires comme une fermeture \u00e0 homard en acier inoxydable, pour compl\u00e9ter votre propre projet d\u2019artisanat &#8211; profitez de faire de l\u2019artisanat avec des bijoux!<\/li>\n<li>Ces d\u00e9licats pendentifs en pierre pr\u00e9cieuse peuvent \u00eatre combin\u00e9s avec d&#8217;autres accessoires en m\u00e9tal, des cristaux, des perles et des coquillages pour cr\u00e9er tous les bijoux fantaisie que vous souhaitez, des colliers, des bracelets, des boucles d&#8217;oreilles, des d\u00e9corations pour la maison et bien plus encore. Donnez-le \u00e0 vos amis et \u00e0 votre famille qui aiment l\u2019artisanat. Non seulement c\u2019est un cadeau parfait, mais il vient avec les meilleurs v\u0153ux.<\/li>\n<\/ul>\n<p><img decoding=\"async\" class=\"alignnone size-full wp-image-29358\" src=\"https:\/\/www.artestar.eu\/wp-content\/uploads\/2023\/09\/semi-precious-stone-pendant-faceted-oval-gilded-02.jpg\" alt=\"Facetados oval colgante de piedra con fornituras de lat\u00f3n\" width=\"600\" height=\"600\" srcset=\"https:\/\/www.artestar.eu\/wp-content\/uploads\/2023\/09\/semi-precious-stone-pendant-faceted-oval-gilded-02.jpg 600w, https:\/\/www.artestar.eu\/wp-content\/uploads\/2023\/09\/semi-precious-stone-pendant-faceted-oval-gilded-02-300x300.jpg 300w, https:\/\/www.artestar.eu\/wp-content\/uploads\/2023\/09\/semi-precious-stone-pendant-faceted-oval-gilded-02-150x150.jpg 150w, https:\/\/www.artestar.eu\/wp-content\/uploads\/2023\/09\/semi-precious-stone-pendant-faceted-oval-gilded-02-450x450.jpg 450w, https:\/\/www.artestar.eu\/wp-content\/uploads\/2023\/09\/semi-precious-stone-pendant-faceted-oval-gilded-02-54x54.jpg 54w\" sizes=\"(max-width: 600px) 100vw, 600px\" \/><\/p>\n<h5>Facetados oval colgante de piedra con fornituras de lat\u00f3n<\/h5>\n<p><strong>Attention : <\/strong><\/p>\n<ul>\n<li>En raison des diff\u00e9rences de moniteurs et de r\u00e9solution, les couleurs des images peuvent diff\u00e9rer l\u00e9g\u00e8rement des couleurs r\u00e9elles.<\/li>\n<li>Les perles de pierre doivent \u00eatre prot\u00e9g\u00e9es de la lumi\u00e8re intense du soleil pour \u00e9viter d\u2019endommager la texture et la couleur de la pierre.<\/li>\n<\/ul>\n<p><strong>Avertissement:<\/strong><\/p>\n<ul>\n<li>Les enfants de moins de trois ans doivent \u00e9viter tout contact, car ils risquent de s&#8217;\u00e9touffer.<\/li>\n<\/ul>\n","protected":false},"excerpt":{"rendered":"<ul>\n<li>Quantit\u00e9: 1pcs.<\/li>\n<li>Taille: env. 14 x 8 x 5 mm, agujero: aprox. 2 mm<\/li>\n<li>En raison de facteurs tels que l&#8217;\u00e9clairage ou les variations naturelles des mat\u00e9riaux utilis\u00e9s, la couleur et la forme du produit peuvent varier l\u00e9g\u00e8rement.<\/li>\n<\/ul>\n","protected":false},"featured_media":29342,"comment_status":"open","ping_status":"closed","template":"","meta":[],"product_cat":[1041,1042],"product_tag":[],"yoast_head":"<!-- This site is optimized with the Yoast SEO Premium plugin v20.5 (Yoast SEO v21.5) - https:\/\/yoast.com\/wordpress\/plugins\/seo\/ -->\n<title>Facetados oval colgante de piedra con fornituras de lat\u00f3n - Artestar<\/title>\n<meta name=\"description\" content=\"Nuestros encanto de facetados oval colgante de piedra con fornituras de lat\u00f3n vienen en una amplia variedad y son altamente selectivos. Indispensable pour l\u2019\u00e9t\u00e9.\" \/>\n<meta name=\"robots\" content=\"index, follow, max-snippet:-1, max-image-preview:large, max-video-preview:-1\" \/>\n<link rel=\"canonical\" href=\"https:\/\/www.artestar.eu\/fr\/de-gros\/facetados-oval-colgante-de-piedra-con-fornituras-de-laton\/\" \/>\n<meta property=\"og:locale\" content=\"fr_FR\" \/>\n<meta property=\"og:type\" content=\"article\" \/>\n<meta property=\"og:title\" content=\"Facetados oval colgante de piedra con fornituras de lat\u00f3n\" \/>\n<meta property=\"og:description\" content=\"Nuestros encanto de facetados oval colgante de piedra con fornituras de lat\u00f3n vienen en una amplia variedad y son altamente selectivos. Indispensable pour l\u2019\u00e9t\u00e9.\" \/>\n<meta property=\"og:url\" content=\"https:\/\/www.artestar.eu\/fr\/de-gros\/facetados-oval-colgante-de-piedra-con-fornituras-de-laton\/\" \/>\n<meta property=\"og:site_name\" content=\"Artestar\" \/>\n<meta property=\"article:publisher\" content=\"https:\/\/www.facebook.com\/ARTESTAREU\" \/>\n<meta property=\"article:modified_time\" content=\"2024-11-09T02:37:12+00:00\" \/>\n<meta property=\"og:image\" content=\"https:\/\/www.artestar.eu\/wp-content\/uploads\/2023\/09\/semi-precious-stone-pendant-faceted-oval-gilded.jpg\" \/>\n\t<meta property=\"og:image:width\" content=\"600\" \/>\n\t<meta property=\"og:image:height\" content=\"600\" \/>\n\t<meta property=\"og:image:type\" content=\"image\/jpeg\" \/>\n<meta name=\"twitter:card\" content=\"summary_large_image\" \/>\n<meta name=\"twitter:label1\" content=\"Availability\" \/>\n\t<meta name=\"twitter:data1\" content=\"En stock\" \/>\n<script type=\"application\/ld+json\" class=\"yoast-schema-graph\">{\"@context\":\"https:\/\/schema.org\",\"@graph\":[{\"@type\":\"WebPage\",\"@id\":\"https:\/\/www.artestar.eu\/fr\/de-gros\/facetados-oval-colgante-de-piedra-con-fornituras-de-laton\/\",\"url\":\"https:\/\/www.artestar.eu\/fr\/de-gros\/facetados-oval-colgante-de-piedra-con-fornituras-de-laton\/\",\"name\":\"Facetados oval colgante de piedra con fornituras de lat\u00f3n - Artestar\",\"isPartOf\":{\"@id\":\"https:\/\/www.artestar.eu\/fr\/#website\"},\"datePublished\":\"2023-09-01T06:06:45+00:00\",\"dateModified\":\"2024-11-09T02:37:12+00:00\",\"description\":\"Nuestros encanto de facetados oval colgante de piedra con fornituras de lat\u00f3n vienen en una amplia variedad y son altamente selectivos. Indispensable pour l\u2019\u00e9t\u00e9.\",\"breadcrumb\":{\"@id\":\"https:\/\/www.artestar.eu\/fr\/de-gros\/facetados-oval-colgante-de-piedra-con-fornituras-de-laton\/#breadcrumb\"},\"inLanguage\":\"fr-FR\",\"potentialAction\":[{\"@type\":\"ReadAction\",\"target\":[\"https:\/\/www.artestar.eu\/fr\/de-gros\/facetados-oval-colgante-de-piedra-con-fornituras-de-laton\/\"]}]},{\"@type\":\"BreadcrumbList\",\"@id\":\"https:\/\/www.artestar.eu\/fr\/de-gros\/facetados-oval-colgante-de-piedra-con-fornituras-de-laton\/#breadcrumb\",\"itemListElement\":[{\"@type\":\"ListItem\",\"position\":1,\"name\":\"Artestar\",\"item\":\"https:\/\/www.artestar.eu\/fr\/\"},{\"@type\":\"ListItem\",\"position\":2,\"name\":\"De gros\",\"item\":\"https:\/\/www.artestar.eu\/fr\/de-gros\/\"},{\"@type\":\"ListItem\",\"position\":3,\"name\":\"Facetados oval colgante de piedra con fornituras de lat\u00f3n\"}]},{\"@type\":\"WebSite\",\"@id\":\"https:\/\/www.artestar.eu\/fr\/#website\",\"url\":\"https:\/\/www.artestar.eu\/fr\/\",\"name\":\"Artestar\",\"description\":\"Mayorista en abalorios y joyer\u00eda\",\"publisher\":{\"@id\":\"https:\/\/www.artestar.eu\/fr\/#organization\"},\"alternateName\":\"Artestar-EU\",\"potentialAction\":[{\"@type\":\"SearchAction\",\"target\":{\"@type\":\"EntryPoint\",\"urlTemplate\":\"https:\/\/www.artestar.eu\/fr\/?s={search_term_string}\"},\"query-input\":\"required name=search_term_string\"}],\"inLanguage\":\"fr-FR\"},{\"@type\":[\"Organization\",\"Place\"],\"@id\":\"https:\/\/www.artestar.eu\/fr\/#organization\",\"name\":\"RUBY ABALORIO S.L.\",\"alternateName\":\"Artestar\",\"url\":\"https:\/\/www.artestar.eu\/fr\/\",\"logo\":{\"@id\":\"https:\/\/www.artestar.eu\/fr\/de-gros\/facetados-oval-colgante-de-piedra-con-fornituras-de-laton\/#local-main-organization-logo\"},\"image\":{\"@id\":\"https:\/\/www.artestar.eu\/fr\/de-gros\/facetados-oval-colgante-de-piedra-con-fornituras-de-laton\/#local-main-organization-logo\"},\"sameAs\":[\"https:\/\/www.facebook.com\/ARTESTAREU\",\"https:\/\/www.instagram.com\/artestareu\/\",\"https:\/\/www.pinterest.es\/artestar_eu\/\",\"https:\/\/www.tiktok.com\/@artestar_wholesale\"],\"openingHoursSpecification\":[{\"@type\":\"OpeningHoursSpecification\",\"dayOfWeek\":[\"Monday\",\"Tuesday\",\"Wednesday\",\"Thursday\",\"Friday\",\"Saturday\",\"Sunday\"],\"opens\":\"09:00\",\"closes\":\"17:00\"}]},{\"@type\":\"ImageObject\",\"inLanguage\":\"fr-FR\",\"@id\":\"https:\/\/www.artestar.eu\/fr\/de-gros\/facetados-oval-colgante-de-piedra-con-fornituras-de-laton\/#local-main-organization-logo\",\"url\":\"https:\/\/www.artestar.eu\/wp-content\/uploads\/2023\/05\/cropped-png.png\",\"contentUrl\":\"https:\/\/www.artestar.eu\/wp-content\/uploads\/2023\/05\/cropped-png.png\",\"width\":512,\"height\":512,\"caption\":\"RUBY ABALORIO S.L.\"}]}<\/script>\n<meta property=\"og:availability\" content=\"instock\" \/>\n<meta property=\"product:availability\" content=\"instock\" \/>\n<meta property=\"product:retailer_item_id\" content=\"BS-GZ-QM-TYBB0001-0017\" \/>\n<meta property=\"product:condition\" content=\"new\" \/>\n<!-- \/ Yoast SEO Premium plugin. -->","yoast_head_json":{"title":"Facetados oval colgante de piedra con fornituras de lat\u00f3n - Artestar","description":"Nuestros encanto de facetados oval colgante de piedra con fornituras de lat\u00f3n vienen en una amplia variedad y son altamente selectivos. Indispensable pour l\u2019\u00e9t\u00e9.","robots":{"index":"index","follow":"follow","max-snippet":"max-snippet:-1","max-image-preview":"max-image-preview:large","max-video-preview":"max-video-preview:-1"},"canonical":"https:\/\/www.artestar.eu\/fr\/de-gros\/facetados-oval-colgante-de-piedra-con-fornituras-de-laton\/","og_locale":"fr_FR","og_type":"article","og_title":"Facetados oval colgante de piedra con fornituras de lat\u00f3n","og_description":"Nuestros encanto de facetados oval colgante de piedra con fornituras de lat\u00f3n vienen en una amplia variedad y son altamente selectivos. Indispensable pour l\u2019\u00e9t\u00e9.","og_url":"https:\/\/www.artestar.eu\/fr\/de-gros\/facetados-oval-colgante-de-piedra-con-fornituras-de-laton\/","og_site_name":"Artestar","article_publisher":"https:\/\/www.facebook.com\/ARTESTAREU","article_modified_time":"2024-11-09T02:37:12+00:00","og_image":[{"width":600,"height":600,"url":"https:\/\/www.artestar.eu\/wp-content\/uploads\/2023\/09\/semi-precious-stone-pendant-faceted-oval-gilded.jpg","type":"image\/jpeg"}],"twitter_card":"summary_large_image","twitter_misc":{"Availability":"En stock"},"schema":{"@context":"https:\/\/schema.org","@graph":[{"@type":"WebPage","@id":"https:\/\/www.artestar.eu\/fr\/de-gros\/facetados-oval-colgante-de-piedra-con-fornituras-de-laton\/","url":"https:\/\/www.artestar.eu\/fr\/de-gros\/facetados-oval-colgante-de-piedra-con-fornituras-de-laton\/","name":"Facetados oval colgante de piedra con fornituras de lat\u00f3n - Artestar","isPartOf":{"@id":"https:\/\/www.artestar.eu\/fr\/#website"},"datePublished":"2023-09-01T06:06:45+00:00","dateModified":"2024-11-09T02:37:12+00:00","description":"Nuestros encanto de facetados oval colgante de piedra con fornituras de lat\u00f3n vienen en una amplia variedad y son altamente selectivos. Indispensable pour l\u2019\u00e9t\u00e9.","breadcrumb":{"@id":"https:\/\/www.artestar.eu\/fr\/de-gros\/facetados-oval-colgante-de-piedra-con-fornituras-de-laton\/#breadcrumb"},"inLanguage":"fr-FR","potentialAction":[{"@type":"ReadAction","target":["https:\/\/www.artestar.eu\/fr\/de-gros\/facetados-oval-colgante-de-piedra-con-fornituras-de-laton\/"]}]},{"@type":"BreadcrumbList","@id":"https:\/\/www.artestar.eu\/fr\/de-gros\/facetados-oval-colgante-de-piedra-con-fornituras-de-laton\/#breadcrumb","itemListElement":[{"@type":"ListItem","position":1,"name":"Artestar","item":"https:\/\/www.artestar.eu\/fr\/"},{"@type":"ListItem","position":2,"name":"De gros","item":"https:\/\/www.artestar.eu\/fr\/de-gros\/"},{"@type":"ListItem","position":3,"name":"Facetados oval colgante de piedra con fornituras de lat\u00f3n"}]},{"@type":"WebSite","@id":"https:\/\/www.artestar.eu\/fr\/#website","url":"https:\/\/www.artestar.eu\/fr\/","name":"Artestar","description":"Mayorista en abalorios y joyer\u00eda","publisher":{"@id":"https:\/\/www.artestar.eu\/fr\/#organization"},"alternateName":"Artestar-EU","potentialAction":[{"@type":"SearchAction","target":{"@type":"EntryPoint","urlTemplate":"https:\/\/www.artestar.eu\/fr\/?s={search_term_string}"},"query-input":"required name=search_term_string"}],"inLanguage":"fr-FR"},{"@type":["Organization","Place"],"@id":"https:\/\/www.artestar.eu\/fr\/#organization","name":"RUBY ABALORIO S.L.","alternateName":"Artestar","url":"https:\/\/www.artestar.eu\/fr\/","logo":{"@id":"https:\/\/www.artestar.eu\/fr\/de-gros\/facetados-oval-colgante-de-piedra-con-fornituras-de-laton\/#local-main-organization-logo"},"image":{"@id":"https:\/\/www.artestar.eu\/fr\/de-gros\/facetados-oval-colgante-de-piedra-con-fornituras-de-laton\/#local-main-organization-logo"},"sameAs":["https:\/\/www.facebook.com\/ARTESTAREU","https:\/\/www.instagram.com\/artestareu\/","https:\/\/www.pinterest.es\/artestar_eu\/","https:\/\/www.tiktok.com\/@artestar_wholesale"],"openingHoursSpecification":[{"@type":"OpeningHoursSpecification","dayOfWeek":["Monday","Tuesday","Wednesday","Thursday","Friday","Saturday","Sunday"],"opens":"09:00","closes":"17:00"}]},{"@type":"ImageObject","inLanguage":"fr-FR","@id":"https:\/\/www.artestar.eu\/fr\/de-gros\/facetados-oval-colgante-de-piedra-con-fornituras-de-laton\/#local-main-organization-logo","url":"https:\/\/www.artestar.eu\/wp-content\/uploads\/2023\/05\/cropped-png.png","contentUrl":"https:\/\/www.artestar.eu\/wp-content\/uploads\/2023\/05\/cropped-png.png","width":512,"height":512,"caption":"RUBY ABALORIO S.L."}]},"og_availability":"instock","product_availability":"instock","product_retailer_item_id":"BS-GZ-QM-TYBB0001-0017","product_condition":"new"},"tiered_pricing_type":"fixed","tiered_pricing_fixed_rules":[],"tiered_pricing_percentage_rules":[],"tiered_pricing_minimum":null,"_administrator_tiered_pricing_type":"fixed","_administrator_tiered_pricing_fixed_rules":[],"_editor_tiered_pricing_type":"fixed","_editor_tiered_pricing_fixed_rules":[],"_author_tiered_pricing_type":"fixed","_author_tiered_pricing_fixed_rules":[],"_contributor_tiered_pricing_type":"fixed","_contributor_tiered_pricing_fixed_rules":[],"_subscriber_tiered_pricing_type":"fixed","_subscriber_tiered_pricing_fixed_rules":[],"_wpseo_manager_tiered_pricing_type":"fixed","_wpseo_manager_tiered_pricing_fixed_rules":[],"_wpseo_editor_tiered_pricing_type":"fixed","_wpseo_editor_tiered_pricing_fixed_rules":[],"_customer_tiered_pricing_type":"fixed","_customer_tiered_pricing_fixed_rules":[],"_shop_manager_tiered_pricing_type":"fixed","_shop_manager_tiered_pricing_fixed_rules":[],"_product_manager_tiered_pricing_type":"fixed","_product_manager_tiered_pricing_fixed_rules":[],"_links":{"self":[{"href":"https:\/\/www.artestar.eu\/fr\/wp-json\/wp\/v2\/product\/29605"}],"collection":[{"href":"https:\/\/www.artestar.eu\/fr\/wp-json\/wp\/v2\/product"}],"about":[{"href":"https:\/\/www.artestar.eu\/fr\/wp-json\/wp\/v2\/types\/product"}],"replies":[{"embeddable":true,"href":"https:\/\/www.artestar.eu\/fr\/wp-json\/wp\/v2\/comments?post=29605"}],"version-history":[{"count":2,"href":"https:\/\/www.artestar.eu\/fr\/wp-json\/wp\/v2\/product\/29605\/revisions"}],"predecessor-version":[{"id":35300,"href":"https:\/\/www.artestar.eu\/fr\/wp-json\/wp\/v2\/product\/29605\/revisions\/35300"}],"wp:featuredmedia":[{"embeddable":true,"href":"https:\/\/www.artestar.eu\/fr\/wp-json\/wp\/v2\/media\/29342"}],"wp:attachment":[{"href":"https:\/\/www.artestar.eu\/fr\/wp-json\/wp\/v2\/media?parent=29605"}],"wp:term":[{"taxonomy":"product_cat","embeddable":true,"href":"https:\/\/www.artestar.eu\/fr\/wp-json\/wp\/v2\/product_cat?post=29605"},{"taxonomy":"product_tag","embeddable":true,"href":"https:\/\/www.artestar.eu\/fr\/wp-json\/wp\/v2\/product_tag?post=29605"}],"curies":[{"name":"wp","href":"https:\/\/api.w.org\/{rel}","templated":true}]}}