{"id":30318,"date":"2023-07-11T05:32:58","date_gmt":"2023-07-11T05:32:58","guid":{"rendered":"https:\/\/www.artestar.eu\/al-por-mayor\/turquesa-blanco-colgante-corazon\/"},"modified":"2023-09-27T02:01:31","modified_gmt":"2023-09-27T02:01:31","slug":"turquoise-blanc-pendentif-coeur","status":"publish","type":"product","link":"https:\/\/www.artestar.eu\/fr\/de-gros\/turquoise-blanc-pendentif-coeur\/","title":{"rendered":"Pendentif coeur blanc turquoise"},"content":{"rendered":"<p>Pendentif c\u0153ur blanc turquoise: Chaque pendentif en perles de pierre est fait de mat\u00e9riaux naturels purs et a un look unique.<\/p>\n<ul>\n<li>Parce qu\u2019avec une finition polie, ces pendentifs en perles de pierre naturelle ont une surface lisse et sont tr\u00e8s confortables \u00e0 porter. De plus, leur apparence, ainsi que leur texture et leur couleur naturelles, rendent les perles de pierres pr\u00e9cieuses uniques.<\/li>\n<li>Nos pendentifs en perles de pierres semi-pr\u00e9cieuses naturelles soulagent le stress et l\u2019anxi\u00e9t\u00e9 car ils transmettent des messages psychologiques positifs, une vision optimiste de la vie et sont cens\u00e9s transmettre l\u2019\u00e9nergie cosmique au corps.<\/li>\n<li>Parce que le trou en acier inoxydable au sommet du pendentif en pierre est de la bonne taille pour l\u2019enfiler, tout ce qui est n\u00e9cessaire est une cha\u00eene ou une corde. De plus, avec des accessoires comme un fermoir de homard en acier inoxydable, pour compl\u00e9ter votre propre projet d\u2019artisanat &#8211; profitez de faire de l\u2019artisanat avec des bijoux!<\/li>\n<li>Ces d\u00e9licats pendentifs en perles de pierre peuvent \u00eatre combin\u00e9s avec d\u2019autres accessoires m\u00e9talliques, cristaux, perles et coquillages pour cr\u00e9er n\u2019importe quel artisanat de bijoux de fantaisie que vous voulez, colliers, bracelets, boucles d\u2019oreilles, d\u00e9coration int\u00e9rieure et bien plus encore. Aussi, donnez-le \u00e0 vos amis et \u00e0 votre famille qui aiment l\u2019artisanat. Non seulement c\u2019est un cadeau parfait, mais il vient avec les meilleurs v\u0153ux.<\/li>\n<\/ul>\n<h5>Pendentif coeur blanc turquoise<\/h5>\n<h6>Pr\u00e9caution:<\/h6>\n<ul>\n<li>En raison des diff\u00e9rences de moniteurs et de r\u00e9solution, les couleurs des images peuvent diff\u00e9rer l\u00e9g\u00e8rement des couleurs r\u00e9elles.<\/li>\n<li>Attention: Les enfants de moins de trois ans doivent \u00e9viter les contacts, risque de suffocation.<\/li>\n<\/ul>\n","protected":false},"excerpt":{"rendered":"<p>Taille:<\/p>\n<ul>\n<li>Petit: env. 20 x 22 x 9 mm<\/li>\n<li>Moyen : env. 25 x 27 x 9 mm<\/li>\n<li>Grand: env. 30 x 31 x 9 mm<\/li>\n<li>Trou: \u00d8 2 mm<\/li>\n<\/ul>\n<p>Quantit\u00e9: 1pcs.<\/p>\n","protected":false},"featured_media":21369,"comment_status":"open","ping_status":"closed","template":"","meta":[],"product_cat":[1041,1042],"product_tag":[],"yoast_head":"<!-- This site is optimized with the Yoast SEO Premium plugin v20.5 (Yoast SEO v21.5) - https:\/\/yoast.com\/wordpress\/plugins\/seo\/ -->\n<title>Pendentif coeur blanc turquoise - Artestar<\/title>\n<meta name=\"description\" content=\"Nos pendentifs en pierre de c\u0153ur pr\u00e9cieux sont disponibles dans une grande vari\u00e9t\u00e9 et sont tr\u00e8s s\u00e9lectifs. Indispensable pour l\u2019\u00e9t\u00e9.\" \/>\n<meta name=\"robots\" content=\"index, follow, max-snippet:-1, max-image-preview:large, max-video-preview:-1\" \/>\n<link rel=\"canonical\" href=\"https:\/\/www.artestar.eu\/fr\/de-gros\/turquoise-blanc-pendentif-coeur\/\" \/>\n<meta property=\"og:locale\" content=\"fr_FR\" \/>\n<meta property=\"og:type\" content=\"article\" \/>\n<meta property=\"og:title\" content=\"Pendentif coeur blanc turquoise\" \/>\n<meta property=\"og:description\" content=\"Nos pendentifs en pierre de c\u0153ur pr\u00e9cieux sont disponibles dans une grande vari\u00e9t\u00e9 et sont tr\u00e8s s\u00e9lectifs. Indispensable pour l\u2019\u00e9t\u00e9.\" \/>\n<meta property=\"og:url\" content=\"https:\/\/www.artestar.eu\/fr\/de-gros\/turquoise-blanc-pendentif-coeur\/\" \/>\n<meta property=\"og:site_name\" content=\"Artestar\" \/>\n<meta property=\"article:publisher\" content=\"https:\/\/www.facebook.com\/ARTESTAREU\" \/>\n<meta property=\"article:modified_time\" content=\"2023-09-27T02:01:31+00:00\" \/>\n<meta property=\"og:image\" content=\"https:\/\/www.artestar.eu\/wp-content\/uploads\/2023\/07\/natural-semi-precious-gemstone-pendants-heart-white-turquoise.jpg\" \/>\n\t<meta property=\"og:image:width\" content=\"600\" \/>\n\t<meta property=\"og:image:height\" content=\"600\" \/>\n\t<meta property=\"og:image:type\" content=\"image\/jpeg\" \/>\n<meta name=\"twitter:card\" content=\"summary_large_image\" \/>\n<meta name=\"twitter:label1\" content=\"Availability\" \/>\n\t<meta name=\"twitter:data1\" content=\"En stock\" \/>\n<script type=\"application\/ld+json\" class=\"yoast-schema-graph\">{\"@context\":\"https:\/\/schema.org\",\"@graph\":[{\"@type\":\"WebPage\",\"@id\":\"https:\/\/www.artestar.eu\/fr\/de-gros\/turquoise-blanc-pendentif-coeur\/\",\"url\":\"https:\/\/www.artestar.eu\/fr\/de-gros\/turquoise-blanc-pendentif-coeur\/\",\"name\":\"Pendentif coeur blanc turquoise - Artestar\",\"isPartOf\":{\"@id\":\"https:\/\/www.artestar.eu\/fr\/#website\"},\"datePublished\":\"2023-07-11T05:32:58+00:00\",\"dateModified\":\"2023-09-27T02:01:31+00:00\",\"description\":\"Nos pendentifs en pierre de c\u0153ur pr\u00e9cieux sont disponibles dans une grande vari\u00e9t\u00e9 et sont tr\u00e8s s\u00e9lectifs. Indispensable pour l\u2019\u00e9t\u00e9.\",\"breadcrumb\":{\"@id\":\"https:\/\/www.artestar.eu\/fr\/de-gros\/turquoise-blanc-pendentif-coeur\/#breadcrumb\"},\"inLanguage\":\"fr-FR\",\"potentialAction\":[{\"@type\":\"ReadAction\",\"target\":[\"https:\/\/www.artestar.eu\/fr\/de-gros\/turquoise-blanc-pendentif-coeur\/\"]}]},{\"@type\":\"BreadcrumbList\",\"@id\":\"https:\/\/www.artestar.eu\/fr\/de-gros\/turquoise-blanc-pendentif-coeur\/#breadcrumb\",\"itemListElement\":[{\"@type\":\"ListItem\",\"position\":1,\"name\":\"Artestar\",\"item\":\"https:\/\/www.artestar.eu\/fr\/\"},{\"@type\":\"ListItem\",\"position\":2,\"name\":\"De gros\",\"item\":\"https:\/\/www.artestar.eu\/fr\/de-gros\/\"},{\"@type\":\"ListItem\",\"position\":3,\"name\":\"Pendentif coeur blanc turquoise\"}]},{\"@type\":\"WebSite\",\"@id\":\"https:\/\/www.artestar.eu\/fr\/#website\",\"url\":\"https:\/\/www.artestar.eu\/fr\/\",\"name\":\"Artestar\",\"description\":\"Mayorista en abalorios y joyer\u00eda\",\"publisher\":{\"@id\":\"https:\/\/www.artestar.eu\/fr\/#organization\"},\"alternateName\":\"Artestar-EU\",\"potentialAction\":[{\"@type\":\"SearchAction\",\"target\":{\"@type\":\"EntryPoint\",\"urlTemplate\":\"https:\/\/www.artestar.eu\/fr\/?s={search_term_string}\"},\"query-input\":\"required name=search_term_string\"}],\"inLanguage\":\"fr-FR\"},{\"@type\":[\"Organization\",\"Place\"],\"@id\":\"https:\/\/www.artestar.eu\/fr\/#organization\",\"name\":\"RUBY ABALORIO S.L.\",\"alternateName\":\"Artestar\",\"url\":\"https:\/\/www.artestar.eu\/fr\/\",\"logo\":{\"@id\":\"https:\/\/www.artestar.eu\/fr\/de-gros\/turquoise-blanc-pendentif-coeur\/#local-main-organization-logo\"},\"image\":{\"@id\":\"https:\/\/www.artestar.eu\/fr\/de-gros\/turquoise-blanc-pendentif-coeur\/#local-main-organization-logo\"},\"sameAs\":[\"https:\/\/www.facebook.com\/ARTESTAREU\",\"https:\/\/www.instagram.com\/artestareu\/\",\"https:\/\/www.pinterest.es\/artestar_eu\/\",\"https:\/\/www.tiktok.com\/@artestar_wholesale\"],\"openingHoursSpecification\":[{\"@type\":\"OpeningHoursSpecification\",\"dayOfWeek\":[\"Monday\",\"Tuesday\",\"Wednesday\",\"Thursday\",\"Friday\",\"Saturday\",\"Sunday\"],\"opens\":\"09:00\",\"closes\":\"17:00\"}]},{\"@type\":\"ImageObject\",\"inLanguage\":\"fr-FR\",\"@id\":\"https:\/\/www.artestar.eu\/fr\/de-gros\/turquoise-blanc-pendentif-coeur\/#local-main-organization-logo\",\"url\":\"https:\/\/www.artestar.eu\/wp-content\/uploads\/2023\/05\/cropped-png.png\",\"contentUrl\":\"https:\/\/www.artestar.eu\/wp-content\/uploads\/2023\/05\/cropped-png.png\",\"width\":512,\"height\":512,\"caption\":\"RUBY ABALORIO S.L.\"}]}<\/script>\n<meta property=\"og:availability\" content=\"instock\" \/>\n<meta property=\"product:availability\" content=\"instock\" \/>\n<meta property=\"product:retailer_item_id\" content=\"BS-GZ-XX-L0010SM\" \/>\n<meta property=\"product:condition\" content=\"new\" \/>\n<!-- \/ Yoast SEO Premium plugin. -->","yoast_head_json":{"title":"Pendentif coeur blanc turquoise - Artestar","description":"Nos pendentifs en pierre de c\u0153ur pr\u00e9cieux sont disponibles dans une grande vari\u00e9t\u00e9 et sont tr\u00e8s s\u00e9lectifs. Indispensable pour l\u2019\u00e9t\u00e9.","robots":{"index":"index","follow":"follow","max-snippet":"max-snippet:-1","max-image-preview":"max-image-preview:large","max-video-preview":"max-video-preview:-1"},"canonical":"https:\/\/www.artestar.eu\/fr\/de-gros\/turquoise-blanc-pendentif-coeur\/","og_locale":"fr_FR","og_type":"article","og_title":"Pendentif coeur blanc turquoise","og_description":"Nos pendentifs en pierre de c\u0153ur pr\u00e9cieux sont disponibles dans une grande vari\u00e9t\u00e9 et sont tr\u00e8s s\u00e9lectifs. Indispensable pour l\u2019\u00e9t\u00e9.","og_url":"https:\/\/www.artestar.eu\/fr\/de-gros\/turquoise-blanc-pendentif-coeur\/","og_site_name":"Artestar","article_publisher":"https:\/\/www.facebook.com\/ARTESTAREU","article_modified_time":"2023-09-27T02:01:31+00:00","og_image":[{"width":600,"height":600,"url":"https:\/\/www.artestar.eu\/wp-content\/uploads\/2023\/07\/natural-semi-precious-gemstone-pendants-heart-white-turquoise.jpg","type":"image\/jpeg"}],"twitter_card":"summary_large_image","twitter_misc":{"Availability":"En stock"},"schema":{"@context":"https:\/\/schema.org","@graph":[{"@type":"WebPage","@id":"https:\/\/www.artestar.eu\/fr\/de-gros\/turquoise-blanc-pendentif-coeur\/","url":"https:\/\/www.artestar.eu\/fr\/de-gros\/turquoise-blanc-pendentif-coeur\/","name":"Pendentif coeur blanc turquoise - Artestar","isPartOf":{"@id":"https:\/\/www.artestar.eu\/fr\/#website"},"datePublished":"2023-07-11T05:32:58+00:00","dateModified":"2023-09-27T02:01:31+00:00","description":"Nos pendentifs en pierre de c\u0153ur pr\u00e9cieux sont disponibles dans une grande vari\u00e9t\u00e9 et sont tr\u00e8s s\u00e9lectifs. Indispensable pour l\u2019\u00e9t\u00e9.","breadcrumb":{"@id":"https:\/\/www.artestar.eu\/fr\/de-gros\/turquoise-blanc-pendentif-coeur\/#breadcrumb"},"inLanguage":"fr-FR","potentialAction":[{"@type":"ReadAction","target":["https:\/\/www.artestar.eu\/fr\/de-gros\/turquoise-blanc-pendentif-coeur\/"]}]},{"@type":"BreadcrumbList","@id":"https:\/\/www.artestar.eu\/fr\/de-gros\/turquoise-blanc-pendentif-coeur\/#breadcrumb","itemListElement":[{"@type":"ListItem","position":1,"name":"Artestar","item":"https:\/\/www.artestar.eu\/fr\/"},{"@type":"ListItem","position":2,"name":"De gros","item":"https:\/\/www.artestar.eu\/fr\/de-gros\/"},{"@type":"ListItem","position":3,"name":"Pendentif coeur blanc turquoise"}]},{"@type":"WebSite","@id":"https:\/\/www.artestar.eu\/fr\/#website","url":"https:\/\/www.artestar.eu\/fr\/","name":"Artestar","description":"Mayorista en abalorios y joyer\u00eda","publisher":{"@id":"https:\/\/www.artestar.eu\/fr\/#organization"},"alternateName":"Artestar-EU","potentialAction":[{"@type":"SearchAction","target":{"@type":"EntryPoint","urlTemplate":"https:\/\/www.artestar.eu\/fr\/?s={search_term_string}"},"query-input":"required name=search_term_string"}],"inLanguage":"fr-FR"},{"@type":["Organization","Place"],"@id":"https:\/\/www.artestar.eu\/fr\/#organization","name":"RUBY ABALORIO S.L.","alternateName":"Artestar","url":"https:\/\/www.artestar.eu\/fr\/","logo":{"@id":"https:\/\/www.artestar.eu\/fr\/de-gros\/turquoise-blanc-pendentif-coeur\/#local-main-organization-logo"},"image":{"@id":"https:\/\/www.artestar.eu\/fr\/de-gros\/turquoise-blanc-pendentif-coeur\/#local-main-organization-logo"},"sameAs":["https:\/\/www.facebook.com\/ARTESTAREU","https:\/\/www.instagram.com\/artestareu\/","https:\/\/www.pinterest.es\/artestar_eu\/","https:\/\/www.tiktok.com\/@artestar_wholesale"],"openingHoursSpecification":[{"@type":"OpeningHoursSpecification","dayOfWeek":["Monday","Tuesday","Wednesday","Thursday","Friday","Saturday","Sunday"],"opens":"09:00","closes":"17:00"}]},{"@type":"ImageObject","inLanguage":"fr-FR","@id":"https:\/\/www.artestar.eu\/fr\/de-gros\/turquoise-blanc-pendentif-coeur\/#local-main-organization-logo","url":"https:\/\/www.artestar.eu\/wp-content\/uploads\/2023\/05\/cropped-png.png","contentUrl":"https:\/\/www.artestar.eu\/wp-content\/uploads\/2023\/05\/cropped-png.png","width":512,"height":512,"caption":"RUBY ABALORIO S.L."}]},"og_availability":"instock","product_availability":"instock","product_retailer_item_id":"BS-GZ-XX-L0010SM","product_condition":"new"},"tiered_pricing_type":"fixed","tiered_pricing_fixed_rules":[],"tiered_pricing_percentage_rules":[],"tiered_pricing_minimum":null,"_administrator_tiered_pricing_type":"fixed","_administrator_tiered_pricing_fixed_rules":[],"_editor_tiered_pricing_type":"fixed","_editor_tiered_pricing_fixed_rules":[],"_author_tiered_pricing_type":"fixed","_author_tiered_pricing_fixed_rules":[],"_contributor_tiered_pricing_type":"fixed","_contributor_tiered_pricing_fixed_rules":[],"_subscriber_tiered_pricing_type":"fixed","_subscriber_tiered_pricing_fixed_rules":[],"_wpseo_manager_tiered_pricing_type":"fixed","_wpseo_manager_tiered_pricing_fixed_rules":[],"_wpseo_editor_tiered_pricing_type":"fixed","_wpseo_editor_tiered_pricing_fixed_rules":[],"_customer_tiered_pricing_type":"fixed","_customer_tiered_pricing_fixed_rules":[],"_shop_manager_tiered_pricing_type":"fixed","_shop_manager_tiered_pricing_fixed_rules":[],"_product_manager_tiered_pricing_type":"fixed","_product_manager_tiered_pricing_fixed_rules":[],"_links":{"self":[{"href":"https:\/\/www.artestar.eu\/fr\/wp-json\/wp\/v2\/product\/30318"}],"collection":[{"href":"https:\/\/www.artestar.eu\/fr\/wp-json\/wp\/v2\/product"}],"about":[{"href":"https:\/\/www.artestar.eu\/fr\/wp-json\/wp\/v2\/types\/product"}],"replies":[{"embeddable":true,"href":"https:\/\/www.artestar.eu\/fr\/wp-json\/wp\/v2\/comments?post=30318"}],"version-history":[{"count":2,"href":"https:\/\/www.artestar.eu\/fr\/wp-json\/wp\/v2\/product\/30318\/revisions"}],"predecessor-version":[{"id":35721,"href":"https:\/\/www.artestar.eu\/fr\/wp-json\/wp\/v2\/product\/30318\/revisions\/35721"}],"wp:featuredmedia":[{"embeddable":true,"href":"https:\/\/www.artestar.eu\/fr\/wp-json\/wp\/v2\/media\/21369"}],"wp:attachment":[{"href":"https:\/\/www.artestar.eu\/fr\/wp-json\/wp\/v2\/media?parent=30318"}],"wp:term":[{"taxonomy":"product_cat","embeddable":true,"href":"https:\/\/www.artestar.eu\/fr\/wp-json\/wp\/v2\/product_cat?post=30318"},{"taxonomy":"product_tag","embeddable":true,"href":"https:\/\/www.artestar.eu\/fr\/wp-json\/wp\/v2\/product_tag?post=30318"}],"curies":[{"name":"wp","href":"https:\/\/api.w.org\/{rel}","templated":true}]}}