{"id":30585,"date":"2023-06-08T06:14:23","date_gmt":"2023-06-08T06:14:23","guid":{"rendered":"https:\/\/www.artestar.eu\/al-por-mayor\/pendientes-de-aros-de-acero\/"},"modified":"2023-10-20T03:02:42","modified_gmt":"2023-10-20T03:02:42","slug":"acier-boucles-doreilles-boucles-doreilles","status":"publish","type":"product","link":"https:\/\/www.artestar.eu\/fr\/de-gros\/acier-boucles-doreilles-boucles-doreilles\/","title":{"rendered":"Boucles d\u2019oreilles cr\u00e9oles en acier"},"content":{"rendered":"<p>Boucles d\u2019oreilles cr\u00e9oles en acier : Les boucles d\u2019oreilles cr\u00e9oles sont disponibles en 3 tailles, 20 mm (110 pi\u00e8ces), 25 mm (110 pi\u00e8ces) et 30 mm (110 pi\u00e8ces). Les couleurs m\u00e9talliques peuvent ajouter une touche de style \u00e0 vos boucles d\u2019oreilles, les rendant plus lumineuses et plus accrocheuses.<\/p>\n<ul>\n<li>Les anneaux de boucles d\u2019oreilles sont fabriqu\u00e9s en acier inoxydable de haute qualit\u00e9. Compar\u00e9 \u00e0 d\u2019autres alliages m\u00e9talliques, il offre une bonne stabilit\u00e9 et une bonne r\u00e9sistance \u00e0 la corrosion, une durabilit\u00e9 et une longue dur\u00e9e de vie. Et avec de faibles co\u00fbts d\u2019entretien, il est id\u00e9al pour de nombreuses conceptions de bijoux.<\/li>\n<li>Les boucles d\u2019oreilles en fil de fer grand cercle ont un style incurv\u00e9 distinctif dans vos oreilles et sont suffisamment l\u00e9g\u00e8res pour \u00eatre port\u00e9es seules. Ils peuvent \u00e9galement \u00eatre ouverts en haut pour ajouter des crochets aux boucles d\u2019oreilles. Vous pouvez m\u00eame ajouter des cha\u00eenes, des perles, des pompons ou des pendentifs pour cr\u00e9er diff\u00e9rents styles d\u2019accessoires.<\/li>\n<li>Vous pouvez \u00e9galement cr\u00e9er des marqueurs de verre \u00e0 vin cr\u00e9atifs pour les c\u00e9l\u00e9brations du Nouvel An, les mariages, les f\u00eates d\u2019anniversaire, etc. Vous pouvez \u00e9galement m\u00e9langer et assortir des perles, des perles de pierres pr\u00e9cieuses et des perles pour cr\u00e9er vos boucles d\u2019oreilles pendantes uniques. Le cadeau parfait pour votre fille, votre partenaire, votre m\u00e8re ou vous-m\u00eame pour la Saint-Valentin, No\u00ebl, la f\u00eate des m\u00e8res, les anniversaires ou les anniversaires.<\/li>\n<li>Les cerceaux de goutte de verre \u00e0 vin vous permettent d\u2019accrocher des perles monogramm\u00e9es ou de mettre d\u2019autres marques uniques sur vos verres \u00e0 vin pour les distinguer. Parce qu\u2019ils sont faciles et amusants \u00e0 utiliser lors des f\u00eates.<\/li>\n<li>Disponible en 2 couleurs (or et acier). Diff\u00e9rentes couleurs peuvent \u00eatre associ\u00e9es \u00e0 diff\u00e9rentes tenues et occasions pour ajouter un accent accrocheur \u00e0 vos sorties.<\/li>\n<\/ul>\n<h5>Boucles d\u2019oreilles cr\u00e9oles en acier<\/h5>\n<ul>\n<li>La taille est mesur\u00e9e \u00e0 la main et il peut y avoir de l\u00e9g\u00e8res erreurs dues \u00e0 la mesure manuelle.<\/li>\n<li>\u00c9vitez les collisions et les frottements entre le produit et d\u2019autres articles pour \u00e9viter la d\u00e9formation des boucles d\u2019oreilles, les rayures ou les dommages \u00e0 la surface du produit.<\/li>\n<li>Gardez les v\u00eatements secs et \u00e9vitez de porter des boucles d\u2019oreilles lorsque vous vous baignez ou nagez.<\/li>\n<\/ul>\n","protected":false},"excerpt":{"rendered":"<p><img decoding=\"async\" class=\"alignnone size-full wp-image-8902\" src=\"https:\/\/www.artestar.eu%E2%80%8B%E2%80%8B%E2%80%8B%E2%80%8B\/wp-content\/uploads\/2023\/06\/stainless-steel-large-circle-wire-earrings-silver-size.jpg\" alt=\"Boucles d\u2019oreilles cr\u00e9oles\" width=\"1000\" height=\"180\" srcset=\"https:\/\/www.artestar.eu\/wp-content\/uploads\/2023\/06\/stainless-steel-large-circle-wire-earrings-silver-size.jpg 1000w, https:\/\/www.artestar.eu\/wp-content\/uploads\/2023\/06\/stainless-steel-large-circle-wire-earrings-silver-size-300x54.jpg 300w, https:\/\/www.artestar.eu\/wp-content\/uploads\/2023\/06\/stainless-steel-large-circle-wire-earrings-silver-size-768x138.jpg 768w, https:\/\/www.artestar.eu\/wp-content\/uploads\/2023\/06\/stainless-steel-large-circle-wire-earrings-silver-size-600x108.jpg 600w, https:\/\/www.artestar.eu\/wp-content\/uploads\/2023\/06\/stainless-steel-large-circle-wire-earrings-silver-size-90x16.jpg 90w\" sizes=\"(max-width: 1000px) 100vw, 1000px\" \/><\/p>\n<ul>\n<li>Mat\u00e9riau : Acier inoxydable<\/li>\n<li>Veuillez vous r\u00e9f\u00e9rer \u00e0 l\u2019image du produit pour la taille et la quantit\u00e9 d\u00e9taill\u00e9es.<\/li>\n<li>Les boucles d\u2019oreilles cr\u00e9oles en acier peuvent \u00eatre associ\u00e9es \u00e0 des perles de pierres pr\u00e9cieuses et de perles pour cr\u00e9er vos boucles d\u2019oreilles uniques.<\/li>\n<\/ul>\n","protected":false},"featured_media":18518,"comment_status":"open","ping_status":"closed","template":"","meta":[],"product_cat":[1666,1665,2357],"product_tag":[],"yoast_head":"<!-- This site is optimized with the Yoast SEO Premium plugin v20.5 (Yoast SEO v21.5) - https:\/\/yoast.com\/wordpress\/plugins\/seo\/ -->\n<title>Boucles d\u2019oreilles cr\u00e9oles en acier - Artestar<\/title>\n<meta name=\"description\" content=\"Les boucles d\u2019oreilles cr\u00e9oles en acier peuvent \u00eatre associ\u00e9es \u00e0 des perles de pierres pr\u00e9cieuses et de perles pour cr\u00e9er vos boucles d\u2019oreilles uniques.\" \/>\n<meta name=\"robots\" content=\"index, follow, max-snippet:-1, max-image-preview:large, max-video-preview:-1\" \/>\n<link rel=\"canonical\" href=\"https:\/\/www.artestar.eu\/fr\/de-gros\/acier-boucles-doreilles-boucles-doreilles\/\" \/>\n<meta property=\"og:locale\" content=\"fr_FR\" \/>\n<meta property=\"og:type\" content=\"article\" \/>\n<meta property=\"og:title\" content=\"Boucles d\u2019oreilles cr\u00e9oles en acier\" \/>\n<meta property=\"og:description\" content=\"Les boucles d\u2019oreilles cr\u00e9oles en acier peuvent \u00eatre associ\u00e9es \u00e0 des perles de pierres pr\u00e9cieuses et de perles pour cr\u00e9er vos boucles d\u2019oreilles uniques.\" \/>\n<meta property=\"og:url\" content=\"https:\/\/www.artestar.eu\/fr\/de-gros\/acier-boucles-doreilles-boucles-doreilles\/\" \/>\n<meta property=\"og:site_name\" content=\"Artestar\" \/>\n<meta property=\"article:publisher\" content=\"https:\/\/www.facebook.com\/ARTESTAREU\" \/>\n<meta property=\"article:modified_time\" content=\"2023-10-20T03:02:42+00:00\" \/>\n<meta property=\"og:image\" content=\"https:\/\/www.artestar.eu\/wp-content\/uploads\/2023\/06\/stainless-steel-wine-charm-rings-hoops-large-circle-wire-earrings-silver-2.jpg\" \/>\n\t<meta property=\"og:image:width\" content=\"600\" \/>\n\t<meta property=\"og:image:height\" content=\"600\" \/>\n\t<meta property=\"og:image:type\" content=\"image\/jpeg\" \/>\n<meta name=\"twitter:card\" content=\"summary_large_image\" \/>\n<meta name=\"twitter:label1\" content=\"Availability\" \/>\n\t<meta name=\"twitter:data1\" content=\"En stock\" \/>\n<script type=\"application\/ld+json\" class=\"yoast-schema-graph\">{\"@context\":\"https:\/\/schema.org\",\"@graph\":[{\"@type\":\"WebPage\",\"@id\":\"https:\/\/www.artestar.eu\/fr\/de-gros\/acier-boucles-doreilles-boucles-doreilles\/\",\"url\":\"https:\/\/www.artestar.eu\/fr\/de-gros\/acier-boucles-doreilles-boucles-doreilles\/\",\"name\":\"Boucles d\u2019oreilles cr\u00e9oles en acier - Artestar\",\"isPartOf\":{\"@id\":\"https:\/\/www.artestar.eu\/fr\/#website\"},\"datePublished\":\"2023-06-08T06:14:23+00:00\",\"dateModified\":\"2023-10-20T03:02:42+00:00\",\"description\":\"Les boucles d\u2019oreilles cr\u00e9oles en acier peuvent \u00eatre associ\u00e9es \u00e0 des perles de pierres pr\u00e9cieuses et de perles pour cr\u00e9er vos boucles d\u2019oreilles uniques.\",\"breadcrumb\":{\"@id\":\"https:\/\/www.artestar.eu\/fr\/de-gros\/acier-boucles-doreilles-boucles-doreilles\/#breadcrumb\"},\"inLanguage\":\"fr-FR\",\"potentialAction\":[{\"@type\":\"ReadAction\",\"target\":[\"https:\/\/www.artestar.eu\/fr\/de-gros\/acier-boucles-doreilles-boucles-doreilles\/\"]}]},{\"@type\":\"BreadcrumbList\",\"@id\":\"https:\/\/www.artestar.eu\/fr\/de-gros\/acier-boucles-doreilles-boucles-doreilles\/#breadcrumb\",\"itemListElement\":[{\"@type\":\"ListItem\",\"position\":1,\"name\":\"Artestar\",\"item\":\"https:\/\/www.artestar.eu\/fr\/\"},{\"@type\":\"ListItem\",\"position\":2,\"name\":\"De gros\",\"item\":\"https:\/\/www.artestar.eu\/fr\/de-gros\/\"},{\"@type\":\"ListItem\",\"position\":3,\"name\":\"Boucles d\u2019oreilles cr\u00e9oles en acier\"}]},{\"@type\":\"WebSite\",\"@id\":\"https:\/\/www.artestar.eu\/fr\/#website\",\"url\":\"https:\/\/www.artestar.eu\/fr\/\",\"name\":\"Artestar\",\"description\":\"Mayorista en abalorios y joyer\u00eda\",\"publisher\":{\"@id\":\"https:\/\/www.artestar.eu\/fr\/#organization\"},\"alternateName\":\"Artestar-EU\",\"potentialAction\":[{\"@type\":\"SearchAction\",\"target\":{\"@type\":\"EntryPoint\",\"urlTemplate\":\"https:\/\/www.artestar.eu\/fr\/?s={search_term_string}\"},\"query-input\":\"required name=search_term_string\"}],\"inLanguage\":\"fr-FR\"},{\"@type\":[\"Organization\",\"Place\"],\"@id\":\"https:\/\/www.artestar.eu\/fr\/#organization\",\"name\":\"RUBY ABALORIO S.L.\",\"alternateName\":\"Artestar\",\"url\":\"https:\/\/www.artestar.eu\/fr\/\",\"logo\":{\"@id\":\"https:\/\/www.artestar.eu\/fr\/de-gros\/acier-boucles-doreilles-boucles-doreilles\/#local-main-organization-logo\"},\"image\":{\"@id\":\"https:\/\/www.artestar.eu\/fr\/de-gros\/acier-boucles-doreilles-boucles-doreilles\/#local-main-organization-logo\"},\"sameAs\":[\"https:\/\/www.facebook.com\/ARTESTAREU\",\"https:\/\/www.instagram.com\/artestareu\/\",\"https:\/\/www.pinterest.es\/artestar_eu\/\",\"https:\/\/www.tiktok.com\/@artestar_wholesale\"],\"openingHoursSpecification\":[{\"@type\":\"OpeningHoursSpecification\",\"dayOfWeek\":[\"Monday\",\"Tuesday\",\"Wednesday\",\"Thursday\",\"Friday\",\"Saturday\",\"Sunday\"],\"opens\":\"09:00\",\"closes\":\"17:00\"}]},{\"@type\":\"ImageObject\",\"inLanguage\":\"fr-FR\",\"@id\":\"https:\/\/www.artestar.eu\/fr\/de-gros\/acier-boucles-doreilles-boucles-doreilles\/#local-main-organization-logo\",\"url\":\"https:\/\/www.artestar.eu\/wp-content\/uploads\/2023\/05\/cropped-png.png\",\"contentUrl\":\"https:\/\/www.artestar.eu\/wp-content\/uploads\/2023\/05\/cropped-png.png\",\"width\":512,\"height\":512,\"caption\":\"RUBY ABALORIO S.L.\"}]}<\/script>\n<meta property=\"og:availability\" content=\"instock\" \/>\n<meta property=\"product:availability\" content=\"instock\" \/>\n<meta property=\"product:retailer_item_id\" content=\"BXG0111-0113\" \/>\n<meta property=\"product:condition\" content=\"new\" \/>\n<!-- \/ Yoast SEO Premium plugin. -->","yoast_head_json":{"title":"Boucles d\u2019oreilles cr\u00e9oles en acier - Artestar","description":"Les boucles d\u2019oreilles cr\u00e9oles en acier peuvent \u00eatre associ\u00e9es \u00e0 des perles de pierres pr\u00e9cieuses et de perles pour cr\u00e9er vos boucles d\u2019oreilles uniques.","robots":{"index":"index","follow":"follow","max-snippet":"max-snippet:-1","max-image-preview":"max-image-preview:large","max-video-preview":"max-video-preview:-1"},"canonical":"https:\/\/www.artestar.eu\/fr\/de-gros\/acier-boucles-doreilles-boucles-doreilles\/","og_locale":"fr_FR","og_type":"article","og_title":"Boucles d\u2019oreilles cr\u00e9oles en acier","og_description":"Les boucles d\u2019oreilles cr\u00e9oles en acier peuvent \u00eatre associ\u00e9es \u00e0 des perles de pierres pr\u00e9cieuses et de perles pour cr\u00e9er vos boucles d\u2019oreilles uniques.","og_url":"https:\/\/www.artestar.eu\/fr\/de-gros\/acier-boucles-doreilles-boucles-doreilles\/","og_site_name":"Artestar","article_publisher":"https:\/\/www.facebook.com\/ARTESTAREU","article_modified_time":"2023-10-20T03:02:42+00:00","og_image":[{"width":600,"height":600,"url":"https:\/\/www.artestar.eu\/wp-content\/uploads\/2023\/06\/stainless-steel-wine-charm-rings-hoops-large-circle-wire-earrings-silver-2.jpg","type":"image\/jpeg"}],"twitter_card":"summary_large_image","twitter_misc":{"Availability":"En stock"},"schema":{"@context":"https:\/\/schema.org","@graph":[{"@type":"WebPage","@id":"https:\/\/www.artestar.eu\/fr\/de-gros\/acier-boucles-doreilles-boucles-doreilles\/","url":"https:\/\/www.artestar.eu\/fr\/de-gros\/acier-boucles-doreilles-boucles-doreilles\/","name":"Boucles d\u2019oreilles cr\u00e9oles en acier - Artestar","isPartOf":{"@id":"https:\/\/www.artestar.eu\/fr\/#website"},"datePublished":"2023-06-08T06:14:23+00:00","dateModified":"2023-10-20T03:02:42+00:00","description":"Les boucles d\u2019oreilles cr\u00e9oles en acier peuvent \u00eatre associ\u00e9es \u00e0 des perles de pierres pr\u00e9cieuses et de perles pour cr\u00e9er vos boucles d\u2019oreilles uniques.","breadcrumb":{"@id":"https:\/\/www.artestar.eu\/fr\/de-gros\/acier-boucles-doreilles-boucles-doreilles\/#breadcrumb"},"inLanguage":"fr-FR","potentialAction":[{"@type":"ReadAction","target":["https:\/\/www.artestar.eu\/fr\/de-gros\/acier-boucles-doreilles-boucles-doreilles\/"]}]},{"@type":"BreadcrumbList","@id":"https:\/\/www.artestar.eu\/fr\/de-gros\/acier-boucles-doreilles-boucles-doreilles\/#breadcrumb","itemListElement":[{"@type":"ListItem","position":1,"name":"Artestar","item":"https:\/\/www.artestar.eu\/fr\/"},{"@type":"ListItem","position":2,"name":"De gros","item":"https:\/\/www.artestar.eu\/fr\/de-gros\/"},{"@type":"ListItem","position":3,"name":"Boucles d\u2019oreilles cr\u00e9oles en acier"}]},{"@type":"WebSite","@id":"https:\/\/www.artestar.eu\/fr\/#website","url":"https:\/\/www.artestar.eu\/fr\/","name":"Artestar","description":"Mayorista en abalorios y joyer\u00eda","publisher":{"@id":"https:\/\/www.artestar.eu\/fr\/#organization"},"alternateName":"Artestar-EU","potentialAction":[{"@type":"SearchAction","target":{"@type":"EntryPoint","urlTemplate":"https:\/\/www.artestar.eu\/fr\/?s={search_term_string}"},"query-input":"required name=search_term_string"}],"inLanguage":"fr-FR"},{"@type":["Organization","Place"],"@id":"https:\/\/www.artestar.eu\/fr\/#organization","name":"RUBY ABALORIO S.L.","alternateName":"Artestar","url":"https:\/\/www.artestar.eu\/fr\/","logo":{"@id":"https:\/\/www.artestar.eu\/fr\/de-gros\/acier-boucles-doreilles-boucles-doreilles\/#local-main-organization-logo"},"image":{"@id":"https:\/\/www.artestar.eu\/fr\/de-gros\/acier-boucles-doreilles-boucles-doreilles\/#local-main-organization-logo"},"sameAs":["https:\/\/www.facebook.com\/ARTESTAREU","https:\/\/www.instagram.com\/artestareu\/","https:\/\/www.pinterest.es\/artestar_eu\/","https:\/\/www.tiktok.com\/@artestar_wholesale"],"openingHoursSpecification":[{"@type":"OpeningHoursSpecification","dayOfWeek":["Monday","Tuesday","Wednesday","Thursday","Friday","Saturday","Sunday"],"opens":"09:00","closes":"17:00"}]},{"@type":"ImageObject","inLanguage":"fr-FR","@id":"https:\/\/www.artestar.eu\/fr\/de-gros\/acier-boucles-doreilles-boucles-doreilles\/#local-main-organization-logo","url":"https:\/\/www.artestar.eu\/wp-content\/uploads\/2023\/05\/cropped-png.png","contentUrl":"https:\/\/www.artestar.eu\/wp-content\/uploads\/2023\/05\/cropped-png.png","width":512,"height":512,"caption":"RUBY ABALORIO S.L."}]},"og_availability":"instock","product_availability":"instock","product_retailer_item_id":"BXG0111-0113","product_condition":"new"},"tiered_pricing_type":"fixed","tiered_pricing_fixed_rules":[],"tiered_pricing_percentage_rules":[],"tiered_pricing_minimum":null,"_administrator_tiered_pricing_type":"fixed","_administrator_tiered_pricing_fixed_rules":[],"_editor_tiered_pricing_type":"fixed","_editor_tiered_pricing_fixed_rules":[],"_author_tiered_pricing_type":"fixed","_author_tiered_pricing_fixed_rules":[],"_contributor_tiered_pricing_type":"fixed","_contributor_tiered_pricing_fixed_rules":[],"_subscriber_tiered_pricing_type":"fixed","_subscriber_tiered_pricing_fixed_rules":[],"_wpseo_manager_tiered_pricing_type":"fixed","_wpseo_manager_tiered_pricing_fixed_rules":[],"_wpseo_editor_tiered_pricing_type":"fixed","_wpseo_editor_tiered_pricing_fixed_rules":[],"_customer_tiered_pricing_type":"fixed","_customer_tiered_pricing_fixed_rules":[],"_shop_manager_tiered_pricing_type":"fixed","_shop_manager_tiered_pricing_fixed_rules":[],"_product_manager_tiered_pricing_type":"fixed","_product_manager_tiered_pricing_fixed_rules":[],"_links":{"self":[{"href":"https:\/\/www.artestar.eu\/fr\/wp-json\/wp\/v2\/product\/30585"}],"collection":[{"href":"https:\/\/www.artestar.eu\/fr\/wp-json\/wp\/v2\/product"}],"about":[{"href":"https:\/\/www.artestar.eu\/fr\/wp-json\/wp\/v2\/types\/product"}],"replies":[{"embeddable":true,"href":"https:\/\/www.artestar.eu\/fr\/wp-json\/wp\/v2\/comments?post=30585"}],"version-history":[{"count":2,"href":"https:\/\/www.artestar.eu\/fr\/wp-json\/wp\/v2\/product\/30585\/revisions"}],"predecessor-version":[{"id":36967,"href":"https:\/\/www.artestar.eu\/fr\/wp-json\/wp\/v2\/product\/30585\/revisions\/36967"}],"wp:featuredmedia":[{"embeddable":true,"href":"https:\/\/www.artestar.eu\/fr\/wp-json\/wp\/v2\/media\/18518"}],"wp:attachment":[{"href":"https:\/\/www.artestar.eu\/fr\/wp-json\/wp\/v2\/media?parent=30585"}],"wp:term":[{"taxonomy":"product_cat","embeddable":true,"href":"https:\/\/www.artestar.eu\/fr\/wp-json\/wp\/v2\/product_cat?post=30585"},{"taxonomy":"product_tag","embeddable":true,"href":"https:\/\/www.artestar.eu\/fr\/wp-json\/wp\/v2\/product_tag?post=30585"}],"curies":[{"name":"wp","href":"https:\/\/api.w.org\/{rel}","templated":true}]}}