{"id":30670,"date":"2023-06-08T03:10:45","date_gmt":"2023-06-08T03:10:45","guid":{"rendered":"https:\/\/www.artestar.eu\/al-por-mayor\/tapas-de-extremo-de-barril-de-acero\/"},"modified":"2023-10-20T05:00:14","modified_gmt":"2023-10-20T05:00:14","slug":"embouts-de-barillet-en-acier","status":"publish","type":"product","link":"https:\/\/www.artestar.eu\/fr\/de-gros\/embouts-de-barillet-en-acier\/","title":{"rendered":"Bouchons d\u2019extr\u00e9mit\u00e9 de canon en acier"},"content":{"rendered":"<p>Bouchons d\u2019extr\u00e9mit\u00e9 de canon en acier: 2 mm (40 pcs), 3 mm (30 pcs). (Voir l\u2019image du produit pour la taille et la quantit\u00e9 d\u00e9taill\u00e9es.)<\/p>\n<ul>\n<li>Le bouchon d\u2019extr\u00e9mit\u00e9 du canon est fait d\u2019acier inoxydable de haute qualit\u00e9. Compar\u00e9 \u00e0 d\u2019autres alliages m\u00e9talliques, il offre une bonne stabilit\u00e9 et r\u00e9sistance \u00e0 la corrosion, une durabilit\u00e9 et une longue dur\u00e9e de vie. Parce que les co\u00fbts d\u2019entretien sont faibles, il est id\u00e9al pour de nombreuses conceptions de bijoux.<\/li>\n<li>Les bouchons d\u2019extr\u00e9mit\u00e9 du canon sont disponibles en 2 tailles. Parce que diff\u00e9rentes tailles et quantit\u00e9s suffisantes pour r\u00e9pondre aux diff\u00e9rents besoins de votre vie quotidienne. Vous pouvez choisir le plus appropri\u00e9 pour votre fabrication de bijoux DIY.<\/li>\n<li>Parce que facile \u00e0 utiliser, il vous suffit d\u2019ins\u00e9rer une goutte de colle dans la pointe et d\u2019enfoncer le fil dans la pointe. Bouchons de style colle, fermetures de clips \u00e0 homard, anneaux de saut et cha\u00eenes d\u2019extension. Ou utilisez-le en ins\u00e9rant une goutte de colle dans la pointe, puis en appuyant le fil dans la pointe.<\/li>\n<li>Parce que utilisez les embouts lisses en combinaison avec du filetage, du cordon, de la bramante ou toute autre taille de corde appropri\u00e9e. Utilisez-le pour fabriquer des colliers, des bracelets, des boucles d\u2019oreilles et des glands, des accessoires de costume, des ceintures accessoires.<\/li>\n<li>Vous pouvez \u00e9galement offrir vos bijoux finis \u00e0 votre famille ou \u00e0 vos amis le jour de la Saint-Valentin, de la f\u00eate des m\u00e8res, du mariage, de l\u2019anniversaire, du jour de Thanksgiving ou de l\u2019anniversaire. Ils seront agr\u00e9ablement surpris et ravis.<\/li>\n<\/ul>\n<h5>Bouchons d\u2019extr\u00e9mit\u00e9 de canon en acier<\/h5>\n<ul>\n<li>Les embouts de cordon de canon ont un look simple, classique et \u00e9l\u00e9gant, avec un design en forme de capuchon de barillet. Et il est bien fait avec une surface lisse et confortable \u00e0 porter.<\/li>\n<li>Disponible en 2 couleurs (or et argent). Parce que diff\u00e9rentes couleurs peuvent \u00eatre combin\u00e9es avec diff\u00e9rents accessoires de bijoux pour ajouter un accent accrocheur \u00e0 vos sorties.<\/li>\n<\/ul>\n","protected":false},"excerpt":{"rendered":"<p><img decoding=\"async\" class=\"alignnone size-full wp-image-10533\" src=\"https:\/\/www.artestar.eu\/wp-content\/uploads\/2023\/06\/cord-ends-barrel-end-caps-silver-size-1.jpg\" alt=\"Bouchons d\u2019extr\u00e9mit\u00e9 de canon\" width=\"1000\" height=\"180\" srcset=\"https:\/\/www.artestar.eu\/wp-content\/uploads\/2023\/06\/cord-ends-barrel-end-caps-silver-size-1.jpg 1000w, https:\/\/www.artestar.eu\/wp-content\/uploads\/2023\/06\/cord-ends-barrel-end-caps-silver-size-1-300x54.jpg 300w, https:\/\/www.artestar.eu\/wp-content\/uploads\/2023\/06\/cord-ends-barrel-end-caps-silver-size-1-768x138.jpg 768w, https:\/\/www.artestar.eu\/wp-content\/uploads\/2023\/06\/cord-ends-barrel-end-caps-silver-size-1-600x108.jpg 600w, https:\/\/www.artestar.eu\/wp-content\/uploads\/2023\/06\/cord-ends-barrel-end-caps-silver-size-1-90x16.jpg 90w\" sizes=\"(max-width: 1000px) 100vw, 1000px\" \/><\/p>\n<ul>\n<li>Veuillez vous r\u00e9f\u00e9rer \u00e0 l\u2019image du produit pour la taille et la quantit\u00e9 d\u00e9taill\u00e9es.<\/li>\n<li>Il est utilis\u00e9 pour fabriquer des bijoux, des d\u00e9corations, de l\u2019artisanat, etc.<\/li>\n<\/ul>\n","protected":false},"featured_media":13843,"comment_status":"open","ping_status":"closed","template":"","meta":[],"product_cat":[1665,2374],"product_tag":[],"yoast_head":"<!-- This site is optimized with the Yoast SEO Premium plugin v20.5 (Yoast SEO v21.5) - https:\/\/yoast.com\/wordpress\/plugins\/seo\/ -->\n<title>Embouts de baril en acier - Artestar<\/title>\n<meta name=\"description\" content=\"Les embouts de baril en acier sont souvent utilis\u00e9s en conjonction avec de la ficelle, des cha\u00eenes, etc. pour fabriquer des bijoux, des d\u00e9corations, de l\u2019artisanat, etc.\" \/>\n<meta name=\"robots\" content=\"index, follow, max-snippet:-1, max-image-preview:large, max-video-preview:-1\" \/>\n<link rel=\"canonical\" href=\"https:\/\/www.artestar.eu\/fr\/de-gros\/embouts-de-barillet-en-acier\/\" \/>\n<meta property=\"og:locale\" content=\"fr_FR\" \/>\n<meta property=\"og:type\" content=\"article\" \/>\n<meta property=\"og:title\" content=\"Bouchons d\u2019extr\u00e9mit\u00e9 de canon en acier\" \/>\n<meta property=\"og:description\" content=\"Les embouts de baril en acier sont souvent utilis\u00e9s en conjonction avec de la ficelle, des cha\u00eenes, etc. pour fabriquer des bijoux, des d\u00e9corations, de l\u2019artisanat, etc.\" \/>\n<meta property=\"og:url\" content=\"https:\/\/www.artestar.eu\/fr\/de-gros\/embouts-de-barillet-en-acier\/\" \/>\n<meta property=\"og:site_name\" content=\"Artestar\" \/>\n<meta property=\"article:publisher\" content=\"https:\/\/www.facebook.com\/ARTESTAREU\" \/>\n<meta property=\"article:modified_time\" content=\"2023-10-20T05:00:14+00:00\" \/>\n<meta property=\"og:image\" content=\"https:\/\/www.artestar.eu\/wp-content\/uploads\/2023\/06\/stainless-steel-fittings-cord-ends-barrel-end-caps-silver.jpg\" \/>\n\t<meta property=\"og:image:width\" content=\"600\" \/>\n\t<meta property=\"og:image:height\" content=\"600\" \/>\n\t<meta property=\"og:image:type\" content=\"image\/jpeg\" \/>\n<meta name=\"twitter:card\" content=\"summary_large_image\" \/>\n<meta name=\"twitter:label1\" content=\"Availability\" \/>\n\t<meta name=\"twitter:data1\" content=\"En stock\" \/>\n<script type=\"application\/ld+json\" class=\"yoast-schema-graph\">{\"@context\":\"https:\/\/schema.org\",\"@graph\":[{\"@type\":\"WebPage\",\"@id\":\"https:\/\/www.artestar.eu\/fr\/de-gros\/embouts-de-barillet-en-acier\/\",\"url\":\"https:\/\/www.artestar.eu\/fr\/de-gros\/embouts-de-barillet-en-acier\/\",\"name\":\"Embouts de baril en acier - Artestar\",\"isPartOf\":{\"@id\":\"https:\/\/www.artestar.eu\/fr\/#website\"},\"datePublished\":\"2023-06-08T03:10:45+00:00\",\"dateModified\":\"2023-10-20T05:00:14+00:00\",\"description\":\"Les embouts de baril en acier sont souvent utilis\u00e9s en conjonction avec de la ficelle, des cha\u00eenes, etc. pour fabriquer des bijoux, des d\u00e9corations, de l\u2019artisanat, etc.\",\"breadcrumb\":{\"@id\":\"https:\/\/www.artestar.eu\/fr\/de-gros\/embouts-de-barillet-en-acier\/#breadcrumb\"},\"inLanguage\":\"fr-FR\",\"potentialAction\":[{\"@type\":\"ReadAction\",\"target\":[\"https:\/\/www.artestar.eu\/fr\/de-gros\/embouts-de-barillet-en-acier\/\"]}]},{\"@type\":\"BreadcrumbList\",\"@id\":\"https:\/\/www.artestar.eu\/fr\/de-gros\/embouts-de-barillet-en-acier\/#breadcrumb\",\"itemListElement\":[{\"@type\":\"ListItem\",\"position\":1,\"name\":\"Artestar\",\"item\":\"https:\/\/www.artestar.eu\/fr\/\"},{\"@type\":\"ListItem\",\"position\":2,\"name\":\"De gros\",\"item\":\"https:\/\/www.artestar.eu\/fr\/de-gros\/\"},{\"@type\":\"ListItem\",\"position\":3,\"name\":\"Bouchons d\u2019extr\u00e9mit\u00e9 de canon en acier\"}]},{\"@type\":\"WebSite\",\"@id\":\"https:\/\/www.artestar.eu\/fr\/#website\",\"url\":\"https:\/\/www.artestar.eu\/fr\/\",\"name\":\"Artestar\",\"description\":\"Mayorista en abalorios y joyer\u00eda\",\"publisher\":{\"@id\":\"https:\/\/www.artestar.eu\/fr\/#organization\"},\"alternateName\":\"Artestar-EU\",\"potentialAction\":[{\"@type\":\"SearchAction\",\"target\":{\"@type\":\"EntryPoint\",\"urlTemplate\":\"https:\/\/www.artestar.eu\/fr\/?s={search_term_string}\"},\"query-input\":\"required name=search_term_string\"}],\"inLanguage\":\"fr-FR\"},{\"@type\":[\"Organization\",\"Place\"],\"@id\":\"https:\/\/www.artestar.eu\/fr\/#organization\",\"name\":\"RUBY ABALORIO S.L.\",\"alternateName\":\"Artestar\",\"url\":\"https:\/\/www.artestar.eu\/fr\/\",\"logo\":{\"@id\":\"https:\/\/www.artestar.eu\/fr\/de-gros\/embouts-de-barillet-en-acier\/#local-main-organization-logo\"},\"image\":{\"@id\":\"https:\/\/www.artestar.eu\/fr\/de-gros\/embouts-de-barillet-en-acier\/#local-main-organization-logo\"},\"sameAs\":[\"https:\/\/www.facebook.com\/ARTESTAREU\",\"https:\/\/www.instagram.com\/artestareu\/\",\"https:\/\/www.pinterest.es\/artestar_eu\/\",\"https:\/\/www.tiktok.com\/@artestar_wholesale\"],\"openingHoursSpecification\":[{\"@type\":\"OpeningHoursSpecification\",\"dayOfWeek\":[\"Monday\",\"Tuesday\",\"Wednesday\",\"Thursday\",\"Friday\",\"Saturday\",\"Sunday\"],\"opens\":\"09:00\",\"closes\":\"17:00\"}]},{\"@type\":\"ImageObject\",\"inLanguage\":\"fr-FR\",\"@id\":\"https:\/\/www.artestar.eu\/fr\/de-gros\/embouts-de-barillet-en-acier\/#local-main-organization-logo\",\"url\":\"https:\/\/www.artestar.eu\/wp-content\/uploads\/2023\/05\/cropped-png.png\",\"contentUrl\":\"https:\/\/www.artestar.eu\/wp-content\/uploads\/2023\/05\/cropped-png.png\",\"width\":512,\"height\":512,\"caption\":\"RUBY ABALORIO S.L.\"}]}<\/script>\n<meta property=\"og:availability\" content=\"instock\" \/>\n<meta property=\"product:availability\" content=\"instock\" \/>\n<meta property=\"product:retailer_item_id\" content=\"BXG0102-0103\" \/>\n<meta property=\"product:condition\" content=\"new\" \/>\n<!-- \/ Yoast SEO Premium plugin. -->","yoast_head_json":{"title":"Embouts de baril en acier - Artestar","description":"Les embouts de baril en acier sont souvent utilis\u00e9s en conjonction avec de la ficelle, des cha\u00eenes, etc. pour fabriquer des bijoux, des d\u00e9corations, de l\u2019artisanat, etc.","robots":{"index":"index","follow":"follow","max-snippet":"max-snippet:-1","max-image-preview":"max-image-preview:large","max-video-preview":"max-video-preview:-1"},"canonical":"https:\/\/www.artestar.eu\/fr\/de-gros\/embouts-de-barillet-en-acier\/","og_locale":"fr_FR","og_type":"article","og_title":"Bouchons d\u2019extr\u00e9mit\u00e9 de canon en acier","og_description":"Les embouts de baril en acier sont souvent utilis\u00e9s en conjonction avec de la ficelle, des cha\u00eenes, etc. pour fabriquer des bijoux, des d\u00e9corations, de l\u2019artisanat, etc.","og_url":"https:\/\/www.artestar.eu\/fr\/de-gros\/embouts-de-barillet-en-acier\/","og_site_name":"Artestar","article_publisher":"https:\/\/www.facebook.com\/ARTESTAREU","article_modified_time":"2023-10-20T05:00:14+00:00","og_image":[{"width":600,"height":600,"url":"https:\/\/www.artestar.eu\/wp-content\/uploads\/2023\/06\/stainless-steel-fittings-cord-ends-barrel-end-caps-silver.jpg","type":"image\/jpeg"}],"twitter_card":"summary_large_image","twitter_misc":{"Availability":"En stock"},"schema":{"@context":"https:\/\/schema.org","@graph":[{"@type":"WebPage","@id":"https:\/\/www.artestar.eu\/fr\/de-gros\/embouts-de-barillet-en-acier\/","url":"https:\/\/www.artestar.eu\/fr\/de-gros\/embouts-de-barillet-en-acier\/","name":"Embouts de baril en acier - Artestar","isPartOf":{"@id":"https:\/\/www.artestar.eu\/fr\/#website"},"datePublished":"2023-06-08T03:10:45+00:00","dateModified":"2023-10-20T05:00:14+00:00","description":"Les embouts de baril en acier sont souvent utilis\u00e9s en conjonction avec de la ficelle, des cha\u00eenes, etc. pour fabriquer des bijoux, des d\u00e9corations, de l\u2019artisanat, etc.","breadcrumb":{"@id":"https:\/\/www.artestar.eu\/fr\/de-gros\/embouts-de-barillet-en-acier\/#breadcrumb"},"inLanguage":"fr-FR","potentialAction":[{"@type":"ReadAction","target":["https:\/\/www.artestar.eu\/fr\/de-gros\/embouts-de-barillet-en-acier\/"]}]},{"@type":"BreadcrumbList","@id":"https:\/\/www.artestar.eu\/fr\/de-gros\/embouts-de-barillet-en-acier\/#breadcrumb","itemListElement":[{"@type":"ListItem","position":1,"name":"Artestar","item":"https:\/\/www.artestar.eu\/fr\/"},{"@type":"ListItem","position":2,"name":"De gros","item":"https:\/\/www.artestar.eu\/fr\/de-gros\/"},{"@type":"ListItem","position":3,"name":"Bouchons d\u2019extr\u00e9mit\u00e9 de canon en acier"}]},{"@type":"WebSite","@id":"https:\/\/www.artestar.eu\/fr\/#website","url":"https:\/\/www.artestar.eu\/fr\/","name":"Artestar","description":"Mayorista en abalorios y joyer\u00eda","publisher":{"@id":"https:\/\/www.artestar.eu\/fr\/#organization"},"alternateName":"Artestar-EU","potentialAction":[{"@type":"SearchAction","target":{"@type":"EntryPoint","urlTemplate":"https:\/\/www.artestar.eu\/fr\/?s={search_term_string}"},"query-input":"required name=search_term_string"}],"inLanguage":"fr-FR"},{"@type":["Organization","Place"],"@id":"https:\/\/www.artestar.eu\/fr\/#organization","name":"RUBY ABALORIO S.L.","alternateName":"Artestar","url":"https:\/\/www.artestar.eu\/fr\/","logo":{"@id":"https:\/\/www.artestar.eu\/fr\/de-gros\/embouts-de-barillet-en-acier\/#local-main-organization-logo"},"image":{"@id":"https:\/\/www.artestar.eu\/fr\/de-gros\/embouts-de-barillet-en-acier\/#local-main-organization-logo"},"sameAs":["https:\/\/www.facebook.com\/ARTESTAREU","https:\/\/www.instagram.com\/artestareu\/","https:\/\/www.pinterest.es\/artestar_eu\/","https:\/\/www.tiktok.com\/@artestar_wholesale"],"openingHoursSpecification":[{"@type":"OpeningHoursSpecification","dayOfWeek":["Monday","Tuesday","Wednesday","Thursday","Friday","Saturday","Sunday"],"opens":"09:00","closes":"17:00"}]},{"@type":"ImageObject","inLanguage":"fr-FR","@id":"https:\/\/www.artestar.eu\/fr\/de-gros\/embouts-de-barillet-en-acier\/#local-main-organization-logo","url":"https:\/\/www.artestar.eu\/wp-content\/uploads\/2023\/05\/cropped-png.png","contentUrl":"https:\/\/www.artestar.eu\/wp-content\/uploads\/2023\/05\/cropped-png.png","width":512,"height":512,"caption":"RUBY ABALORIO S.L."}]},"og_availability":"instock","product_availability":"instock","product_retailer_item_id":"BXG0102-0103","product_condition":"new"},"tiered_pricing_type":"fixed","tiered_pricing_fixed_rules":[],"tiered_pricing_percentage_rules":[],"tiered_pricing_minimum":null,"_administrator_tiered_pricing_type":"fixed","_administrator_tiered_pricing_fixed_rules":[],"_editor_tiered_pricing_type":"fixed","_editor_tiered_pricing_fixed_rules":[],"_author_tiered_pricing_type":"fixed","_author_tiered_pricing_fixed_rules":[],"_contributor_tiered_pricing_type":"fixed","_contributor_tiered_pricing_fixed_rules":[],"_subscriber_tiered_pricing_type":"fixed","_subscriber_tiered_pricing_fixed_rules":[],"_wpseo_manager_tiered_pricing_type":"fixed","_wpseo_manager_tiered_pricing_fixed_rules":[],"_wpseo_editor_tiered_pricing_type":"fixed","_wpseo_editor_tiered_pricing_fixed_rules":[],"_customer_tiered_pricing_type":"fixed","_customer_tiered_pricing_fixed_rules":[],"_shop_manager_tiered_pricing_type":"fixed","_shop_manager_tiered_pricing_fixed_rules":[],"_product_manager_tiered_pricing_type":"fixed","_product_manager_tiered_pricing_fixed_rules":[],"_links":{"self":[{"href":"https:\/\/www.artestar.eu\/fr\/wp-json\/wp\/v2\/product\/30670"}],"collection":[{"href":"https:\/\/www.artestar.eu\/fr\/wp-json\/wp\/v2\/product"}],"about":[{"href":"https:\/\/www.artestar.eu\/fr\/wp-json\/wp\/v2\/types\/product"}],"replies":[{"embeddable":true,"href":"https:\/\/www.artestar.eu\/fr\/wp-json\/wp\/v2\/comments?post=30670"}],"version-history":[{"count":2,"href":"https:\/\/www.artestar.eu\/fr\/wp-json\/wp\/v2\/product\/30670\/revisions"}],"predecessor-version":[{"id":36996,"href":"https:\/\/www.artestar.eu\/fr\/wp-json\/wp\/v2\/product\/30670\/revisions\/36996"}],"wp:featuredmedia":[{"embeddable":true,"href":"https:\/\/www.artestar.eu\/fr\/wp-json\/wp\/v2\/media\/13843"}],"wp:attachment":[{"href":"https:\/\/www.artestar.eu\/fr\/wp-json\/wp\/v2\/media?parent=30670"}],"wp:term":[{"taxonomy":"product_cat","embeddable":true,"href":"https:\/\/www.artestar.eu\/fr\/wp-json\/wp\/v2\/product_cat?post=30670"},{"taxonomy":"product_tag","embeddable":true,"href":"https:\/\/www.artestar.eu\/fr\/wp-json\/wp\/v2\/product_tag?post=30670"}],"curies":[{"name":"wp","href":"https:\/\/api.w.org\/{rel}","templated":true}]}}