{"id":30685,"date":"2023-06-08T05:29:34","date_gmt":"2023-06-08T05:29:34","guid":{"rendered":"https:\/\/www.artestar.eu\/al-por-mayor\/terminales-con-cadena-color-dorado-6-unids\/"},"modified":"2023-10-20T03:50:20","modified_gmt":"2023-10-20T03:50:20","slug":"bornes-a-chaine-de-couleur-or","status":"publish","type":"product","link":"https:\/\/www.artestar.eu\/fr\/de-gros\/bornes-a-chaine-de-couleur-or\/","title":{"rendered":"Terminaux avec cha\u00eene de couleur or 6 pcs."},"content":{"rendered":"<p>Bornes \u00e0 cha\u00eene en or : L\u2019ensemble de trois pi\u00e8ces en acier inoxydable est disponible en 2 tailles. Avec diff\u00e9rentes tailles et des quantit\u00e9s suffisantes pour r\u00e9pondre aux diff\u00e9rents besoins de votre vie quotidienne. Vous pouvez choisir le plus appropri\u00e9 pour votre fabrication de bijoux DIY.<\/p>\n<ul>\n<li>Les bornes de cha\u00eene sont fabriqu\u00e9es en acier inoxydable de haute qualit\u00e9. Compar\u00e9 \u00e0 d\u2019autres alliages m\u00e9talliques, il offre une bonne stabilit\u00e9 et r\u00e9sistance \u00e0 la corrosion, une durabilit\u00e9 et une longue dur\u00e9e de vie. Et avec de faibles co\u00fbts d\u2019entretien, il est id\u00e9al pour de nombreuses conceptions de bijoux.<\/li>\n<li>Le petit kit fixe la fermeture au cordon de bijoux en cuir ou en tissu qui maintient le cordon pour l\u2019emp\u00eacher de glisser, tr\u00e8s facile \u00e0 combiner avec l\u2019extr\u00e9mit\u00e9 du cordon et la fermeture homard. Parce que simple et facile, il suffit de fermer la cha\u00eene d\u2019extension \u00e0 votre bijou pr\u00e9f\u00e9r\u00e9. Vous pouvez \u00e9galement l\u2019utiliser pour r\u00e9parer et remplacer vos colliers et bracelets, ou comme extension de vos bijoux.<\/li>\n<li>Parce que ces connecteurs de cha\u00eene d\u2019extension conviennent aux extensions et sont compatibles avec les lacets, colliers ou colliers en cuir, daim, gland, dentelle, chanvre ou satin de serpent \u00e0 sonnettes, parfaits pour la fabrication de bracelets, colliers, colliers et bien plus encore.<\/li>\n<li>Vous pouvez donner ces accessoires de bijoux \u00e0 des amis int\u00e9ress\u00e9s par le bricolage, ou vous pouvez finir de faire votre artisanat pr\u00e9f\u00e9r\u00e9 avec vos amis et votre famille, ce sera une grande exp\u00e9rience pour renforcer les liens. Vous pouvez \u00e9galement donner vos produits finis, tels que des bracelets, des colliers et d\u2019autres types de perles. Donnez-les \u00e0 la famille ou aux amis le jour de la Saint-Valentin, de la f\u00eate des M\u00e8res, des mariages, des anniversaires, de Thanksgiving ou des anniversaires. Ils seront agr\u00e9ablement surpris et vont adorer.<\/li>\n<\/ul>\n<h3>Bornes \u00e0 cha\u00eene dor\u00e9es<\/h3>\n<ul>\n<li>Les bornes \u00e0 cha\u00eene ont un design simple, classique et \u00e9l\u00e9gant. Il comprend une fermeture homard, un anneau d\u2019ouverture, une extr\u00e9mit\u00e9 de sertissage et une extension de cha\u00eene. Et parce qu\u2019il est bien fait, avec une surface lisse et confortable \u00e0 porter. Il a l\u2019air impressionnant et vous fera vous d\u00e9marquer de la foule.<\/li>\n<li>Disponible en 2 couleurs (or et acier). Parce que diff\u00e9rentes couleurs peuvent \u00eatre combin\u00e9es avec diff\u00e9rents accessoires de bijoux pour ajouter un accent accrocheur \u00e0 vos sorties.<\/li>\n<\/ul>\n","protected":false},"excerpt":{"rendered":"<ul>\n<li>Mat\u00e9riau en acier inoxydable<\/li>\n<li>Veuillez vous r\u00e9f\u00e9rer \u00e0 l\u2019image du produit pour la taille et la quantit\u00e9 d\u00e9taill\u00e9es.<\/li>\n<li>Les bornes de cha\u00eene de couleur or sont parfaites pour fabriquer des bracelets, des colliers, des breloques et plus encore.<\/li>\n<\/ul>\n","protected":false},"featured_media":13864,"comment_status":"open","ping_status":"closed","template":"","meta":[],"product_cat":[1665,2374],"product_tag":[],"yoast_head":"<!-- This site is optimized with the Yoast SEO Premium plugin v20.5 (Yoast SEO v21.5) - https:\/\/yoast.com\/wordpress\/plugins\/seo\/ -->\n<title>Terminaux avec cha\u00eene dor\u00e9e - Artestar<\/title>\n<meta name=\"description\" content=\"Les terminaisons de cha\u00eene de couleur or comprennent un fermoir mousqueton, un anneau ouvert, une extr\u00e9mit\u00e9 roul\u00e9e et une extension de cha\u00eene.\" \/>\n<meta name=\"robots\" content=\"index, follow, max-snippet:-1, max-image-preview:large, max-video-preview:-1\" \/>\n<link rel=\"canonical\" href=\"https:\/\/www.artestar.eu\/fr\/de-gros\/bornes-a-chaine-de-couleur-or\/\" \/>\n<meta property=\"og:locale\" content=\"fr_FR\" \/>\n<meta property=\"og:type\" content=\"article\" \/>\n<meta property=\"og:title\" content=\"Terminaux avec cha\u00eene de couleur or 6 pcs.\" \/>\n<meta property=\"og:description\" content=\"Les terminaisons de cha\u00eene de couleur or comprennent un fermoir mousqueton, un anneau ouvert, une extr\u00e9mit\u00e9 roul\u00e9e et une extension de cha\u00eene.\" \/>\n<meta property=\"og:url\" content=\"https:\/\/www.artestar.eu\/fr\/de-gros\/bornes-a-chaine-de-couleur-or\/\" \/>\n<meta property=\"og:site_name\" content=\"Artestar\" \/>\n<meta property=\"article:publisher\" content=\"https:\/\/www.facebook.com\/ARTESTAREU\" \/>\n<meta property=\"article:modified_time\" content=\"2023-10-20T03:50:20+00:00\" \/>\n<meta property=\"og:image\" content=\"https:\/\/www.artestar.eu\/wp-content\/uploads\/2023\/06\/Stainless-steel-fittings-lobster-clasp-with-cord-ends-metal-extension-chain-with-terminals-and-clasp-gold.jpg\" \/>\n\t<meta property=\"og:image:width\" content=\"600\" \/>\n\t<meta property=\"og:image:height\" content=\"600\" \/>\n\t<meta property=\"og:image:type\" content=\"image\/jpeg\" \/>\n<meta name=\"twitter:card\" content=\"summary_large_image\" \/>\n<meta name=\"twitter:label1\" content=\"Availability\" \/>\n\t<meta name=\"twitter:data1\" content=\"En stock\" \/>\n<script type=\"application\/ld+json\" class=\"yoast-schema-graph\">{\"@context\":\"https:\/\/schema.org\",\"@graph\":[{\"@type\":\"WebPage\",\"@id\":\"https:\/\/www.artestar.eu\/fr\/de-gros\/bornes-a-chaine-de-couleur-or\/\",\"url\":\"https:\/\/www.artestar.eu\/fr\/de-gros\/bornes-a-chaine-de-couleur-or\/\",\"name\":\"Terminaux avec cha\u00eene dor\u00e9e - Artestar\",\"isPartOf\":{\"@id\":\"https:\/\/www.artestar.eu\/fr\/#website\"},\"datePublished\":\"2023-06-08T05:29:34+00:00\",\"dateModified\":\"2023-10-20T03:50:20+00:00\",\"description\":\"Les terminaisons de cha\u00eene de couleur or comprennent un fermoir mousqueton, un anneau ouvert, une extr\u00e9mit\u00e9 roul\u00e9e et une extension de cha\u00eene.\",\"breadcrumb\":{\"@id\":\"https:\/\/www.artestar.eu\/fr\/de-gros\/bornes-a-chaine-de-couleur-or\/#breadcrumb\"},\"inLanguage\":\"fr-FR\",\"potentialAction\":[{\"@type\":\"ReadAction\",\"target\":[\"https:\/\/www.artestar.eu\/fr\/de-gros\/bornes-a-chaine-de-couleur-or\/\"]}]},{\"@type\":\"BreadcrumbList\",\"@id\":\"https:\/\/www.artestar.eu\/fr\/de-gros\/bornes-a-chaine-de-couleur-or\/#breadcrumb\",\"itemListElement\":[{\"@type\":\"ListItem\",\"position\":1,\"name\":\"Artestar\",\"item\":\"https:\/\/www.artestar.eu\/fr\/\"},{\"@type\":\"ListItem\",\"position\":2,\"name\":\"De gros\",\"item\":\"https:\/\/www.artestar.eu\/fr\/de-gros\/\"},{\"@type\":\"ListItem\",\"position\":3,\"name\":\"Terminaux avec cha\u00eene de couleur or 6 pcs.\"}]},{\"@type\":\"WebSite\",\"@id\":\"https:\/\/www.artestar.eu\/fr\/#website\",\"url\":\"https:\/\/www.artestar.eu\/fr\/\",\"name\":\"Artestar\",\"description\":\"Mayorista en abalorios y joyer\u00eda\",\"publisher\":{\"@id\":\"https:\/\/www.artestar.eu\/fr\/#organization\"},\"alternateName\":\"Artestar-EU\",\"potentialAction\":[{\"@type\":\"SearchAction\",\"target\":{\"@type\":\"EntryPoint\",\"urlTemplate\":\"https:\/\/www.artestar.eu\/fr\/?s={search_term_string}\"},\"query-input\":\"required name=search_term_string\"}],\"inLanguage\":\"fr-FR\"},{\"@type\":[\"Organization\",\"Place\"],\"@id\":\"https:\/\/www.artestar.eu\/fr\/#organization\",\"name\":\"RUBY ABALORIO S.L.\",\"alternateName\":\"Artestar\",\"url\":\"https:\/\/www.artestar.eu\/fr\/\",\"logo\":{\"@id\":\"https:\/\/www.artestar.eu\/fr\/de-gros\/bornes-a-chaine-de-couleur-or\/#local-main-organization-logo\"},\"image\":{\"@id\":\"https:\/\/www.artestar.eu\/fr\/de-gros\/bornes-a-chaine-de-couleur-or\/#local-main-organization-logo\"},\"sameAs\":[\"https:\/\/www.facebook.com\/ARTESTAREU\",\"https:\/\/www.instagram.com\/artestareu\/\",\"https:\/\/www.pinterest.es\/artestar_eu\/\",\"https:\/\/www.tiktok.com\/@artestar_wholesale\"],\"openingHoursSpecification\":[{\"@type\":\"OpeningHoursSpecification\",\"dayOfWeek\":[\"Monday\",\"Tuesday\",\"Wednesday\",\"Thursday\",\"Friday\",\"Saturday\",\"Sunday\"],\"opens\":\"09:00\",\"closes\":\"17:00\"}]},{\"@type\":\"ImageObject\",\"inLanguage\":\"fr-FR\",\"@id\":\"https:\/\/www.artestar.eu\/fr\/de-gros\/bornes-a-chaine-de-couleur-or\/#local-main-organization-logo\",\"url\":\"https:\/\/www.artestar.eu\/wp-content\/uploads\/2023\/05\/cropped-png.png\",\"contentUrl\":\"https:\/\/www.artestar.eu\/wp-content\/uploads\/2023\/05\/cropped-png.png\",\"width\":512,\"height\":512,\"caption\":\"RUBY ABALORIO S.L.\"}]}<\/script>\n<meta property=\"og:availability\" content=\"instock\" \/>\n<meta property=\"product:availability\" content=\"instock\" \/>\n<meta property=\"product:retailer_item_id\" content=\"BXG0104-0105\" \/>\n<meta property=\"product:condition\" content=\"new\" \/>\n<!-- \/ Yoast SEO Premium plugin. -->","yoast_head_json":{"title":"Terminaux avec cha\u00eene dor\u00e9e - Artestar","description":"Les terminaisons de cha\u00eene de couleur or comprennent un fermoir mousqueton, un anneau ouvert, une extr\u00e9mit\u00e9 roul\u00e9e et une extension de cha\u00eene.","robots":{"index":"index","follow":"follow","max-snippet":"max-snippet:-1","max-image-preview":"max-image-preview:large","max-video-preview":"max-video-preview:-1"},"canonical":"https:\/\/www.artestar.eu\/fr\/de-gros\/bornes-a-chaine-de-couleur-or\/","og_locale":"fr_FR","og_type":"article","og_title":"Terminaux avec cha\u00eene de couleur or 6 pcs.","og_description":"Les terminaisons de cha\u00eene de couleur or comprennent un fermoir mousqueton, un anneau ouvert, une extr\u00e9mit\u00e9 roul\u00e9e et une extension de cha\u00eene.","og_url":"https:\/\/www.artestar.eu\/fr\/de-gros\/bornes-a-chaine-de-couleur-or\/","og_site_name":"Artestar","article_publisher":"https:\/\/www.facebook.com\/ARTESTAREU","article_modified_time":"2023-10-20T03:50:20+00:00","og_image":[{"width":600,"height":600,"url":"https:\/\/www.artestar.eu\/wp-content\/uploads\/2023\/06\/Stainless-steel-fittings-lobster-clasp-with-cord-ends-metal-extension-chain-with-terminals-and-clasp-gold.jpg","type":"image\/jpeg"}],"twitter_card":"summary_large_image","twitter_misc":{"Availability":"En stock"},"schema":{"@context":"https:\/\/schema.org","@graph":[{"@type":"WebPage","@id":"https:\/\/www.artestar.eu\/fr\/de-gros\/bornes-a-chaine-de-couleur-or\/","url":"https:\/\/www.artestar.eu\/fr\/de-gros\/bornes-a-chaine-de-couleur-or\/","name":"Terminaux avec cha\u00eene dor\u00e9e - Artestar","isPartOf":{"@id":"https:\/\/www.artestar.eu\/fr\/#website"},"datePublished":"2023-06-08T05:29:34+00:00","dateModified":"2023-10-20T03:50:20+00:00","description":"Les terminaisons de cha\u00eene de couleur or comprennent un fermoir mousqueton, un anneau ouvert, une extr\u00e9mit\u00e9 roul\u00e9e et une extension de cha\u00eene.","breadcrumb":{"@id":"https:\/\/www.artestar.eu\/fr\/de-gros\/bornes-a-chaine-de-couleur-or\/#breadcrumb"},"inLanguage":"fr-FR","potentialAction":[{"@type":"ReadAction","target":["https:\/\/www.artestar.eu\/fr\/de-gros\/bornes-a-chaine-de-couleur-or\/"]}]},{"@type":"BreadcrumbList","@id":"https:\/\/www.artestar.eu\/fr\/de-gros\/bornes-a-chaine-de-couleur-or\/#breadcrumb","itemListElement":[{"@type":"ListItem","position":1,"name":"Artestar","item":"https:\/\/www.artestar.eu\/fr\/"},{"@type":"ListItem","position":2,"name":"De gros","item":"https:\/\/www.artestar.eu\/fr\/de-gros\/"},{"@type":"ListItem","position":3,"name":"Terminaux avec cha\u00eene de couleur or 6 pcs."}]},{"@type":"WebSite","@id":"https:\/\/www.artestar.eu\/fr\/#website","url":"https:\/\/www.artestar.eu\/fr\/","name":"Artestar","description":"Mayorista en abalorios y joyer\u00eda","publisher":{"@id":"https:\/\/www.artestar.eu\/fr\/#organization"},"alternateName":"Artestar-EU","potentialAction":[{"@type":"SearchAction","target":{"@type":"EntryPoint","urlTemplate":"https:\/\/www.artestar.eu\/fr\/?s={search_term_string}"},"query-input":"required name=search_term_string"}],"inLanguage":"fr-FR"},{"@type":["Organization","Place"],"@id":"https:\/\/www.artestar.eu\/fr\/#organization","name":"RUBY ABALORIO S.L.","alternateName":"Artestar","url":"https:\/\/www.artestar.eu\/fr\/","logo":{"@id":"https:\/\/www.artestar.eu\/fr\/de-gros\/bornes-a-chaine-de-couleur-or\/#local-main-organization-logo"},"image":{"@id":"https:\/\/www.artestar.eu\/fr\/de-gros\/bornes-a-chaine-de-couleur-or\/#local-main-organization-logo"},"sameAs":["https:\/\/www.facebook.com\/ARTESTAREU","https:\/\/www.instagram.com\/artestareu\/","https:\/\/www.pinterest.es\/artestar_eu\/","https:\/\/www.tiktok.com\/@artestar_wholesale"],"openingHoursSpecification":[{"@type":"OpeningHoursSpecification","dayOfWeek":["Monday","Tuesday","Wednesday","Thursday","Friday","Saturday","Sunday"],"opens":"09:00","closes":"17:00"}]},{"@type":"ImageObject","inLanguage":"fr-FR","@id":"https:\/\/www.artestar.eu\/fr\/de-gros\/bornes-a-chaine-de-couleur-or\/#local-main-organization-logo","url":"https:\/\/www.artestar.eu\/wp-content\/uploads\/2023\/05\/cropped-png.png","contentUrl":"https:\/\/www.artestar.eu\/wp-content\/uploads\/2023\/05\/cropped-png.png","width":512,"height":512,"caption":"RUBY ABALORIO S.L."}]},"og_availability":"instock","product_availability":"instock","product_retailer_item_id":"BXG0104-0105","product_condition":"new"},"tiered_pricing_type":"fixed","tiered_pricing_fixed_rules":[],"tiered_pricing_percentage_rules":[],"tiered_pricing_minimum":null,"_administrator_tiered_pricing_type":"fixed","_administrator_tiered_pricing_fixed_rules":[],"_editor_tiered_pricing_type":"fixed","_editor_tiered_pricing_fixed_rules":[],"_author_tiered_pricing_type":"fixed","_author_tiered_pricing_fixed_rules":[],"_contributor_tiered_pricing_type":"fixed","_contributor_tiered_pricing_fixed_rules":[],"_subscriber_tiered_pricing_type":"fixed","_subscriber_tiered_pricing_fixed_rules":[],"_wpseo_manager_tiered_pricing_type":"fixed","_wpseo_manager_tiered_pricing_fixed_rules":[],"_wpseo_editor_tiered_pricing_type":"fixed","_wpseo_editor_tiered_pricing_fixed_rules":[],"_customer_tiered_pricing_type":"fixed","_customer_tiered_pricing_fixed_rules":[],"_shop_manager_tiered_pricing_type":"fixed","_shop_manager_tiered_pricing_fixed_rules":[],"_product_manager_tiered_pricing_type":"fixed","_product_manager_tiered_pricing_fixed_rules":[],"_links":{"self":[{"href":"https:\/\/www.artestar.eu\/fr\/wp-json\/wp\/v2\/product\/30685"}],"collection":[{"href":"https:\/\/www.artestar.eu\/fr\/wp-json\/wp\/v2\/product"}],"about":[{"href":"https:\/\/www.artestar.eu\/fr\/wp-json\/wp\/v2\/types\/product"}],"replies":[{"embeddable":true,"href":"https:\/\/www.artestar.eu\/fr\/wp-json\/wp\/v2\/comments?post=30685"}],"version-history":[{"count":2,"href":"https:\/\/www.artestar.eu\/fr\/wp-json\/wp\/v2\/product\/30685\/revisions"}],"predecessor-version":[{"id":36991,"href":"https:\/\/www.artestar.eu\/fr\/wp-json\/wp\/v2\/product\/30685\/revisions\/36991"}],"wp:featuredmedia":[{"embeddable":true,"href":"https:\/\/www.artestar.eu\/fr\/wp-json\/wp\/v2\/media\/13864"}],"wp:attachment":[{"href":"https:\/\/www.artestar.eu\/fr\/wp-json\/wp\/v2\/media?parent=30685"}],"wp:term":[{"taxonomy":"product_cat","embeddable":true,"href":"https:\/\/www.artestar.eu\/fr\/wp-json\/wp\/v2\/product_cat?post=30685"},{"taxonomy":"product_tag","embeddable":true,"href":"https:\/\/www.artestar.eu\/fr\/wp-json\/wp\/v2\/product_tag?post=30685"}],"curies":[{"name":"wp","href":"https:\/\/api.w.org\/{rel}","templated":true}]}}