{"id":30783,"date":"2023-06-08T01:57:16","date_gmt":"2023-06-08T01:57:16","guid":{"rendered":"https:\/\/www.artestar.eu\/al-por-mayor\/pendiente-redondo-con-perno-de-acero\/"},"modified":"2023-10-20T05:01:30","modified_gmt":"2023-10-20T05:01:30","slug":"boucle-doreille-ronde-avec-boulon-dacier","status":"publish","type":"product","link":"https:\/\/www.artestar.eu\/fr\/de-gros\/boucle-doreille-ronde-avec-boulon-dacier\/","title":{"rendered":"Boucle d\u2019oreille ronde avec boulon en acier"},"content":{"rendered":"<p>Boucle d\u2019oreille ronde avec boulon en acier : Les tiges de boucle d\u2019oreille boule sont disponibles en 3 tailles, 30 mm (34 pi\u00e8ces), 4o mm (34 pi\u00e8ces) et 50 mm (32 pi\u00e8ces).<\/p>\n<ul>\n<li>Parce qu\u2019une large gamme de tailles \u00e0 choisir, avec suffisamment de tailles et de quantit\u00e9s diff\u00e9rentes pour r\u00e9pondre aux diff\u00e9rents besoins de votre vie quotidienne. Vous pouvez choisir celui qui convient le mieux \u00e0 vos travaux de bricolage.<\/li>\n<li>Les poteaux de pente \u00e0 billes sont fabriqu\u00e9s en acier inoxydable de haute qualit\u00e9. Compar\u00e9 \u00e0 d\u2019autres alliages m\u00e9talliques, il offre une bonne stabilit\u00e9 et r\u00e9sistance \u00e0 la corrosion, une durabilit\u00e9 et une longue dur\u00e9e de vie. Et parce qu\u2019avec de faibles co\u00fbts d\u2019entretien, il est id\u00e9al pour de nombreux mod\u00e8les de bijoux.<\/li>\n<li>Les boucles d\u2019oreilles en forme de boule ont un look simple et classique avec un design \u00e9l\u00e9gant. Et ils sont bien faits, avec une surface lisse et confortable \u00e0 porter. Ils sont tr\u00e8s attrayants \u00e0 porter et vous permettront de vous d\u00e9marquer de la foule.<\/li>\n<li>Parce que chaque tige de boule de boucle d\u2019oreille a un anneau en haut. Il peut \u00eatre ouvert pour ajouter des crochets. Vous pouvez m\u00eame ajouter des cha\u00eenes, des perles, des pompons ou des pendentifs pour un accessoire de style diff\u00e9rent.<\/li>\n<li>Convient \u00e0 la plupart des d\u00e9butants et \u00e0 de nombreux passe-temps cr\u00e9atifs. Comme cela aide \u00e0 rendre la fabrication de bijoux plus facile et plus amusante.<\/li>\n<\/ul>\n<h5>Boucle d\u2019oreille ronde avec boulon en acier<\/h5>\n<ul>\n<li>Les boucles d\u2019oreilles en forme de boule peuvent \u00eatre associ\u00e9es \u00e0 une vari\u00e9t\u00e9 de pierres pr\u00e9cieuses, de perles, de cristaux et d\u2019autres bijoux. Le cadeau parfait pour votre fille, votre amoureux, votre m\u00e8re ou vous-m\u00eame \u00e0 l\u2019occasion de la Saint-Valentin, de No\u00ebl, de la f\u00eate des m\u00e8res, des anniversaires ou des anniversaires.<\/li>\n<li>Disponible en 2 couleurs (or et acier). Parce que diff\u00e9rentes couleurs peuvent \u00eatre port\u00e9es avec diff\u00e9rentes tenues et pour diff\u00e9rentes occasions. Ajoutez un accent accrocheur \u00e0 vos sorties.<\/li>\n<\/ul>\n","protected":false},"excerpt":{"rendered":"<p><img decoding=\"async\" class=\"alignnone size-full wp-image-25205\" src=\"https:\/\/www.artestar.eu\/wp-content\/uploads\/2023\/06\/ball-post-stud-earring-silver-size-1.jpg\" alt=\"Boucle d\u2019oreille ronde avec boulon\" width=\"1000\" height=\"180\" srcset=\"https:\/\/www.artestar.eu\/wp-content\/uploads\/2023\/06\/ball-post-stud-earring-silver-size-1.jpg 1000w, https:\/\/www.artestar.eu\/wp-content\/uploads\/2023\/06\/ball-post-stud-earring-silver-size-1-300x54.jpg 300w, https:\/\/www.artestar.eu\/wp-content\/uploads\/2023\/06\/ball-post-stud-earring-silver-size-1-768x138.jpg 768w, https:\/\/www.artestar.eu\/wp-content\/uploads\/2023\/06\/ball-post-stud-earring-silver-size-1-600x108.jpg 600w, https:\/\/www.artestar.eu\/wp-content\/uploads\/2023\/06\/ball-post-stud-earring-silver-size-1-90x16.jpg 90w\" sizes=\"(max-width: 1000px) 100vw, 1000px\" \/><\/p>\n<ul>\n<li>Veuillez vous r\u00e9f\u00e9rer \u00e0 l\u2019image du produit pour la taille et la quantit\u00e9 d\u00e9taill\u00e9es.<\/li>\n<li>Il est utilis\u00e9 pour fabriquer des bijoux, des d\u00e9corations, de l\u2019artisanat, etc.<\/li>\n<\/ul>\n","protected":false},"featured_media":13748,"comment_status":"open","ping_status":"closed","template":"","meta":[],"product_cat":[1666,1665],"product_tag":[],"yoast_head":"<!-- This site is optimized with the Yoast SEO Premium plugin v20.5 (Yoast SEO v21.5) - https:\/\/yoast.com\/wordpress\/plugins\/seo\/ -->\n<title>Boucle d\u2019oreille ronde avec boulon en acier - Artestar<\/title>\n<meta name=\"description\" content=\"Les tiges de boucles d\u2019oreilles boule en acier fonctionnent avec tous les types et styles de boucles d\u2019oreilles. Tels que les boucles d\u2019oreilles, les fils d\u2019oreille, etc.\" \/>\n<meta name=\"robots\" content=\"index, follow, max-snippet:-1, max-image-preview:large, max-video-preview:-1\" \/>\n<link rel=\"canonical\" href=\"https:\/\/www.artestar.eu\/fr\/de-gros\/boucle-doreille-ronde-avec-boulon-dacier\/\" \/>\n<meta property=\"og:locale\" content=\"fr_FR\" \/>\n<meta property=\"og:type\" content=\"article\" \/>\n<meta property=\"og:title\" content=\"Boucle d\u2019oreille ronde avec boulon en acier\" \/>\n<meta property=\"og:description\" content=\"Les tiges de boucles d\u2019oreilles boule en acier fonctionnent avec tous les types et styles de boucles d\u2019oreilles. Tels que les boucles d\u2019oreilles, les fils d\u2019oreille, etc.\" \/>\n<meta property=\"og:url\" content=\"https:\/\/www.artestar.eu\/fr\/de-gros\/boucle-doreille-ronde-avec-boulon-dacier\/\" \/>\n<meta property=\"og:site_name\" content=\"Artestar\" \/>\n<meta property=\"article:publisher\" content=\"https:\/\/www.facebook.com\/ARTESTAREU\" \/>\n<meta property=\"article:modified_time\" content=\"2023-10-20T05:01:30+00:00\" \/>\n<meta property=\"og:image\" content=\"https:\/\/www.artestar.eu\/wp-content\/uploads\/2023\/06\/stainless-steel-earring-accessories-ball-post-stud-earring-silver.jpg\" \/>\n\t<meta property=\"og:image:width\" content=\"600\" \/>\n\t<meta property=\"og:image:height\" content=\"600\" \/>\n\t<meta property=\"og:image:type\" content=\"image\/jpeg\" \/>\n<meta name=\"twitter:card\" content=\"summary_large_image\" \/>\n<meta name=\"twitter:label1\" content=\"Availability\" \/>\n\t<meta name=\"twitter:data1\" content=\"En stock\" \/>\n<script type=\"application\/ld+json\" class=\"yoast-schema-graph\">{\"@context\":\"https:\/\/schema.org\",\"@graph\":[{\"@type\":\"WebPage\",\"@id\":\"https:\/\/www.artestar.eu\/fr\/de-gros\/boucle-doreille-ronde-avec-boulon-dacier\/\",\"url\":\"https:\/\/www.artestar.eu\/fr\/de-gros\/boucle-doreille-ronde-avec-boulon-dacier\/\",\"name\":\"Boucle d\u2019oreille ronde avec boulon en acier - Artestar\",\"isPartOf\":{\"@id\":\"https:\/\/www.artestar.eu\/fr\/#website\"},\"datePublished\":\"2023-06-08T01:57:16+00:00\",\"dateModified\":\"2023-10-20T05:01:30+00:00\",\"description\":\"Les tiges de boucles d\u2019oreilles boule en acier fonctionnent avec tous les types et styles de boucles d\u2019oreilles. Tels que les boucles d\u2019oreilles, les fils d\u2019oreille, etc.\",\"breadcrumb\":{\"@id\":\"https:\/\/www.artestar.eu\/fr\/de-gros\/boucle-doreille-ronde-avec-boulon-dacier\/#breadcrumb\"},\"inLanguage\":\"fr-FR\",\"potentialAction\":[{\"@type\":\"ReadAction\",\"target\":[\"https:\/\/www.artestar.eu\/fr\/de-gros\/boucle-doreille-ronde-avec-boulon-dacier\/\"]}]},{\"@type\":\"BreadcrumbList\",\"@id\":\"https:\/\/www.artestar.eu\/fr\/de-gros\/boucle-doreille-ronde-avec-boulon-dacier\/#breadcrumb\",\"itemListElement\":[{\"@type\":\"ListItem\",\"position\":1,\"name\":\"Artestar\",\"item\":\"https:\/\/www.artestar.eu\/fr\/\"},{\"@type\":\"ListItem\",\"position\":2,\"name\":\"De gros\",\"item\":\"https:\/\/www.artestar.eu\/fr\/de-gros\/\"},{\"@type\":\"ListItem\",\"position\":3,\"name\":\"Boucle d\u2019oreille ronde avec boulon en acier\"}]},{\"@type\":\"WebSite\",\"@id\":\"https:\/\/www.artestar.eu\/fr\/#website\",\"url\":\"https:\/\/www.artestar.eu\/fr\/\",\"name\":\"Artestar\",\"description\":\"Mayorista en abalorios y joyer\u00eda\",\"publisher\":{\"@id\":\"https:\/\/www.artestar.eu\/fr\/#organization\"},\"alternateName\":\"Artestar-EU\",\"potentialAction\":[{\"@type\":\"SearchAction\",\"target\":{\"@type\":\"EntryPoint\",\"urlTemplate\":\"https:\/\/www.artestar.eu\/fr\/?s={search_term_string}\"},\"query-input\":\"required name=search_term_string\"}],\"inLanguage\":\"fr-FR\"},{\"@type\":[\"Organization\",\"Place\"],\"@id\":\"https:\/\/www.artestar.eu\/fr\/#organization\",\"name\":\"RUBY ABALORIO S.L.\",\"alternateName\":\"Artestar\",\"url\":\"https:\/\/www.artestar.eu\/fr\/\",\"logo\":{\"@id\":\"https:\/\/www.artestar.eu\/fr\/de-gros\/boucle-doreille-ronde-avec-boulon-dacier\/#local-main-organization-logo\"},\"image\":{\"@id\":\"https:\/\/www.artestar.eu\/fr\/de-gros\/boucle-doreille-ronde-avec-boulon-dacier\/#local-main-organization-logo\"},\"sameAs\":[\"https:\/\/www.facebook.com\/ARTESTAREU\",\"https:\/\/www.instagram.com\/artestareu\/\",\"https:\/\/www.pinterest.es\/artestar_eu\/\",\"https:\/\/www.tiktok.com\/@artestar_wholesale\"],\"openingHoursSpecification\":[{\"@type\":\"OpeningHoursSpecification\",\"dayOfWeek\":[\"Monday\",\"Tuesday\",\"Wednesday\",\"Thursday\",\"Friday\",\"Saturday\",\"Sunday\"],\"opens\":\"09:00\",\"closes\":\"17:00\"}]},{\"@type\":\"ImageObject\",\"inLanguage\":\"fr-FR\",\"@id\":\"https:\/\/www.artestar.eu\/fr\/de-gros\/boucle-doreille-ronde-avec-boulon-dacier\/#local-main-organization-logo\",\"url\":\"https:\/\/www.artestar.eu\/wp-content\/uploads\/2023\/05\/cropped-png.png\",\"contentUrl\":\"https:\/\/www.artestar.eu\/wp-content\/uploads\/2023\/05\/cropped-png.png\",\"width\":512,\"height\":512,\"caption\":\"RUBY ABALORIO S.L.\"}]}<\/script>\n<meta property=\"og:availability\" content=\"instock\" \/>\n<meta property=\"product:availability\" content=\"instock\" \/>\n<meta property=\"product:retailer_item_id\" content=\"BXG0097-0099\" \/>\n<meta property=\"product:condition\" content=\"new\" \/>\n<!-- \/ Yoast SEO Premium plugin. -->","yoast_head_json":{"title":"Boucle d\u2019oreille ronde avec boulon en acier - Artestar","description":"Les tiges de boucles d\u2019oreilles boule en acier fonctionnent avec tous les types et styles de boucles d\u2019oreilles. Tels que les boucles d\u2019oreilles, les fils d\u2019oreille, etc.","robots":{"index":"index","follow":"follow","max-snippet":"max-snippet:-1","max-image-preview":"max-image-preview:large","max-video-preview":"max-video-preview:-1"},"canonical":"https:\/\/www.artestar.eu\/fr\/de-gros\/boucle-doreille-ronde-avec-boulon-dacier\/","og_locale":"fr_FR","og_type":"article","og_title":"Boucle d\u2019oreille ronde avec boulon en acier","og_description":"Les tiges de boucles d\u2019oreilles boule en acier fonctionnent avec tous les types et styles de boucles d\u2019oreilles. Tels que les boucles d\u2019oreilles, les fils d\u2019oreille, etc.","og_url":"https:\/\/www.artestar.eu\/fr\/de-gros\/boucle-doreille-ronde-avec-boulon-dacier\/","og_site_name":"Artestar","article_publisher":"https:\/\/www.facebook.com\/ARTESTAREU","article_modified_time":"2023-10-20T05:01:30+00:00","og_image":[{"width":600,"height":600,"url":"https:\/\/www.artestar.eu\/wp-content\/uploads\/2023\/06\/stainless-steel-earring-accessories-ball-post-stud-earring-silver.jpg","type":"image\/jpeg"}],"twitter_card":"summary_large_image","twitter_misc":{"Availability":"En stock"},"schema":{"@context":"https:\/\/schema.org","@graph":[{"@type":"WebPage","@id":"https:\/\/www.artestar.eu\/fr\/de-gros\/boucle-doreille-ronde-avec-boulon-dacier\/","url":"https:\/\/www.artestar.eu\/fr\/de-gros\/boucle-doreille-ronde-avec-boulon-dacier\/","name":"Boucle d\u2019oreille ronde avec boulon en acier - Artestar","isPartOf":{"@id":"https:\/\/www.artestar.eu\/fr\/#website"},"datePublished":"2023-06-08T01:57:16+00:00","dateModified":"2023-10-20T05:01:30+00:00","description":"Les tiges de boucles d\u2019oreilles boule en acier fonctionnent avec tous les types et styles de boucles d\u2019oreilles. Tels que les boucles d\u2019oreilles, les fils d\u2019oreille, etc.","breadcrumb":{"@id":"https:\/\/www.artestar.eu\/fr\/de-gros\/boucle-doreille-ronde-avec-boulon-dacier\/#breadcrumb"},"inLanguage":"fr-FR","potentialAction":[{"@type":"ReadAction","target":["https:\/\/www.artestar.eu\/fr\/de-gros\/boucle-doreille-ronde-avec-boulon-dacier\/"]}]},{"@type":"BreadcrumbList","@id":"https:\/\/www.artestar.eu\/fr\/de-gros\/boucle-doreille-ronde-avec-boulon-dacier\/#breadcrumb","itemListElement":[{"@type":"ListItem","position":1,"name":"Artestar","item":"https:\/\/www.artestar.eu\/fr\/"},{"@type":"ListItem","position":2,"name":"De gros","item":"https:\/\/www.artestar.eu\/fr\/de-gros\/"},{"@type":"ListItem","position":3,"name":"Boucle d\u2019oreille ronde avec boulon en acier"}]},{"@type":"WebSite","@id":"https:\/\/www.artestar.eu\/fr\/#website","url":"https:\/\/www.artestar.eu\/fr\/","name":"Artestar","description":"Mayorista en abalorios y joyer\u00eda","publisher":{"@id":"https:\/\/www.artestar.eu\/fr\/#organization"},"alternateName":"Artestar-EU","potentialAction":[{"@type":"SearchAction","target":{"@type":"EntryPoint","urlTemplate":"https:\/\/www.artestar.eu\/fr\/?s={search_term_string}"},"query-input":"required name=search_term_string"}],"inLanguage":"fr-FR"},{"@type":["Organization","Place"],"@id":"https:\/\/www.artestar.eu\/fr\/#organization","name":"RUBY ABALORIO S.L.","alternateName":"Artestar","url":"https:\/\/www.artestar.eu\/fr\/","logo":{"@id":"https:\/\/www.artestar.eu\/fr\/de-gros\/boucle-doreille-ronde-avec-boulon-dacier\/#local-main-organization-logo"},"image":{"@id":"https:\/\/www.artestar.eu\/fr\/de-gros\/boucle-doreille-ronde-avec-boulon-dacier\/#local-main-organization-logo"},"sameAs":["https:\/\/www.facebook.com\/ARTESTAREU","https:\/\/www.instagram.com\/artestareu\/","https:\/\/www.pinterest.es\/artestar_eu\/","https:\/\/www.tiktok.com\/@artestar_wholesale"],"openingHoursSpecification":[{"@type":"OpeningHoursSpecification","dayOfWeek":["Monday","Tuesday","Wednesday","Thursday","Friday","Saturday","Sunday"],"opens":"09:00","closes":"17:00"}]},{"@type":"ImageObject","inLanguage":"fr-FR","@id":"https:\/\/www.artestar.eu\/fr\/de-gros\/boucle-doreille-ronde-avec-boulon-dacier\/#local-main-organization-logo","url":"https:\/\/www.artestar.eu\/wp-content\/uploads\/2023\/05\/cropped-png.png","contentUrl":"https:\/\/www.artestar.eu\/wp-content\/uploads\/2023\/05\/cropped-png.png","width":512,"height":512,"caption":"RUBY ABALORIO S.L."}]},"og_availability":"instock","product_availability":"instock","product_retailer_item_id":"BXG0097-0099","product_condition":"new"},"tiered_pricing_type":"fixed","tiered_pricing_fixed_rules":[],"tiered_pricing_percentage_rules":[],"tiered_pricing_minimum":null,"_administrator_tiered_pricing_type":"fixed","_administrator_tiered_pricing_fixed_rules":[],"_editor_tiered_pricing_type":"fixed","_editor_tiered_pricing_fixed_rules":[],"_author_tiered_pricing_type":"fixed","_author_tiered_pricing_fixed_rules":[],"_contributor_tiered_pricing_type":"fixed","_contributor_tiered_pricing_fixed_rules":[],"_subscriber_tiered_pricing_type":"fixed","_subscriber_tiered_pricing_fixed_rules":[],"_wpseo_manager_tiered_pricing_type":"fixed","_wpseo_manager_tiered_pricing_fixed_rules":[],"_wpseo_editor_tiered_pricing_type":"fixed","_wpseo_editor_tiered_pricing_fixed_rules":[],"_customer_tiered_pricing_type":"fixed","_customer_tiered_pricing_fixed_rules":[],"_shop_manager_tiered_pricing_type":"fixed","_shop_manager_tiered_pricing_fixed_rules":[],"_product_manager_tiered_pricing_type":"fixed","_product_manager_tiered_pricing_fixed_rules":[],"_links":{"self":[{"href":"https:\/\/www.artestar.eu\/fr\/wp-json\/wp\/v2\/product\/30783"}],"collection":[{"href":"https:\/\/www.artestar.eu\/fr\/wp-json\/wp\/v2\/product"}],"about":[{"href":"https:\/\/www.artestar.eu\/fr\/wp-json\/wp\/v2\/types\/product"}],"replies":[{"embeddable":true,"href":"https:\/\/www.artestar.eu\/fr\/wp-json\/wp\/v2\/comments?post=30783"}],"version-history":[{"count":2,"href":"https:\/\/www.artestar.eu\/fr\/wp-json\/wp\/v2\/product\/30783\/revisions"}],"predecessor-version":[{"id":37006,"href":"https:\/\/www.artestar.eu\/fr\/wp-json\/wp\/v2\/product\/30783\/revisions\/37006"}],"wp:featuredmedia":[{"embeddable":true,"href":"https:\/\/www.artestar.eu\/fr\/wp-json\/wp\/v2\/media\/13748"}],"wp:attachment":[{"href":"https:\/\/www.artestar.eu\/fr\/wp-json\/wp\/v2\/media?parent=30783"}],"wp:term":[{"taxonomy":"product_cat","embeddable":true,"href":"https:\/\/www.artestar.eu\/fr\/wp-json\/wp\/v2\/product_cat?post=30783"},{"taxonomy":"product_tag","embeddable":true,"href":"https:\/\/www.artestar.eu\/fr\/wp-json\/wp\/v2\/product_tag?post=30783"}],"curies":[{"name":"wp","href":"https:\/\/api.w.org\/{rel}","templated":true}]}}