{"id":30855,"date":"2023-06-07T07:36:17","date_gmt":"2023-06-07T07:36:17","guid":{"rendered":"https:\/\/www.artestar.eu\/al-por-mayor\/pendiente-alfiler-cabeza-redonda-de-acero\/"},"modified":"2023-10-20T05:07:00","modified_gmt":"2023-10-20T05:07:00","slug":"boucle-doreille-a-tete-ronde-en-acier","status":"publish","type":"product","link":"https:\/\/www.artestar.eu\/fr\/de-gros\/boucle-doreille-a-tete-ronde-en-acier\/","title":{"rendered":"Boucle d\u2019oreille en acier \u00e0 t\u00eate ronde"},"content":{"rendered":"<p>Boucle d\u2019oreille en acier \u00e0 t\u00eate ronde<\/p>\n<ul>\n<li>Les goupilles \u00e0 rotule sont fabriqu\u00e9es en acier inoxydable de haute qualit\u00e9. Compar\u00e9 \u00e0 d\u2019autres alliages m\u00e9talliques, il offre une bonne stabilit\u00e9 et une bonne r\u00e9sistance \u00e0 la corrosion, une durabilit\u00e9 et une longue dur\u00e9e de vie. Et avec ses faibles co\u00fbts d\u2019entretien, il est id\u00e9al pour de nombreux mod\u00e8les de bijoux.<\/li>\n<li>Taille&nbsp;: Les broches \u00e0 rotule sont disponibles en 3 tailles, 30 mm (150 pi\u00e8ces), 40 mm (150 pi\u00e8ces) et 50 mm (150 pi\u00e8ces). Parce qu\u2019avec une large gamme de tailles parmi lesquelles choisir, vous pouvez s\u00e9lectionner celle qui convient le mieux \u00e0 votre fabrication de bijoux DIY.<\/li>\n<li>Les \u00e9pingles \u00e0 rotule sont faciles \u00e0 fabriquer, il suffit d\u2019ins\u00e9rer les perles, les strass et les cristaux appropri\u00e9s dans les \u00e9pingles \u00e0 bille, puis de concevoir et de cr\u00e9er diff\u00e9rents styles de bijoux \u00e0 votre go\u00fbt.<\/li>\n<li>Utilisez les balles pendant votre temps libre pour faire de l\u2019artisanat exquis pour votre famille et vos proches le jour de la Saint-Valentin, de la f\u00eate des m\u00e8res, des anniversaires, de Thanksgiving ou des anniversaires. Ils seront \u00e9tonn\u00e9s et adoreront.<\/li>\n<li>Les designs simples et \u00e9l\u00e9gants sont parfaits pour \u00eatre combin\u00e9s avec des pierres pr\u00e9cieuses et des perles pour cr\u00e9er une vari\u00e9t\u00e9 de beaux bijoux. Si vous apportez ces jolis accessoires \u00e0 vos amis, ils seront un excellent compl\u00e9ment \u00e0 vos sorties.<\/li>\n<\/ul>\n<p><img decoding=\"async\" class=\"alignnone size-full wp-image-5565\" src=\"https:\/\/www.artestar.eu%E2%80%8B%E2%80%8B%E2%80%8B%E2%80%8B\/wp-content\/uploads\/2023\/06\/stainless-steel-accessories-ball-head-pins-mixed-color-2.jpg\" alt=\"Goupilles \u00e0 rotule en acier\" width=\"600\" height=\"600\" srcset=\"https:\/\/www.artestar.eu\/wp-content\/uploads\/2023\/06\/stainless-steel-accessories-ball-head-pins-mixed-color-2.jpg 600w, https:\/\/www.artestar.eu\/wp-content\/uploads\/2023\/06\/stainless-steel-accessories-ball-head-pins-mixed-color-2-300x300.jpg 300w, https:\/\/www.artestar.eu\/wp-content\/uploads\/2023\/06\/stainless-steel-accessories-ball-head-pins-mixed-color-2-150x150.jpg 150w, https:\/\/www.artestar.eu\/wp-content\/uploads\/2023\/06\/stainless-steel-accessories-ball-head-pins-mixed-color-2-450x450.jpg 450w, https:\/\/www.artestar.eu\/wp-content\/uploads\/2023\/06\/stainless-steel-accessories-ball-head-pins-mixed-color-2-54x54.jpg 54w\" sizes=\"(max-width: 600px) 100vw, 600px\" \/><\/p>\n<h5>Boucle d\u2019oreille en acier \u00e0 t\u00eate ronde<\/h5>\n<ul>\n<li>Parce que nos raccords en acier inoxydable sont disponibles en deux couleurs, or et argent. Chacun est disponible dans une vari\u00e9t\u00e9 de tailles, en grandes quantit\u00e9s et de taille uniforme, vous donnant la libert\u00e9 de cr\u00e9er votre accessoire de bijou fantaisie pr\u00e9f\u00e9r\u00e9.<\/li>\n<li>L\u2019acier inoxydable avec une finition dor\u00e9e et argent\u00e9e compl\u00e8te le reste des accessoires de bijouterie. Les rotules ont une surface lisse et arrondie et sont faciles \u00e0 plier ou \u00e0 redresser.<\/li>\n<li>Parce qu\u2019ensuite, il vous suffit de glisser les perles sur ces \u00e9pingles \u00e0 rotule pour qu\u2019elles reposent sur l\u2019extr\u00e9mit\u00e9 des \u00e9pingles. Ensuite, pliez l\u2019autre extr\u00e9mit\u00e9 de l\u2019\u00e9pingle en une boucle et attachez-la au fil d\u00e9coratif.<\/li>\n<\/ul>\n","protected":false},"excerpt":{"rendered":"<p><img decoding=\"async\" class=\"alignnone size-full wp-image-8897\" src=\"https:\/\/www.artestar.eu%E2%80%8B%E2%80%8B%E2%80%8B%E2%80%8B\/wp-content\/uploads\/2023\/06\/ball-head-pins-silver-size.jpg\" alt=\"Boucle d\u2019oreille \u00e9pingle \u00e0 t\u00eate ronde\" width=\"1000\" height=\"180\" srcset=\"https:\/\/www.artestar.eu\/wp-content\/uploads\/2023\/06\/ball-head-pins-silver-size.jpg 1000w, https:\/\/www.artestar.eu\/wp-content\/uploads\/2023\/06\/ball-head-pins-silver-size-300x54.jpg 300w, https:\/\/www.artestar.eu\/wp-content\/uploads\/2023\/06\/ball-head-pins-silver-size-768x138.jpg 768w, https:\/\/www.artestar.eu\/wp-content\/uploads\/2023\/06\/ball-head-pins-silver-size-600x108.jpg 600w, https:\/\/www.artestar.eu\/wp-content\/uploads\/2023\/06\/ball-head-pins-silver-size-90x16.jpg 90w\" sizes=\"(max-width: 1000px) 100vw, 1000px\" \/><\/p>\n<ul>\n<li>Mat\u00e9riau : Acier inoxydable<\/li>\n<li>Veuillez vous r\u00e9f\u00e9rer \u00e0 l\u2019image du produit pour la taille et la quantit\u00e9 d\u00e9taill\u00e9es.<\/li>\n<li>Les \u00e9pingles \u00e0 rotule dor\u00e9es peuvent \u00eatre associ\u00e9es \u00e0 des pierres pr\u00e9cieuses, des perles et plus encore pour cr\u00e9er une vari\u00e9t\u00e9 de beaux bijoux.<\/li>\n<\/ul>\n","protected":false},"featured_media":13693,"comment_status":"open","ping_status":"closed","template":"","meta":[],"product_cat":[1666,1665],"product_tag":[],"yoast_head":"<!-- This site is optimized with the Yoast SEO Premium plugin v20.5 (Yoast SEO v21.5) - https:\/\/yoast.com\/wordpress\/plugins\/seo\/ -->\n<title>Boucle d\u2019oreille \u00e0 t\u00eate ronde en acier - Artestar<\/title>\n<meta name=\"description\" content=\"Les \u00e9pingles \u00e0 rotule en acier peuvent \u00eatre combin\u00e9es avec des pierres pr\u00e9cieuses, des perles et plus encore pour cr\u00e9er une vari\u00e9t\u00e9 de beaux bijoux.\" \/>\n<meta name=\"robots\" content=\"index, follow, max-snippet:-1, max-image-preview:large, max-video-preview:-1\" \/>\n<link rel=\"canonical\" href=\"https:\/\/www.artestar.eu\/fr\/de-gros\/boucle-doreille-a-tete-ronde-en-acier\/\" \/>\n<meta property=\"og:locale\" content=\"fr_FR\" \/>\n<meta property=\"og:type\" content=\"article\" \/>\n<meta property=\"og:title\" content=\"Boucle d\u2019oreille en acier \u00e0 t\u00eate ronde\" \/>\n<meta property=\"og:description\" content=\"Les \u00e9pingles \u00e0 rotule en acier peuvent \u00eatre combin\u00e9es avec des pierres pr\u00e9cieuses, des perles et plus encore pour cr\u00e9er une vari\u00e9t\u00e9 de beaux bijoux.\" \/>\n<meta property=\"og:url\" content=\"https:\/\/www.artestar.eu\/fr\/de-gros\/boucle-doreille-a-tete-ronde-en-acier\/\" \/>\n<meta property=\"og:site_name\" content=\"Artestar\" \/>\n<meta property=\"article:publisher\" content=\"https:\/\/www.facebook.com\/ARTESTAREU\" \/>\n<meta property=\"article:modified_time\" content=\"2023-10-20T05:07:00+00:00\" \/>\n<meta property=\"og:image\" content=\"https:\/\/www.artestar.eu\/wp-content\/uploads\/2023\/06\/stainless-steel-accessories-ball-head-pins-silver.jpg\" \/>\n\t<meta property=\"og:image:width\" content=\"600\" \/>\n\t<meta property=\"og:image:height\" content=\"600\" \/>\n\t<meta property=\"og:image:type\" content=\"image\/jpeg\" \/>\n<meta name=\"twitter:card\" content=\"summary_large_image\" \/>\n<meta name=\"twitter:label1\" content=\"Availability\" \/>\n\t<meta name=\"twitter:data1\" content=\"En stock\" \/>\n<script type=\"application\/ld+json\" class=\"yoast-schema-graph\">{\"@context\":\"https:\/\/schema.org\",\"@graph\":[{\"@type\":\"WebPage\",\"@id\":\"https:\/\/www.artestar.eu\/fr\/de-gros\/boucle-doreille-a-tete-ronde-en-acier\/\",\"url\":\"https:\/\/www.artestar.eu\/fr\/de-gros\/boucle-doreille-a-tete-ronde-en-acier\/\",\"name\":\"Boucle d\u2019oreille \u00e0 t\u00eate ronde en acier - Artestar\",\"isPartOf\":{\"@id\":\"https:\/\/www.artestar.eu\/fr\/#website\"},\"datePublished\":\"2023-06-07T07:36:17+00:00\",\"dateModified\":\"2023-10-20T05:07:00+00:00\",\"description\":\"Les \u00e9pingles \u00e0 rotule en acier peuvent \u00eatre combin\u00e9es avec des pierres pr\u00e9cieuses, des perles et plus encore pour cr\u00e9er une vari\u00e9t\u00e9 de beaux bijoux.\",\"breadcrumb\":{\"@id\":\"https:\/\/www.artestar.eu\/fr\/de-gros\/boucle-doreille-a-tete-ronde-en-acier\/#breadcrumb\"},\"inLanguage\":\"fr-FR\",\"potentialAction\":[{\"@type\":\"ReadAction\",\"target\":[\"https:\/\/www.artestar.eu\/fr\/de-gros\/boucle-doreille-a-tete-ronde-en-acier\/\"]}]},{\"@type\":\"BreadcrumbList\",\"@id\":\"https:\/\/www.artestar.eu\/fr\/de-gros\/boucle-doreille-a-tete-ronde-en-acier\/#breadcrumb\",\"itemListElement\":[{\"@type\":\"ListItem\",\"position\":1,\"name\":\"Artestar\",\"item\":\"https:\/\/www.artestar.eu\/fr\/\"},{\"@type\":\"ListItem\",\"position\":2,\"name\":\"De gros\",\"item\":\"https:\/\/www.artestar.eu\/fr\/de-gros\/\"},{\"@type\":\"ListItem\",\"position\":3,\"name\":\"Boucle d\u2019oreille en acier \u00e0 t\u00eate ronde\"}]},{\"@type\":\"WebSite\",\"@id\":\"https:\/\/www.artestar.eu\/fr\/#website\",\"url\":\"https:\/\/www.artestar.eu\/fr\/\",\"name\":\"Artestar\",\"description\":\"Mayorista en abalorios y joyer\u00eda\",\"publisher\":{\"@id\":\"https:\/\/www.artestar.eu\/fr\/#organization\"},\"alternateName\":\"Artestar-EU\",\"potentialAction\":[{\"@type\":\"SearchAction\",\"target\":{\"@type\":\"EntryPoint\",\"urlTemplate\":\"https:\/\/www.artestar.eu\/fr\/?s={search_term_string}\"},\"query-input\":\"required name=search_term_string\"}],\"inLanguage\":\"fr-FR\"},{\"@type\":[\"Organization\",\"Place\"],\"@id\":\"https:\/\/www.artestar.eu\/fr\/#organization\",\"name\":\"RUBY ABALORIO S.L.\",\"alternateName\":\"Artestar\",\"url\":\"https:\/\/www.artestar.eu\/fr\/\",\"logo\":{\"@id\":\"https:\/\/www.artestar.eu\/fr\/de-gros\/boucle-doreille-a-tete-ronde-en-acier\/#local-main-organization-logo\"},\"image\":{\"@id\":\"https:\/\/www.artestar.eu\/fr\/de-gros\/boucle-doreille-a-tete-ronde-en-acier\/#local-main-organization-logo\"},\"sameAs\":[\"https:\/\/www.facebook.com\/ARTESTAREU\",\"https:\/\/www.instagram.com\/artestareu\/\",\"https:\/\/www.pinterest.es\/artestar_eu\/\",\"https:\/\/www.tiktok.com\/@artestar_wholesale\"],\"openingHoursSpecification\":[{\"@type\":\"OpeningHoursSpecification\",\"dayOfWeek\":[\"Monday\",\"Tuesday\",\"Wednesday\",\"Thursday\",\"Friday\",\"Saturday\",\"Sunday\"],\"opens\":\"09:00\",\"closes\":\"17:00\"}]},{\"@type\":\"ImageObject\",\"inLanguage\":\"fr-FR\",\"@id\":\"https:\/\/www.artestar.eu\/fr\/de-gros\/boucle-doreille-a-tete-ronde-en-acier\/#local-main-organization-logo\",\"url\":\"https:\/\/www.artestar.eu\/wp-content\/uploads\/2023\/05\/cropped-png.png\",\"contentUrl\":\"https:\/\/www.artestar.eu\/wp-content\/uploads\/2023\/05\/cropped-png.png\",\"width\":512,\"height\":512,\"caption\":\"RUBY ABALORIO S.L.\"}]}<\/script>\n<meta property=\"og:availability\" content=\"instock\" \/>\n<meta property=\"product:availability\" content=\"instock\" \/>\n<meta property=\"product:retailer_item_id\" content=\"BXG0091-0093\" \/>\n<meta property=\"product:condition\" content=\"new\" \/>\n<!-- \/ Yoast SEO Premium plugin. -->","yoast_head_json":{"title":"Boucle d\u2019oreille \u00e0 t\u00eate ronde en acier - Artestar","description":"Les \u00e9pingles \u00e0 rotule en acier peuvent \u00eatre combin\u00e9es avec des pierres pr\u00e9cieuses, des perles et plus encore pour cr\u00e9er une vari\u00e9t\u00e9 de beaux bijoux.","robots":{"index":"index","follow":"follow","max-snippet":"max-snippet:-1","max-image-preview":"max-image-preview:large","max-video-preview":"max-video-preview:-1"},"canonical":"https:\/\/www.artestar.eu\/fr\/de-gros\/boucle-doreille-a-tete-ronde-en-acier\/","og_locale":"fr_FR","og_type":"article","og_title":"Boucle d\u2019oreille en acier \u00e0 t\u00eate ronde","og_description":"Les \u00e9pingles \u00e0 rotule en acier peuvent \u00eatre combin\u00e9es avec des pierres pr\u00e9cieuses, des perles et plus encore pour cr\u00e9er une vari\u00e9t\u00e9 de beaux bijoux.","og_url":"https:\/\/www.artestar.eu\/fr\/de-gros\/boucle-doreille-a-tete-ronde-en-acier\/","og_site_name":"Artestar","article_publisher":"https:\/\/www.facebook.com\/ARTESTAREU","article_modified_time":"2023-10-20T05:07:00+00:00","og_image":[{"width":600,"height":600,"url":"https:\/\/www.artestar.eu\/wp-content\/uploads\/2023\/06\/stainless-steel-accessories-ball-head-pins-silver.jpg","type":"image\/jpeg"}],"twitter_card":"summary_large_image","twitter_misc":{"Availability":"En stock"},"schema":{"@context":"https:\/\/schema.org","@graph":[{"@type":"WebPage","@id":"https:\/\/www.artestar.eu\/fr\/de-gros\/boucle-doreille-a-tete-ronde-en-acier\/","url":"https:\/\/www.artestar.eu\/fr\/de-gros\/boucle-doreille-a-tete-ronde-en-acier\/","name":"Boucle d\u2019oreille \u00e0 t\u00eate ronde en acier - Artestar","isPartOf":{"@id":"https:\/\/www.artestar.eu\/fr\/#website"},"datePublished":"2023-06-07T07:36:17+00:00","dateModified":"2023-10-20T05:07:00+00:00","description":"Les \u00e9pingles \u00e0 rotule en acier peuvent \u00eatre combin\u00e9es avec des pierres pr\u00e9cieuses, des perles et plus encore pour cr\u00e9er une vari\u00e9t\u00e9 de beaux bijoux.","breadcrumb":{"@id":"https:\/\/www.artestar.eu\/fr\/de-gros\/boucle-doreille-a-tete-ronde-en-acier\/#breadcrumb"},"inLanguage":"fr-FR","potentialAction":[{"@type":"ReadAction","target":["https:\/\/www.artestar.eu\/fr\/de-gros\/boucle-doreille-a-tete-ronde-en-acier\/"]}]},{"@type":"BreadcrumbList","@id":"https:\/\/www.artestar.eu\/fr\/de-gros\/boucle-doreille-a-tete-ronde-en-acier\/#breadcrumb","itemListElement":[{"@type":"ListItem","position":1,"name":"Artestar","item":"https:\/\/www.artestar.eu\/fr\/"},{"@type":"ListItem","position":2,"name":"De gros","item":"https:\/\/www.artestar.eu\/fr\/de-gros\/"},{"@type":"ListItem","position":3,"name":"Boucle d\u2019oreille en acier \u00e0 t\u00eate ronde"}]},{"@type":"WebSite","@id":"https:\/\/www.artestar.eu\/fr\/#website","url":"https:\/\/www.artestar.eu\/fr\/","name":"Artestar","description":"Mayorista en abalorios y joyer\u00eda","publisher":{"@id":"https:\/\/www.artestar.eu\/fr\/#organization"},"alternateName":"Artestar-EU","potentialAction":[{"@type":"SearchAction","target":{"@type":"EntryPoint","urlTemplate":"https:\/\/www.artestar.eu\/fr\/?s={search_term_string}"},"query-input":"required name=search_term_string"}],"inLanguage":"fr-FR"},{"@type":["Organization","Place"],"@id":"https:\/\/www.artestar.eu\/fr\/#organization","name":"RUBY ABALORIO S.L.","alternateName":"Artestar","url":"https:\/\/www.artestar.eu\/fr\/","logo":{"@id":"https:\/\/www.artestar.eu\/fr\/de-gros\/boucle-doreille-a-tete-ronde-en-acier\/#local-main-organization-logo"},"image":{"@id":"https:\/\/www.artestar.eu\/fr\/de-gros\/boucle-doreille-a-tete-ronde-en-acier\/#local-main-organization-logo"},"sameAs":["https:\/\/www.facebook.com\/ARTESTAREU","https:\/\/www.instagram.com\/artestareu\/","https:\/\/www.pinterest.es\/artestar_eu\/","https:\/\/www.tiktok.com\/@artestar_wholesale"],"openingHoursSpecification":[{"@type":"OpeningHoursSpecification","dayOfWeek":["Monday","Tuesday","Wednesday","Thursday","Friday","Saturday","Sunday"],"opens":"09:00","closes":"17:00"}]},{"@type":"ImageObject","inLanguage":"fr-FR","@id":"https:\/\/www.artestar.eu\/fr\/de-gros\/boucle-doreille-a-tete-ronde-en-acier\/#local-main-organization-logo","url":"https:\/\/www.artestar.eu\/wp-content\/uploads\/2023\/05\/cropped-png.png","contentUrl":"https:\/\/www.artestar.eu\/wp-content\/uploads\/2023\/05\/cropped-png.png","width":512,"height":512,"caption":"RUBY ABALORIO S.L."}]},"og_availability":"instock","product_availability":"instock","product_retailer_item_id":"BXG0091-0093","product_condition":"new"},"tiered_pricing_type":"fixed","tiered_pricing_fixed_rules":[],"tiered_pricing_percentage_rules":[],"tiered_pricing_minimum":null,"_administrator_tiered_pricing_type":"fixed","_administrator_tiered_pricing_fixed_rules":[],"_editor_tiered_pricing_type":"fixed","_editor_tiered_pricing_fixed_rules":[],"_author_tiered_pricing_type":"fixed","_author_tiered_pricing_fixed_rules":[],"_contributor_tiered_pricing_type":"fixed","_contributor_tiered_pricing_fixed_rules":[],"_subscriber_tiered_pricing_type":"fixed","_subscriber_tiered_pricing_fixed_rules":[],"_wpseo_manager_tiered_pricing_type":"fixed","_wpseo_manager_tiered_pricing_fixed_rules":[],"_wpseo_editor_tiered_pricing_type":"fixed","_wpseo_editor_tiered_pricing_fixed_rules":[],"_customer_tiered_pricing_type":"fixed","_customer_tiered_pricing_fixed_rules":[],"_shop_manager_tiered_pricing_type":"fixed","_shop_manager_tiered_pricing_fixed_rules":[],"_product_manager_tiered_pricing_type":"fixed","_product_manager_tiered_pricing_fixed_rules":[],"_links":{"self":[{"href":"https:\/\/www.artestar.eu\/fr\/wp-json\/wp\/v2\/product\/30855"}],"collection":[{"href":"https:\/\/www.artestar.eu\/fr\/wp-json\/wp\/v2\/product"}],"about":[{"href":"https:\/\/www.artestar.eu\/fr\/wp-json\/wp\/v2\/types\/product"}],"replies":[{"embeddable":true,"href":"https:\/\/www.artestar.eu\/fr\/wp-json\/wp\/v2\/comments?post=30855"}],"version-history":[{"count":2,"href":"https:\/\/www.artestar.eu\/fr\/wp-json\/wp\/v2\/product\/30855\/revisions"}],"predecessor-version":[{"id":37016,"href":"https:\/\/www.artestar.eu\/fr\/wp-json\/wp\/v2\/product\/30855\/revisions\/37016"}],"wp:featuredmedia":[{"embeddable":true,"href":"https:\/\/www.artestar.eu\/fr\/wp-json\/wp\/v2\/media\/13693"}],"wp:attachment":[{"href":"https:\/\/www.artestar.eu\/fr\/wp-json\/wp\/v2\/media?parent=30855"}],"wp:term":[{"taxonomy":"product_cat","embeddable":true,"href":"https:\/\/www.artestar.eu\/fr\/wp-json\/wp\/v2\/product_cat?post=30855"},{"taxonomy":"product_tag","embeddable":true,"href":"https:\/\/www.artestar.eu\/fr\/wp-json\/wp\/v2\/product_tag?post=30855"}],"curies":[{"name":"wp","href":"https:\/\/api.w.org\/{rel}","templated":true}]}}