{"id":31112,"date":"2023-06-07T03:33:31","date_gmt":"2023-06-07T03:33:31","guid":{"rendered":"https:\/\/www.artestar.eu\/al-por-mayor\/pendientes-alfiler-plano-abierto-color-dorado\/"},"modified":"2023-10-20T05:18:03","modified_gmt":"2023-10-20T05:18:03","slug":"boucles-doreilles-epingle-plat-ouvert-couleur-or","status":"publish","type":"product","link":"https:\/\/www.artestar.eu\/fr\/de-gros\/boucles-doreilles-epingle-plat-ouvert-couleur-or\/","title":{"rendered":"Boucles d\u2019oreilles \u00e9pingles plates ouvertes en or"},"content":{"rendered":"<p>Boucles d\u2019oreilles plates ouvertes en or : Les \u00e9pingles sont disponibles en 3 tailles, 30 mm (80 pi\u00e8ces), 40 mm (55 pi\u00e8ces), 50 mm (46 pi\u00e8ces) ; Trou : 3 mm.<\/p>\n<ul>\n<li>Les goupilles \u00e0 \u0153il ouvert sont fabriqu\u00e9es en acier inoxydable de haute qualit\u00e9. Compar\u00e9 \u00e0 d\u2019autres alliages m\u00e9talliques, il a une bonne stabilit\u00e9 et une bonne r\u00e9sistance \u00e0 la corrosion, durable. Et avec de faibles co\u00fbts d\u2019entretien, ils sont id\u00e9aux pour de nombreux mod\u00e8les de bijoux.<\/li>\n<li>Ces \u00e9pingles ont un design minimaliste. Ce sont des sections de fil avec un simple trou en forme de boucle \u00e0 une extr\u00e9mit\u00e9 et une boucle en haut pour faciliter le placement de pendentifs ou d\u2019ornements.<\/li>\n<li>Les \u00e9pingles sont polyvalentes et peuvent \u00eatre utilis\u00e9es pour l\u2019artisanat et les bijoux fantaisie, tels que les boucles d\u2019oreilles, les bracelets, les colliers et les broches de perles.<\/li>\n<li>Pendant votre temps libre, utilisez les \u00e9pinglettes pour faire de l\u2019artisanat d\u00e9licat pour votre famille et vos proches pour la Saint-Valentin, la f\u00eate des m\u00e8res, les mariages, les anniversaires, Thanksgiving ou les anniversaires. Ils seront surpris et aim\u00e9s.<\/li>\n<\/ul>\n<p><img decoding=\"async\" class=\"alignnone size-full wp-image-5528\" src=\"https:\/\/www.artestar.eu%E2%80%8B%E2%80%8B%E2%80%8B%E2%80%8B\/wp-content\/uploads\/2023\/06\/stainless-steel-open-eye-pins-gold-para-creaciones-de-joyeria-DIY-01.jpg\" alt=\"\u00c9pingles \u00e0 \u0153il ouvert dor\u00e9es\" width=\"600\" height=\"600\" srcset=\"https:\/\/www.artestar.eu\/wp-content\/uploads\/2023\/06\/stainless-steel-open-eye-pins-gold-para-creaciones-de-joyeria-DIY-01.jpg 600w, https:\/\/www.artestar.eu\/wp-content\/uploads\/2023\/06\/stainless-steel-open-eye-pins-gold-para-creaciones-de-joyeria-DIY-01-300x300.jpg 300w, https:\/\/www.artestar.eu\/wp-content\/uploads\/2023\/06\/stainless-steel-open-eye-pins-gold-para-creaciones-de-joyeria-DIY-01-150x150.jpg 150w, https:\/\/www.artestar.eu\/wp-content\/uploads\/2023\/06\/stainless-steel-open-eye-pins-gold-para-creaciones-de-joyeria-DIY-01-450x450.jpg 450w, https:\/\/www.artestar.eu\/wp-content\/uploads\/2023\/06\/stainless-steel-open-eye-pins-gold-para-creaciones-de-joyeria-DIY-01-54x54.jpg 54w\" sizes=\"(max-width: 600px) 100vw, 600px\" \/><\/p>\n<h3>Boucles d\u2019oreilles \u00e9pingles plates ouvertes en or<\/h3>\n<ul>\n<li>Parce que nos \u00e9pingles \u00e0 \u0153il ouvert sont disponibles en deux couleurs, chacune dans une vari\u00e9t\u00e9 de tailles. Avec suffisamment de quantit\u00e9 et m\u00eame de tailles pour cr\u00e9er librement votre accessoire de bijoux fantaisie pr\u00e9f\u00e9r\u00e9.<\/li>\n<li>Une fois que l\u2019\u00e9pingle a \u00e9t\u00e9 enfil\u00e9e avec le cordon ou le pendentif. Votre \u0153il peut \u00eatre utilis\u00e9 pour l\u2019attacher \u00e0 d\u2019autres composants de bijoux et pour \u00e9taler l\u2019exc\u00e9dent de fil. Parce qu\u2019avec ces \u00e9pingles, vous pourrez facilement cr\u00e9er vos cr\u00e9ations de bijoux fantaisie.<\/li>\n<li>Des designs simples et des couleurs \u00e9l\u00e9gantes conviennent \u00e0 l\u2019association avec des pierres pr\u00e9cieuses. Perles et autres \u00e9l\u00e9ments pour cr\u00e9er une large gamme de beaux bijoux.<\/li>\n<\/ul>\n","protected":false},"excerpt":{"rendered":"<p><img decoding=\"async\" class=\"alignnone size-full wp-image-8706\" src=\"https:\/\/www.artestar.eu%E2%80%8B%E2%80%8B%E2%80%8B%E2%80%8B\/wp-content\/uploads\/2023\/06\/stainless-steel-open-eye-pins-gold-size.jpg\" alt=\"Boucles d\u2019oreilles plates ouvertes\" width=\"1000\" height=\"180\" srcset=\"https:\/\/www.artestar.eu\/wp-content\/uploads\/2023\/06\/stainless-steel-open-eye-pins-gold-size.jpg 1000w, https:\/\/www.artestar.eu\/wp-content\/uploads\/2023\/06\/stainless-steel-open-eye-pins-gold-size-300x54.jpg 300w, https:\/\/www.artestar.eu\/wp-content\/uploads\/2023\/06\/stainless-steel-open-eye-pins-gold-size-768x138.jpg 768w, https:\/\/www.artestar.eu\/wp-content\/uploads\/2023\/06\/stainless-steel-open-eye-pins-gold-size-600x108.jpg 600w, https:\/\/www.artestar.eu\/wp-content\/uploads\/2023\/06\/stainless-steel-open-eye-pins-gold-size-90x16.jpg 90w\" sizes=\"(max-width: 1000px) 100vw, 1000px\" \/><\/p>\n<ul>\n<li>Mat\u00e9riau : Acier inoxydable<\/li>\n<li>Veuillez vous r\u00e9f\u00e9rer \u00e0 l\u2019image du produit pour la taille et la quantit\u00e9 d\u00e9taill\u00e9es.<\/li>\n<li>En g\u00e9n\u00e9ral, vous pouvez fabriquer des accessoires tels que des boucles d\u2019oreilles et des colliers ; Ils peuvent \u00e9galement \u00eatre port\u00e9s avec des perles et des rubans pour cr\u00e9er des couches et montrer leur cr\u00e9ativit\u00e9 et leur individualit\u00e9.<\/li>\n<\/ul>\n","protected":false},"featured_media":13598,"comment_status":"open","ping_status":"closed","template":"","meta":[],"product_cat":[1666,1665],"product_tag":[],"yoast_head":"<!-- This site is optimized with the Yoast SEO Premium plugin v20.5 (Yoast SEO v21.5) - https:\/\/yoast.com\/wordpress\/plugins\/seo\/ -->\n<title>Boucles d\u2019oreilles \u00e9pingles plates or - Artestar<\/title>\n<meta name=\"description\" content=\"Les \u00e9pingles \u00e0 \u0153il ouvert de couleur or peuvent \u00eatre combin\u00e9es avec des pierres pr\u00e9cieuses, des perles et d\u2019autres articles pour cr\u00e9er une vari\u00e9t\u00e9 de bijoux exquis.\" \/>\n<meta name=\"robots\" content=\"index, follow, max-snippet:-1, max-image-preview:large, max-video-preview:-1\" \/>\n<link rel=\"canonical\" href=\"https:\/\/www.artestar.eu\/fr\/de-gros\/boucles-doreilles-epingle-plat-ouvert-couleur-or\/\" \/>\n<meta property=\"og:locale\" content=\"fr_FR\" \/>\n<meta property=\"og:type\" content=\"article\" \/>\n<meta property=\"og:title\" content=\"Boucles d\u2019oreilles \u00e9pingles plates ouvertes en or\" \/>\n<meta property=\"og:description\" content=\"Les \u00e9pingles \u00e0 \u0153il ouvert de couleur or peuvent \u00eatre combin\u00e9es avec des pierres pr\u00e9cieuses, des perles et d\u2019autres articles pour cr\u00e9er une vari\u00e9t\u00e9 de bijoux exquis.\" \/>\n<meta property=\"og:url\" content=\"https:\/\/www.artestar.eu\/fr\/de-gros\/boucles-doreilles-epingle-plat-ouvert-couleur-or\/\" \/>\n<meta property=\"og:site_name\" content=\"Artestar\" \/>\n<meta property=\"article:publisher\" content=\"https:\/\/www.facebook.com\/ARTESTAREU\" \/>\n<meta property=\"article:modified_time\" content=\"2023-10-20T05:18:03+00:00\" \/>\n<meta property=\"og:image\" content=\"https:\/\/www.artestar.eu\/wp-content\/uploads\/2023\/06\/stainless-steel-open-eye-pins-gold-para-creaciones-de-joyeria-DIY.jpg\" \/>\n\t<meta property=\"og:image:width\" content=\"600\" \/>\n\t<meta property=\"og:image:height\" content=\"600\" \/>\n\t<meta property=\"og:image:type\" content=\"image\/jpeg\" \/>\n<meta name=\"twitter:card\" content=\"summary_large_image\" \/>\n<meta name=\"twitter:label1\" content=\"Availability\" \/>\n\t<meta name=\"twitter:data1\" content=\"En stock\" \/>\n<script type=\"application\/ld+json\" class=\"yoast-schema-graph\">{\"@context\":\"https:\/\/schema.org\",\"@graph\":[{\"@type\":\"WebPage\",\"@id\":\"https:\/\/www.artestar.eu\/fr\/de-gros\/boucles-doreilles-epingle-plat-ouvert-couleur-or\/\",\"url\":\"https:\/\/www.artestar.eu\/fr\/de-gros\/boucles-doreilles-epingle-plat-ouvert-couleur-or\/\",\"name\":\"Boucles d\u2019oreilles \u00e9pingles plates or - Artestar\",\"isPartOf\":{\"@id\":\"https:\/\/www.artestar.eu\/fr\/#website\"},\"datePublished\":\"2023-06-07T03:33:31+00:00\",\"dateModified\":\"2023-10-20T05:18:03+00:00\",\"description\":\"Les \u00e9pingles \u00e0 \u0153il ouvert de couleur or peuvent \u00eatre combin\u00e9es avec des pierres pr\u00e9cieuses, des perles et d\u2019autres articles pour cr\u00e9er une vari\u00e9t\u00e9 de bijoux exquis.\",\"breadcrumb\":{\"@id\":\"https:\/\/www.artestar.eu\/fr\/de-gros\/boucles-doreilles-epingle-plat-ouvert-couleur-or\/#breadcrumb\"},\"inLanguage\":\"fr-FR\",\"potentialAction\":[{\"@type\":\"ReadAction\",\"target\":[\"https:\/\/www.artestar.eu\/fr\/de-gros\/boucles-doreilles-epingle-plat-ouvert-couleur-or\/\"]}]},{\"@type\":\"BreadcrumbList\",\"@id\":\"https:\/\/www.artestar.eu\/fr\/de-gros\/boucles-doreilles-epingle-plat-ouvert-couleur-or\/#breadcrumb\",\"itemListElement\":[{\"@type\":\"ListItem\",\"position\":1,\"name\":\"Artestar\",\"item\":\"https:\/\/www.artestar.eu\/fr\/\"},{\"@type\":\"ListItem\",\"position\":2,\"name\":\"De gros\",\"item\":\"https:\/\/www.artestar.eu\/fr\/de-gros\/\"},{\"@type\":\"ListItem\",\"position\":3,\"name\":\"Boucles d\u2019oreilles \u00e9pingles plates ouvertes en or\"}]},{\"@type\":\"WebSite\",\"@id\":\"https:\/\/www.artestar.eu\/fr\/#website\",\"url\":\"https:\/\/www.artestar.eu\/fr\/\",\"name\":\"Artestar\",\"description\":\"Mayorista en abalorios y joyer\u00eda\",\"publisher\":{\"@id\":\"https:\/\/www.artestar.eu\/fr\/#organization\"},\"alternateName\":\"Artestar-EU\",\"potentialAction\":[{\"@type\":\"SearchAction\",\"target\":{\"@type\":\"EntryPoint\",\"urlTemplate\":\"https:\/\/www.artestar.eu\/fr\/?s={search_term_string}\"},\"query-input\":\"required name=search_term_string\"}],\"inLanguage\":\"fr-FR\"},{\"@type\":[\"Organization\",\"Place\"],\"@id\":\"https:\/\/www.artestar.eu\/fr\/#organization\",\"name\":\"RUBY ABALORIO S.L.\",\"alternateName\":\"Artestar\",\"url\":\"https:\/\/www.artestar.eu\/fr\/\",\"logo\":{\"@id\":\"https:\/\/www.artestar.eu\/fr\/de-gros\/boucles-doreilles-epingle-plat-ouvert-couleur-or\/#local-main-organization-logo\"},\"image\":{\"@id\":\"https:\/\/www.artestar.eu\/fr\/de-gros\/boucles-doreilles-epingle-plat-ouvert-couleur-or\/#local-main-organization-logo\"},\"sameAs\":[\"https:\/\/www.facebook.com\/ARTESTAREU\",\"https:\/\/www.instagram.com\/artestareu\/\",\"https:\/\/www.pinterest.es\/artestar_eu\/\",\"https:\/\/www.tiktok.com\/@artestar_wholesale\"],\"openingHoursSpecification\":[{\"@type\":\"OpeningHoursSpecification\",\"dayOfWeek\":[\"Monday\",\"Tuesday\",\"Wednesday\",\"Thursday\",\"Friday\",\"Saturday\",\"Sunday\"],\"opens\":\"09:00\",\"closes\":\"17:00\"}]},{\"@type\":\"ImageObject\",\"inLanguage\":\"fr-FR\",\"@id\":\"https:\/\/www.artestar.eu\/fr\/de-gros\/boucles-doreilles-epingle-plat-ouvert-couleur-or\/#local-main-organization-logo\",\"url\":\"https:\/\/www.artestar.eu\/wp-content\/uploads\/2023\/05\/cropped-png.png\",\"contentUrl\":\"https:\/\/www.artestar.eu\/wp-content\/uploads\/2023\/05\/cropped-png.png\",\"width\":512,\"height\":512,\"caption\":\"RUBY ABALORIO S.L.\"}]}<\/script>\n<meta property=\"og:availability\" content=\"instock\" \/>\n<meta property=\"product:availability\" content=\"instock\" \/>\n<meta property=\"product:retailer_item_id\" content=\"BXG0082-0084\" \/>\n<meta property=\"product:condition\" content=\"new\" \/>\n<!-- \/ Yoast SEO Premium plugin. -->","yoast_head_json":{"title":"Boucles d\u2019oreilles \u00e9pingles plates or - Artestar","description":"Les \u00e9pingles \u00e0 \u0153il ouvert de couleur or peuvent \u00eatre combin\u00e9es avec des pierres pr\u00e9cieuses, des perles et d\u2019autres articles pour cr\u00e9er une vari\u00e9t\u00e9 de bijoux exquis.","robots":{"index":"index","follow":"follow","max-snippet":"max-snippet:-1","max-image-preview":"max-image-preview:large","max-video-preview":"max-video-preview:-1"},"canonical":"https:\/\/www.artestar.eu\/fr\/de-gros\/boucles-doreilles-epingle-plat-ouvert-couleur-or\/","og_locale":"fr_FR","og_type":"article","og_title":"Boucles d\u2019oreilles \u00e9pingles plates ouvertes en or","og_description":"Les \u00e9pingles \u00e0 \u0153il ouvert de couleur or peuvent \u00eatre combin\u00e9es avec des pierres pr\u00e9cieuses, des perles et d\u2019autres articles pour cr\u00e9er une vari\u00e9t\u00e9 de bijoux exquis.","og_url":"https:\/\/www.artestar.eu\/fr\/de-gros\/boucles-doreilles-epingle-plat-ouvert-couleur-or\/","og_site_name":"Artestar","article_publisher":"https:\/\/www.facebook.com\/ARTESTAREU","article_modified_time":"2023-10-20T05:18:03+00:00","og_image":[{"width":600,"height":600,"url":"https:\/\/www.artestar.eu\/wp-content\/uploads\/2023\/06\/stainless-steel-open-eye-pins-gold-para-creaciones-de-joyeria-DIY.jpg","type":"image\/jpeg"}],"twitter_card":"summary_large_image","twitter_misc":{"Availability":"En stock"},"schema":{"@context":"https:\/\/schema.org","@graph":[{"@type":"WebPage","@id":"https:\/\/www.artestar.eu\/fr\/de-gros\/boucles-doreilles-epingle-plat-ouvert-couleur-or\/","url":"https:\/\/www.artestar.eu\/fr\/de-gros\/boucles-doreilles-epingle-plat-ouvert-couleur-or\/","name":"Boucles d\u2019oreilles \u00e9pingles plates or - Artestar","isPartOf":{"@id":"https:\/\/www.artestar.eu\/fr\/#website"},"datePublished":"2023-06-07T03:33:31+00:00","dateModified":"2023-10-20T05:18:03+00:00","description":"Les \u00e9pingles \u00e0 \u0153il ouvert de couleur or peuvent \u00eatre combin\u00e9es avec des pierres pr\u00e9cieuses, des perles et d\u2019autres articles pour cr\u00e9er une vari\u00e9t\u00e9 de bijoux exquis.","breadcrumb":{"@id":"https:\/\/www.artestar.eu\/fr\/de-gros\/boucles-doreilles-epingle-plat-ouvert-couleur-or\/#breadcrumb"},"inLanguage":"fr-FR","potentialAction":[{"@type":"ReadAction","target":["https:\/\/www.artestar.eu\/fr\/de-gros\/boucles-doreilles-epingle-plat-ouvert-couleur-or\/"]}]},{"@type":"BreadcrumbList","@id":"https:\/\/www.artestar.eu\/fr\/de-gros\/boucles-doreilles-epingle-plat-ouvert-couleur-or\/#breadcrumb","itemListElement":[{"@type":"ListItem","position":1,"name":"Artestar","item":"https:\/\/www.artestar.eu\/fr\/"},{"@type":"ListItem","position":2,"name":"De gros","item":"https:\/\/www.artestar.eu\/fr\/de-gros\/"},{"@type":"ListItem","position":3,"name":"Boucles d\u2019oreilles \u00e9pingles plates ouvertes en or"}]},{"@type":"WebSite","@id":"https:\/\/www.artestar.eu\/fr\/#website","url":"https:\/\/www.artestar.eu\/fr\/","name":"Artestar","description":"Mayorista en abalorios y joyer\u00eda","publisher":{"@id":"https:\/\/www.artestar.eu\/fr\/#organization"},"alternateName":"Artestar-EU","potentialAction":[{"@type":"SearchAction","target":{"@type":"EntryPoint","urlTemplate":"https:\/\/www.artestar.eu\/fr\/?s={search_term_string}"},"query-input":"required name=search_term_string"}],"inLanguage":"fr-FR"},{"@type":["Organization","Place"],"@id":"https:\/\/www.artestar.eu\/fr\/#organization","name":"RUBY ABALORIO S.L.","alternateName":"Artestar","url":"https:\/\/www.artestar.eu\/fr\/","logo":{"@id":"https:\/\/www.artestar.eu\/fr\/de-gros\/boucles-doreilles-epingle-plat-ouvert-couleur-or\/#local-main-organization-logo"},"image":{"@id":"https:\/\/www.artestar.eu\/fr\/de-gros\/boucles-doreilles-epingle-plat-ouvert-couleur-or\/#local-main-organization-logo"},"sameAs":["https:\/\/www.facebook.com\/ARTESTAREU","https:\/\/www.instagram.com\/artestareu\/","https:\/\/www.pinterest.es\/artestar_eu\/","https:\/\/www.tiktok.com\/@artestar_wholesale"],"openingHoursSpecification":[{"@type":"OpeningHoursSpecification","dayOfWeek":["Monday","Tuesday","Wednesday","Thursday","Friday","Saturday","Sunday"],"opens":"09:00","closes":"17:00"}]},{"@type":"ImageObject","inLanguage":"fr-FR","@id":"https:\/\/www.artestar.eu\/fr\/de-gros\/boucles-doreilles-epingle-plat-ouvert-couleur-or\/#local-main-organization-logo","url":"https:\/\/www.artestar.eu\/wp-content\/uploads\/2023\/05\/cropped-png.png","contentUrl":"https:\/\/www.artestar.eu\/wp-content\/uploads\/2023\/05\/cropped-png.png","width":512,"height":512,"caption":"RUBY ABALORIO S.L."}]},"og_availability":"instock","product_availability":"instock","product_retailer_item_id":"BXG0082-0084","product_condition":"new"},"tiered_pricing_type":"fixed","tiered_pricing_fixed_rules":[],"tiered_pricing_percentage_rules":[],"tiered_pricing_minimum":null,"_administrator_tiered_pricing_type":"fixed","_administrator_tiered_pricing_fixed_rules":[],"_editor_tiered_pricing_type":"fixed","_editor_tiered_pricing_fixed_rules":[],"_author_tiered_pricing_type":"fixed","_author_tiered_pricing_fixed_rules":[],"_contributor_tiered_pricing_type":"fixed","_contributor_tiered_pricing_fixed_rules":[],"_subscriber_tiered_pricing_type":"fixed","_subscriber_tiered_pricing_fixed_rules":[],"_wpseo_manager_tiered_pricing_type":"fixed","_wpseo_manager_tiered_pricing_fixed_rules":[],"_wpseo_editor_tiered_pricing_type":"fixed","_wpseo_editor_tiered_pricing_fixed_rules":[],"_customer_tiered_pricing_type":"fixed","_customer_tiered_pricing_fixed_rules":[],"_shop_manager_tiered_pricing_type":"fixed","_shop_manager_tiered_pricing_fixed_rules":[],"_product_manager_tiered_pricing_type":"fixed","_product_manager_tiered_pricing_fixed_rules":[],"_links":{"self":[{"href":"https:\/\/www.artestar.eu\/fr\/wp-json\/wp\/v2\/product\/31112"}],"collection":[{"href":"https:\/\/www.artestar.eu\/fr\/wp-json\/wp\/v2\/product"}],"about":[{"href":"https:\/\/www.artestar.eu\/fr\/wp-json\/wp\/v2\/types\/product"}],"replies":[{"embeddable":true,"href":"https:\/\/www.artestar.eu\/fr\/wp-json\/wp\/v2\/comments?post=31112"}],"version-history":[{"count":2,"href":"https:\/\/www.artestar.eu\/fr\/wp-json\/wp\/v2\/product\/31112\/revisions"}],"predecessor-version":[{"id":37025,"href":"https:\/\/www.artestar.eu\/fr\/wp-json\/wp\/v2\/product\/31112\/revisions\/37025"}],"wp:featuredmedia":[{"embeddable":true,"href":"https:\/\/www.artestar.eu\/fr\/wp-json\/wp\/v2\/media\/13598"}],"wp:attachment":[{"href":"https:\/\/www.artestar.eu\/fr\/wp-json\/wp\/v2\/media?parent=31112"}],"wp:term":[{"taxonomy":"product_cat","embeddable":true,"href":"https:\/\/www.artestar.eu\/fr\/wp-json\/wp\/v2\/product_cat?post=31112"},{"taxonomy":"product_tag","embeddable":true,"href":"https:\/\/www.artestar.eu\/fr\/wp-json\/wp\/v2\/product_tag?post=31112"}],"curies":[{"name":"wp","href":"https:\/\/api.w.org\/{rel}","templated":true}]}}