{"id":31180,"date":"2023-06-06T09:04:08","date_gmt":"2023-06-06T09:04:08","guid":{"rendered":"https:\/\/www.artestar.eu\/al-por-mayor\/tope-de-mariposa-para-arete-color-dorado-120-unids\/"},"modified":"2023-10-24T05:42:09","modified_gmt":"2023-10-24T05:42:09","slug":"bouchon-papillon-pour-boucles-doreilles-couleur-or","status":"publish","type":"product","link":"https:\/\/www.artestar.eu\/fr\/de-gros\/bouchon-papillon-pour-boucles-doreilles-couleur-or\/","title":{"rendered":"Fermoirs de boucles d&#8217;oreilles papillon couleur or, 120 pi\u00e8ces."},"content":{"rendered":"<p>Fermoirs de boucles d&#8217;oreilles papillon couleur or : 120 pi\u00e8ces.<\/p>\n<ul>\n<li>Fabriqu\u00e9s en acier inoxydable de qualit\u00e9 m\u00e9dicale, les fermoirs des boucles d&#8217;oreilles papillon en acier sont hypoallerg\u00e9niques. Solide et durable, pas facile \u00e0 rouiller, pas facile \u00e0 d\u00e9former et \u00e0 d\u00e9colorer.<\/li>\n<li>Les fermoirs des boucles d&#8217;oreilles sont de taille universelle et les trous sont flexibles et mod\u00e9r\u00e9ment extensibles pour s&#8217;adapter \u00e0 la plupart des boucles d&#8217;oreilles ou des clous d&#8217;oreilles.<\/li>\n<li>Les bouchons d&#8217;oreilles en acier inoxydable ont une surface polie et polie, sont lisses au toucher et confortables \u00e0 porter.<\/li>\n<li>L&#8217;arri\u00e8re de la fermeture des boucles d&#8217;oreilles, avec le design papillon classique. Il est sur\u00e9lev\u00e9 des deux c\u00f4t\u00e9s et concave au centre pour \u00e9viter que les boucles d&#8217;oreilles ne tombent.<\/li>\n<li>Les \u00e9crous de boucles d&#8217;oreilles sont petits et l\u00e9gers et tiennent bien sur vos boucles d&#8217;oreilles ou clous d&#8217;oreilles. Parce que r\u00e9duire les dommages \u00e0 vos oreilles et vous permettre de les porter plus confortablement et de les maintenir en place sans les perdre.<\/li>\n<li>Ces bouchons d&#8217;oreille \u00e0 dos papillon seront un excellent ajout \u00e0 votre collection pour fabriquer de nouveaux bijoux et remplacer des boucles d&#8217;oreilles anciennes ou perdues.<\/li>\n<li>Prenez vos id\u00e9es cr\u00e9atives et impliquez-vous dans la conception de ces boucles d&#8217;oreilles pour cr\u00e9er des bijoux confortables qui seront parfaits pour votre usage quotidien en d\u00e9placement.<\/li>\n<\/ul>\n<h3>Dos papillon pour boucles d&#8217;oreilles dor\u00e9es<\/h3>\n<ul>\n<li>Vous pouvez utiliser ces noix pour fabriquer \u00e0 la main des boucles d&#8217;oreilles belles et significatives pour votre famille, vos amis, et ils seront tr\u00e8s satisfaits de votre cadeau.<\/li>\n<li>Remarque : Les images peuvent \u00eatre agrandies pour plus de d\u00e9tails et peuvent appara\u00eetre plus grandes \u00e0 l&#8217;\u00e9cran. Les couleurs peuvent varier l\u00e9g\u00e8rement en raison des diff\u00e9rents param\u00e8tres de couleur de chaque moniteur.<\/li>\n<\/ul>\n","protected":false},"excerpt":{"rendered":"<ul>\n<li>Mat\u00e9riau en acier inoxydable<\/li>\n<li>Veuillez vous r\u00e9f\u00e9rer \u00e0 l&#8217;image du produit pour conna\u00eetre la taille et la quantit\u00e9 d\u00e9taill\u00e9es.<\/li>\n<li>Fermoirs de boucles d&#8217;oreilles pour tous les types de boucles d&#8217;oreilles, y compris les boucles d&#8217;oreilles \u00e0 clous, les boucles d&#8217;oreilles en cha\u00eene, les boucles d&#8217;oreilles pendantes, etc.<\/li>\n<\/ul>\n","protected":false},"featured_media":13558,"comment_status":"open","ping_status":"closed","template":"","meta":[],"product_cat":[1666,1665],"product_tag":[],"yoast_head":"<!-- This site is optimized with the Yoast SEO Premium plugin v20.5 (Yoast SEO v21.5) - https:\/\/yoast.com\/wordpress\/plugins\/seo\/ -->\n<title>Boucle d&#039;oreille papillon dos couleur or - Artestar<\/title>\n<meta name=\"description\" content=\"Dos papillon pour boucles d&#039;oreilles dor\u00e9es. Tailles universelles, pour la fabrication de bijoux, la fabrication de bijoux. Facilit\u00e9 d&#039;utilisation, s\u00e9curit\u00e9 et esth\u00e9tique\" \/>\n<meta name=\"robots\" content=\"index, follow, max-snippet:-1, max-image-preview:large, max-video-preview:-1\" \/>\n<link rel=\"canonical\" href=\"https:\/\/www.artestar.eu\/fr\/de-gros\/bouchon-papillon-pour-boucles-doreilles-couleur-or\/\" \/>\n<meta property=\"og:locale\" content=\"fr_FR\" \/>\n<meta property=\"og:type\" content=\"article\" \/>\n<meta property=\"og:title\" content=\"Fermoirs de boucles d&#039;oreilles papillon couleur or, 120 pi\u00e8ces.\" \/>\n<meta property=\"og:description\" content=\"Dos papillon pour boucles d&#039;oreilles dor\u00e9es. Tailles universelles, pour la fabrication de bijoux, la fabrication de bijoux. Facilit\u00e9 d&#039;utilisation, s\u00e9curit\u00e9 et esth\u00e9tique\" \/>\n<meta property=\"og:url\" content=\"https:\/\/www.artestar.eu\/fr\/de-gros\/bouchon-papillon-pour-boucles-doreilles-couleur-or\/\" \/>\n<meta property=\"og:site_name\" content=\"Artestar\" \/>\n<meta property=\"article:publisher\" content=\"https:\/\/www.facebook.com\/ARTESTAREU\" \/>\n<meta property=\"article:modified_time\" content=\"2023-10-24T05:42:09+00:00\" \/>\n<meta property=\"og:image\" content=\"https:\/\/www.artestar.eu\/wp-content\/uploads\/2023\/06\/stainless-steel-earring-accessories-gold-butterfly-earring-back-butterfly-ear-plugs.jpg\" \/>\n\t<meta property=\"og:image:width\" content=\"600\" \/>\n\t<meta property=\"og:image:height\" content=\"600\" \/>\n\t<meta property=\"og:image:type\" content=\"image\/jpeg\" \/>\n<meta name=\"twitter:card\" content=\"summary_large_image\" \/>\n<meta name=\"twitter:label1\" content=\"Prix\" \/>\n\t<meta name=\"twitter:data1\" content=\"1,20&nbsp;&euro; (TVA NON incluse)\" \/>\n\t<meta name=\"twitter:label2\" content=\"Availability\" \/>\n\t<meta name=\"twitter:data2\" content=\"En stock\" \/>\n<script type=\"application\/ld+json\" class=\"yoast-schema-graph\">{\"@context\":\"https:\/\/schema.org\",\"@graph\":[{\"@type\":\"WebPage\",\"@id\":\"https:\/\/www.artestar.eu\/fr\/de-gros\/bouchon-papillon-pour-boucles-doreilles-couleur-or\/\",\"url\":\"https:\/\/www.artestar.eu\/fr\/de-gros\/bouchon-papillon-pour-boucles-doreilles-couleur-or\/\",\"name\":\"Boucle d'oreille papillon dos couleur or - Artestar\",\"isPartOf\":{\"@id\":\"https:\/\/www.artestar.eu\/fr\/#website\"},\"datePublished\":\"2023-06-06T09:04:08+00:00\",\"dateModified\":\"2023-10-24T05:42:09+00:00\",\"description\":\"Dos papillon pour boucles d'oreilles dor\u00e9es. Tailles universelles, pour la fabrication de bijoux, la fabrication de bijoux. Facilit\u00e9 d'utilisation, s\u00e9curit\u00e9 et esth\u00e9tique\",\"breadcrumb\":{\"@id\":\"https:\/\/www.artestar.eu\/fr\/de-gros\/bouchon-papillon-pour-boucles-doreilles-couleur-or\/#breadcrumb\"},\"inLanguage\":\"fr-FR\",\"potentialAction\":[{\"@type\":\"ReadAction\",\"target\":[\"https:\/\/www.artestar.eu\/fr\/de-gros\/bouchon-papillon-pour-boucles-doreilles-couleur-or\/\"]}]},{\"@type\":\"BreadcrumbList\",\"@id\":\"https:\/\/www.artestar.eu\/fr\/de-gros\/bouchon-papillon-pour-boucles-doreilles-couleur-or\/#breadcrumb\",\"itemListElement\":[{\"@type\":\"ListItem\",\"position\":1,\"name\":\"Artestar\",\"item\":\"https:\/\/www.artestar.eu\/fr\/\"},{\"@type\":\"ListItem\",\"position\":2,\"name\":\"De gros\",\"item\":\"https:\/\/www.artestar.eu\/fr\/de-gros\/\"},{\"@type\":\"ListItem\",\"position\":3,\"name\":\"Fermoirs de boucles d&#8217;oreilles papillon couleur or, 120 pi\u00e8ces.\"}]},{\"@type\":\"WebSite\",\"@id\":\"https:\/\/www.artestar.eu\/fr\/#website\",\"url\":\"https:\/\/www.artestar.eu\/fr\/\",\"name\":\"Artestar\",\"description\":\"Mayorista en abalorios y joyer\u00eda\",\"publisher\":{\"@id\":\"https:\/\/www.artestar.eu\/fr\/#organization\"},\"alternateName\":\"Artestar-EU\",\"potentialAction\":[{\"@type\":\"SearchAction\",\"target\":{\"@type\":\"EntryPoint\",\"urlTemplate\":\"https:\/\/www.artestar.eu\/fr\/?s={search_term_string}\"},\"query-input\":\"required name=search_term_string\"}],\"inLanguage\":\"fr-FR\"},{\"@type\":[\"Organization\",\"Place\"],\"@id\":\"https:\/\/www.artestar.eu\/fr\/#organization\",\"name\":\"RUBY ABALORIO S.L.\",\"alternateName\":\"Artestar\",\"url\":\"https:\/\/www.artestar.eu\/fr\/\",\"logo\":{\"@id\":\"https:\/\/www.artestar.eu\/fr\/de-gros\/bouchon-papillon-pour-boucles-doreilles-couleur-or\/#local-main-organization-logo\"},\"image\":{\"@id\":\"https:\/\/www.artestar.eu\/fr\/de-gros\/bouchon-papillon-pour-boucles-doreilles-couleur-or\/#local-main-organization-logo\"},\"sameAs\":[\"https:\/\/www.facebook.com\/ARTESTAREU\",\"https:\/\/www.instagram.com\/artestareu\/\",\"https:\/\/www.pinterest.es\/artestar_eu\/\",\"https:\/\/www.tiktok.com\/@artestar_wholesale\"],\"openingHoursSpecification\":[{\"@type\":\"OpeningHoursSpecification\",\"dayOfWeek\":[\"Monday\",\"Tuesday\",\"Wednesday\",\"Thursday\",\"Friday\",\"Saturday\",\"Sunday\"],\"opens\":\"09:00\",\"closes\":\"17:00\"}]},{\"@type\":\"ImageObject\",\"inLanguage\":\"fr-FR\",\"@id\":\"https:\/\/www.artestar.eu\/fr\/de-gros\/bouchon-papillon-pour-boucles-doreilles-couleur-or\/#local-main-organization-logo\",\"url\":\"https:\/\/www.artestar.eu\/wp-content\/uploads\/2023\/05\/cropped-png.png\",\"contentUrl\":\"https:\/\/www.artestar.eu\/wp-content\/uploads\/2023\/05\/cropped-png.png\",\"width\":512,\"height\":512,\"caption\":\"RUBY ABALORIO S.L.\"}]}<\/script>\n<meta property=\"product:price:amount\" content=\"1.20\" \/>\n<meta property=\"product:price:currency\" content=\"EUR\" \/>\n<meta property=\"og:availability\" content=\"instock\" \/>\n<meta property=\"product:availability\" content=\"instock\" \/>\n<meta property=\"product:retailer_item_id\" content=\"BXG-0073\" \/>\n<meta property=\"product:condition\" content=\"new\" \/>\n<!-- \/ Yoast SEO Premium plugin. -->","yoast_head_json":{"title":"Boucle d'oreille papillon dos couleur or - Artestar","description":"Dos papillon pour boucles d'oreilles dor\u00e9es. Tailles universelles, pour la fabrication de bijoux, la fabrication de bijoux. Facilit\u00e9 d'utilisation, s\u00e9curit\u00e9 et esth\u00e9tique","robots":{"index":"index","follow":"follow","max-snippet":"max-snippet:-1","max-image-preview":"max-image-preview:large","max-video-preview":"max-video-preview:-1"},"canonical":"https:\/\/www.artestar.eu\/fr\/de-gros\/bouchon-papillon-pour-boucles-doreilles-couleur-or\/","og_locale":"fr_FR","og_type":"article","og_title":"Fermoirs de boucles d'oreilles papillon couleur or, 120 pi\u00e8ces.","og_description":"Dos papillon pour boucles d'oreilles dor\u00e9es. Tailles universelles, pour la fabrication de bijoux, la fabrication de bijoux. Facilit\u00e9 d'utilisation, s\u00e9curit\u00e9 et esth\u00e9tique","og_url":"https:\/\/www.artestar.eu\/fr\/de-gros\/bouchon-papillon-pour-boucles-doreilles-couleur-or\/","og_site_name":"Artestar","article_publisher":"https:\/\/www.facebook.com\/ARTESTAREU","article_modified_time":"2023-10-24T05:42:09+00:00","og_image":[{"width":600,"height":600,"url":"https:\/\/www.artestar.eu\/wp-content\/uploads\/2023\/06\/stainless-steel-earring-accessories-gold-butterfly-earring-back-butterfly-ear-plugs.jpg","type":"image\/jpeg"}],"twitter_card":"summary_large_image","twitter_misc":{"Prix":"1,20&nbsp;&euro; (TVA NON incluse)","Availability":"En stock"},"schema":{"@context":"https:\/\/schema.org","@graph":[{"@type":"WebPage","@id":"https:\/\/www.artestar.eu\/fr\/de-gros\/bouchon-papillon-pour-boucles-doreilles-couleur-or\/","url":"https:\/\/www.artestar.eu\/fr\/de-gros\/bouchon-papillon-pour-boucles-doreilles-couleur-or\/","name":"Boucle d'oreille papillon dos couleur or - Artestar","isPartOf":{"@id":"https:\/\/www.artestar.eu\/fr\/#website"},"datePublished":"2023-06-06T09:04:08+00:00","dateModified":"2023-10-24T05:42:09+00:00","description":"Dos papillon pour boucles d'oreilles dor\u00e9es. Tailles universelles, pour la fabrication de bijoux, la fabrication de bijoux. Facilit\u00e9 d'utilisation, s\u00e9curit\u00e9 et esth\u00e9tique","breadcrumb":{"@id":"https:\/\/www.artestar.eu\/fr\/de-gros\/bouchon-papillon-pour-boucles-doreilles-couleur-or\/#breadcrumb"},"inLanguage":"fr-FR","potentialAction":[{"@type":"ReadAction","target":["https:\/\/www.artestar.eu\/fr\/de-gros\/bouchon-papillon-pour-boucles-doreilles-couleur-or\/"]}]},{"@type":"BreadcrumbList","@id":"https:\/\/www.artestar.eu\/fr\/de-gros\/bouchon-papillon-pour-boucles-doreilles-couleur-or\/#breadcrumb","itemListElement":[{"@type":"ListItem","position":1,"name":"Artestar","item":"https:\/\/www.artestar.eu\/fr\/"},{"@type":"ListItem","position":2,"name":"De gros","item":"https:\/\/www.artestar.eu\/fr\/de-gros\/"},{"@type":"ListItem","position":3,"name":"Fermoirs de boucles d&#8217;oreilles papillon couleur or, 120 pi\u00e8ces."}]},{"@type":"WebSite","@id":"https:\/\/www.artestar.eu\/fr\/#website","url":"https:\/\/www.artestar.eu\/fr\/","name":"Artestar","description":"Mayorista en abalorios y joyer\u00eda","publisher":{"@id":"https:\/\/www.artestar.eu\/fr\/#organization"},"alternateName":"Artestar-EU","potentialAction":[{"@type":"SearchAction","target":{"@type":"EntryPoint","urlTemplate":"https:\/\/www.artestar.eu\/fr\/?s={search_term_string}"},"query-input":"required name=search_term_string"}],"inLanguage":"fr-FR"},{"@type":["Organization","Place"],"@id":"https:\/\/www.artestar.eu\/fr\/#organization","name":"RUBY ABALORIO S.L.","alternateName":"Artestar","url":"https:\/\/www.artestar.eu\/fr\/","logo":{"@id":"https:\/\/www.artestar.eu\/fr\/de-gros\/bouchon-papillon-pour-boucles-doreilles-couleur-or\/#local-main-organization-logo"},"image":{"@id":"https:\/\/www.artestar.eu\/fr\/de-gros\/bouchon-papillon-pour-boucles-doreilles-couleur-or\/#local-main-organization-logo"},"sameAs":["https:\/\/www.facebook.com\/ARTESTAREU","https:\/\/www.instagram.com\/artestareu\/","https:\/\/www.pinterest.es\/artestar_eu\/","https:\/\/www.tiktok.com\/@artestar_wholesale"],"openingHoursSpecification":[{"@type":"OpeningHoursSpecification","dayOfWeek":["Monday","Tuesday","Wednesday","Thursday","Friday","Saturday","Sunday"],"opens":"09:00","closes":"17:00"}]},{"@type":"ImageObject","inLanguage":"fr-FR","@id":"https:\/\/www.artestar.eu\/fr\/de-gros\/bouchon-papillon-pour-boucles-doreilles-couleur-or\/#local-main-organization-logo","url":"https:\/\/www.artestar.eu\/wp-content\/uploads\/2023\/05\/cropped-png.png","contentUrl":"https:\/\/www.artestar.eu\/wp-content\/uploads\/2023\/05\/cropped-png.png","width":512,"height":512,"caption":"RUBY ABALORIO S.L."}]},"product_price_amount":"1.20","product_price_currency":"EUR","og_availability":"instock","product_availability":"instock","product_retailer_item_id":"BXG-0073","product_condition":"new"},"tiered_pricing_type":"percentage","tiered_pricing_fixed_rules":{"5":"10"},"tiered_pricing_percentage_rules":[],"tiered_pricing_minimum":null,"_administrator_tiered_pricing_type":"fixed","_administrator_tiered_pricing_fixed_rules":[],"_editor_tiered_pricing_type":"fixed","_editor_tiered_pricing_fixed_rules":[],"_author_tiered_pricing_type":"fixed","_author_tiered_pricing_fixed_rules":[],"_contributor_tiered_pricing_type":"fixed","_contributor_tiered_pricing_fixed_rules":[],"_subscriber_tiered_pricing_type":"fixed","_subscriber_tiered_pricing_fixed_rules":[],"_wpseo_manager_tiered_pricing_type":"fixed","_wpseo_manager_tiered_pricing_fixed_rules":[],"_wpseo_editor_tiered_pricing_type":"fixed","_wpseo_editor_tiered_pricing_fixed_rules":[],"_customer_tiered_pricing_type":"fixed","_customer_tiered_pricing_fixed_rules":[],"_shop_manager_tiered_pricing_type":"fixed","_shop_manager_tiered_pricing_fixed_rules":[],"_product_manager_tiered_pricing_type":"fixed","_product_manager_tiered_pricing_fixed_rules":[],"_links":{"self":[{"href":"https:\/\/www.artestar.eu\/fr\/wp-json\/wp\/v2\/product\/31180"}],"collection":[{"href":"https:\/\/www.artestar.eu\/fr\/wp-json\/wp\/v2\/product"}],"about":[{"href":"https:\/\/www.artestar.eu\/fr\/wp-json\/wp\/v2\/types\/product"}],"replies":[{"embeddable":true,"href":"https:\/\/www.artestar.eu\/fr\/wp-json\/wp\/v2\/comments?post=31180"}],"version-history":[{"count":4,"href":"https:\/\/www.artestar.eu\/fr\/wp-json\/wp\/v2\/product\/31180\/revisions"}],"predecessor-version":[{"id":37093,"href":"https:\/\/www.artestar.eu\/fr\/wp-json\/wp\/v2\/product\/31180\/revisions\/37093"}],"wp:featuredmedia":[{"embeddable":true,"href":"https:\/\/www.artestar.eu\/fr\/wp-json\/wp\/v2\/media\/13558"}],"wp:attachment":[{"href":"https:\/\/www.artestar.eu\/fr\/wp-json\/wp\/v2\/media?parent=31180"}],"wp:term":[{"taxonomy":"product_cat","embeddable":true,"href":"https:\/\/www.artestar.eu\/fr\/wp-json\/wp\/v2\/product_cat?post=31180"},{"taxonomy":"product_tag","embeddable":true,"href":"https:\/\/www.artestar.eu\/fr\/wp-json\/wp\/v2\/product_tag?post=31180"}],"curies":[{"name":"wp","href":"https:\/\/api.w.org\/{rel}","templated":true}]}}