{"id":31225,"date":"2023-06-06T07:01:32","date_gmt":"2023-06-06T07:01:32","guid":{"rendered":"https:\/\/www.artestar.eu\/al-por-mayor\/arroz-perlas-cultivadas\/"},"modified":"2023-10-24T06:35:03","modified_gmt":"2023-10-24T06:35:03","slug":"perles-de-culture-de-riz","status":"publish","type":"product","link":"https:\/\/www.artestar.eu\/fr\/de-gros\/perles-de-culture-de-riz\/","title":{"rendered":"Perles de culture du riz"},"content":{"rendered":"<p>Perles de culture naturelles en forme de riz : Les formes de perles de riz en nacre naturelle sont disponibles dans de nombreuses tailles diff\u00e9rentes. Ainsi, vous pouvez choisir la taille qui vous convient le mieux et bricoler pour fabriquer n\u2019importe quel style de bijoux que vous aimez.<\/p>\n<ul>\n<li>Cette perle, cultiv\u00e9e \u00e0 100% en eau douce et \u00e0 partir de l\u2019hu\u00eetre, a une forme ovale allong\u00e9e ou semblable \u00e0 celle du riz. En raison de leur raret\u00e9 et de leur caract\u00e8re unique, ils sont tr\u00e8s pris\u00e9s.<\/li>\n<li>Ces perles en forme de riz ont une surface fra\u00eeche et sont tr\u00e8s confortables et \u00e9l\u00e9gantes \u00e0 porter. Si vous regardez attentivement, vous verrez \u00e9galement que les perles de culture naturelles ont une texture unique qui leur donne une touche \u00e9l\u00e9gante.<\/li>\n<li>Comme ces perles de notre gamme sont perfor\u00e9es, vous n\u2019aurez pas \u00e0 vous fatiguer pour les percer. Gr\u00e2ce \u00e0 leur forme \u00e9lanc\u00e9e, les perles en forme de riz peuvent \u00eatre plus facilement combin\u00e9es avec d\u2019autres mat\u00e9riaux et \u00e9l\u00e9ments de bijoux pour cr\u00e9er des designs de bijoux uniques et sophistiqu\u00e9s.<\/li>\n<li>Les perles de culture d\u2019eau douce en forme de riz font d\u2019excellents accessoires d\u2019artisanat. Les perles en forme de riz peuvent \u00eatre utilis\u00e9es dans une vari\u00e9t\u00e9 de cr\u00e9ations de bijoux, notamment des colliers, des bracelets, des boucles d\u2019oreilles et des bagues. Leur forme et leur look uniques peuvent ajouter un style chic et \u00e9l\u00e9gant aux bijoux.<\/li>\n<li>Qu\u2019il s\u2019agisse d\u2019un anniversaire, d\u2019un mariage, ou d\u2019une autre occasion sp\u00e9ciale. Les bijoux de la collection de perles en forme de riz sont un cadeau pr\u00e9cieux et significatif. Il exprime une affection particuli\u00e8re et de bons v\u0153ux pour le destinataire et devient un tr\u00e9sor intemporel.<\/li>\n<\/ul>\n<p><img decoding=\"async\" class=\"size-full wp-image-5438\" src=\"https:\/\/www.artestar.eu%E2%80%8B%E2%80%8B%E2%80%8B%E2%80%8B\/wp-content\/uploads\/2023\/06\/freshwater-cultured-pearls-14.jpg\" alt=\"Perles de culture du riz\" width=\"600\" height=\"600\" srcset=\"https:\/\/www.artestar.eu\/wp-content\/uploads\/2023\/06\/freshwater-cultured-pearls-14.jpg 600w, https:\/\/www.artestar.eu\/wp-content\/uploads\/2023\/06\/freshwater-cultured-pearls-14-300x300.jpg 300w, https:\/\/www.artestar.eu\/wp-content\/uploads\/2023\/06\/freshwater-cultured-pearls-14-150x150.jpg 150w, https:\/\/www.artestar.eu\/wp-content\/uploads\/2023\/06\/freshwater-cultured-pearls-14-450x450.jpg 450w, https:\/\/www.artestar.eu\/wp-content\/uploads\/2023\/06\/freshwater-cultured-pearls-14-54x54.jpg 54w\" sizes=\"(max-width: 600px) 100vw, 600px\" \/><\/p>\n<h5>Perles de culture naturelles sous forme de riz<\/h5>\n<ul>\n<li>Toutes les perles naturelles de culture sont uniques. En raison de l\u2019\u00e9clairage et des param\u00e8tres de l\u2019ordinateur, le produit re\u00e7u peut varier l\u00e9g\u00e8rement, veuillez lire les tailles des diff\u00e9rentes entretoises de perles avant d\u2019acheter.<\/li>\n<\/ul>\n","protected":false},"excerpt":{"rendered":"<p><img decoding=\"async\" class=\"alignnone wp-image-8530 size-full\" src=\"https:\/\/www.artestar.eu%E2%80%8B%E2%80%8B%E2%80%8B%E2%80%8B\/wp-content\/uploads\/2023\/06\/pearl-rice-beads-1.jpg\" alt=\"Perles de culture naturelles sous forme de riz\" width=\"1000\" height=\"180\" srcset=\"https:\/\/www.artestar.eu\/wp-content\/uploads\/2023\/06\/pearl-rice-beads-1.jpg 1000w, https:\/\/www.artestar.eu\/wp-content\/uploads\/2023\/06\/pearl-rice-beads-1-300x54.jpg 300w, https:\/\/www.artestar.eu\/wp-content\/uploads\/2023\/06\/pearl-rice-beads-1-768x138.jpg 768w, https:\/\/www.artestar.eu\/wp-content\/uploads\/2023\/06\/pearl-rice-beads-1-600x108.jpg 600w, https:\/\/www.artestar.eu\/wp-content\/uploads\/2023\/06\/pearl-rice-beads-1-90x16.jpg 90w\" sizes=\"(max-width: 1000px) 100vw, 1000px\" \/>Montant approximatif<\/p>\n<ul>\n<li>Mat\u00e9riel: perles d\u2019eau douce de culture naturelles<\/li>\n<li>Utilis\u00e9 pour fabriquer des colliers, bracelets et autres bijoux<\/li>\n<li>Toutes les perles de culture naturelles sont uniques.<\/li>\n<\/ul>\n<p>&nbsp;<\/p>\n","protected":false},"featured_media":13388,"comment_status":"open","ping_status":"closed","template":"","meta":[],"product_cat":[1992,1489,1509],"product_tag":[],"yoast_head":"<!-- This site is optimized with the Yoast SEO Premium plugin v20.5 (Yoast SEO v21.5) - https:\/\/yoast.com\/wordpress\/plugins\/seo\/ -->\n<title>Perles de culture naturelles en forme de riz - Artestar<\/title>\n<meta name=\"description\" content=\"Les perles de culture d\u2019eau douce sont d\u2019excellents accessoires pour l\u2019artisanat. Toutes les perles de culture naturelles sont uniques.\" \/>\n<meta name=\"robots\" content=\"index, follow, max-snippet:-1, max-image-preview:large, max-video-preview:-1\" \/>\n<link rel=\"canonical\" href=\"https:\/\/www.artestar.eu\/fr\/de-gros\/perles-de-culture-de-riz\/\" \/>\n<meta property=\"og:locale\" content=\"fr_FR\" \/>\n<meta property=\"og:type\" content=\"article\" \/>\n<meta property=\"og:title\" content=\"Perles de culture du riz\" \/>\n<meta property=\"og:description\" content=\"Les perles de culture d\u2019eau douce sont d\u2019excellents accessoires pour l\u2019artisanat. Toutes les perles de culture naturelles sont uniques.\" \/>\n<meta property=\"og:url\" content=\"https:\/\/www.artestar.eu\/fr\/de-gros\/perles-de-culture-de-riz\/\" \/>\n<meta property=\"og:site_name\" content=\"Artestar\" \/>\n<meta property=\"article:publisher\" content=\"https:\/\/www.facebook.com\/ARTESTAREU\" \/>\n<meta property=\"article:modified_time\" content=\"2023-10-24T06:35:03+00:00\" \/>\n<meta property=\"og:image\" content=\"https:\/\/www.artestar.eu\/wp-content\/uploads\/2023\/06\/natural-freshwater-cultured-pearls-3.jpg\" \/>\n\t<meta property=\"og:image:width\" content=\"600\" \/>\n\t<meta property=\"og:image:height\" content=\"600\" \/>\n\t<meta property=\"og:image:type\" content=\"image\/jpeg\" \/>\n<meta name=\"twitter:card\" content=\"summary_large_image\" \/>\n<meta name=\"twitter:label1\" content=\"Availability\" \/>\n\t<meta name=\"twitter:data1\" content=\"En stock\" \/>\n<script type=\"application\/ld+json\" class=\"yoast-schema-graph\">{\"@context\":\"https:\/\/schema.org\",\"@graph\":[{\"@type\":\"WebPage\",\"@id\":\"https:\/\/www.artestar.eu\/fr\/de-gros\/perles-de-culture-de-riz\/\",\"url\":\"https:\/\/www.artestar.eu\/fr\/de-gros\/perles-de-culture-de-riz\/\",\"name\":\"Perles de culture naturelles en forme de riz - Artestar\",\"isPartOf\":{\"@id\":\"https:\/\/www.artestar.eu\/fr\/#website\"},\"datePublished\":\"2023-06-06T07:01:32+00:00\",\"dateModified\":\"2023-10-24T06:35:03+00:00\",\"description\":\"Les perles de culture d\u2019eau douce sont d\u2019excellents accessoires pour l\u2019artisanat. Toutes les perles de culture naturelles sont uniques.\",\"breadcrumb\":{\"@id\":\"https:\/\/www.artestar.eu\/fr\/de-gros\/perles-de-culture-de-riz\/#breadcrumb\"},\"inLanguage\":\"fr-FR\",\"potentialAction\":[{\"@type\":\"ReadAction\",\"target\":[\"https:\/\/www.artestar.eu\/fr\/de-gros\/perles-de-culture-de-riz\/\"]}]},{\"@type\":\"BreadcrumbList\",\"@id\":\"https:\/\/www.artestar.eu\/fr\/de-gros\/perles-de-culture-de-riz\/#breadcrumb\",\"itemListElement\":[{\"@type\":\"ListItem\",\"position\":1,\"name\":\"Artestar\",\"item\":\"https:\/\/www.artestar.eu\/fr\/\"},{\"@type\":\"ListItem\",\"position\":2,\"name\":\"De gros\",\"item\":\"https:\/\/www.artestar.eu\/fr\/de-gros\/\"},{\"@type\":\"ListItem\",\"position\":3,\"name\":\"Perles de culture du riz\"}]},{\"@type\":\"WebSite\",\"@id\":\"https:\/\/www.artestar.eu\/fr\/#website\",\"url\":\"https:\/\/www.artestar.eu\/fr\/\",\"name\":\"Artestar\",\"description\":\"Mayorista en abalorios y joyer\u00eda\",\"publisher\":{\"@id\":\"https:\/\/www.artestar.eu\/fr\/#organization\"},\"alternateName\":\"Artestar-EU\",\"potentialAction\":[{\"@type\":\"SearchAction\",\"target\":{\"@type\":\"EntryPoint\",\"urlTemplate\":\"https:\/\/www.artestar.eu\/fr\/?s={search_term_string}\"},\"query-input\":\"required name=search_term_string\"}],\"inLanguage\":\"fr-FR\"},{\"@type\":[\"Organization\",\"Place\"],\"@id\":\"https:\/\/www.artestar.eu\/fr\/#organization\",\"name\":\"RUBY ABALORIO S.L.\",\"alternateName\":\"Artestar\",\"url\":\"https:\/\/www.artestar.eu\/fr\/\",\"logo\":{\"@id\":\"https:\/\/www.artestar.eu\/fr\/de-gros\/perles-de-culture-de-riz\/#local-main-organization-logo\"},\"image\":{\"@id\":\"https:\/\/www.artestar.eu\/fr\/de-gros\/perles-de-culture-de-riz\/#local-main-organization-logo\"},\"sameAs\":[\"https:\/\/www.facebook.com\/ARTESTAREU\",\"https:\/\/www.instagram.com\/artestareu\/\",\"https:\/\/www.pinterest.es\/artestar_eu\/\",\"https:\/\/www.tiktok.com\/@artestar_wholesale\"],\"openingHoursSpecification\":[{\"@type\":\"OpeningHoursSpecification\",\"dayOfWeek\":[\"Monday\",\"Tuesday\",\"Wednesday\",\"Thursday\",\"Friday\",\"Saturday\",\"Sunday\"],\"opens\":\"09:00\",\"closes\":\"17:00\"}]},{\"@type\":\"ImageObject\",\"inLanguage\":\"fr-FR\",\"@id\":\"https:\/\/www.artestar.eu\/fr\/de-gros\/perles-de-culture-de-riz\/#local-main-organization-logo\",\"url\":\"https:\/\/www.artestar.eu\/wp-content\/uploads\/2023\/05\/cropped-png.png\",\"contentUrl\":\"https:\/\/www.artestar.eu\/wp-content\/uploads\/2023\/05\/cropped-png.png\",\"width\":512,\"height\":512,\"caption\":\"RUBY ABALORIO S.L.\"}]}<\/script>\n<meta property=\"og:availability\" content=\"instock\" \/>\n<meta property=\"product:availability\" content=\"instock\" \/>\n<meta property=\"product:retailer_item_id\" content=\"ZZ-MZ-0001-0003\" \/>\n<meta property=\"product:condition\" content=\"new\" \/>\n<!-- \/ Yoast SEO Premium plugin. -->","yoast_head_json":{"title":"Perles de culture naturelles en forme de riz - Artestar","description":"Les perles de culture d\u2019eau douce sont d\u2019excellents accessoires pour l\u2019artisanat. Toutes les perles de culture naturelles sont uniques.","robots":{"index":"index","follow":"follow","max-snippet":"max-snippet:-1","max-image-preview":"max-image-preview:large","max-video-preview":"max-video-preview:-1"},"canonical":"https:\/\/www.artestar.eu\/fr\/de-gros\/perles-de-culture-de-riz\/","og_locale":"fr_FR","og_type":"article","og_title":"Perles de culture du riz","og_description":"Les perles de culture d\u2019eau douce sont d\u2019excellents accessoires pour l\u2019artisanat. Toutes les perles de culture naturelles sont uniques.","og_url":"https:\/\/www.artestar.eu\/fr\/de-gros\/perles-de-culture-de-riz\/","og_site_name":"Artestar","article_publisher":"https:\/\/www.facebook.com\/ARTESTAREU","article_modified_time":"2023-10-24T06:35:03+00:00","og_image":[{"width":600,"height":600,"url":"https:\/\/www.artestar.eu\/wp-content\/uploads\/2023\/06\/natural-freshwater-cultured-pearls-3.jpg","type":"image\/jpeg"}],"twitter_card":"summary_large_image","twitter_misc":{"Availability":"En stock"},"schema":{"@context":"https:\/\/schema.org","@graph":[{"@type":"WebPage","@id":"https:\/\/www.artestar.eu\/fr\/de-gros\/perles-de-culture-de-riz\/","url":"https:\/\/www.artestar.eu\/fr\/de-gros\/perles-de-culture-de-riz\/","name":"Perles de culture naturelles en forme de riz - Artestar","isPartOf":{"@id":"https:\/\/www.artestar.eu\/fr\/#website"},"datePublished":"2023-06-06T07:01:32+00:00","dateModified":"2023-10-24T06:35:03+00:00","description":"Les perles de culture d\u2019eau douce sont d\u2019excellents accessoires pour l\u2019artisanat. Toutes les perles de culture naturelles sont uniques.","breadcrumb":{"@id":"https:\/\/www.artestar.eu\/fr\/de-gros\/perles-de-culture-de-riz\/#breadcrumb"},"inLanguage":"fr-FR","potentialAction":[{"@type":"ReadAction","target":["https:\/\/www.artestar.eu\/fr\/de-gros\/perles-de-culture-de-riz\/"]}]},{"@type":"BreadcrumbList","@id":"https:\/\/www.artestar.eu\/fr\/de-gros\/perles-de-culture-de-riz\/#breadcrumb","itemListElement":[{"@type":"ListItem","position":1,"name":"Artestar","item":"https:\/\/www.artestar.eu\/fr\/"},{"@type":"ListItem","position":2,"name":"De gros","item":"https:\/\/www.artestar.eu\/fr\/de-gros\/"},{"@type":"ListItem","position":3,"name":"Perles de culture du riz"}]},{"@type":"WebSite","@id":"https:\/\/www.artestar.eu\/fr\/#website","url":"https:\/\/www.artestar.eu\/fr\/","name":"Artestar","description":"Mayorista en abalorios y joyer\u00eda","publisher":{"@id":"https:\/\/www.artestar.eu\/fr\/#organization"},"alternateName":"Artestar-EU","potentialAction":[{"@type":"SearchAction","target":{"@type":"EntryPoint","urlTemplate":"https:\/\/www.artestar.eu\/fr\/?s={search_term_string}"},"query-input":"required name=search_term_string"}],"inLanguage":"fr-FR"},{"@type":["Organization","Place"],"@id":"https:\/\/www.artestar.eu\/fr\/#organization","name":"RUBY ABALORIO S.L.","alternateName":"Artestar","url":"https:\/\/www.artestar.eu\/fr\/","logo":{"@id":"https:\/\/www.artestar.eu\/fr\/de-gros\/perles-de-culture-de-riz\/#local-main-organization-logo"},"image":{"@id":"https:\/\/www.artestar.eu\/fr\/de-gros\/perles-de-culture-de-riz\/#local-main-organization-logo"},"sameAs":["https:\/\/www.facebook.com\/ARTESTAREU","https:\/\/www.instagram.com\/artestareu\/","https:\/\/www.pinterest.es\/artestar_eu\/","https:\/\/www.tiktok.com\/@artestar_wholesale"],"openingHoursSpecification":[{"@type":"OpeningHoursSpecification","dayOfWeek":["Monday","Tuesday","Wednesday","Thursday","Friday","Saturday","Sunday"],"opens":"09:00","closes":"17:00"}]},{"@type":"ImageObject","inLanguage":"fr-FR","@id":"https:\/\/www.artestar.eu\/fr\/de-gros\/perles-de-culture-de-riz\/#local-main-organization-logo","url":"https:\/\/www.artestar.eu\/wp-content\/uploads\/2023\/05\/cropped-png.png","contentUrl":"https:\/\/www.artestar.eu\/wp-content\/uploads\/2023\/05\/cropped-png.png","width":512,"height":512,"caption":"RUBY ABALORIO S.L."}]},"og_availability":"instock","product_availability":"instock","product_retailer_item_id":"ZZ-MZ-0001-0003","product_condition":"new"},"tiered_pricing_type":"fixed","tiered_pricing_fixed_rules":[],"tiered_pricing_percentage_rules":[],"tiered_pricing_minimum":null,"_administrator_tiered_pricing_type":"fixed","_administrator_tiered_pricing_fixed_rules":[],"_editor_tiered_pricing_type":"fixed","_editor_tiered_pricing_fixed_rules":[],"_author_tiered_pricing_type":"fixed","_author_tiered_pricing_fixed_rules":[],"_contributor_tiered_pricing_type":"fixed","_contributor_tiered_pricing_fixed_rules":[],"_subscriber_tiered_pricing_type":"fixed","_subscriber_tiered_pricing_fixed_rules":[],"_wpseo_manager_tiered_pricing_type":"fixed","_wpseo_manager_tiered_pricing_fixed_rules":[],"_wpseo_editor_tiered_pricing_type":"fixed","_wpseo_editor_tiered_pricing_fixed_rules":[],"_customer_tiered_pricing_type":"fixed","_customer_tiered_pricing_fixed_rules":[],"_shop_manager_tiered_pricing_type":"fixed","_shop_manager_tiered_pricing_fixed_rules":[],"_product_manager_tiered_pricing_type":"fixed","_product_manager_tiered_pricing_fixed_rules":[],"_links":{"self":[{"href":"https:\/\/www.artestar.eu\/fr\/wp-json\/wp\/v2\/product\/31225"}],"collection":[{"href":"https:\/\/www.artestar.eu\/fr\/wp-json\/wp\/v2\/product"}],"about":[{"href":"https:\/\/www.artestar.eu\/fr\/wp-json\/wp\/v2\/types\/product"}],"replies":[{"embeddable":true,"href":"https:\/\/www.artestar.eu\/fr\/wp-json\/wp\/v2\/comments?post=31225"}],"version-history":[{"count":2,"href":"https:\/\/www.artestar.eu\/fr\/wp-json\/wp\/v2\/product\/31225\/revisions"}],"predecessor-version":[{"id":37117,"href":"https:\/\/www.artestar.eu\/fr\/wp-json\/wp\/v2\/product\/31225\/revisions\/37117"}],"wp:featuredmedia":[{"embeddable":true,"href":"https:\/\/www.artestar.eu\/fr\/wp-json\/wp\/v2\/media\/13388"}],"wp:attachment":[{"href":"https:\/\/www.artestar.eu\/fr\/wp-json\/wp\/v2\/media?parent=31225"}],"wp:term":[{"taxonomy":"product_cat","embeddable":true,"href":"https:\/\/www.artestar.eu\/fr\/wp-json\/wp\/v2\/product_cat?post=31225"},{"taxonomy":"product_tag","embeddable":true,"href":"https:\/\/www.artestar.eu\/fr\/wp-json\/wp\/v2\/product_tag?post=31225"}],"curies":[{"name":"wp","href":"https:\/\/api.w.org\/{rel}","templated":true}]}}