{"id":31264,"date":"2023-06-06T06:37:33","date_gmt":"2023-06-06T06:37:33","guid":{"rendered":"https:\/\/www.artestar.eu\/al-por-mayor\/hebilla-ot-de-acero-12-unids\/"},"modified":"2023-10-24T06:26:21","modified_gmt":"2023-10-24T06:26:21","slug":"boucle-en-acier","status":"publish","type":"product","link":"https:\/\/www.artestar.eu\/fr\/de-gros\/boucle-en-acier\/","title":{"rendered":"Boucle en acier OT 12pcs."},"content":{"rendered":"<p>Boucle OT en acier : 11 mm &#8211; 13 mm &#8211; 15 mm.<\/p>\n<ul>\n<li>Les fermetures de marin en acier inoxydable offrent une large gamme de tailles de choix faciles et libres pour r\u00e9pondre \u00e0 vos diff\u00e9rents besoins. Ajoutez un charme unique \u00e0 vos bijoux.<\/li>\n<li>Une quantit\u00e9 suffisamment importante pour \u00eatre m\u00e9lang\u00e9e et assortie avec des cha\u00eenes et d\u2019autres objets d\u2019artisanat pr\u00e9f\u00e9r\u00e9s fera un magnifique accessoire de bijoux.<\/li>\n<li>Fabriqu\u00e9s en acier inoxydable de haute qualit\u00e9, les OT ont une surface lisse et seront confortables \u00e0 porter. Ils sont de couleurs vives et ne s\u2019embuent pas facilement, ils sont tr\u00e8s durs et durables et dureront longtemps.<\/li>\n<li>Ces verrous \u00e0 bascule sont faciles \u00e0 utiliser, il suffit de placer la barre transversale sur la boucle afin que la barre soit horizontale et ne se desserre pas lorsqu\u2019elle est port\u00e9e. Ils ne perturberont pas l\u2019\u00e9quilibre du bin\u00f4me et conviennent \u00e0 une large gamme d\u2019accessoires.<\/li>\n<li>Classique et \u00e9l\u00e9gant. Parce que la fermeture IQ Bar et l\u2019anneau de fermeture T-bar sont faciles \u00e0 mettre et servent \u00e0 fabriquer des bracelets, des colliers, des bracelets de cheville et bien plus encore. Un bon connecteur pour un usage quotidien.<\/li>\n<\/ul>\n<p><img decoding=\"async\" class=\"alignnone size-full wp-image-5400\" src=\"https:\/\/www.artestar.eu%E2%80%8B%E2%80%8B%E2%80%8B%E2%80%8B\/wp-content\/uploads\/2023\/06\/stainless-steel-fittings-OT-buckle-gold-toggle-clasps.jpg\" alt=\"Boucle OT en acier\" width=\"600\" height=\"600\" srcset=\"https:\/\/www.artestar.eu\/wp-content\/uploads\/2023\/06\/stainless-steel-fittings-OT-buckle-gold-toggle-clasps.jpg 600w, https:\/\/www.artestar.eu\/wp-content\/uploads\/2023\/06\/stainless-steel-fittings-OT-buckle-gold-toggle-clasps-300x300.jpg 300w, https:\/\/www.artestar.eu\/wp-content\/uploads\/2023\/06\/stainless-steel-fittings-OT-buckle-gold-toggle-clasps-150x150.jpg 150w, https:\/\/www.artestar.eu\/wp-content\/uploads\/2023\/06\/stainless-steel-fittings-OT-buckle-gold-toggle-clasps-450x450.jpg 450w, https:\/\/www.artestar.eu\/wp-content\/uploads\/2023\/06\/stainless-steel-fittings-OT-buckle-gold-toggle-clasps-54x54.jpg 54w\" sizes=\"(max-width: 600px) 100vw, 600px\" \/><\/p>\n<h3>Boucle OT en acier<\/h3>\n<ul>\n<li>Parce que la conception globale des bijoux \u00e0 boucle OT en acier inoxydable est simple et exquise. Qu\u2019il s\u2019agisse d\u2019un accessoire d\u00e9coratif ou pratique, il peut exprimer des go\u00fbts et une personnalit\u00e9 personnels et offrir une exp\u00e9rience de port fiable.<\/li>\n<li>Parce que chaque style a une vari\u00e9t\u00e9 de tailles parmi lesquelles choisir, la quantit\u00e9 est suffisante et la taille est uniforme, ce qui vous permet de cr\u00e9er librement vos accessoires de bijoux pr\u00e9f\u00e9r\u00e9s.<\/li>\n<\/ul>\n","protected":false},"excerpt":{"rendered":"<p><img decoding=\"async\" class=\"alignnone size-full wp-image-8702\" src=\"https:\/\/www.artestar.eu%E2%80%8B%E2%80%8B%E2%80%8B%E2%80%8B\/wp-content\/uploads\/2023\/06\/stainless-steel-fittings-OT-buckle-silver-size.jpg\" alt=\"Boucle OT\" width=\"1000\" height=\"180\" srcset=\"https:\/\/www.artestar.eu\/wp-content\/uploads\/2023\/06\/stainless-steel-fittings-OT-buckle-silver-size.jpg 1000w, https:\/\/www.artestar.eu\/wp-content\/uploads\/2023\/06\/stainless-steel-fittings-OT-buckle-silver-size-300x54.jpg 300w, https:\/\/www.artestar.eu\/wp-content\/uploads\/2023\/06\/stainless-steel-fittings-OT-buckle-silver-size-768x138.jpg 768w, https:\/\/www.artestar.eu\/wp-content\/uploads\/2023\/06\/stainless-steel-fittings-OT-buckle-silver-size-600x108.jpg 600w, https:\/\/www.artestar.eu\/wp-content\/uploads\/2023\/06\/stainless-steel-fittings-OT-buckle-silver-size-90x16.jpg 90w\" sizes=\"(max-width: 1000px) 100vw, 1000px\" \/><\/p>\n<ul>\n<li>Mat\u00e9riau : Acier inoxydable<\/li>\n<li>Veuillez vous r\u00e9f\u00e9rer \u00e0 l\u2019image du produit pour la taille et la quantit\u00e9 d\u00e9taill\u00e9es.<\/li>\n<li>Il est utilis\u00e9 pour fabriquer des bijoux, des d\u00e9corations, de l\u2019artisanat, etc.<\/li>\n<\/ul>\n","protected":false},"featured_media":13378,"comment_status":"open","ping_status":"closed","template":"","meta":[],"product_cat":[2006,1665],"product_tag":[],"yoast_head":"<!-- This site is optimized with the Yoast SEO Premium plugin v20.5 (Yoast SEO v21.5) - https:\/\/yoast.com\/wordpress\/plugins\/seo\/ -->\n<title>Boucle OT en acier - Artestar<\/title>\n<meta name=\"description\" content=\"Les boucles OT en acier sont disponibles en diff\u00e9rentes tailles pour s\u2019adapter \u00e0 diff\u00e9rents styles de mode et pr\u00e9f\u00e9rences personnelles.\" \/>\n<meta name=\"robots\" content=\"index, follow, max-snippet:-1, max-image-preview:large, max-video-preview:-1\" \/>\n<link rel=\"canonical\" href=\"https:\/\/www.artestar.eu\/fr\/de-gros\/boucle-en-acier\/\" \/>\n<meta property=\"og:locale\" content=\"fr_FR\" \/>\n<meta property=\"og:type\" content=\"article\" \/>\n<meta property=\"og:title\" content=\"Boucle en acier OT 12pcs.\" \/>\n<meta property=\"og:description\" content=\"Les boucles OT en acier sont disponibles en diff\u00e9rentes tailles pour s\u2019adapter \u00e0 diff\u00e9rents styles de mode et pr\u00e9f\u00e9rences personnelles.\" \/>\n<meta property=\"og:url\" content=\"https:\/\/www.artestar.eu\/fr\/de-gros\/boucle-en-acier\/\" \/>\n<meta property=\"og:site_name\" content=\"Artestar\" \/>\n<meta property=\"article:publisher\" content=\"https:\/\/www.facebook.com\/ARTESTAREU\" \/>\n<meta property=\"article:modified_time\" content=\"2023-10-24T06:26:21+00:00\" \/>\n<meta property=\"og:image\" content=\"https:\/\/www.artestar.eu\/wp-content\/uploads\/2023\/06\/stainless-steel-fittings-OT-buckle-silver-toggle-clasps.jpg\" \/>\n\t<meta property=\"og:image:width\" content=\"600\" \/>\n\t<meta property=\"og:image:height\" content=\"600\" \/>\n\t<meta property=\"og:image:type\" content=\"image\/jpeg\" \/>\n<meta name=\"twitter:card\" content=\"summary_large_image\" \/>\n<meta name=\"twitter:label1\" content=\"Availability\" \/>\n\t<meta name=\"twitter:data1\" content=\"En stock\" \/>\n<script type=\"application\/ld+json\" class=\"yoast-schema-graph\">{\"@context\":\"https:\/\/schema.org\",\"@graph\":[{\"@type\":\"WebPage\",\"@id\":\"https:\/\/www.artestar.eu\/fr\/de-gros\/boucle-en-acier\/\",\"url\":\"https:\/\/www.artestar.eu\/fr\/de-gros\/boucle-en-acier\/\",\"name\":\"Boucle OT en acier - Artestar\",\"isPartOf\":{\"@id\":\"https:\/\/www.artestar.eu\/fr\/#website\"},\"datePublished\":\"2023-06-06T06:37:33+00:00\",\"dateModified\":\"2023-10-24T06:26:21+00:00\",\"description\":\"Les boucles OT en acier sont disponibles en diff\u00e9rentes tailles pour s\u2019adapter \u00e0 diff\u00e9rents styles de mode et pr\u00e9f\u00e9rences personnelles.\",\"breadcrumb\":{\"@id\":\"https:\/\/www.artestar.eu\/fr\/de-gros\/boucle-en-acier\/#breadcrumb\"},\"inLanguage\":\"fr-FR\",\"potentialAction\":[{\"@type\":\"ReadAction\",\"target\":[\"https:\/\/www.artestar.eu\/fr\/de-gros\/boucle-en-acier\/\"]}]},{\"@type\":\"BreadcrumbList\",\"@id\":\"https:\/\/www.artestar.eu\/fr\/de-gros\/boucle-en-acier\/#breadcrumb\",\"itemListElement\":[{\"@type\":\"ListItem\",\"position\":1,\"name\":\"Artestar\",\"item\":\"https:\/\/www.artestar.eu\/fr\/\"},{\"@type\":\"ListItem\",\"position\":2,\"name\":\"De gros\",\"item\":\"https:\/\/www.artestar.eu\/fr\/de-gros\/\"},{\"@type\":\"ListItem\",\"position\":3,\"name\":\"Boucle en acier OT 12pcs.\"}]},{\"@type\":\"WebSite\",\"@id\":\"https:\/\/www.artestar.eu\/fr\/#website\",\"url\":\"https:\/\/www.artestar.eu\/fr\/\",\"name\":\"Artestar\",\"description\":\"Mayorista en abalorios y joyer\u00eda\",\"publisher\":{\"@id\":\"https:\/\/www.artestar.eu\/fr\/#organization\"},\"alternateName\":\"Artestar-EU\",\"potentialAction\":[{\"@type\":\"SearchAction\",\"target\":{\"@type\":\"EntryPoint\",\"urlTemplate\":\"https:\/\/www.artestar.eu\/fr\/?s={search_term_string}\"},\"query-input\":\"required name=search_term_string\"}],\"inLanguage\":\"fr-FR\"},{\"@type\":[\"Organization\",\"Place\"],\"@id\":\"https:\/\/www.artestar.eu\/fr\/#organization\",\"name\":\"RUBY ABALORIO S.L.\",\"alternateName\":\"Artestar\",\"url\":\"https:\/\/www.artestar.eu\/fr\/\",\"logo\":{\"@id\":\"https:\/\/www.artestar.eu\/fr\/de-gros\/boucle-en-acier\/#local-main-organization-logo\"},\"image\":{\"@id\":\"https:\/\/www.artestar.eu\/fr\/de-gros\/boucle-en-acier\/#local-main-organization-logo\"},\"sameAs\":[\"https:\/\/www.facebook.com\/ARTESTAREU\",\"https:\/\/www.instagram.com\/artestareu\/\",\"https:\/\/www.pinterest.es\/artestar_eu\/\",\"https:\/\/www.tiktok.com\/@artestar_wholesale\"],\"openingHoursSpecification\":[{\"@type\":\"OpeningHoursSpecification\",\"dayOfWeek\":[\"Monday\",\"Tuesday\",\"Wednesday\",\"Thursday\",\"Friday\",\"Saturday\",\"Sunday\"],\"opens\":\"09:00\",\"closes\":\"17:00\"}]},{\"@type\":\"ImageObject\",\"inLanguage\":\"fr-FR\",\"@id\":\"https:\/\/www.artestar.eu\/fr\/de-gros\/boucle-en-acier\/#local-main-organization-logo\",\"url\":\"https:\/\/www.artestar.eu\/wp-content\/uploads\/2023\/05\/cropped-png.png\",\"contentUrl\":\"https:\/\/www.artestar.eu\/wp-content\/uploads\/2023\/05\/cropped-png.png\",\"width\":512,\"height\":512,\"caption\":\"RUBY ABALORIO S.L.\"}]}<\/script>\n<meta property=\"og:availability\" content=\"instock\" \/>\n<meta property=\"product:availability\" content=\"instock\" \/>\n<meta property=\"product:retailer_item_id\" content=\"BXG0062-0064\" \/>\n<meta property=\"product:condition\" content=\"new\" \/>\n<!-- \/ Yoast SEO Premium plugin. -->","yoast_head_json":{"title":"Boucle OT en acier - Artestar","description":"Les boucles OT en acier sont disponibles en diff\u00e9rentes tailles pour s\u2019adapter \u00e0 diff\u00e9rents styles de mode et pr\u00e9f\u00e9rences personnelles.","robots":{"index":"index","follow":"follow","max-snippet":"max-snippet:-1","max-image-preview":"max-image-preview:large","max-video-preview":"max-video-preview:-1"},"canonical":"https:\/\/www.artestar.eu\/fr\/de-gros\/boucle-en-acier\/","og_locale":"fr_FR","og_type":"article","og_title":"Boucle en acier OT 12pcs.","og_description":"Les boucles OT en acier sont disponibles en diff\u00e9rentes tailles pour s\u2019adapter \u00e0 diff\u00e9rents styles de mode et pr\u00e9f\u00e9rences personnelles.","og_url":"https:\/\/www.artestar.eu\/fr\/de-gros\/boucle-en-acier\/","og_site_name":"Artestar","article_publisher":"https:\/\/www.facebook.com\/ARTESTAREU","article_modified_time":"2023-10-24T06:26:21+00:00","og_image":[{"width":600,"height":600,"url":"https:\/\/www.artestar.eu\/wp-content\/uploads\/2023\/06\/stainless-steel-fittings-OT-buckle-silver-toggle-clasps.jpg","type":"image\/jpeg"}],"twitter_card":"summary_large_image","twitter_misc":{"Availability":"En stock"},"schema":{"@context":"https:\/\/schema.org","@graph":[{"@type":"WebPage","@id":"https:\/\/www.artestar.eu\/fr\/de-gros\/boucle-en-acier\/","url":"https:\/\/www.artestar.eu\/fr\/de-gros\/boucle-en-acier\/","name":"Boucle OT en acier - Artestar","isPartOf":{"@id":"https:\/\/www.artestar.eu\/fr\/#website"},"datePublished":"2023-06-06T06:37:33+00:00","dateModified":"2023-10-24T06:26:21+00:00","description":"Les boucles OT en acier sont disponibles en diff\u00e9rentes tailles pour s\u2019adapter \u00e0 diff\u00e9rents styles de mode et pr\u00e9f\u00e9rences personnelles.","breadcrumb":{"@id":"https:\/\/www.artestar.eu\/fr\/de-gros\/boucle-en-acier\/#breadcrumb"},"inLanguage":"fr-FR","potentialAction":[{"@type":"ReadAction","target":["https:\/\/www.artestar.eu\/fr\/de-gros\/boucle-en-acier\/"]}]},{"@type":"BreadcrumbList","@id":"https:\/\/www.artestar.eu\/fr\/de-gros\/boucle-en-acier\/#breadcrumb","itemListElement":[{"@type":"ListItem","position":1,"name":"Artestar","item":"https:\/\/www.artestar.eu\/fr\/"},{"@type":"ListItem","position":2,"name":"De gros","item":"https:\/\/www.artestar.eu\/fr\/de-gros\/"},{"@type":"ListItem","position":3,"name":"Boucle en acier OT 12pcs."}]},{"@type":"WebSite","@id":"https:\/\/www.artestar.eu\/fr\/#website","url":"https:\/\/www.artestar.eu\/fr\/","name":"Artestar","description":"Mayorista en abalorios y joyer\u00eda","publisher":{"@id":"https:\/\/www.artestar.eu\/fr\/#organization"},"alternateName":"Artestar-EU","potentialAction":[{"@type":"SearchAction","target":{"@type":"EntryPoint","urlTemplate":"https:\/\/www.artestar.eu\/fr\/?s={search_term_string}"},"query-input":"required name=search_term_string"}],"inLanguage":"fr-FR"},{"@type":["Organization","Place"],"@id":"https:\/\/www.artestar.eu\/fr\/#organization","name":"RUBY ABALORIO S.L.","alternateName":"Artestar","url":"https:\/\/www.artestar.eu\/fr\/","logo":{"@id":"https:\/\/www.artestar.eu\/fr\/de-gros\/boucle-en-acier\/#local-main-organization-logo"},"image":{"@id":"https:\/\/www.artestar.eu\/fr\/de-gros\/boucle-en-acier\/#local-main-organization-logo"},"sameAs":["https:\/\/www.facebook.com\/ARTESTAREU","https:\/\/www.instagram.com\/artestareu\/","https:\/\/www.pinterest.es\/artestar_eu\/","https:\/\/www.tiktok.com\/@artestar_wholesale"],"openingHoursSpecification":[{"@type":"OpeningHoursSpecification","dayOfWeek":["Monday","Tuesday","Wednesday","Thursday","Friday","Saturday","Sunday"],"opens":"09:00","closes":"17:00"}]},{"@type":"ImageObject","inLanguage":"fr-FR","@id":"https:\/\/www.artestar.eu\/fr\/de-gros\/boucle-en-acier\/#local-main-organization-logo","url":"https:\/\/www.artestar.eu\/wp-content\/uploads\/2023\/05\/cropped-png.png","contentUrl":"https:\/\/www.artestar.eu\/wp-content\/uploads\/2023\/05\/cropped-png.png","width":512,"height":512,"caption":"RUBY ABALORIO S.L."}]},"og_availability":"instock","product_availability":"instock","product_retailer_item_id":"BXG0062-0064","product_condition":"new"},"tiered_pricing_type":"fixed","tiered_pricing_fixed_rules":[],"tiered_pricing_percentage_rules":[],"tiered_pricing_minimum":null,"_administrator_tiered_pricing_type":"fixed","_administrator_tiered_pricing_fixed_rules":[],"_editor_tiered_pricing_type":"fixed","_editor_tiered_pricing_fixed_rules":[],"_author_tiered_pricing_type":"fixed","_author_tiered_pricing_fixed_rules":[],"_contributor_tiered_pricing_type":"fixed","_contributor_tiered_pricing_fixed_rules":[],"_subscriber_tiered_pricing_type":"fixed","_subscriber_tiered_pricing_fixed_rules":[],"_wpseo_manager_tiered_pricing_type":"fixed","_wpseo_manager_tiered_pricing_fixed_rules":[],"_wpseo_editor_tiered_pricing_type":"fixed","_wpseo_editor_tiered_pricing_fixed_rules":[],"_customer_tiered_pricing_type":"fixed","_customer_tiered_pricing_fixed_rules":[],"_shop_manager_tiered_pricing_type":"fixed","_shop_manager_tiered_pricing_fixed_rules":[],"_product_manager_tiered_pricing_type":"fixed","_product_manager_tiered_pricing_fixed_rules":[],"_links":{"self":[{"href":"https:\/\/www.artestar.eu\/fr\/wp-json\/wp\/v2\/product\/31264"}],"collection":[{"href":"https:\/\/www.artestar.eu\/fr\/wp-json\/wp\/v2\/product"}],"about":[{"href":"https:\/\/www.artestar.eu\/fr\/wp-json\/wp\/v2\/types\/product"}],"replies":[{"embeddable":true,"href":"https:\/\/www.artestar.eu\/fr\/wp-json\/wp\/v2\/comments?post=31264"}],"version-history":[{"count":3,"href":"https:\/\/www.artestar.eu\/fr\/wp-json\/wp\/v2\/product\/31264\/revisions"}],"predecessor-version":[{"id":37107,"href":"https:\/\/www.artestar.eu\/fr\/wp-json\/wp\/v2\/product\/31264\/revisions\/37107"}],"wp:featuredmedia":[{"embeddable":true,"href":"https:\/\/www.artestar.eu\/fr\/wp-json\/wp\/v2\/media\/13378"}],"wp:attachment":[{"href":"https:\/\/www.artestar.eu\/fr\/wp-json\/wp\/v2\/media?parent=31264"}],"wp:term":[{"taxonomy":"product_cat","embeddable":true,"href":"https:\/\/www.artestar.eu\/fr\/wp-json\/wp\/v2\/product_cat?post=31264"},{"taxonomy":"product_tag","embeddable":true,"href":"https:\/\/www.artestar.eu\/fr\/wp-json\/wp\/v2\/product_tag?post=31264"}],"curies":[{"name":"wp","href":"https:\/\/api.w.org\/{rel}","templated":true}]}}