{"id":31303,"date":"2023-06-06T05:56:08","date_gmt":"2023-06-06T05:56:08","guid":{"rendered":"https:\/\/www.artestar.eu\/al-por-mayor\/dos-lados-pulidos-perlas-cultivadas-perforado-central\/"},"modified":"2023-10-24T06:37:32","modified_gmt":"2023-10-24T06:37:32","slug":"perles-polies-recto-verso-cultivees-2","status":"publish","type":"product","link":"https:\/\/www.artestar.eu\/fr\/de-gros\/perles-polies-recto-verso-cultivees-2\/","title":{"rendered":"Perles de culture polies \u00e0 deux c\u00f4t\u00e9s (perfor\u00e9es centrales)"},"content":{"rendered":"<p>Perles de culture polies \u00e0 deux c\u00f4t\u00e9s (perfor\u00e9es centrales): Chaque perle double face est faite de perles naturelles soigneusement s\u00e9lectionn\u00e9es, de surface lisse, de couleurs vives et vives. Diff\u00e9rentes tailles de perles ajouteront une splendeur diff\u00e9rente \u00e0 vos projets d\u2019artisanat.<\/p>\n<ul>\n<li>Ces perles d\u2019hu\u00eetres 100% d\u2019eau douce ont chacune un petit trou qui peut \u00eatre facilement enfil\u00e9 avec des crochets, des anneaux, des \u00e9pingles, du fil de perles, etc. et facilement ajout\u00e9 \u00e0 d\u2019autres pi\u00e8ces.<\/li>\n<li>Les perles de lustre des deux c\u00f4t\u00e9s peuvent \u00eatre utilis\u00e9es dans une vari\u00e9t\u00e9 de bijoux, tels que des colliers, des bracelets, des boucles d\u2019oreilles et des bagues. Ses propri\u00e9t\u00e9s lustr\u00e9es des deux c\u00f4t\u00e9s ajoutent un \u00e9clat unique et attrayant aux bijoux. Selon la forme et la luminosit\u00e9 de la perle, les concepteurs peuvent cr\u00e9er diff\u00e9rents effets visuels et lib\u00e9rer leur cr\u00e9ativit\u00e9.<\/li>\n<li>Ces perles de culture d\u2019eau douce sont de magnifiques accessoires artisanaux. Ils conviennent \u00e9galement aux maisons, aux f\u00eates, aux mariages, aux d\u00e9corations, aux garnitures de vases, aux capteurs de r\u00eaves et autres objets d\u2019artisanat.<\/li>\n<li>Qu\u2019il s\u2019agisse d\u2019un anniversaire, d\u2019un mariage, ou d\u2019une autre occasion sp\u00e9ciale. Les bijoux de la collection Baroque Pearls sont un beau cadeau plein de sens. Exprimez une affection particuli\u00e8re et vos meilleurs v\u0153ux au destinataire. Et cela devient un tr\u00e9sor \u00e9ternel.<\/li>\n<li>Toutes les perles de culture naturelles sont uniques. En raison de l\u2019\u00e9clairage et des param\u00e8tres de l\u2019ordinateur, le produit re\u00e7u peut varier l\u00e9g\u00e8rement, veuillez lire les tailles des diff\u00e9rentes perles avant d\u2019acheter.<\/li>\n<\/ul>\n<h5>Perles de culture polies \u00e0 deux c\u00f4t\u00e9s (perfor\u00e9es centrales)<\/h5>\n<ul>\n<li>On dit que les perles de culture d\u2019eau douce naturelles sont non seulement belles, mais ont \u00e9galement des pouvoirs de gu\u00e9rison. Ils peuvent aider \u00e0 calmer le c\u0153ur; D\u00e9barrassez-vous de la d\u00e9pression caus\u00e9e par la phobie sociale ou les attaques de panique et les faibles niveaux de s\u00e9rotonine.<\/li>\n<li>Am\u00e9liorer la m\u00e9moire en activant la production de facteurs de croissance dans les cellules nerveuses du cerveau. Et stimuler la production de collag\u00e8ne, qui r\u00e9g\u00e9n\u00e8re rapidement la couche de peau de notre corps, nous faisant sentir beaux et vibrants.<\/li>\n<\/ul>\n","protected":false},"excerpt":{"rendered":"<ul>\n<li>3-4mm: env. 100pcs.<\/li>\n<li>Mat\u00e9riel: perles d\u2019eau douce de culture naturelles<\/li>\n<li>Utilis\u00e9 pour fabriquer des colliers, bracelets et autres bijoux<\/li>\n<\/ul>\n","protected":false},"featured_media":13363,"comment_status":"open","ping_status":"closed","template":"","meta":[],"product_cat":[1992,1489,1509],"product_tag":[],"yoast_head":"<!-- This site is optimized with the Yoast SEO Premium plugin v20.5 (Yoast SEO v21.5) - https:\/\/yoast.com\/wordpress\/plugins\/seo\/ -->\n<title>Perles de culture polies \u00e0 deux faces - Artestar<\/title>\n<meta name=\"description\" content=\"Les perles de culture d\u2019eau douce sont d\u2019excellents accessoires pour l\u2019artisanat. Toutes les perles de culture naturelles sont uniques.\" \/>\n<meta name=\"robots\" content=\"index, follow, max-snippet:-1, max-image-preview:large, max-video-preview:-1\" \/>\n<link rel=\"canonical\" href=\"https:\/\/www.artestar.eu\/fr\/de-gros\/perles-polies-recto-verso-cultivees-2\/\" \/>\n<meta property=\"og:locale\" content=\"fr_FR\" \/>\n<meta property=\"og:type\" content=\"article\" \/>\n<meta property=\"og:title\" content=\"Perles de culture polies \u00e0 deux c\u00f4t\u00e9s (perfor\u00e9es centrales)\" \/>\n<meta property=\"og:description\" content=\"Les perles de culture d\u2019eau douce sont d\u2019excellents accessoires pour l\u2019artisanat. Toutes les perles de culture naturelles sont uniques.\" \/>\n<meta property=\"og:url\" content=\"https:\/\/www.artestar.eu\/fr\/de-gros\/perles-polies-recto-verso-cultivees-2\/\" \/>\n<meta property=\"og:site_name\" content=\"Artestar\" \/>\n<meta property=\"article:publisher\" content=\"https:\/\/www.facebook.com\/ARTESTAREU\" \/>\n<meta property=\"article:modified_time\" content=\"2023-10-24T06:37:32+00:00\" \/>\n<meta property=\"og:image\" content=\"https:\/\/www.artestar.eu\/wp-content\/uploads\/2023\/06\/freshwater-cultured-pearls-12.jpg\" \/>\n\t<meta property=\"og:image:width\" content=\"600\" \/>\n\t<meta property=\"og:image:height\" content=\"600\" \/>\n\t<meta property=\"og:image:type\" content=\"image\/jpeg\" \/>\n<meta name=\"twitter:card\" content=\"summary_large_image\" \/>\n<meta name=\"twitter:label1\" content=\"Prix\" \/>\n\t<meta name=\"twitter:data1\" content=\"4,83&nbsp;&euro; (TVA NON incluse)\" \/>\n\t<meta name=\"twitter:label2\" content=\"Availability\" \/>\n\t<meta name=\"twitter:data2\" content=\"En stock\" \/>\n<script type=\"application\/ld+json\" class=\"yoast-schema-graph\">{\"@context\":\"https:\/\/schema.org\",\"@graph\":[{\"@type\":\"WebPage\",\"@id\":\"https:\/\/www.artestar.eu\/fr\/de-gros\/perles-polies-recto-verso-cultivees-2\/\",\"url\":\"https:\/\/www.artestar.eu\/fr\/de-gros\/perles-polies-recto-verso-cultivees-2\/\",\"name\":\"Perles de culture polies \u00e0 deux faces - Artestar\",\"isPartOf\":{\"@id\":\"https:\/\/www.artestar.eu\/fr\/#website\"},\"datePublished\":\"2023-06-06T05:56:08+00:00\",\"dateModified\":\"2023-10-24T06:37:32+00:00\",\"description\":\"Les perles de culture d\u2019eau douce sont d\u2019excellents accessoires pour l\u2019artisanat. Toutes les perles de culture naturelles sont uniques.\",\"breadcrumb\":{\"@id\":\"https:\/\/www.artestar.eu\/fr\/de-gros\/perles-polies-recto-verso-cultivees-2\/#breadcrumb\"},\"inLanguage\":\"fr-FR\",\"potentialAction\":[{\"@type\":\"ReadAction\",\"target\":[\"https:\/\/www.artestar.eu\/fr\/de-gros\/perles-polies-recto-verso-cultivees-2\/\"]}]},{\"@type\":\"BreadcrumbList\",\"@id\":\"https:\/\/www.artestar.eu\/fr\/de-gros\/perles-polies-recto-verso-cultivees-2\/#breadcrumb\",\"itemListElement\":[{\"@type\":\"ListItem\",\"position\":1,\"name\":\"Artestar\",\"item\":\"https:\/\/www.artestar.eu\/fr\/\"},{\"@type\":\"ListItem\",\"position\":2,\"name\":\"De gros\",\"item\":\"https:\/\/www.artestar.eu\/fr\/de-gros\/\"},{\"@type\":\"ListItem\",\"position\":3,\"name\":\"Perles de culture polies \u00e0 deux c\u00f4t\u00e9s (perfor\u00e9es centrales)\"}]},{\"@type\":\"WebSite\",\"@id\":\"https:\/\/www.artestar.eu\/fr\/#website\",\"url\":\"https:\/\/www.artestar.eu\/fr\/\",\"name\":\"Artestar\",\"description\":\"Mayorista en abalorios y joyer\u00eda\",\"publisher\":{\"@id\":\"https:\/\/www.artestar.eu\/fr\/#organization\"},\"alternateName\":\"Artestar-EU\",\"potentialAction\":[{\"@type\":\"SearchAction\",\"target\":{\"@type\":\"EntryPoint\",\"urlTemplate\":\"https:\/\/www.artestar.eu\/fr\/?s={search_term_string}\"},\"query-input\":\"required name=search_term_string\"}],\"inLanguage\":\"fr-FR\"},{\"@type\":[\"Organization\",\"Place\"],\"@id\":\"https:\/\/www.artestar.eu\/fr\/#organization\",\"name\":\"RUBY ABALORIO S.L.\",\"alternateName\":\"Artestar\",\"url\":\"https:\/\/www.artestar.eu\/fr\/\",\"logo\":{\"@id\":\"https:\/\/www.artestar.eu\/fr\/de-gros\/perles-polies-recto-verso-cultivees-2\/#local-main-organization-logo\"},\"image\":{\"@id\":\"https:\/\/www.artestar.eu\/fr\/de-gros\/perles-polies-recto-verso-cultivees-2\/#local-main-organization-logo\"},\"sameAs\":[\"https:\/\/www.facebook.com\/ARTESTAREU\",\"https:\/\/www.instagram.com\/artestareu\/\",\"https:\/\/www.pinterest.es\/artestar_eu\/\",\"https:\/\/www.tiktok.com\/@artestar_wholesale\"],\"openingHoursSpecification\":[{\"@type\":\"OpeningHoursSpecification\",\"dayOfWeek\":[\"Monday\",\"Tuesday\",\"Wednesday\",\"Thursday\",\"Friday\",\"Saturday\",\"Sunday\"],\"opens\":\"09:00\",\"closes\":\"17:00\"}]},{\"@type\":\"ImageObject\",\"inLanguage\":\"fr-FR\",\"@id\":\"https:\/\/www.artestar.eu\/fr\/de-gros\/perles-polies-recto-verso-cultivees-2\/#local-main-organization-logo\",\"url\":\"https:\/\/www.artestar.eu\/wp-content\/uploads\/2023\/05\/cropped-png.png\",\"contentUrl\":\"https:\/\/www.artestar.eu\/wp-content\/uploads\/2023\/05\/cropped-png.png\",\"width\":512,\"height\":512,\"caption\":\"RUBY ABALORIO S.L.\"}]}<\/script>\n<meta property=\"product:price:amount\" content=\"4.83\" \/>\n<meta property=\"product:price:currency\" content=\"EUR\" \/>\n<meta property=\"og:availability\" content=\"instock\" \/>\n<meta property=\"product:availability\" content=\"instock\" \/>\n<meta property=\"product:retailer_item_id\" content=\"ZZ-LMG-0003\" \/>\n<meta property=\"product:condition\" content=\"new\" \/>\n<!-- \/ Yoast SEO Premium plugin. -->","yoast_head_json":{"title":"Perles de culture polies \u00e0 deux faces - Artestar","description":"Les perles de culture d\u2019eau douce sont d\u2019excellents accessoires pour l\u2019artisanat. Toutes les perles de culture naturelles sont uniques.","robots":{"index":"index","follow":"follow","max-snippet":"max-snippet:-1","max-image-preview":"max-image-preview:large","max-video-preview":"max-video-preview:-1"},"canonical":"https:\/\/www.artestar.eu\/fr\/de-gros\/perles-polies-recto-verso-cultivees-2\/","og_locale":"fr_FR","og_type":"article","og_title":"Perles de culture polies \u00e0 deux c\u00f4t\u00e9s (perfor\u00e9es centrales)","og_description":"Les perles de culture d\u2019eau douce sont d\u2019excellents accessoires pour l\u2019artisanat. Toutes les perles de culture naturelles sont uniques.","og_url":"https:\/\/www.artestar.eu\/fr\/de-gros\/perles-polies-recto-verso-cultivees-2\/","og_site_name":"Artestar","article_publisher":"https:\/\/www.facebook.com\/ARTESTAREU","article_modified_time":"2023-10-24T06:37:32+00:00","og_image":[{"width":600,"height":600,"url":"https:\/\/www.artestar.eu\/wp-content\/uploads\/2023\/06\/freshwater-cultured-pearls-12.jpg","type":"image\/jpeg"}],"twitter_card":"summary_large_image","twitter_misc":{"Prix":"4,83&nbsp;&euro; (TVA NON incluse)","Availability":"En stock"},"schema":{"@context":"https:\/\/schema.org","@graph":[{"@type":"WebPage","@id":"https:\/\/www.artestar.eu\/fr\/de-gros\/perles-polies-recto-verso-cultivees-2\/","url":"https:\/\/www.artestar.eu\/fr\/de-gros\/perles-polies-recto-verso-cultivees-2\/","name":"Perles de culture polies \u00e0 deux faces - Artestar","isPartOf":{"@id":"https:\/\/www.artestar.eu\/fr\/#website"},"datePublished":"2023-06-06T05:56:08+00:00","dateModified":"2023-10-24T06:37:32+00:00","description":"Les perles de culture d\u2019eau douce sont d\u2019excellents accessoires pour l\u2019artisanat. Toutes les perles de culture naturelles sont uniques.","breadcrumb":{"@id":"https:\/\/www.artestar.eu\/fr\/de-gros\/perles-polies-recto-verso-cultivees-2\/#breadcrumb"},"inLanguage":"fr-FR","potentialAction":[{"@type":"ReadAction","target":["https:\/\/www.artestar.eu\/fr\/de-gros\/perles-polies-recto-verso-cultivees-2\/"]}]},{"@type":"BreadcrumbList","@id":"https:\/\/www.artestar.eu\/fr\/de-gros\/perles-polies-recto-verso-cultivees-2\/#breadcrumb","itemListElement":[{"@type":"ListItem","position":1,"name":"Artestar","item":"https:\/\/www.artestar.eu\/fr\/"},{"@type":"ListItem","position":2,"name":"De gros","item":"https:\/\/www.artestar.eu\/fr\/de-gros\/"},{"@type":"ListItem","position":3,"name":"Perles de culture polies \u00e0 deux c\u00f4t\u00e9s (perfor\u00e9es centrales)"}]},{"@type":"WebSite","@id":"https:\/\/www.artestar.eu\/fr\/#website","url":"https:\/\/www.artestar.eu\/fr\/","name":"Artestar","description":"Mayorista en abalorios y joyer\u00eda","publisher":{"@id":"https:\/\/www.artestar.eu\/fr\/#organization"},"alternateName":"Artestar-EU","potentialAction":[{"@type":"SearchAction","target":{"@type":"EntryPoint","urlTemplate":"https:\/\/www.artestar.eu\/fr\/?s={search_term_string}"},"query-input":"required name=search_term_string"}],"inLanguage":"fr-FR"},{"@type":["Organization","Place"],"@id":"https:\/\/www.artestar.eu\/fr\/#organization","name":"RUBY ABALORIO S.L.","alternateName":"Artestar","url":"https:\/\/www.artestar.eu\/fr\/","logo":{"@id":"https:\/\/www.artestar.eu\/fr\/de-gros\/perles-polies-recto-verso-cultivees-2\/#local-main-organization-logo"},"image":{"@id":"https:\/\/www.artestar.eu\/fr\/de-gros\/perles-polies-recto-verso-cultivees-2\/#local-main-organization-logo"},"sameAs":["https:\/\/www.facebook.com\/ARTESTAREU","https:\/\/www.instagram.com\/artestareu\/","https:\/\/www.pinterest.es\/artestar_eu\/","https:\/\/www.tiktok.com\/@artestar_wholesale"],"openingHoursSpecification":[{"@type":"OpeningHoursSpecification","dayOfWeek":["Monday","Tuesday","Wednesday","Thursday","Friday","Saturday","Sunday"],"opens":"09:00","closes":"17:00"}]},{"@type":"ImageObject","inLanguage":"fr-FR","@id":"https:\/\/www.artestar.eu\/fr\/de-gros\/perles-polies-recto-verso-cultivees-2\/#local-main-organization-logo","url":"https:\/\/www.artestar.eu\/wp-content\/uploads\/2023\/05\/cropped-png.png","contentUrl":"https:\/\/www.artestar.eu\/wp-content\/uploads\/2023\/05\/cropped-png.png","width":512,"height":512,"caption":"RUBY ABALORIO S.L."}]},"product_price_amount":"4.83","product_price_currency":"EUR","og_availability":"instock","product_availability":"instock","product_retailer_item_id":"ZZ-LMG-0003","product_condition":"new"},"tiered_pricing_type":"fixed","tiered_pricing_fixed_rules":[],"tiered_pricing_percentage_rules":[],"tiered_pricing_minimum":null,"_administrator_tiered_pricing_type":"fixed","_administrator_tiered_pricing_fixed_rules":[],"_editor_tiered_pricing_type":"fixed","_editor_tiered_pricing_fixed_rules":[],"_author_tiered_pricing_type":"fixed","_author_tiered_pricing_fixed_rules":[],"_contributor_tiered_pricing_type":"fixed","_contributor_tiered_pricing_fixed_rules":[],"_subscriber_tiered_pricing_type":"fixed","_subscriber_tiered_pricing_fixed_rules":[],"_wpseo_manager_tiered_pricing_type":"fixed","_wpseo_manager_tiered_pricing_fixed_rules":[],"_wpseo_editor_tiered_pricing_type":"fixed","_wpseo_editor_tiered_pricing_fixed_rules":[],"_customer_tiered_pricing_type":"fixed","_customer_tiered_pricing_fixed_rules":[],"_shop_manager_tiered_pricing_type":"fixed","_shop_manager_tiered_pricing_fixed_rules":[],"_product_manager_tiered_pricing_type":"fixed","_product_manager_tiered_pricing_fixed_rules":[],"_links":{"self":[{"href":"https:\/\/www.artestar.eu\/fr\/wp-json\/wp\/v2\/product\/31303"}],"collection":[{"href":"https:\/\/www.artestar.eu\/fr\/wp-json\/wp\/v2\/product"}],"about":[{"href":"https:\/\/www.artestar.eu\/fr\/wp-json\/wp\/v2\/types\/product"}],"replies":[{"embeddable":true,"href":"https:\/\/www.artestar.eu\/fr\/wp-json\/wp\/v2\/comments?post=31303"}],"version-history":[{"count":3,"href":"https:\/\/www.artestar.eu\/fr\/wp-json\/wp\/v2\/product\/31303\/revisions"}],"predecessor-version":[{"id":37118,"href":"https:\/\/www.artestar.eu\/fr\/wp-json\/wp\/v2\/product\/31303\/revisions\/37118"}],"wp:featuredmedia":[{"embeddable":true,"href":"https:\/\/www.artestar.eu\/fr\/wp-json\/wp\/v2\/media\/13363"}],"wp:attachment":[{"href":"https:\/\/www.artestar.eu\/fr\/wp-json\/wp\/v2\/media?parent=31303"}],"wp:term":[{"taxonomy":"product_cat","embeddable":true,"href":"https:\/\/www.artestar.eu\/fr\/wp-json\/wp\/v2\/product_cat?post=31303"},{"taxonomy":"product_tag","embeddable":true,"href":"https:\/\/www.artestar.eu\/fr\/wp-json\/wp\/v2\/product_tag?post=31303"}],"curies":[{"name":"wp","href":"https:\/\/api.w.org\/{rel}","templated":true}]}}