{"id":31336,"date":"2023-06-05T05:26:57","date_gmt":"2023-06-05T05:26:57","guid":{"rendered":"https:\/\/www.artestar.eu\/al-por-mayor\/anillas-abiertas-de-acero\/"},"modified":"2023-10-25T02:52:54","modified_gmt":"2023-10-25T02:52:54","slug":"anneaux-en-acier-ouverts","status":"publish","type":"product","link":"https:\/\/www.artestar.eu\/fr\/de-gros\/anneaux-en-acier-ouverts\/","title":{"rendered":"Anneaux ouverts en acier"},"content":{"rendered":"<p>Anneaux ouverts en acier : L\u2019anneau ouvert est fabriqu\u00e9 en acier inoxydable de haute qualit\u00e9. Compar\u00e9 \u00e0 d\u2019autres alliages m\u00e9talliques, il offre une bonne stabilit\u00e9 et une bonne r\u00e9sistance \u00e0 la corrosion, une durabilit\u00e9 et une longue dur\u00e9e de vie. Et avec ses faibles co\u00fbts d\u2019entretien, il est id\u00e9al pour de nombreux mod\u00e8les de bijoux.<\/p>\n<ul>\n<li>Il existe une vari\u00e9t\u00e9 de tailles de bagues ouvertes disponibles, alors n\u2019h\u00e9sitez pas \u00e0 choisir celle qui convient \u00e0 vos id\u00e9es de bricolage pr\u00e9f\u00e9r\u00e9es. Il y en a \u00e9galement assez pour un usage quotidien et de rechange.<\/li>\n<li>Les anneaux ouverts sont souvent utilis\u00e9s comme connecteurs dans la fabrication de bijoux. Vous pouvez utiliser les anneaux de jonction avec votre ouvre-outil et ils sont faciles \u00e0 ouvrir et \u00e0 fermer. Il peut \u00eatre utilis\u00e9 pour r\u00e9parer votre collier ou d\u2019autres bijoux et sera un excellent choix d\u2019accessoire pour vos bijoux.<\/li>\n<li>Nos anneaux ouverts sont utilis\u00e9s dans une large gamme d\u2019applications de bijouterie. Par exemple, ils peuvent \u00eatre utilis\u00e9s avec diverses cha\u00eenes pour cr\u00e9er des bracelets, des colliers, des boucles d\u2019oreilles, des pendentifs, des bracelets de cheville d\u00e9licats, etc. Ils peuvent \u00e9galement \u00eatre utilis\u00e9s comme porte-cl\u00e9s, porte-cl\u00e9s avec pendentifs et autres projets cr\u00e9atifs.<\/li>\n<\/ul>\n<p><img decoding=\"async\" class=\"alignnone size-full wp-image-5801\" src=\"https:\/\/www.artestar.eu%E2%80%8B%E2%80%8B%E2%80%8B%E2%80%8B\/wp-content\/uploads\/2023\/06\/Open-ring-jump-ring-01.jpg\" alt=\"Anneaux ouverts en acier\" width=\"600\" height=\"600\" srcset=\"https:\/\/www.artestar.eu\/wp-content\/uploads\/2023\/06\/Open-ring-jump-ring-01.jpg 600w, https:\/\/www.artestar.eu\/wp-content\/uploads\/2023\/06\/Open-ring-jump-ring-01-300x300.jpg 300w, https:\/\/www.artestar.eu\/wp-content\/uploads\/2023\/06\/Open-ring-jump-ring-01-150x150.jpg 150w, https:\/\/www.artestar.eu\/wp-content\/uploads\/2023\/06\/Open-ring-jump-ring-01-450x450.jpg 450w, https:\/\/www.artestar.eu\/wp-content\/uploads\/2023\/06\/Open-ring-jump-ring-01-54x54.jpg 54w\" sizes=\"(max-width: 600px) 100vw, 600px\" \/><\/p>\n<p>&nbsp;<\/p>\n<h3>Anneaux ouverts en acier inoxydable<\/h3>\n<ul>\n<li>Debido a que es tan f\u00e1cil trabajar con los anillos abiertos, pueden hacer que su proyecto de manualidades sea muy divertido. Vous pouvez utiliser votre imagination avec des perles de pierres pr\u00e9cieuses, de cristal, de perles ou de coquillages pour cr\u00e9er n\u2019importe quelle vari\u00e9t\u00e9 de bijoux charmants que vous souhaitez. Ces accessoires de bijoux \u00e9l\u00e9gants font de merveilleux cadeaux pour toutes les occasions et font un excellent cadeau pour votre fille, votre amoureux, votre m\u00e8re ou vous-m\u00eame pour la Saint-Valentin, No\u00ebl, la f\u00eate des m\u00e8res, les anniversaires ou les anniversaires.<\/li>\n<li>Nos raccords en acier inoxydable sont disponibles en deux couleurs, or et acier. Chacun est disponible dans une vari\u00e9t\u00e9 de tailles, en grandes quantit\u00e9s et de taille uniforme, vous donnant la libert\u00e9 de cr\u00e9er votre accessoire de bijou fantaisie pr\u00e9f\u00e9r\u00e9.<\/li>\n<\/ul>\n","protected":false},"excerpt":{"rendered":"<p><img decoding=\"async\" class=\"alignnone size-full wp-image-25311\" src=\"https:\/\/www.artestar.eu\/wp-content\/uploads\/2023\/06\/open-rings-size-silver-1.jpg\" alt=\"Anneaux ouverts en acier\" width=\"1000\" height=\"240\" srcset=\"https:\/\/www.artestar.eu\/wp-content\/uploads\/2023\/06\/open-rings-size-silver-1.jpg 1000w, https:\/\/www.artestar.eu\/wp-content\/uploads\/2023\/06\/open-rings-size-silver-1-300x72.jpg 300w, https:\/\/www.artestar.eu\/wp-content\/uploads\/2023\/06\/open-rings-size-silver-1-768x184.jpg 768w, https:\/\/www.artestar.eu\/wp-content\/uploads\/2023\/06\/open-rings-size-silver-1-600x144.jpg 600w, https:\/\/www.artestar.eu\/wp-content\/uploads\/2023\/06\/open-rings-size-silver-1-90x22.jpg 90w\" sizes=\"(max-width: 1000px) 100vw, 1000px\" \/><\/p>\n<ul>\n<li>Veuillez vous r\u00e9f\u00e9rer \u00e0 l\u2019image du produit pour la taille et la quantit\u00e9 d\u00e9taill\u00e9es.<\/li>\n<li>Il est utilis\u00e9 pour fabriquer des bijoux, des d\u00e9corations, de l\u2019artisanat, etc.<\/li>\n<\/ul>\n","protected":false},"featured_media":14044,"comment_status":"open","ping_status":"closed","template":"","meta":[],"product_cat":[1665,2357],"product_tag":[],"yoast_head":"<!-- This site is optimized with the Yoast SEO Premium plugin v20.5 (Yoast SEO v21.5) - https:\/\/yoast.com\/wordpress\/plugins\/seo\/ -->\n<title>Anneaux en acier ouverts - Artestar<\/title>\n<meta name=\"description\" content=\"Les anneaux ouverts en acier peuvent relier des perles, des cristaux, des coquillages, etc. pour fabriquer des objets d\u2019artisanat tels que des bracelets, des colliers et des boucles d\u2019oreilles.\" \/>\n<meta name=\"robots\" content=\"index, follow, max-snippet:-1, max-image-preview:large, max-video-preview:-1\" \/>\n<link rel=\"canonical\" href=\"https:\/\/www.artestar.eu\/fr\/de-gros\/anneaux-en-acier-ouverts\/\" \/>\n<meta property=\"og:locale\" content=\"fr_FR\" \/>\n<meta property=\"og:type\" content=\"article\" \/>\n<meta property=\"og:title\" content=\"Anneaux ouverts en acier\" \/>\n<meta property=\"og:description\" content=\"Les anneaux ouverts en acier peuvent relier des perles, des cristaux, des coquillages, etc. pour fabriquer des objets d\u2019artisanat tels que des bracelets, des colliers et des boucles d\u2019oreilles.\" \/>\n<meta property=\"og:url\" content=\"https:\/\/www.artestar.eu\/fr\/de-gros\/anneaux-en-acier-ouverts\/\" \/>\n<meta property=\"og:site_name\" content=\"Artestar\" \/>\n<meta property=\"article:publisher\" content=\"https:\/\/www.facebook.com\/ARTESTAREU\" \/>\n<meta property=\"article:modified_time\" content=\"2023-10-25T02:52:54+00:00\" \/>\n<meta property=\"og:image\" content=\"https:\/\/www.artestar.eu\/wp-content\/uploads\/2023\/06\/Open-ring-jump-ring-1.jpg\" \/>\n\t<meta property=\"og:image:width\" content=\"600\" \/>\n\t<meta property=\"og:image:height\" content=\"600\" \/>\n\t<meta property=\"og:image:type\" content=\"image\/jpeg\" \/>\n<meta name=\"twitter:card\" content=\"summary_large_image\" \/>\n<meta name=\"twitter:label1\" content=\"Availability\" \/>\n\t<meta name=\"twitter:data1\" content=\"En stock\" \/>\n<script type=\"application\/ld+json\" class=\"yoast-schema-graph\">{\"@context\":\"https:\/\/schema.org\",\"@graph\":[{\"@type\":\"WebPage\",\"@id\":\"https:\/\/www.artestar.eu\/fr\/de-gros\/anneaux-en-acier-ouverts\/\",\"url\":\"https:\/\/www.artestar.eu\/fr\/de-gros\/anneaux-en-acier-ouverts\/\",\"name\":\"Anneaux en acier ouverts - Artestar\",\"isPartOf\":{\"@id\":\"https:\/\/www.artestar.eu\/fr\/#website\"},\"datePublished\":\"2023-06-05T05:26:57+00:00\",\"dateModified\":\"2023-10-25T02:52:54+00:00\",\"description\":\"Les anneaux ouverts en acier peuvent relier des perles, des cristaux, des coquillages, etc. pour fabriquer des objets d\u2019artisanat tels que des bracelets, des colliers et des boucles d\u2019oreilles.\",\"breadcrumb\":{\"@id\":\"https:\/\/www.artestar.eu\/fr\/de-gros\/anneaux-en-acier-ouverts\/#breadcrumb\"},\"inLanguage\":\"fr-FR\",\"potentialAction\":[{\"@type\":\"ReadAction\",\"target\":[\"https:\/\/www.artestar.eu\/fr\/de-gros\/anneaux-en-acier-ouverts\/\"]}]},{\"@type\":\"BreadcrumbList\",\"@id\":\"https:\/\/www.artestar.eu\/fr\/de-gros\/anneaux-en-acier-ouverts\/#breadcrumb\",\"itemListElement\":[{\"@type\":\"ListItem\",\"position\":1,\"name\":\"Artestar\",\"item\":\"https:\/\/www.artestar.eu\/fr\/\"},{\"@type\":\"ListItem\",\"position\":2,\"name\":\"De gros\",\"item\":\"https:\/\/www.artestar.eu\/fr\/de-gros\/\"},{\"@type\":\"ListItem\",\"position\":3,\"name\":\"Anneaux ouverts en acier\"}]},{\"@type\":\"WebSite\",\"@id\":\"https:\/\/www.artestar.eu\/fr\/#website\",\"url\":\"https:\/\/www.artestar.eu\/fr\/\",\"name\":\"Artestar\",\"description\":\"Mayorista en abalorios y joyer\u00eda\",\"publisher\":{\"@id\":\"https:\/\/www.artestar.eu\/fr\/#organization\"},\"alternateName\":\"Artestar-EU\",\"potentialAction\":[{\"@type\":\"SearchAction\",\"target\":{\"@type\":\"EntryPoint\",\"urlTemplate\":\"https:\/\/www.artestar.eu\/fr\/?s={search_term_string}\"},\"query-input\":\"required name=search_term_string\"}],\"inLanguage\":\"fr-FR\"},{\"@type\":[\"Organization\",\"Place\"],\"@id\":\"https:\/\/www.artestar.eu\/fr\/#organization\",\"name\":\"RUBY ABALORIO S.L.\",\"alternateName\":\"Artestar\",\"url\":\"https:\/\/www.artestar.eu\/fr\/\",\"logo\":{\"@id\":\"https:\/\/www.artestar.eu\/fr\/de-gros\/anneaux-en-acier-ouverts\/#local-main-organization-logo\"},\"image\":{\"@id\":\"https:\/\/www.artestar.eu\/fr\/de-gros\/anneaux-en-acier-ouverts\/#local-main-organization-logo\"},\"sameAs\":[\"https:\/\/www.facebook.com\/ARTESTAREU\",\"https:\/\/www.instagram.com\/artestareu\/\",\"https:\/\/www.pinterest.es\/artestar_eu\/\",\"https:\/\/www.tiktok.com\/@artestar_wholesale\"],\"openingHoursSpecification\":[{\"@type\":\"OpeningHoursSpecification\",\"dayOfWeek\":[\"Monday\",\"Tuesday\",\"Wednesday\",\"Thursday\",\"Friday\",\"Saturday\",\"Sunday\"],\"opens\":\"09:00\",\"closes\":\"17:00\"}]},{\"@type\":\"ImageObject\",\"inLanguage\":\"fr-FR\",\"@id\":\"https:\/\/www.artestar.eu\/fr\/de-gros\/anneaux-en-acier-ouverts\/#local-main-organization-logo\",\"url\":\"https:\/\/www.artestar.eu\/wp-content\/uploads\/2023\/05\/cropped-png.png\",\"contentUrl\":\"https:\/\/www.artestar.eu\/wp-content\/uploads\/2023\/05\/cropped-png.png\",\"width\":512,\"height\":512,\"caption\":\"RUBY ABALORIO S.L.\"}]}<\/script>\n<meta property=\"og:availability\" content=\"instock\" \/>\n<meta property=\"product:availability\" content=\"instock\" \/>\n<meta property=\"product:retailer_item_id\" content=\"BXG0048-0056\" \/>\n<meta property=\"product:condition\" content=\"new\" \/>\n<!-- \/ Yoast SEO Premium plugin. -->","yoast_head_json":{"title":"Anneaux en acier ouverts - Artestar","description":"Les anneaux ouverts en acier peuvent relier des perles, des cristaux, des coquillages, etc. pour fabriquer des objets d\u2019artisanat tels que des bracelets, des colliers et des boucles d\u2019oreilles.","robots":{"index":"index","follow":"follow","max-snippet":"max-snippet:-1","max-image-preview":"max-image-preview:large","max-video-preview":"max-video-preview:-1"},"canonical":"https:\/\/www.artestar.eu\/fr\/de-gros\/anneaux-en-acier-ouverts\/","og_locale":"fr_FR","og_type":"article","og_title":"Anneaux ouverts en acier","og_description":"Les anneaux ouverts en acier peuvent relier des perles, des cristaux, des coquillages, etc. pour fabriquer des objets d\u2019artisanat tels que des bracelets, des colliers et des boucles d\u2019oreilles.","og_url":"https:\/\/www.artestar.eu\/fr\/de-gros\/anneaux-en-acier-ouverts\/","og_site_name":"Artestar","article_publisher":"https:\/\/www.facebook.com\/ARTESTAREU","article_modified_time":"2023-10-25T02:52:54+00:00","og_image":[{"width":600,"height":600,"url":"https:\/\/www.artestar.eu\/wp-content\/uploads\/2023\/06\/Open-ring-jump-ring-1.jpg","type":"image\/jpeg"}],"twitter_card":"summary_large_image","twitter_misc":{"Availability":"En stock"},"schema":{"@context":"https:\/\/schema.org","@graph":[{"@type":"WebPage","@id":"https:\/\/www.artestar.eu\/fr\/de-gros\/anneaux-en-acier-ouverts\/","url":"https:\/\/www.artestar.eu\/fr\/de-gros\/anneaux-en-acier-ouverts\/","name":"Anneaux en acier ouverts - Artestar","isPartOf":{"@id":"https:\/\/www.artestar.eu\/fr\/#website"},"datePublished":"2023-06-05T05:26:57+00:00","dateModified":"2023-10-25T02:52:54+00:00","description":"Les anneaux ouverts en acier peuvent relier des perles, des cristaux, des coquillages, etc. pour fabriquer des objets d\u2019artisanat tels que des bracelets, des colliers et des boucles d\u2019oreilles.","breadcrumb":{"@id":"https:\/\/www.artestar.eu\/fr\/de-gros\/anneaux-en-acier-ouverts\/#breadcrumb"},"inLanguage":"fr-FR","potentialAction":[{"@type":"ReadAction","target":["https:\/\/www.artestar.eu\/fr\/de-gros\/anneaux-en-acier-ouverts\/"]}]},{"@type":"BreadcrumbList","@id":"https:\/\/www.artestar.eu\/fr\/de-gros\/anneaux-en-acier-ouverts\/#breadcrumb","itemListElement":[{"@type":"ListItem","position":1,"name":"Artestar","item":"https:\/\/www.artestar.eu\/fr\/"},{"@type":"ListItem","position":2,"name":"De gros","item":"https:\/\/www.artestar.eu\/fr\/de-gros\/"},{"@type":"ListItem","position":3,"name":"Anneaux ouverts en acier"}]},{"@type":"WebSite","@id":"https:\/\/www.artestar.eu\/fr\/#website","url":"https:\/\/www.artestar.eu\/fr\/","name":"Artestar","description":"Mayorista en abalorios y joyer\u00eda","publisher":{"@id":"https:\/\/www.artestar.eu\/fr\/#organization"},"alternateName":"Artestar-EU","potentialAction":[{"@type":"SearchAction","target":{"@type":"EntryPoint","urlTemplate":"https:\/\/www.artestar.eu\/fr\/?s={search_term_string}"},"query-input":"required name=search_term_string"}],"inLanguage":"fr-FR"},{"@type":["Organization","Place"],"@id":"https:\/\/www.artestar.eu\/fr\/#organization","name":"RUBY ABALORIO S.L.","alternateName":"Artestar","url":"https:\/\/www.artestar.eu\/fr\/","logo":{"@id":"https:\/\/www.artestar.eu\/fr\/de-gros\/anneaux-en-acier-ouverts\/#local-main-organization-logo"},"image":{"@id":"https:\/\/www.artestar.eu\/fr\/de-gros\/anneaux-en-acier-ouverts\/#local-main-organization-logo"},"sameAs":["https:\/\/www.facebook.com\/ARTESTAREU","https:\/\/www.instagram.com\/artestareu\/","https:\/\/www.pinterest.es\/artestar_eu\/","https:\/\/www.tiktok.com\/@artestar_wholesale"],"openingHoursSpecification":[{"@type":"OpeningHoursSpecification","dayOfWeek":["Monday","Tuesday","Wednesday","Thursday","Friday","Saturday","Sunday"],"opens":"09:00","closes":"17:00"}]},{"@type":"ImageObject","inLanguage":"fr-FR","@id":"https:\/\/www.artestar.eu\/fr\/de-gros\/anneaux-en-acier-ouverts\/#local-main-organization-logo","url":"https:\/\/www.artestar.eu\/wp-content\/uploads\/2023\/05\/cropped-png.png","contentUrl":"https:\/\/www.artestar.eu\/wp-content\/uploads\/2023\/05\/cropped-png.png","width":512,"height":512,"caption":"RUBY ABALORIO S.L."}]},"og_availability":"instock","product_availability":"instock","product_retailer_item_id":"BXG0048-0056","product_condition":"new"},"tiered_pricing_type":"fixed","tiered_pricing_fixed_rules":[],"tiered_pricing_percentage_rules":[],"tiered_pricing_minimum":null,"_administrator_tiered_pricing_type":"fixed","_administrator_tiered_pricing_fixed_rules":[],"_editor_tiered_pricing_type":"fixed","_editor_tiered_pricing_fixed_rules":[],"_author_tiered_pricing_type":"fixed","_author_tiered_pricing_fixed_rules":[],"_contributor_tiered_pricing_type":"fixed","_contributor_tiered_pricing_fixed_rules":[],"_subscriber_tiered_pricing_type":"fixed","_subscriber_tiered_pricing_fixed_rules":[],"_wpseo_manager_tiered_pricing_type":"fixed","_wpseo_manager_tiered_pricing_fixed_rules":[],"_wpseo_editor_tiered_pricing_type":"fixed","_wpseo_editor_tiered_pricing_fixed_rules":[],"_customer_tiered_pricing_type":"fixed","_customer_tiered_pricing_fixed_rules":[],"_shop_manager_tiered_pricing_type":"fixed","_shop_manager_tiered_pricing_fixed_rules":[],"_product_manager_tiered_pricing_type":"fixed","_product_manager_tiered_pricing_fixed_rules":[],"_links":{"self":[{"href":"https:\/\/www.artestar.eu\/fr\/wp-json\/wp\/v2\/product\/31336"}],"collection":[{"href":"https:\/\/www.artestar.eu\/fr\/wp-json\/wp\/v2\/product"}],"about":[{"href":"https:\/\/www.artestar.eu\/fr\/wp-json\/wp\/v2\/types\/product"}],"replies":[{"embeddable":true,"href":"https:\/\/www.artestar.eu\/fr\/wp-json\/wp\/v2\/comments?post=31336"}],"version-history":[{"count":2,"href":"https:\/\/www.artestar.eu\/fr\/wp-json\/wp\/v2\/product\/31336\/revisions"}],"predecessor-version":[{"id":37126,"href":"https:\/\/www.artestar.eu\/fr\/wp-json\/wp\/v2\/product\/31336\/revisions\/37126"}],"wp:featuredmedia":[{"embeddable":true,"href":"https:\/\/www.artestar.eu\/fr\/wp-json\/wp\/v2\/media\/14044"}],"wp:attachment":[{"href":"https:\/\/www.artestar.eu\/fr\/wp-json\/wp\/v2\/media?parent=31336"}],"wp:term":[{"taxonomy":"product_cat","embeddable":true,"href":"https:\/\/www.artestar.eu\/fr\/wp-json\/wp\/v2\/product_cat?post=31336"},{"taxonomy":"product_tag","embeddable":true,"href":"https:\/\/www.artestar.eu\/fr\/wp-json\/wp\/v2\/product_tag?post=31336"}],"curies":[{"name":"wp","href":"https:\/\/api.w.org\/{rel}","templated":true}]}}