{"id":31418,"date":"2023-06-05T03:44:13","date_gmt":"2023-06-05T03:44:13","guid":{"rendered":"https:\/\/www.artestar.eu\/al-por-mayor\/perlas-barrocas-cultivadas-cruzada-pepitas\/"},"modified":"2023-10-26T02:37:34","modified_gmt":"2023-10-26T02:37:34","slug":"perlas-barrocas-cultivadas-cruzada-pepitas","status":"publish","type":"product","link":"https:\/\/www.artestar.eu\/fr\/de-gros\/perlas-barrocas-cultivadas-cruzada-pepitas\/","title":{"rendered":"Perlas barrocas cultivadas cruzada pepitas"},"content":{"rendered":"<p>Perlas barrocas cultivadas cruzada pepitas: Las perlas de n\u00e1car barrocas naturales tienen una forma irregular y caracter\u00edstica. Ils peuvent prendre diff\u00e9rentes formes, telles que des bosses irr\u00e9guli\u00e8res, des formes aplaties ou des contours naturels irr\u00e9guliers.<\/p>\n<ul>\n<li>Les perles baroques, cultiv\u00e9es \u00e0 100% dans l\u2019eau douce des hu\u00eetres, sont pris\u00e9es pour leur beaut\u00e9 naturelle et biologique. Ils pr\u00e9sentent des formes, des textures de surface et des contours distinctifs qui ont un charme et une personnalit\u00e9 uniques. Il existe \u00e9galement une grande vari\u00e9t\u00e9 de couleurs, comme le blanc et le rose.<\/li>\n<li>Comme ces perles de notre collection sont perforables, vous n\u2019aurez pas \u00e0 lutter pour les percer. Gr\u00e2ce \u00e0 leur forme unique, les perles baroques offrent encore plus de possibilit\u00e9s de cr\u00e9ativit\u00e9 dans la conception de bijoux. Les concepteurs peuvent cr\u00e9er des pi\u00e8ces uniques et individuelles en fonction de la forme et de l\u2019apparence des perles. Par cons\u00e9quent, les perles baroques sont un choix unique, artistique et \u00e9l\u00e9gant.<\/li>\n<li>Les perles d\u2019eau douce de culture baroques sont de magnifiques accessoires artisanaux. Ces perles peuvent \u00eatre utilis\u00e9es dans une vari\u00e9t\u00e9 de cr\u00e9ations de bijoux, telles que des colliers, des bracelets, des pendentifs, des boucles d\u2019oreilles et des bagues. Sa forme et son apparence uniques peuvent ajouter une touche chic et \u00e9l\u00e9gante \u00e0 un bijou.<\/li>\n<li>Qu\u2019il s\u2019agisse d\u2019un anniversaire, d\u2019un mariage, d\u2019un mariage ou d\u2019une autre occasion sp\u00e9ciale, les bijoux de la collection Baroque Pearls sont un beau cadeau plein de sens. Ils expriment un sentiment particulier et de bons v\u0153ux pour le destinataire et deviennent un tr\u00e9sor intemporel.<\/li>\n<\/ul>\n<p><img decoding=\"async\" class=\"alignnone wp-image-5321 size-full\" src=\"https:\/\/www.artestar.eu%E2%80%8B%E2%80%8B%E2%80%8B%E2%80%8B\/wp-content\/uploads\/2023\/06\/cultured-pearls-baroque-cross-block.jpg\" alt=\"P\u00e9pites de perles de culture baroques\" width=\"600\" height=\"600\" srcset=\"https:\/\/www.artestar.eu\/wp-content\/uploads\/2023\/06\/cultured-pearls-baroque-cross-block.jpg 600w, https:\/\/www.artestar.eu\/wp-content\/uploads\/2023\/06\/cultured-pearls-baroque-cross-block-300x300.jpg 300w, https:\/\/www.artestar.eu\/wp-content\/uploads\/2023\/06\/cultured-pearls-baroque-cross-block-150x150.jpg 150w, https:\/\/www.artestar.eu\/wp-content\/uploads\/2023\/06\/cultured-pearls-baroque-cross-block-450x450.jpg 450w, https:\/\/www.artestar.eu\/wp-content\/uploads\/2023\/06\/cultured-pearls-baroque-cross-block-54x54.jpg 54w\" sizes=\"(max-width: 600px) 100vw, 600px\" \/><\/p>\n<h5>P\u00e9pites de perles de culture baroques<\/h5>\n<ul>\n<li>Toutes les perles de culture naturelles sont uniques. En raison de l\u2019\u00e9clairage et des param\u00e8tres de l\u2019ordinateur, le produit re\u00e7u peut varier l\u00e9g\u00e8rement, veuillez lire les tailles des diff\u00e9rentes perles baroques avant d\u2019acheter.<\/li>\n<\/ul>\n","protected":false},"excerpt":{"rendered":"<ul>\n<li>Taille: env. 16 x 21 mm<\/li>\n<li>Quantit\u00e9: env. 52pcs.<\/li>\n<li>Mat\u00e9riel: perles d\u2019eau douce de culture naturelles<\/li>\n<li>Utilis\u00e9 pour fabriquer des colliers, bracelets et autres bijoux<\/li>\n<\/ul>\n","protected":false},"featured_media":13133,"comment_status":"open","ping_status":"closed","template":"","meta":[],"product_cat":[1992,1489,1509],"product_tag":[],"yoast_head":"<!-- This site is optimized with the Yoast SEO Premium plugin v20.5 (Yoast SEO v21.5) - https:\/\/yoast.com\/wordpress\/plugins\/seo\/ -->\n<title>Perlas barrocas cultivadas cruzada pepitas - Artestar<\/title>\n<meta name=\"description\" content=\"Les perles d\u2019eau douce de culture baroques font d\u2019excellents accessoires d\u2019artisanat. Toutes les perles de culture naturelles sont uniques.\" \/>\n<meta name=\"robots\" content=\"index, follow, max-snippet:-1, max-image-preview:large, max-video-preview:-1\" \/>\n<link rel=\"canonical\" href=\"https:\/\/www.artestar.eu\/fr\/de-gros\/perlas-barrocas-cultivadas-cruzada-pepitas\/\" \/>\n<meta property=\"og:locale\" content=\"fr_FR\" \/>\n<meta property=\"og:type\" content=\"article\" \/>\n<meta property=\"og:title\" content=\"Perlas barrocas cultivadas cruzada pepitas\" \/>\n<meta property=\"og:description\" content=\"Les perles d\u2019eau douce de culture baroques font d\u2019excellents accessoires d\u2019artisanat. Toutes les perles de culture naturelles sont uniques.\" \/>\n<meta property=\"og:url\" content=\"https:\/\/www.artestar.eu\/fr\/de-gros\/perlas-barrocas-cultivadas-cruzada-pepitas\/\" \/>\n<meta property=\"og:site_name\" content=\"Artestar\" \/>\n<meta property=\"article:publisher\" content=\"https:\/\/www.facebook.com\/ARTESTAREU\" \/>\n<meta property=\"article:modified_time\" content=\"2023-10-26T02:37:34+00:00\" \/>\n<meta property=\"og:image\" content=\"https:\/\/www.artestar.eu\/wp-content\/uploads\/2023\/06\/cross-cultured-pearls-baroque-block.jpg\" \/>\n\t<meta property=\"og:image:width\" content=\"600\" \/>\n\t<meta property=\"og:image:height\" content=\"600\" \/>\n\t<meta property=\"og:image:type\" content=\"image\/jpeg\" \/>\n<meta name=\"twitter:card\" content=\"summary_large_image\" \/>\n<meta name=\"twitter:label1\" content=\"Prix\" \/>\n\t<meta name=\"twitter:data1\" content=\"21,61&nbsp;&euro; (TVA NON incluse)\" \/>\n\t<meta name=\"twitter:label2\" content=\"Availability\" \/>\n\t<meta name=\"twitter:data2\" content=\"En stock\" \/>\n<script type=\"application\/ld+json\" class=\"yoast-schema-graph\">{\"@context\":\"https:\/\/schema.org\",\"@graph\":[{\"@type\":\"WebPage\",\"@id\":\"https:\/\/www.artestar.eu\/fr\/de-gros\/perlas-barrocas-cultivadas-cruzada-pepitas\/\",\"url\":\"https:\/\/www.artestar.eu\/fr\/de-gros\/perlas-barrocas-cultivadas-cruzada-pepitas\/\",\"name\":\"Perlas barrocas cultivadas cruzada pepitas - Artestar\",\"isPartOf\":{\"@id\":\"https:\/\/www.artestar.eu\/fr\/#website\"},\"datePublished\":\"2023-06-05T03:44:13+00:00\",\"dateModified\":\"2023-10-26T02:37:34+00:00\",\"description\":\"Les perles d\u2019eau douce de culture baroques font d\u2019excellents accessoires d\u2019artisanat. Toutes les perles de culture naturelles sont uniques.\",\"breadcrumb\":{\"@id\":\"https:\/\/www.artestar.eu\/fr\/de-gros\/perlas-barrocas-cultivadas-cruzada-pepitas\/#breadcrumb\"},\"inLanguage\":\"fr-FR\",\"potentialAction\":[{\"@type\":\"ReadAction\",\"target\":[\"https:\/\/www.artestar.eu\/fr\/de-gros\/perlas-barrocas-cultivadas-cruzada-pepitas\/\"]}]},{\"@type\":\"BreadcrumbList\",\"@id\":\"https:\/\/www.artestar.eu\/fr\/de-gros\/perlas-barrocas-cultivadas-cruzada-pepitas\/#breadcrumb\",\"itemListElement\":[{\"@type\":\"ListItem\",\"position\":1,\"name\":\"Artestar\",\"item\":\"https:\/\/www.artestar.eu\/fr\/\"},{\"@type\":\"ListItem\",\"position\":2,\"name\":\"De gros\",\"item\":\"https:\/\/www.artestar.eu\/fr\/de-gros\/\"},{\"@type\":\"ListItem\",\"position\":3,\"name\":\"Perlas barrocas cultivadas cruzada pepitas\"}]},{\"@type\":\"WebSite\",\"@id\":\"https:\/\/www.artestar.eu\/fr\/#website\",\"url\":\"https:\/\/www.artestar.eu\/fr\/\",\"name\":\"Artestar\",\"description\":\"Mayorista en abalorios y joyer\u00eda\",\"publisher\":{\"@id\":\"https:\/\/www.artestar.eu\/fr\/#organization\"},\"alternateName\":\"Artestar-EU\",\"potentialAction\":[{\"@type\":\"SearchAction\",\"target\":{\"@type\":\"EntryPoint\",\"urlTemplate\":\"https:\/\/www.artestar.eu\/fr\/?s={search_term_string}\"},\"query-input\":\"required name=search_term_string\"}],\"inLanguage\":\"fr-FR\"},{\"@type\":[\"Organization\",\"Place\"],\"@id\":\"https:\/\/www.artestar.eu\/fr\/#organization\",\"name\":\"RUBY ABALORIO S.L.\",\"alternateName\":\"Artestar\",\"url\":\"https:\/\/www.artestar.eu\/fr\/\",\"logo\":{\"@id\":\"https:\/\/www.artestar.eu\/fr\/de-gros\/perlas-barrocas-cultivadas-cruzada-pepitas\/#local-main-organization-logo\"},\"image\":{\"@id\":\"https:\/\/www.artestar.eu\/fr\/de-gros\/perlas-barrocas-cultivadas-cruzada-pepitas\/#local-main-organization-logo\"},\"sameAs\":[\"https:\/\/www.facebook.com\/ARTESTAREU\",\"https:\/\/www.instagram.com\/artestareu\/\",\"https:\/\/www.pinterest.es\/artestar_eu\/\",\"https:\/\/www.tiktok.com\/@artestar_wholesale\"],\"openingHoursSpecification\":[{\"@type\":\"OpeningHoursSpecification\",\"dayOfWeek\":[\"Monday\",\"Tuesday\",\"Wednesday\",\"Thursday\",\"Friday\",\"Saturday\",\"Sunday\"],\"opens\":\"09:00\",\"closes\":\"17:00\"}]},{\"@type\":\"ImageObject\",\"inLanguage\":\"fr-FR\",\"@id\":\"https:\/\/www.artestar.eu\/fr\/de-gros\/perlas-barrocas-cultivadas-cruzada-pepitas\/#local-main-organization-logo\",\"url\":\"https:\/\/www.artestar.eu\/wp-content\/uploads\/2023\/05\/cropped-png.png\",\"contentUrl\":\"https:\/\/www.artestar.eu\/wp-content\/uploads\/2023\/05\/cropped-png.png\",\"width\":512,\"height\":512,\"caption\":\"RUBY ABALORIO S.L.\"}]}<\/script>\n<meta property=\"product:price:amount\" content=\"21.61\" \/>\n<meta property=\"product:price:currency\" content=\"EUR\" \/>\n<meta property=\"og:availability\" content=\"instock\" \/>\n<meta property=\"product:availability\" content=\"instock\" \/>\n<meta property=\"product:retailer_item_id\" content=\"ZZ-YX-0015\" \/>\n<meta property=\"product:condition\" content=\"new\" \/>\n<!-- \/ Yoast SEO Premium plugin. -->","yoast_head_json":{"title":"Perlas barrocas cultivadas cruzada pepitas - Artestar","description":"Les perles d\u2019eau douce de culture baroques font d\u2019excellents accessoires d\u2019artisanat. Toutes les perles de culture naturelles sont uniques.","robots":{"index":"index","follow":"follow","max-snippet":"max-snippet:-1","max-image-preview":"max-image-preview:large","max-video-preview":"max-video-preview:-1"},"canonical":"https:\/\/www.artestar.eu\/fr\/de-gros\/perlas-barrocas-cultivadas-cruzada-pepitas\/","og_locale":"fr_FR","og_type":"article","og_title":"Perlas barrocas cultivadas cruzada pepitas","og_description":"Les perles d\u2019eau douce de culture baroques font d\u2019excellents accessoires d\u2019artisanat. Toutes les perles de culture naturelles sont uniques.","og_url":"https:\/\/www.artestar.eu\/fr\/de-gros\/perlas-barrocas-cultivadas-cruzada-pepitas\/","og_site_name":"Artestar","article_publisher":"https:\/\/www.facebook.com\/ARTESTAREU","article_modified_time":"2023-10-26T02:37:34+00:00","og_image":[{"width":600,"height":600,"url":"https:\/\/www.artestar.eu\/wp-content\/uploads\/2023\/06\/cross-cultured-pearls-baroque-block.jpg","type":"image\/jpeg"}],"twitter_card":"summary_large_image","twitter_misc":{"Prix":"21,61&nbsp;&euro; (TVA NON incluse)","Availability":"En stock"},"schema":{"@context":"https:\/\/schema.org","@graph":[{"@type":"WebPage","@id":"https:\/\/www.artestar.eu\/fr\/de-gros\/perlas-barrocas-cultivadas-cruzada-pepitas\/","url":"https:\/\/www.artestar.eu\/fr\/de-gros\/perlas-barrocas-cultivadas-cruzada-pepitas\/","name":"Perlas barrocas cultivadas cruzada pepitas - Artestar","isPartOf":{"@id":"https:\/\/www.artestar.eu\/fr\/#website"},"datePublished":"2023-06-05T03:44:13+00:00","dateModified":"2023-10-26T02:37:34+00:00","description":"Les perles d\u2019eau douce de culture baroques font d\u2019excellents accessoires d\u2019artisanat. Toutes les perles de culture naturelles sont uniques.","breadcrumb":{"@id":"https:\/\/www.artestar.eu\/fr\/de-gros\/perlas-barrocas-cultivadas-cruzada-pepitas\/#breadcrumb"},"inLanguage":"fr-FR","potentialAction":[{"@type":"ReadAction","target":["https:\/\/www.artestar.eu\/fr\/de-gros\/perlas-barrocas-cultivadas-cruzada-pepitas\/"]}]},{"@type":"BreadcrumbList","@id":"https:\/\/www.artestar.eu\/fr\/de-gros\/perlas-barrocas-cultivadas-cruzada-pepitas\/#breadcrumb","itemListElement":[{"@type":"ListItem","position":1,"name":"Artestar","item":"https:\/\/www.artestar.eu\/fr\/"},{"@type":"ListItem","position":2,"name":"De gros","item":"https:\/\/www.artestar.eu\/fr\/de-gros\/"},{"@type":"ListItem","position":3,"name":"Perlas barrocas cultivadas cruzada pepitas"}]},{"@type":"WebSite","@id":"https:\/\/www.artestar.eu\/fr\/#website","url":"https:\/\/www.artestar.eu\/fr\/","name":"Artestar","description":"Mayorista en abalorios y joyer\u00eda","publisher":{"@id":"https:\/\/www.artestar.eu\/fr\/#organization"},"alternateName":"Artestar-EU","potentialAction":[{"@type":"SearchAction","target":{"@type":"EntryPoint","urlTemplate":"https:\/\/www.artestar.eu\/fr\/?s={search_term_string}"},"query-input":"required name=search_term_string"}],"inLanguage":"fr-FR"},{"@type":["Organization","Place"],"@id":"https:\/\/www.artestar.eu\/fr\/#organization","name":"RUBY ABALORIO S.L.","alternateName":"Artestar","url":"https:\/\/www.artestar.eu\/fr\/","logo":{"@id":"https:\/\/www.artestar.eu\/fr\/de-gros\/perlas-barrocas-cultivadas-cruzada-pepitas\/#local-main-organization-logo"},"image":{"@id":"https:\/\/www.artestar.eu\/fr\/de-gros\/perlas-barrocas-cultivadas-cruzada-pepitas\/#local-main-organization-logo"},"sameAs":["https:\/\/www.facebook.com\/ARTESTAREU","https:\/\/www.instagram.com\/artestareu\/","https:\/\/www.pinterest.es\/artestar_eu\/","https:\/\/www.tiktok.com\/@artestar_wholesale"],"openingHoursSpecification":[{"@type":"OpeningHoursSpecification","dayOfWeek":["Monday","Tuesday","Wednesday","Thursday","Friday","Saturday","Sunday"],"opens":"09:00","closes":"17:00"}]},{"@type":"ImageObject","inLanguage":"fr-FR","@id":"https:\/\/www.artestar.eu\/fr\/de-gros\/perlas-barrocas-cultivadas-cruzada-pepitas\/#local-main-organization-logo","url":"https:\/\/www.artestar.eu\/wp-content\/uploads\/2023\/05\/cropped-png.png","contentUrl":"https:\/\/www.artestar.eu\/wp-content\/uploads\/2023\/05\/cropped-png.png","width":512,"height":512,"caption":"RUBY ABALORIO S.L."}]},"product_price_amount":"21.61","product_price_currency":"EUR","og_availability":"instock","product_availability":"instock","product_retailer_item_id":"ZZ-YX-0015","product_condition":"new"},"tiered_pricing_type":"fixed","tiered_pricing_fixed_rules":[],"tiered_pricing_percentage_rules":[],"tiered_pricing_minimum":null,"_administrator_tiered_pricing_type":"fixed","_administrator_tiered_pricing_fixed_rules":[],"_editor_tiered_pricing_type":"fixed","_editor_tiered_pricing_fixed_rules":[],"_author_tiered_pricing_type":"fixed","_author_tiered_pricing_fixed_rules":[],"_contributor_tiered_pricing_type":"fixed","_contributor_tiered_pricing_fixed_rules":[],"_subscriber_tiered_pricing_type":"fixed","_subscriber_tiered_pricing_fixed_rules":[],"_wpseo_manager_tiered_pricing_type":"fixed","_wpseo_manager_tiered_pricing_fixed_rules":[],"_wpseo_editor_tiered_pricing_type":"fixed","_wpseo_editor_tiered_pricing_fixed_rules":[],"_customer_tiered_pricing_type":"fixed","_customer_tiered_pricing_fixed_rules":[],"_shop_manager_tiered_pricing_type":"fixed","_shop_manager_tiered_pricing_fixed_rules":[],"_product_manager_tiered_pricing_type":"fixed","_product_manager_tiered_pricing_fixed_rules":[],"_links":{"self":[{"href":"https:\/\/www.artestar.eu\/fr\/wp-json\/wp\/v2\/product\/31418"}],"collection":[{"href":"https:\/\/www.artestar.eu\/fr\/wp-json\/wp\/v2\/product"}],"about":[{"href":"https:\/\/www.artestar.eu\/fr\/wp-json\/wp\/v2\/types\/product"}],"replies":[{"embeddable":true,"href":"https:\/\/www.artestar.eu\/fr\/wp-json\/wp\/v2\/comments?post=31418"}],"version-history":[{"count":3,"href":"https:\/\/www.artestar.eu\/fr\/wp-json\/wp\/v2\/product\/31418\/revisions"}],"predecessor-version":[{"id":37207,"href":"https:\/\/www.artestar.eu\/fr\/wp-json\/wp\/v2\/product\/31418\/revisions\/37207"}],"wp:featuredmedia":[{"embeddable":true,"href":"https:\/\/www.artestar.eu\/fr\/wp-json\/wp\/v2\/media\/13133"}],"wp:attachment":[{"href":"https:\/\/www.artestar.eu\/fr\/wp-json\/wp\/v2\/media?parent=31418"}],"wp:term":[{"taxonomy":"product_cat","embeddable":true,"href":"https:\/\/www.artestar.eu\/fr\/wp-json\/wp\/v2\/product_cat?post=31418"},{"taxonomy":"product_tag","embeddable":true,"href":"https:\/\/www.artestar.eu\/fr\/wp-json\/wp\/v2\/product_tag?post=31418"}],"curies":[{"name":"wp","href":"https:\/\/api.w.org\/{rel}","templated":true}]}}