{"id":35030,"date":"2023-09-06T09:22:20","date_gmt":"2023-09-06T09:22:20","guid":{"rendered":"https:\/\/www.artestar.eu\/al-por-mayor\/fil-de-cuivre-enveloppe-de-pierre-suspendue-vert-aventurine\/"},"modified":"2023-09-06T09:22:20","modified_gmt":"2023-09-06T09:22:20","slug":"aventurine-vert-pendentif-pierre-fil-cuivre-enveloppe","status":"publish","type":"product","link":"https:\/\/www.artestar.eu\/fr\/de-gros\/aventurine-vert-pendentif-pierre-fil-cuivre-enveloppe\/","title":{"rendered":"Fil de cuivre envelopp\u00e9 de pierre suspendue vert aventurine"},"content":{"rendered":"<p>Pendentif en pierre verte Aventurine Fil de cuivre envelopp\u00e9: Parce que chaque pendentif en perles de pierre est fait de mat\u00e9riaux naturels purs et a un look unique.<\/p>\n<ul>\n<li data-slate-node=\"element\">Avec une finition polie, ces pendentifs en pierre naturelle ont une surface lisse et sont tr\u00e8s agr\u00e9ables \u00e0 porter. De plus, leur apparence, ainsi que leur texture et leur couleur naturelles, rendent les perles de pierres pr\u00e9cieuses uniques.<\/li>\n<li data-slate-node=\"element\">Le port de nos pendentifs en pierre semi-pr\u00e9cieuse naturelle soulage le stress et l&#8217;anxi\u00e9t\u00e9, car ils transmettent des messages psychologiques positifs et une vision optimiste de la vie, et on dit qu&#8217;ils transmettent l&#8217;\u00e9nergie cosmique au corps.<\/li>\n<li data-slate-node=\"element\">Les trous en acier inoxydable au sommet des pendentifs en pierre sont de la bonne taille pour l&#8217;enfilage. Souvent, il s&#8217;agit simplement d&#8217;enfiler une cha\u00eene ou une corde. Avec des accessoires comme une fermeture \u00e0 homard en acier inoxydable, pour compl\u00e9ter votre propre projet d\u2019artisanat &#8211; profitez de faire de l\u2019artisanat avec des bijoux!<\/li>\n<li data-slate-node=\"element\">Ces d\u00e9licats pendentifs en pierre pr\u00e9cieuse peuvent \u00eatre combin\u00e9s avec d&#8217;autres accessoires en m\u00e9tal, des cristaux, des perles et des coquillages pour cr\u00e9er tous les bijoux fantaisie que vous souhaitez, des colliers, des bracelets, des boucles d&#8217;oreilles, des d\u00e9corations pour la maison et bien plus encore. Donnez-le \u00e0 vos amis et \u00e0 votre famille qui aiment l\u2019artisanat. Non seulement c\u2019est un cadeau parfait, mais il vient avec les meilleurs v\u0153ux.<\/li>\n<\/ul>\n<h5 data-slate-node=\"element\"><img decoding=\"async\" class=\"alignnone size-full wp-image-31742\" src=\"https:\/\/www.artestar.eu\/wp-content\/uploads\/2023\/09\/natural-semi-precious-gemstone-pendants-gold-copper-wire-wrapped-gree-aventurine-03.jpg\" alt=\"Fil de cuivre envelopp\u00e9 de pierre suspendue vert aventurine\" width=\"600\" height=\"600\" srcset=\"https:\/\/www.artestar.eu\/wp-content\/uploads\/2023\/09\/natural-semi-precious-gemstone-pendants-gold-copper-wire-wrapped-gree-aventurine-03.jpg 600w, https:\/\/www.artestar.eu\/wp-content\/uploads\/2023\/09\/natural-semi-precious-gemstone-pendants-gold-copper-wire-wrapped-gree-aventurine-03-300x300.jpg 300w, https:\/\/www.artestar.eu\/wp-content\/uploads\/2023\/09\/natural-semi-precious-gemstone-pendants-gold-copper-wire-wrapped-gree-aventurine-03-150x150.jpg 150w, https:\/\/www.artestar.eu\/wp-content\/uploads\/2023\/09\/natural-semi-precious-gemstone-pendants-gold-copper-wire-wrapped-gree-aventurine-03-450x450.jpg 450w, https:\/\/www.artestar.eu\/wp-content\/uploads\/2023\/09\/natural-semi-precious-gemstone-pendants-gold-copper-wire-wrapped-gree-aventurine-03-54x54.jpg 54w\" sizes=\"(max-width: 600px) 100vw, 600px\" \/><\/h5>\n<h5 data-slate-node=\"element\">Fil de cuivre envelopp\u00e9 de pierre suspendue vert aventurine<\/h5>\n<ul>\n<li data-slate-node=\"element\">Attention : En raison des diff\u00e9rences de moniteurs et de r\u00e9solution, les couleurs de l\u2019image peuvent diff\u00e9rer l\u00e9g\u00e8rement des couleurs r\u00e9elles.<\/li>\n<li data-slate-node=\"element\">Les perles de pierre doivent \u00eatre prot\u00e9g\u00e9es de la lumi\u00e8re intense du soleil pour \u00e9viter d\u2019endommager la texture et la couleur de la pierre.<\/li>\n<li data-slate-node=\"element\">Attention: Les enfants de moins de trois ans doivent \u00e9viter le contact, risque de suffocation.<\/li>\n<\/ul>\n","protected":false},"excerpt":{"rendered":"<ul>\n<li>Quantit\u00e9: 1pcs.<\/li>\n<li>Taille: env. 21 ~ 32 x 18 ~ 27 x 16 ~ 23 mm, trou: env. \u2205 4~6 mm<\/li>\n<li>Parce qu\u2019il s\u2019agit d\u2019une pierre naturelle, les formes et les tailles peuvent varier. Les dimensions sont fournies \u00e0 titre indicatif uniquement.<\/li>\n<\/ul>\n","protected":false},"featured_media":31726,"comment_status":"open","ping_status":"closed","template":"","meta":[],"product_cat":[1041,1042],"product_tag":[2551,2547,2550,2924,2548,2552,3011,2555,2554],"yoast_head":"<!-- This site is optimized with the Yoast SEO Premium plugin v20.5 (Yoast SEO v21.5) - https:\/\/yoast.com\/wordpress\/plugins\/seo\/ -->\n<title>Fil de cuivre envelopp\u00e9 de pierre suspendue vert aventurine - Artestar<\/title>\n<meta name=\"robots\" content=\"index, follow, max-snippet:-1, max-image-preview:large, max-video-preview:-1\" \/>\n<link rel=\"canonical\" href=\"https:\/\/www.artestar.eu\/fr\/de-gros\/aventurine-vert-pendentif-pierre-fil-cuivre-enveloppe\/\" \/>\n<meta property=\"og:locale\" content=\"fr_FR\" \/>\n<meta property=\"og:type\" content=\"article\" \/>\n<meta property=\"og:title\" content=\"Fil de cuivre envelopp\u00e9 de pierre suspendue vert aventurine\" \/>\n<meta property=\"og:description\" content=\"Quantit\u00e9: 1pcs.  Taille: env. 21 ~ 32 x 18 ~ 27 x 16 ~ 23 mm, trou: env. \u2205 4~6 mm  Parce qu\u2019il s\u2019agit d\u2019une pierre naturelle, les formes et les tailles peuvent varier. Les dimensions sont fournies \u00e0 titre indicatif uniquement.\" \/>\n<meta property=\"og:url\" content=\"https:\/\/www.artestar.eu\/fr\/de-gros\/aventurine-vert-pendentif-pierre-fil-cuivre-enveloppe\/\" \/>\n<meta property=\"og:site_name\" content=\"Artestar\" \/>\n<meta property=\"article:publisher\" content=\"https:\/\/www.facebook.com\/ARTESTAREU\" \/>\n<meta property=\"og:image\" content=\"https:\/\/www.artestar.eu\/wp-content\/uploads\/2023\/09\/natural-semi-precious-gemstone-pendants-gold-copper-wire-wrapped-gree-aventurine.jpg\" \/>\n\t<meta property=\"og:image:width\" content=\"600\" \/>\n\t<meta property=\"og:image:height\" content=\"600\" \/>\n\t<meta property=\"og:image:type\" content=\"image\/jpeg\" \/>\n<meta name=\"twitter:card\" content=\"summary_large_image\" \/>\n<meta name=\"twitter:label1\" content=\"Prix\" \/>\n\t<meta name=\"twitter:data1\" content=\"0,64&nbsp;&euro; (TVA NON incluse)\" \/>\n\t<meta name=\"twitter:label2\" content=\"Availability\" \/>\n\t<meta name=\"twitter:data2\" content=\"En stock\" \/>\n<script type=\"application\/ld+json\" class=\"yoast-schema-graph\">{\"@context\":\"https:\/\/schema.org\",\"@graph\":[{\"@type\":\"WebPage\",\"@id\":\"https:\/\/www.artestar.eu\/fr\/de-gros\/aventurine-vert-pendentif-pierre-fil-cuivre-enveloppe\/\",\"url\":\"https:\/\/www.artestar.eu\/fr\/de-gros\/aventurine-vert-pendentif-pierre-fil-cuivre-enveloppe\/\",\"name\":\"Fil de cuivre envelopp\u00e9 de pierre suspendue vert aventurine - Artestar\",\"isPartOf\":{\"@id\":\"https:\/\/www.artestar.eu\/fr\/#website\"},\"datePublished\":\"2023-09-06T09:22:20+00:00\",\"dateModified\":\"2023-09-06T09:22:20+00:00\",\"breadcrumb\":{\"@id\":\"https:\/\/www.artestar.eu\/fr\/de-gros\/aventurine-vert-pendentif-pierre-fil-cuivre-enveloppe\/#breadcrumb\"},\"inLanguage\":\"fr-FR\",\"potentialAction\":[{\"@type\":\"ReadAction\",\"target\":[\"https:\/\/www.artestar.eu\/fr\/de-gros\/aventurine-vert-pendentif-pierre-fil-cuivre-enveloppe\/\"]}]},{\"@type\":\"BreadcrumbList\",\"@id\":\"https:\/\/www.artestar.eu\/fr\/de-gros\/aventurine-vert-pendentif-pierre-fil-cuivre-enveloppe\/#breadcrumb\",\"itemListElement\":[{\"@type\":\"ListItem\",\"position\":1,\"name\":\"Artestar\",\"item\":\"https:\/\/www.artestar.eu\/fr\/\"},{\"@type\":\"ListItem\",\"position\":2,\"name\":\"De gros\",\"item\":\"https:\/\/www.artestar.eu\/fr\/de-gros\/\"},{\"@type\":\"ListItem\",\"position\":3,\"name\":\"Fil de cuivre envelopp\u00e9 de pierre suspendue vert aventurine\"}]},{\"@type\":\"WebSite\",\"@id\":\"https:\/\/www.artestar.eu\/fr\/#website\",\"url\":\"https:\/\/www.artestar.eu\/fr\/\",\"name\":\"Artestar\",\"description\":\"Mayorista en abalorios y joyer\u00eda\",\"publisher\":{\"@id\":\"https:\/\/www.artestar.eu\/fr\/#organization\"},\"alternateName\":\"Artestar-EU\",\"potentialAction\":[{\"@type\":\"SearchAction\",\"target\":{\"@type\":\"EntryPoint\",\"urlTemplate\":\"https:\/\/www.artestar.eu\/fr\/?s={search_term_string}\"},\"query-input\":\"required name=search_term_string\"}],\"inLanguage\":\"fr-FR\"},{\"@type\":[\"Organization\",\"Place\"],\"@id\":\"https:\/\/www.artestar.eu\/fr\/#organization\",\"name\":\"RUBY ABALORIO S.L.\",\"alternateName\":\"Artestar\",\"url\":\"https:\/\/www.artestar.eu\/fr\/\",\"logo\":{\"@id\":\"https:\/\/www.artestar.eu\/fr\/de-gros\/aventurine-vert-pendentif-pierre-fil-cuivre-enveloppe\/#local-main-organization-logo\"},\"image\":{\"@id\":\"https:\/\/www.artestar.eu\/fr\/de-gros\/aventurine-vert-pendentif-pierre-fil-cuivre-enveloppe\/#local-main-organization-logo\"},\"sameAs\":[\"https:\/\/www.facebook.com\/ARTESTAREU\",\"https:\/\/www.instagram.com\/artestareu\/\",\"https:\/\/www.pinterest.es\/artestar_eu\/\",\"https:\/\/www.tiktok.com\/@artestar_wholesale\"],\"openingHoursSpecification\":[{\"@type\":\"OpeningHoursSpecification\",\"dayOfWeek\":[\"Monday\",\"Tuesday\",\"Wednesday\",\"Thursday\",\"Friday\",\"Saturday\",\"Sunday\"],\"opens\":\"09:00\",\"closes\":\"17:00\"}]},{\"@type\":\"ImageObject\",\"inLanguage\":\"fr-FR\",\"@id\":\"https:\/\/www.artestar.eu\/fr\/de-gros\/aventurine-vert-pendentif-pierre-fil-cuivre-enveloppe\/#local-main-organization-logo\",\"url\":\"https:\/\/www.artestar.eu\/wp-content\/uploads\/2023\/05\/cropped-png.png\",\"contentUrl\":\"https:\/\/www.artestar.eu\/wp-content\/uploads\/2023\/05\/cropped-png.png\",\"width\":512,\"height\":512,\"caption\":\"RUBY ABALORIO S.L.\"}]}<\/script>\n<meta property=\"product:price:amount\" content=\"0.64\" \/>\n<meta property=\"product:price:currency\" content=\"EUR\" \/>\n<meta property=\"og:availability\" content=\"instock\" \/>\n<meta property=\"product:availability\" content=\"instock\" \/>\n<meta property=\"product:retailer_item_id\" content=\"BS-GZ-RX-0012\" \/>\n<meta property=\"product:condition\" content=\"new\" \/>\n<!-- \/ Yoast SEO Premium plugin. -->","yoast_head_json":{"title":"Fil de cuivre envelopp\u00e9 de pierre suspendue vert aventurine - Artestar","robots":{"index":"index","follow":"follow","max-snippet":"max-snippet:-1","max-image-preview":"max-image-preview:large","max-video-preview":"max-video-preview:-1"},"canonical":"https:\/\/www.artestar.eu\/fr\/de-gros\/aventurine-vert-pendentif-pierre-fil-cuivre-enveloppe\/","og_locale":"fr_FR","og_type":"article","og_title":"Fil de cuivre envelopp\u00e9 de pierre suspendue vert aventurine","og_description":"Quantit\u00e9: 1pcs.  Taille: env. 21 ~ 32 x 18 ~ 27 x 16 ~ 23 mm, trou: env. \u2205 4~6 mm  Parce qu\u2019il s\u2019agit d\u2019une pierre naturelle, les formes et les tailles peuvent varier. Les dimensions sont fournies \u00e0 titre indicatif uniquement.","og_url":"https:\/\/www.artestar.eu\/fr\/de-gros\/aventurine-vert-pendentif-pierre-fil-cuivre-enveloppe\/","og_site_name":"Artestar","article_publisher":"https:\/\/www.facebook.com\/ARTESTAREU","og_image":[{"width":600,"height":600,"url":"https:\/\/www.artestar.eu\/wp-content\/uploads\/2023\/09\/natural-semi-precious-gemstone-pendants-gold-copper-wire-wrapped-gree-aventurine.jpg","type":"image\/jpeg"}],"twitter_card":"summary_large_image","twitter_misc":{"Prix":"0,64&nbsp;&euro; (TVA NON incluse)","Availability":"En stock"},"schema":{"@context":"https:\/\/schema.org","@graph":[{"@type":"WebPage","@id":"https:\/\/www.artestar.eu\/fr\/de-gros\/aventurine-vert-pendentif-pierre-fil-cuivre-enveloppe\/","url":"https:\/\/www.artestar.eu\/fr\/de-gros\/aventurine-vert-pendentif-pierre-fil-cuivre-enveloppe\/","name":"Fil de cuivre envelopp\u00e9 de pierre suspendue vert aventurine - Artestar","isPartOf":{"@id":"https:\/\/www.artestar.eu\/fr\/#website"},"datePublished":"2023-09-06T09:22:20+00:00","dateModified":"2023-09-06T09:22:20+00:00","breadcrumb":{"@id":"https:\/\/www.artestar.eu\/fr\/de-gros\/aventurine-vert-pendentif-pierre-fil-cuivre-enveloppe\/#breadcrumb"},"inLanguage":"fr-FR","potentialAction":[{"@type":"ReadAction","target":["https:\/\/www.artestar.eu\/fr\/de-gros\/aventurine-vert-pendentif-pierre-fil-cuivre-enveloppe\/"]}]},{"@type":"BreadcrumbList","@id":"https:\/\/www.artestar.eu\/fr\/de-gros\/aventurine-vert-pendentif-pierre-fil-cuivre-enveloppe\/#breadcrumb","itemListElement":[{"@type":"ListItem","position":1,"name":"Artestar","item":"https:\/\/www.artestar.eu\/fr\/"},{"@type":"ListItem","position":2,"name":"De gros","item":"https:\/\/www.artestar.eu\/fr\/de-gros\/"},{"@type":"ListItem","position":3,"name":"Fil de cuivre envelopp\u00e9 de pierre suspendue vert aventurine"}]},{"@type":"WebSite","@id":"https:\/\/www.artestar.eu\/fr\/#website","url":"https:\/\/www.artestar.eu\/fr\/","name":"Artestar","description":"Mayorista en abalorios y joyer\u00eda","publisher":{"@id":"https:\/\/www.artestar.eu\/fr\/#organization"},"alternateName":"Artestar-EU","potentialAction":[{"@type":"SearchAction","target":{"@type":"EntryPoint","urlTemplate":"https:\/\/www.artestar.eu\/fr\/?s={search_term_string}"},"query-input":"required name=search_term_string"}],"inLanguage":"fr-FR"},{"@type":["Organization","Place"],"@id":"https:\/\/www.artestar.eu\/fr\/#organization","name":"RUBY ABALORIO S.L.","alternateName":"Artestar","url":"https:\/\/www.artestar.eu\/fr\/","logo":{"@id":"https:\/\/www.artestar.eu\/fr\/de-gros\/aventurine-vert-pendentif-pierre-fil-cuivre-enveloppe\/#local-main-organization-logo"},"image":{"@id":"https:\/\/www.artestar.eu\/fr\/de-gros\/aventurine-vert-pendentif-pierre-fil-cuivre-enveloppe\/#local-main-organization-logo"},"sameAs":["https:\/\/www.facebook.com\/ARTESTAREU","https:\/\/www.instagram.com\/artestareu\/","https:\/\/www.pinterest.es\/artestar_eu\/","https:\/\/www.tiktok.com\/@artestar_wholesale"],"openingHoursSpecification":[{"@type":"OpeningHoursSpecification","dayOfWeek":["Monday","Tuesday","Wednesday","Thursday","Friday","Saturday","Sunday"],"opens":"09:00","closes":"17:00"}]},{"@type":"ImageObject","inLanguage":"fr-FR","@id":"https:\/\/www.artestar.eu\/fr\/de-gros\/aventurine-vert-pendentif-pierre-fil-cuivre-enveloppe\/#local-main-organization-logo","url":"https:\/\/www.artestar.eu\/wp-content\/uploads\/2023\/05\/cropped-png.png","contentUrl":"https:\/\/www.artestar.eu\/wp-content\/uploads\/2023\/05\/cropped-png.png","width":512,"height":512,"caption":"RUBY ABALORIO S.L."}]},"product_price_amount":"0.64","product_price_currency":"EUR","og_availability":"instock","product_availability":"instock","product_retailer_item_id":"BS-GZ-RX-0012","product_condition":"new"},"tiered_pricing_type":"fixed","tiered_pricing_fixed_rules":[],"tiered_pricing_percentage_rules":[],"tiered_pricing_minimum":null,"_administrator_tiered_pricing_type":"fixed","_administrator_tiered_pricing_fixed_rules":[],"_editor_tiered_pricing_type":"fixed","_editor_tiered_pricing_fixed_rules":[],"_author_tiered_pricing_type":"fixed","_author_tiered_pricing_fixed_rules":[],"_contributor_tiered_pricing_type":"fixed","_contributor_tiered_pricing_fixed_rules":[],"_subscriber_tiered_pricing_type":"fixed","_subscriber_tiered_pricing_fixed_rules":[],"_wpseo_manager_tiered_pricing_type":"fixed","_wpseo_manager_tiered_pricing_fixed_rules":[],"_wpseo_editor_tiered_pricing_type":"fixed","_wpseo_editor_tiered_pricing_fixed_rules":[],"_customer_tiered_pricing_type":"fixed","_customer_tiered_pricing_fixed_rules":[],"_shop_manager_tiered_pricing_type":"fixed","_shop_manager_tiered_pricing_fixed_rules":[],"_product_manager_tiered_pricing_type":"fixed","_product_manager_tiered_pricing_fixed_rules":[],"_links":{"self":[{"href":"https:\/\/www.artestar.eu\/fr\/wp-json\/wp\/v2\/product\/35030"}],"collection":[{"href":"https:\/\/www.artestar.eu\/fr\/wp-json\/wp\/v2\/product"}],"about":[{"href":"https:\/\/www.artestar.eu\/fr\/wp-json\/wp\/v2\/types\/product"}],"replies":[{"embeddable":true,"href":"https:\/\/www.artestar.eu\/fr\/wp-json\/wp\/v2\/comments?post=35030"}],"version-history":[{"count":0,"href":"https:\/\/www.artestar.eu\/fr\/wp-json\/wp\/v2\/product\/35030\/revisions"}],"wp:featuredmedia":[{"embeddable":true,"href":"https:\/\/www.artestar.eu\/fr\/wp-json\/wp\/v2\/media\/31726"}],"wp:attachment":[{"href":"https:\/\/www.artestar.eu\/fr\/wp-json\/wp\/v2\/media?parent=35030"}],"wp:term":[{"taxonomy":"product_cat","embeddable":true,"href":"https:\/\/www.artestar.eu\/fr\/wp-json\/wp\/v2\/product_cat?post=35030"},{"taxonomy":"product_tag","embeddable":true,"href":"https:\/\/www.artestar.eu\/fr\/wp-json\/wp\/v2\/product_tag?post=35030"}],"curies":[{"name":"wp","href":"https:\/\/api.w.org\/{rel}","templated":true}]}}