{"id":35055,"date":"2023-09-07T08:16:02","date_gmt":"2023-09-07T08:16:02","guid":{"rendered":"https:\/\/www.artestar.eu\/al-por-mayor\/fils-de-polyester-teints-en-segments-03\/"},"modified":"2023-09-07T08:16:02","modified_gmt":"2023-09-07T08:16:02","slug":"segment-a-fil-polyester-03","status":"publish","type":"product","link":"https:\/\/www.artestar.eu\/fr\/de-gros\/segment-a-fil-polyester-03\/","title":{"rendered":"Fils de polyester teints en segments 03"},"content":{"rendered":"<p>Fils de polyester teints en segments<\/p>\n<ul>\n<li>Couleur durable: Les fils de polyester sont faits de fibres de polyester, en utilisant un processus de teinture de haute qualit\u00e9, les fils de polyester sont pleins de couleur et durables. Les couleurs restent vives \u00e0 l\u2019int\u00e9rieur comme \u00e0 l\u2019ext\u00e9rieur.<\/li>\n<li>Praticit\u00e9: Les fils de polyester tress\u00e9s teints sont tr\u00e8s durables, avec une excellente r\u00e9sistance \u00e0 l\u2019abrasion et durabilit\u00e9. De plus, il ne s\u2019emm\u00eale pas, ne se d\u00e9colore pas, est facile \u00e0 utiliser et \u00e0 stocker. Et il convient \u00e0 un large \u00e9ventail d\u2019applications, telles que les v\u00eatements, la d\u00e9coration int\u00e9rieure, l\u2019artisanat et plus encore.<\/li>\n<li>Utilisation polyvalente: Le fil tress\u00e9 de polyester sera id\u00e9al pour votre artisanat. Convient pour les perles de bijoux de fantaisie, l\u2019artisanat de bricolage, le tricot de dentelle, le nouage facile, les bracelets, les colliers, etc.<\/li>\n<li>Facile d\u2019entretien: Le fil de polyester teint segment\u00e9 ne se d\u00e9colore pas ou ne se d\u00e9colore pas facilement et peut r\u00e9sister \u00e0 plusieurs lavages et \u00e0 une utilisation quotidienne.<\/li>\n<\/ul>\n<p><img decoding=\"async\" class=\"alignnone size-full wp-image-34175\" src=\"https:\/\/www.artestar.eu\/wp-content\/uploads\/2023\/09\/Segment-dyed-polyester-thread-colors-braided-rope-for-jewelry-making-accessories-003.jpg\" alt=\"Fils de polyester teints en segments\" width=\"600\" height=\"600\" srcset=\"https:\/\/www.artestar.eu\/wp-content\/uploads\/2023\/09\/Segment-dyed-polyester-thread-colors-braided-rope-for-jewelry-making-accessories-003.jpg 600w, https:\/\/www.artestar.eu\/wp-content\/uploads\/2023\/09\/Segment-dyed-polyester-thread-colors-braided-rope-for-jewelry-making-accessories-003-300x300.jpg 300w, https:\/\/www.artestar.eu\/wp-content\/uploads\/2023\/09\/Segment-dyed-polyester-thread-colors-braided-rope-for-jewelry-making-accessories-003-150x150.jpg 150w, https:\/\/www.artestar.eu\/wp-content\/uploads\/2023\/09\/Segment-dyed-polyester-thread-colors-braided-rope-for-jewelry-making-accessories-003-450x450.jpg 450w, https:\/\/www.artestar.eu\/wp-content\/uploads\/2023\/09\/Segment-dyed-polyester-thread-colors-braided-rope-for-jewelry-making-accessories-003-54x54.jpg 54w\" sizes=\"(max-width: 600px) 100vw, 600px\" \/><\/p>\n<h5>Fil tress\u00e9 teint avec segment<\/h5>\n<ul>\n<li>Chaque rouleau de corde tress\u00e9e de couleur arc-en-ciel vient en quantit\u00e9 suffisante et dans une vari\u00e9t\u00e9 de couleurs. Si vous d\u00e9cidez d\u2019utiliser ces fils de polyester pour faire de beaux n\u0153uds chinois. Tisser des filets de r\u00eave, emballer des bouteilles, des cadeaux, etc. Nous croyons que votre artisanat atteindra un nouveau niveau.<\/li>\n<li>Choisissez du fil de polyester teint par segment pour une cr\u00e9ativit\u00e9 sans limite et des produits plus uniques et attrayants.<\/li>\n<li>Remarque: Veuillez autoriser une l\u00e9g\u00e8re erreur due \u00e0 la mesure manuelle.<\/li>\n<\/ul>\n","protected":false},"excerpt":{"rendered":"<ul>\n<li>Quantit\u00e9: 1pcs.<\/li>\n<li>Taille: env. \u22051 mm; Bobine: 54&#215;58 mm; Environ. 80 m\/rouleau.<\/li>\n<li>Cordon tress\u00e9 pour bracelets DIY, collier, accessoires pour la fabrication de bijoux.<\/li>\n<\/ul>\n","protected":false},"featured_media":34222,"comment_status":"open","ping_status":"closed","template":"","meta":[],"product_cat":[2396,2379],"product_tag":[2865,2877,2878,2887,2894,2870,2895,2902],"yoast_head":"<!-- This site is optimized with the Yoast SEO Premium plugin v20.5 (Yoast SEO v21.5) - https:\/\/yoast.com\/wordpress\/plugins\/seo\/ -->\n<title>Fils de polyester teints en segments - Artestar<\/title>\n<meta name=\"description\" content=\"Le fil de polyester teint par segment est compatible avec diff\u00e9rentes perles et accessoires de bijoux. Profitons de cr\u00e9er ensemble.\" \/>\n<meta name=\"robots\" content=\"index, follow, max-snippet:-1, max-image-preview:large, max-video-preview:-1\" \/>\n<link rel=\"canonical\" href=\"https:\/\/www.artestar.eu\/fr\/de-gros\/segment-a-fil-polyester-03\/\" \/>\n<meta property=\"og:locale\" content=\"fr_FR\" \/>\n<meta property=\"og:type\" content=\"article\" \/>\n<meta property=\"og:title\" content=\"Fils de polyester teints en segments 03\" \/>\n<meta property=\"og:description\" content=\"Le fil de polyester teint par segment est compatible avec diff\u00e9rentes perles et accessoires de bijoux. Profitons de cr\u00e9er ensemble.\" \/>\n<meta property=\"og:url\" content=\"https:\/\/www.artestar.eu\/fr\/de-gros\/segment-a-fil-polyester-03\/\" \/>\n<meta property=\"og:site_name\" content=\"Artestar\" \/>\n<meta property=\"article:publisher\" content=\"https:\/\/www.facebook.com\/ARTESTAREU\" \/>\n<meta property=\"og:image\" content=\"https:\/\/www.artestar.eu\/wp-content\/uploads\/2023\/09\/Segment-dyed-polyester-thread-colors-braided-rope-for-jewelry-making-accessories.jpg\" \/>\n\t<meta property=\"og:image:width\" content=\"600\" \/>\n\t<meta property=\"og:image:height\" content=\"600\" \/>\n\t<meta property=\"og:image:type\" content=\"image\/jpeg\" \/>\n<meta name=\"twitter:card\" content=\"summary_large_image\" \/>\n<meta name=\"twitter:label1\" content=\"Prix\" \/>\n\t<meta name=\"twitter:data1\" content=\"0,64&nbsp;&euro; (TVA NON incluse)\" \/>\n\t<meta name=\"twitter:label2\" content=\"Availability\" \/>\n\t<meta name=\"twitter:data2\" content=\"En stock\" \/>\n<script type=\"application\/ld+json\" class=\"yoast-schema-graph\">{\"@context\":\"https:\/\/schema.org\",\"@graph\":[{\"@type\":\"WebPage\",\"@id\":\"https:\/\/www.artestar.eu\/fr\/de-gros\/segment-a-fil-polyester-03\/\",\"url\":\"https:\/\/www.artestar.eu\/fr\/de-gros\/segment-a-fil-polyester-03\/\",\"name\":\"Fils de polyester teints en segments - Artestar\",\"isPartOf\":{\"@id\":\"https:\/\/www.artestar.eu\/fr\/#website\"},\"datePublished\":\"2023-09-07T08:16:02+00:00\",\"dateModified\":\"2023-09-07T08:16:02+00:00\",\"description\":\"Le fil de polyester teint par segment est compatible avec diff\u00e9rentes perles et accessoires de bijoux. Profitons de cr\u00e9er ensemble.\",\"breadcrumb\":{\"@id\":\"https:\/\/www.artestar.eu\/fr\/de-gros\/segment-a-fil-polyester-03\/#breadcrumb\"},\"inLanguage\":\"fr-FR\",\"potentialAction\":[{\"@type\":\"ReadAction\",\"target\":[\"https:\/\/www.artestar.eu\/fr\/de-gros\/segment-a-fil-polyester-03\/\"]}]},{\"@type\":\"BreadcrumbList\",\"@id\":\"https:\/\/www.artestar.eu\/fr\/de-gros\/segment-a-fil-polyester-03\/#breadcrumb\",\"itemListElement\":[{\"@type\":\"ListItem\",\"position\":1,\"name\":\"Artestar\",\"item\":\"https:\/\/www.artestar.eu\/fr\/\"},{\"@type\":\"ListItem\",\"position\":2,\"name\":\"De gros\",\"item\":\"https:\/\/www.artestar.eu\/fr\/de-gros\/\"},{\"@type\":\"ListItem\",\"position\":3,\"name\":\"Fils de polyester teints en segments 03\"}]},{\"@type\":\"WebSite\",\"@id\":\"https:\/\/www.artestar.eu\/fr\/#website\",\"url\":\"https:\/\/www.artestar.eu\/fr\/\",\"name\":\"Artestar\",\"description\":\"Mayorista en abalorios y joyer\u00eda\",\"publisher\":{\"@id\":\"https:\/\/www.artestar.eu\/fr\/#organization\"},\"alternateName\":\"Artestar-EU\",\"potentialAction\":[{\"@type\":\"SearchAction\",\"target\":{\"@type\":\"EntryPoint\",\"urlTemplate\":\"https:\/\/www.artestar.eu\/fr\/?s={search_term_string}\"},\"query-input\":\"required name=search_term_string\"}],\"inLanguage\":\"fr-FR\"},{\"@type\":[\"Organization\",\"Place\"],\"@id\":\"https:\/\/www.artestar.eu\/fr\/#organization\",\"name\":\"RUBY ABALORIO S.L.\",\"alternateName\":\"Artestar\",\"url\":\"https:\/\/www.artestar.eu\/fr\/\",\"logo\":{\"@id\":\"https:\/\/www.artestar.eu\/fr\/de-gros\/segment-a-fil-polyester-03\/#local-main-organization-logo\"},\"image\":{\"@id\":\"https:\/\/www.artestar.eu\/fr\/de-gros\/segment-a-fil-polyester-03\/#local-main-organization-logo\"},\"sameAs\":[\"https:\/\/www.facebook.com\/ARTESTAREU\",\"https:\/\/www.instagram.com\/artestareu\/\",\"https:\/\/www.pinterest.es\/artestar_eu\/\",\"https:\/\/www.tiktok.com\/@artestar_wholesale\"],\"openingHoursSpecification\":[{\"@type\":\"OpeningHoursSpecification\",\"dayOfWeek\":[\"Monday\",\"Tuesday\",\"Wednesday\",\"Thursday\",\"Friday\",\"Saturday\",\"Sunday\"],\"opens\":\"09:00\",\"closes\":\"17:00\"}]},{\"@type\":\"ImageObject\",\"inLanguage\":\"fr-FR\",\"@id\":\"https:\/\/www.artestar.eu\/fr\/de-gros\/segment-a-fil-polyester-03\/#local-main-organization-logo\",\"url\":\"https:\/\/www.artestar.eu\/wp-content\/uploads\/2023\/05\/cropped-png.png\",\"contentUrl\":\"https:\/\/www.artestar.eu\/wp-content\/uploads\/2023\/05\/cropped-png.png\",\"width\":512,\"height\":512,\"caption\":\"RUBY ABALORIO S.L.\"}]}<\/script>\n<meta property=\"product:price:amount\" content=\"0.64\" \/>\n<meta property=\"product:price:currency\" content=\"EUR\" \/>\n<meta property=\"og:availability\" content=\"instock\" \/>\n<meta property=\"product:availability\" content=\"instock\" \/>\n<meta property=\"product:retailer_item_id\" content=\"XS-CS-DL0003\" \/>\n<meta property=\"product:condition\" content=\"new\" \/>\n<!-- \/ Yoast SEO Premium plugin. -->","yoast_head_json":{"title":"Fils de polyester teints en segments - Artestar","description":"Le fil de polyester teint par segment est compatible avec diff\u00e9rentes perles et accessoires de bijoux. Profitons de cr\u00e9er ensemble.","robots":{"index":"index","follow":"follow","max-snippet":"max-snippet:-1","max-image-preview":"max-image-preview:large","max-video-preview":"max-video-preview:-1"},"canonical":"https:\/\/www.artestar.eu\/fr\/de-gros\/segment-a-fil-polyester-03\/","og_locale":"fr_FR","og_type":"article","og_title":"Fils de polyester teints en segments 03","og_description":"Le fil de polyester teint par segment est compatible avec diff\u00e9rentes perles et accessoires de bijoux. Profitons de cr\u00e9er ensemble.","og_url":"https:\/\/www.artestar.eu\/fr\/de-gros\/segment-a-fil-polyester-03\/","og_site_name":"Artestar","article_publisher":"https:\/\/www.facebook.com\/ARTESTAREU","og_image":[{"width":600,"height":600,"url":"https:\/\/www.artestar.eu\/wp-content\/uploads\/2023\/09\/Segment-dyed-polyester-thread-colors-braided-rope-for-jewelry-making-accessories.jpg","type":"image\/jpeg"}],"twitter_card":"summary_large_image","twitter_misc":{"Prix":"0,64&nbsp;&euro; (TVA NON incluse)","Availability":"En stock"},"schema":{"@context":"https:\/\/schema.org","@graph":[{"@type":"WebPage","@id":"https:\/\/www.artestar.eu\/fr\/de-gros\/segment-a-fil-polyester-03\/","url":"https:\/\/www.artestar.eu\/fr\/de-gros\/segment-a-fil-polyester-03\/","name":"Fils de polyester teints en segments - Artestar","isPartOf":{"@id":"https:\/\/www.artestar.eu\/fr\/#website"},"datePublished":"2023-09-07T08:16:02+00:00","dateModified":"2023-09-07T08:16:02+00:00","description":"Le fil de polyester teint par segment est compatible avec diff\u00e9rentes perles et accessoires de bijoux. Profitons de cr\u00e9er ensemble.","breadcrumb":{"@id":"https:\/\/www.artestar.eu\/fr\/de-gros\/segment-a-fil-polyester-03\/#breadcrumb"},"inLanguage":"fr-FR","potentialAction":[{"@type":"ReadAction","target":["https:\/\/www.artestar.eu\/fr\/de-gros\/segment-a-fil-polyester-03\/"]}]},{"@type":"BreadcrumbList","@id":"https:\/\/www.artestar.eu\/fr\/de-gros\/segment-a-fil-polyester-03\/#breadcrumb","itemListElement":[{"@type":"ListItem","position":1,"name":"Artestar","item":"https:\/\/www.artestar.eu\/fr\/"},{"@type":"ListItem","position":2,"name":"De gros","item":"https:\/\/www.artestar.eu\/fr\/de-gros\/"},{"@type":"ListItem","position":3,"name":"Fils de polyester teints en segments 03"}]},{"@type":"WebSite","@id":"https:\/\/www.artestar.eu\/fr\/#website","url":"https:\/\/www.artestar.eu\/fr\/","name":"Artestar","description":"Mayorista en abalorios y joyer\u00eda","publisher":{"@id":"https:\/\/www.artestar.eu\/fr\/#organization"},"alternateName":"Artestar-EU","potentialAction":[{"@type":"SearchAction","target":{"@type":"EntryPoint","urlTemplate":"https:\/\/www.artestar.eu\/fr\/?s={search_term_string}"},"query-input":"required name=search_term_string"}],"inLanguage":"fr-FR"},{"@type":["Organization","Place"],"@id":"https:\/\/www.artestar.eu\/fr\/#organization","name":"RUBY ABALORIO S.L.","alternateName":"Artestar","url":"https:\/\/www.artestar.eu\/fr\/","logo":{"@id":"https:\/\/www.artestar.eu\/fr\/de-gros\/segment-a-fil-polyester-03\/#local-main-organization-logo"},"image":{"@id":"https:\/\/www.artestar.eu\/fr\/de-gros\/segment-a-fil-polyester-03\/#local-main-organization-logo"},"sameAs":["https:\/\/www.facebook.com\/ARTESTAREU","https:\/\/www.instagram.com\/artestareu\/","https:\/\/www.pinterest.es\/artestar_eu\/","https:\/\/www.tiktok.com\/@artestar_wholesale"],"openingHoursSpecification":[{"@type":"OpeningHoursSpecification","dayOfWeek":["Monday","Tuesday","Wednesday","Thursday","Friday","Saturday","Sunday"],"opens":"09:00","closes":"17:00"}]},{"@type":"ImageObject","inLanguage":"fr-FR","@id":"https:\/\/www.artestar.eu\/fr\/de-gros\/segment-a-fil-polyester-03\/#local-main-organization-logo","url":"https:\/\/www.artestar.eu\/wp-content\/uploads\/2023\/05\/cropped-png.png","contentUrl":"https:\/\/www.artestar.eu\/wp-content\/uploads\/2023\/05\/cropped-png.png","width":512,"height":512,"caption":"RUBY ABALORIO S.L."}]},"product_price_amount":"0.64","product_price_currency":"EUR","og_availability":"instock","product_availability":"instock","product_retailer_item_id":"XS-CS-DL0003","product_condition":"new"},"tiered_pricing_type":"fixed","tiered_pricing_fixed_rules":[],"tiered_pricing_percentage_rules":[],"tiered_pricing_minimum":null,"_administrator_tiered_pricing_type":"fixed","_administrator_tiered_pricing_fixed_rules":[],"_editor_tiered_pricing_type":"fixed","_editor_tiered_pricing_fixed_rules":[],"_author_tiered_pricing_type":"fixed","_author_tiered_pricing_fixed_rules":[],"_contributor_tiered_pricing_type":"fixed","_contributor_tiered_pricing_fixed_rules":[],"_subscriber_tiered_pricing_type":"fixed","_subscriber_tiered_pricing_fixed_rules":[],"_wpseo_manager_tiered_pricing_type":"fixed","_wpseo_manager_tiered_pricing_fixed_rules":[],"_wpseo_editor_tiered_pricing_type":"fixed","_wpseo_editor_tiered_pricing_fixed_rules":[],"_customer_tiered_pricing_type":"fixed","_customer_tiered_pricing_fixed_rules":[],"_shop_manager_tiered_pricing_type":"fixed","_shop_manager_tiered_pricing_fixed_rules":[],"_product_manager_tiered_pricing_type":"fixed","_product_manager_tiered_pricing_fixed_rules":[],"_links":{"self":[{"href":"https:\/\/www.artestar.eu\/fr\/wp-json\/wp\/v2\/product\/35055"}],"collection":[{"href":"https:\/\/www.artestar.eu\/fr\/wp-json\/wp\/v2\/product"}],"about":[{"href":"https:\/\/www.artestar.eu\/fr\/wp-json\/wp\/v2\/types\/product"}],"replies":[{"embeddable":true,"href":"https:\/\/www.artestar.eu\/fr\/wp-json\/wp\/v2\/comments?post=35055"}],"version-history":[{"count":0,"href":"https:\/\/www.artestar.eu\/fr\/wp-json\/wp\/v2\/product\/35055\/revisions"}],"wp:featuredmedia":[{"embeddable":true,"href":"https:\/\/www.artestar.eu\/fr\/wp-json\/wp\/v2\/media\/34222"}],"wp:attachment":[{"href":"https:\/\/www.artestar.eu\/fr\/wp-json\/wp\/v2\/media?parent=35055"}],"wp:term":[{"taxonomy":"product_cat","embeddable":true,"href":"https:\/\/www.artestar.eu\/fr\/wp-json\/wp\/v2\/product_cat?post=35055"},{"taxonomy":"product_tag","embeddable":true,"href":"https:\/\/www.artestar.eu\/fr\/wp-json\/wp\/v2\/product_tag?post=35055"}],"curies":[{"name":"wp","href":"https:\/\/api.w.org\/{rel}","templated":true}]}}