{"id":35202,"date":"2023-09-12T07:29:02","date_gmt":"2023-09-12T07:29:02","guid":{"rendered":"https:\/\/www.artestar.eu\/al-por-mayor\/curseur-de-cordon-de-serrage-reglable-au-poignet\/"},"modified":"2023-09-12T07:29:02","modified_gmt":"2023-09-12T07:29:02","slug":"curseur-de-bracelet-cordon-reglable","status":"publish","type":"product","link":"https:\/\/www.artestar.eu\/fr\/de-gros\/curseur-de-bracelet-cordon-reglable\/","title":{"rendered":"Curseur de cordon de serrage r\u00e9glable au poignet"},"content":{"rendered":"<h5>Curseur de cordon de serrage r\u00e9glable au poignet<\/h5>\n<ul>\n<li>Design: Ce bracelet r\u00e9glable est simple et \u00e9l\u00e9gant. Il est disponible dans une vari\u00e9t\u00e9 de couleurs afin que vous puissiez faire votre propre choix. Le bracelet est livr\u00e9 avec deux anneaux de saut connectables<span data-slate-node=\"text\"><br \/>\n  <span class=\"00\" data-slate-leaf=\"true\">. <\/span><br \/>\n<\/span><span data-slate-node=\"text\" data-slate-fragment=\"JTVCJTdCJTIydHlwZSUyMiUzQSUyMnBhcmFncmFwaCUyMiUyQyUyMmNoaWxkcmVuJTIyJTNBJTVCJTdCJTIydGV4dCUyMiUzQSUyMi4lMjAlMjIlMkMlMjJzZW50ZW5jZSUyMiUzQTAlMkMlMjJjaGlsZFNlbnRlbmNlJTIyJTNBMCU3RCUyQyU3QiUyMnRleHQlMjIlM0ElMjJQb3IlMjAlMjIlMkMlMjJzZW50ZW5jZSUyMiUzQTAlMkMlMjJjaGlsZFNlbnRlbmNlJTIyJTNBMSU3RCU1RCU3RCU1RA==\"><br \/>\n  <span class=\"01\" data-slate-leaf=\"true\">Ainsi, <\/span><br \/>\n<\/span> vous pouvez ajouter diverses d\u00e9corations selon vos pr\u00e9f\u00e9rences personnelles et votre cr\u00e9ativit\u00e9 pour cr\u00e9er un bracelet unique!<\/li>\n<li>Mat\u00e9riel: Parce que le bracelet est fait de fibre de polyester robuste, qui peut r\u00e9sister \u00e0 plusieurs lavages et \u00e0 une utilisation quotidienne, a une certaine r\u00e9sistance \u00e0 la traction et \u00e9lasticit\u00e9, et est durable. Parce que la fibre de polyester est teinte avec un processus de teinture de haute qualit\u00e9 et que les fils de polyester sont pleins de couleurs. Le bracelet a des curseurs en alliage, le placage est durable et ne se d\u00e9colore pas facilement.<\/li>\n<li>Utilisation: Ce bracelet semi-fini est facile \u00e0 porter, car il suffit de faire glisser la but\u00e9e le long de la cha\u00eene pour la maintenir en place sur toute la longueur de la cha\u00eene. Ins\u00e9rez deux bagues de connexion pour compl\u00e9ter le bracelet. La longueur du bracelet s\u2019adapte \u00e0 toutes les tailles de poignet et peut \u00eatre ajust\u00e9e en fonction de vos pr\u00e9f\u00e9rences et besoins personnels.<\/li>\n<li>Application: Vous pouvez ajouter diverses perles, perles de pierres semi-pr\u00e9cieuses, perles de cristal, perles et autres ornements des deux c\u00f4t\u00e9s de l\u2019anneau ouvert pour cr\u00e9er un bracelet unique en utilisant votre imagination et votre cr\u00e9ativit\u00e9. C\u2019est un bon choix de cadeau pour votre famille et vos amis \u00e0 l\u2019occasion de la f\u00eate des m\u00e8res, de l\u2019Halloween, de la Saint-Valentin, de No\u00ebl et d\u2019autres jours f\u00e9ri\u00e9s.<\/li>\n<\/ul>\n<p><img decoding=\"async\" class=\"alignnone size-full wp-image-34753\" src=\"https:\/\/www.artestar.eu\/wp-content\/uploads\/2023\/09\/adjustable-nylon-cord-slider-05.jpg\" alt=\"Curseur de cordon de serrage r\u00e9glable au poignet\" width=\"600\" height=\"600\" srcset=\"https:\/\/www.artestar.eu\/wp-content\/uploads\/2023\/09\/adjustable-nylon-cord-slider-05.jpg 600w, https:\/\/www.artestar.eu\/wp-content\/uploads\/2023\/09\/adjustable-nylon-cord-slider-05-300x300.jpg 300w, https:\/\/www.artestar.eu\/wp-content\/uploads\/2023\/09\/adjustable-nylon-cord-slider-05-150x150.jpg 150w, https:\/\/www.artestar.eu\/wp-content\/uploads\/2023\/09\/adjustable-nylon-cord-slider-05-450x450.jpg 450w, https:\/\/www.artestar.eu\/wp-content\/uploads\/2023\/09\/adjustable-nylon-cord-slider-05-54x54.jpg 54w\" sizes=\"(max-width: 600px) 100vw, 600px\" \/><\/p>\n<h5>Curseur de cordon de serrage r\u00e9glable au poignet<\/h5>\n<ul>\n<li>Remarque: Veuillez autoriser une l\u00e9g\u00e8re erreur due \u00e0 la mesure manuelle.<\/li>\n<\/ul>\n","protected":false},"excerpt":{"rendered":"<ul>\n<li>Quantit\u00e9: 1pcs.<\/li>\n<li class=\"a-spacing-mini\"><span class=\"a-list-item\">Taille approximative <\/span>: <span class=\"a-list-item\">200 mm de long, 3 mm d\u2019\u00e9paisseur, trou : 2 mm.<\/span><\/li>\n<li>Il peut \u00eatre utilis\u00e9 avec des perles, des accessoires suspendus, etc. pour fabriquer des bracelets.<\/li>\n<\/ul>\n","protected":false},"featured_media":34761,"comment_status":"open","ping_status":"closed","template":"","meta":[],"product_cat":[1665,2369],"product_tag":[2865,3078,2877,2894,2895],"yoast_head":"<!-- This site is optimized with the Yoast SEO Premium plugin v20.5 (Yoast SEO v21.5) - https:\/\/yoast.com\/wordpress\/plugins\/seo\/ -->\n<title>Curseur de cordon de serrage r\u00e9glable au poignet - Artestar<\/title>\n<meta name=\"description\" content=\"Les curseurs de cordon de serrage de bracelet r\u00e9glables se combinent avec diff\u00e9rentes perles et accessoires pour cr\u00e9er diff\u00e9rents styles de bracelet.\" \/>\n<meta name=\"robots\" content=\"index, follow, max-snippet:-1, max-image-preview:large, max-video-preview:-1\" \/>\n<link rel=\"canonical\" href=\"https:\/\/www.artestar.eu\/fr\/de-gros\/curseur-de-bracelet-cordon-reglable\/\" \/>\n<meta property=\"og:locale\" content=\"fr_FR\" \/>\n<meta property=\"og:type\" content=\"article\" \/>\n<meta property=\"og:title\" content=\"Curseur de cordon de serrage r\u00e9glable au poignet\" \/>\n<meta property=\"og:description\" content=\"Les curseurs de cordon de serrage de bracelet r\u00e9glables se combinent avec diff\u00e9rentes perles et accessoires pour cr\u00e9er diff\u00e9rents styles de bracelet.\" \/>\n<meta property=\"og:url\" content=\"https:\/\/www.artestar.eu\/fr\/de-gros\/curseur-de-bracelet-cordon-reglable\/\" \/>\n<meta property=\"og:site_name\" content=\"Artestar\" \/>\n<meta property=\"article:publisher\" content=\"https:\/\/www.facebook.com\/ARTESTAREU\" \/>\n<meta property=\"og:image\" content=\"https:\/\/www.artestar.eu\/wp-content\/uploads\/2023\/09\/adjustable-nylon-cord-slider.jpg\" \/>\n\t<meta property=\"og:image:width\" content=\"600\" \/>\n\t<meta property=\"og:image:height\" content=\"600\" \/>\n\t<meta property=\"og:image:type\" content=\"image\/jpeg\" \/>\n<meta name=\"twitter:card\" content=\"summary_large_image\" \/>\n<meta name=\"twitter:label1\" content=\"Availability\" \/>\n\t<meta name=\"twitter:data1\" content=\"En stock\" \/>\n<script type=\"application\/ld+json\" class=\"yoast-schema-graph\">{\"@context\":\"https:\/\/schema.org\",\"@graph\":[{\"@type\":\"WebPage\",\"@id\":\"https:\/\/www.artestar.eu\/fr\/de-gros\/curseur-de-bracelet-cordon-reglable\/\",\"url\":\"https:\/\/www.artestar.eu\/fr\/de-gros\/curseur-de-bracelet-cordon-reglable\/\",\"name\":\"Curseur de cordon de serrage r\u00e9glable au poignet - Artestar\",\"isPartOf\":{\"@id\":\"https:\/\/www.artestar.eu\/fr\/#website\"},\"datePublished\":\"2023-09-12T07:29:02+00:00\",\"dateModified\":\"2023-09-12T07:29:02+00:00\",\"description\":\"Les curseurs de cordon de serrage de bracelet r\u00e9glables se combinent avec diff\u00e9rentes perles et accessoires pour cr\u00e9er diff\u00e9rents styles de bracelet.\",\"breadcrumb\":{\"@id\":\"https:\/\/www.artestar.eu\/fr\/de-gros\/curseur-de-bracelet-cordon-reglable\/#breadcrumb\"},\"inLanguage\":\"fr-FR\",\"potentialAction\":[{\"@type\":\"ReadAction\",\"target\":[\"https:\/\/www.artestar.eu\/fr\/de-gros\/curseur-de-bracelet-cordon-reglable\/\"]}]},{\"@type\":\"BreadcrumbList\",\"@id\":\"https:\/\/www.artestar.eu\/fr\/de-gros\/curseur-de-bracelet-cordon-reglable\/#breadcrumb\",\"itemListElement\":[{\"@type\":\"ListItem\",\"position\":1,\"name\":\"Artestar\",\"item\":\"https:\/\/www.artestar.eu\/fr\/\"},{\"@type\":\"ListItem\",\"position\":2,\"name\":\"De gros\",\"item\":\"https:\/\/www.artestar.eu\/fr\/de-gros\/\"},{\"@type\":\"ListItem\",\"position\":3,\"name\":\"Curseur de cordon de serrage r\u00e9glable au poignet\"}]},{\"@type\":\"WebSite\",\"@id\":\"https:\/\/www.artestar.eu\/fr\/#website\",\"url\":\"https:\/\/www.artestar.eu\/fr\/\",\"name\":\"Artestar\",\"description\":\"Mayorista en abalorios y joyer\u00eda\",\"publisher\":{\"@id\":\"https:\/\/www.artestar.eu\/fr\/#organization\"},\"alternateName\":\"Artestar-EU\",\"potentialAction\":[{\"@type\":\"SearchAction\",\"target\":{\"@type\":\"EntryPoint\",\"urlTemplate\":\"https:\/\/www.artestar.eu\/fr\/?s={search_term_string}\"},\"query-input\":\"required name=search_term_string\"}],\"inLanguage\":\"fr-FR\"},{\"@type\":[\"Organization\",\"Place\"],\"@id\":\"https:\/\/www.artestar.eu\/fr\/#organization\",\"name\":\"RUBY ABALORIO S.L.\",\"alternateName\":\"Artestar\",\"url\":\"https:\/\/www.artestar.eu\/fr\/\",\"logo\":{\"@id\":\"https:\/\/www.artestar.eu\/fr\/de-gros\/curseur-de-bracelet-cordon-reglable\/#local-main-organization-logo\"},\"image\":{\"@id\":\"https:\/\/www.artestar.eu\/fr\/de-gros\/curseur-de-bracelet-cordon-reglable\/#local-main-organization-logo\"},\"sameAs\":[\"https:\/\/www.facebook.com\/ARTESTAREU\",\"https:\/\/www.instagram.com\/artestareu\/\",\"https:\/\/www.pinterest.es\/artestar_eu\/\",\"https:\/\/www.tiktok.com\/@artestar_wholesale\"],\"openingHoursSpecification\":[{\"@type\":\"OpeningHoursSpecification\",\"dayOfWeek\":[\"Monday\",\"Tuesday\",\"Wednesday\",\"Thursday\",\"Friday\",\"Saturday\",\"Sunday\"],\"opens\":\"09:00\",\"closes\":\"17:00\"}]},{\"@type\":\"ImageObject\",\"inLanguage\":\"fr-FR\",\"@id\":\"https:\/\/www.artestar.eu\/fr\/de-gros\/curseur-de-bracelet-cordon-reglable\/#local-main-organization-logo\",\"url\":\"https:\/\/www.artestar.eu\/wp-content\/uploads\/2023\/05\/cropped-png.png\",\"contentUrl\":\"https:\/\/www.artestar.eu\/wp-content\/uploads\/2023\/05\/cropped-png.png\",\"width\":512,\"height\":512,\"caption\":\"RUBY ABALORIO S.L.\"}]}<\/script>\n<meta property=\"og:availability\" content=\"instock\" \/>\n<meta property=\"product:availability\" content=\"instock\" \/>\n<meta property=\"product:retailer_item_id\" content=\"BCPSL-CS0001-0012\" \/>\n<meta property=\"product:condition\" content=\"new\" \/>\n<!-- \/ Yoast SEO Premium plugin. -->","yoast_head_json":{"title":"Curseur de cordon de serrage r\u00e9glable au poignet - Artestar","description":"Les curseurs de cordon de serrage de bracelet r\u00e9glables se combinent avec diff\u00e9rentes perles et accessoires pour cr\u00e9er diff\u00e9rents styles de bracelet.","robots":{"index":"index","follow":"follow","max-snippet":"max-snippet:-1","max-image-preview":"max-image-preview:large","max-video-preview":"max-video-preview:-1"},"canonical":"https:\/\/www.artestar.eu\/fr\/de-gros\/curseur-de-bracelet-cordon-reglable\/","og_locale":"fr_FR","og_type":"article","og_title":"Curseur de cordon de serrage r\u00e9glable au poignet","og_description":"Les curseurs de cordon de serrage de bracelet r\u00e9glables se combinent avec diff\u00e9rentes perles et accessoires pour cr\u00e9er diff\u00e9rents styles de bracelet.","og_url":"https:\/\/www.artestar.eu\/fr\/de-gros\/curseur-de-bracelet-cordon-reglable\/","og_site_name":"Artestar","article_publisher":"https:\/\/www.facebook.com\/ARTESTAREU","og_image":[{"width":600,"height":600,"url":"https:\/\/www.artestar.eu\/wp-content\/uploads\/2023\/09\/adjustable-nylon-cord-slider.jpg","type":"image\/jpeg"}],"twitter_card":"summary_large_image","twitter_misc":{"Availability":"En stock"},"schema":{"@context":"https:\/\/schema.org","@graph":[{"@type":"WebPage","@id":"https:\/\/www.artestar.eu\/fr\/de-gros\/curseur-de-bracelet-cordon-reglable\/","url":"https:\/\/www.artestar.eu\/fr\/de-gros\/curseur-de-bracelet-cordon-reglable\/","name":"Curseur de cordon de serrage r\u00e9glable au poignet - Artestar","isPartOf":{"@id":"https:\/\/www.artestar.eu\/fr\/#website"},"datePublished":"2023-09-12T07:29:02+00:00","dateModified":"2023-09-12T07:29:02+00:00","description":"Les curseurs de cordon de serrage de bracelet r\u00e9glables se combinent avec diff\u00e9rentes perles et accessoires pour cr\u00e9er diff\u00e9rents styles de bracelet.","breadcrumb":{"@id":"https:\/\/www.artestar.eu\/fr\/de-gros\/curseur-de-bracelet-cordon-reglable\/#breadcrumb"},"inLanguage":"fr-FR","potentialAction":[{"@type":"ReadAction","target":["https:\/\/www.artestar.eu\/fr\/de-gros\/curseur-de-bracelet-cordon-reglable\/"]}]},{"@type":"BreadcrumbList","@id":"https:\/\/www.artestar.eu\/fr\/de-gros\/curseur-de-bracelet-cordon-reglable\/#breadcrumb","itemListElement":[{"@type":"ListItem","position":1,"name":"Artestar","item":"https:\/\/www.artestar.eu\/fr\/"},{"@type":"ListItem","position":2,"name":"De gros","item":"https:\/\/www.artestar.eu\/fr\/de-gros\/"},{"@type":"ListItem","position":3,"name":"Curseur de cordon de serrage r\u00e9glable au poignet"}]},{"@type":"WebSite","@id":"https:\/\/www.artestar.eu\/fr\/#website","url":"https:\/\/www.artestar.eu\/fr\/","name":"Artestar","description":"Mayorista en abalorios y joyer\u00eda","publisher":{"@id":"https:\/\/www.artestar.eu\/fr\/#organization"},"alternateName":"Artestar-EU","potentialAction":[{"@type":"SearchAction","target":{"@type":"EntryPoint","urlTemplate":"https:\/\/www.artestar.eu\/fr\/?s={search_term_string}"},"query-input":"required name=search_term_string"}],"inLanguage":"fr-FR"},{"@type":["Organization","Place"],"@id":"https:\/\/www.artestar.eu\/fr\/#organization","name":"RUBY ABALORIO S.L.","alternateName":"Artestar","url":"https:\/\/www.artestar.eu\/fr\/","logo":{"@id":"https:\/\/www.artestar.eu\/fr\/de-gros\/curseur-de-bracelet-cordon-reglable\/#local-main-organization-logo"},"image":{"@id":"https:\/\/www.artestar.eu\/fr\/de-gros\/curseur-de-bracelet-cordon-reglable\/#local-main-organization-logo"},"sameAs":["https:\/\/www.facebook.com\/ARTESTAREU","https:\/\/www.instagram.com\/artestareu\/","https:\/\/www.pinterest.es\/artestar_eu\/","https:\/\/www.tiktok.com\/@artestar_wholesale"],"openingHoursSpecification":[{"@type":"OpeningHoursSpecification","dayOfWeek":["Monday","Tuesday","Wednesday","Thursday","Friday","Saturday","Sunday"],"opens":"09:00","closes":"17:00"}]},{"@type":"ImageObject","inLanguage":"fr-FR","@id":"https:\/\/www.artestar.eu\/fr\/de-gros\/curseur-de-bracelet-cordon-reglable\/#local-main-organization-logo","url":"https:\/\/www.artestar.eu\/wp-content\/uploads\/2023\/05\/cropped-png.png","contentUrl":"https:\/\/www.artestar.eu\/wp-content\/uploads\/2023\/05\/cropped-png.png","width":512,"height":512,"caption":"RUBY ABALORIO S.L."}]},"og_availability":"instock","product_availability":"instock","product_retailer_item_id":"BCPSL-CS0001-0012","product_condition":"new"},"tiered_pricing_type":"fixed","tiered_pricing_fixed_rules":[],"tiered_pricing_percentage_rules":[],"tiered_pricing_minimum":null,"_administrator_tiered_pricing_type":"fixed","_administrator_tiered_pricing_fixed_rules":[],"_editor_tiered_pricing_type":"fixed","_editor_tiered_pricing_fixed_rules":[],"_author_tiered_pricing_type":"fixed","_author_tiered_pricing_fixed_rules":[],"_contributor_tiered_pricing_type":"fixed","_contributor_tiered_pricing_fixed_rules":[],"_subscriber_tiered_pricing_type":"fixed","_subscriber_tiered_pricing_fixed_rules":[],"_wpseo_manager_tiered_pricing_type":"fixed","_wpseo_manager_tiered_pricing_fixed_rules":[],"_wpseo_editor_tiered_pricing_type":"fixed","_wpseo_editor_tiered_pricing_fixed_rules":[],"_customer_tiered_pricing_type":"fixed","_customer_tiered_pricing_fixed_rules":[],"_shop_manager_tiered_pricing_type":"fixed","_shop_manager_tiered_pricing_fixed_rules":[],"_product_manager_tiered_pricing_type":"fixed","_product_manager_tiered_pricing_fixed_rules":[],"_links":{"self":[{"href":"https:\/\/www.artestar.eu\/fr\/wp-json\/wp\/v2\/product\/35202"}],"collection":[{"href":"https:\/\/www.artestar.eu\/fr\/wp-json\/wp\/v2\/product"}],"about":[{"href":"https:\/\/www.artestar.eu\/fr\/wp-json\/wp\/v2\/types\/product"}],"replies":[{"embeddable":true,"href":"https:\/\/www.artestar.eu\/fr\/wp-json\/wp\/v2\/comments?post=35202"}],"version-history":[{"count":0,"href":"https:\/\/www.artestar.eu\/fr\/wp-json\/wp\/v2\/product\/35202\/revisions"}],"wp:featuredmedia":[{"embeddable":true,"href":"https:\/\/www.artestar.eu\/fr\/wp-json\/wp\/v2\/media\/34761"}],"wp:attachment":[{"href":"https:\/\/www.artestar.eu\/fr\/wp-json\/wp\/v2\/media?parent=35202"}],"wp:term":[{"taxonomy":"product_cat","embeddable":true,"href":"https:\/\/www.artestar.eu\/fr\/wp-json\/wp\/v2\/product_cat?post=35202"},{"taxonomy":"product_tag","embeddable":true,"href":"https:\/\/www.artestar.eu\/fr\/wp-json\/wp\/v2\/product_tag?post=35202"}],"curies":[{"name":"wp","href":"https:\/\/api.w.org\/{rel}","templated":true}]}}